{"id":449,"date":"2013-10-21T14:14:56","date_gmt":"2013-10-21T12:14:56","guid":{"rendered":"http:\/\/www.meco.lu\/?page_id=449"},"modified":"2025-12-16T10:46:45","modified_gmt":"2025-12-16T08:46:45","slug":"devenir-membre","status":"publish","type":"page","link":"https:\/\/www.meco.lu\/fr\/qui-sommes-nous\/devenir-membre\/","title":{"rendered":"Devenez membre !"},"content":{"rendered":"<section class=\"wpb-content-wrapper\"><div class=\"pf-content\"><p>[vc_row][vc_column css=\u00a0\u00bb.vc_custom_1702990019961{background-color: rgba(114,191,68,0.15) !important;*background-color: rgb(114,191,68) !important;}\u00a0\u00bb][vc_single_image image=\u00a0\u00bb44430&Prime; img_size=\u00a0\u00bb700&#215;365&Prime;][vc_column_text]<\/p>\n<h1><span style=\"color: #72bf44\"><strong>L&rsquo;union fait la force &#8211; devenez membre\u00a0!<\/strong><\/span><\/h1>\n<p>[\/vc_column_text][vc_column_text]<\/p>\n<h2><span style=\"color: #ff0000\"><span style=\"color: #72bf44\"><a style=\"color: #72bf44\" href=\"https:\/\/www.meco.lu\/fr\/qui-sommes-nous\/devenir-membre\/devenir-membre\/\"><span style=\"color: #850101\"><strong>(<\/strong><\/span><strong><span style=\"color: #850101\">Formulaire d&rsquo;adh\u00e9sion)<\/span><\/strong><\/a><\/span><\/span><\/h2>\n<p>[\/vc_column_text][vc_column_text]C\u2019est gr\u00e2ce \u00e0 son ind\u00e9pendance, ses prises de position fond\u00e9es, mais surtout gr\u00e2ce \u00e0 l\u2019engagement de ses membres, que le Mouvement Ecologique est devenu une organisation environnementale dynamique et forte. Faites partie de cette communaut\u00e9 et contribuez \u00e0 rendre le Mouvement Ecologique encore plus fort\u00a0!<\/p>\n<p>Nos objectifs communs : la pr\u00e9servation de nos ressources vitales, des milieux naturels et de la diversit\u00e9 des esp\u00e8ces, la protection du climat, la qualit\u00e9 de vie dans nos quartiers et villages et une plus grande participation des citoyen:nes.<br \/>\nEt ce, dans le cadre d\u2019une \u00e9conomie ne tablant \u00a0pas sur une croissance constante et infinie, mais avant tout dans l\u2019int\u00e9r\u00eat collectif et soucieuse de justice sociale.<\/p>\n<p>En tant que membre de r\u00e9seaux europ\u00e9ens et internationaux, le Mouvement Ecologique est \u00e9galement synonyme de solidarit\u00e9 europ\u00e9enne et mondiale dans le combat pour le climat et la biodiversit\u00e9.<\/p>\n<p><span style=\"color: #72bf44\"><strong>Gr\u00e2ce \u00e0 votre adh\u00e9sion, vous renforcez la voix et l&rsquo;ind\u00e9pendance du Mouvement Ecologique\u00a0<\/strong>!<\/span>[\/vc_column_text][vc_column_text css=\u00a0\u00bb.vc_custom_1765874801553{background-color: rgba(114,191,68,0.25) !important;*background-color: rgb(114,191,68) !important;}\u00a0\u00bb]<span style=\"color: #72bf44\"><strong>Vos avantages<\/strong><\/span><\/p>\n<p>En devenant membre, vous soutenez le Mouvement Ecologique dans ses actions et vous b\u00e9n\u00e9ficiez d&rsquo;avantages concrets :<\/p>\n<ul>\n<li><a href=\"https:\/\/www.meco.lu\/fr\/qui-sommes-nous\/newsletter\/\"><strong>Newsletter d\u2019actualit\u00e9: <\/strong><\/a>Vous recevez une lettre d&rsquo;information hebdomadaire.<\/li>\n<li><strong>Des \u00e9v\u00e9nements stimulants : <\/strong>Vous \u00eates r\u00e9guli\u00e8rement invit\u00e9(e) \u00e0 des conf\u00e9rences, des s\u00e9minaires et des randonn\u00e9es th\u00e9matiques. En tant que membre, vous b\u00e9n\u00e9ficiez de r\u00e9ductions sur les \u00e9v\u00e9nements et publications payants. Profitez \u00e9galement de rencontres conviviales comme l&rsquo;\u00a0\u00ab\u00a0Oekofest\u00a0\u00bb.<\/li>\n<li><strong>Acc\u00e8s \u00e0 la biblioth\u00e8que de l&rsquo;Oekozenter Pafendall :<\/strong> Profitez \u00e9galement gratuitement de la biblioth\u00e8que environnementale \u00ab\u00a0<a href=\"https:\/\/www.oekobib.lu\/fr\/\"><strong><span style=\"color: #99cc00\">Oekobib<\/span><\/strong><\/a>\u00a0\u00bb.<\/li>\n<li><strong>Revue informative : <\/strong>Les membres re\u00e7oivent le magazine \u00ab K\u00e9isecker Info \u00bb (\u00e9dit\u00e9 en all. et lux.) qui contient des informations sur les prises de position actuelles, les conf\u00e9rences, les d\u00e9veloppements et des conseils aux consommateurs.<\/li>\n<\/ul>\n<p><strong><br \/>\nLe site <\/strong><a href=\"https:\/\/www.meco.lu\/fr\/\"><span style=\"color: #72bf44\"><strong>www.meco.lu<\/strong><\/span><\/a><strong> comporte une version allemande, fran\u00e7aise et anglaise, tout comme la newsletter. Vous pouvez vous inscrire \u00e0 la <a href=\"https:\/\/www.meco.lu\/fr\/qui-sommes-nous\/newsletter\/\">newsletter <span style=\"color: #99cc00\">ICI<\/span>. <\/a><\/strong><strong>Une traduction en langue fran\u00e7aise ou anglaise est souvent assur\u00e9e pour les conf\u00e9rences ou s\u00e9minaires<\/strong><strong>. <\/strong>[\/vc_column_text][vc_column_text]<span style=\"color: #72bf44\"><strong>Un engagement actif est encourag\u00e9<\/strong><\/span><\/p>\n<p>Si vous souhaitez en outre participer activement au travail du Mouvement Ecologique, vous pouvez devenir actif dans des groupes de travail ou des sections locales. Envoyez-nous un bref e-mail \u00e0 <span style=\"color: #99cc00\"><a style=\"color: #99cc00\" href=\"mailto:meco@oeko.lu\">meco@oeko.lu<\/a><\/span> et nous prendrons contact avec vous. Le Mouvement Ecologique se r\u00e9jouit de votre participation !<\/p>\n<p>&nbsp;<\/p>\n<p><span style=\"color: #72bf44\"><strong>Pr\u00eat \u00e0 devenir membre ?<\/strong><\/span><\/p>\n<p>L&rsquo;adh\u00e9sion est simple\u00a0:<\/p>\n<ul>\n<li>Remplissez le<a href=\"https:\/\/www.meco.lu\/fr\/qui-sommes-nous\/devenir-membre\/devenir-membre\/\"> <strong><span style=\"color: #72bf44\">formulaire d&rsquo;adh\u00e9sion<\/span> <\/strong><\/a>.<\/li>\n<li>ou versez une <span style=\"color: #72bf44\"><strong>cotisation minimale de 50 \u20ac<\/strong> <\/span>pour une adh\u00e9sion individuelle ou de 75 \u20ac pour une adh\u00e9sion de m\u00e9nage sur l&rsquo;un des comptes : CCP LU16 1111 0392 1729 0000 ou BCEE LU20 0019 1300 1122 4000.<\/li>\n<li>Vous pouvez \u00e9galement utiliser <strong><span style=\"color: #72bf44\">l&rsquo;application Payconiq<\/span> <\/strong>en scannant le QR code avec votre smartphone pour transf\u00e9rer votre cotisation.<\/li>\n<\/ul>\n<p><span style=\"color: #72bf44\"><strong><a href=\"http:\/\/www.meco.lu\/wp-content\/uploads\/2023\/12\/qr-code-cotisatioun-meco.png\"><img loading=\"lazy\" decoding=\"async\" class=\"alignnone wp-image-44407 size-thumbnail\" src=\"http:\/\/www.meco.lu\/wp-content\/uploads\/2023\/12\/qr-code-cotisatioun-meco-150x150.png\" alt=\"\" width=\"150\" height=\"150\" srcset=\"https:\/\/www.meco.lu\/wp-content\/uploads\/2023\/12\/qr-code-cotisatioun-meco-150x150.png 150w, https:\/\/www.meco.lu\/wp-content\/uploads\/2023\/12\/qr-code-cotisatioun-meco-300x300.png 300w, https:\/\/www.meco.lu\/wp-content\/uploads\/2023\/12\/qr-code-cotisatioun-meco-1024x1024.png 1024w, https:\/\/www.meco.lu\/wp-content\/uploads\/2023\/12\/qr-code-cotisatioun-meco-768x768.png 768w, https:\/\/www.meco.lu\/wp-content\/uploads\/2023\/12\/qr-code-cotisatioun-meco-1536x1536.png 1536w, https:\/\/www.meco.lu\/wp-content\/uploads\/2023\/12\/qr-code-cotisatioun-meco-2048x2048.png 2048w, https:\/\/www.meco.lu\/wp-content\/uploads\/2023\/12\/qr-code-cotisatioun-meco-213x213.png 213w, https:\/\/www.meco.lu\/wp-content\/uploads\/2023\/12\/qr-code-cotisatioun-meco-288x288.png 288w\" sizes=\"auto, (max-width: 150px) 100vw, 150px\" \/><\/a><\/strong><\/span><\/p>\n<p>&nbsp;<\/p>\n<p><span style=\"color: #72bf44\"><strong>Vous n&rsquo;\u00eates pas encore s\u00fbr ?<\/strong><\/span><\/p>\n<p>D\u00e9couvrez <span style=\"color: #99cc00\"><a style=\"color: #99cc00\" href=\"https:\/\/www.meco.lu\/fr\/\"><strong>ICI<\/strong><\/a><\/span> les activit\u00e9s du Mouvement Ecologique :[\/vc_column_text][\/vc_column][\/vc_row][vc_row gap=\u00a0\u00bb5&Prime; equal_height=\u00a0\u00bbyes\u00a0\u00bb][vc_column width=\u00a0\u00bb1\/2&Prime; css=\u00a0\u00bb.vc_custom_1702990281481{background-color: rgba(114,191,68,0.15) !important;*background-color: rgb(114,191,68) !important;}\u00a0\u00bb][vc_column_text]<\/p>\n<h2><a href=\"https:\/\/www.meco.lu\/wp-content\/uploads\/2024\/05\/Aktiviteitsbericht_2023_FR.pdf\"><span style=\"color: #72bf44\"><strong>Rapport d&rsquo;activit\u00e9<\/strong><\/span><\/a><\/h2>\n<p>Lisez <a href=\"http:\/\/www.meco.lu\/wp-content\/uploads\/2025\/05\/Aktiviteitsbericht_2024_FR-HP.pdf\"><strong><span style=\"color: #99cc00\">notre dernier rapport d&rsquo;activit\u00e9s<\/span><\/strong><\/a><strong><span style=\"color: #99cc00\">.<\/span><\/strong> Vous y trouverez de nombreuses informations sur nos activit\u00e9s tout au long de l&rsquo;ann\u00e9e.[\/vc_column_text][\/vc_column][vc_column width=\u00a0\u00bb1\/2&Prime; css=\u00a0\u00bb.vc_custom_1702990041270{background-color: rgba(114,191,68,0.15) !important;*background-color: rgb(114,191,68) !important;}\u00a0\u00bb][vc_column_text]<\/p>\n<h2><strong><span style=\"color: #72bf44\">\u00ab\u00a0Road maps\u00a0\u00bb pour les \u00e9lections<\/span><\/strong><\/h2>\n<p>Laissez-vous \u00e9galement inspirer par les \u00ab\u00a0road maps\u00a0\u00bb pour les <a href=\"https:\/\/www.meco.lu\/wp-content\/uploads\/2023\/02\/Brochure-Gemengewalen-2023-Version-fr.pdf\"><strong><span style=\"color: #72bf44\">\u00e9lections communales<\/span> <\/strong><\/a>et <a href=\"https:\/\/www.meco.lu\/wp-content\/uploads\/2023\/03\/Nationalwalen_2023-Francais-Version-Finale.pdf\"><span style=\"color: #72bf44\"><strong>nationales<\/strong><\/span><\/a>.[\/vc_column_text][\/vc_column][\/vc_row][vc_row gap=\u00a0\u00bb5&Prime; equal_height=\u00a0\u00bbyes\u00a0\u00bb][vc_column width=\u00a0\u00bb1\/2&Prime; css=\u00a0\u00bb.vc_custom_1702990093656{background-color: rgba(114,191,68,0.15) !important;*background-color: rgb(114,191,68) !important;}\u00a0\u00bb][vc_column_text]<\/p>\n<h2><a href=\"https:\/\/www.meco.lu\/wp-content\/uploads\/2021\/04\/Principes-de-base-Meco-2021_HP.pdf\"><strong><span style=\"color: #72bf44\">Principes de base<\/span><\/strong><\/a><\/h2>\n<p>D\u00e9couvrez les dix principes qui font partie de l&rsquo;identit\u00e9 du Mouvement Ecologique.[\/vc_column_text][\/vc_column][vc_column width=\u00a0\u00bb1\/2&Prime; css=\u00a0\u00bb.vc_custom_1702990168538{background-color: rgba(114,191,68,0.15) !important;*background-color: rgb(114,191,68) !important;}\u00a0\u00bb][vc_video link=\u00a0\u00bbhttps:\/\/youtu.be\/EDKy6HJph7o\u00a0\u00bb][\/vc_column][\/vc_row]<\/p>\n<\/div><\/section>","protected":false},"excerpt":{"rendered":"<p>[vc_row][vc_column css=\u00a0\u00bb.vc_custom_1702990019961{background-color: rgba(114,191,68,0.15) !important;*background-color: rgb(114,191,68) !important;}\u00a0\u00bb][vc_single_image image=\u00a0\u00bb44430&Prime; img_size=\u00a0\u00bb700&#215;365&Prime;][vc_column_text] L&rsquo;union fait la force &#8211; devenez membre\u00a0! [\/vc_column_text][vc_column_text] (Formulaire d&rsquo;adh\u00e9sion) [\/vc_column_text][vc_column_text]C\u2019est gr\u00e2ce \u00e0 son ind\u00e9pendance, ses prises de position fond\u00e9es, mais surtout gr\u00e2ce \u00e0 l\u2019engagement de ses membres, que le Mouvement Ecologique est devenu une organisation environnementale dynamique et forte. Faites partie de cette communaut\u00e9 et contribuez [&hellip;]<\/p>\n","protected":false},"author":1,"featured_media":0,"parent":188,"menu_order":7,"comment_status":"closed","ping_status":"closed","template":"","meta":{"_acf_changed":false,"footnotes":""},"class_list":["post-449","page","type-page","status-publish","hentry"],"acf":[],"yoast_head":"<!-- This site is optimized with the Yoast SEO plugin v27.2 - https:\/\/yoast.com\/product\/yoast-seo-wordpress\/ -->\n<title>Devenez membre du Mouvement Ecologique<\/title>\n<meta name=\"description\" content=\"Face \u00e0 la crise climatique, \u00e0 la perte dramatique d&#039;esp\u00e8ces animales et v\u00e9g\u00e9tales, \u00e0 la destructions syst\u00e9matique de nos moyens de subsistance etc, des mouvements environnementaux forts sont aujourd&#039;hui plus importants que jamais !\" \/>\n<meta name=\"robots\" content=\"index, follow, max-snippet:-1, max-image-preview:large, max-video-preview:-1\" \/>\n<link rel=\"canonical\" href=\"https:\/\/www.meco.lu\/fr\/qui-sommes-nous\/devenir-membre\/\" \/>\n<meta property=\"og:locale\" content=\"fr_FR\" \/>\n<meta property=\"og:type\" content=\"article\" \/>\n<meta property=\"og:title\" content=\"Devenez membre du Mouvement Ecologique\" \/>\n<meta property=\"og:description\" content=\"Face \u00e0 la crise climatique, \u00e0 la perte dramatique d&#039;esp\u00e8ces animales et v\u00e9g\u00e9tales, \u00e0 la destructions syst\u00e9matique de nos moyens de subsistance etc, des mouvements environnementaux forts sont aujourd&#039;hui plus importants que jamais !\" \/>\n<meta property=\"og:url\" content=\"https:\/\/www.meco.lu\/fr\/qui-sommes-nous\/devenir-membre\/\" \/>\n<meta property=\"og:site_name\" content=\"Mouvement \u00e9cologique\" \/>\n<meta property=\"article:modified_time\" content=\"2025-12-16T08:46:45+00:00\" \/>\n<meta property=\"og:image\" content=\"http:\/\/www.meco.lu\/wp-content\/uploads\/2023\/12\/qr-code-cotisatioun-meco-150x150.png\" \/>\n<meta name=\"twitter:card\" content=\"summary_large_image\" \/>\n<meta name=\"twitter:label1\" content=\"Dur\u00e9e de lecture estim\u00e9e\" \/>\n\t<meta name=\"twitter:data1\" content=\"4 minutes\" \/>\n<script type=\"application\/ld+json\" class=\"yoast-schema-graph\">{\"@context\":\"https:\/\/schema.org\",\"@graph\":[{\"@type\":\"WebPage\",\"@id\":\"https:\/\/www.meco.lu\/fr\/qui-sommes-nous\/devenir-membre\/\",\"url\":\"https:\/\/www.meco.lu\/fr\/qui-sommes-nous\/devenir-membre\/\",\"name\":\"Devenez membre du Mouvement Ecologique\",\"isPartOf\":{\"@id\":\"https:\/\/www.meco.lu\/de\/#website\"},\"primaryImageOfPage\":{\"@id\":\"https:\/\/www.meco.lu\/fr\/qui-sommes-nous\/devenir-membre\/#primaryimage\"},\"image\":{\"@id\":\"https:\/\/www.meco.lu\/fr\/qui-sommes-nous\/devenir-membre\/#primaryimage\"},\"thumbnailUrl\":\"http:\/\/www.meco.lu\/wp-content\/uploads\/2023\/12\/qr-code-cotisatioun-meco-150x150.png\",\"datePublished\":\"2013-10-21T12:14:56+00:00\",\"dateModified\":\"2025-12-16T08:46:45+00:00\",\"description\":\"Face \u00e0 la crise climatique, \u00e0 la perte dramatique d'esp\u00e8ces animales et v\u00e9g\u00e9tales, \u00e0 la destructions syst\u00e9matique de nos moyens de subsistance etc, des mouvements environnementaux forts sont aujourd'hui plus importants que jamais !\",\"breadcrumb\":{\"@id\":\"https:\/\/www.meco.lu\/fr\/qui-sommes-nous\/devenir-membre\/#breadcrumb\"},\"inLanguage\":\"fr-FR\",\"potentialAction\":[{\"@type\":\"ReadAction\",\"target\":[\"https:\/\/www.meco.lu\/fr\/qui-sommes-nous\/devenir-membre\/\"]}]},{\"@type\":\"ImageObject\",\"inLanguage\":\"fr-FR\",\"@id\":\"https:\/\/www.meco.lu\/fr\/qui-sommes-nous\/devenir-membre\/#primaryimage\",\"url\":\"http:\/\/www.meco.lu\/wp-content\/uploads\/2023\/12\/qr-code-cotisatioun-meco-150x150.png\",\"contentUrl\":\"http:\/\/www.meco.lu\/wp-content\/uploads\/2023\/12\/qr-code-cotisatioun-meco-150x150.png\"},{\"@type\":\"BreadcrumbList\",\"@id\":\"https:\/\/www.meco.lu\/fr\/qui-sommes-nous\/devenir-membre\/#breadcrumb\",\"itemListElement\":[{\"@type\":\"ListItem\",\"position\":1,\"name\":\"Home\",\"item\":\"https:\/\/www.meco.lu\/fr\/\"},{\"@type\":\"ListItem\",\"position\":2,\"name\":\"Qui sommes-nous\",\"item\":\"https:\/\/www.meco.lu\/fr\/qui-sommes-nous\/\"},{\"@type\":\"ListItem\",\"position\":3,\"name\":\"Devenez membre !\"}]},{\"@type\":\"WebSite\",\"@id\":\"https:\/\/www.meco.lu\/de\/#website\",\"url\":\"https:\/\/www.meco.lu\/de\/\",\"name\":\"Mouvement \u00e9cologique\",\"description\":\"\",\"potentialAction\":[{\"@type\":\"SearchAction\",\"target\":{\"@type\":\"EntryPoint\",\"urlTemplate\":\"https:\/\/www.meco.lu\/de\/?s={search_term_string}\"},\"query-input\":{\"@type\":\"PropertyValueSpecification\",\"valueRequired\":true,\"valueName\":\"search_term_string\"}}],\"inLanguage\":\"fr-FR\"}]}<\/script>\n<!-- \/ Yoast SEO plugin. -->","yoast_head_json":{"title":"Devenez membre du Mouvement Ecologique","description":"Face \u00e0 la crise climatique, \u00e0 la perte dramatique d'esp\u00e8ces animales et v\u00e9g\u00e9tales, \u00e0 la destructions syst\u00e9matique de nos moyens de subsistance etc, des mouvements environnementaux forts sont aujourd'hui plus importants que jamais !","robots":{"index":"index","follow":"follow","max-snippet":"max-snippet:-1","max-image-preview":"max-image-preview:large","max-video-preview":"max-video-preview:-1"},"canonical":"https:\/\/www.meco.lu\/fr\/qui-sommes-nous\/devenir-membre\/","og_locale":"fr_FR","og_type":"article","og_title":"Devenez membre du Mouvement Ecologique","og_description":"Face \u00e0 la crise climatique, \u00e0 la perte dramatique d'esp\u00e8ces animales et v\u00e9g\u00e9tales, \u00e0 la destructions syst\u00e9matique de nos moyens de subsistance etc, des mouvements environnementaux forts sont aujourd'hui plus importants que jamais !","og_url":"https:\/\/www.meco.lu\/fr\/qui-sommes-nous\/devenir-membre\/","og_site_name":"Mouvement \u00e9cologique","article_modified_time":"2025-12-16T08:46:45+00:00","og_image":[{"url":"http:\/\/www.meco.lu\/wp-content\/uploads\/2023\/12\/qr-code-cotisatioun-meco-150x150.png","type":"","width":"","height":""}],"twitter_card":"summary_large_image","twitter_misc":{"Dur\u00e9e de lecture estim\u00e9e":"4 minutes"},"schema":{"@context":"https:\/\/schema.org","@graph":[{"@type":"WebPage","@id":"https:\/\/www.meco.lu\/fr\/qui-sommes-nous\/devenir-membre\/","url":"https:\/\/www.meco.lu\/fr\/qui-sommes-nous\/devenir-membre\/","name":"Devenez membre du Mouvement Ecologique","isPartOf":{"@id":"https:\/\/www.meco.lu\/de\/#website"},"primaryImageOfPage":{"@id":"https:\/\/www.meco.lu\/fr\/qui-sommes-nous\/devenir-membre\/#primaryimage"},"image":{"@id":"https:\/\/www.meco.lu\/fr\/qui-sommes-nous\/devenir-membre\/#primaryimage"},"thumbnailUrl":"http:\/\/www.meco.lu\/wp-content\/uploads\/2023\/12\/qr-code-cotisatioun-meco-150x150.png","datePublished":"2013-10-21T12:14:56+00:00","dateModified":"2025-12-16T08:46:45+00:00","description":"Face \u00e0 la crise climatique, \u00e0 la perte dramatique d'esp\u00e8ces animales et v\u00e9g\u00e9tales, \u00e0 la destructions syst\u00e9matique de nos moyens de subsistance etc, des mouvements environnementaux forts sont aujourd'hui plus importants que jamais !","breadcrumb":{"@id":"https:\/\/www.meco.lu\/fr\/qui-sommes-nous\/devenir-membre\/#breadcrumb"},"inLanguage":"fr-FR","potentialAction":[{"@type":"ReadAction","target":["https:\/\/www.meco.lu\/fr\/qui-sommes-nous\/devenir-membre\/"]}]},{"@type":"ImageObject","inLanguage":"fr-FR","@id":"https:\/\/www.meco.lu\/fr\/qui-sommes-nous\/devenir-membre\/#primaryimage","url":"http:\/\/www.meco.lu\/wp-content\/uploads\/2023\/12\/qr-code-cotisatioun-meco-150x150.png","contentUrl":"http:\/\/www.meco.lu\/wp-content\/uploads\/2023\/12\/qr-code-cotisatioun-meco-150x150.png"},{"@type":"BreadcrumbList","@id":"https:\/\/www.meco.lu\/fr\/qui-sommes-nous\/devenir-membre\/#breadcrumb","itemListElement":[{"@type":"ListItem","position":1,"name":"Home","item":"https:\/\/www.meco.lu\/fr\/"},{"@type":"ListItem","position":2,"name":"Qui sommes-nous","item":"https:\/\/www.meco.lu\/fr\/qui-sommes-nous\/"},{"@type":"ListItem","position":3,"name":"Devenez membre !"}]},{"@type":"WebSite","@id":"https:\/\/www.meco.lu\/de\/#website","url":"https:\/\/www.meco.lu\/de\/","name":"Mouvement \u00e9cologique","description":"","potentialAction":[{"@type":"SearchAction","target":{"@type":"EntryPoint","urlTemplate":"https:\/\/www.meco.lu\/de\/?s={search_term_string}"},"query-input":{"@type":"PropertyValueSpecification","valueRequired":true,"valueName":"search_term_string"}}],"inLanguage":"fr-FR"}]}},"_links":{"self":[{"href":"https:\/\/www.meco.lu\/fr\/wp-json\/wp\/v2\/pages\/449","targetHints":{"allow":["GET"]}}],"collection":[{"href":"https:\/\/www.meco.lu\/fr\/wp-json\/wp\/v2\/pages"}],"about":[{"href":"https:\/\/www.meco.lu\/fr\/wp-json\/wp\/v2\/types\/page"}],"author":[{"embeddable":true,"href":"https:\/\/www.meco.lu\/fr\/wp-json\/wp\/v2\/users\/1"}],"replies":[{"embeddable":true,"href":"https:\/\/www.meco.lu\/fr\/wp-json\/wp\/v2\/comments?post=449"}],"version-history":[{"count":6,"href":"https:\/\/www.meco.lu\/fr\/wp-json\/wp\/v2\/pages\/449\/revisions"}],"predecessor-version":[{"id":53729,"href":"https:\/\/www.meco.lu\/fr\/wp-json\/wp\/v2\/pages\/449\/revisions\/53729"}],"up":[{"embeddable":true,"href":"https:\/\/www.meco.lu\/fr\/wp-json\/wp\/v2\/pages\/188"}],"wp:attachment":[{"href":"https:\/\/www.meco.lu\/fr\/wp-json\/wp\/v2\/media?parent=449"}],"curies":[{"name":"wp","href":"https:\/\/api.w.org\/{rel}","templated":true}]}}