{"id":35550,"date":"2020-12-11T16:05:12","date_gmt":"2020-12-11T14:05:12","guid":{"rendered":"http:\/\/www.meco.lu\/faq\/"},"modified":"2024-05-21T13:46:35","modified_gmt":"2024-05-21T11:46:35","slug":"faq","status":"publish","type":"page","link":"https:\/\/www.meco.lu\/fr\/faq\/","title":{"rendered":"FAQ"},"content":{"rendered":"<section class=\"wpb-content-wrapper\"><div class=\"pf-content\"><p>[vc_row][vc_column][vc_single_image source=\u00a0\u00bbfeatured_image\u00a0\u00bb img_size=\u00a0\u00bbfull\u00a0\u00bb][\/vc_column][\/vc_row][vc_row][vc_column][vc_column_text]An eiser neier FAQ-Rubrik, w\u00eblle mir Iech Froen, d\u00e9i eis m\u00e9i oft gestallt ginn, opgr\u00e4ifen a be\u00e4ntwerten. Klickt op den Themeber\u00e4ich deen Iech interss\u00e9iert an Dir fannt detaill\u00e9iert \u00c4ntwerten vun eisen Experten mat h\u00ebllefr\u00e4ichen Tipps. Dir hutt nach eng Fro op d\u00e9i mir Iech vl\u00e4it eng \u00c4ntwert k\u00ebnne ginn? Kontakt\u00e9iert eis\u00a0 per Telefon um 439030-1<\/p>\n<p><span dir=\"ltr\">\u00a0<\/span>[\/vc_column_text][\/vc_column][\/vc_row]<\/p>\n<\/div><\/section>","protected":false},"excerpt":{"rendered":"<p>[vc_row][vc_column][vc_single_image source=\u00a0\u00bbfeatured_image\u00a0\u00bb img_size=\u00a0\u00bbfull\u00a0\u00bb][\/vc_column][\/vc_row][vc_row][vc_column][vc_column_text]An eiser neier FAQ-Rubrik, w\u00eblle mir Iech Froen, d\u00e9i eis m\u00e9i oft gestallt ginn, opgr\u00e4ifen a be\u00e4ntwerten. Klickt op den Themeber\u00e4ich deen Iech interss\u00e9iert an Dir fannt detaill\u00e9iert \u00c4ntwerten vun eisen Experten mat h\u00ebllefr\u00e4ichen Tipps. Dir hutt nach eng Fro op d\u00e9i mir Iech vl\u00e4it eng \u00c4ntwert k\u00ebnne ginn? Kontakt\u00e9iert eis\u00a0 per Telefon [&hellip;]<\/p>\n","protected":false},"author":1,"featured_media":35484,"parent":0,"menu_order":37,"comment_status":"closed","ping_status":"closed","template":"template-faq.php","meta":{"_acf_changed":false,"footnotes":""},"class_list":["post-35550","page","type-page","status-publish","has-post-thumbnail","hentry"],"acf":[],"yoast_head":"<!-- This site is optimized with the Yoast SEO plugin v27.2 - https:\/\/yoast.com\/product\/yoast-seo-wordpress\/ -->\n<title>Eng Fro? Eng \u00c4ntwert! FAQs<\/title>\n<meta name=\"robots\" content=\"index, follow, max-snippet:-1, max-image-preview:large, max-video-preview:-1\" \/>\n<link rel=\"canonical\" href=\"https:\/\/www.meco.lu\/de\/faq\/\" \/>\n<meta property=\"og:locale\" content=\"fr_FR\" \/>\n<meta property=\"og:type\" content=\"article\" \/>\n<meta property=\"og:title\" content=\"Eng Fro? Eng \u00c4ntwert! FAQs\" \/>\n<meta property=\"og:description\" content=\"[vc_row][vc_column][vc_single_image source=\u00a0\u00bbfeatured_image\u00a0\u00bb img_size=\u00a0\u00bbfull\u00a0\u00bb][\/vc_column][\/vc_row][vc_row][vc_column][vc_column_text]An eiser neier FAQ-Rubrik, w\u00eblle mir Iech Froen, d\u00e9i eis m\u00e9i oft gestallt ginn, opgr\u00e4ifen a be\u00e4ntwerten. Klickt op den Themeber\u00e4ich deen Iech interss\u00e9iert an Dir fannt detaill\u00e9iert \u00c4ntwerten vun eisen Experten mat h\u00ebllefr\u00e4ichen Tipps. Dir hutt nach eng Fro op d\u00e9i mir Iech vl\u00e4it eng \u00c4ntwert k\u00ebnne ginn? Kontakt\u00e9iert eis\u00a0 per Telefon [&hellip;]\" \/>\n<meta property=\"og:url\" content=\"https:\/\/www.meco.lu\/de\/faq\/\" \/>\n<meta property=\"og:site_name\" content=\"Mouvement \u00e9cologique\" \/>\n<meta property=\"article:modified_time\" content=\"2024-05-21T11:46:35+00:00\" \/>\n<meta property=\"og:image\" content=\"http:\/\/www.meco.lu\/wp-content\/uploads\/2021\/05\/FAQ-header700x365-1.jpg\" \/>\n\t<meta property=\"og:image:width\" content=\"700\" \/>\n\t<meta property=\"og:image:height\" content=\"365\" \/>\n\t<meta property=\"og:image:type\" content=\"image\/jpeg\" \/>\n<meta name=\"twitter:card\" content=\"summary_large_image\" \/>\n<meta name=\"twitter:label1\" content=\"Dur\u00e9e de lecture estim\u00e9e\" \/>\n\t<meta name=\"twitter:data1\" content=\"1 minute\" \/>\n<script type=\"application\/ld+json\" class=\"yoast-schema-graph\">{\"@context\":\"https:\/\/schema.org\",\"@graph\":[{\"@type\":\"WebPage\",\"@id\":\"https:\/\/www.meco.lu\/de\/faq\/\",\"url\":\"https:\/\/www.meco.lu\/de\/faq\/\",\"name\":\"Eng Fro? Eng \u00c4ntwert! FAQs\",\"isPartOf\":{\"@id\":\"https:\/\/www.meco.lu\/de\/#website\"},\"primaryImageOfPage\":{\"@id\":\"https:\/\/www.meco.lu\/de\/faq\/#primaryimage\"},\"image\":{\"@id\":\"https:\/\/www.meco.lu\/de\/faq\/#primaryimage\"},\"thumbnailUrl\":\"https:\/\/www.meco.lu\/wp-content\/uploads\/2021\/05\/FAQ-header700x365-1.jpg\",\"datePublished\":\"2020-12-11T14:05:12+00:00\",\"dateModified\":\"2024-05-21T11:46:35+00:00\",\"breadcrumb\":{\"@id\":\"https:\/\/www.meco.lu\/de\/faq\/#breadcrumb\"},\"inLanguage\":\"fr-FR\",\"potentialAction\":[{\"@type\":\"ReadAction\",\"target\":[\"https:\/\/www.meco.lu\/de\/faq\/\"]}]},{\"@type\":\"ImageObject\",\"inLanguage\":\"fr-FR\",\"@id\":\"https:\/\/www.meco.lu\/de\/faq\/#primaryimage\",\"url\":\"https:\/\/www.meco.lu\/wp-content\/uploads\/2021\/05\/FAQ-header700x365-1.jpg\",\"contentUrl\":\"https:\/\/www.meco.lu\/wp-content\/uploads\/2021\/05\/FAQ-header700x365-1.jpg\",\"width\":700,\"height\":365},{\"@type\":\"BreadcrumbList\",\"@id\":\"https:\/\/www.meco.lu\/de\/faq\/#breadcrumb\",\"itemListElement\":[{\"@type\":\"ListItem\",\"position\":1,\"name\":\"Home\",\"item\":\"https:\/\/www.meco.lu\/fr\/\"},{\"@type\":\"ListItem\",\"position\":2,\"name\":\"FAQ\"}]},{\"@type\":\"WebSite\",\"@id\":\"https:\/\/www.meco.lu\/de\/#website\",\"url\":\"https:\/\/www.meco.lu\/de\/\",\"name\":\"Mouvement \u00e9cologique\",\"description\":\"\",\"potentialAction\":[{\"@type\":\"SearchAction\",\"target\":{\"@type\":\"EntryPoint\",\"urlTemplate\":\"https:\/\/www.meco.lu\/de\/?s={search_term_string}\"},\"query-input\":{\"@type\":\"PropertyValueSpecification\",\"valueRequired\":true,\"valueName\":\"search_term_string\"}}],\"inLanguage\":\"fr-FR\"}]}<\/script>\n<!-- \/ Yoast SEO plugin. -->","yoast_head_json":{"title":"Eng Fro? Eng \u00c4ntwert! FAQs","robots":{"index":"index","follow":"follow","max-snippet":"max-snippet:-1","max-image-preview":"max-image-preview:large","max-video-preview":"max-video-preview:-1"},"canonical":"https:\/\/www.meco.lu\/de\/faq\/","og_locale":"fr_FR","og_type":"article","og_title":"Eng Fro? Eng \u00c4ntwert! FAQs","og_description":"[vc_row][vc_column][vc_single_image source=\u00a0\u00bbfeatured_image\u00a0\u00bb img_size=\u00a0\u00bbfull\u00a0\u00bb][\/vc_column][\/vc_row][vc_row][vc_column][vc_column_text]An eiser neier FAQ-Rubrik, w\u00eblle mir Iech Froen, d\u00e9i eis m\u00e9i oft gestallt ginn, opgr\u00e4ifen a be\u00e4ntwerten. Klickt op den Themeber\u00e4ich deen Iech interss\u00e9iert an Dir fannt detaill\u00e9iert \u00c4ntwerten vun eisen Experten mat h\u00ebllefr\u00e4ichen Tipps. Dir hutt nach eng Fro op d\u00e9i mir Iech vl\u00e4it eng \u00c4ntwert k\u00ebnne ginn? Kontakt\u00e9iert eis\u00a0 per Telefon [&hellip;]","og_url":"https:\/\/www.meco.lu\/de\/faq\/","og_site_name":"Mouvement \u00e9cologique","article_modified_time":"2024-05-21T11:46:35+00:00","og_image":[{"width":700,"height":365,"url":"http:\/\/www.meco.lu\/wp-content\/uploads\/2021\/05\/FAQ-header700x365-1.jpg","type":"image\/jpeg"}],"twitter_card":"summary_large_image","twitter_misc":{"Dur\u00e9e de lecture estim\u00e9e":"1 minute"},"schema":{"@context":"https:\/\/schema.org","@graph":[{"@type":"WebPage","@id":"https:\/\/www.meco.lu\/de\/faq\/","url":"https:\/\/www.meco.lu\/de\/faq\/","name":"Eng Fro? Eng \u00c4ntwert! FAQs","isPartOf":{"@id":"https:\/\/www.meco.lu\/de\/#website"},"primaryImageOfPage":{"@id":"https:\/\/www.meco.lu\/de\/faq\/#primaryimage"},"image":{"@id":"https:\/\/www.meco.lu\/de\/faq\/#primaryimage"},"thumbnailUrl":"https:\/\/www.meco.lu\/wp-content\/uploads\/2021\/05\/FAQ-header700x365-1.jpg","datePublished":"2020-12-11T14:05:12+00:00","dateModified":"2024-05-21T11:46:35+00:00","breadcrumb":{"@id":"https:\/\/www.meco.lu\/de\/faq\/#breadcrumb"},"inLanguage":"fr-FR","potentialAction":[{"@type":"ReadAction","target":["https:\/\/www.meco.lu\/de\/faq\/"]}]},{"@type":"ImageObject","inLanguage":"fr-FR","@id":"https:\/\/www.meco.lu\/de\/faq\/#primaryimage","url":"https:\/\/www.meco.lu\/wp-content\/uploads\/2021\/05\/FAQ-header700x365-1.jpg","contentUrl":"https:\/\/www.meco.lu\/wp-content\/uploads\/2021\/05\/FAQ-header700x365-1.jpg","width":700,"height":365},{"@type":"BreadcrumbList","@id":"https:\/\/www.meco.lu\/de\/faq\/#breadcrumb","itemListElement":[{"@type":"ListItem","position":1,"name":"Home","item":"https:\/\/www.meco.lu\/fr\/"},{"@type":"ListItem","position":2,"name":"FAQ"}]},{"@type":"WebSite","@id":"https:\/\/www.meco.lu\/de\/#website","url":"https:\/\/www.meco.lu\/de\/","name":"Mouvement \u00e9cologique","description":"","potentialAction":[{"@type":"SearchAction","target":{"@type":"EntryPoint","urlTemplate":"https:\/\/www.meco.lu\/de\/?s={search_term_string}"},"query-input":{"@type":"PropertyValueSpecification","valueRequired":true,"valueName":"search_term_string"}}],"inLanguage":"fr-FR"}]}},"_links":{"self":[{"href":"https:\/\/www.meco.lu\/fr\/wp-json\/wp\/v2\/pages\/35550","targetHints":{"allow":["GET"]}}],"collection":[{"href":"https:\/\/www.meco.lu\/fr\/wp-json\/wp\/v2\/pages"}],"about":[{"href":"https:\/\/www.meco.lu\/fr\/wp-json\/wp\/v2\/types\/page"}],"author":[{"embeddable":true,"href":"https:\/\/www.meco.lu\/fr\/wp-json\/wp\/v2\/users\/1"}],"replies":[{"embeddable":true,"href":"https:\/\/www.meco.lu\/fr\/wp-json\/wp\/v2\/comments?post=35550"}],"version-history":[{"count":5,"href":"https:\/\/www.meco.lu\/fr\/wp-json\/wp\/v2\/pages\/35550\/revisions"}],"predecessor-version":[{"id":37530,"href":"https:\/\/www.meco.lu\/fr\/wp-json\/wp\/v2\/pages\/35550\/revisions\/37530"}],"wp:featuredmedia":[{"embeddable":true,"href":"https:\/\/www.meco.lu\/fr\/wp-json\/wp\/v2\/media\/35484"}],"wp:attachment":[{"href":"https:\/\/www.meco.lu\/fr\/wp-json\/wp\/v2\/media?parent=35550"}],"curies":[{"name":"wp","href":"https:\/\/api.w.org\/{rel}","templated":true}]}}