{"id":34484,"date":"2021-03-09T18:00:42","date_gmt":"2021-03-09T16:00:42","guid":{"rendered":"http:\/\/www.meco.lu\/34395-2\/"},"modified":"2021-03-12T15:10:44","modified_gmt":"2021-03-12T13:10:44","slug":"34395-2","status":"publish","type":"page","link":"https:\/\/www.meco.lu\/fr\/34395-2\/","title":{"rendered":"Le Trait\u00e9 sur la charte de l\u2019\u00e9nergie (TCE) est une menace pour le climat! Aidez-nous \u00e0 l&rsquo;arr\u00eater!"},"content":{"rendered":"<section class=\"wpb-content-wrapper\"><div class=\"pf-content\"><p>[vc_row][vc_column][vc_single_image image=\u00a0\u00bb34435&Prime; img_size=\u00a0\u00bbfull\u00a0\u00bb][vc_column_text]<\/p>\n<h1>Le Trait\u00e9 sur la charte de l\u2019\u00e9nergie (TCE) est une menace pour le climat ! Aidez-nous \u00e0 l&rsquo;arr\u00eater!<\/h1>\n<p>[\/vc_column_text][vc_separator color=\u00a0\u00bbcustom\u00a0\u00bb border_width=\u00a0\u00bb3&Prime; accent_color=\u00a0\u00bb#8fb643&Prime;][vc_column_text]<strong>Il y a vingt ans, le Trait\u00e9 de la charte sur l\u2019\u00e9nergie (TCE) \u2013 un accord international conclu entre plus de 50 pays \u2013 est entr\u00e9 en vigueur. Il contient une justice parall\u00e8le ISDS* pour les entreprises et constitue un outil puissant pour bloquer la transition \u00e9nerg\u00e9tique vers les \u00e9nergies renouvelables. Ce trait\u00e9 permet aux entreprises du secteur de l\u2019\u00e9nergie de sanctionner les \u00c9tats si les lois nationales sur la protection du climat sont susceptibles de menacer leurs profits. Ensemble avec plus de 25 organisations \u00e0 travers l\u2019Europe, le Mouvement Ecologique demande au Luxembourg et \u00e0 l\u2019UE de se retirer du trait\u00e9. Aidez nous \u00e0 mettre fin \u00e0 ce trait\u00e9 !<\/strong>[\/vc_column_text][vc_separator color=\u00a0\u00bbcustom\u00a0\u00bb border_width=\u00a0\u00bb3&Prime; accent_color=\u00a0\u00bb#8fb643&Prime;][vc_column_text]<b>\u00c0 la Commission europ\u00e9enne, au Parlement europ\u00e9en et aux gouvernements des \u00e9tats membres : <\/b><\/p>\n<p><b><\/b><b><\/b><b><\/b>Sortez du Trait\u00e9 sur la Charte de l&rsquo;\u00e9nergie et stoppez son expansion \u00e0 de nouveaux pays ! Ce trait\u00e9 permet aux entreprises des secteurs du charbon, du p\u00e9trole et du gaz d\u2019entraver la transition vers un syst\u00e8me \u00e9nerg\u00e9tique propre.<\/p>\n<p>Privez maintenant les groupes d\u2019\u00e9nergie fossile de la possibilit\u00e9 de bloquer les mesures urgentes de lutte contre le changement climatique avec l\u2019aide du Trait\u00e9.[\/vc_column_text][vc_raw_html css=\u00a0\u00bb.vc_custom_1615473153284{border-top-width: 25px !important;padding-top: 25px !important;border-radius: 5px !important;}\u00a0\u00bb]JTNDc2NyaXB0JTIwaWQlM0QlMjJwcm9jYSUyMiUyMHNyYyUzRCUyMmh0dHBzJTNBJTJGJTJGd2lkZ2V0LnByb2NhLmZvdW5kYXRpb24lMkZkJTJGbWVjbyUyRmVjdCUyRmZyJTIyJTNFJTNDJTJGc2NyaXB0JTNFJTBBJTNDZGl2JTIwY2xhc3MlM0QlMjJwcm9jYS13aWRnZXQlMjIlM0UlMEElM0MlMkZkaXYlM0U=[\/vc_raw_html][vc_separator color=\u00a0\u00bbcustom\u00a0\u00bb border_width=\u00a0\u00bb3&Prime; accent_color=\u00a0\u00bb#8fb643&Prime;][vc_column_text]<strong>Quels sont les pays concern\u00e9s ?<\/strong><br \/>\nBeaucoup. L&rsquo;ECT est pleinement applicable dans les pays suivants : Afghanistan, Albanie, Arm\u00e9nie, Autriche, Azerba\u00efdjan, Belgique, Bosnie-Herz\u00e9govine, Bulgarie, Croatie, Chypre, R\u00e9publique tch\u00e8que, Danemark, Estonie, Finlande, France, G\u00e9orgie, Allemagne, Gr\u00e8ce, Hongrie, Islande, Irlande, Japon, Jordanie, Kazakhstan, Kirghizstan, Lettonie, Liechtenstein, Lituanie, Luxembourg, Mac\u00e9doine, Malte, Moldavie, Mongolie, Mont\u00e9n\u00e9gro, Pays-Bas, Pologne, Portugal, Roumanie, Slovaquie, Slov\u00e9nie, Espagne, Su\u00e8de, Suisse, Tadjikistan, Turquie, Turkm\u00e9nistan, Ukraine, Royaume-Uni, Ouzb\u00e9kistan et Y\u00e9men. En tant que membre du TCE \u00e0 part enti\u00e8re, l&rsquo;UE peut \u00e9galement \u00eatre poursuivie dans son ensemble.<\/p>\n<p>Une r\u00e9cente \u00e9tude a r\u00e9v\u00e9l\u00e9 que le Royaume-Uni, l&rsquo;Allemagne, la France, l&rsquo;Italie, le Danemark et les Pays-Bas courent un risque particuli\u00e8rement \u00e9lev\u00e9 d&rsquo;\u00eatre poursuivis en justice dans le cadre du TCE en raison de leurs actions climatiques, car la plupart des \u00e9nergies fossiles prot\u00e9g\u00e9s par le TCE sont situ\u00e9s dans ces pays.<\/p>\n<p><iframe loading=\"lazy\" title=\"The Energy Charter Treaty: How shadow courts could prolong Europe&#039;s fossil age\" width=\"500\" height=\"281\" src=\"https:\/\/www.youtube.com\/embed\/3ViVjWigK2I?feature=oembed\" frameborder=\"0\" allow=\"accelerometer; autoplay; clipboard-write; encrypted-media; gyroscope; picture-in-picture; web-share\" referrerpolicy=\"strict-origin-when-cross-origin\" allowfullscreen><\/iframe><\/p>\n<h5>\u00a0 \u00a0 \u00a0 \u00a0Vid\u00e9o explicative de 2 minutes r\u00e9alis\u00e9e par des journalistes ind\u00e9pendants d&rsquo;Investigate Europe<\/h5>\n<p>&nbsp;<\/p>\n<p><strong>Comment les pays peuvent-ils se retirer du TCE ?<\/strong><br \/>\nQuitter l&rsquo;ECT n&rsquo;est pas difficile. Une fois qu&rsquo;un pays a \u00e9t\u00e9 membre pendant cinq ans, il peut quitter le TCE \u00e0 tout moment par simple notification \u00e9crite. Cela s&rsquo;applique \u00e0 la quasi-totalit\u00e9 des plus de 50 membres du trait\u00e9, y compris l&rsquo;UE et ses \u00c9tats membres. Ils pourraient quitter l&rsquo;ECT imm\u00e9diatement. L&rsquo;Italie l&rsquo;a d\u00e9j\u00e0 fait en 2016. Toutefois, un retrait conjoint de tous les \u00c9tats membres restants de l&rsquo;UE aurait un effet encore plus important.<\/p>\n<p>&nbsp;<\/p>\n<p><a href=\"http:\/\/www.meco.lu\/wp-content\/uploads\/2021\/03\/ectv2_fr_1.jpg\"><img loading=\"lazy\" decoding=\"async\" class=\"alignleft wp-image-34486\" src=\"http:\/\/www.meco.lu\/wp-content\/uploads\/2021\/03\/ectv2_fr_1.jpg\" alt=\"\" width=\"496\" height=\"261\" srcset=\"https:\/\/www.meco.lu\/wp-content\/uploads\/2021\/03\/ectv2_fr_1.jpg 1200w, https:\/\/www.meco.lu\/wp-content\/uploads\/2021\/03\/ectv2_fr_1-300x158.jpg 300w, https:\/\/www.meco.lu\/wp-content\/uploads\/2021\/03\/ectv2_fr_1-1024x538.jpg 1024w, https:\/\/www.meco.lu\/wp-content\/uploads\/2021\/03\/ectv2_fr_1-768x403.jpg 768w, https:\/\/www.meco.lu\/wp-content\/uploads\/2021\/03\/ectv2_fr_1-213x112.jpg 213w\" sizes=\"auto, (max-width: 496px) 100vw, 496px\" \/><\/a><\/p>\n<p>&nbsp;<\/p>\n<p>&nbsp;<\/p>\n<p>&nbsp;<\/p>\n<p>&nbsp;<\/p>\n<p>&nbsp;<\/p>\n<p>&nbsp;<\/p>\n<p>&nbsp;<\/p>\n<p>&nbsp;<\/p>\n<p>&nbsp;<\/p>\n<p>&nbsp;<\/p>\n<p>[\/vc_column_text][vc_column_text]*L\u2019un des principaux points de critique contre TTIP et CETA est le <strong>m\u00e9canisme de r\u00e8glement des diff\u00e9rends entre investisseurs et \u00c9tats<\/strong>\u2013 \u00e9galement appel\u00e9\u00a0<strong>ISDS<\/strong>\u00a0(Investor-state dispute settlement). Ce syst\u00e8me de justice parall\u00e8le permet aux investisseurs et aux soci\u00e9t\u00e9s de poursuivre les \u00c9tats en justice, s\u2019ils estiment que leur marge de profits serait mise cause par des d\u00e9cisions d\u2019Etats, notamment au niveau de la l\u00e9gislation. Les entreprises peuvent ainsi invoquer devant une court de justice des compensations financi\u00e8res substantielles de la part des Etats nationaux, ouevrant en faveur des droits de l\u2019homme et du travail ainsi que des normes environnementales et sociales[\/vc_column_text][\/vc_column][\/vc_row][vc_row][vc_column][\/vc_column][\/vc_row][vc_row][vc_column][\/vc_column][\/vc_row][vc_row][vc_column][\/vc_column][\/vc_row]<\/p>\n<\/div><\/section>","protected":false},"excerpt":{"rendered":"<p>[vc_row][vc_column][vc_single_image image=\u00a0\u00bb34435&Prime; img_size=\u00a0\u00bbfull\u00a0\u00bb][vc_column_text] Le Trait\u00e9 sur la charte de l\u2019\u00e9nergie (TCE) est une menace pour le climat ! Aidez-nous \u00e0 l&rsquo;arr\u00eater! [\/vc_column_text][vc_separator color=\u00a0\u00bbcustom\u00a0\u00bb border_width=\u00a0\u00bb3&Prime; accent_color=\u00a0\u00bb#8fb643&Prime;][vc_column_text]Il y a vingt ans, le Trait\u00e9 de la charte sur l\u2019\u00e9nergie (TCE) \u2013 un accord international conclu entre plus de 50 pays \u2013 est entr\u00e9 en vigueur. Il contient une [&hellip;]<\/p>\n","protected":false},"author":5,"featured_media":34416,"parent":0,"menu_order":28,"comment_status":"closed","ping_status":"closed","template":"","meta":{"_acf_changed":false,"footnotes":""},"class_list":["post-34484","page","type-page","status-publish","has-post-thumbnail","hentry"],"acf":[],"yoast_head":"<!-- This site is optimized with the Yoast SEO plugin v27.2 - https:\/\/yoast.com\/product\/yoast-seo-wordpress\/ -->\n<title>Le Trait\u00e9 sur la charte de l\u2019\u00e9nergie (TCE) est une menace pour le climat! Aidez-nous \u00e0 l&#039;arr\u00eater! - Mouvement \u00e9cologique<\/title>\n<meta name=\"robots\" content=\"index, follow, max-snippet:-1, max-image-preview:large, max-video-preview:-1\" \/>\n<link rel=\"canonical\" href=\"https:\/\/www.meco.lu\/de\/noect\/\" \/>\n<meta property=\"og:locale\" content=\"fr_FR\" \/>\n<meta property=\"og:type\" content=\"article\" \/>\n<meta property=\"og:title\" content=\"Le Trait\u00e9 sur la charte de l\u2019\u00e9nergie (TCE) est une menace pour le climat! Aidez-nous \u00e0 l&#039;arr\u00eater! - Mouvement \u00e9cologique\" \/>\n<meta property=\"og:description\" content=\"[vc_row][vc_column][vc_single_image image=\u00a0\u00bb34435&Prime; img_size=\u00a0\u00bbfull\u00a0\u00bb][vc_column_text] Le Trait\u00e9 sur la charte de l\u2019\u00e9nergie (TCE) est une menace pour le climat ! Aidez-nous \u00e0 l&rsquo;arr\u00eater! [\/vc_column_text][vc_separator color=\u00a0\u00bbcustom\u00a0\u00bb border_width=\u00a0\u00bb3&Prime; accent_color=\u00a0\u00bb#8fb643&Prime;][vc_column_text]Il y a vingt ans, le Trait\u00e9 de la charte sur l\u2019\u00e9nergie (TCE) \u2013 un accord international conclu entre plus de 50 pays \u2013 est entr\u00e9 en vigueur. Il contient une [&hellip;]\" \/>\n<meta property=\"og:url\" content=\"https:\/\/www.meco.lu\/de\/noect\/\" \/>\n<meta property=\"og:site_name\" content=\"Mouvement \u00e9cologique\" \/>\n<meta property=\"article:modified_time\" content=\"2021-03-12T13:10:44+00:00\" \/>\n<meta property=\"og:image\" content=\"https:\/\/www.meco.lu\/wp-content\/uploads\/2021\/03\/Energiechartavertrag-aktion-versionen13-1-1920x1344-1.jpg\" \/>\n\t<meta property=\"og:image:width\" content=\"1920\" \/>\n\t<meta property=\"og:image:height\" content=\"1344\" \/>\n\t<meta property=\"og:image:type\" content=\"image\/jpeg\" \/>\n<meta name=\"twitter:card\" content=\"summary_large_image\" \/>\n<meta name=\"twitter:label1\" content=\"Dur\u00e9e de lecture estim\u00e9e\" \/>\n\t<meta name=\"twitter:data1\" content=\"3 minutes\" \/>\n<script type=\"application\/ld+json\" class=\"yoast-schema-graph\">{\"@context\":\"https:\/\/schema.org\",\"@graph\":[{\"@type\":\"WebPage\",\"@id\":\"https:\/\/www.meco.lu\/de\/noect\/\",\"url\":\"https:\/\/www.meco.lu\/de\/noect\/\",\"name\":\"Le Trait\u00e9 sur la charte de l\u2019\u00e9nergie (TCE) est une menace pour le climat! Aidez-nous \u00e0 l'arr\u00eater! - Mouvement \u00e9cologique\",\"isPartOf\":{\"@id\":\"https:\/\/www.meco.lu\/de\/#website\"},\"primaryImageOfPage\":{\"@id\":\"https:\/\/www.meco.lu\/de\/noect\/#primaryimage\"},\"image\":{\"@id\":\"https:\/\/www.meco.lu\/de\/noect\/#primaryimage\"},\"thumbnailUrl\":\"https:\/\/www.meco.lu\/wp-content\/uploads\/2021\/03\/Energiechartavertrag-aktion-versionen13-1-1920x1344-1.jpg\",\"datePublished\":\"2021-03-09T16:00:42+00:00\",\"dateModified\":\"2021-03-12T13:10:44+00:00\",\"breadcrumb\":{\"@id\":\"https:\/\/www.meco.lu\/de\/noect\/#breadcrumb\"},\"inLanguage\":\"fr-FR\",\"potentialAction\":[{\"@type\":\"ReadAction\",\"target\":[\"https:\/\/www.meco.lu\/de\/noect\/\"]}]},{\"@type\":\"ImageObject\",\"inLanguage\":\"fr-FR\",\"@id\":\"https:\/\/www.meco.lu\/de\/noect\/#primaryimage\",\"url\":\"https:\/\/www.meco.lu\/wp-content\/uploads\/2021\/03\/Energiechartavertrag-aktion-versionen13-1-1920x1344-1.jpg\",\"contentUrl\":\"https:\/\/www.meco.lu\/wp-content\/uploads\/2021\/03\/Energiechartavertrag-aktion-versionen13-1-1920x1344-1.jpg\",\"width\":1920,\"height\":1344},{\"@type\":\"BreadcrumbList\",\"@id\":\"https:\/\/www.meco.lu\/de\/noect\/#breadcrumb\",\"itemListElement\":[{\"@type\":\"ListItem\",\"position\":1,\"name\":\"Home\",\"item\":\"https:\/\/www.meco.lu\/fr\/\"},{\"@type\":\"ListItem\",\"position\":2,\"name\":\"Le Trait\u00e9 sur la charte de l\u2019\u00e9nergie (TCE) est une menace pour le climat! Aidez-nous \u00e0 l&#8217;arr\u00eater!\"}]},{\"@type\":\"WebSite\",\"@id\":\"https:\/\/www.meco.lu\/de\/#website\",\"url\":\"https:\/\/www.meco.lu\/de\/\",\"name\":\"Mouvement \u00e9cologique\",\"description\":\"\",\"potentialAction\":[{\"@type\":\"SearchAction\",\"target\":{\"@type\":\"EntryPoint\",\"urlTemplate\":\"https:\/\/www.meco.lu\/de\/?s={search_term_string}\"},\"query-input\":{\"@type\":\"PropertyValueSpecification\",\"valueRequired\":true,\"valueName\":\"search_term_string\"}}],\"inLanguage\":\"fr-FR\"}]}<\/script>\n<!-- \/ Yoast SEO plugin. -->","yoast_head_json":{"title":"Le Trait\u00e9 sur la charte de l\u2019\u00e9nergie (TCE) est une menace pour le climat! Aidez-nous \u00e0 l'arr\u00eater! - Mouvement \u00e9cologique","robots":{"index":"index","follow":"follow","max-snippet":"max-snippet:-1","max-image-preview":"max-image-preview:large","max-video-preview":"max-video-preview:-1"},"canonical":"https:\/\/www.meco.lu\/de\/noect\/","og_locale":"fr_FR","og_type":"article","og_title":"Le Trait\u00e9 sur la charte de l\u2019\u00e9nergie (TCE) est une menace pour le climat! Aidez-nous \u00e0 l'arr\u00eater! - Mouvement \u00e9cologique","og_description":"[vc_row][vc_column][vc_single_image image=\u00a0\u00bb34435&Prime; img_size=\u00a0\u00bbfull\u00a0\u00bb][vc_column_text] Le Trait\u00e9 sur la charte de l\u2019\u00e9nergie (TCE) est une menace pour le climat ! Aidez-nous \u00e0 l&rsquo;arr\u00eater! [\/vc_column_text][vc_separator color=\u00a0\u00bbcustom\u00a0\u00bb border_width=\u00a0\u00bb3&Prime; accent_color=\u00a0\u00bb#8fb643&Prime;][vc_column_text]Il y a vingt ans, le Trait\u00e9 de la charte sur l\u2019\u00e9nergie (TCE) \u2013 un accord international conclu entre plus de 50 pays \u2013 est entr\u00e9 en vigueur. Il contient une [&hellip;]","og_url":"https:\/\/www.meco.lu\/de\/noect\/","og_site_name":"Mouvement \u00e9cologique","article_modified_time":"2021-03-12T13:10:44+00:00","og_image":[{"width":1920,"height":1344,"url":"https:\/\/www.meco.lu\/wp-content\/uploads\/2021\/03\/Energiechartavertrag-aktion-versionen13-1-1920x1344-1.jpg","type":"image\/jpeg"}],"twitter_card":"summary_large_image","twitter_misc":{"Dur\u00e9e de lecture estim\u00e9e":"3 minutes"},"schema":{"@context":"https:\/\/schema.org","@graph":[{"@type":"WebPage","@id":"https:\/\/www.meco.lu\/de\/noect\/","url":"https:\/\/www.meco.lu\/de\/noect\/","name":"Le Trait\u00e9 sur la charte de l\u2019\u00e9nergie (TCE) est une menace pour le climat! Aidez-nous \u00e0 l'arr\u00eater! - Mouvement \u00e9cologique","isPartOf":{"@id":"https:\/\/www.meco.lu\/de\/#website"},"primaryImageOfPage":{"@id":"https:\/\/www.meco.lu\/de\/noect\/#primaryimage"},"image":{"@id":"https:\/\/www.meco.lu\/de\/noect\/#primaryimage"},"thumbnailUrl":"https:\/\/www.meco.lu\/wp-content\/uploads\/2021\/03\/Energiechartavertrag-aktion-versionen13-1-1920x1344-1.jpg","datePublished":"2021-03-09T16:00:42+00:00","dateModified":"2021-03-12T13:10:44+00:00","breadcrumb":{"@id":"https:\/\/www.meco.lu\/de\/noect\/#breadcrumb"},"inLanguage":"fr-FR","potentialAction":[{"@type":"ReadAction","target":["https:\/\/www.meco.lu\/de\/noect\/"]}]},{"@type":"ImageObject","inLanguage":"fr-FR","@id":"https:\/\/www.meco.lu\/de\/noect\/#primaryimage","url":"https:\/\/www.meco.lu\/wp-content\/uploads\/2021\/03\/Energiechartavertrag-aktion-versionen13-1-1920x1344-1.jpg","contentUrl":"https:\/\/www.meco.lu\/wp-content\/uploads\/2021\/03\/Energiechartavertrag-aktion-versionen13-1-1920x1344-1.jpg","width":1920,"height":1344},{"@type":"BreadcrumbList","@id":"https:\/\/www.meco.lu\/de\/noect\/#breadcrumb","itemListElement":[{"@type":"ListItem","position":1,"name":"Home","item":"https:\/\/www.meco.lu\/fr\/"},{"@type":"ListItem","position":2,"name":"Le Trait\u00e9 sur la charte de l\u2019\u00e9nergie (TCE) est une menace pour le climat! Aidez-nous \u00e0 l&#8217;arr\u00eater!"}]},{"@type":"WebSite","@id":"https:\/\/www.meco.lu\/de\/#website","url":"https:\/\/www.meco.lu\/de\/","name":"Mouvement \u00e9cologique","description":"","potentialAction":[{"@type":"SearchAction","target":{"@type":"EntryPoint","urlTemplate":"https:\/\/www.meco.lu\/de\/?s={search_term_string}"},"query-input":{"@type":"PropertyValueSpecification","valueRequired":true,"valueName":"search_term_string"}}],"inLanguage":"fr-FR"}]}},"_links":{"self":[{"href":"https:\/\/www.meco.lu\/fr\/wp-json\/wp\/v2\/pages\/34484","targetHints":{"allow":["GET"]}}],"collection":[{"href":"https:\/\/www.meco.lu\/fr\/wp-json\/wp\/v2\/pages"}],"about":[{"href":"https:\/\/www.meco.lu\/fr\/wp-json\/wp\/v2\/types\/page"}],"author":[{"embeddable":true,"href":"https:\/\/www.meco.lu\/fr\/wp-json\/wp\/v2\/users\/5"}],"replies":[{"embeddable":true,"href":"https:\/\/www.meco.lu\/fr\/wp-json\/wp\/v2\/comments?post=34484"}],"version-history":[{"count":5,"href":"https:\/\/www.meco.lu\/fr\/wp-json\/wp\/v2\/pages\/34484\/revisions"}],"predecessor-version":[{"id":34504,"href":"https:\/\/www.meco.lu\/fr\/wp-json\/wp\/v2\/pages\/34484\/revisions\/34504"}],"wp:featuredmedia":[{"embeddable":true,"href":"https:\/\/www.meco.lu\/fr\/wp-json\/wp\/v2\/media\/34416"}],"wp:attachment":[{"href":"https:\/\/www.meco.lu\/fr\/wp-json\/wp\/v2\/media?parent=34484"}],"curies":[{"name":"wp","href":"https:\/\/api.w.org\/{rel}","templated":true}]}}