{"id":29904,"date":"2020-04-24T10:20:23","date_gmt":"2020-04-24T08:20:23","guid":{"rendered":"http:\/\/www.meco.lu\/bilanz-no-engem-joer-keisecker\/"},"modified":"2020-05-15T09:31:48","modified_gmt":"2020-05-15T07:31:48","slug":"bilanz-no-engem-joer-keisecker","status":"publish","type":"page","link":"https:\/\/www.meco.lu\/fr\/bilanz-no-engem-joer-keisecker\/","title":{"rendered":"Premier bilan de l\u2019action \u00ab K\u00e9isecker \u00bb \u2013 un an apr\u00e8s son lancement"},"content":{"rendered":"<section class=\"wpb-content-wrapper\"><div class=\"pf-content\"><p>[vc_row][vc_column][vc_column_text]<\/p>\n<h1><strong>Premier bilan de l\u2019action \u00ab\u00a0K\u00e9isecker\u00a0\u00bb \u2013 un an apr\u00e8s son lancement<\/strong><\/h1>\n<p>[\/vc_column_text][\/vc_column][\/vc_row][vc_row][vc_column width=\u00a0\u00bb1\/3&Prime;][vc_single_image image=\u00a0\u00bb29916&Prime; img_size=\u00a0\u00bbfull\u00a0\u00bb onclick=\u00a0\u00bblink_image\u00a0\u00bb][\/vc_column][vc_column width=\u00a0\u00bb2\/3&Prime;][vc_column_text]La bonne nouvelle en premier lieu: oui, le \u00ab\u00a0K\u00e9isecker\u00a0\u00bb est toujours pr\u00e9sente au Luxembourg! Au total, non moins de 165 d\u00e9couvertes de h\u00e9rissons nous ont \u00e9t\u00e9 rapport\u00e9es. De la premi\u00e8re observation \u2013 qui remonte au 8 mars 2019 \u2013 jusqu\u2019\u00e0 la derni\u00e8re d\u00e9couverte en date du 26 octobre 2019, nous avons pu comptabiliser 144 informations exploitables, qui nous sont parvenues ou bien par courriel, ou bien par encodage direct via iNaturalist (dont 40% avec photo \u00e0 l\u2019appui!).\u00a0 Aussi, l\u2018\u00e9volution des observations donne une image fid\u00e8le refl\u00e9tant la p\u00e9riode active du h\u00e9risson tout au long de la saison.<\/p>\n<p>Apr\u00e8s l\u2019hibernation, le h\u00e9risson s\u2019active \u00e0 nouveau. Les mois de mai et de juin sont les plus laborieux. Surtout pour les femelles, qui \u2013 tout au long de la nuit \u2013 partent \u00e0 la recherche de nourriture. A noter que nous n\u2019avons pas pu observer de pic migratoire, qui se produit habituellement en automne, lorsque les h\u00e9rissons \u2013 jeunes et vieux r\u00e9unis \u2013 sont amen\u00e9s \u00e0 trouver un lieu de refuge pour l\u2019hiver, respectivement partent \u00e0 la recherche d\u2019un nouveau territoire. Il serait int\u00e9ressant de poursuivre l\u2019analyse dans le but de savoir si les premi\u00e8res observations ph\u00e9nologiques au printemps, \u00e0 la sortie de la p\u00e9riode d\u2019hibernation, se v\u00e9rifient plus t\u00f4t, ces derni\u00e8res ann\u00e9es, du fait du changement climatique, \u2026\u00a0 et de conna\u00eetre l\u2019\u00e9tat physique des femelles apr\u00e8s l\u2019hiver (sachant qu\u2019un hiver doux suscitant des p\u00e9riodes d\u2019\u00e9veil leur co\u00fbte davantage d\u2019\u00e9nergie qu\u2019un hiver aux temp\u00e9ratures glaciales et au sommeil hivernal continu et reposant!).[\/vc_column_text][\/vc_column][\/vc_row][vc_row][vc_column][vc_column_text]<\/p>\n<h3><strong>Le h\u00e9risson \u2013 victime du trafic routier et du morcellement des paysages<\/strong><\/h3>\n<p>[\/vc_column_text][\/vc_column][\/vc_row][vc_row][vc_column width=\u00a0\u00bb1\/3&Prime;][vc_gallery interval=\u00a0\u00bb3&Prime; images=\u00a0\u00bb29879,29881&Prime;][\/vc_column][vc_column width=\u00a0\u00bb2\/3&Prime;][vc_column_text]26 h\u00e9rissons signal\u00e9s (soit 16%) \u00e9taient malheureusement victimes du trafic routier. Un autre animal s\u2019\u00e9tait fait \u00e9craser par un train.<\/p>\n<p>Plusieurs observations ont \u00e9t\u00e9 faites au niveau de la B7 \u00e0 hauteur de Schieren. Nous devons partir de l\u2019id\u00e9e que ce triste chiffre d\u2019animaux morts est bien plus important, du fait que bon nombre de gens rechignent devant l\u2019id\u00e9e de signaler une telle observation, voire de prendre en photo un pauvre h\u00e9risson \u00e9cras\u00e9 par un engin, ou encore du fait qu\u2019il \u00e9tait tout simplement trop dangereux de prendre une photo, \u00e0 titre de preuve, en ce lieu. En tous les cas, les alertes de h\u00e9rissons aplatis t\u00e9moignent bien \u00e0 quel point le morcellement de cette route \u2013 et d\u2019autres encore \u2013 \u00a0s\u2019av\u00e8re fatal pour le paysage naturel et ses habitants.<\/p>\n<p>Une autre triste nouvelle, preuve photographique \u00e0 l\u2019appui, nous est parvenue depuis le centre du Luxembourg, o\u00f9 un hibou s\u2019est r\u00e9gal\u00e9 de la chair de sa proie, ne se laissant aucunement intimider par le manteau de poils piquants de cet infortun\u00e9 K\u00e9is\u00e9cker.<\/p>\n<p>.<\/p>\n<p>.[\/vc_column_text][\/vc_column][\/vc_row][vc_row][vc_column][vc_column_text]<\/p>\n<h3><strong>Variation des taux de pr\u00e9sence \u00e0 travers le Luxembourg<\/strong><\/h3>\n<p>[\/vc_column_text][\/vc_column][\/vc_row][vc_row][vc_column width=\u00a0\u00bb1\/3&Prime;][vc_single_image image=\u00a0\u00bb29884&Prime; img_size=\u00a0\u00bbfull\u00a0\u00bb onclick=\u00a0\u00bblink_image\u00a0\u00bb][\/vc_column][vc_column width=\u00a0\u00bb2\/3&Prime;][vc_column_text]Gr\u00e2ce aux nombreuses donn\u00e9es collect\u00e9es par les personnes ayant contribu\u00e9 au succ\u00e8s de l\u2019action, une carte tr\u00e8s int\u00e9ressante, identifiant et retra\u00e7ant la pr\u00e9sence du K\u00e9isecker \u00e0 travers le pays, a pu \u00eatre r\u00e9alis\u00e9e en l\u2019espace d\u2019un an. Un fait qui saute imm\u00e9diatement aux yeux est celui qu\u2019il n\u2019y a pas d\u2019observation signal\u00e9e, ni preuve de pr\u00e9sence venant de vall\u00e9es fluviales plus pentues (comme Mamerdall, \u00c4ischdall), ou encore de la r\u00e9gion nord du GDL, l\u2019Oesling.<\/p>\n<p>La pr\u00e9sence du h\u00e9risson nous a principalement \u00e9t\u00e9 signal\u00e9e dans la partie sud-ouest du pays, ainsi que dans la vall\u00e9e de l\u2019Alzette (Uelzechtdall). Or, cela ne nous permet pas de conclure a priori \u00e0 une plus forte pr\u00e9sence du K\u00e9isecker dans les r\u00e9gions pr\u00e9mentionn\u00e9es, qui pourrait simplement r\u00e9soudre d\u2019une plus forte pr\u00e9sence humaine en termes d\u2019habitants ou de fr\u00e9quentation \u00e0 ces endroits. La plupart des observations provenaient des localit\u00e9s Luxembourg, Strassen, Dudelange et Schieren.<\/p>\n<p>Mais comme l\u2019int\u00e9r\u00eat et le nombre de passionn\u00e9s de nature n\u2019est pas le m\u00eame \u00e0 tous les coins du pays, cette r\u00e9partition in\u00e9gale est probablement plut\u00f4t \u00e0 mettre en relation avec la densit\u00e9 de la population, respectivement avec la r\u00e9partition vari\u00e9e des membres engag\u00e9s du Mouvement \u00c9cologique![\/vc_column_text][\/vc_column][\/vc_row][vc_row][vc_column][vc_column_text]<\/p>\n<h3><strong>Menace de disparition du K\u00e9is\u00e9cker dans le paysage ouvert<\/strong><\/h3>\n<p>[\/vc_column_text][\/vc_column][\/vc_row][vc_row][vc_column][vc_column_text]Notre petit ami au manteau de piquants a principalement pu \u00eatre observ\u00e9 en zone urbaine (villages, villes) dans les jardins et autour des habitations (environ 85%)! \u00a0Seulement 12% des h\u00e9rissons ont \u00e9t\u00e9 aper\u00e7us dans le paysage ouvert (champs, pr\u00e9s) et quelques rares sp\u00e9cimens isol\u00e9s ont \u00e9t\u00e9 signal\u00e9s dans les bois). Pour ce qui est plus pr\u00e9cis\u00e9ment des observations faites en zone urbaine, plus de la moiti\u00e9 des pr\u00e9sences signal\u00e9es provenaient de jardins de propri\u00e9taires priv\u00e9s, suivies au 2\u00e8me rang par l\u2019espace routier (notamment aires de parking) et, au 3\u00e8me rang, les parcs publiques (rares cas d\u2018h\u00e9rissons isol\u00e9s). Force est de constater que le paysage ouvert \u2013 en proie \u00e0 une agriculture intensive et une forte utilisation de pesticides, de lisier et d\u2019engrais chimiques \u2013 d\u00e9robe le h\u00e9risson de sa base vitale si essentielle. M\u00eame si les champs et les pr\u00e9s sont encore partiellement flanqu\u00e9s de haies en coulisse, les sources de nourriture en termes d\u2019insectes, de limaces etc., y diminuent fortement, laissant notre petit ami insectivore sur sa faim et r\u00e9duisant ses chances de survie \u00e0 n\u00e9ant. C\u2019est ainsi que les villes et villages ont gagn\u00e9 le r\u00f4le de refuge pour une esp\u00e8ce qui jadis marquait sa pr\u00e9sence \u2013 r\u00e9guli\u00e8re et fr\u00e9quente \u2013 dans le paysage ouvert.[\/vc_column_text][\/vc_column][\/vc_row][vc_row][vc_column][vc_column_text]<\/p>\n<h3><strong>Le K\u00e9is\u00e9cker \u2013 petit animal opportuniste<\/strong><\/h3>\n<p>[\/vc_column_text][\/vc_column][\/vc_row][vc_row][vc_column width=\u00a0\u00bb1\/3&Prime;][vc_gallery interval=\u00a0\u00bb3&Prime; images=\u00a0\u00bb29889,29887&Prime;][\/vc_column][vc_column width=\u00a0\u00bb2\/3&Prime;][vc_column_text]Saisir l\u2019occasion, voil\u00e0 le ma\u00eetre-mot des h\u00e9rissons pris en photo qui, \u00e0 non moins de 12 occasions, se sont d\u00e9lect\u00e9s de la nourriture pour chats, mise \u00e0 disposition \u2013 parfois m\u00eame -dans l\u2019id\u00e9e du \u00ab first come, first served \u00bb.<\/p>\n<p>Il est int\u00e9ressant de souligner que 4 personnes ont confirm\u00e9 et document\u00e9 la pr\u00e9sence d\u2019un h\u00f4te de longue date dans leurs abris \u00e0 h\u00e9risson respectifs.<\/p>\n<p>.[\/vc_column_text][\/vc_column][\/vc_row][vc_row][vc_column width=\u00a0\u00bb1\/3&Prime;][vc_gallery interval=\u00a0\u00bb3&Prime; images=\u00a0\u00bb29893,29895&Prime;][\/vc_column][vc_column width=\u00a0\u00bb2\/3&Prime;][vc_column_text]Les cons\u00e9quences tragiques induites par les \u00ab pi\u00e8ges \u00bb (inconscients) mena\u00e7ant la survie du h\u00e9risson dans le jardin ont elles-aussi \u00e9t\u00e9 signal\u00e9es et document\u00e9es sur iNaturalist.\u00a0 C\u2019est pourquoi nous vous recommandons vivement de profiter de cette p\u00e9riode pour am\u00e9nager votre jardin de mani\u00e8re \u00e0 ce qu\u2019il ne renferme plus aucune source de danger pour le K\u00e9isecker. Car un simple escalier non s\u00e9curis\u00e9, ou encore un \u00e9tang sans \u00ab barri\u00e8re \u00bb protectrice insurmontable, repr\u00e9sentent des dangers mortels qui guettent le h\u00e9risson qui a pris son quartier dans votre jardin!\u00a0 Pensez \u00e0 lui am\u00e9nager un pont sous forme de panneau de bois, qui lui permet de franchir la cage d\u2019escalier et une pente raide infranchissable autour de l\u2019\u00e9tang, qui l\u2019emp\u00eache de se noyer dans l\u2018eau. Si votre jardin est entour\u00e9 d\u2019un grillage (maillage d\u2019acier inoxydable), coupez-y plusieurs trous de 12 x 12 cm qui permettront au h\u00e9risson de se d\u00e9placer plus loin et \u00e0 son aise. Sinon le K\u00e9isecker risque d\u2019\u00eatre pris au pi\u00e8ge (coinc\u00e9 dans le grillage) lors de ses promenades nocturnes.[\/vc_column_text][\/vc_column][\/vc_row][vc_row][vc_column width=\u00a0\u00bb1\/3&Prime;][vc_single_image image=\u00a0\u00bb29897&Prime; alignment=\u00a0\u00bbright\u00a0\u00bb onclick=\u00a0\u00bbcustom_link\u00a0\u00bb link=\u00a0\u00bbhttp:\/\/shop.meco.lu\/produkt\/keisecker-tunnel\/\u00a0\u00bb][\/vc_column][vc_column width=\u00a0\u00bb2\/3&Prime;][vc_column_text]<\/p>\n<h4>Des tunnels sp\u00e9cifiques pour h\u00e9rissons peuvent \u00eatre command\u00e9s aupr\u00e8s du Mouvement \u00c9cologique.\u00a0<a href=\"http:\/\/shop.meco.lu\/produkt\/keisecker-tunnel\/\" target=\"_blank\" rel=\"noopener noreferrer\">(Shop)<\/a><\/h4>\n<p>[\/vc_column_text][\/vc_column][\/vc_row][vc_row][vc_column][vc_column_text]<\/p>\n<h3><strong>L\u2018action K\u00e9is\u00e9cker en 2020: quelles sont les prochaines \u00e9tapes ?<\/strong><\/h3>\n<p>[\/vc_column_text][\/vc_column][\/vc_row][vc_row][vc_column width=\u00a0\u00bb1\/3&Prime;][vc_single_image image=\u00a0\u00bb29899&Prime; alignment=\u00a0\u00bbright\u00a0\u00bb][\/vc_column][vc_column width=\u00a0\u00bb2\/3&Prime;][vc_column_text]La premi\u00e8re observation d\u2019un h\u00e9risson en cette ann\u00e9e 2020 nous a \u00e9t\u00e9 signal\u00e9e le 12 mars dernier. Le signal d\u2019envoi pour une nouvelle \u00e9tape de notre action K\u00e9isecker est ainsi donn\u00e9! Tous les amoureux de la nature et amis des h\u00e9rissons sont relanc\u00e9s et invit\u00e9s \u00e0 nous avertir d\u00e8s lors qu\u2019ils auront d\u00e9couvert ce petit animal sympathique au manteau de piquants. Les informations collect\u00e9es au cours de la deuxi\u00e8me (et derni\u00e8re) ann\u00e9e du projet nous permettront \u2013 esp\u00e9rons-le! \u2013 de compl\u00e9ter les quelques vides qui demeurent sur notre carte d\u2019identification. Et surtout: signalez-nous \u00e9galement les d\u00e9couvertes de sp\u00e9cimens qui ont trouv\u00e9 la mort. Il nous importe de rassembler toutes les donn\u00e9es\/images provenant surtout de ces zones du pays dont nous ne disposons pas encore de preuves d\u2019une pr\u00e9sence des h\u00e9rissons! Le K\u00e9isecker a-t-il vraiment disparu de la r\u00e9gion de l\u2019Oesling? Nous avons pour objectif en 2020 de d\u00e9couvrir si la r\u00e9ponse \u00e0 cette question est oui ou non!<\/p>\n<p><a href=\"https:\/\/www.inaturalist.org\/\" target=\"_blank\" rel=\"noopener noreferrer\">www.inaturalist.org<\/a>[\/vc_column_text][\/vc_column][\/vc_row][vc_row][vc_column][\/vc_column][\/vc_row][vc_row][vc_column][vc_column_text]<\/p>\n<h4><a href=\"http:\/\/naturelo.meco.lu\/fr\/notre-keisecker\/\" target=\"_blank\" rel=\"noopener noreferrer\">Pour plus d\u2019informations sur le projet \u00ab\u00a0K\u00e9is\u00e9ker\u00a0\u00bb cliquez ici<\/a><\/h4>\n<p>[\/vc_column_text][\/vc_column][\/vc_row]<\/p>\n<\/div><\/section>","protected":false},"excerpt":{"rendered":"<p>[vc_row][vc_column][vc_column_text] Premier bilan de l\u2019action \u00ab\u00a0K\u00e9isecker\u00a0\u00bb \u2013 un an apr\u00e8s son lancement [\/vc_column_text][\/vc_column][\/vc_row][vc_row][vc_column width=\u00a0\u00bb1\/3&Prime;][vc_single_image image=\u00a0\u00bb29916&Prime; img_size=\u00a0\u00bbfull\u00a0\u00bb onclick=\u00a0\u00bblink_image\u00a0\u00bb][\/vc_column][vc_column width=\u00a0\u00bb2\/3&Prime;][vc_column_text]La bonne nouvelle en premier lieu: oui, le \u00ab\u00a0K\u00e9isecker\u00a0\u00bb est toujours pr\u00e9sente au Luxembourg! Au total, non moins de 165 d\u00e9couvertes de h\u00e9rissons nous ont \u00e9t\u00e9 rapport\u00e9es. De la premi\u00e8re observation \u2013 qui remonte au 8 mars 2019 [&hellip;]<\/p>\n","protected":false},"author":5,"featured_media":29896,"parent":0,"menu_order":0,"comment_status":"closed","ping_status":"closed","template":"","meta":{"_acf_changed":false,"footnotes":""},"class_list":["post-29904","page","type-page","status-publish","has-post-thumbnail","hentry"],"acf":[],"yoast_head":"<!-- This site is optimized with the Yoast SEO plugin v27.2 - https:\/\/yoast.com\/product\/yoast-seo-wordpress\/ -->\n<title>Premier bilan de l\u2019action \u00ab K\u00e9isecker \u00bb \u2013 un an apr\u00e8s son lancement - Mouvement \u00e9cologique<\/title>\n<meta name=\"robots\" content=\"index, follow, max-snippet:-1, max-image-preview:large, max-video-preview:-1\" \/>\n<link rel=\"canonical\" href=\"https:\/\/www.meco.lu\/fr\/bilanz-no-engem-joer-keisecker\/\" \/>\n<meta property=\"og:locale\" content=\"fr_FR\" \/>\n<meta property=\"og:type\" content=\"article\" \/>\n<meta property=\"og:title\" content=\"Premier bilan de l\u2019action \u00ab K\u00e9isecker \u00bb \u2013 un an apr\u00e8s son lancement - Mouvement \u00e9cologique\" \/>\n<meta property=\"og:description\" content=\"[vc_row][vc_column][vc_column_text] Premier bilan de l\u2019action \u00ab\u00a0K\u00e9isecker\u00a0\u00bb \u2013 un an apr\u00e8s son lancement [\/vc_column_text][\/vc_column][\/vc_row][vc_row][vc_column width=\u00a0\u00bb1\/3&Prime;][vc_single_image image=\u00a0\u00bb29916&Prime; img_size=\u00a0\u00bbfull\u00a0\u00bb onclick=\u00a0\u00bblink_image\u00a0\u00bb][\/vc_column][vc_column width=\u00a0\u00bb2\/3&Prime;][vc_column_text]La bonne nouvelle en premier lieu: oui, le \u00ab\u00a0K\u00e9isecker\u00a0\u00bb est toujours pr\u00e9sente au Luxembourg! Au total, non moins de 165 d\u00e9couvertes de h\u00e9rissons nous ont \u00e9t\u00e9 rapport\u00e9es. De la premi\u00e8re observation \u2013 qui remonte au 8 mars 2019 [&hellip;]\" \/>\n<meta property=\"og:url\" content=\"https:\/\/www.meco.lu\/fr\/bilanz-no-engem-joer-keisecker\/\" \/>\n<meta property=\"og:site_name\" content=\"Mouvement \u00e9cologique\" \/>\n<meta property=\"article:modified_time\" content=\"2020-05-15T07:31:48+00:00\" \/>\n<meta property=\"og:image\" content=\"https:\/\/www.meco.lu\/wp-content\/uploads\/2020\/04\/Zonk-hp.jpg\" \/>\n\t<meta property=\"og:image:width\" content=\"700\" \/>\n\t<meta property=\"og:image:height\" content=\"671\" \/>\n\t<meta property=\"og:image:type\" content=\"image\/jpeg\" \/>\n<meta name=\"twitter:card\" content=\"summary_large_image\" \/>\n<meta name=\"twitter:label1\" content=\"Dur\u00e9e de lecture estim\u00e9e\" \/>\n\t<meta name=\"twitter:data1\" content=\"9 minutes\" \/>\n<script type=\"application\/ld+json\" class=\"yoast-schema-graph\">{\"@context\":\"https:\/\/schema.org\",\"@graph\":[{\"@type\":\"WebPage\",\"@id\":\"https:\/\/www.meco.lu\/fr\/bilanz-no-engem-joer-keisecker\/\",\"url\":\"https:\/\/www.meco.lu\/fr\/bilanz-no-engem-joer-keisecker\/\",\"name\":\"Premier bilan de l\u2019action \u00ab K\u00e9isecker \u00bb \u2013 un an apr\u00e8s son lancement - Mouvement \u00e9cologique\",\"isPartOf\":{\"@id\":\"https:\/\/www.meco.lu\/de\/#website\"},\"primaryImageOfPage\":{\"@id\":\"https:\/\/www.meco.lu\/fr\/bilanz-no-engem-joer-keisecker\/#primaryimage\"},\"image\":{\"@id\":\"https:\/\/www.meco.lu\/fr\/bilanz-no-engem-joer-keisecker\/#primaryimage\"},\"thumbnailUrl\":\"https:\/\/www.meco.lu\/wp-content\/uploads\/2020\/04\/Zonk-hp.jpg\",\"datePublished\":\"2020-04-24T08:20:23+00:00\",\"dateModified\":\"2020-05-15T07:31:48+00:00\",\"breadcrumb\":{\"@id\":\"https:\/\/www.meco.lu\/fr\/bilanz-no-engem-joer-keisecker\/#breadcrumb\"},\"inLanguage\":\"fr-FR\",\"potentialAction\":[{\"@type\":\"ReadAction\",\"target\":[\"https:\/\/www.meco.lu\/fr\/bilanz-no-engem-joer-keisecker\/\"]}]},{\"@type\":\"ImageObject\",\"inLanguage\":\"fr-FR\",\"@id\":\"https:\/\/www.meco.lu\/fr\/bilanz-no-engem-joer-keisecker\/#primaryimage\",\"url\":\"https:\/\/www.meco.lu\/wp-content\/uploads\/2020\/04\/Zonk-hp.jpg\",\"contentUrl\":\"https:\/\/www.meco.lu\/wp-content\/uploads\/2020\/04\/Zonk-hp.jpg\",\"width\":700,\"height\":671,\"caption\":\"iNaturalist user: gil_kirchen\"},{\"@type\":\"BreadcrumbList\",\"@id\":\"https:\/\/www.meco.lu\/fr\/bilanz-no-engem-joer-keisecker\/#breadcrumb\",\"itemListElement\":[{\"@type\":\"ListItem\",\"position\":1,\"name\":\"Home\",\"item\":\"https:\/\/www.meco.lu\/fr\/\"},{\"@type\":\"ListItem\",\"position\":2,\"name\":\"Premier bilan de l\u2019action \u00ab K\u00e9isecker \u00bb \u2013 un an apr\u00e8s son lancement\"}]},{\"@type\":\"WebSite\",\"@id\":\"https:\/\/www.meco.lu\/de\/#website\",\"url\":\"https:\/\/www.meco.lu\/de\/\",\"name\":\"Mouvement \u00e9cologique\",\"description\":\"\",\"potentialAction\":[{\"@type\":\"SearchAction\",\"target\":{\"@type\":\"EntryPoint\",\"urlTemplate\":\"https:\/\/www.meco.lu\/de\/?s={search_term_string}\"},\"query-input\":{\"@type\":\"PropertyValueSpecification\",\"valueRequired\":true,\"valueName\":\"search_term_string\"}}],\"inLanguage\":\"fr-FR\"}]}<\/script>\n<!-- \/ Yoast SEO plugin. -->","yoast_head_json":{"title":"Premier bilan de l\u2019action \u00ab K\u00e9isecker \u00bb \u2013 un an apr\u00e8s son lancement - Mouvement \u00e9cologique","robots":{"index":"index","follow":"follow","max-snippet":"max-snippet:-1","max-image-preview":"max-image-preview:large","max-video-preview":"max-video-preview:-1"},"canonical":"https:\/\/www.meco.lu\/fr\/bilanz-no-engem-joer-keisecker\/","og_locale":"fr_FR","og_type":"article","og_title":"Premier bilan de l\u2019action \u00ab K\u00e9isecker \u00bb \u2013 un an apr\u00e8s son lancement - Mouvement \u00e9cologique","og_description":"[vc_row][vc_column][vc_column_text] Premier bilan de l\u2019action \u00ab\u00a0K\u00e9isecker\u00a0\u00bb \u2013 un an apr\u00e8s son lancement [\/vc_column_text][\/vc_column][\/vc_row][vc_row][vc_column width=\u00a0\u00bb1\/3&Prime;][vc_single_image image=\u00a0\u00bb29916&Prime; img_size=\u00a0\u00bbfull\u00a0\u00bb onclick=\u00a0\u00bblink_image\u00a0\u00bb][\/vc_column][vc_column width=\u00a0\u00bb2\/3&Prime;][vc_column_text]La bonne nouvelle en premier lieu: oui, le \u00ab\u00a0K\u00e9isecker\u00a0\u00bb est toujours pr\u00e9sente au Luxembourg! Au total, non moins de 165 d\u00e9couvertes de h\u00e9rissons nous ont \u00e9t\u00e9 rapport\u00e9es. De la premi\u00e8re observation \u2013 qui remonte au 8 mars 2019 [&hellip;]","og_url":"https:\/\/www.meco.lu\/fr\/bilanz-no-engem-joer-keisecker\/","og_site_name":"Mouvement \u00e9cologique","article_modified_time":"2020-05-15T07:31:48+00:00","og_image":[{"width":700,"height":671,"url":"https:\/\/www.meco.lu\/wp-content\/uploads\/2020\/04\/Zonk-hp.jpg","type":"image\/jpeg"}],"twitter_card":"summary_large_image","twitter_misc":{"Dur\u00e9e de lecture estim\u00e9e":"9 minutes"},"schema":{"@context":"https:\/\/schema.org","@graph":[{"@type":"WebPage","@id":"https:\/\/www.meco.lu\/fr\/bilanz-no-engem-joer-keisecker\/","url":"https:\/\/www.meco.lu\/fr\/bilanz-no-engem-joer-keisecker\/","name":"Premier bilan de l\u2019action \u00ab K\u00e9isecker \u00bb \u2013 un an apr\u00e8s son lancement - Mouvement \u00e9cologique","isPartOf":{"@id":"https:\/\/www.meco.lu\/de\/#website"},"primaryImageOfPage":{"@id":"https:\/\/www.meco.lu\/fr\/bilanz-no-engem-joer-keisecker\/#primaryimage"},"image":{"@id":"https:\/\/www.meco.lu\/fr\/bilanz-no-engem-joer-keisecker\/#primaryimage"},"thumbnailUrl":"https:\/\/www.meco.lu\/wp-content\/uploads\/2020\/04\/Zonk-hp.jpg","datePublished":"2020-04-24T08:20:23+00:00","dateModified":"2020-05-15T07:31:48+00:00","breadcrumb":{"@id":"https:\/\/www.meco.lu\/fr\/bilanz-no-engem-joer-keisecker\/#breadcrumb"},"inLanguage":"fr-FR","potentialAction":[{"@type":"ReadAction","target":["https:\/\/www.meco.lu\/fr\/bilanz-no-engem-joer-keisecker\/"]}]},{"@type":"ImageObject","inLanguage":"fr-FR","@id":"https:\/\/www.meco.lu\/fr\/bilanz-no-engem-joer-keisecker\/#primaryimage","url":"https:\/\/www.meco.lu\/wp-content\/uploads\/2020\/04\/Zonk-hp.jpg","contentUrl":"https:\/\/www.meco.lu\/wp-content\/uploads\/2020\/04\/Zonk-hp.jpg","width":700,"height":671,"caption":"iNaturalist user: gil_kirchen"},{"@type":"BreadcrumbList","@id":"https:\/\/www.meco.lu\/fr\/bilanz-no-engem-joer-keisecker\/#breadcrumb","itemListElement":[{"@type":"ListItem","position":1,"name":"Home","item":"https:\/\/www.meco.lu\/fr\/"},{"@type":"ListItem","position":2,"name":"Premier bilan de l\u2019action \u00ab K\u00e9isecker \u00bb \u2013 un an apr\u00e8s son lancement"}]},{"@type":"WebSite","@id":"https:\/\/www.meco.lu\/de\/#website","url":"https:\/\/www.meco.lu\/de\/","name":"Mouvement \u00e9cologique","description":"","potentialAction":[{"@type":"SearchAction","target":{"@type":"EntryPoint","urlTemplate":"https:\/\/www.meco.lu\/de\/?s={search_term_string}"},"query-input":{"@type":"PropertyValueSpecification","valueRequired":true,"valueName":"search_term_string"}}],"inLanguage":"fr-FR"}]}},"_links":{"self":[{"href":"https:\/\/www.meco.lu\/fr\/wp-json\/wp\/v2\/pages\/29904","targetHints":{"allow":["GET"]}}],"collection":[{"href":"https:\/\/www.meco.lu\/fr\/wp-json\/wp\/v2\/pages"}],"about":[{"href":"https:\/\/www.meco.lu\/fr\/wp-json\/wp\/v2\/types\/page"}],"author":[{"embeddable":true,"href":"https:\/\/www.meco.lu\/fr\/wp-json\/wp\/v2\/users\/5"}],"replies":[{"embeddable":true,"href":"https:\/\/www.meco.lu\/fr\/wp-json\/wp\/v2\/comments?post=29904"}],"version-history":[{"count":3,"href":"https:\/\/www.meco.lu\/fr\/wp-json\/wp\/v2\/pages\/29904\/revisions"}],"predecessor-version":[{"id":30224,"href":"https:\/\/www.meco.lu\/fr\/wp-json\/wp\/v2\/pages\/29904\/revisions\/30224"}],"wp:featuredmedia":[{"embeddable":true,"href":"https:\/\/www.meco.lu\/fr\/wp-json\/wp\/v2\/media\/29896"}],"wp:attachment":[{"href":"https:\/\/www.meco.lu\/fr\/wp-json\/wp\/v2\/media?parent=29904"}],"curies":[{"name":"wp","href":"https:\/\/api.w.org\/{rel}","templated":true}]}}