{"id":22404,"date":"2017-04-26T13:19:02","date_gmt":"2017-04-26T11:19:02","guid":{"rendered":"http:\/\/www.meco.lu\/fr\/?page_id=22404"},"modified":"2024-05-21T13:46:34","modified_gmt":"2024-05-21T11:46:34","slug":"communes-exemplaires-2017","status":"publish","type":"page","link":"https:\/\/www.meco.lu\/fr\/communes-exemplaires-2017\/","title":{"rendered":"Communes exemplaires 2017"},"content":{"rendered":"<div class=\"pf-content\"><p><strong>Communes exemplaires 2017<\/strong><\/p>\n<p>Cette ann\u00e9e, de nombreuses communes luxembourgeoises s\u2018engagent tr\u00e8s activement dans le cadre de l\u2019action \u00abA voller Bl\u00e9i\u00a0\u00bb (\u00ab\u00a0En pleine floraison\u00a0\u00bb) et plantent, en tant que \u00ab\u00a0communes exemplaires\u00a0\u00bb, sur un terrain communal des plantes amies des abeilles qui sont pr\u00e9sent\u00e9es dans le d\u00e9pliant. Ainsi, les abeilles mellif\u00e8res et les abeilles sauvages et \u00e9galement d\u2019autres insectes, trouveront de pollen et de nectar au sein de la commune. De plus, les citoyen(ne)s sont sensibilis\u00e9(e)s pour l\u2019action et incit\u00e9(e)s \u00e0 y participer \u00e9galement.<\/p>\n<p>&nbsp;<\/p>\n<p><strong>Nous remercions les 11 communes exemplaires pour leur engagement\u00a0:<\/strong><\/p>\n<p><img loading=\"lazy\" decoding=\"async\" class=\" wp-image-22414 alignleft\" src=\"http:\/\/www.meco.lu\/wp-content\/uploads\/2017\/04\/Logo-commune-exemplaire-2017-FR_mit-Rand.jpg\" alt=\"Logo commune exemplaire 2017 FR_mit Rand\" width=\"350\" height=\"311\" srcset=\"https:\/\/www.meco.lu\/wp-content\/uploads\/2017\/04\/Logo-commune-exemplaire-2017-FR_mit-Rand.jpg 1658w, https:\/\/www.meco.lu\/wp-content\/uploads\/2017\/04\/Logo-commune-exemplaire-2017-FR_mit-Rand-300x266.jpg 300w, https:\/\/www.meco.lu\/wp-content\/uploads\/2017\/04\/Logo-commune-exemplaire-2017-FR_mit-Rand-1024x909.jpg 1024w, https:\/\/www.meco.lu\/wp-content\/uploads\/2017\/04\/Logo-commune-exemplaire-2017-FR_mit-Rand-213x189.jpg 213w\" sizes=\"auto, (max-width: 350px) 100vw, 350px\" \/><\/p>\n<ul>\n<li style=\"text-align: left\"><strong>Bissen<\/strong><\/li>\n<li style=\"text-align: left\"><strong>Differdange<\/strong><\/li>\n<li><strong>Esch\/ Alzette<\/strong><\/li>\n<li><strong>Junglinster<\/strong><\/li>\n<li><strong>Mertzig<\/strong><\/li>\n<li><strong>Nommern<\/strong><\/li>\n<li><strong>P\u00e9tange<\/strong><\/li>\n<li><strong>Rambrouch<\/strong><\/li>\n<li><strong>Sandweiler<\/strong><\/li>\n<li><strong>Vianden<\/strong><\/li>\n<li><strong>Wincrange<\/strong><\/li>\n<\/ul>\n<p>&nbsp;<\/p>\n<p>&nbsp;<\/p>\n<p>Si vous souhaitez participer \u00e9galement avec votre commune, volontiers! Contactez-nous au<br \/>\n43 90\u00a030 1 ou par e-mail\u00a0:<strong> <a href=\"mailto:meco@oeko.lu\">meco@oeko.lu<\/a><\/strong><\/p>\n<\/div>","protected":false},"excerpt":{"rendered":"<p>Communes exemplaires 2017 Cette ann\u00e9e, de nombreuses communes luxembourgeoises s\u2018engagent tr\u00e8s activement dans le cadre de l\u2019action \u00abA voller Bl\u00e9i\u00a0\u00bb (\u00ab\u00a0En pleine floraison\u00a0\u00bb) et plantent, en tant que \u00ab\u00a0communes exemplaires\u00a0\u00bb, sur un terrain communal des plantes amies des abeilles qui sont pr\u00e9sent\u00e9es dans le d\u00e9pliant. Ainsi, les abeilles mellif\u00e8res et les abeilles sauvages et \u00e9galement [&hellip;]<\/p>\n","protected":false},"author":5,"featured_media":0,"parent":0,"menu_order":20,"comment_status":"closed","ping_status":"closed","template":"","meta":{"_acf_changed":false,"footnotes":""},"class_list":["post-22404","page","type-page","status-publish","hentry"],"acf":[],"yoast_head":"<!-- This site is optimized with the Yoast SEO plugin v27.2 - https:\/\/yoast.com\/product\/yoast-seo-wordpress\/ -->\n<title>Communes exemplaires 2017 - Mouvement \u00e9cologique<\/title>\n<meta name=\"robots\" content=\"index, follow, max-snippet:-1, max-image-preview:large, max-video-preview:-1\" \/>\n<link rel=\"canonical\" href=\"https:\/\/www.meco.lu\/de\/pilotgemeinden-2017\/\" \/>\n<meta property=\"og:locale\" content=\"fr_FR\" \/>\n<meta property=\"og:type\" content=\"article\" \/>\n<meta property=\"og:title\" content=\"Communes exemplaires 2017 - Mouvement \u00e9cologique\" \/>\n<meta property=\"og:description\" content=\"Communes exemplaires 2017 Cette ann\u00e9e, de nombreuses communes luxembourgeoises s\u2018engagent tr\u00e8s activement dans le cadre de l\u2019action \u00abA voller Bl\u00e9i\u00a0\u00bb (\u00ab\u00a0En pleine floraison\u00a0\u00bb) et plantent, en tant que \u00ab\u00a0communes exemplaires\u00a0\u00bb, sur un terrain communal des plantes amies des abeilles qui sont pr\u00e9sent\u00e9es dans le d\u00e9pliant. Ainsi, les abeilles mellif\u00e8res et les abeilles sauvages et \u00e9galement [&hellip;]\" \/>\n<meta property=\"og:url\" content=\"https:\/\/www.meco.lu\/de\/pilotgemeinden-2017\/\" \/>\n<meta property=\"og:site_name\" content=\"Mouvement \u00e9cologique\" \/>\n<meta property=\"article:modified_time\" content=\"2024-05-21T11:46:34+00:00\" \/>\n<meta property=\"og:image\" content=\"http:\/\/www.meco.lu\/wp-content\/uploads\/2017\/04\/Logo-commune-exemplaire-2017-FR_mit-Rand.jpg\" \/>\n<meta name=\"twitter:card\" content=\"summary_large_image\" \/>\n<meta name=\"twitter:label1\" content=\"Dur\u00e9e de lecture estim\u00e9e\" \/>\n\t<meta name=\"twitter:data1\" content=\"1 minute\" \/>\n<script type=\"application\/ld+json\" class=\"yoast-schema-graph\">{\"@context\":\"https:\/\/schema.org\",\"@graph\":[{\"@type\":\"WebPage\",\"@id\":\"https:\/\/www.meco.lu\/de\/pilotgemeinden-2017\/\",\"url\":\"https:\/\/www.meco.lu\/de\/pilotgemeinden-2017\/\",\"name\":\"Communes exemplaires 2017 - Mouvement \u00e9cologique\",\"isPartOf\":{\"@id\":\"https:\/\/www.meco.lu\/de\/#website\"},\"primaryImageOfPage\":{\"@id\":\"https:\/\/www.meco.lu\/de\/pilotgemeinden-2017\/#primaryimage\"},\"image\":{\"@id\":\"https:\/\/www.meco.lu\/de\/pilotgemeinden-2017\/#primaryimage\"},\"thumbnailUrl\":\"http:\/\/www.meco.lu\/wp-content\/uploads\/2017\/04\/Logo-commune-exemplaire-2017-FR_mit-Rand.jpg\",\"datePublished\":\"2017-04-26T11:19:02+00:00\",\"dateModified\":\"2024-05-21T11:46:34+00:00\",\"breadcrumb\":{\"@id\":\"https:\/\/www.meco.lu\/de\/pilotgemeinden-2017\/#breadcrumb\"},\"inLanguage\":\"fr-FR\",\"potentialAction\":[{\"@type\":\"ReadAction\",\"target\":[\"https:\/\/www.meco.lu\/de\/pilotgemeinden-2017\/\"]}]},{\"@type\":\"ImageObject\",\"inLanguage\":\"fr-FR\",\"@id\":\"https:\/\/www.meco.lu\/de\/pilotgemeinden-2017\/#primaryimage\",\"url\":\"http:\/\/www.meco.lu\/wp-content\/uploads\/2017\/04\/Logo-commune-exemplaire-2017-FR_mit-Rand.jpg\",\"contentUrl\":\"http:\/\/www.meco.lu\/wp-content\/uploads\/2017\/04\/Logo-commune-exemplaire-2017-FR_mit-Rand.jpg\"},{\"@type\":\"BreadcrumbList\",\"@id\":\"https:\/\/www.meco.lu\/de\/pilotgemeinden-2017\/#breadcrumb\",\"itemListElement\":[{\"@type\":\"ListItem\",\"position\":1,\"name\":\"Home\",\"item\":\"https:\/\/www.meco.lu\/fr\/\"},{\"@type\":\"ListItem\",\"position\":2,\"name\":\"Communes exemplaires 2017\"}]},{\"@type\":\"WebSite\",\"@id\":\"https:\/\/www.meco.lu\/de\/#website\",\"url\":\"https:\/\/www.meco.lu\/de\/\",\"name\":\"Mouvement \u00e9cologique\",\"description\":\"\",\"potentialAction\":[{\"@type\":\"SearchAction\",\"target\":{\"@type\":\"EntryPoint\",\"urlTemplate\":\"https:\/\/www.meco.lu\/de\/?s={search_term_string}\"},\"query-input\":{\"@type\":\"PropertyValueSpecification\",\"valueRequired\":true,\"valueName\":\"search_term_string\"}}],\"inLanguage\":\"fr-FR\"}]}<\/script>\n<!-- \/ Yoast SEO plugin. -->","yoast_head_json":{"title":"Communes exemplaires 2017 - Mouvement \u00e9cologique","robots":{"index":"index","follow":"follow","max-snippet":"max-snippet:-1","max-image-preview":"max-image-preview:large","max-video-preview":"max-video-preview:-1"},"canonical":"https:\/\/www.meco.lu\/de\/pilotgemeinden-2017\/","og_locale":"fr_FR","og_type":"article","og_title":"Communes exemplaires 2017 - Mouvement \u00e9cologique","og_description":"Communes exemplaires 2017 Cette ann\u00e9e, de nombreuses communes luxembourgeoises s\u2018engagent tr\u00e8s activement dans le cadre de l\u2019action \u00abA voller Bl\u00e9i\u00a0\u00bb (\u00ab\u00a0En pleine floraison\u00a0\u00bb) et plantent, en tant que \u00ab\u00a0communes exemplaires\u00a0\u00bb, sur un terrain communal des plantes amies des abeilles qui sont pr\u00e9sent\u00e9es dans le d\u00e9pliant. Ainsi, les abeilles mellif\u00e8res et les abeilles sauvages et \u00e9galement [&hellip;]","og_url":"https:\/\/www.meco.lu\/de\/pilotgemeinden-2017\/","og_site_name":"Mouvement \u00e9cologique","article_modified_time":"2024-05-21T11:46:34+00:00","og_image":[{"url":"http:\/\/www.meco.lu\/wp-content\/uploads\/2017\/04\/Logo-commune-exemplaire-2017-FR_mit-Rand.jpg","type":"","width":"","height":""}],"twitter_card":"summary_large_image","twitter_misc":{"Dur\u00e9e de lecture estim\u00e9e":"1 minute"},"schema":{"@context":"https:\/\/schema.org","@graph":[{"@type":"WebPage","@id":"https:\/\/www.meco.lu\/de\/pilotgemeinden-2017\/","url":"https:\/\/www.meco.lu\/de\/pilotgemeinden-2017\/","name":"Communes exemplaires 2017 - Mouvement \u00e9cologique","isPartOf":{"@id":"https:\/\/www.meco.lu\/de\/#website"},"primaryImageOfPage":{"@id":"https:\/\/www.meco.lu\/de\/pilotgemeinden-2017\/#primaryimage"},"image":{"@id":"https:\/\/www.meco.lu\/de\/pilotgemeinden-2017\/#primaryimage"},"thumbnailUrl":"http:\/\/www.meco.lu\/wp-content\/uploads\/2017\/04\/Logo-commune-exemplaire-2017-FR_mit-Rand.jpg","datePublished":"2017-04-26T11:19:02+00:00","dateModified":"2024-05-21T11:46:34+00:00","breadcrumb":{"@id":"https:\/\/www.meco.lu\/de\/pilotgemeinden-2017\/#breadcrumb"},"inLanguage":"fr-FR","potentialAction":[{"@type":"ReadAction","target":["https:\/\/www.meco.lu\/de\/pilotgemeinden-2017\/"]}]},{"@type":"ImageObject","inLanguage":"fr-FR","@id":"https:\/\/www.meco.lu\/de\/pilotgemeinden-2017\/#primaryimage","url":"http:\/\/www.meco.lu\/wp-content\/uploads\/2017\/04\/Logo-commune-exemplaire-2017-FR_mit-Rand.jpg","contentUrl":"http:\/\/www.meco.lu\/wp-content\/uploads\/2017\/04\/Logo-commune-exemplaire-2017-FR_mit-Rand.jpg"},{"@type":"BreadcrumbList","@id":"https:\/\/www.meco.lu\/de\/pilotgemeinden-2017\/#breadcrumb","itemListElement":[{"@type":"ListItem","position":1,"name":"Home","item":"https:\/\/www.meco.lu\/fr\/"},{"@type":"ListItem","position":2,"name":"Communes exemplaires 2017"}]},{"@type":"WebSite","@id":"https:\/\/www.meco.lu\/de\/#website","url":"https:\/\/www.meco.lu\/de\/","name":"Mouvement \u00e9cologique","description":"","potentialAction":[{"@type":"SearchAction","target":{"@type":"EntryPoint","urlTemplate":"https:\/\/www.meco.lu\/de\/?s={search_term_string}"},"query-input":{"@type":"PropertyValueSpecification","valueRequired":true,"valueName":"search_term_string"}}],"inLanguage":"fr-FR"}]}},"_links":{"self":[{"href":"https:\/\/www.meco.lu\/fr\/wp-json\/wp\/v2\/pages\/22404","targetHints":{"allow":["GET"]}}],"collection":[{"href":"https:\/\/www.meco.lu\/fr\/wp-json\/wp\/v2\/pages"}],"about":[{"href":"https:\/\/www.meco.lu\/fr\/wp-json\/wp\/v2\/types\/page"}],"author":[{"embeddable":true,"href":"https:\/\/www.meco.lu\/fr\/wp-json\/wp\/v2\/users\/5"}],"replies":[{"embeddable":true,"href":"https:\/\/www.meco.lu\/fr\/wp-json\/wp\/v2\/comments?post=22404"}],"version-history":[{"count":5,"href":"https:\/\/www.meco.lu\/fr\/wp-json\/wp\/v2\/pages\/22404\/revisions"}],"predecessor-version":[{"id":22525,"href":"https:\/\/www.meco.lu\/fr\/wp-json\/wp\/v2\/pages\/22404\/revisions\/22525"}],"wp:attachment":[{"href":"https:\/\/www.meco.lu\/fr\/wp-json\/wp\/v2\/media?parent=22404"}],"curies":[{"name":"wp","href":"https:\/\/api.w.org\/{rel}","templated":true}]}}