{"id":22242,"date":"2017-04-06T14:44:35","date_gmt":"2017-04-06T12:44:35","guid":{"rendered":"http:\/\/www.meco.lu\/fr\/?page_id=22242"},"modified":"2024-05-21T13:46:34","modified_gmt":"2024-05-21T11:46:34","slug":"declaration-de-protection-des-donnees-living-land","status":"publish","type":"page","link":"https:\/\/www.meco.lu\/fr\/declaration-de-protection-des-donnees-living-land\/","title":{"rendered":"D\u00e9claration de protection des donn\u00e9es Living land"},"content":{"rendered":"<section class=\"wpb-content-wrapper\"><div class=\"pf-content\"><p>[vc_row][vc_column width=\u00a0\u00bb1\/1&Prime;][vc_column_text]<\/p>\n<h2><strong>D\u00e9claration de protection des donn\u00e9es \u00ab\u00a0Living Land\u00a0\u00bb<\/strong><\/h2>\n<p>&nbsp;<\/p>\n<p>En remplissant un formulaire sur <span style=\"text-decoration: underline\"><strong><a href=\"http:\/\/www.meco.lu\">www.meco.lu<\/a><\/strong><\/span>, le Mouvement Ecologique peut collecter vos donn\u00e9es personnelles. Ces donn\u00e9es personnelles ne seront utilis\u00e9es que pour le travail du Mouvement Ecologique et ne seront pas transmises \u00e0 des tiers.<\/p>\n<p>Vous disposez \u00e0 tout moment du droit de demander la suppression de vos donn\u00e9es en envoyant un e-mail \u00e0 l\u2019adresse suivante: <span style=\"text-decoration: underline\"><strong><a href=\"mailto:meco@oeko.lu\">meco@oeko.lu<\/a><\/strong><\/span>. Vous pouvez \u00e9galement \u00e0 tout moment vous d\u00e9sinscrire de la newsletter.<\/p>\n<p>[\/vc_column_text][\/vc_column][\/vc_row]<\/p>\n<\/div><\/section>","protected":false},"excerpt":{"rendered":"<p>[vc_row][vc_column width=\u00a0\u00bb1\/1&Prime;][vc_column_text] D\u00e9claration de protection des donn\u00e9es \u00ab\u00a0Living Land\u00a0\u00bb &nbsp; En remplissant un formulaire sur www.meco.lu, le Mouvement Ecologique peut collecter vos donn\u00e9es personnelles. Ces donn\u00e9es personnelles ne seront utilis\u00e9es que pour le travail du Mouvement Ecologique et ne seront pas transmises \u00e0 des tiers. Vous disposez \u00e0 tout moment du droit de demander la [&hellip;]<\/p>\n","protected":false},"author":5,"featured_media":0,"parent":0,"menu_order":24,"comment_status":"closed","ping_status":"closed","template":"","meta":{"_acf_changed":false,"footnotes":""},"class_list":["post-22242","page","type-page","status-publish","hentry"],"acf":[],"yoast_head":"<!-- This site is optimized with the Yoast SEO plugin v27.2 - https:\/\/yoast.com\/product\/yoast-seo-wordpress\/ -->\n<title>D\u00e9claration de protection des donn\u00e9es Living land - Mouvement \u00e9cologique<\/title>\n<meta name=\"robots\" content=\"index, follow, max-snippet:-1, max-image-preview:large, max-video-preview:-1\" \/>\n<link rel=\"canonical\" href=\"https:\/\/www.meco.lu\/de\/datenschutzbestimmungen-living-land-d\/\" \/>\n<meta property=\"og:locale\" content=\"fr_FR\" \/>\n<meta property=\"og:type\" content=\"article\" \/>\n<meta property=\"og:title\" content=\"D\u00e9claration de protection des donn\u00e9es Living land - Mouvement \u00e9cologique\" \/>\n<meta property=\"og:description\" content=\"[vc_row][vc_column width=\u00a0\u00bb1\/1&Prime;][vc_column_text] D\u00e9claration de protection des donn\u00e9es \u00ab\u00a0Living Land\u00a0\u00bb &nbsp; En remplissant un formulaire sur www.meco.lu, le Mouvement Ecologique peut collecter vos donn\u00e9es personnelles. Ces donn\u00e9es personnelles ne seront utilis\u00e9es que pour le travail du Mouvement Ecologique et ne seront pas transmises \u00e0 des tiers. Vous disposez \u00e0 tout moment du droit de demander la [&hellip;]\" \/>\n<meta property=\"og:url\" content=\"https:\/\/www.meco.lu\/de\/datenschutzbestimmungen-living-land-d\/\" \/>\n<meta property=\"og:site_name\" content=\"Mouvement \u00e9cologique\" \/>\n<meta property=\"article:modified_time\" content=\"2024-05-21T11:46:34+00:00\" \/>\n<meta name=\"twitter:card\" content=\"summary_large_image\" \/>\n<script type=\"application\/ld+json\" class=\"yoast-schema-graph\">{\"@context\":\"https:\/\/schema.org\",\"@graph\":[{\"@type\":\"WebPage\",\"@id\":\"https:\/\/www.meco.lu\/de\/datenschutzbestimmungen-living-land-d\/\",\"url\":\"https:\/\/www.meco.lu\/de\/datenschutzbestimmungen-living-land-d\/\",\"name\":\"D\u00e9claration de protection des donn\u00e9es Living land - Mouvement \u00e9cologique\",\"isPartOf\":{\"@id\":\"https:\/\/www.meco.lu\/de\/#website\"},\"datePublished\":\"2017-04-06T12:44:35+00:00\",\"dateModified\":\"2024-05-21T11:46:34+00:00\",\"breadcrumb\":{\"@id\":\"https:\/\/www.meco.lu\/de\/datenschutzbestimmungen-living-land-d\/#breadcrumb\"},\"inLanguage\":\"fr-FR\",\"potentialAction\":[{\"@type\":\"ReadAction\",\"target\":[\"https:\/\/www.meco.lu\/de\/datenschutzbestimmungen-living-land-d\/\"]}]},{\"@type\":\"BreadcrumbList\",\"@id\":\"https:\/\/www.meco.lu\/de\/datenschutzbestimmungen-living-land-d\/#breadcrumb\",\"itemListElement\":[{\"@type\":\"ListItem\",\"position\":1,\"name\":\"Home\",\"item\":\"https:\/\/www.meco.lu\/fr\/\"},{\"@type\":\"ListItem\",\"position\":2,\"name\":\"D\u00e9claration de protection des donn\u00e9es Living land\"}]},{\"@type\":\"WebSite\",\"@id\":\"https:\/\/www.meco.lu\/de\/#website\",\"url\":\"https:\/\/www.meco.lu\/de\/\",\"name\":\"Mouvement \u00e9cologique\",\"description\":\"\",\"potentialAction\":[{\"@type\":\"SearchAction\",\"target\":{\"@type\":\"EntryPoint\",\"urlTemplate\":\"https:\/\/www.meco.lu\/de\/?s={search_term_string}\"},\"query-input\":{\"@type\":\"PropertyValueSpecification\",\"valueRequired\":true,\"valueName\":\"search_term_string\"}}],\"inLanguage\":\"fr-FR\"}]}<\/script>\n<!-- \/ Yoast SEO plugin. -->","yoast_head_json":{"title":"D\u00e9claration de protection des donn\u00e9es Living land - Mouvement \u00e9cologique","robots":{"index":"index","follow":"follow","max-snippet":"max-snippet:-1","max-image-preview":"max-image-preview:large","max-video-preview":"max-video-preview:-1"},"canonical":"https:\/\/www.meco.lu\/de\/datenschutzbestimmungen-living-land-d\/","og_locale":"fr_FR","og_type":"article","og_title":"D\u00e9claration de protection des donn\u00e9es Living land - Mouvement \u00e9cologique","og_description":"[vc_row][vc_column width=\u00a0\u00bb1\/1&Prime;][vc_column_text] D\u00e9claration de protection des donn\u00e9es \u00ab\u00a0Living Land\u00a0\u00bb &nbsp; En remplissant un formulaire sur www.meco.lu, le Mouvement Ecologique peut collecter vos donn\u00e9es personnelles. Ces donn\u00e9es personnelles ne seront utilis\u00e9es que pour le travail du Mouvement Ecologique et ne seront pas transmises \u00e0 des tiers. Vous disposez \u00e0 tout moment du droit de demander la [&hellip;]","og_url":"https:\/\/www.meco.lu\/de\/datenschutzbestimmungen-living-land-d\/","og_site_name":"Mouvement \u00e9cologique","article_modified_time":"2024-05-21T11:46:34+00:00","twitter_card":"summary_large_image","schema":{"@context":"https:\/\/schema.org","@graph":[{"@type":"WebPage","@id":"https:\/\/www.meco.lu\/de\/datenschutzbestimmungen-living-land-d\/","url":"https:\/\/www.meco.lu\/de\/datenschutzbestimmungen-living-land-d\/","name":"D\u00e9claration de protection des donn\u00e9es Living land - Mouvement \u00e9cologique","isPartOf":{"@id":"https:\/\/www.meco.lu\/de\/#website"},"datePublished":"2017-04-06T12:44:35+00:00","dateModified":"2024-05-21T11:46:34+00:00","breadcrumb":{"@id":"https:\/\/www.meco.lu\/de\/datenschutzbestimmungen-living-land-d\/#breadcrumb"},"inLanguage":"fr-FR","potentialAction":[{"@type":"ReadAction","target":["https:\/\/www.meco.lu\/de\/datenschutzbestimmungen-living-land-d\/"]}]},{"@type":"BreadcrumbList","@id":"https:\/\/www.meco.lu\/de\/datenschutzbestimmungen-living-land-d\/#breadcrumb","itemListElement":[{"@type":"ListItem","position":1,"name":"Home","item":"https:\/\/www.meco.lu\/fr\/"},{"@type":"ListItem","position":2,"name":"D\u00e9claration de protection des donn\u00e9es Living land"}]},{"@type":"WebSite","@id":"https:\/\/www.meco.lu\/de\/#website","url":"https:\/\/www.meco.lu\/de\/","name":"Mouvement \u00e9cologique","description":"","potentialAction":[{"@type":"SearchAction","target":{"@type":"EntryPoint","urlTemplate":"https:\/\/www.meco.lu\/de\/?s={search_term_string}"},"query-input":{"@type":"PropertyValueSpecification","valueRequired":true,"valueName":"search_term_string"}}],"inLanguage":"fr-FR"}]}},"_links":{"self":[{"href":"https:\/\/www.meco.lu\/fr\/wp-json\/wp\/v2\/pages\/22242","targetHints":{"allow":["GET"]}}],"collection":[{"href":"https:\/\/www.meco.lu\/fr\/wp-json\/wp\/v2\/pages"}],"about":[{"href":"https:\/\/www.meco.lu\/fr\/wp-json\/wp\/v2\/types\/page"}],"author":[{"embeddable":true,"href":"https:\/\/www.meco.lu\/fr\/wp-json\/wp\/v2\/users\/5"}],"replies":[{"embeddable":true,"href":"https:\/\/www.meco.lu\/fr\/wp-json\/wp\/v2\/comments?post=22242"}],"version-history":[{"count":3,"href":"https:\/\/www.meco.lu\/fr\/wp-json\/wp\/v2\/pages\/22242\/revisions"}],"predecessor-version":[{"id":22258,"href":"https:\/\/www.meco.lu\/fr\/wp-json\/wp\/v2\/pages\/22242\/revisions\/22258"}],"wp:attachment":[{"href":"https:\/\/www.meco.lu\/fr\/wp-json\/wp\/v2\/media?parent=22242"}],"curies":[{"name":"wp","href":"https:\/\/api.w.org\/{rel}","templated":true}]}}