{"id":21899,"date":"2017-03-13T11:00:34","date_gmt":"2017-03-13T09:00:34","guid":{"rendered":"http:\/\/www.meco.lu\/fr\/?page_id=21899"},"modified":"2024-05-21T13:46:34","modified_gmt":"2024-05-21T11:46:34","slug":"dautres-idees-comment-aider-les-abeilles","status":"publish","type":"page","link":"https:\/\/www.meco.lu\/fr\/dautres-idees-comment-aider-les-abeilles\/","title":{"rendered":"D&rsquo;autres id\u00e9es comment aider les abeilles"},"content":{"rendered":"<div class=\"pf-content\"><h3>D&rsquo;autres id\u00e9es comment aider les abeilles<\/h3>\n<p>&nbsp;<\/p>\n<ul>\n<li><a href=\"http:\/\/www.meco.lu\/wp-content\/uploads\/2017\/03\/Bauanleitung-Bienenhotel.pdf\" target=\"_blank\" rel=\"noopener\"><span style=\"text-decoration: underline\"><span style=\"color: #339966;text-decoration: underline\"><strong>Construire un h\u00f4tel des abeilles<\/strong> <\/span><\/span><\/a>(description en allemand)<\/li>\n<li><strong><a href=\"http:\/\/www.meco.lu\/wp-content\/uploads\/2017\/03\/Pflanzen-f%C3%BCr-den-Garten.pdf\" target=\"_blank\" rel=\"noopener\"><span style=\"color: #339966\">Plateforme \u00ab\u00a0Avenir Abeilles\u00a0\u00bb <\/span><\/a><\/strong><span style=\"color: #000000\">(vous y trouverez des conseils concrets et des informations pratiques et scientifiquement fond\u00e9es.<\/span><\/li>\n<li><strong><a href=\"http:\/\/www.meco.lu\/wp-content\/uploads\/2017\/03\/Pflanzen-f%C3%BCr-den-Garten.pdf\" target=\"_blank\" rel=\"noopener\"><span style=\"color: #339966\">Plantes recommand\u00e9es pour abeilles sauvages<\/span><\/a><\/strong> (liste en allemand)<\/li>\n<li><a href=\"http:\/\/www.meco.lu\/wp-content\/uploads\/2017\/03\/Pressecommuniqu%C3%A9-2014-W%C3%ABll-B%C3%A9ien-Mee.pdf\" target=\"_blank\" rel=\"noopener\"><span style=\"text-decoration: underline\"><span style=\"color: #339966;text-decoration: underline\"><strong>Communiqu\u00e9 de presse<\/strong><\/span><\/span><\/a> \u00ab\u00a0Eis Beien a Bommele brauchen H\u00ebllef\u00a0\u00bb (en allemand)<\/li>\n<\/ul>\n<\/div>","protected":false},"excerpt":{"rendered":"<p>D&rsquo;autres id\u00e9es comment aider les abeilles &nbsp; Construire un h\u00f4tel des abeilles (description en allemand) Plateforme \u00ab\u00a0Avenir Abeilles\u00a0\u00bb (vous y trouverez des conseils concrets et des informations pratiques et scientifiquement fond\u00e9es. Plantes recommand\u00e9es pour abeilles sauvages (liste en allemand) Communiqu\u00e9 de presse \u00ab\u00a0Eis Beien a Bommele brauchen H\u00ebllef\u00a0\u00bb (en allemand)<\/p>\n","protected":false},"author":5,"featured_media":0,"parent":0,"menu_order":21,"comment_status":"closed","ping_status":"closed","template":"","meta":{"_acf_changed":false,"footnotes":""},"class_list":["post-21899","page","type-page","status-publish","hentry"],"acf":[],"yoast_head":"<!-- This site is optimized with the Yoast SEO plugin v27.2 - https:\/\/yoast.com\/product\/yoast-seo-wordpress\/ -->\n<title>D&#039;autres id\u00e9es comment aider les abeilles - Mouvement \u00e9cologique<\/title>\n<meta name=\"robots\" content=\"index, follow, max-snippet:-1, max-image-preview:large, max-video-preview:-1\" \/>\n<link rel=\"canonical\" href=\"https:\/\/www.meco.lu\/de\/weitere-ideen-wie-sie-bienen-helfen-koennen\/\" \/>\n<meta property=\"og:locale\" content=\"fr_FR\" \/>\n<meta property=\"og:type\" content=\"article\" \/>\n<meta property=\"og:title\" content=\"D&#039;autres id\u00e9es comment aider les abeilles - Mouvement \u00e9cologique\" \/>\n<meta property=\"og:description\" content=\"D&rsquo;autres id\u00e9es comment aider les abeilles &nbsp; Construire un h\u00f4tel des abeilles (description en allemand) Plateforme \u00ab\u00a0Avenir Abeilles\u00a0\u00bb (vous y trouverez des conseils concrets et des informations pratiques et scientifiquement fond\u00e9es. Plantes recommand\u00e9es pour abeilles sauvages (liste en allemand) Communiqu\u00e9 de presse \u00ab\u00a0Eis Beien a Bommele brauchen H\u00ebllef\u00a0\u00bb (en allemand)\" \/>\n<meta property=\"og:url\" content=\"https:\/\/www.meco.lu\/de\/weitere-ideen-wie-sie-bienen-helfen-koennen\/\" \/>\n<meta property=\"og:site_name\" content=\"Mouvement \u00e9cologique\" \/>\n<meta property=\"article:modified_time\" content=\"2024-05-21T11:46:34+00:00\" \/>\n<meta name=\"twitter:card\" content=\"summary_large_image\" \/>\n<script type=\"application\/ld+json\" class=\"yoast-schema-graph\">{\"@context\":\"https:\/\/schema.org\",\"@graph\":[{\"@type\":\"WebPage\",\"@id\":\"https:\/\/www.meco.lu\/de\/weitere-ideen-wie-sie-bienen-helfen-koennen\/\",\"url\":\"https:\/\/www.meco.lu\/de\/weitere-ideen-wie-sie-bienen-helfen-koennen\/\",\"name\":\"D'autres id\u00e9es comment aider les abeilles - Mouvement \u00e9cologique\",\"isPartOf\":{\"@id\":\"https:\/\/www.meco.lu\/de\/#website\"},\"datePublished\":\"2017-03-13T09:00:34+00:00\",\"dateModified\":\"2024-05-21T11:46:34+00:00\",\"breadcrumb\":{\"@id\":\"https:\/\/www.meco.lu\/de\/weitere-ideen-wie-sie-bienen-helfen-koennen\/#breadcrumb\"},\"inLanguage\":\"fr-FR\",\"potentialAction\":[{\"@type\":\"ReadAction\",\"target\":[\"https:\/\/www.meco.lu\/de\/weitere-ideen-wie-sie-bienen-helfen-koennen\/\"]}]},{\"@type\":\"BreadcrumbList\",\"@id\":\"https:\/\/www.meco.lu\/de\/weitere-ideen-wie-sie-bienen-helfen-koennen\/#breadcrumb\",\"itemListElement\":[{\"@type\":\"ListItem\",\"position\":1,\"name\":\"Home\",\"item\":\"https:\/\/www.meco.lu\/fr\/\"},{\"@type\":\"ListItem\",\"position\":2,\"name\":\"D&#8217;autres id\u00e9es comment aider les abeilles\"}]},{\"@type\":\"WebSite\",\"@id\":\"https:\/\/www.meco.lu\/de\/#website\",\"url\":\"https:\/\/www.meco.lu\/de\/\",\"name\":\"Mouvement \u00e9cologique\",\"description\":\"\",\"potentialAction\":[{\"@type\":\"SearchAction\",\"target\":{\"@type\":\"EntryPoint\",\"urlTemplate\":\"https:\/\/www.meco.lu\/de\/?s={search_term_string}\"},\"query-input\":{\"@type\":\"PropertyValueSpecification\",\"valueRequired\":true,\"valueName\":\"search_term_string\"}}],\"inLanguage\":\"fr-FR\"}]}<\/script>\n<!-- \/ Yoast SEO plugin. -->","yoast_head_json":{"title":"D'autres id\u00e9es comment aider les abeilles - Mouvement \u00e9cologique","robots":{"index":"index","follow":"follow","max-snippet":"max-snippet:-1","max-image-preview":"max-image-preview:large","max-video-preview":"max-video-preview:-1"},"canonical":"https:\/\/www.meco.lu\/de\/weitere-ideen-wie-sie-bienen-helfen-koennen\/","og_locale":"fr_FR","og_type":"article","og_title":"D'autres id\u00e9es comment aider les abeilles - Mouvement \u00e9cologique","og_description":"D&rsquo;autres id\u00e9es comment aider les abeilles &nbsp; Construire un h\u00f4tel des abeilles (description en allemand) Plateforme \u00ab\u00a0Avenir Abeilles\u00a0\u00bb (vous y trouverez des conseils concrets et des informations pratiques et scientifiquement fond\u00e9es. Plantes recommand\u00e9es pour abeilles sauvages (liste en allemand) Communiqu\u00e9 de presse \u00ab\u00a0Eis Beien a Bommele brauchen H\u00ebllef\u00a0\u00bb (en allemand)","og_url":"https:\/\/www.meco.lu\/de\/weitere-ideen-wie-sie-bienen-helfen-koennen\/","og_site_name":"Mouvement \u00e9cologique","article_modified_time":"2024-05-21T11:46:34+00:00","twitter_card":"summary_large_image","schema":{"@context":"https:\/\/schema.org","@graph":[{"@type":"WebPage","@id":"https:\/\/www.meco.lu\/de\/weitere-ideen-wie-sie-bienen-helfen-koennen\/","url":"https:\/\/www.meco.lu\/de\/weitere-ideen-wie-sie-bienen-helfen-koennen\/","name":"D'autres id\u00e9es comment aider les abeilles - Mouvement \u00e9cologique","isPartOf":{"@id":"https:\/\/www.meco.lu\/de\/#website"},"datePublished":"2017-03-13T09:00:34+00:00","dateModified":"2024-05-21T11:46:34+00:00","breadcrumb":{"@id":"https:\/\/www.meco.lu\/de\/weitere-ideen-wie-sie-bienen-helfen-koennen\/#breadcrumb"},"inLanguage":"fr-FR","potentialAction":[{"@type":"ReadAction","target":["https:\/\/www.meco.lu\/de\/weitere-ideen-wie-sie-bienen-helfen-koennen\/"]}]},{"@type":"BreadcrumbList","@id":"https:\/\/www.meco.lu\/de\/weitere-ideen-wie-sie-bienen-helfen-koennen\/#breadcrumb","itemListElement":[{"@type":"ListItem","position":1,"name":"Home","item":"https:\/\/www.meco.lu\/fr\/"},{"@type":"ListItem","position":2,"name":"D&#8217;autres id\u00e9es comment aider les abeilles"}]},{"@type":"WebSite","@id":"https:\/\/www.meco.lu\/de\/#website","url":"https:\/\/www.meco.lu\/de\/","name":"Mouvement \u00e9cologique","description":"","potentialAction":[{"@type":"SearchAction","target":{"@type":"EntryPoint","urlTemplate":"https:\/\/www.meco.lu\/de\/?s={search_term_string}"},"query-input":{"@type":"PropertyValueSpecification","valueRequired":true,"valueName":"search_term_string"}}],"inLanguage":"fr-FR"}]}},"_links":{"self":[{"href":"https:\/\/www.meco.lu\/fr\/wp-json\/wp\/v2\/pages\/21899","targetHints":{"allow":["GET"]}}],"collection":[{"href":"https:\/\/www.meco.lu\/fr\/wp-json\/wp\/v2\/pages"}],"about":[{"href":"https:\/\/www.meco.lu\/fr\/wp-json\/wp\/v2\/types\/page"}],"author":[{"embeddable":true,"href":"https:\/\/www.meco.lu\/fr\/wp-json\/wp\/v2\/users\/5"}],"replies":[{"embeddable":true,"href":"https:\/\/www.meco.lu\/fr\/wp-json\/wp\/v2\/comments?post=21899"}],"version-history":[{"count":1,"href":"https:\/\/www.meco.lu\/fr\/wp-json\/wp\/v2\/pages\/21899\/revisions"}],"predecessor-version":[{"id":21900,"href":"https:\/\/www.meco.lu\/fr\/wp-json\/wp\/v2\/pages\/21899\/revisions\/21900"}],"wp:attachment":[{"href":"https:\/\/www.meco.lu\/fr\/wp-json\/wp\/v2\/media?parent=21899"}],"curies":[{"name":"wp","href":"https:\/\/api.w.org\/{rel}","templated":true}]}}