{"id":21789,"date":"2017-02-06T15:42:26","date_gmt":"2017-02-06T13:42:26","guid":{"rendered":"http:\/\/www.meco.lu\/fr\/fotos-der-pflanzen\/"},"modified":"2017-02-28T11:36:51","modified_gmt":"2017-02-28T09:36:51","slug":"fotos-der-pflanzen","status":"publish","type":"page","link":"https:\/\/www.meco.lu\/fr\/fotos-der-pflanzen\/","title":{"rendered":"Photos des plantes"},"content":{"rendered":"<section class=\"wpb-content-wrapper\"><div class=\"pf-content\"><p>[vc_row][vc_column][vc_column_text]<\/p>\n<h3>Curieux de d\u00e9couvrir\u00a0les diff\u00e9rentes plantes amies des abeilles\u00a0pr\u00e9sent\u00e9es dans le d\u00e9pliant?<\/h3>\n<p>Dans notre galerie d&rsquo;images, nous avons rassembl\u00e9 des photos des plantes pr\u00e9f\u00e9r\u00e9es des abeilles: cliquez sur les diff\u00e9rentes cat\u00e9gories et sur les photos pour les agrandir et les afficher avec leurs noms.<\/p>\n<p>Bien \u00e9videmment, vous pourrez nous envoyer aussi vos photos de l&rsquo;action, d\u00e8s que les premi\u00e8res plantes commencent \u00e0 fleurir dans votre jardin ou sur le balcon! Pour une publication (anonyme ou sous mention de votre nom, comme vous le pr\u00e9f\u00e9rez), envoyez votre photo par e-mail \u00e0 <strong><a href=\"mailto:meco@oeko.lu\" target=\"_blank\">meco@oeko.lu<\/a><\/strong>, merci beaucoup![\/vc_column_text][vc_accordion collapsible=\u00a0\u00bbyes\u00a0\u00bb disable_keyboard=\u00a0\u00bb\u00a0\u00bb][vc_accordion_tab title=\u00a0\u00bbParterre de plantes vivaces (emplacements ensolleill\u00e9s)\u00a0\u00bb][vc_column_text]Pour afficher les noms des plantes, cliquez sur les photos![\/vc_column_text][vc_gallery type=\u00a0\u00bbimage_grid\u00a0\u00bb interval=\u00a0\u00bb3&Prime; images=\u00a0\u00bb21752,21419,21432,21434,21448,21452,21453,21458,21461,21463&Prime; onclick=\u00a0\u00bblink_image\u00a0\u00bb custom_links_target=\u00a0\u00bb_self\u00a0\u00bb img_size=\u00a0\u00bbmedium\u00a0\u00bb][\/vc_accordion_tab][\/vc_accordion][vc_accordion collapsible=\u00a0\u00bbyes\u00a0\u00bb disable_keyboard=\u00a0\u00bb\u00a0\u00bb][vc_accordion_tab title=\u00a0\u00bbFleurs de couleur bleue et blanche\u00a0\u00bb][vc_column_text]Pour afficher les noms des plantes, cliquez sur les photos![\/vc_column_text][vc_gallery type=\u00a0\u00bbimage_grid\u00a0\u00bb interval=\u00a0\u00bb3&Prime; images=\u00a0\u00bb21465,21466,21468,21471,21752,21477,21533,21452,21756,21536,21757,21549,21554&Prime; onclick=\u00a0\u00bblink_image\u00a0\u00bb custom_links_target=\u00a0\u00bb_self\u00a0\u00bb img_size=\u00a0\u00bbmedium\u00a0\u00bb][\/vc_accordion_tab][\/vc_accordion][vc_accordion collapsible=\u00a0\u00bbyes\u00a0\u00bb disable_keyboard=\u00a0\u00bb\u00a0\u00bb][vc_accordion_tab title=\u00a0\u00bbSet de fleurs\u00a0\u00bb][vc_column_text]Pour afficher les noms des plantes, cliquez sur les photos![\/vc_column_text][vc_gallery type=\u00a0\u00bbimage_grid\u00a0\u00bb interval=\u00a0\u00bb3&Prime; onclick=\u00a0\u00bblink_image\u00a0\u00bb custom_links_target=\u00a0\u00bb_self\u00a0\u00bb images=\u00a0\u00bb21562,21760,21765,21766,21768&Prime; img_size=\u00a0\u00bbmedium\u00a0\u00bb][\/vc_accordion_tab][\/vc_accordion][vc_accordion collapsible=\u00a0\u00bbyes\u00a0\u00bb disable_keyboard=\u00a0\u00bb\u00a0\u00bb][vc_accordion_tab title=\u00a0\u00bbSet d&rsquo;herbes 1&Prime;][vc_column_text]Pour afficher les noms des plantes, cliquez sur les photos![\/vc_column_text][vc_gallery type=\u00a0\u00bbimage_grid\u00a0\u00bb interval=\u00a0\u00bb3&Prime; onclick=\u00a0\u00bblink_image\u00a0\u00bb custom_links_target=\u00a0\u00bb_self\u00a0\u00bb img_size=\u00a0\u00bbmedium\u00a0\u00bb images=\u00a0\u00bb21770,21772,21773,21775,21777&Prime;][\/vc_accordion_tab][\/vc_accordion][vc_accordion collapsible=\u00a0\u00bbyes\u00a0\u00bb disable_keyboard=\u00a0\u00bb\u00a0\u00bb][vc_accordion_tab title=\u00a0\u00bbSet d&rsquo;herbes 2&Prime;][vc_column_text]Pour afficher les noms des plantes, cliquez sur les photos![\/vc_column_text][vc_gallery type=\u00a0\u00bbimage_grid\u00a0\u00bb interval=\u00a0\u00bb3&Prime; onclick=\u00a0\u00bblink_image\u00a0\u00bb custom_links_target=\u00a0\u00bb_self\u00a0\u00bb img_size=\u00a0\u00bbmedium\u00a0\u00bb images=\u00a0\u00bb21779,21781,21785,21783&Prime;][\/vc_accordion_tab][\/vc_accordion][\/vc_column][\/vc_row][vc_row][vc_column width=\u00a0\u00bb1\/1&Prime;][\/vc_column][\/vc_row]<\/p>\n<\/div><\/section>","protected":false},"excerpt":{"rendered":"<p>[vc_row][vc_column][vc_column_text] Curieux de d\u00e9couvrir\u00a0les diff\u00e9rentes plantes amies des abeilles\u00a0pr\u00e9sent\u00e9es dans le d\u00e9pliant? Dans notre galerie d&rsquo;images, nous avons rassembl\u00e9 des photos des plantes pr\u00e9f\u00e9r\u00e9es des abeilles: cliquez sur les diff\u00e9rentes cat\u00e9gories et sur les photos pour les agrandir et les afficher avec leurs noms. Bien \u00e9videmment, vous pourrez nous envoyer aussi vos photos de l&rsquo;action, [&hellip;]<\/p>\n","protected":false},"author":5,"featured_media":0,"parent":0,"menu_order":40,"comment_status":"closed","ping_status":"closed","template":"","meta":{"_acf_changed":false,"footnotes":""},"class_list":["post-21789","page","type-page","status-publish","hentry"],"acf":[],"yoast_head":"<!-- This site is optimized with the Yoast SEO plugin v27.2 - https:\/\/yoast.com\/product\/yoast-seo-wordpress\/ -->\n<title>Photos des plantes - Mouvement \u00e9cologique<\/title>\n<meta name=\"robots\" content=\"index, follow, max-snippet:-1, max-image-preview:large, max-video-preview:-1\" \/>\n<link rel=\"canonical\" href=\"https:\/\/www.meco.lu\/de\/fotos-der-pflanzen\/\" \/>\n<meta property=\"og:locale\" content=\"fr_FR\" \/>\n<meta property=\"og:type\" content=\"article\" \/>\n<meta property=\"og:title\" content=\"Photos des plantes - Mouvement \u00e9cologique\" \/>\n<meta property=\"og:description\" content=\"[vc_row][vc_column][vc_column_text] Curieux de d\u00e9couvrir\u00a0les diff\u00e9rentes plantes amies des abeilles\u00a0pr\u00e9sent\u00e9es dans le d\u00e9pliant? Dans notre galerie d&rsquo;images, nous avons rassembl\u00e9 des photos des plantes pr\u00e9f\u00e9r\u00e9es des abeilles: cliquez sur les diff\u00e9rentes cat\u00e9gories et sur les photos pour les agrandir et les afficher avec leurs noms. Bien \u00e9videmment, vous pourrez nous envoyer aussi vos photos de l&rsquo;action, [&hellip;]\" \/>\n<meta property=\"og:url\" content=\"https:\/\/www.meco.lu\/de\/fotos-der-pflanzen\/\" \/>\n<meta property=\"og:site_name\" content=\"Mouvement \u00e9cologique\" \/>\n<meta property=\"article:modified_time\" content=\"2017-02-28T09:36:51+00:00\" \/>\n<meta name=\"twitter:card\" content=\"summary_large_image\" \/>\n<meta name=\"twitter:label1\" content=\"Dur\u00e9e de lecture estim\u00e9e\" \/>\n\t<meta name=\"twitter:data1\" content=\"2 minutes\" \/>\n<script type=\"application\/ld+json\" class=\"yoast-schema-graph\">{\"@context\":\"https:\/\/schema.org\",\"@graph\":[{\"@type\":\"WebPage\",\"@id\":\"https:\/\/www.meco.lu\/de\/fotos-der-pflanzen\/\",\"url\":\"https:\/\/www.meco.lu\/de\/fotos-der-pflanzen\/\",\"name\":\"Photos des plantes - Mouvement \u00e9cologique\",\"isPartOf\":{\"@id\":\"https:\/\/www.meco.lu\/de\/#website\"},\"datePublished\":\"2017-02-06T13:42:26+00:00\",\"dateModified\":\"2017-02-28T09:36:51+00:00\",\"breadcrumb\":{\"@id\":\"https:\/\/www.meco.lu\/de\/fotos-der-pflanzen\/#breadcrumb\"},\"inLanguage\":\"fr-FR\",\"potentialAction\":[{\"@type\":\"ReadAction\",\"target\":[\"https:\/\/www.meco.lu\/de\/fotos-der-pflanzen\/\"]}]},{\"@type\":\"BreadcrumbList\",\"@id\":\"https:\/\/www.meco.lu\/de\/fotos-der-pflanzen\/#breadcrumb\",\"itemListElement\":[{\"@type\":\"ListItem\",\"position\":1,\"name\":\"Home\",\"item\":\"https:\/\/www.meco.lu\/fr\/\"},{\"@type\":\"ListItem\",\"position\":2,\"name\":\"Photos des plantes\"}]},{\"@type\":\"WebSite\",\"@id\":\"https:\/\/www.meco.lu\/de\/#website\",\"url\":\"https:\/\/www.meco.lu\/de\/\",\"name\":\"Mouvement \u00e9cologique\",\"description\":\"\",\"potentialAction\":[{\"@type\":\"SearchAction\",\"target\":{\"@type\":\"EntryPoint\",\"urlTemplate\":\"https:\/\/www.meco.lu\/de\/?s={search_term_string}\"},\"query-input\":{\"@type\":\"PropertyValueSpecification\",\"valueRequired\":true,\"valueName\":\"search_term_string\"}}],\"inLanguage\":\"fr-FR\"}]}<\/script>\n<!-- \/ Yoast SEO plugin. -->","yoast_head_json":{"title":"Photos des plantes - Mouvement \u00e9cologique","robots":{"index":"index","follow":"follow","max-snippet":"max-snippet:-1","max-image-preview":"max-image-preview:large","max-video-preview":"max-video-preview:-1"},"canonical":"https:\/\/www.meco.lu\/de\/fotos-der-pflanzen\/","og_locale":"fr_FR","og_type":"article","og_title":"Photos des plantes - Mouvement \u00e9cologique","og_description":"[vc_row][vc_column][vc_column_text] Curieux de d\u00e9couvrir\u00a0les diff\u00e9rentes plantes amies des abeilles\u00a0pr\u00e9sent\u00e9es dans le d\u00e9pliant? Dans notre galerie d&rsquo;images, nous avons rassembl\u00e9 des photos des plantes pr\u00e9f\u00e9r\u00e9es des abeilles: cliquez sur les diff\u00e9rentes cat\u00e9gories et sur les photos pour les agrandir et les afficher avec leurs noms. Bien \u00e9videmment, vous pourrez nous envoyer aussi vos photos de l&rsquo;action, [&hellip;]","og_url":"https:\/\/www.meco.lu\/de\/fotos-der-pflanzen\/","og_site_name":"Mouvement \u00e9cologique","article_modified_time":"2017-02-28T09:36:51+00:00","twitter_card":"summary_large_image","twitter_misc":{"Dur\u00e9e de lecture estim\u00e9e":"2 minutes"},"schema":{"@context":"https:\/\/schema.org","@graph":[{"@type":"WebPage","@id":"https:\/\/www.meco.lu\/de\/fotos-der-pflanzen\/","url":"https:\/\/www.meco.lu\/de\/fotos-der-pflanzen\/","name":"Photos des plantes - Mouvement \u00e9cologique","isPartOf":{"@id":"https:\/\/www.meco.lu\/de\/#website"},"datePublished":"2017-02-06T13:42:26+00:00","dateModified":"2017-02-28T09:36:51+00:00","breadcrumb":{"@id":"https:\/\/www.meco.lu\/de\/fotos-der-pflanzen\/#breadcrumb"},"inLanguage":"fr-FR","potentialAction":[{"@type":"ReadAction","target":["https:\/\/www.meco.lu\/de\/fotos-der-pflanzen\/"]}]},{"@type":"BreadcrumbList","@id":"https:\/\/www.meco.lu\/de\/fotos-der-pflanzen\/#breadcrumb","itemListElement":[{"@type":"ListItem","position":1,"name":"Home","item":"https:\/\/www.meco.lu\/fr\/"},{"@type":"ListItem","position":2,"name":"Photos des plantes"}]},{"@type":"WebSite","@id":"https:\/\/www.meco.lu\/de\/#website","url":"https:\/\/www.meco.lu\/de\/","name":"Mouvement \u00e9cologique","description":"","potentialAction":[{"@type":"SearchAction","target":{"@type":"EntryPoint","urlTemplate":"https:\/\/www.meco.lu\/de\/?s={search_term_string}"},"query-input":{"@type":"PropertyValueSpecification","valueRequired":true,"valueName":"search_term_string"}}],"inLanguage":"fr-FR"}]}},"_links":{"self":[{"href":"https:\/\/www.meco.lu\/fr\/wp-json\/wp\/v2\/pages\/21789","targetHints":{"allow":["GET"]}}],"collection":[{"href":"https:\/\/www.meco.lu\/fr\/wp-json\/wp\/v2\/pages"}],"about":[{"href":"https:\/\/www.meco.lu\/fr\/wp-json\/wp\/v2\/types\/page"}],"author":[{"embeddable":true,"href":"https:\/\/www.meco.lu\/fr\/wp-json\/wp\/v2\/users\/5"}],"replies":[{"embeddable":true,"href":"https:\/\/www.meco.lu\/fr\/wp-json\/wp\/v2\/comments?post=21789"}],"version-history":[{"count":5,"href":"https:\/\/www.meco.lu\/fr\/wp-json\/wp\/v2\/pages\/21789\/revisions"}],"predecessor-version":[{"id":21810,"href":"https:\/\/www.meco.lu\/fr\/wp-json\/wp\/v2\/pages\/21789\/revisions\/21810"}],"wp:attachment":[{"href":"https:\/\/www.meco.lu\/fr\/wp-json\/wp\/v2\/media?parent=21789"}],"curies":[{"name":"wp","href":"https:\/\/api.w.org\/{rel}","templated":true}]}}