{"id":20822,"date":"2016-11-02T14:40:37","date_gmt":"2016-11-02T12:40:37","guid":{"rendered":"http:\/\/www.meco.lu\/fr\/?page_id=20822"},"modified":"2024-05-21T13:46:33","modified_gmt":"2024-05-21T11:46:33","slug":"20822-2","status":"publish","type":"page","link":"https:\/\/www.meco.lu\/fr\/20822-2\/","title":{"rendered":"Acc\u00e8s"},"content":{"rendered":"<div class=\"pf-content\"><p><strong>Le si\u00e8ge du Mouvement Ecologique est \u00e0 l&rsquo;Oekozenter Pafendall:<br \/>\n<\/strong><br \/>\nMouvement Ecologique<br \/>\n6, rue Vauban<br \/>\nL-2663 Luxemburg \/ Pfaffenthal<br \/>\nTel: (+352) 439030-1<br \/>\nFax: (+352) 439030-43<br \/>\n<a href=\"mailto:meco@oeko.lu\" target=\"_blank\" rel=\"noopener\">meco@oeko.lu<\/a><\/p>\n<p>&nbsp;<\/p>\n<p>Les heures d&rsquo;ouverture:<\/p>\n<p>du lundi au vendredi de 8.00-12.00 h \/ 14.00-17.00 h<br \/>\nLe secr\u00e9tariat est ferm\u00e9 le vendredi apr\u00e8s-midi<\/p>\n<p>&nbsp;<\/p>\n<p><strong>Arriver \u00e0 l&rsquo;Oekozenter Pafendall:\u00a0<\/strong><\/p>\n<p><strong>\u00e0 pied:<\/strong> arrivant de la ville haute, prenez l\u2019ascenseur panoramique (entr\u00e9e au parc Pescatore), apr\u00e8s, ca. 4 min. jusqu\u2019\u00e0 l\u2019Oekozenter; ou du \u201cF\u00ebschmaart\u201d (environ 10 min. \u00e0 pied)<\/p>\n<p><strong>en bus:<\/strong> avec le bus num\u00e9ro 23 jusqu\u2019\u00e0 l\u2019arr\u00eat \u201cTh\u00e9iwesbuer\u201d ou \u201cVauban\u201d. Alternative: prenez un bus jusqu\u2019\u00e0 la Fondation Pescatore et allez \u00e0 pied jusqu\u2019\u00e0 l\u2019ascenseur panoramique qui vous emm\u00e8ne au Pfaffenthal. Infos sur les connections des bus sur www.mobiliteit.lu<\/p>\n<p><strong>en train:<\/strong> arrivant du nord du pays ou de la Gare Luxembourg jusqu\u2019\u00e0 la gare Pfaffenthal-Kirchberg, apr\u00e8s env. 10 min. \u00e0 pied jusqu\u2019\u00e0 l\u2019Oekozenter.<\/p>\n<p><strong>\u00e0 v\u00e9lo:<\/strong> en arrivant de la ville haute, prenez l\u2019ascenseur panoramqiue pour venir au Pfaffenthal. \u00c0 l\u2019Oekozenter, vous trouverez un grand abri v\u00e9los.<\/p>\n<p><strong>en voiture<\/strong>: au mieux: se garer au parking \u201cGlacis\u201d et aller \u00e0 pied \u00e0 l\u2019ascenseur panoramique qui vous emm\u00e8ne confortablement au Pfaffenthal. Peu de parkings aux environs de l\u2019Oekozenter, e.a. en face de l\u2019\u00e9glise, \u00e0 la partie sup\u00e9rieure de la \u201crue des trois glands\u201d ou, en arrivant de l\u2019\u201dEecher Plaz\u201d: parking au terrain de foot. Tous les parkings sont payants.<\/p>\n<p>&nbsp;<\/p>\n<p>Information importante: en raison de travaux de maintenance, l&rsquo;ascenseur panoramique est hors service chaque premier lundi du mois.<\/p>\n<p>&nbsp;<\/p>\n<p><strong><a href=\"http:\/\/www.meco.lu\/wp-content\/uploads\/2015\/05\/OpenStreet_januar_2018.pdf\" target=\"_blank\" rel=\"noopener\">T\u00e9l\u00e9chargement PDF: plan d&rsquo;acc\u00e8s Oekozenter Pafendall<\/a><\/strong><\/p>\n<p>&nbsp;<\/p>\n<p><strong><a href=\"http:\/\/auto.luxweb.lu\/fr\/calcul-itineraire\" target=\"_blank\" rel=\"noopener\">Calculez\u00a0votre itin\u00e9raire<\/a><\/strong><\/p>\n<p>&nbsp;<\/p>\n<p><strong>Plan d&rsquo;acc\u00e8s (cliquez sur l&rsquo;image pour l&rsquo;agrandir):<\/strong><a href=\"http:\/\/www.meco.lu\/wp-content\/uploads\/2016\/11\/OpenStreet_januar_2018-F.jpg\"><img loading=\"lazy\" decoding=\"async\" class=\"alignleft size-full wp-image-24396\" src=\"http:\/\/www.meco.lu\/wp-content\/uploads\/2016\/11\/OpenStreet_januar_2018-F.jpg\" alt=\"OpenStreet_januar_2018-F\" width=\"3104\" height=\"2137\" srcset=\"https:\/\/www.meco.lu\/wp-content\/uploads\/2016\/11\/OpenStreet_januar_2018-F.jpg 3104w, https:\/\/www.meco.lu\/wp-content\/uploads\/2016\/11\/OpenStreet_januar_2018-F-300x207.jpg 300w, https:\/\/www.meco.lu\/wp-content\/uploads\/2016\/11\/OpenStreet_januar_2018-F-1024x705.jpg 1024w, https:\/\/www.meco.lu\/wp-content\/uploads\/2016\/11\/OpenStreet_januar_2018-F-213x147.jpg 213w\" sizes=\"auto, (max-width: 3104px) 100vw, 3104px\" \/><\/a><\/p>\n<\/div>","protected":false},"excerpt":{"rendered":"<p>Le si\u00e8ge du Mouvement Ecologique est \u00e0 l&rsquo;Oekozenter Pafendall: Mouvement Ecologique 6, rue Vauban L-2663 Luxemburg \/ Pfaffenthal Tel: (+352) 439030-1 Fax: (+352) 439030-43 meco@oeko.lu &nbsp; Les heures d&rsquo;ouverture: du lundi au vendredi de 8.00-12.00 h \/ 14.00-17.00 h Le secr\u00e9tariat est ferm\u00e9 le vendredi apr\u00e8s-midi &nbsp; Arriver \u00e0 l&rsquo;Oekozenter Pafendall:\u00a0 \u00e0 pied: arrivant de [&hellip;]<\/p>\n","protected":false},"author":5,"featured_media":46271,"parent":0,"menu_order":14,"comment_status":"closed","ping_status":"closed","template":"","meta":{"_acf_changed":false,"footnotes":""},"class_list":["post-20822","page","type-page","status-publish","has-post-thumbnail","hentry"],"acf":[],"yoast_head":"<!-- This site is optimized with the Yoast SEO plugin v27.2 - https:\/\/yoast.com\/product\/yoast-seo-wordpress\/ -->\n<title>Acc\u00e8s - Mouvement \u00e9cologique<\/title>\n<meta name=\"robots\" content=\"index, follow, max-snippet:-1, max-image-preview:large, max-video-preview:-1\" \/>\n<link rel=\"canonical\" href=\"https:\/\/www.meco.lu\/de\/acces\/\" \/>\n<meta property=\"og:locale\" content=\"fr_FR\" \/>\n<meta property=\"og:type\" content=\"article\" \/>\n<meta property=\"og:title\" content=\"Acc\u00e8s - Mouvement \u00e9cologique\" \/>\n<meta property=\"og:description\" content=\"Le si\u00e8ge du Mouvement Ecologique est \u00e0 l&rsquo;Oekozenter Pafendall: Mouvement Ecologique 6, rue Vauban L-2663 Luxemburg \/ Pfaffenthal Tel: (+352) 439030-1 Fax: (+352) 439030-43 meco@oeko.lu &nbsp; Les heures d&rsquo;ouverture: du lundi au vendredi de 8.00-12.00 h \/ 14.00-17.00 h Le secr\u00e9tariat est ferm\u00e9 le vendredi apr\u00e8s-midi &nbsp; Arriver \u00e0 l&rsquo;Oekozenter Pafendall:\u00a0 \u00e0 pied: arrivant de [&hellip;]\" \/>\n<meta property=\"og:url\" content=\"https:\/\/www.meco.lu\/de\/acces\/\" \/>\n<meta property=\"og:site_name\" content=\"Mouvement \u00e9cologique\" \/>\n<meta property=\"article:modified_time\" content=\"2024-05-21T11:46:33+00:00\" \/>\n<meta property=\"og:image\" content=\"http:\/\/www.meco.lu\/wp-content\/uploads\/2015\/05\/Acces-Oekozenter_Parking.jpg\" \/>\n\t<meta property=\"og:image:width\" content=\"1279\" \/>\n\t<meta property=\"og:image:height\" content=\"773\" \/>\n\t<meta property=\"og:image:type\" content=\"image\/jpeg\" \/>\n<meta name=\"twitter:card\" content=\"summary_large_image\" \/>\n<meta name=\"twitter:label1\" content=\"Dur\u00e9e de lecture estim\u00e9e\" \/>\n\t<meta name=\"twitter:data1\" content=\"1 minute\" \/>\n<script type=\"application\/ld+json\" class=\"yoast-schema-graph\">{\"@context\":\"https:\/\/schema.org\",\"@graph\":[{\"@type\":\"WebPage\",\"@id\":\"https:\/\/www.meco.lu\/de\/acces\/\",\"url\":\"https:\/\/www.meco.lu\/de\/acces\/\",\"name\":\"Acc\u00e8s - Mouvement \u00e9cologique\",\"isPartOf\":{\"@id\":\"https:\/\/www.meco.lu\/de\/#website\"},\"primaryImageOfPage\":{\"@id\":\"https:\/\/www.meco.lu\/de\/acces\/#primaryimage\"},\"image\":{\"@id\":\"https:\/\/www.meco.lu\/de\/acces\/#primaryimage\"},\"thumbnailUrl\":\"https:\/\/www.meco.lu\/wp-content\/uploads\/2015\/05\/Acces-Oekozenter_Parking.jpg\",\"datePublished\":\"2016-11-02T12:40:37+00:00\",\"dateModified\":\"2024-05-21T11:46:33+00:00\",\"breadcrumb\":{\"@id\":\"https:\/\/www.meco.lu\/de\/acces\/#breadcrumb\"},\"inLanguage\":\"fr-FR\",\"potentialAction\":[{\"@type\":\"ReadAction\",\"target\":[\"https:\/\/www.meco.lu\/de\/acces\/\"]}]},{\"@type\":\"ImageObject\",\"inLanguage\":\"fr-FR\",\"@id\":\"https:\/\/www.meco.lu\/de\/acces\/#primaryimage\",\"url\":\"https:\/\/www.meco.lu\/wp-content\/uploads\/2015\/05\/Acces-Oekozenter_Parking.jpg\",\"contentUrl\":\"https:\/\/www.meco.lu\/wp-content\/uploads\/2015\/05\/Acces-Oekozenter_Parking.jpg\",\"width\":1279,\"height\":773},{\"@type\":\"BreadcrumbList\",\"@id\":\"https:\/\/www.meco.lu\/de\/acces\/#breadcrumb\",\"itemListElement\":[{\"@type\":\"ListItem\",\"position\":1,\"name\":\"Home\",\"item\":\"https:\/\/www.meco.lu\/fr\/\"},{\"@type\":\"ListItem\",\"position\":2,\"name\":\"Acc\u00e8s\"}]},{\"@type\":\"WebSite\",\"@id\":\"https:\/\/www.meco.lu\/de\/#website\",\"url\":\"https:\/\/www.meco.lu\/de\/\",\"name\":\"Mouvement \u00e9cologique\",\"description\":\"\",\"potentialAction\":[{\"@type\":\"SearchAction\",\"target\":{\"@type\":\"EntryPoint\",\"urlTemplate\":\"https:\/\/www.meco.lu\/de\/?s={search_term_string}\"},\"query-input\":{\"@type\":\"PropertyValueSpecification\",\"valueRequired\":true,\"valueName\":\"search_term_string\"}}],\"inLanguage\":\"fr-FR\"}]}<\/script>\n<!-- \/ Yoast SEO plugin. -->","yoast_head_json":{"title":"Acc\u00e8s - Mouvement \u00e9cologique","robots":{"index":"index","follow":"follow","max-snippet":"max-snippet:-1","max-image-preview":"max-image-preview:large","max-video-preview":"max-video-preview:-1"},"canonical":"https:\/\/www.meco.lu\/de\/acces\/","og_locale":"fr_FR","og_type":"article","og_title":"Acc\u00e8s - Mouvement \u00e9cologique","og_description":"Le si\u00e8ge du Mouvement Ecologique est \u00e0 l&rsquo;Oekozenter Pafendall: Mouvement Ecologique 6, rue Vauban L-2663 Luxemburg \/ Pfaffenthal Tel: (+352) 439030-1 Fax: (+352) 439030-43 meco@oeko.lu &nbsp; Les heures d&rsquo;ouverture: du lundi au vendredi de 8.00-12.00 h \/ 14.00-17.00 h Le secr\u00e9tariat est ferm\u00e9 le vendredi apr\u00e8s-midi &nbsp; Arriver \u00e0 l&rsquo;Oekozenter Pafendall:\u00a0 \u00e0 pied: arrivant de [&hellip;]","og_url":"https:\/\/www.meco.lu\/de\/acces\/","og_site_name":"Mouvement \u00e9cologique","article_modified_time":"2024-05-21T11:46:33+00:00","og_image":[{"width":1279,"height":773,"url":"http:\/\/www.meco.lu\/wp-content\/uploads\/2015\/05\/Acces-Oekozenter_Parking.jpg","type":"image\/jpeg"}],"twitter_card":"summary_large_image","twitter_misc":{"Dur\u00e9e de lecture estim\u00e9e":"1 minute"},"schema":{"@context":"https:\/\/schema.org","@graph":[{"@type":"WebPage","@id":"https:\/\/www.meco.lu\/de\/acces\/","url":"https:\/\/www.meco.lu\/de\/acces\/","name":"Acc\u00e8s - Mouvement \u00e9cologique","isPartOf":{"@id":"https:\/\/www.meco.lu\/de\/#website"},"primaryImageOfPage":{"@id":"https:\/\/www.meco.lu\/de\/acces\/#primaryimage"},"image":{"@id":"https:\/\/www.meco.lu\/de\/acces\/#primaryimage"},"thumbnailUrl":"https:\/\/www.meco.lu\/wp-content\/uploads\/2015\/05\/Acces-Oekozenter_Parking.jpg","datePublished":"2016-11-02T12:40:37+00:00","dateModified":"2024-05-21T11:46:33+00:00","breadcrumb":{"@id":"https:\/\/www.meco.lu\/de\/acces\/#breadcrumb"},"inLanguage":"fr-FR","potentialAction":[{"@type":"ReadAction","target":["https:\/\/www.meco.lu\/de\/acces\/"]}]},{"@type":"ImageObject","inLanguage":"fr-FR","@id":"https:\/\/www.meco.lu\/de\/acces\/#primaryimage","url":"https:\/\/www.meco.lu\/wp-content\/uploads\/2015\/05\/Acces-Oekozenter_Parking.jpg","contentUrl":"https:\/\/www.meco.lu\/wp-content\/uploads\/2015\/05\/Acces-Oekozenter_Parking.jpg","width":1279,"height":773},{"@type":"BreadcrumbList","@id":"https:\/\/www.meco.lu\/de\/acces\/#breadcrumb","itemListElement":[{"@type":"ListItem","position":1,"name":"Home","item":"https:\/\/www.meco.lu\/fr\/"},{"@type":"ListItem","position":2,"name":"Acc\u00e8s"}]},{"@type":"WebSite","@id":"https:\/\/www.meco.lu\/de\/#website","url":"https:\/\/www.meco.lu\/de\/","name":"Mouvement \u00e9cologique","description":"","potentialAction":[{"@type":"SearchAction","target":{"@type":"EntryPoint","urlTemplate":"https:\/\/www.meco.lu\/de\/?s={search_term_string}"},"query-input":{"@type":"PropertyValueSpecification","valueRequired":true,"valueName":"search_term_string"}}],"inLanguage":"fr-FR"}]}},"_links":{"self":[{"href":"https:\/\/www.meco.lu\/fr\/wp-json\/wp\/v2\/pages\/20822","targetHints":{"allow":["GET"]}}],"collection":[{"href":"https:\/\/www.meco.lu\/fr\/wp-json\/wp\/v2\/pages"}],"about":[{"href":"https:\/\/www.meco.lu\/fr\/wp-json\/wp\/v2\/types\/page"}],"author":[{"embeddable":true,"href":"https:\/\/www.meco.lu\/fr\/wp-json\/wp\/v2\/users\/5"}],"replies":[{"embeddable":true,"href":"https:\/\/www.meco.lu\/fr\/wp-json\/wp\/v2\/comments?post=20822"}],"version-history":[{"count":6,"href":"https:\/\/www.meco.lu\/fr\/wp-json\/wp\/v2\/pages\/20822\/revisions"}],"predecessor-version":[{"id":24397,"href":"https:\/\/www.meco.lu\/fr\/wp-json\/wp\/v2\/pages\/20822\/revisions\/24397"}],"wp:featuredmedia":[{"embeddable":true,"href":"https:\/\/www.meco.lu\/fr\/wp-json\/wp\/v2\/media\/46271"}],"wp:attachment":[{"href":"https:\/\/www.meco.lu\/fr\/wp-json\/wp\/v2\/media?parent=20822"}],"curies":[{"name":"wp","href":"https:\/\/api.w.org\/{rel}","templated":true}]}}