{"id":18424,"date":"2016-06-08T11:12:36","date_gmt":"2016-06-08T09:12:36","guid":{"rendered":"http:\/\/www.meco.lu\/fr\/?page_id=18424"},"modified":"2025-07-22T09:21:33","modified_gmt":"2025-07-22T07:21:33","slug":"move","status":"publish","type":"page","link":"https:\/\/www.meco.lu\/fr\/move\/","title":{"rendered":"move."},"content":{"rendered":"<section class=\"wpb-content-wrapper\"><div class=\"pf-content\"><p>[vc_row][vc_column][vc_single_image image=\u00a0\u00bb17471&Prime; img_size=\u00a0\u00bbfull\u00a0\u00bb][\/vc_column][\/vc_row][vc_row][vc_column][vc_column_text]<\/p>\n<h2><span style=\"color: #99cc00\"><b>Groupe de jeunes \u2013 Projets \u2013 Activit\u00e9s \u2013 \u00c9ducation \u00e0 l&rsquo;environnement \u2013 Ateliers \u2013 Stage:<\/b><\/span><\/h2>\n<p>&nbsp;<\/p>\n<p><strong><span style=\"color: #99cc00\">move.<\/span><\/strong> soutient les jeunes qui souhaitent s&rsquo;engager en faveur d&rsquo;une soci\u00e9t\u00e9 tourn\u00e9e vers l&rsquo;avenir et respectueuse de l&rsquo;environnement. L&rsquo;objectif est de donner une voix aux jeunes qui souhaitent s&rsquo;engager en faveur d&rsquo;un mode de vie durable.<\/p>\n<p><span style=\"color: #99cc00\"><strong>move.<\/strong><\/span> cr\u00e9e des projets dans des domaines li\u00e9s \u00e0 la protection de l&rsquo;environnement. Outre son propre groupe de jeunes, l&rsquo;association propose des projets, des activit\u00e9s et des formations sur des th\u00e8mes tels que le climat, la consommation, la mondialisation, la mobilit\u00e9, le logement, l&rsquo;alimentation, la d\u00e9mocratie et l&rsquo;autod\u00e9termination.<\/p>\n<p>&nbsp;<\/p>\n<section><\/section>\n<h3><span style=\"color: #99cc00\"><b>Groupe de jeunes :<\/b><\/span><\/h3>\n<section>Tu veux faire bouger les choses ?Le changement climatique, la mondialisation, la protection de la nature ou la consommation effr\u00e9n\u00e9e sont autant de th\u00e8mes qui nous pr\u00e9occupent au quotidien. Bien s\u00fbr, nous pouvons compter sur d&rsquo;autres personnes pour s&rsquo;en occuper. Mais nous pouvons aussi agir nous-m\u00eames, nous rassembler et r\u00e9fl\u00e9chir \u00e0 des changements.Le groupe de jeunes move. se r\u00e9unit r\u00e9guli\u00e8rement.<\/section>\n<section>\n<h3><\/h3>\n<h3><span style=\"color: #99cc00\"><b>Ateliers :<\/b><\/span><\/h3>\n<p>move. propose diff\u00e9rents ateliers sur le th\u00e8me du d\u00e9veloppement durable pour les \u00e9coles ou les groupes de jeunes. Si vous avez d&rsquo;autres questions, envoyez simplement un e-mail \u00e0 <strong><a href=\"mailto:move@oeko.lu\"><span style=\"color: #99cc00\">move@oeko.lu<\/span> <\/a><\/strong>ou appelez-nous au <span style=\"color: #99cc00\"><strong>43 90 30 \u2013 32<\/strong><\/span>.<\/p>\n<p>&nbsp;<\/p>\n<h3><span style=\"color: #99cc00\"><b>Fais un stage chez move :<\/b><\/span><\/h3>\n<p>Depuis f\u00e9vrier 2016, move. offre aux jeunes la possibilit\u00e9 d&rsquo;effectuer un stage \u00e0 l&rsquo;\u00d6kocenter. Pendant leur stage, les \u00e9l\u00e8ves ou \u00e9tudiants ont la possibilit\u00e9 de participer \u00e0 un projet concret. En fonction de la dur\u00e9e et des int\u00e9r\u00eats, des objectifs sont fix\u00e9s ensemble et une grande importance est accord\u00e9e au d\u00e9veloppement personnel des jeunes.<\/p>\n<p>Tu t&rsquo;int\u00e9resses au d\u00e9veloppement durable ? Tu as envie de participer \u00e0 un projet concret ?<\/p>\n<p>&nbsp;<\/p>\n<p>Envoie simplement ta lettre de motivation et ton CV \u00e0 <strong><a href=\"mailto:move@oeko.lu\"><span style=\"color: #99cc00\">move@oeko.lu<\/span><\/a><\/strong><\/p>\n<p>&nbsp;<\/p>\n<h3><span style=\"color: #99cc00\"><b><i>Tu trouves de plus amples informations sur le site web de move : <\/i><\/b><span style=\"color: #339966\"><a style=\"color: #339966\" href=\"http:\/\/move.meco.lu\/\"><b><i>move.meco.lu\/<\/i><\/b><\/a><\/span><\/span><\/h3>\n<\/section>\n<section><\/section>\n<section><\/section>\n<section><\/section>\n<section><\/section>\n<section><\/section>\n<section><\/section>\n<section><\/section>\n<section><\/section>\n<section><\/section>\n<p>[\/vc_column_text][\/vc_column][\/vc_row]<\/p>\n<\/div><\/section>","protected":false},"excerpt":{"rendered":"<p>[vc_row][vc_column][vc_single_image image=\u00a0\u00bb17471&Prime; img_size=\u00a0\u00bbfull\u00a0\u00bb][\/vc_column][\/vc_row][vc_row][vc_column][vc_column_text] Groupe de jeunes \u2013 Projets \u2013 Activit\u00e9s \u2013 \u00c9ducation \u00e0 l&rsquo;environnement \u2013 Ateliers \u2013 Stage: &nbsp; move. soutient les jeunes qui souhaitent s&rsquo;engager en faveur d&rsquo;une soci\u00e9t\u00e9 tourn\u00e9e vers l&rsquo;avenir et respectueuse de l&rsquo;environnement. L&rsquo;objectif est de donner une voix aux jeunes qui souhaitent s&rsquo;engager en faveur d&rsquo;un mode de vie durable. [&hellip;]<\/p>\n","protected":false},"author":5,"featured_media":17471,"parent":0,"menu_order":0,"comment_status":"closed","ping_status":"closed","template":"","meta":{"_acf_changed":false,"footnotes":""},"class_list":["post-18424","page","type-page","status-publish","has-post-thumbnail","hentry"],"acf":[],"yoast_head":"<!-- This site is optimized with the Yoast SEO plugin v27.2 - https:\/\/yoast.com\/product\/yoast-seo-wordpress\/ -->\n<title>move. - Mouvement \u00e9cologique<\/title>\n<meta name=\"description\" content=\"S&#039;engager et \u00eatre cr\u00e9atif pour un meilleur avenir. Si vous souhaitez en savoir plus, envoyez simplement un e-mail \u00e0 move@oeko.lu ou consultez le site Internet : move.meco.lu.\" \/>\n<meta name=\"robots\" content=\"index, follow, max-snippet:-1, max-image-preview:large, max-video-preview:-1\" \/>\n<link rel=\"canonical\" href=\"https:\/\/www.meco.lu\/fr\/move\/\" \/>\n<meta property=\"og:locale\" content=\"fr_FR\" \/>\n<meta property=\"og:type\" content=\"article\" \/>\n<meta property=\"og:title\" content=\"move. - Mouvement \u00e9cologique\" \/>\n<meta property=\"og:description\" content=\"S&#039;engager et \u00eatre cr\u00e9atif pour un meilleur avenir. Si vous souhaitez en savoir plus, envoyez simplement un e-mail \u00e0 move@oeko.lu ou consultez le site Internet : move.meco.lu.\" \/>\n<meta property=\"og:url\" content=\"https:\/\/www.meco.lu\/fr\/move\/\" \/>\n<meta property=\"og:site_name\" content=\"Mouvement \u00e9cologique\" \/>\n<meta property=\"article:modified_time\" content=\"2025-07-22T07:21:33+00:00\" \/>\n<meta property=\"og:image\" content=\"http:\/\/www.meco.lu\/wp-content\/uploads\/2016\/02\/Move-Logo-news.jpg\" \/>\n\t<meta property=\"og:image:width\" content=\"700\" \/>\n\t<meta property=\"og:image:height\" content=\"364\" \/>\n\t<meta property=\"og:image:type\" content=\"image\/jpeg\" \/>\n<meta name=\"twitter:card\" content=\"summary_large_image\" \/>\n<meta name=\"twitter:label1\" content=\"Dur\u00e9e de lecture estim\u00e9e\" \/>\n\t<meta name=\"twitter:data1\" content=\"2 minutes\" \/>\n<script type=\"application\/ld+json\" class=\"yoast-schema-graph\">{\"@context\":\"https:\/\/schema.org\",\"@graph\":[{\"@type\":\"WebPage\",\"@id\":\"https:\/\/www.meco.lu\/fr\/move\/\",\"url\":\"https:\/\/www.meco.lu\/fr\/move\/\",\"name\":\"move. - Mouvement \u00e9cologique\",\"isPartOf\":{\"@id\":\"https:\/\/www.meco.lu\/de\/#website\"},\"primaryImageOfPage\":{\"@id\":\"https:\/\/www.meco.lu\/fr\/move\/#primaryimage\"},\"image\":{\"@id\":\"https:\/\/www.meco.lu\/fr\/move\/#primaryimage\"},\"thumbnailUrl\":\"https:\/\/www.meco.lu\/wp-content\/uploads\/2016\/02\/Move-Logo-news.jpg\",\"datePublished\":\"2016-06-08T09:12:36+00:00\",\"dateModified\":\"2025-07-22T07:21:33+00:00\",\"description\":\"S'engager et \u00eatre cr\u00e9atif pour un meilleur avenir. Si vous souhaitez en savoir plus, envoyez simplement un e-mail \u00e0 move@oeko.lu ou consultez le site Internet : move.meco.lu.\",\"breadcrumb\":{\"@id\":\"https:\/\/www.meco.lu\/fr\/move\/#breadcrumb\"},\"inLanguage\":\"fr-FR\",\"potentialAction\":[{\"@type\":\"ReadAction\",\"target\":[\"https:\/\/www.meco.lu\/fr\/move\/\"]}]},{\"@type\":\"ImageObject\",\"inLanguage\":\"fr-FR\",\"@id\":\"https:\/\/www.meco.lu\/fr\/move\/#primaryimage\",\"url\":\"https:\/\/www.meco.lu\/wp-content\/uploads\/2016\/02\/Move-Logo-news.jpg\",\"contentUrl\":\"https:\/\/www.meco.lu\/wp-content\/uploads\/2016\/02\/Move-Logo-news.jpg\",\"width\":700,\"height\":364},{\"@type\":\"BreadcrumbList\",\"@id\":\"https:\/\/www.meco.lu\/fr\/move\/#breadcrumb\",\"itemListElement\":[{\"@type\":\"ListItem\",\"position\":1,\"name\":\"Home\",\"item\":\"https:\/\/www.meco.lu\/fr\/\"},{\"@type\":\"ListItem\",\"position\":2,\"name\":\"move.\"}]},{\"@type\":\"WebSite\",\"@id\":\"https:\/\/www.meco.lu\/de\/#website\",\"url\":\"https:\/\/www.meco.lu\/de\/\",\"name\":\"Mouvement \u00e9cologique\",\"description\":\"\",\"potentialAction\":[{\"@type\":\"SearchAction\",\"target\":{\"@type\":\"EntryPoint\",\"urlTemplate\":\"https:\/\/www.meco.lu\/de\/?s={search_term_string}\"},\"query-input\":{\"@type\":\"PropertyValueSpecification\",\"valueRequired\":true,\"valueName\":\"search_term_string\"}}],\"inLanguage\":\"fr-FR\"}]}<\/script>\n<!-- \/ Yoast SEO plugin. -->","yoast_head_json":{"title":"move. - Mouvement \u00e9cologique","description":"S'engager et \u00eatre cr\u00e9atif pour un meilleur avenir. Si vous souhaitez en savoir plus, envoyez simplement un e-mail \u00e0 move@oeko.lu ou consultez le site Internet : move.meco.lu.","robots":{"index":"index","follow":"follow","max-snippet":"max-snippet:-1","max-image-preview":"max-image-preview:large","max-video-preview":"max-video-preview:-1"},"canonical":"https:\/\/www.meco.lu\/fr\/move\/","og_locale":"fr_FR","og_type":"article","og_title":"move. - Mouvement \u00e9cologique","og_description":"S'engager et \u00eatre cr\u00e9atif pour un meilleur avenir. Si vous souhaitez en savoir plus, envoyez simplement un e-mail \u00e0 move@oeko.lu ou consultez le site Internet : move.meco.lu.","og_url":"https:\/\/www.meco.lu\/fr\/move\/","og_site_name":"Mouvement \u00e9cologique","article_modified_time":"2025-07-22T07:21:33+00:00","og_image":[{"width":700,"height":364,"url":"http:\/\/www.meco.lu\/wp-content\/uploads\/2016\/02\/Move-Logo-news.jpg","type":"image\/jpeg"}],"twitter_card":"summary_large_image","twitter_misc":{"Dur\u00e9e de lecture estim\u00e9e":"2 minutes"},"schema":{"@context":"https:\/\/schema.org","@graph":[{"@type":"WebPage","@id":"https:\/\/www.meco.lu\/fr\/move\/","url":"https:\/\/www.meco.lu\/fr\/move\/","name":"move. - Mouvement \u00e9cologique","isPartOf":{"@id":"https:\/\/www.meco.lu\/de\/#website"},"primaryImageOfPage":{"@id":"https:\/\/www.meco.lu\/fr\/move\/#primaryimage"},"image":{"@id":"https:\/\/www.meco.lu\/fr\/move\/#primaryimage"},"thumbnailUrl":"https:\/\/www.meco.lu\/wp-content\/uploads\/2016\/02\/Move-Logo-news.jpg","datePublished":"2016-06-08T09:12:36+00:00","dateModified":"2025-07-22T07:21:33+00:00","description":"S'engager et \u00eatre cr\u00e9atif pour un meilleur avenir. Si vous souhaitez en savoir plus, envoyez simplement un e-mail \u00e0 move@oeko.lu ou consultez le site Internet : move.meco.lu.","breadcrumb":{"@id":"https:\/\/www.meco.lu\/fr\/move\/#breadcrumb"},"inLanguage":"fr-FR","potentialAction":[{"@type":"ReadAction","target":["https:\/\/www.meco.lu\/fr\/move\/"]}]},{"@type":"ImageObject","inLanguage":"fr-FR","@id":"https:\/\/www.meco.lu\/fr\/move\/#primaryimage","url":"https:\/\/www.meco.lu\/wp-content\/uploads\/2016\/02\/Move-Logo-news.jpg","contentUrl":"https:\/\/www.meco.lu\/wp-content\/uploads\/2016\/02\/Move-Logo-news.jpg","width":700,"height":364},{"@type":"BreadcrumbList","@id":"https:\/\/www.meco.lu\/fr\/move\/#breadcrumb","itemListElement":[{"@type":"ListItem","position":1,"name":"Home","item":"https:\/\/www.meco.lu\/fr\/"},{"@type":"ListItem","position":2,"name":"move."}]},{"@type":"WebSite","@id":"https:\/\/www.meco.lu\/de\/#website","url":"https:\/\/www.meco.lu\/de\/","name":"Mouvement \u00e9cologique","description":"","potentialAction":[{"@type":"SearchAction","target":{"@type":"EntryPoint","urlTemplate":"https:\/\/www.meco.lu\/de\/?s={search_term_string}"},"query-input":{"@type":"PropertyValueSpecification","valueRequired":true,"valueName":"search_term_string"}}],"inLanguage":"fr-FR"}]}},"_links":{"self":[{"href":"https:\/\/www.meco.lu\/fr\/wp-json\/wp\/v2\/pages\/18424","targetHints":{"allow":["GET"]}}],"collection":[{"href":"https:\/\/www.meco.lu\/fr\/wp-json\/wp\/v2\/pages"}],"about":[{"href":"https:\/\/www.meco.lu\/fr\/wp-json\/wp\/v2\/types\/page"}],"author":[{"embeddable":true,"href":"https:\/\/www.meco.lu\/fr\/wp-json\/wp\/v2\/users\/5"}],"replies":[{"embeddable":true,"href":"https:\/\/www.meco.lu\/fr\/wp-json\/wp\/v2\/comments?post=18424"}],"version-history":[{"count":5,"href":"https:\/\/www.meco.lu\/fr\/wp-json\/wp\/v2\/pages\/18424\/revisions"}],"predecessor-version":[{"id":51653,"href":"https:\/\/www.meco.lu\/fr\/wp-json\/wp\/v2\/pages\/18424\/revisions\/51653"}],"wp:featuredmedia":[{"embeddable":true,"href":"https:\/\/www.meco.lu\/fr\/wp-json\/wp\/v2\/media\/17471"}],"wp:attachment":[{"href":"https:\/\/www.meco.lu\/fr\/wp-json\/wp\/v2\/media?parent=18424"}],"curies":[{"name":"wp","href":"https:\/\/api.w.org\/{rel}","templated":true}]}}