{"id":18303,"date":"2016-05-26T14:07:12","date_gmt":"2016-05-26T12:07:12","guid":{"rendered":"http:\/\/www.meco.lu\/fr\/?page_id=18303"},"modified":"2017-06-01T13:59:18","modified_gmt":"2017-06-01T11:59:18","slug":"a-voller-blei-en-pleine-floraison-photo-de-participants","status":"publish","type":"page","link":"https:\/\/www.meco.lu\/fr\/a-voller-blei-en-pleine-floraison-photo-de-participants\/","title":{"rendered":"\u00ab A voller Bl\u00e9i \u00bb (\u00ab En pleine floraison \u00bb) &#8211; photos des participants"},"content":{"rendered":"<section class=\"wpb-content-wrapper\"><div class=\"pf-content\"><p>[vc_row][vc_column][vc_column_text]<strong>\u00ab A voller Bl\u00e9i \u00bb (\u00ab En pleine floraison \u00bb) \u2013 une belle r\u00e9ussite !<\/strong><br \/>\nNous sommes tr\u00e8s contents du retour positif que nous avons d\u00e9j\u00e0 eu jusqu\u2019\u00e0 pr\u00e9sent pour notre action et nous nous r\u00e9jouissons du fait que les <span style=\"text-decoration: underline;color: #339966\"><strong><a style=\"color: #339966;text-decoration: underline\" href=\"http:\/\/www.meco.lu\/fr\/magasins-partenaires\/\">magasins partenaires<\/a><\/strong> <\/span>et les <span style=\"text-decoration: underline\"><span style=\"color: #339966;text-decoration: underline\"><strong><a style=\"color: #339966;text-decoration: underline\" href=\"http:\/\/www.meco.lu\/fr\/communes-exemplaires-2017\/\">communes exemplaires <\/a><\/strong><\/span><\/span>sont si nombreux \u00e0 s\u2019enthousiasmer pour cette campagne et qu\u2019il y a aussi autant de personnes priv\u00e9es ayant d\u00e9j\u00e0 plant\u00e9 chez soi des fleurs et des herbes attirant les abeilles.<\/p>\n<p>Ici, vous trouvez les premi\u00e8res photos des participants au projet \u00ab A voller Bl\u00e9i \u00bb (\u00ab En pleine floraison \u00bb). Un grand merci \u00e0 tous pour leur soutien de cette action !<\/p>\n<p>&nbsp;<\/p>\n<p>Si vous aussi, vous avez d\u00e9j\u00e0 plant\u00e9 sur votre balcon ou dans votre jardin des herbes et des fleurs attirant les abeilles et vous souhaitez nous les montrer afin d\u2019inciter d\u2019autres \u00e0 participer \u00e9galement, nous serions heureux de recevoir une photo de votre part que nous montrerons ici sur le site et dans le K\u00e9isecker-Info (de fa\u00e7on anonyme ou avec votre nom, comme vous le pr\u00e9f\u00e9rez).<br \/>\nEnvoyez-nous votre photo par e-mail \u00e0 l\u2019adresse <strong><a href=\"mailto:meco@oeko.lu\" target=\"_blank\">meco@oeko.lu<\/a><\/strong>[\/vc_column_text][\/vc_column][\/vc_row][vc_row][vc_column width=\u00a0\u00bb1\/1&Prime;][vc_column_text]<\/p>\n<p class=\"alignnone\"><a href=\"http:\/\/www.meco.lu\/wp-content\/uploads\/2016\/05\/Gaart-zu-Blaaschent_RGB_-meco.lu_1024x7092.jpg\"><img loading=\"lazy\" decoding=\"async\" class=\"alignleft size-full wp-image-22611\" src=\"http:\/\/www.meco.lu\/wp-content\/uploads\/2016\/05\/Gaart-zu-Blaaschent_RGB_-meco.lu_1024x7092.jpg\" alt=\"Gaart zu Blaaschent_RGB_ meco.lu_1024x709\" width=\"1024\" height=\"709\" srcset=\"https:\/\/www.meco.lu\/wp-content\/uploads\/2016\/05\/Gaart-zu-Blaaschent_RGB_-meco.lu_1024x7092.jpg 1024w, https:\/\/www.meco.lu\/wp-content\/uploads\/2016\/05\/Gaart-zu-Blaaschent_RGB_-meco.lu_1024x7092-300x208.jpg 300w, https:\/\/www.meco.lu\/wp-content\/uploads\/2016\/05\/Gaart-zu-Blaaschent_RGB_-meco.lu_1024x7092-213x147.jpg 213w\" sizes=\"auto, (max-width: 1024px) 100vw, 1024px\" \/><\/a><\/p>\n<p><a href=\"http:\/\/www.meco.lu\/wp-content\/uploads\/2016\/05\/Gaart-zu-Blaaschent_RGB_-meco.lu_1024x7091.jpg\"><img loading=\"lazy\" decoding=\"async\" class=\"alignnone wp-image-22581 size-full\" src=\"http:\/\/www.meco.lu\/wp-content\/uploads\/2016\/05\/Ville-dEsch-1-RGB_meco.lu_1024x709.jpg\" alt=\"Gaart zu Blaaschent_RGB_ meco.lu_1024x709\" width=\"1024\" height=\"709\" srcset=\"https:\/\/www.meco.lu\/wp-content\/uploads\/2016\/05\/Ville-dEsch-1-RGB_meco.lu_1024x709.jpg 1024w, https:\/\/www.meco.lu\/wp-content\/uploads\/2016\/05\/Ville-dEsch-1-RGB_meco.lu_1024x709-300x208.jpg 300w, https:\/\/www.meco.lu\/wp-content\/uploads\/2016\/05\/Ville-dEsch-1-RGB_meco.lu_1024x709-213x147.jpg 213w\" sizes=\"auto, (max-width: 1024px) 100vw, 1024px\" \/><\/a><a href=\"http:\/\/www.meco.lu\/wp-content\/uploads\/2016\/05\/Ville-dEsch-1-RGB_meco.lu_1024x709.jpg\"><img loading=\"lazy\" decoding=\"async\" class=\"alignnone size-full wp-image-22581\" src=\"http:\/\/www.meco.lu\/wp-content\/uploads\/2016\/05\/Ville-dEsch-1-RGB_meco.lu_1024x709.jpg\" alt=\"Ville d'Esch 1 RGB_meco.lu_1024x709\" width=\"1024\" height=\"709\" srcset=\"https:\/\/www.meco.lu\/wp-content\/uploads\/2016\/05\/Ville-dEsch-1-RGB_meco.lu_1024x709.jpg 1024w, https:\/\/www.meco.lu\/wp-content\/uploads\/2016\/05\/Ville-dEsch-1-RGB_meco.lu_1024x709-300x208.jpg 300w, https:\/\/www.meco.lu\/wp-content\/uploads\/2016\/05\/Ville-dEsch-1-RGB_meco.lu_1024x709-213x147.jpg 213w\" sizes=\"auto, (max-width: 1024px) 100vw, 1024px\" \/><\/a><\/p>\n<p><a href=\"http:\/\/www.meco.lu\/wp-content\/uploads\/2016\/05\/Ville-dEsch-2-RGB_meco.lu_1024x709.jpg\"><img loading=\"lazy\" decoding=\"async\" class=\"alignnone size-full wp-image-22582\" src=\"http:\/\/www.meco.lu\/wp-content\/uploads\/2016\/05\/Ville-dEsch-2-RGB_meco.lu_1024x709.jpg\" alt=\"Ville d'Esch 2 RGB_meco.lu_1024x709\" width=\"1024\" height=\"709\" srcset=\"https:\/\/www.meco.lu\/wp-content\/uploads\/2016\/05\/Ville-dEsch-2-RGB_meco.lu_1024x709.jpg 1024w, https:\/\/www.meco.lu\/wp-content\/uploads\/2016\/05\/Ville-dEsch-2-RGB_meco.lu_1024x709-300x208.jpg 300w, https:\/\/www.meco.lu\/wp-content\/uploads\/2016\/05\/Ville-dEsch-2-RGB_meco.lu_1024x709-213x147.jpg 213w\" sizes=\"auto, (max-width: 1024px) 100vw, 1024px\" \/><\/a><br \/>\n<a href=\"http:\/\/www.meco.lu\/wp-content\/uploads\/2016\/05\/Ville-dEsch-3-RGB_meco.lu_1024x709.jpg\"><img loading=\"lazy\" decoding=\"async\" class=\"alignnone size-full wp-image-22585\" src=\"http:\/\/www.meco.lu\/wp-content\/uploads\/2016\/05\/Ville-dEsch-3-RGB_meco.lu_1024x709.jpg\" alt=\"Ville d'Esch 3 RGB_meco.lu_1024x709\" width=\"1024\" height=\"709\" srcset=\"https:\/\/www.meco.lu\/wp-content\/uploads\/2016\/05\/Ville-dEsch-3-RGB_meco.lu_1024x709.jpg 1024w, https:\/\/www.meco.lu\/wp-content\/uploads\/2016\/05\/Ville-dEsch-3-RGB_meco.lu_1024x709-300x208.jpg 300w, https:\/\/www.meco.lu\/wp-content\/uploads\/2016\/05\/Ville-dEsch-3-RGB_meco.lu_1024x709-213x147.jpg 213w\" sizes=\"auto, (max-width: 1024px) 100vw, 1024px\" \/><\/a><\/p>\n<p><a href=\"http:\/\/www.meco.lu\/wp-content\/uploads\/2016\/05\/Gemeng-Jongl\u00ebnster-meco.lu-1024-px.jpg\"><img loading=\"lazy\" decoding=\"async\" class=\"alignleft size-full wp-image-22630\" src=\"http:\/\/www.meco.lu\/wp-content\/uploads\/2016\/05\/Gemeng-Jongl\u00ebnster-meco.lu-1024-px.jpg\" alt=\"Gemeng Jongl\u00ebnster meco.lu 1024 px\" width=\"1024\" height=\"709\" srcset=\"https:\/\/www.meco.lu\/wp-content\/uploads\/2016\/05\/Gemeng-Jongl\u00ebnster-meco.lu-1024-px.jpg 1024w, https:\/\/www.meco.lu\/wp-content\/uploads\/2016\/05\/Gemeng-Jongl\u00ebnster-meco.lu-1024-px-300x208.jpg 300w, https:\/\/www.meco.lu\/wp-content\/uploads\/2016\/05\/Gemeng-Jongl\u00ebnster-meco.lu-1024-px-213x147.jpg 213w\" sizes=\"auto, (max-width: 1024px) 100vw, 1024px\" \/><\/a><\/p>\n<p>&nbsp;<\/p>\n<p><a href=\"http:\/\/www.meco.lu\/wp-content\/uploads\/2016\/05\/Gemeng-W\u00ebntger-1_RGB_meco.lu_1024x709.jpg\"><img loading=\"lazy\" decoding=\"async\" class=\"alignnone size-full wp-image-22512\" src=\"http:\/\/www.meco.lu\/wp-content\/uploads\/2016\/05\/Gemeng-W\u00ebntger-1_RGB_meco.lu_1024x709.jpg\" alt=\"Gemeng W\u00ebntger 1_RGB_meco.lu_1024x709\" width=\"1024\" height=\"709\" srcset=\"https:\/\/www.meco.lu\/wp-content\/uploads\/2016\/05\/Gemeng-W\u00ebntger-1_RGB_meco.lu_1024x709.jpg 1024w, https:\/\/www.meco.lu\/wp-content\/uploads\/2016\/05\/Gemeng-W\u00ebntger-1_RGB_meco.lu_1024x709-300x208.jpg 300w, https:\/\/www.meco.lu\/wp-content\/uploads\/2016\/05\/Gemeng-W\u00ebntger-1_RGB_meco.lu_1024x709-213x147.jpg 213w\" sizes=\"auto, (max-width: 1024px) 100vw, 1024px\" \/><\/a><\/p>\n<p>&nbsp;<\/p>\n<p><a href=\"http:\/\/www.meco.lu\/wp-content\/uploads\/2016\/05\/Gemeng-W\u00ebntger-2_RGB_meco_1024x709.jpg\"><img loading=\"lazy\" decoding=\"async\" class=\"alignnone size-full wp-image-22513\" src=\"http:\/\/www.meco.lu\/wp-content\/uploads\/2016\/05\/Gemeng-W\u00ebntger-2_RGB_meco_1024x709.jpg\" alt=\"Gemeng W\u00ebntger 2_RGB_meco_1024x709\" width=\"1024\" height=\"709\" srcset=\"https:\/\/www.meco.lu\/wp-content\/uploads\/2016\/05\/Gemeng-W\u00ebntger-2_RGB_meco_1024x709.jpg 1024w, https:\/\/www.meco.lu\/wp-content\/uploads\/2016\/05\/Gemeng-W\u00ebntger-2_RGB_meco_1024x709-300x208.jpg 300w, https:\/\/www.meco.lu\/wp-content\/uploads\/2016\/05\/Gemeng-W\u00ebntger-2_RGB_meco_1024x709-213x147.jpg 213w\" sizes=\"auto, (max-width: 1024px) 100vw, 1024px\" \/><\/a><\/p>\n<p><a href=\"http:\/\/www.meco.lu\/wp-content\/uploads\/2016\/05\/Jugendstuff-Munneref-20171.jpg\"><img loading=\"lazy\" decoding=\"async\" class=\"alignnone wp-image-22384 size-large\" src=\"http:\/\/www.meco.lu\/wp-content\/uploads\/2016\/05\/Jugendstuff-Munneref-20171-1024x709.jpg\" alt=\"Jugendstuff Munneref 2017\" width=\"1024\" height=\"709\" srcset=\"https:\/\/www.meco.lu\/wp-content\/uploads\/2016\/05\/Jugendstuff-Munneref-20171-1024x709.jpg 1024w, https:\/\/www.meco.lu\/wp-content\/uploads\/2016\/05\/Jugendstuff-Munneref-20171-300x208.jpg 300w, https:\/\/www.meco.lu\/wp-content\/uploads\/2016\/05\/Jugendstuff-Munneref-20171-213x148.jpg 213w\" sizes=\"auto, (max-width: 1024px) 100vw, 1024px\" \/><\/a><\/p>\n<p><a href=\"http:\/\/www.meco.lu\/wp-content\/uploads\/2016\/05\/Blummen-K\u00ebscht-Koos-Caroline_Hintergrund1.jpg\"><img loading=\"lazy\" decoding=\"async\" class=\"alignleft size-large wp-image-18334\" src=\"http:\/\/www.meco.lu\/wp-content\/uploads\/2016\/05\/Blummen-K\u00ebscht-Koos-Caroline_Hintergrund1-1024x709.jpg\" alt=\"Blummen-K\u00ebscht Koos Caroline_Hintergrund\" width=\"1024\" height=\"709\" srcset=\"https:\/\/www.meco.lu\/wp-content\/uploads\/2016\/05\/Blummen-K\u00ebscht-Koos-Caroline_Hintergrund1-1024x709.jpg 1024w, https:\/\/www.meco.lu\/wp-content\/uploads\/2016\/05\/Blummen-K\u00ebscht-Koos-Caroline_Hintergrund1-300x208.jpg 300w, https:\/\/www.meco.lu\/wp-content\/uploads\/2016\/05\/Blummen-K\u00ebscht-Koos-Caroline_Hintergrund1-213x147.jpg 213w, https:\/\/www.meco.lu\/wp-content\/uploads\/2016\/05\/Blummen-K\u00ebscht-Koos-Caroline_Hintergrund1.jpg 1355w\" sizes=\"auto, (max-width: 1024px) 100vw, 1024px\" \/><\/a>[\/vc_column_text][vc_column_text]<a href=\"http:\/\/www.meco.lu\/wp-content\/uploads\/2016\/05\/Gemeinde-Differdange_Hintergrund.jpg\"><img loading=\"lazy\" decoding=\"async\" class=\"alignnone wp-image-21888 size-large\" src=\"http:\/\/www.meco.lu\/wp-content\/uploads\/2016\/05\/Gemeinde-Differdange_Hintergrund-1024x709.jpg\" alt=\"Gemeinde Differdange_Hintergrund\" width=\"1024\" height=\"709\" srcset=\"https:\/\/www.meco.lu\/wp-content\/uploads\/2016\/05\/Gemeinde-Differdange_Hintergrund-1024x709.jpg 1024w, https:\/\/www.meco.lu\/wp-content\/uploads\/2016\/05\/Gemeinde-Differdange_Hintergrund-300x208.jpg 300w, https:\/\/www.meco.lu\/wp-content\/uploads\/2016\/05\/Gemeinde-Differdange_Hintergrund-213x147.jpg 213w, https:\/\/www.meco.lu\/wp-content\/uploads\/2016\/05\/Gemeinde-Differdange_Hintergrund.jpg 1355w\" sizes=\"auto, (max-width: 1024px) 100vw, 1024px\" \/><\/a>[\/vc_column_text][\/vc_column][\/vc_row][vc_row][vc_column width=\u00a0\u00bb1\/1&Prime;][vc_column_text]<a href=\"http:\/\/www.meco.lu\/wp-content\/uploads\/2016\/05\/Jugendstuff-Munneref_Hintergrund.jpg\"><img loading=\"lazy\" decoding=\"async\" class=\"alignleft wp-image-18314 size-large\" src=\"http:\/\/www.meco.lu\/wp-content\/uploads\/2016\/05\/Jugendstuff-Munneref_Hintergrund-1024x709.jpg\" alt=\"Jugendstuff Munneref_Hintergrund\" width=\"1024\" height=\"709\" srcset=\"https:\/\/www.meco.lu\/wp-content\/uploads\/2016\/05\/Jugendstuff-Munneref_Hintergrund-1024x709.jpg 1024w, https:\/\/www.meco.lu\/wp-content\/uploads\/2016\/05\/Jugendstuff-Munneref_Hintergrund-300x208.jpg 300w, https:\/\/www.meco.lu\/wp-content\/uploads\/2016\/05\/Jugendstuff-Munneref_Hintergrund-213x147.jpg 213w, https:\/\/www.meco.lu\/wp-content\/uploads\/2016\/05\/Jugendstuff-Munneref_Hintergrund.jpg 1355w\" sizes=\"auto, (max-width: 1024px) 100vw, 1024px\" \/><\/a><\/p>\n<p>[\/vc_column_text][\/vc_column][\/vc_row][vc_row][vc_column width=\u00a0\u00bb1\/1&Prime;][vc_column_text]<a href=\"http:\/\/www.meco.lu\/wp-content\/uploads\/2016\/05\/Jugendstuff-Munneref_2_Hintergrund.jpg\"><img loading=\"lazy\" decoding=\"async\" class=\"alignleft wp-image-18315 size-large\" src=\"http:\/\/www.meco.lu\/wp-content\/uploads\/2016\/05\/Jugendstuff-Munneref_2_Hintergrund-1024x709.jpg\" alt=\"Jugendstuff Munneref_2_Hintergrund\" width=\"1024\" height=\"709\" srcset=\"https:\/\/www.meco.lu\/wp-content\/uploads\/2016\/05\/Jugendstuff-Munneref_2_Hintergrund-1024x709.jpg 1024w, https:\/\/www.meco.lu\/wp-content\/uploads\/2016\/05\/Jugendstuff-Munneref_2_Hintergrund-300x208.jpg 300w, https:\/\/www.meco.lu\/wp-content\/uploads\/2016\/05\/Jugendstuff-Munneref_2_Hintergrund-213x147.jpg 213w, https:\/\/www.meco.lu\/wp-content\/uploads\/2016\/05\/Jugendstuff-Munneref_2_Hintergrund.jpg 1355w\" sizes=\"auto, (max-width: 1024px) 100vw, 1024px\" \/><\/a>[\/vc_column_text][\/vc_column][\/vc_row][vc_row][vc_column][vc_column_text]<a href=\"http:\/\/www.meco.lu\/wp-content\/uploads\/2016\/05\/Blummen-K\u00ebscht-Familie-Hilger-Anen_Hntergrund.jpg\"><img loading=\"lazy\" decoding=\"async\" class=\"alignnone wp-image-18497\" src=\"http:\/\/www.meco.lu\/wp-content\/uploads\/2016\/05\/Blummen-K\u00ebscht-Familie-Hilger-Anen_Hntergrund.jpg\" alt=\"Blummen-K\u00ebscht Familie Hilger-Anen_Hntergrund\" width=\"1024\" height=\"708\" srcset=\"https:\/\/www.meco.lu\/wp-content\/uploads\/2016\/05\/Blummen-K\u00ebscht-Familie-Hilger-Anen_Hntergrund.jpg 700w, https:\/\/www.meco.lu\/wp-content\/uploads\/2016\/05\/Blummen-K\u00ebscht-Familie-Hilger-Anen_Hntergrund-300x207.jpg 300w, https:\/\/www.meco.lu\/wp-content\/uploads\/2016\/05\/Blummen-K\u00ebscht-Familie-Hilger-Anen_Hntergrund-213x147.jpg 213w\" sizes=\"auto, (max-width: 1024px) 100vw, 1024px\" \/><\/a><\/p>\n<p><a href=\"http:\/\/www.meco.lu\/wp-content\/uploads\/2016\/05\/Blummen-K\u00ebscht-Familie-Hilger-Anen-2_Hntergrund.jpg\"><img loading=\"lazy\" decoding=\"async\" class=\"alignnone wp-image-18498\" src=\"http:\/\/www.meco.lu\/wp-content\/uploads\/2016\/05\/Blummen-K\u00ebscht-Familie-Hilger-Anen-2_Hntergrund-1013x1024.jpg\" alt=\"Blummen-K\u00ebscht Familie Hilger-Anen 2_Hntergrund\" width=\"550\" height=\"556\" srcset=\"https:\/\/www.meco.lu\/wp-content\/uploads\/2016\/05\/Blummen-K\u00ebscht-Familie-Hilger-Anen-2_Hntergrund-1013x1024.jpg 1013w, https:\/\/www.meco.lu\/wp-content\/uploads\/2016\/05\/Blummen-K\u00ebscht-Familie-Hilger-Anen-2_Hntergrund-297x300.jpg 297w, https:\/\/www.meco.lu\/wp-content\/uploads\/2016\/05\/Blummen-K\u00ebscht-Familie-Hilger-Anen-2_Hntergrund-213x215.jpg 213w, https:\/\/www.meco.lu\/wp-content\/uploads\/2016\/05\/Blummen-K\u00ebscht-Familie-Hilger-Anen-2_Hntergrund.jpg 1848w\" sizes=\"auto, (max-width: 550px) 100vw, 550px\" \/><\/a>[\/vc_column_text][vc_column_text]<a href=\"http:\/\/www.meco.lu\/wp-content\/uploads\/2016\/05\/Blummen-K\u00ebscht-Felipe_Hntergrund.jpg\"><img loading=\"lazy\" decoding=\"async\" class=\"alignnone wp-image-18499\" src=\"http:\/\/www.meco.lu\/wp-content\/uploads\/2016\/05\/Blummen-K\u00ebscht-Felipe_Hntergrund-990x1024.jpg\" alt=\"Blummen-K\u00ebscht Felipe_Hntergrund\" width=\"550\" height=\"569\" srcset=\"https:\/\/www.meco.lu\/wp-content\/uploads\/2016\/05\/Blummen-K\u00ebscht-Felipe_Hntergrund-990x1024.jpg 990w, https:\/\/www.meco.lu\/wp-content\/uploads\/2016\/05\/Blummen-K\u00ebscht-Felipe_Hntergrund-290x300.jpg 290w, https:\/\/www.meco.lu\/wp-content\/uploads\/2016\/05\/Blummen-K\u00ebscht-Felipe_Hntergrund-213x220.jpg 213w, https:\/\/www.meco.lu\/wp-content\/uploads\/2016\/05\/Blummen-K\u00ebscht-Felipe_Hntergrund.jpg 1816w\" sizes=\"auto, (max-width: 550px) 100vw, 550px\" \/><\/a><\/p>\n<p>[\/vc_column_text][vc_single_image image=\u00a0\u00bb18562&Prime; border_color=\u00a0\u00bbgrey\u00a0\u00bb img_link_large=\u00a0\u00bb\u00a0\u00bb img_link_target=\u00a0\u00bb_self\u00a0\u00bb img_size=\u00a0\u00bblarge\u00a0\u00bb][\/vc_column][\/vc_row]<\/p>\n<\/div><\/section>","protected":false},"excerpt":{"rendered":"<p>[vc_row][vc_column][vc_column_text]\u00ab A voller Bl\u00e9i \u00bb (\u00ab En pleine floraison \u00bb) \u2013 une belle r\u00e9ussite ! Nous sommes tr\u00e8s contents du retour positif que nous avons d\u00e9j\u00e0 eu jusqu\u2019\u00e0 pr\u00e9sent pour notre action et nous nous r\u00e9jouissons du fait que les magasins partenaires et les communes exemplaires sont si nombreux \u00e0 s\u2019enthousiasmer pour cette campagne et [&hellip;]<\/p>\n","protected":false},"author":5,"featured_media":0,"parent":0,"menu_order":6,"comment_status":"closed","ping_status":"closed","template":"","meta":{"_acf_changed":false,"footnotes":""},"class_list":["post-18303","page","type-page","status-publish","hentry"],"acf":[],"yoast_head":"<!-- This site is optimized with the Yoast SEO plugin v27.2 - https:\/\/yoast.com\/product\/yoast-seo-wordpress\/ -->\n<title>\u00ab A voller Bl\u00e9i \u00bb (\u00ab En pleine floraison \u00bb) - photos des participants - Mouvement \u00e9cologique<\/title>\n<meta name=\"robots\" content=\"index, follow, max-snippet:-1, max-image-preview:large, max-video-preview:-1\" \/>\n<link rel=\"canonical\" href=\"https:\/\/www.meco.lu\/de\/a-voller-blei-teilnehmerfotos\/\" \/>\n<meta property=\"og:locale\" content=\"fr_FR\" \/>\n<meta property=\"og:type\" content=\"article\" \/>\n<meta property=\"og:title\" content=\"\u00ab A voller Bl\u00e9i \u00bb (\u00ab En pleine floraison \u00bb) - photos des participants - Mouvement \u00e9cologique\" \/>\n<meta property=\"og:description\" content=\"[vc_row][vc_column][vc_column_text]\u00ab A voller Bl\u00e9i \u00bb (\u00ab En pleine floraison \u00bb) \u2013 une belle r\u00e9ussite ! Nous sommes tr\u00e8s contents du retour positif que nous avons d\u00e9j\u00e0 eu jusqu\u2019\u00e0 pr\u00e9sent pour notre action et nous nous r\u00e9jouissons du fait que les magasins partenaires et les communes exemplaires sont si nombreux \u00e0 s\u2019enthousiasmer pour cette campagne et [&hellip;]\" \/>\n<meta property=\"og:url\" content=\"https:\/\/www.meco.lu\/de\/a-voller-blei-teilnehmerfotos\/\" \/>\n<meta property=\"og:site_name\" content=\"Mouvement \u00e9cologique\" \/>\n<meta property=\"article:modified_time\" content=\"2017-06-01T11:59:18+00:00\" \/>\n<meta property=\"og:image\" content=\"http:\/\/www.meco.lu\/wp-content\/uploads\/2016\/05\/Gaart-zu-Blaaschent_RGB_-meco.lu_1024x7092.jpg\" \/>\n<meta name=\"twitter:card\" content=\"summary_large_image\" \/>\n<meta name=\"twitter:label1\" content=\"Dur\u00e9e de lecture estim\u00e9e\" \/>\n\t<meta name=\"twitter:data1\" content=\"1 minute\" \/>\n<script type=\"application\/ld+json\" class=\"yoast-schema-graph\">{\"@context\":\"https:\/\/schema.org\",\"@graph\":[{\"@type\":\"WebPage\",\"@id\":\"https:\/\/www.meco.lu\/de\/a-voller-blei-teilnehmerfotos\/\",\"url\":\"https:\/\/www.meco.lu\/de\/a-voller-blei-teilnehmerfotos\/\",\"name\":\"\u00ab A voller Bl\u00e9i \u00bb (\u00ab En pleine floraison \u00bb) - photos des participants - Mouvement \u00e9cologique\",\"isPartOf\":{\"@id\":\"https:\/\/www.meco.lu\/de\/#website\"},\"primaryImageOfPage\":{\"@id\":\"https:\/\/www.meco.lu\/de\/a-voller-blei-teilnehmerfotos\/#primaryimage\"},\"image\":{\"@id\":\"https:\/\/www.meco.lu\/de\/a-voller-blei-teilnehmerfotos\/#primaryimage\"},\"thumbnailUrl\":\"http:\/\/www.meco.lu\/wp-content\/uploads\/2016\/05\/Gaart-zu-Blaaschent_RGB_-meco.lu_1024x7092.jpg\",\"datePublished\":\"2016-05-26T12:07:12+00:00\",\"dateModified\":\"2017-06-01T11:59:18+00:00\",\"breadcrumb\":{\"@id\":\"https:\/\/www.meco.lu\/de\/a-voller-blei-teilnehmerfotos\/#breadcrumb\"},\"inLanguage\":\"fr-FR\",\"potentialAction\":[{\"@type\":\"ReadAction\",\"target\":[\"https:\/\/www.meco.lu\/de\/a-voller-blei-teilnehmerfotos\/\"]}]},{\"@type\":\"ImageObject\",\"inLanguage\":\"fr-FR\",\"@id\":\"https:\/\/www.meco.lu\/de\/a-voller-blei-teilnehmerfotos\/#primaryimage\",\"url\":\"http:\/\/www.meco.lu\/wp-content\/uploads\/2016\/05\/Gaart-zu-Blaaschent_RGB_-meco.lu_1024x7092.jpg\",\"contentUrl\":\"http:\/\/www.meco.lu\/wp-content\/uploads\/2016\/05\/Gaart-zu-Blaaschent_RGB_-meco.lu_1024x7092.jpg\"},{\"@type\":\"BreadcrumbList\",\"@id\":\"https:\/\/www.meco.lu\/de\/a-voller-blei-teilnehmerfotos\/#breadcrumb\",\"itemListElement\":[{\"@type\":\"ListItem\",\"position\":1,\"name\":\"Home\",\"item\":\"https:\/\/www.meco.lu\/fr\/\"},{\"@type\":\"ListItem\",\"position\":2,\"name\":\"\u00ab A voller Bl\u00e9i \u00bb (\u00ab En pleine floraison \u00bb) &#8211; photos des participants\"}]},{\"@type\":\"WebSite\",\"@id\":\"https:\/\/www.meco.lu\/de\/#website\",\"url\":\"https:\/\/www.meco.lu\/de\/\",\"name\":\"Mouvement \u00e9cologique\",\"description\":\"\",\"potentialAction\":[{\"@type\":\"SearchAction\",\"target\":{\"@type\":\"EntryPoint\",\"urlTemplate\":\"https:\/\/www.meco.lu\/de\/?s={search_term_string}\"},\"query-input\":{\"@type\":\"PropertyValueSpecification\",\"valueRequired\":true,\"valueName\":\"search_term_string\"}}],\"inLanguage\":\"fr-FR\"}]}<\/script>\n<!-- \/ Yoast SEO plugin. -->","yoast_head_json":{"title":"\u00ab A voller Bl\u00e9i \u00bb (\u00ab En pleine floraison \u00bb) - photos des participants - Mouvement \u00e9cologique","robots":{"index":"index","follow":"follow","max-snippet":"max-snippet:-1","max-image-preview":"max-image-preview:large","max-video-preview":"max-video-preview:-1"},"canonical":"https:\/\/www.meco.lu\/de\/a-voller-blei-teilnehmerfotos\/","og_locale":"fr_FR","og_type":"article","og_title":"\u00ab A voller Bl\u00e9i \u00bb (\u00ab En pleine floraison \u00bb) - photos des participants - Mouvement \u00e9cologique","og_description":"[vc_row][vc_column][vc_column_text]\u00ab A voller Bl\u00e9i \u00bb (\u00ab En pleine floraison \u00bb) \u2013 une belle r\u00e9ussite ! Nous sommes tr\u00e8s contents du retour positif que nous avons d\u00e9j\u00e0 eu jusqu\u2019\u00e0 pr\u00e9sent pour notre action et nous nous r\u00e9jouissons du fait que les magasins partenaires et les communes exemplaires sont si nombreux \u00e0 s\u2019enthousiasmer pour cette campagne et [&hellip;]","og_url":"https:\/\/www.meco.lu\/de\/a-voller-blei-teilnehmerfotos\/","og_site_name":"Mouvement \u00e9cologique","article_modified_time":"2017-06-01T11:59:18+00:00","og_image":[{"url":"http:\/\/www.meco.lu\/wp-content\/uploads\/2016\/05\/Gaart-zu-Blaaschent_RGB_-meco.lu_1024x7092.jpg","type":"","width":"","height":""}],"twitter_card":"summary_large_image","twitter_misc":{"Dur\u00e9e de lecture estim\u00e9e":"1 minute"},"schema":{"@context":"https:\/\/schema.org","@graph":[{"@type":"WebPage","@id":"https:\/\/www.meco.lu\/de\/a-voller-blei-teilnehmerfotos\/","url":"https:\/\/www.meco.lu\/de\/a-voller-blei-teilnehmerfotos\/","name":"\u00ab A voller Bl\u00e9i \u00bb (\u00ab En pleine floraison \u00bb) - photos des participants - Mouvement \u00e9cologique","isPartOf":{"@id":"https:\/\/www.meco.lu\/de\/#website"},"primaryImageOfPage":{"@id":"https:\/\/www.meco.lu\/de\/a-voller-blei-teilnehmerfotos\/#primaryimage"},"image":{"@id":"https:\/\/www.meco.lu\/de\/a-voller-blei-teilnehmerfotos\/#primaryimage"},"thumbnailUrl":"http:\/\/www.meco.lu\/wp-content\/uploads\/2016\/05\/Gaart-zu-Blaaschent_RGB_-meco.lu_1024x7092.jpg","datePublished":"2016-05-26T12:07:12+00:00","dateModified":"2017-06-01T11:59:18+00:00","breadcrumb":{"@id":"https:\/\/www.meco.lu\/de\/a-voller-blei-teilnehmerfotos\/#breadcrumb"},"inLanguage":"fr-FR","potentialAction":[{"@type":"ReadAction","target":["https:\/\/www.meco.lu\/de\/a-voller-blei-teilnehmerfotos\/"]}]},{"@type":"ImageObject","inLanguage":"fr-FR","@id":"https:\/\/www.meco.lu\/de\/a-voller-blei-teilnehmerfotos\/#primaryimage","url":"http:\/\/www.meco.lu\/wp-content\/uploads\/2016\/05\/Gaart-zu-Blaaschent_RGB_-meco.lu_1024x7092.jpg","contentUrl":"http:\/\/www.meco.lu\/wp-content\/uploads\/2016\/05\/Gaart-zu-Blaaschent_RGB_-meco.lu_1024x7092.jpg"},{"@type":"BreadcrumbList","@id":"https:\/\/www.meco.lu\/de\/a-voller-blei-teilnehmerfotos\/#breadcrumb","itemListElement":[{"@type":"ListItem","position":1,"name":"Home","item":"https:\/\/www.meco.lu\/fr\/"},{"@type":"ListItem","position":2,"name":"\u00ab A voller Bl\u00e9i \u00bb (\u00ab En pleine floraison \u00bb) &#8211; photos des participants"}]},{"@type":"WebSite","@id":"https:\/\/www.meco.lu\/de\/#website","url":"https:\/\/www.meco.lu\/de\/","name":"Mouvement \u00e9cologique","description":"","potentialAction":[{"@type":"SearchAction","target":{"@type":"EntryPoint","urlTemplate":"https:\/\/www.meco.lu\/de\/?s={search_term_string}"},"query-input":{"@type":"PropertyValueSpecification","valueRequired":true,"valueName":"search_term_string"}}],"inLanguage":"fr-FR"}]}},"_links":{"self":[{"href":"https:\/\/www.meco.lu\/fr\/wp-json\/wp\/v2\/pages\/18303","targetHints":{"allow":["GET"]}}],"collection":[{"href":"https:\/\/www.meco.lu\/fr\/wp-json\/wp\/v2\/pages"}],"about":[{"href":"https:\/\/www.meco.lu\/fr\/wp-json\/wp\/v2\/types\/page"}],"author":[{"embeddable":true,"href":"https:\/\/www.meco.lu\/fr\/wp-json\/wp\/v2\/users\/5"}],"replies":[{"embeddable":true,"href":"https:\/\/www.meco.lu\/fr\/wp-json\/wp\/v2\/comments?post=18303"}],"version-history":[{"count":5,"href":"https:\/\/www.meco.lu\/fr\/wp-json\/wp\/v2\/pages\/18303\/revisions"}],"predecessor-version":[{"id":22635,"href":"https:\/\/www.meco.lu\/fr\/wp-json\/wp\/v2\/pages\/18303\/revisions\/22635"}],"wp:attachment":[{"href":"https:\/\/www.meco.lu\/fr\/wp-json\/wp\/v2\/media?parent=18303"}],"curies":[{"name":"wp","href":"https:\/\/api.w.org\/{rel}","templated":true}]}}