{"id":17948,"date":"2016-03-31T15:48:53","date_gmt":"2016-03-31T13:48:53","guid":{"rendered":"http:\/\/www.meco.lu\/fr\/?page_id=17948"},"modified":"2019-05-29T11:11:49","modified_gmt":"2019-05-29T09:11:49","slug":"magasins-partenaires","status":"publish","type":"page","link":"https:\/\/www.meco.lu\/fr\/magasins-partenaires\/","title":{"rendered":"Magasins partenaires 2019"},"content":{"rendered":"<section class=\"wpb-content-wrapper\"><div class=\"pf-content\"><p><strong>Magasins partenaires 2019<\/strong><\/p>\n<p>&nbsp;<\/p>\n<p>[vc_row][vc_column][vc_column_text]Une s\u00e9lection des plantes recommand\u00e9es attirant les abeilles est disponible dans les magasins mentionn\u00e9s ci-dessous qui se tiennent \u00e0 votre enti\u00e8re disposition pour de plus amples informations. Un grand merci \u00e0 nos magasins partenaires pour leur soutien pr\u00e9cieux de l\u2019action!<\/p>\n<p>[\/vc_column_text][vc_column_text]\u00a0<strong>Liste des magasins partenaires<\/strong><\/p>\n<table style=\"height: 1336px\" width=\"679\">\n<tbody>\n<tr>\n<td style=\"text-align: left\" width=\"115\"><strong>Akkurat Consulting*\u00a0<\/strong><\/td>\n<td width=\"142\">7, all\u00e9e John W.<br \/>\nL\u00e9onard<\/td>\n<td width=\"130\">L-7526<br \/>\nMersch<\/td>\n<td width=\"154\">Tel.\u00a027 33 81 66<\/td>\n<td width=\"186\"><span style=\"text-decoration: underline;color: #339966\"><a style=\"color: #339966;text-decoration: underline\" href=\"http:\/\/www.akkurat.lu\" target=\"_blank\" rel=\"noopener\">www.akkurat.lu<\/a><\/span><\/td>\n<\/tr>\n<tr>\n<td style=\"text-align: left\" width=\"115\"><strong>Am Blummegaertchen\u00a0<\/strong><\/td>\n<td width=\"142\">16-18<br \/>\nrue du Pont<\/td>\n<td width=\"130\">L-6471 Echternach<\/td>\n<td width=\"154\">Tel.\u00a072 02 45<\/td>\n<td width=\"186\"><span style=\"text-decoration: underline;color: #339966\"><a style=\"color: #339966\" href=\"http:\/\/www.amblummegaertchen.lu\" target=\"_blank\" rel=\"noopener\">www.amblummegaertchen.lu<\/a><\/span><\/td>\n<\/tr>\n<tr>\n<td style=\"text-align: left\" width=\"115\"><strong>Bamschoul Becker\u00a0<\/strong><\/td>\n<td width=\"142\">27a, rue Paul Eyschen<\/td>\n<td width=\"130\">L- 7317<br \/>\nSteinsel<\/td>\n<td width=\"154\">Tel. 33 73 63<\/td>\n<td width=\"186\"><span style=\"text-decoration: underline;color: #339966\"><a style=\"color: #339966\" href=\"http:\/\/www.beckered.lu\" target=\"_blank\" rel=\"noopener\">www.beckered.lu<\/a><\/span><\/td>\n<\/tr>\n<tr>\n<td style=\"text-align: left\" width=\"115\"><strong>Beim Bonsai\u00a0\u00a0<\/strong><\/td>\n<td width=\"142\">19, route de Luxembourg<\/td>\n<td width=\"130\">L-3515 Dudelange<\/td>\n<td width=\"154\">Tel. 51 68 65<\/td>\n<td width=\"186\"><span style=\"text-decoration: underline;color: #339966\"><a style=\"color: #339966\" href=\"http:\/\/www.beimbonsai.lu\/\" target=\"_blank\" rel=\"noopener\">www.beimbonsai.lu\/<\/a><\/span><\/td>\n<\/tr>\n<tr>\n<td style=\"text-align: left\" width=\"115\"><strong>Blummen-K\u00ebscht\u00a0<\/strong><\/td>\n<td width=\"142\">19, op den<br \/>\nLee\u00ebn<\/td>\n<td width=\"130\">L-9760<br \/>\nLellingen<\/td>\n<td width=\"154\">Tel. 26 90 47 47<\/td>\n<td width=\"186\"><span style=\"text-decoration: underline;color: #339966\"><a style=\"color: #339966\" href=\"http:\/\/www.blummen-kescht.lu\/\" target=\"_blank\" rel=\"noopener\">www.blummen-kescht.lu\/<\/a><\/span><\/td>\n<\/tr>\n<tr>\n<td style=\"text-align: left\" width=\"115\"><strong>Co-Labor S.C.<\/strong><\/td>\n<td width=\"142\">1a,<br \/>\nGrevelsbarri\u00e8re<\/td>\n<td width=\"130\">L-8059<br \/>\nBertrange<\/td>\n<td width=\"154\">Tel. 44 78 83-1<\/td>\n<td width=\"186\"><a style=\"color: #339966\" href=\"http:\/\/www.co-labor.com\/\" target=\"_blank\" rel=\"noopener\">www.co-labor.com\/<\/a><\/td>\n<\/tr>\n<tr>\n<td style=\"text-align: left\" width=\"115\"><strong>D&rsquo;Wullmaus S\u00e0rl*<\/strong><\/td>\n<td width=\"142\">12, An der Tomm<\/td>\n<td width=\"130\">L- 9454 Fouhren<\/td>\n<td width=\"154\">Tel.26 87 41 14<\/td>\n<td width=\"186\"><a href=\"http:\/\/www.wullmaus.lu\/fr\/\">www.wullmaus.lu\/fr\/<\/a><\/td>\n<\/tr>\n<tr>\n<td style=\"text-align: left\" width=\"115\"><strong>Mon Jardin Gardencenter<\/strong><\/td>\n<td width=\"142\">20, rue Denis Netgen<\/td>\n<td width=\"130\">L- 3858 Schifflange<\/td>\n<td width=\"154\">Tel. 54 84 15<\/td>\n<td width=\"186\"><a style=\"color: #339966\" href=\"http:\/\/www.monjardin.lu\/\" target=\"_blank\" rel=\"noopener\">www.monjardin.lu<\/a><\/td>\n<\/tr>\n<tr>\n<td style=\"text-align: left\" width=\"115\"><strong>P\u00e9pini\u00e8re Philippe Loschetter<\/strong><\/td>\n<td width=\"142\">30, rue<br \/>\nde Brouch<\/td>\n<td width=\"130\">L-7481<br \/>\nTuntange<\/td>\n<td width=\"154\">Tel.\u00a031 77 60<\/td>\n<td width=\"186\"><a style=\"color: #339966\" href=\"http:\/\/www.loschetter.lu\/\" target=\"_blank\" rel=\"noopener\">www.loschetter.lu<\/a><\/td>\n<\/tr>\n<tr>\n<td style=\"text-align: left\" width=\"115\"><strong>Planzen Center J.P.Breininger<\/strong><\/td>\n<td width=\"142\">239, route de Luxembourg<\/td>\n<td width=\"130\">L-3515 Dudelange<\/td>\n<td width=\"154\">Tel.\u00a051 27 67<\/td>\n<td width=\"186\"><a href=\"http:\/\/www.fleurs-breininger.lu\/\" target=\"_blank\" rel=\"noopener\">www.fleurs-breininger.lu\/<\/a><\/td>\n<\/tr>\n<tr>\n<td style=\"text-align: left\" width=\"115\"><strong>\u00a0Op der Schock asbl &amp; sc<\/strong><\/td>\n<td width=\"142\">34 A Rue de Reichlange<\/td>\n<td width=\"130\">L-8508 Redange<\/td>\n<td width=\"154\">\u00a0Tel.\u00a026 62 93<\/td>\n<td width=\"186\"><a href=\"http:\/\/www.ods.lu\/\" target=\"_blank\" rel=\"noopener\">www.ods.lu\/<\/a><\/td>\n<\/tr>\n<tr>\n<td style=\"text-align: left\" width=\"115\"><\/td>\n<td width=\"142\"><\/td>\n<td width=\"130\"><\/td>\n<td width=\"154\"><\/td>\n<td width=\"186\"><\/td>\n<\/tr>\n<tr>\n<td width=\"115\"><\/td>\n<td width=\"142\"><\/td>\n<td width=\"130\"><\/td>\n<td width=\"154\"><\/td>\n<td width=\"186\"><\/td>\n<\/tr>\n<tr>\n<td width=\"115\"><\/td>\n<td width=\"142\"><\/td>\n<td width=\"130\"><\/td>\n<td width=\"154\"><\/td>\n<td width=\"186\"><\/td>\n<\/tr>\n<tr>\n<td width=\"115\"><\/td>\n<td width=\"142\"><\/td>\n<td width=\"130\"><\/td>\n<td width=\"154\"><\/td>\n<td width=\"186\"><\/td>\n<\/tr>\n<\/tbody>\n<\/table>\n<p>[\/vc_column_text][\/vc_column][\/vc_row][vc_row][vc_column width=\u00a0\u00bb1\/1&Prime;][vc_column_text]<\/p>\n<p><strong>Vous souhaitez participer \u00e0 l\u2019action avec votre magasin? Avec plaisir!<\/strong><\/p>\n<p><strong>*Attention: <\/strong>Service d&rsquo;am\u00e9nagement ext\u00e9rieur, pas de vente de plantes sur place!<\/p>\n<p><strong>Appelez-nous ou\u00a0contactez-nous par e-mail:<\/strong><\/p>\n<p>Mouvement Ecologique<\/p>\n<p>6, rue Vauban<img loading=\"lazy\" decoding=\"async\" class=\" size-full wp-image-17909 alignright\" src=\"http:\/\/www.meco.lu\/wp-content\/uploads\/2016\/03\/Schmetterling-einzeln.jpg\" alt=\"Schmetterling einzeln\" width=\"228\" height=\"218\" srcset=\"https:\/\/www.meco.lu\/wp-content\/uploads\/2016\/03\/Schmetterling-einzeln.jpg 228w, https:\/\/www.meco.lu\/wp-content\/uploads\/2016\/03\/Schmetterling-einzeln-213x204.jpg 213w\" sizes=\"auto, (max-width: 228px) 100vw, 228px\" \/><\/p>\n<p>L-2663 Luxemburg<\/p>\n<p><a href=\"mailto:meco@oeko.lu\">meco@oeko.lu<\/a><\/p>\n<p>Tel. 439030-1<\/p>\n<p>[\/vc_column_text][\/vc_column][\/vc_row]<\/p>\n<\/div><\/section>","protected":false},"excerpt":{"rendered":"<p>Magasins partenaires 2019 &nbsp; [vc_row][vc_column][vc_column_text]Une s\u00e9lection des plantes recommand\u00e9es attirant les abeilles est disponible dans les magasins mentionn\u00e9s ci-dessous qui se tiennent \u00e0 votre enti\u00e8re disposition pour de plus amples informations. Un grand merci \u00e0 nos magasins partenaires pour leur soutien pr\u00e9cieux de l\u2019action! [\/vc_column_text][vc_column_text]\u00a0Liste des magasins partenaires Akkurat Consulting*\u00a0 7, all\u00e9e John W. L\u00e9onard [&hellip;]<\/p>\n","protected":false},"author":5,"featured_media":0,"parent":0,"menu_order":0,"comment_status":"closed","ping_status":"closed","template":"","meta":{"_acf_changed":false,"footnotes":""},"class_list":["post-17948","page","type-page","status-publish","hentry"],"acf":[],"yoast_head":"<!-- This site is optimized with the Yoast SEO plugin v27.2 - https:\/\/yoast.com\/product\/yoast-seo-wordpress\/ -->\n<title>Magasins partenaires 2019 - Mouvement \u00e9cologique<\/title>\n<meta name=\"robots\" content=\"index, follow, max-snippet:-1, max-image-preview:large, max-video-preview:-1\" \/>\n<link rel=\"canonical\" href=\"https:\/\/www.meco.lu\/fr\/magasins-partenaires\/\" \/>\n<meta property=\"og:locale\" content=\"fr_FR\" \/>\n<meta property=\"og:type\" content=\"article\" \/>\n<meta property=\"og:title\" content=\"Magasins partenaires 2019 - Mouvement \u00e9cologique\" \/>\n<meta property=\"og:description\" content=\"Magasins partenaires 2019 &nbsp; [vc_row][vc_column][vc_column_text]Une s\u00e9lection des plantes recommand\u00e9es attirant les abeilles est disponible dans les magasins mentionn\u00e9s ci-dessous qui se tiennent \u00e0 votre enti\u00e8re disposition pour de plus amples informations. Un grand merci \u00e0 nos magasins partenaires pour leur soutien pr\u00e9cieux de l\u2019action! [\/vc_column_text][vc_column_text]\u00a0Liste des magasins partenaires Akkurat Consulting*\u00a0 7, all\u00e9e John W. L\u00e9onard [&hellip;]\" \/>\n<meta property=\"og:url\" content=\"https:\/\/www.meco.lu\/fr\/magasins-partenaires\/\" \/>\n<meta property=\"og:site_name\" content=\"Mouvement \u00e9cologique\" \/>\n<meta property=\"article:modified_time\" content=\"2019-05-29T09:11:49+00:00\" \/>\n<meta property=\"og:image\" content=\"http:\/\/www.meco.lu\/wp-content\/uploads\/2016\/03\/Schmetterling-einzeln.jpg\" \/>\n<meta name=\"twitter:card\" content=\"summary_large_image\" \/>\n<meta name=\"twitter:label1\" content=\"Dur\u00e9e de lecture estim\u00e9e\" \/>\n\t<meta name=\"twitter:data1\" content=\"1 minute\" \/>\n<script type=\"application\/ld+json\" class=\"yoast-schema-graph\">{\"@context\":\"https:\/\/schema.org\",\"@graph\":[{\"@type\":\"WebPage\",\"@id\":\"https:\/\/www.meco.lu\/fr\/magasins-partenaires\/\",\"url\":\"https:\/\/www.meco.lu\/fr\/magasins-partenaires\/\",\"name\":\"Magasins partenaires 2019 - Mouvement \u00e9cologique\",\"isPartOf\":{\"@id\":\"https:\/\/www.meco.lu\/de\/#website\"},\"primaryImageOfPage\":{\"@id\":\"https:\/\/www.meco.lu\/fr\/magasins-partenaires\/#primaryimage\"},\"image\":{\"@id\":\"https:\/\/www.meco.lu\/fr\/magasins-partenaires\/#primaryimage\"},\"thumbnailUrl\":\"http:\/\/www.meco.lu\/wp-content\/uploads\/2016\/03\/Schmetterling-einzeln.jpg\",\"datePublished\":\"2016-03-31T13:48:53+00:00\",\"dateModified\":\"2019-05-29T09:11:49+00:00\",\"breadcrumb\":{\"@id\":\"https:\/\/www.meco.lu\/fr\/magasins-partenaires\/#breadcrumb\"},\"inLanguage\":\"fr-FR\",\"potentialAction\":[{\"@type\":\"ReadAction\",\"target\":[\"https:\/\/www.meco.lu\/fr\/magasins-partenaires\/\"]}]},{\"@type\":\"ImageObject\",\"inLanguage\":\"fr-FR\",\"@id\":\"https:\/\/www.meco.lu\/fr\/magasins-partenaires\/#primaryimage\",\"url\":\"http:\/\/www.meco.lu\/wp-content\/uploads\/2016\/03\/Schmetterling-einzeln.jpg\",\"contentUrl\":\"http:\/\/www.meco.lu\/wp-content\/uploads\/2016\/03\/Schmetterling-einzeln.jpg\"},{\"@type\":\"BreadcrumbList\",\"@id\":\"https:\/\/www.meco.lu\/fr\/magasins-partenaires\/#breadcrumb\",\"itemListElement\":[{\"@type\":\"ListItem\",\"position\":1,\"name\":\"Home\",\"item\":\"https:\/\/www.meco.lu\/fr\/\"},{\"@type\":\"ListItem\",\"position\":2,\"name\":\"Magasins partenaires 2019\"}]},{\"@type\":\"WebSite\",\"@id\":\"https:\/\/www.meco.lu\/de\/#website\",\"url\":\"https:\/\/www.meco.lu\/de\/\",\"name\":\"Mouvement \u00e9cologique\",\"description\":\"\",\"potentialAction\":[{\"@type\":\"SearchAction\",\"target\":{\"@type\":\"EntryPoint\",\"urlTemplate\":\"https:\/\/www.meco.lu\/de\/?s={search_term_string}\"},\"query-input\":{\"@type\":\"PropertyValueSpecification\",\"valueRequired\":true,\"valueName\":\"search_term_string\"}}],\"inLanguage\":\"fr-FR\"}]}<\/script>\n<!-- \/ Yoast SEO plugin. -->","yoast_head_json":{"title":"Magasins partenaires 2019 - Mouvement \u00e9cologique","robots":{"index":"index","follow":"follow","max-snippet":"max-snippet:-1","max-image-preview":"max-image-preview:large","max-video-preview":"max-video-preview:-1"},"canonical":"https:\/\/www.meco.lu\/fr\/magasins-partenaires\/","og_locale":"fr_FR","og_type":"article","og_title":"Magasins partenaires 2019 - Mouvement \u00e9cologique","og_description":"Magasins partenaires 2019 &nbsp; [vc_row][vc_column][vc_column_text]Une s\u00e9lection des plantes recommand\u00e9es attirant les abeilles est disponible dans les magasins mentionn\u00e9s ci-dessous qui se tiennent \u00e0 votre enti\u00e8re disposition pour de plus amples informations. Un grand merci \u00e0 nos magasins partenaires pour leur soutien pr\u00e9cieux de l\u2019action! [\/vc_column_text][vc_column_text]\u00a0Liste des magasins partenaires Akkurat Consulting*\u00a0 7, all\u00e9e John W. L\u00e9onard [&hellip;]","og_url":"https:\/\/www.meco.lu\/fr\/magasins-partenaires\/","og_site_name":"Mouvement \u00e9cologique","article_modified_time":"2019-05-29T09:11:49+00:00","og_image":[{"url":"http:\/\/www.meco.lu\/wp-content\/uploads\/2016\/03\/Schmetterling-einzeln.jpg","type":"","width":"","height":""}],"twitter_card":"summary_large_image","twitter_misc":{"Dur\u00e9e de lecture estim\u00e9e":"1 minute"},"schema":{"@context":"https:\/\/schema.org","@graph":[{"@type":"WebPage","@id":"https:\/\/www.meco.lu\/fr\/magasins-partenaires\/","url":"https:\/\/www.meco.lu\/fr\/magasins-partenaires\/","name":"Magasins partenaires 2019 - Mouvement \u00e9cologique","isPartOf":{"@id":"https:\/\/www.meco.lu\/de\/#website"},"primaryImageOfPage":{"@id":"https:\/\/www.meco.lu\/fr\/magasins-partenaires\/#primaryimage"},"image":{"@id":"https:\/\/www.meco.lu\/fr\/magasins-partenaires\/#primaryimage"},"thumbnailUrl":"http:\/\/www.meco.lu\/wp-content\/uploads\/2016\/03\/Schmetterling-einzeln.jpg","datePublished":"2016-03-31T13:48:53+00:00","dateModified":"2019-05-29T09:11:49+00:00","breadcrumb":{"@id":"https:\/\/www.meco.lu\/fr\/magasins-partenaires\/#breadcrumb"},"inLanguage":"fr-FR","potentialAction":[{"@type":"ReadAction","target":["https:\/\/www.meco.lu\/fr\/magasins-partenaires\/"]}]},{"@type":"ImageObject","inLanguage":"fr-FR","@id":"https:\/\/www.meco.lu\/fr\/magasins-partenaires\/#primaryimage","url":"http:\/\/www.meco.lu\/wp-content\/uploads\/2016\/03\/Schmetterling-einzeln.jpg","contentUrl":"http:\/\/www.meco.lu\/wp-content\/uploads\/2016\/03\/Schmetterling-einzeln.jpg"},{"@type":"BreadcrumbList","@id":"https:\/\/www.meco.lu\/fr\/magasins-partenaires\/#breadcrumb","itemListElement":[{"@type":"ListItem","position":1,"name":"Home","item":"https:\/\/www.meco.lu\/fr\/"},{"@type":"ListItem","position":2,"name":"Magasins partenaires 2019"}]},{"@type":"WebSite","@id":"https:\/\/www.meco.lu\/de\/#website","url":"https:\/\/www.meco.lu\/de\/","name":"Mouvement \u00e9cologique","description":"","potentialAction":[{"@type":"SearchAction","target":{"@type":"EntryPoint","urlTemplate":"https:\/\/www.meco.lu\/de\/?s={search_term_string}"},"query-input":{"@type":"PropertyValueSpecification","valueRequired":true,"valueName":"search_term_string"}}],"inLanguage":"fr-FR"}]}},"_links":{"self":[{"href":"https:\/\/www.meco.lu\/fr\/wp-json\/wp\/v2\/pages\/17948","targetHints":{"allow":["GET"]}}],"collection":[{"href":"https:\/\/www.meco.lu\/fr\/wp-json\/wp\/v2\/pages"}],"about":[{"href":"https:\/\/www.meco.lu\/fr\/wp-json\/wp\/v2\/types\/page"}],"author":[{"embeddable":true,"href":"https:\/\/www.meco.lu\/fr\/wp-json\/wp\/v2\/users\/5"}],"replies":[{"embeddable":true,"href":"https:\/\/www.meco.lu\/fr\/wp-json\/wp\/v2\/comments?post=17948"}],"version-history":[{"count":5,"href":"https:\/\/www.meco.lu\/fr\/wp-json\/wp\/v2\/pages\/17948\/revisions"}],"predecessor-version":[{"id":27865,"href":"https:\/\/www.meco.lu\/fr\/wp-json\/wp\/v2\/pages\/17948\/revisions\/27865"}],"wp:attachment":[{"href":"https:\/\/www.meco.lu\/fr\/wp-json\/wp\/v2\/media?parent=17948"}],"curies":[{"name":"wp","href":"https:\/\/api.w.org\/{rel}","templated":true}]}}