{"id":17931,"date":"2016-03-31T15:49:48","date_gmt":"2016-03-31T13:49:48","guid":{"rendered":"http:\/\/www.meco.lu\/fr\/?page_id=17931"},"modified":"2024-05-21T13:46:35","modified_gmt":"2024-05-21T11:46:35","slug":"informations-supplementaires","status":"publish","type":"page","link":"https:\/\/www.meco.lu\/fr\/informations-supplementaires\/","title":{"rendered":"Informations suppl\u00e9mentaires"},"content":{"rendered":"<section class=\"wpb-content-wrapper\"><div class=\"pf-content\"><p>[vc_row][vc_column][vc_column_text]<img loading=\"lazy\" decoding=\"async\" class=\"alignleft wp-image-17915\" src=\"http:\/\/www.meco.lu\/wp-content\/uploads\/2016\/03\/A-voller-Bl\u00e9i_kleiner.jpg\" alt=\"A voller Bl\u00e9i_kleiner\" width=\"700\" height=\"543\" srcset=\"https:\/\/www.meco.lu\/wp-content\/uploads\/2016\/03\/A-voller-Bl\u00e9i_kleiner.jpg 1032w, https:\/\/www.meco.lu\/wp-content\/uploads\/2016\/03\/A-voller-Bl\u00e9i_kleiner-300x233.jpg 300w, https:\/\/www.meco.lu\/wp-content\/uploads\/2016\/03\/A-voller-Bl\u00e9i_kleiner-1024x794.jpg 1024w, https:\/\/www.meco.lu\/wp-content\/uploads\/2016\/03\/A-voller-Bl\u00e9i_kleiner-213x165.jpg 213w\" sizes=\"auto, (max-width: 700px) 100vw, 700px\" \/><\/p>\n<p>&nbsp;<\/p>\n<p>&nbsp;<\/p>\n<p>&nbsp;<\/p>\n<p>&nbsp;<\/p>\n<p>&nbsp;<\/p>\n<p><strong>\u00a0<\/strong><\/p>\n<p><strong>Informations suppl\u00e9mentaires<\/strong><\/p>\n<p>Les abeilles sont des alli\u00e9es importantes, voire m\u00eame indispensables: les abeilles mellif\u00e8res et les abeilles sauvages pollinisent au total non moins de deux tiers des plantes que nous cultivons, comme les arbres fruitiers, et contribuent \u00e0 pr\u00e9server la biodiversit\u00e9. C\u2019est gr\u00e2ce aux abeilles, si nos assiettes sont bien remplies. Les abeilles par contre sont expos\u00e9es \u00e0 plusieurs facteurs qui font qu\u2019elles ne trouvent gu\u00e8re suffisamment de nourriture pendant l\u2019ann\u00e9e. Le d\u00e9veloppement de monocultures et la perte d\u2019habitats, o\u00f9 poussent les fleurs sauvages, r\u00e9duisent leurs sources d\u2019alimentation de pollen et de nectar.<\/p>\n<p>Au-del\u00e0, l\u2019infestation par des acariens et l\u2019utilisation de produits phytosanitaires menacent de plus en plus la survie de ces insectes. Ces facteurs entra\u00eenent la disparition progressive des abeilles, un ph\u00e9nom\u00e8ne qui n\u2019est pas uniquement constat\u00e9 au Luxembourg, mais partout dans<img loading=\"lazy\" decoding=\"async\" class=\" size-full wp-image-17923 alignright\" src=\"http:\/\/www.meco.lu\/wp-content\/uploads\/2016\/03\/Biene-einzeln_nach-links.jpg\" alt=\"Biene einzeln_nach links\" width=\"142\" height=\"137\" \/> le monde. Vous pouvez aider les abeilles \u00e0 trouver suffisamment de nourriture en cultivant des plantes et des fleurs qui attirent les insectes pollinisateurs!<\/p>\n<p>&nbsp;<\/p>\n<p>&nbsp;<\/p>\n<p>&nbsp;<\/p>\n<p><strong>Articles int\u00e9ressants \u00e0 ce sujet: <\/strong><\/p>\n<ul>\n<li>Article sur le vote de l\u2019Assembl\u00e9 nationale en France sur l\u2019interdiction des neonicotinoides, publi\u00e9 sur Sciences et Avenir: <span style=\"text-decoration: underline;color: #339966\"><a style=\"color: #339966;text-decoration: underline\" href=\"http:\/\/www.sciencesetavenir.fr\/animaux\/biodiversite\/20160315.OBS6413\/abeilles-l-interdiction-des-neonicotinoides-sera-t-elle-dans-la-loi-biodiversite.html\">http:\/\/www.sciencesetavenir.fr\/animaux\/biodiversite\/20160315.OBS6413\/abeilles-l-interdiction-des-neonicotinoides-sera-t-elle-dans-la-loi-biodiversite.html<\/a><\/span><\/li>\n<\/ul>\n<p>&nbsp;<\/p>\n<ul>\n<li>Article sur la pollinisation, publi\u00e9 sur Sciences et Avenir\u00a0: \u00abAvec la disparition des pollinisateurs, c&rsquo;est l&rsquo;alimentation de millions de personnes qui est menac\u00e9e\u00bb <span style=\"text-decoration: underline;color: #339966\"><span style=\"text-decoration: underline;color: #339966\"><a style=\"color: #339966;text-decoration: underline\" href=\"http:\/\/www.sciencesetavenir.fr\/animaux\/biodiversite\/20160226.OBS5355\/avec-la-disparition-des-pollinisateurs-c-est-l-alimentation-de-millions-de-personnes-qui-est-menacee.html%5e\">http:\/\/www.sciencesetavenir.fr\/animaux\/biodiversite\/20160226.OBS5355\/avec-la-disparition-des-pollinisateurs-c-est-l-alimentation-de-millions-de-personnes-qui-est-menacee.html<\/a><\/span><\/span><\/li>\n<\/ul>\n<ul>\n<li>Dossier \u201eBee Action Campaign\u201c des Friends of the Earth U.S. (articles en anglais):\u00a0<span style=\"text-decoration: underline;color: #339966\"><a style=\"color: #339966;text-decoration: underline\" href=\"http:\/\/www.foe.org\/projects\/food-and-technology\/beeaction\">http:\/\/www.foe.org\/projects\/food-and-technology\/beeaction<\/a><\/span><\/li>\n<\/ul>\n<p>&nbsp;<\/p>\n<ul>\n<li>L\u2019action \u201cWildbienen\u201d (abeilles sauvages) du BUND (article en langue allemande): \u201eKleine Tierchen mit gro\u03b2er Wirkung\u201c <span style=\"text-decoration: underline;color: #339966\"><a style=\"color: #339966;text-decoration: underline\" href=\"http:\/\/www.bund.net\/themen_und_projekte\/aktion_wildbienen\/\">http:\/\/www.bund.net\/themen_und_projekte\/aktion_wildbienen\/<\/a><\/span><\/li>\n<\/ul>\n<p>&nbsp;<\/p>\n<ul>\n<li>Article au sujet de la disparition des abeilles, publi\u00e9 dans le SPIEGEL (en langue allemande): \u201eEU-Wissenschaftler: Pestizide als Ursache f\u00fcr Bienensterben best\u00e4tigt\u201c <span style=\"text-decoration: underline;color: #339966\"><a style=\"color: #339966;text-decoration: underline\" href=\"http:\/\/www.spiegel.de\/wissenschaft\/natur\/bienensterben-eu-studie-sieht-pestizid-einsatz-als-grund-a-1027661.html\">http:\/\/www.spiegel.de\/wissenschaft\/natur\/bienensterben-eu-studie-sieht-pestizid-einsatz-als-grund-a-1027661.html<\/a><\/span><\/li>\n<\/ul>\n<p>&nbsp;<\/p>\n<ul>\n<li>Article sur la baisse des pollinisateurs, publi\u00e9 dans le FOCUS (article en allemand):\u00a0<span style=\"text-decoration: underline;color: #339966\"><a style=\"color: #339966;text-decoration: underline\" href=\"http:\/\/www.focus.de\/wissen\/diverses\/agrar-rueckgang-der-bestaeuber-bedroht-nahrungsversorgung-weltweit_id_5317166.html\">http:\/\/www.focus.de\/wissen\/diverses\/agrar-rueckgang-der-bestaeuber-bedroht-nahrungsversorgung-weltweit_id_5317166.html<\/a><\/span><\/li>\n<\/ul>\n<p>&nbsp;<\/p>\n<ul>\n<li>Plateforme \u00ab\u00a0Avenir Abeilles\u00a0\u00bb: \u00ab\u00a0Vous trouverez ici des conseils concrets et des informations pratiques et scientifiquement fond\u00e9es.\u00a0\u00bb:\u00a0<span style=\"text-decoration: underline;color: #339966\">http:\/\/www.avenirabeilles.ch\/fr<\/span><\/li>\n<\/ul>\n<p>[\/vc_column_text][\/vc_column][\/vc_row]<\/p>\n<\/div><\/section>","protected":false},"excerpt":{"rendered":"<p>[vc_row][vc_column][vc_column_text] &nbsp; &nbsp; &nbsp; &nbsp; &nbsp; \u00a0 Informations suppl\u00e9mentaires Les abeilles sont des alli\u00e9es importantes, voire m\u00eame indispensables: les abeilles mellif\u00e8res et les abeilles sauvages pollinisent au total non moins de deux tiers des plantes que nous cultivons, comme les arbres fruitiers, et contribuent \u00e0 pr\u00e9server la biodiversit\u00e9. C\u2019est gr\u00e2ce aux abeilles, si nos assiettes [&hellip;]<\/p>\n","protected":false},"author":5,"featured_media":0,"parent":0,"menu_order":41,"comment_status":"closed","ping_status":"closed","template":"","meta":{"_acf_changed":false,"footnotes":""},"class_list":["post-17931","page","type-page","status-publish","hentry"],"acf":[],"yoast_head":"<!-- This site is optimized with the Yoast SEO plugin v27.2 - https:\/\/yoast.com\/product\/yoast-seo-wordpress\/ -->\n<title>Informations suppl\u00e9mentaires - Mouvement \u00e9cologique<\/title>\n<meta name=\"robots\" content=\"index, follow, max-snippet:-1, max-image-preview:large, max-video-preview:-1\" \/>\n<link rel=\"canonical\" href=\"https:\/\/www.meco.lu\/de\/hintergrundinfos\/\" \/>\n<meta property=\"og:locale\" content=\"fr_FR\" \/>\n<meta property=\"og:type\" content=\"article\" \/>\n<meta property=\"og:title\" content=\"Informations suppl\u00e9mentaires - Mouvement \u00e9cologique\" \/>\n<meta property=\"og:description\" content=\"[vc_row][vc_column][vc_column_text] &nbsp; &nbsp; &nbsp; &nbsp; &nbsp; \u00a0 Informations suppl\u00e9mentaires Les abeilles sont des alli\u00e9es importantes, voire m\u00eame indispensables: les abeilles mellif\u00e8res et les abeilles sauvages pollinisent au total non moins de deux tiers des plantes que nous cultivons, comme les arbres fruitiers, et contribuent \u00e0 pr\u00e9server la biodiversit\u00e9. C\u2019est gr\u00e2ce aux abeilles, si nos assiettes [&hellip;]\" \/>\n<meta property=\"og:url\" content=\"https:\/\/www.meco.lu\/de\/hintergrundinfos\/\" \/>\n<meta property=\"og:site_name\" content=\"Mouvement \u00e9cologique\" \/>\n<meta property=\"article:modified_time\" content=\"2024-05-21T11:46:35+00:00\" \/>\n<meta property=\"og:image\" content=\"http:\/\/www.meco.lu\/wp-content\/uploads\/2016\/03\/Biene-einzeln_nach-links.jpg\" \/>\n<meta name=\"twitter:card\" content=\"summary_large_image\" \/>\n<meta name=\"twitter:label1\" content=\"Dur\u00e9e de lecture estim\u00e9e\" \/>\n\t<meta name=\"twitter:data1\" content=\"2 minutes\" \/>\n<script type=\"application\/ld+json\" class=\"yoast-schema-graph\">{\"@context\":\"https:\/\/schema.org\",\"@graph\":[{\"@type\":\"WebPage\",\"@id\":\"https:\/\/www.meco.lu\/de\/hintergrundinfos\/\",\"url\":\"https:\/\/www.meco.lu\/de\/hintergrundinfos\/\",\"name\":\"Informations suppl\u00e9mentaires - Mouvement \u00e9cologique\",\"isPartOf\":{\"@id\":\"https:\/\/www.meco.lu\/de\/#website\"},\"primaryImageOfPage\":{\"@id\":\"https:\/\/www.meco.lu\/de\/hintergrundinfos\/#primaryimage\"},\"image\":{\"@id\":\"https:\/\/www.meco.lu\/de\/hintergrundinfos\/#primaryimage\"},\"thumbnailUrl\":\"http:\/\/www.meco.lu\/wp-content\/uploads\/2016\/03\/Biene-einzeln_nach-links.jpg\",\"datePublished\":\"2016-03-31T13:49:48+00:00\",\"dateModified\":\"2024-05-21T11:46:35+00:00\",\"breadcrumb\":{\"@id\":\"https:\/\/www.meco.lu\/de\/hintergrundinfos\/#breadcrumb\"},\"inLanguage\":\"fr-FR\",\"potentialAction\":[{\"@type\":\"ReadAction\",\"target\":[\"https:\/\/www.meco.lu\/de\/hintergrundinfos\/\"]}]},{\"@type\":\"ImageObject\",\"inLanguage\":\"fr-FR\",\"@id\":\"https:\/\/www.meco.lu\/de\/hintergrundinfos\/#primaryimage\",\"url\":\"http:\/\/www.meco.lu\/wp-content\/uploads\/2016\/03\/Biene-einzeln_nach-links.jpg\",\"contentUrl\":\"http:\/\/www.meco.lu\/wp-content\/uploads\/2016\/03\/Biene-einzeln_nach-links.jpg\"},{\"@type\":\"BreadcrumbList\",\"@id\":\"https:\/\/www.meco.lu\/de\/hintergrundinfos\/#breadcrumb\",\"itemListElement\":[{\"@type\":\"ListItem\",\"position\":1,\"name\":\"Home\",\"item\":\"https:\/\/www.meco.lu\/fr\/\"},{\"@type\":\"ListItem\",\"position\":2,\"name\":\"Informations suppl\u00e9mentaires\"}]},{\"@type\":\"WebSite\",\"@id\":\"https:\/\/www.meco.lu\/de\/#website\",\"url\":\"https:\/\/www.meco.lu\/de\/\",\"name\":\"Mouvement \u00e9cologique\",\"description\":\"\",\"potentialAction\":[{\"@type\":\"SearchAction\",\"target\":{\"@type\":\"EntryPoint\",\"urlTemplate\":\"https:\/\/www.meco.lu\/de\/?s={search_term_string}\"},\"query-input\":{\"@type\":\"PropertyValueSpecification\",\"valueRequired\":true,\"valueName\":\"search_term_string\"}}],\"inLanguage\":\"fr-FR\"}]}<\/script>\n<!-- \/ Yoast SEO plugin. -->","yoast_head_json":{"title":"Informations suppl\u00e9mentaires - Mouvement \u00e9cologique","robots":{"index":"index","follow":"follow","max-snippet":"max-snippet:-1","max-image-preview":"max-image-preview:large","max-video-preview":"max-video-preview:-1"},"canonical":"https:\/\/www.meco.lu\/de\/hintergrundinfos\/","og_locale":"fr_FR","og_type":"article","og_title":"Informations suppl\u00e9mentaires - Mouvement \u00e9cologique","og_description":"[vc_row][vc_column][vc_column_text] &nbsp; &nbsp; &nbsp; &nbsp; &nbsp; \u00a0 Informations suppl\u00e9mentaires Les abeilles sont des alli\u00e9es importantes, voire m\u00eame indispensables: les abeilles mellif\u00e8res et les abeilles sauvages pollinisent au total non moins de deux tiers des plantes que nous cultivons, comme les arbres fruitiers, et contribuent \u00e0 pr\u00e9server la biodiversit\u00e9. C\u2019est gr\u00e2ce aux abeilles, si nos assiettes [&hellip;]","og_url":"https:\/\/www.meco.lu\/de\/hintergrundinfos\/","og_site_name":"Mouvement \u00e9cologique","article_modified_time":"2024-05-21T11:46:35+00:00","og_image":[{"url":"http:\/\/www.meco.lu\/wp-content\/uploads\/2016\/03\/Biene-einzeln_nach-links.jpg","type":"","width":"","height":""}],"twitter_card":"summary_large_image","twitter_misc":{"Dur\u00e9e de lecture estim\u00e9e":"2 minutes"},"schema":{"@context":"https:\/\/schema.org","@graph":[{"@type":"WebPage","@id":"https:\/\/www.meco.lu\/de\/hintergrundinfos\/","url":"https:\/\/www.meco.lu\/de\/hintergrundinfos\/","name":"Informations suppl\u00e9mentaires - Mouvement \u00e9cologique","isPartOf":{"@id":"https:\/\/www.meco.lu\/de\/#website"},"primaryImageOfPage":{"@id":"https:\/\/www.meco.lu\/de\/hintergrundinfos\/#primaryimage"},"image":{"@id":"https:\/\/www.meco.lu\/de\/hintergrundinfos\/#primaryimage"},"thumbnailUrl":"http:\/\/www.meco.lu\/wp-content\/uploads\/2016\/03\/Biene-einzeln_nach-links.jpg","datePublished":"2016-03-31T13:49:48+00:00","dateModified":"2024-05-21T11:46:35+00:00","breadcrumb":{"@id":"https:\/\/www.meco.lu\/de\/hintergrundinfos\/#breadcrumb"},"inLanguage":"fr-FR","potentialAction":[{"@type":"ReadAction","target":["https:\/\/www.meco.lu\/de\/hintergrundinfos\/"]}]},{"@type":"ImageObject","inLanguage":"fr-FR","@id":"https:\/\/www.meco.lu\/de\/hintergrundinfos\/#primaryimage","url":"http:\/\/www.meco.lu\/wp-content\/uploads\/2016\/03\/Biene-einzeln_nach-links.jpg","contentUrl":"http:\/\/www.meco.lu\/wp-content\/uploads\/2016\/03\/Biene-einzeln_nach-links.jpg"},{"@type":"BreadcrumbList","@id":"https:\/\/www.meco.lu\/de\/hintergrundinfos\/#breadcrumb","itemListElement":[{"@type":"ListItem","position":1,"name":"Home","item":"https:\/\/www.meco.lu\/fr\/"},{"@type":"ListItem","position":2,"name":"Informations suppl\u00e9mentaires"}]},{"@type":"WebSite","@id":"https:\/\/www.meco.lu\/de\/#website","url":"https:\/\/www.meco.lu\/de\/","name":"Mouvement \u00e9cologique","description":"","potentialAction":[{"@type":"SearchAction","target":{"@type":"EntryPoint","urlTemplate":"https:\/\/www.meco.lu\/de\/?s={search_term_string}"},"query-input":{"@type":"PropertyValueSpecification","valueRequired":true,"valueName":"search_term_string"}}],"inLanguage":"fr-FR"}]}},"_links":{"self":[{"href":"https:\/\/www.meco.lu\/fr\/wp-json\/wp\/v2\/pages\/17931","targetHints":{"allow":["GET"]}}],"collection":[{"href":"https:\/\/www.meco.lu\/fr\/wp-json\/wp\/v2\/pages"}],"about":[{"href":"https:\/\/www.meco.lu\/fr\/wp-json\/wp\/v2\/types\/page"}],"author":[{"embeddable":true,"href":"https:\/\/www.meco.lu\/fr\/wp-json\/wp\/v2\/users\/5"}],"replies":[{"embeddable":true,"href":"https:\/\/www.meco.lu\/fr\/wp-json\/wp\/v2\/comments?post=17931"}],"version-history":[{"count":5,"href":"https:\/\/www.meco.lu\/fr\/wp-json\/wp\/v2\/pages\/17931\/revisions"}],"predecessor-version":[{"id":21902,"href":"https:\/\/www.meco.lu\/fr\/wp-json\/wp\/v2\/pages\/17931\/revisions\/21902"}],"wp:attachment":[{"href":"https:\/\/www.meco.lu\/fr\/wp-json\/wp\/v2\/media?parent=17931"}],"curies":[{"name":"wp","href":"https:\/\/api.w.org\/{rel}","templated":true}]}}