{"id":17921,"date":"2016-03-31T15:50:20","date_gmt":"2016-03-31T13:50:20","guid":{"rendered":"http:\/\/www.meco.lu\/fr\/?page_id=17921"},"modified":"2024-05-21T13:46:33","modified_gmt":"2024-05-21T11:46:33","slug":"en-pleine-floraison","status":"publish","type":"page","link":"https:\/\/www.meco.lu\/fr\/en-pleine-floraison\/","title":{"rendered":"\u00ab\u00a0Beien an eise G\u00e4ert\u00a0\u00bb"},"content":{"rendered":"<section class=\"wpb-content-wrapper\"><div class=\"pf-content\"><p>[vc_row][vc_column][vc_column_text]<a href=\"http:\/\/www.meco.lu\/wp-content\/uploads\/2016\/03\/A-voller-Bl\u00e9i_kleiner.jpg\"><img loading=\"lazy\" decoding=\"async\" class=\"alignleft wp-image-17915\" src=\"http:\/\/www.meco.lu\/wp-content\/uploads\/2016\/03\/A-voller-Bl\u00e9i_kleiner.jpg\" alt=\"A voller Bl\u00e9i_kleiner\" width=\"700\" height=\"543\" srcset=\"https:\/\/www.meco.lu\/wp-content\/uploads\/2016\/03\/A-voller-Bl\u00e9i_kleiner.jpg 1032w, https:\/\/www.meco.lu\/wp-content\/uploads\/2016\/03\/A-voller-Bl\u00e9i_kleiner-300x233.jpg 300w, https:\/\/www.meco.lu\/wp-content\/uploads\/2016\/03\/A-voller-Bl\u00e9i_kleiner-1024x794.jpg 1024w, https:\/\/www.meco.lu\/wp-content\/uploads\/2016\/03\/A-voller-Bl\u00e9i_kleiner-213x165.jpg 213w\" sizes=\"auto, (max-width: 700px) 100vw, 700px\" \/><\/a><\/p>\n<p>&nbsp;<\/p>\n<p>Merci pour l\u2019int\u00e9r\u00eat que vous portez \u00e0 l\u2019action \u00ab\u00a0A voller Bl\u00e9i!\u00a0\u00bb<br \/>\n(En pleine floraison\u00a0!)\u00a0Transformez votre jardin ou balcon en paradis pour abeilles!\u00bb.<\/p>\n<p>Si vous participez en plantant des fleurs et des herbes recommand\u00e9es sur votre balcon ou dans le jardin, vous aidez les abeilles, les bourdons et les papillons \u00e0 trouver assez de nourriture pendant toute la saison.<\/p>\n<p>Participez! Merci pour votre engagement!<\/p>\n<p><img loading=\"lazy\" decoding=\"async\" class=\"alignleft wp-image-17886 size-thumbnail\" src=\"http:\/\/www.meco.lu\/wp-content\/uploads\/2016\/03\/Biene-einzeln-150x150.jpg\" alt=\"Biene einzeln\" width=\"150\" height=\"150\" \/><\/p>\n<p>Cliquez sur les liens ci-dessous pour en savoir plus :<\/p>\n<p><strong><a href=\"http:\/\/www.meco.lu\/fr\/informations-supplementaires\/\" target=\"_blank\" rel=\"noopener\">I<\/a><a href=\"http:\/\/www.meco.lu\/fr\/informations-supplementaires\/\" target=\"_blank\" rel=\"noopener\">nformations suppl\u00e9mentaires<\/a><\/strong><\/p>\n<p><strong><a href=\"http:\/\/www.meco.lu\/fr\/plantes-recommandees\/\" target=\"_blank\" rel=\"noopener\">P<\/a><a href=\"http:\/\/www.meco.lu\/fr\/plantes-recommandees\/\" target=\"_blank\" rel=\"noopener\">lantes recommand\u00e9es<\/a><\/strong><\/p>\n<p><strong><a href=\"http:\/\/www.meco.lu\/fr\/magasins-partenaires\/\" target=\"_blank\" rel=\"noopener\">M<\/a><a href=\"http:\/\/www.meco.lu\/fr\/magasins-partenaires\/\" target=\"_blank\" rel=\"noopener\">agasins partenaires<\/a><\/strong><\/p>\n<p><strong><a href=\"http:\/\/www.meco.lu\/wp-content\/uploads\/2016\/03\/depliant_BeienDEF_low.pdf\">D<\/a><a href=\"http:\/\/www.meco.lu\/wp-content\/uploads\/2016\/03\/depliant_BeienDEF_low.pdf\">\u00e9pliant <\/a><a href=\"http:\/\/www.meco.lu\/wp-content\/uploads\/2016\/03\/depliant_BeienDEF_low.pdf\">En pleine floraison<\/a><a href=\"http:\/\/www.meco.lu\/wp-content\/uploads\/2016\/03\/depliant_BeienDEF_low.pdf\">\u00a0<\/a><a href=\"http:\/\/www.meco.lu\/wp-content\/uploads\/2016\/03\/depliant_BeienDEF_low.pdf\">(PDF \u00e0 t\u00e9l\u00e9charger)<\/a><\/strong><\/p>\n<p>&nbsp;[\/vc_column_text][\/vc_column][\/vc_row][vc_row][vc_column width=\u00a0\u00bb1\/1&Prime;][vc_single_image image=\u00a0\u00bb17866&Prime; border_color=\u00a0\u00bbgrey\u00a0\u00bb img_link_large=\u00a0\u00bbyes\u00a0\u00bb img_link_target=\u00a0\u00bb_self\u00a0\u00bb img_size=\u00a0\u00bbfull\u00a0\u00bb][\/vc_column][\/vc_row]<\/p>\n<\/div><\/section>","protected":false},"excerpt":{"rendered":"<p>[vc_row][vc_column][vc_column_text] &nbsp; Merci pour l\u2019int\u00e9r\u00eat que vous portez \u00e0 l\u2019action \u00ab\u00a0A voller Bl\u00e9i!\u00a0\u00bb (En pleine floraison\u00a0!)\u00a0Transformez votre jardin ou balcon en paradis pour abeilles!\u00bb. Si vous participez en plantant des fleurs et des herbes recommand\u00e9es sur votre balcon ou dans le jardin, vous aidez les abeilles, les bourdons et les papillons \u00e0 trouver assez de [&hellip;]<\/p>\n","protected":false},"author":5,"featured_media":0,"parent":0,"menu_order":7,"comment_status":"closed","ping_status":"closed","template":"","meta":{"_acf_changed":false,"footnotes":""},"class_list":["post-17921","page","type-page","status-publish","hentry"],"acf":[],"yoast_head":"<!-- This site is optimized with the Yoast SEO plugin v27.2 - https:\/\/yoast.com\/product\/yoast-seo-wordpress\/ -->\n<title>&quot;Beien an eise G\u00e4ert&quot; - Mouvement \u00e9cologique<\/title>\n<meta name=\"robots\" content=\"index, follow, max-snippet:-1, max-image-preview:large, max-video-preview:-1\" \/>\n<link rel=\"canonical\" href=\"https:\/\/www.meco.lu\/de\/a-voller-blei\/\" \/>\n<meta property=\"og:locale\" content=\"fr_FR\" \/>\n<meta property=\"og:type\" content=\"article\" \/>\n<meta property=\"og:title\" content=\"&quot;Beien an eise G\u00e4ert&quot; - Mouvement \u00e9cologique\" \/>\n<meta property=\"og:description\" content=\"[vc_row][vc_column][vc_column_text] &nbsp; Merci pour l\u2019int\u00e9r\u00eat que vous portez \u00e0 l\u2019action \u00ab\u00a0A voller Bl\u00e9i!\u00a0\u00bb (En pleine floraison\u00a0!)\u00a0Transformez votre jardin ou balcon en paradis pour abeilles!\u00bb. Si vous participez en plantant des fleurs et des herbes recommand\u00e9es sur votre balcon ou dans le jardin, vous aidez les abeilles, les bourdons et les papillons \u00e0 trouver assez de [&hellip;]\" \/>\n<meta property=\"og:url\" content=\"https:\/\/www.meco.lu\/de\/a-voller-blei\/\" \/>\n<meta property=\"og:site_name\" content=\"Mouvement \u00e9cologique\" \/>\n<meta property=\"article:modified_time\" content=\"2024-05-21T11:46:33+00:00\" \/>\n<meta property=\"og:image\" content=\"http:\/\/www.meco.lu\/wp-content\/uploads\/2016\/03\/Biene-einzeln-150x150.jpg\" \/>\n<meta name=\"twitter:card\" content=\"summary_large_image\" \/>\n<meta name=\"twitter:label1\" content=\"Dur\u00e9e de lecture estim\u00e9e\" \/>\n\t<meta name=\"twitter:data1\" content=\"1 minute\" \/>\n<script type=\"application\/ld+json\" class=\"yoast-schema-graph\">{\"@context\":\"https:\/\/schema.org\",\"@graph\":[{\"@type\":\"WebPage\",\"@id\":\"https:\/\/www.meco.lu\/de\/a-voller-blei\/\",\"url\":\"https:\/\/www.meco.lu\/de\/a-voller-blei\/\",\"name\":\"\\\"Beien an eise G\u00e4ert\\\" - Mouvement \u00e9cologique\",\"isPartOf\":{\"@id\":\"https:\/\/www.meco.lu\/de\/#website\"},\"primaryImageOfPage\":{\"@id\":\"https:\/\/www.meco.lu\/de\/a-voller-blei\/#primaryimage\"},\"image\":{\"@id\":\"https:\/\/www.meco.lu\/de\/a-voller-blei\/#primaryimage\"},\"thumbnailUrl\":\"http:\/\/www.meco.lu\/wp-content\/uploads\/2016\/03\/Biene-einzeln-150x150.jpg\",\"datePublished\":\"2016-03-31T13:50:20+00:00\",\"dateModified\":\"2024-05-21T11:46:33+00:00\",\"breadcrumb\":{\"@id\":\"https:\/\/www.meco.lu\/de\/a-voller-blei\/#breadcrumb\"},\"inLanguage\":\"fr-FR\",\"potentialAction\":[{\"@type\":\"ReadAction\",\"target\":[\"https:\/\/www.meco.lu\/de\/a-voller-blei\/\"]}]},{\"@type\":\"ImageObject\",\"inLanguage\":\"fr-FR\",\"@id\":\"https:\/\/www.meco.lu\/de\/a-voller-blei\/#primaryimage\",\"url\":\"http:\/\/www.meco.lu\/wp-content\/uploads\/2016\/03\/Biene-einzeln-150x150.jpg\",\"contentUrl\":\"http:\/\/www.meco.lu\/wp-content\/uploads\/2016\/03\/Biene-einzeln-150x150.jpg\"},{\"@type\":\"BreadcrumbList\",\"@id\":\"https:\/\/www.meco.lu\/de\/a-voller-blei\/#breadcrumb\",\"itemListElement\":[{\"@type\":\"ListItem\",\"position\":1,\"name\":\"Home\",\"item\":\"https:\/\/www.meco.lu\/fr\/\"},{\"@type\":\"ListItem\",\"position\":2,\"name\":\"&#8222;Beien an eise G\u00e4ert&#8220;\"}]},{\"@type\":\"WebSite\",\"@id\":\"https:\/\/www.meco.lu\/de\/#website\",\"url\":\"https:\/\/www.meco.lu\/de\/\",\"name\":\"Mouvement \u00e9cologique\",\"description\":\"\",\"potentialAction\":[{\"@type\":\"SearchAction\",\"target\":{\"@type\":\"EntryPoint\",\"urlTemplate\":\"https:\/\/www.meco.lu\/de\/?s={search_term_string}\"},\"query-input\":{\"@type\":\"PropertyValueSpecification\",\"valueRequired\":true,\"valueName\":\"search_term_string\"}}],\"inLanguage\":\"fr-FR\"}]}<\/script>\n<!-- \/ Yoast SEO plugin. -->","yoast_head_json":{"title":"\"Beien an eise G\u00e4ert\" - Mouvement \u00e9cologique","robots":{"index":"index","follow":"follow","max-snippet":"max-snippet:-1","max-image-preview":"max-image-preview:large","max-video-preview":"max-video-preview:-1"},"canonical":"https:\/\/www.meco.lu\/de\/a-voller-blei\/","og_locale":"fr_FR","og_type":"article","og_title":"\"Beien an eise G\u00e4ert\" - Mouvement \u00e9cologique","og_description":"[vc_row][vc_column][vc_column_text] &nbsp; Merci pour l\u2019int\u00e9r\u00eat que vous portez \u00e0 l\u2019action \u00ab\u00a0A voller Bl\u00e9i!\u00a0\u00bb (En pleine floraison\u00a0!)\u00a0Transformez votre jardin ou balcon en paradis pour abeilles!\u00bb. Si vous participez en plantant des fleurs et des herbes recommand\u00e9es sur votre balcon ou dans le jardin, vous aidez les abeilles, les bourdons et les papillons \u00e0 trouver assez de [&hellip;]","og_url":"https:\/\/www.meco.lu\/de\/a-voller-blei\/","og_site_name":"Mouvement \u00e9cologique","article_modified_time":"2024-05-21T11:46:33+00:00","og_image":[{"url":"http:\/\/www.meco.lu\/wp-content\/uploads\/2016\/03\/Biene-einzeln-150x150.jpg","type":"","width":"","height":""}],"twitter_card":"summary_large_image","twitter_misc":{"Dur\u00e9e de lecture estim\u00e9e":"1 minute"},"schema":{"@context":"https:\/\/schema.org","@graph":[{"@type":"WebPage","@id":"https:\/\/www.meco.lu\/de\/a-voller-blei\/","url":"https:\/\/www.meco.lu\/de\/a-voller-blei\/","name":"\"Beien an eise G\u00e4ert\" - Mouvement \u00e9cologique","isPartOf":{"@id":"https:\/\/www.meco.lu\/de\/#website"},"primaryImageOfPage":{"@id":"https:\/\/www.meco.lu\/de\/a-voller-blei\/#primaryimage"},"image":{"@id":"https:\/\/www.meco.lu\/de\/a-voller-blei\/#primaryimage"},"thumbnailUrl":"http:\/\/www.meco.lu\/wp-content\/uploads\/2016\/03\/Biene-einzeln-150x150.jpg","datePublished":"2016-03-31T13:50:20+00:00","dateModified":"2024-05-21T11:46:33+00:00","breadcrumb":{"@id":"https:\/\/www.meco.lu\/de\/a-voller-blei\/#breadcrumb"},"inLanguage":"fr-FR","potentialAction":[{"@type":"ReadAction","target":["https:\/\/www.meco.lu\/de\/a-voller-blei\/"]}]},{"@type":"ImageObject","inLanguage":"fr-FR","@id":"https:\/\/www.meco.lu\/de\/a-voller-blei\/#primaryimage","url":"http:\/\/www.meco.lu\/wp-content\/uploads\/2016\/03\/Biene-einzeln-150x150.jpg","contentUrl":"http:\/\/www.meco.lu\/wp-content\/uploads\/2016\/03\/Biene-einzeln-150x150.jpg"},{"@type":"BreadcrumbList","@id":"https:\/\/www.meco.lu\/de\/a-voller-blei\/#breadcrumb","itemListElement":[{"@type":"ListItem","position":1,"name":"Home","item":"https:\/\/www.meco.lu\/fr\/"},{"@type":"ListItem","position":2,"name":"&#8222;Beien an eise G\u00e4ert&#8220;"}]},{"@type":"WebSite","@id":"https:\/\/www.meco.lu\/de\/#website","url":"https:\/\/www.meco.lu\/de\/","name":"Mouvement \u00e9cologique","description":"","potentialAction":[{"@type":"SearchAction","target":{"@type":"EntryPoint","urlTemplate":"https:\/\/www.meco.lu\/de\/?s={search_term_string}"},"query-input":{"@type":"PropertyValueSpecification","valueRequired":true,"valueName":"search_term_string"}}],"inLanguage":"fr-FR"}]}},"_links":{"self":[{"href":"https:\/\/www.meco.lu\/fr\/wp-json\/wp\/v2\/pages\/17921","targetHints":{"allow":["GET"]}}],"collection":[{"href":"https:\/\/www.meco.lu\/fr\/wp-json\/wp\/v2\/pages"}],"about":[{"href":"https:\/\/www.meco.lu\/fr\/wp-json\/wp\/v2\/types\/page"}],"author":[{"embeddable":true,"href":"https:\/\/www.meco.lu\/fr\/wp-json\/wp\/v2\/users\/5"}],"replies":[{"embeddable":true,"href":"https:\/\/www.meco.lu\/fr\/wp-json\/wp\/v2\/comments?post=17921"}],"version-history":[{"count":5,"href":"https:\/\/www.meco.lu\/fr\/wp-json\/wp\/v2\/pages\/17921\/revisions"}],"predecessor-version":[{"id":18305,"href":"https:\/\/www.meco.lu\/fr\/wp-json\/wp\/v2\/pages\/17921\/revisions\/18305"}],"wp:attachment":[{"href":"https:\/\/www.meco.lu\/fr\/wp-json\/wp\/v2\/media?parent=17921"}],"curies":[{"name":"wp","href":"https:\/\/api.w.org\/{rel}","templated":true}]}}