{"id":17891,"date":"2016-03-31T15:49:26","date_gmt":"2016-03-31T13:49:26","guid":{"rendered":"http:\/\/www.meco.lu\/fr\/?page_id=17891"},"modified":"2017-02-28T15:48:26","modified_gmt":"2017-02-28T13:48:26","slug":"plantes-recommandees","status":"publish","type":"page","link":"https:\/\/www.meco.lu\/fr\/plantes-recommandees\/","title":{"rendered":"Plantes recommand\u00e9es"},"content":{"rendered":"<section class=\"wpb-content-wrapper\"><div class=\"pf-content\"><p>[vc_row][vc_column][vc_column_text]<a href=\"http:\/\/www.meco.lu\/wp-content\/uploads\/2016\/03\/Biene-einzeln1.jpg\"><img loading=\"lazy\" decoding=\"async\" class=\"alignleft size-full wp-image-17892\" src=\"http:\/\/www.meco.lu\/wp-content\/uploads\/2016\/03\/Biene-einzeln1.jpg\" alt=\"Biene einzeln\" width=\"142\" height=\"137\" \/><\/a>Certaines plantes sont id\u00e9ales pour approvisionner les abeilles tout au long de la saison de floraison (du printemps \u00e0 l\u2019automne).\u00a0D\u00e8s le r\u00e9veil du printemps, les plantes \u00e0 floraison pr\u00e9coce, telles les fleurs \u00e0 bulbes, constituent les premi\u00e8res friandises pour les abeilles. De m\u00eame, diverses plantes vivaces, pluriannuelles et r\u00e9sistantes \u00e0 l\u2019hiver, qui fleurissent \u00e0 diff\u00e9rents moments de l\u2019ann\u00e9e dans votre jardin, apportent nectar et pollen pendant une p\u00e9riode \u00e9tendue. Les plantes et les fleurs rivalisant de couleurs et d\u2019odeurs feront \u00e9videmment aussi le bonheur d\u2019autres petits visiteurs, comme les bourdons et les papillons.<br \/>\nInutile de faire de longues recherches et de consulter la litt\u00e9rature botanique pour conna\u00eetre les fleurs et les plantes favorites des abeilles: nous avons s\u00e9lectionn\u00e9 diff\u00e9rentes sortes de plantes vivaces et d\u2019herbes que nous avons combin\u00e9 en sets v\u00e9g\u00e9taux assortis d\u2019astuces et de conseils utiles pour votre jardin ou votre balcon.<\/p>\n<p>&nbsp;<\/p>\n<p>Choisissez votre set pr\u00e9f\u00e9r\u00e9 en fonction de son emplacement et adressez-vous \u00e0 un de nos <span style=\"text-decoration: underline\"><strong><span style=\"color: #339966\"><a style=\"color: #339966;text-decoration: underline\" href=\"http:\/\/www.meco.lu\/fr\/magasins-partenaires\/\">magasins partenaires<\/a><\/span> <\/strong><\/span>o\u00f9 vous trouverez un large choix des plantes pr\u00e9sent\u00e9es et o\u00f9 des sp\u00e9cialistes se tiendront \u00e0 votre enti\u00e8re disposition pour vous renseigner plus en d\u00e9tail. Si vous n\u2019avez pas la possibilit\u00e9 de renouveler toute une partie de votre jardin, vous pouvez \u00e9videmment aussi faire des plantations isol\u00e9es.<\/p>\n<p><strong>Important: <\/strong>lorsque vous am\u00e9nagez votre jardin, renoncez \u00e0 l\u2019emploi de pesticides et d\u2019engrais chimiques!<\/p>\n<p>&nbsp;<\/p>\n<p><strong>Plantes recommand\u00e9es sur le balcon:<\/strong><\/p>\n<p><strong><a href=\"http:\/\/www.meco.lu\/wp-content\/uploads\/2017\/02\/Balkon-Pflanzen-2017.pdf\"><span style=\"color: #000000\">Mix de fleurs et d&rsquo;herbes<\/span><\/a><\/strong> <span style=\"text-decoration: underline\"><strong><a href=\"http:\/\/www.meco.lu\/wp-content\/uploads\/2017\/02\/Balkon-Pflanzen-2017.pdf\"><span style=\"color: #339966;text-decoration: underline\">(PDF \u00e0 t\u00e9l\u00e9charger)<\/span><\/a><\/strong><\/span>[\/vc_column_text][vc_separator color=\u00a0\u00bbwhite\u00a0\u00bb align=\u00a0\u00bbalign_center\u00a0\u00bb border_width=\u00a0\u00bb4&Prime;][\/vc_column][\/vc_row][vc_row][vc_column width=\u00a0\u00bb1\/1&Prime;][vc_single_image image=\u00a0\u00bb17875&Prime; border_color=\u00a0\u00bbgrey\u00a0\u00bb img_link_large=\u00a0\u00bbyes\u00a0\u00bb img_link_target=\u00a0\u00bb_self\u00a0\u00bb title=\u00a0\u00bbMIx de fleurs et d&rsquo;herbes\u00a0\u00bb img_size=\u00a0\u00bbfull\u00a0\u00bb][\/vc_column][\/vc_row][vc_row][vc_column width=\u00a0\u00bb1\/1&Prime;][vc_column_text]<\/p>\n<p>&nbsp;<\/p>\n<p><strong>Avez-vous un jardin?<\/strong><\/p>\n<p><span style=\"color: #000000\"><strong>Parterre de plantes vivaces (emplacements ensoleill\u00e9s)<\/strong><\/span><a href=\"http:\/\/www.meco.lu\/wp-content\/uploads\/2016\/03\/Staudenbeet-f%C3%BCr-sonnige-Standorte-2017.pdf\"><span style=\"text-decoration: underline\"><strong><br \/>\n<span style=\"color: #339966;text-decoration: underline\">(PDF \u00e0 t\u00e9l\u00e9charger avec liste compl\u00e8te de ces plantes)<\/span><\/strong><\/span><\/a>[\/vc_column_text][\/vc_column][\/vc_row][vc_row][vc_column width=\u00a0\u00bb1\/1&Prime;][vc_single_image image=\u00a0\u00bb17865&Prime; border_color=\u00a0\u00bbgrey\u00a0\u00bb img_link_large=\u00a0\u00bbyes\u00a0\u00bb img_link_target=\u00a0\u00bb_self\u00a0\u00bb title=\u00a0\u00bbParterre de plantes vivaces (emplacements ensoleill\u00e9s)\u00a0\u00bb img_size=\u00a0\u00bbfull\u00a0\u00bb][\/vc_column][\/vc_row][vc_row][vc_column width=\u00a0\u00bb1\/1&Prime;][vc_column_text]<span style=\"color: #000000\"><strong><a style=\"color: #000000\" href=\"http:\/\/www.meco.lu\/wp-content\/uploads\/2016\/03\/Blau-wei\u00dfes-Halbschattenbeet.pdf\">Fleurs de couleur bleue et blanche<\/a>\u00a0<\/strong><\/span><\/p>\n<p><span style=\"text-decoration: underline\"><strong><a href=\"http:\/\/www.meco.lu\/wp-content\/uploads\/2017\/02\/Halbschattenbeet-in-Blau-und-Wei%CE%B2-2017.pdf\"><span style=\"color: #339966;text-decoration: underline\">(PDF \u00e0 t\u00e9l\u00e9charger avec liste compl\u00e8te de ces plantes)<\/span><\/a><\/strong><\/span>[\/vc_column_text][\/vc_column][\/vc_row][vc_row][vc_column width=\u00a0\u00bb1\/1&Prime;][vc_single_image image=\u00a0\u00bb17834&Prime; border_color=\u00a0\u00bbgrey\u00a0\u00bb img_link_large=\u00a0\u00bbyes\u00a0\u00bb img_link_target=\u00a0\u00bb_self\u00a0\u00bb title=\u00a0\u00bbFleurs de couleur bleue et blanche\u00a0\u00bb img_size=\u00a0\u00bbfull\u00a0\u00bb][\/vc_column][\/vc_row][vc_row][vc_column width=\u00a0\u00bb1\/1&Prime;][vc_column_text]<strong>D\u2019autres plantes recommand\u00e9es: <\/strong><\/p>\n<p>&nbsp;<\/p>\n<ul>\n<li>Plantes d\u2019int\u00e9r\u00eat apicole, dossier r\u00e9alis\u00e9 par le Centre technique horticole de Gembloux:\u00a0<span style=\"text-decoration: underline;color: #339966\"><span style=\"text-decoration: underline;color: #339966\"><a style=\"color: #339966;text-decoration: underline\" href=\"http:\/\/www.liege.be\/telechargements\/pdf\/environnement\/pcdn\/plantes-melliferes-abeilles.pdf\">http:\/\/www.liege.be\/telechargements\/pdf\/environnement\/pcdn\/plantes-melliferes-abeilles.pdf<\/a><\/span><\/span><\/li>\n<\/ul>\n<ul>\n<li>Les plantes mellif\u00e8res, texte publi\u00e9 sur gerbeaud.com:<br \/>\n<span style=\"text-decoration: underline;color: #339966\"><span style=\"text-decoration: underline;color: #339966\"><a style=\"color: #339966;text-decoration: underline\" href=\"http:\/\/www.gerbeaud.com\/jardin\/fiches\/plantes-melliferes-abeilles.php\">http:\/\/www.gerbeaud.com\/jardin\/fiches\/plantes-melliferes-abeilles.php<\/a><\/span><\/span><\/li>\n<li>Suggestions d\u2019organisations et de syndicats de protection de l\u2019environnement au Luxembourg (articles en langue allemande):\u00a0<span style=\"text-decoration: underline\"><span style=\"color: #339966\"><span style=\"color: #339966\"><a style=\"color: #339966;text-decoration: underline\" href=\"http:\/\/www.meco.lu\/de\/blog\/documentcenter\/eis-beien-a-bommele-brauchen-hellef\/\">www.meco.lu\/de\/blog\/documentcenter\/eis-beien-a-bommele-brauchen-hellef\/<\/a><\/span><\/span><\/span><\/li>\n<li>Plantes attirant les abeilles, dossier r\u00e9alis\u00e9 par le BUND (en langue allemande):\u00a0<span style=\"text-decoration: underline\"><span style=\"color: #339966;text-decoration: underline\"><a style=\"color: #339966;text-decoration: underline\" href=\"http:\/\/bund-bremen.net\/themen_und_projekte\/naturschutz\/artenschutz\/bremen_blueht_auf\/bienenfreundliche_pflanzen\/\">http:\/\/bund-bremen.net\/themen_und_projekte\/<\/a><\/span><\/span><br \/>\n<span style=\"text-decoration: underline\"> <span style=\"color: #339966;text-decoration: underline\"><span style=\"color: #339966;text-decoration: underline\"> <a style=\"color: #339966;text-decoration: underline\" href=\"http:\/\/bund-bremen.net\/themen_und_projekte\/naturschutz\/artenschutz\/bremen_blueht_auf\/bienenfreundliche_pflanzen\/\">naturschutz\/artenschutz\/bremen_blueht_auf\/bienenfreundliche_pflanzen\/<\/a><\/span><\/span><\/span><\/li>\n<\/ul>\n<ul>\n<li>\u201eBienenfreundliche Pflanzen f\u00fcr Balkon und Garten\u201c (lexique), publi\u00e9 par le \u201eBundesministerium f\u00fcr Ern\u00e4hrung und Landwirtschaft\u201c allemand:<br \/>\n<span style=\"color: #339966\"><span style=\"text-decoration: underline\"><a style=\"color: #339966;text-decoration: underline\" href=\"http:\/\/www.bmel.de\/SharedDocs\/Downloads\/Broschueren\/Bienenlexikon.pdf?__blob=publicationFile\">http:\/\/www.bmel.de\/SharedDocs\/Downloads\/Broschueren\/Bienenlexikon.pdf?<\/a><\/span><a style=\"color: #339966\" href=\"http:\/\/www.bmel.de\/SharedDocs\/Downloads\/Broschueren\/Bienenlexikon.pdf?__blob=publicationFile\">__<\/a><span style=\"text-decoration: underline\"><a style=\"color: #339966;text-decoration: underline\" href=\"http:\/\/www.bmel.de\/SharedDocs\/Downloads\/Broschueren\/Bienenlexikon.pdf?__blob=publicationFile\">blob=publicationFile<\/a><\/span><\/span><\/li>\n<\/ul>\n<p>[\/vc_column_text][\/vc_column][\/vc_row]<\/p>\n<\/div><\/section>","protected":false},"excerpt":{"rendered":"<p>[vc_row][vc_column][vc_column_text]Certaines plantes sont id\u00e9ales pour approvisionner les abeilles tout au long de la saison de floraison (du printemps \u00e0 l\u2019automne).\u00a0D\u00e8s le r\u00e9veil du printemps, les plantes \u00e0 floraison pr\u00e9coce, telles les fleurs \u00e0 bulbes, constituent les premi\u00e8res friandises pour les abeilles. De m\u00eame, diverses plantes vivaces, pluriannuelles et r\u00e9sistantes \u00e0 l\u2019hiver, qui fleurissent \u00e0 diff\u00e9rents [&hellip;]<\/p>\n","protected":false},"author":5,"featured_media":0,"parent":0,"menu_order":32,"comment_status":"closed","ping_status":"closed","template":"","meta":{"_acf_changed":false,"footnotes":""},"class_list":["post-17891","page","type-page","status-publish","hentry"],"acf":[],"yoast_head":"<!-- This site is optimized with the Yoast SEO plugin v27.2 - https:\/\/yoast.com\/product\/yoast-seo-wordpress\/ -->\n<title>Plantes recommand\u00e9es - Mouvement \u00e9cologique<\/title>\n<meta name=\"robots\" content=\"index, follow, max-snippet:-1, max-image-preview:large, max-video-preview:-1\" \/>\n<link rel=\"canonical\" href=\"https:\/\/www.meco.lu\/fr\/plantes-recommandees\/\" \/>\n<meta property=\"og:locale\" content=\"fr_FR\" \/>\n<meta property=\"og:type\" content=\"article\" \/>\n<meta property=\"og:title\" content=\"Plantes recommand\u00e9es - Mouvement \u00e9cologique\" \/>\n<meta property=\"og:description\" content=\"[vc_row][vc_column][vc_column_text]Certaines plantes sont id\u00e9ales pour approvisionner les abeilles tout au long de la saison de floraison (du printemps \u00e0 l\u2019automne).\u00a0D\u00e8s le r\u00e9veil du printemps, les plantes \u00e0 floraison pr\u00e9coce, telles les fleurs \u00e0 bulbes, constituent les premi\u00e8res friandises pour les abeilles. De m\u00eame, diverses plantes vivaces, pluriannuelles et r\u00e9sistantes \u00e0 l\u2019hiver, qui fleurissent \u00e0 diff\u00e9rents [&hellip;]\" \/>\n<meta property=\"og:url\" content=\"https:\/\/www.meco.lu\/fr\/plantes-recommandees\/\" \/>\n<meta property=\"og:site_name\" content=\"Mouvement \u00e9cologique\" \/>\n<meta property=\"article:modified_time\" content=\"2017-02-28T13:48:26+00:00\" \/>\n<meta property=\"og:image\" content=\"http:\/\/www.meco.lu\/wp-content\/uploads\/2016\/03\/Biene-einzeln1.jpg\" \/>\n<meta name=\"twitter:card\" content=\"summary_large_image\" \/>\n<meta name=\"twitter:label1\" content=\"Dur\u00e9e de lecture estim\u00e9e\" \/>\n\t<meta name=\"twitter:data1\" content=\"3 minutes\" \/>\n<script type=\"application\/ld+json\" class=\"yoast-schema-graph\">{\"@context\":\"https:\/\/schema.org\",\"@graph\":[{\"@type\":\"WebPage\",\"@id\":\"https:\/\/www.meco.lu\/fr\/plantes-recommandees\/\",\"url\":\"https:\/\/www.meco.lu\/fr\/plantes-recommandees\/\",\"name\":\"Plantes recommand\u00e9es - Mouvement \u00e9cologique\",\"isPartOf\":{\"@id\":\"https:\/\/www.meco.lu\/de\/#website\"},\"primaryImageOfPage\":{\"@id\":\"https:\/\/www.meco.lu\/fr\/plantes-recommandees\/#primaryimage\"},\"image\":{\"@id\":\"https:\/\/www.meco.lu\/fr\/plantes-recommandees\/#primaryimage\"},\"thumbnailUrl\":\"http:\/\/www.meco.lu\/wp-content\/uploads\/2016\/03\/Biene-einzeln1.jpg\",\"datePublished\":\"2016-03-31T13:49:26+00:00\",\"dateModified\":\"2017-02-28T13:48:26+00:00\",\"breadcrumb\":{\"@id\":\"https:\/\/www.meco.lu\/fr\/plantes-recommandees\/#breadcrumb\"},\"inLanguage\":\"fr-FR\",\"potentialAction\":[{\"@type\":\"ReadAction\",\"target\":[\"https:\/\/www.meco.lu\/fr\/plantes-recommandees\/\"]}]},{\"@type\":\"ImageObject\",\"inLanguage\":\"fr-FR\",\"@id\":\"https:\/\/www.meco.lu\/fr\/plantes-recommandees\/#primaryimage\",\"url\":\"http:\/\/www.meco.lu\/wp-content\/uploads\/2016\/03\/Biene-einzeln1.jpg\",\"contentUrl\":\"http:\/\/www.meco.lu\/wp-content\/uploads\/2016\/03\/Biene-einzeln1.jpg\"},{\"@type\":\"BreadcrumbList\",\"@id\":\"https:\/\/www.meco.lu\/fr\/plantes-recommandees\/#breadcrumb\",\"itemListElement\":[{\"@type\":\"ListItem\",\"position\":1,\"name\":\"Home\",\"item\":\"https:\/\/www.meco.lu\/fr\/\"},{\"@type\":\"ListItem\",\"position\":2,\"name\":\"Plantes recommand\u00e9es\"}]},{\"@type\":\"WebSite\",\"@id\":\"https:\/\/www.meco.lu\/de\/#website\",\"url\":\"https:\/\/www.meco.lu\/de\/\",\"name\":\"Mouvement \u00e9cologique\",\"description\":\"\",\"potentialAction\":[{\"@type\":\"SearchAction\",\"target\":{\"@type\":\"EntryPoint\",\"urlTemplate\":\"https:\/\/www.meco.lu\/de\/?s={search_term_string}\"},\"query-input\":{\"@type\":\"PropertyValueSpecification\",\"valueRequired\":true,\"valueName\":\"search_term_string\"}}],\"inLanguage\":\"fr-FR\"}]}<\/script>\n<!-- \/ Yoast SEO plugin. -->","yoast_head_json":{"title":"Plantes recommand\u00e9es - Mouvement \u00e9cologique","robots":{"index":"index","follow":"follow","max-snippet":"max-snippet:-1","max-image-preview":"max-image-preview:large","max-video-preview":"max-video-preview:-1"},"canonical":"https:\/\/www.meco.lu\/fr\/plantes-recommandees\/","og_locale":"fr_FR","og_type":"article","og_title":"Plantes recommand\u00e9es - Mouvement \u00e9cologique","og_description":"[vc_row][vc_column][vc_column_text]Certaines plantes sont id\u00e9ales pour approvisionner les abeilles tout au long de la saison de floraison (du printemps \u00e0 l\u2019automne).\u00a0D\u00e8s le r\u00e9veil du printemps, les plantes \u00e0 floraison pr\u00e9coce, telles les fleurs \u00e0 bulbes, constituent les premi\u00e8res friandises pour les abeilles. De m\u00eame, diverses plantes vivaces, pluriannuelles et r\u00e9sistantes \u00e0 l\u2019hiver, qui fleurissent \u00e0 diff\u00e9rents [&hellip;]","og_url":"https:\/\/www.meco.lu\/fr\/plantes-recommandees\/","og_site_name":"Mouvement \u00e9cologique","article_modified_time":"2017-02-28T13:48:26+00:00","og_image":[{"url":"http:\/\/www.meco.lu\/wp-content\/uploads\/2016\/03\/Biene-einzeln1.jpg","type":"","width":"","height":""}],"twitter_card":"summary_large_image","twitter_misc":{"Dur\u00e9e de lecture estim\u00e9e":"3 minutes"},"schema":{"@context":"https:\/\/schema.org","@graph":[{"@type":"WebPage","@id":"https:\/\/www.meco.lu\/fr\/plantes-recommandees\/","url":"https:\/\/www.meco.lu\/fr\/plantes-recommandees\/","name":"Plantes recommand\u00e9es - Mouvement \u00e9cologique","isPartOf":{"@id":"https:\/\/www.meco.lu\/de\/#website"},"primaryImageOfPage":{"@id":"https:\/\/www.meco.lu\/fr\/plantes-recommandees\/#primaryimage"},"image":{"@id":"https:\/\/www.meco.lu\/fr\/plantes-recommandees\/#primaryimage"},"thumbnailUrl":"http:\/\/www.meco.lu\/wp-content\/uploads\/2016\/03\/Biene-einzeln1.jpg","datePublished":"2016-03-31T13:49:26+00:00","dateModified":"2017-02-28T13:48:26+00:00","breadcrumb":{"@id":"https:\/\/www.meco.lu\/fr\/plantes-recommandees\/#breadcrumb"},"inLanguage":"fr-FR","potentialAction":[{"@type":"ReadAction","target":["https:\/\/www.meco.lu\/fr\/plantes-recommandees\/"]}]},{"@type":"ImageObject","inLanguage":"fr-FR","@id":"https:\/\/www.meco.lu\/fr\/plantes-recommandees\/#primaryimage","url":"http:\/\/www.meco.lu\/wp-content\/uploads\/2016\/03\/Biene-einzeln1.jpg","contentUrl":"http:\/\/www.meco.lu\/wp-content\/uploads\/2016\/03\/Biene-einzeln1.jpg"},{"@type":"BreadcrumbList","@id":"https:\/\/www.meco.lu\/fr\/plantes-recommandees\/#breadcrumb","itemListElement":[{"@type":"ListItem","position":1,"name":"Home","item":"https:\/\/www.meco.lu\/fr\/"},{"@type":"ListItem","position":2,"name":"Plantes recommand\u00e9es"}]},{"@type":"WebSite","@id":"https:\/\/www.meco.lu\/de\/#website","url":"https:\/\/www.meco.lu\/de\/","name":"Mouvement \u00e9cologique","description":"","potentialAction":[{"@type":"SearchAction","target":{"@type":"EntryPoint","urlTemplate":"https:\/\/www.meco.lu\/de\/?s={search_term_string}"},"query-input":{"@type":"PropertyValueSpecification","valueRequired":true,"valueName":"search_term_string"}}],"inLanguage":"fr-FR"}]}},"_links":{"self":[{"href":"https:\/\/www.meco.lu\/fr\/wp-json\/wp\/v2\/pages\/17891","targetHints":{"allow":["GET"]}}],"collection":[{"href":"https:\/\/www.meco.lu\/fr\/wp-json\/wp\/v2\/pages"}],"about":[{"href":"https:\/\/www.meco.lu\/fr\/wp-json\/wp\/v2\/types\/page"}],"author":[{"embeddable":true,"href":"https:\/\/www.meco.lu\/fr\/wp-json\/wp\/v2\/users\/5"}],"replies":[{"embeddable":true,"href":"https:\/\/www.meco.lu\/fr\/wp-json\/wp\/v2\/comments?post=17891"}],"version-history":[{"count":5,"href":"https:\/\/www.meco.lu\/fr\/wp-json\/wp\/v2\/pages\/17891\/revisions"}],"predecessor-version":[{"id":21836,"href":"https:\/\/www.meco.lu\/fr\/wp-json\/wp\/v2\/pages\/17891\/revisions\/21836"}],"wp:attachment":[{"href":"https:\/\/www.meco.lu\/fr\/wp-json\/wp\/v2\/media?parent=17891"}],"curies":[{"name":"wp","href":"https:\/\/api.w.org\/{rel}","templated":true}]}}