{"id":16458,"date":"2015-11-17T12:35:40","date_gmt":"2015-11-17T10:35:40","guid":{"rendered":"http:\/\/www.meco.lu\/fr\/?page_id=16458"},"modified":"2026-01-27T12:22:54","modified_gmt":"2026-01-27T10:22:54","slug":"oekosoph","status":"publish","type":"page","link":"https:\/\/www.meco.lu\/fr\/oekosoph\/","title":{"rendered":"Restaurant Oekosoph Pfaffenthal"},"content":{"rendered":"<section class=\"wpb-content-wrapper\"><div class=\"pf-content\"><p>[vc_row][vc_column][vc_single_image image=\u00a0\u00bb53439&Prime; img_size=\u00a0\u00bbfull\u00a0\u00bb alignment=\u00a0\u00bbcenter\u00a0\u00bb][vc_column_text][\/vc_column_text][\/vc_column][\/vc_row][vc_row][vc_column css=\u00a0\u00bb.vc_custom_1434527272880{margin-bottom: 20px !important;}\u00a0\u00bb][vc_column_text]<\/p>\n<h1><a href=\"http:\/\/www.meco.lu\/wp-content\/uploads\/2025\/12\/Oekosoph.jpg\"><img loading=\"lazy\" decoding=\"async\" class=\"alignnone wp-image-53435\" src=\"http:\/\/www.meco.lu\/wp-content\/uploads\/2025\/12\/Oekosoph-300x272.jpg\" alt=\"\" width=\"268\" height=\"243\" srcset=\"https:\/\/www.meco.lu\/wp-content\/uploads\/2025\/12\/Oekosoph-300x272.jpg 300w, https:\/\/www.meco.lu\/wp-content\/uploads\/2025\/12\/Oekosoph-1024x927.jpg 1024w, https:\/\/www.meco.lu\/wp-content\/uploads\/2025\/12\/Oekosoph-768x695.jpg 768w, https:\/\/www.meco.lu\/wp-content\/uploads\/2025\/12\/Oekosoph-213x193.jpg 213w, https:\/\/www.meco.lu\/wp-content\/uploads\/2025\/12\/Oekosoph.jpg 1365w\" sizes=\"auto, (max-width: 268px) 100vw, 268px\" \/><\/a><\/h1>\n<h2>Votre restaurant r\u00e9gional du Pfaffenthal&#8230;<\/h2>\n<ul>\n<li><span style=\"font-family: Arial, Georgia, serif;font-size: 16px;text-align: center;color: #4d4d4d\">Brasserie Oekosoph,<\/span><\/li>\n<li><span style=\"font-family: Arial, Georgia, serif;font-size: 16px;text-align: center;color: #4d4d4d\">6 rue Vauban Luxembourg, <\/span><span style=\"font-family: Arial, Georgia, serif;font-size: 16px;text-align: center;color: #4d4d4d\">Pfaffenthal<\/span><\/li>\n<li><span style=\"color: #339966\"><strong><a style=\"font-family: Arial, Georgia, serif;font-size: 16px;text-align: center;color: #339966\" href=\"mailto:oekosoph@oeko.lu\">Contact<\/a>:<\/strong><\/span><span style=\"color: #000000\"> t\u00e9l: 43 90 30 &#8211; 91 \/ e-mail: <\/span><span style=\"color: #339966\"><strong><a style=\"font-family: Arial, Georgia, serif;font-size: 16px;text-align: center;color: #339966\" href=\"mailto:oekosoph@oeko.lu\">oekosoph@oeko.lu<\/a><\/strong><\/span><\/li>\n<li><span style=\"color: #339966\"><strong><a style=\"font-family: Arial, Georgia, serif;font-size: 16px;text-align: center;color: #339966\" href=\"http:\/\/www.oekosoph.lu\/\">www.oekosoph.lu<\/a><\/strong><\/span><\/li>\n<\/ul>\n<p>&nbsp;<\/p>\n<p>Les nouveaux g\u00e9rants, Elisabete et Gr\u00e9gory, sont ravis de vous accueillir<strong><span style=\"color: #339966\">.<\/span><\/strong><\/p>\n<p>L\u2019Oekosoph vous accueillera dans son ambiance chaleureuse habituelle, o\u00f9 le concept de cuisine biologique, issue autant que possible de la r\u00e9gion, reste au premier plan avec entre autres des plats v\u00e9g\u00e9tariens et v\u00e9g\u00e9taliens. La nouveaut\u00e9, c\u2019est qu\u2019il y aura d\u00e9sormais toujours une carte et que l\u2019Oekosoph sera d\u00e9sormais ouvert r\u00e9guli\u00e8rement le soir ainsi que pendant la journ\u00e9e.<\/p>\n<p>&nbsp;<\/p>\n<h2><strong><span style=\"color: #339966\">Horaires d&rsquo;ouverture:\u00a0<\/span><\/strong><\/h2>\n<p><span style=\"color: #339966\"><strong><span style=\"color: #333333\">Mardi\u2013Vendredi: <\/span><\/strong><span style=\"color: #333333\">12h00\u201322h30\u00a0<\/span><span style=\"color: #333333\">(Cuisine en continu jusqu\u2019\u00e0 21h00)<\/span><strong><br data-start=\"183\" data-end=\"186\" \/><span style=\"color: #333333\">Samedi: <\/span><\/strong><span style=\"color: #333333\">12h00\u201317h00 <\/span><span style=\"color: #333333\">(Cuisine en continu jusqu\u2019\u00e0 16h00)<\/span><\/span><\/p>\n<p><span style=\"color: #339966\"><strong><span style=\"color: #333333\">Dimanche &amp; lundi: ferm\u00e9\u00a0<\/span><\/strong><\/span><\/p>\n<p>&nbsp;<\/p>\n<p><strong><span style=\"color: #339966\">R\u00e9servations<\/span> <\/strong>par t\u00e9l: <strong><span style=\"color: #339966\">43 90 30 91<\/span><\/strong> ou par e-mail \u00e0 <strong><span style=\"color: #339966\"><a style=\"color: #339966\" href=\"mailto:oekosph@oeko.lu\">oekosph@oeko.lu<\/a><\/span><\/strong><\/p>\n<p>Pour plus d\u2019informations, veuillez \u00e9galement consulter la page d\u2019accueil :<strong><a href=\"https:\/\/www.oekosoph.lu\/kontakt\/\"><span style=\"color: #339966\">oekosoph.lu<\/span><\/a><\/strong><\/p>\n<p>&nbsp;<\/p>\n<p>&nbsp;<\/p>\n<p><i>Traduit avec\u00a0<a href=\"https:\/\/www.deepl.com\/?utm_campaign=product&amp;utm_source=web_translator&amp;utm_medium=web&amp;utm_content=copy_free_translation\">DeepL.com<\/a>\u00a0(version gratuite)<\/i><\/p>\n<p><a href=\"http:\/\/www.meco.lu\/wp-content\/uploads\/2025\/12\/Gregory-an-Elisabete.jpg\"><img loading=\"lazy\" decoding=\"async\" class=\"size-medium wp-image-53599 aligncenter\" src=\"http:\/\/www.meco.lu\/wp-content\/uploads\/2025\/12\/Gregory-an-Elisabete-300x225.jpg\" alt=\"\" width=\"300\" height=\"225\" srcset=\"https:\/\/www.meco.lu\/wp-content\/uploads\/2025\/12\/Gregory-an-Elisabete-300x225.jpg 300w, https:\/\/www.meco.lu\/wp-content\/uploads\/2025\/12\/Gregory-an-Elisabete-1024x768.jpg 1024w, https:\/\/www.meco.lu\/wp-content\/uploads\/2025\/12\/Gregory-an-Elisabete-768x576.jpg 768w, https:\/\/www.meco.lu\/wp-content\/uploads\/2025\/12\/Gregory-an-Elisabete-1536x1152.jpg 1536w, https:\/\/www.meco.lu\/wp-content\/uploads\/2025\/12\/Gregory-an-Elisabete-213x160.jpg 213w, https:\/\/www.meco.lu\/wp-content\/uploads\/2025\/12\/Gregory-an-Elisabete.jpg 1600w\" sizes=\"auto, (max-width: 300px) 100vw, 300px\" \/><\/a>[\/vc_column_text][\/vc_column][\/vc_row]<\/p>\n<\/div><\/section>","protected":false},"excerpt":{"rendered":"<p>[vc_row][vc_column][vc_single_image image=\u00a0\u00bb53439&Prime; img_size=\u00a0\u00bbfull\u00a0\u00bb alignment=\u00a0\u00bbcenter\u00a0\u00bb][vc_column_text][\/vc_column_text][\/vc_column][\/vc_row][vc_row][vc_column css=\u00a0\u00bb.vc_custom_1434527272880{margin-bottom: 20px !important;}\u00a0\u00bb][vc_column_text] Votre restaurant r\u00e9gional du Pfaffenthal&#8230; Brasserie Oekosoph, 6 rue Vauban Luxembourg, Pfaffenthal Contact: t\u00e9l: 43 90 30 &#8211; 91 \/ e-mail: oekosoph@oeko.lu www.oekosoph.lu &nbsp; Les nouveaux g\u00e9rants, Elisabete et Gr\u00e9gory, sont ravis de vous accueillir. L\u2019Oekosoph vous accueillera dans son ambiance chaleureuse habituelle, o\u00f9 le concept de cuisine [&hellip;]<\/p>\n","protected":false},"author":1,"featured_media":0,"parent":0,"menu_order":0,"comment_status":"closed","ping_status":"closed","template":"template-oekosoph.php","meta":{"_acf_changed":false,"footnotes":""},"class_list":["post-16458","page","type-page","status-publish","hentry"],"acf":[],"yoast_head":"<!-- This site is optimized with the Yoast SEO plugin v27.2 - https:\/\/yoast.com\/product\/yoast-seo-wordpress\/ -->\n<title>Restaurant Oekosoph Pfaffenthal - Mouvement \u00e9cologique<\/title>\n<meta name=\"description\" content=\"L&#039;Oekosoph est temporairement ferm\u00e9 ! Le restaurant f\u00eatera bient\u00f4t sa r\u00e9ouverture sous une nouvelle direction. Contact: oekosoph@oeko.lu.\" \/>\n<meta name=\"robots\" content=\"index, follow, max-snippet:-1, max-image-preview:large, max-video-preview:-1\" \/>\n<link rel=\"canonical\" href=\"https:\/\/www.meco.lu\/fr\/oekosoph\/\" \/>\n<meta property=\"og:locale\" content=\"fr_FR\" \/>\n<meta property=\"og:type\" content=\"article\" \/>\n<meta property=\"og:title\" content=\"Restaurant Oekosoph Pfaffenthal - Mouvement \u00e9cologique\" \/>\n<meta property=\"og:description\" content=\"L&#039;Oekosoph est temporairement ferm\u00e9 ! Le restaurant f\u00eatera bient\u00f4t sa r\u00e9ouverture sous une nouvelle direction. Contact: oekosoph@oeko.lu.\" \/>\n<meta property=\"og:url\" content=\"https:\/\/www.meco.lu\/fr\/oekosoph\/\" \/>\n<meta property=\"og:site_name\" content=\"Mouvement \u00e9cologique\" \/>\n<meta property=\"article:modified_time\" content=\"2026-01-27T10:22:54+00:00\" \/>\n<meta property=\"og:image\" content=\"http:\/\/www.meco.lu\/wp-content\/uploads\/2025\/12\/Oekosoph-300x272.jpg\" \/>\n<meta name=\"twitter:card\" content=\"summary_large_image\" \/>\n<meta name=\"twitter:label1\" content=\"Dur\u00e9e de lecture estim\u00e9e\" \/>\n\t<meta name=\"twitter:data1\" content=\"2 minutes\" \/>\n<script type=\"application\/ld+json\" class=\"yoast-schema-graph\">{\"@context\":\"https:\/\/schema.org\",\"@graph\":[{\"@type\":\"WebPage\",\"@id\":\"https:\/\/www.meco.lu\/fr\/oekosoph\/\",\"url\":\"https:\/\/www.meco.lu\/fr\/oekosoph\/\",\"name\":\"Restaurant Oekosoph Pfaffenthal - Mouvement \u00e9cologique\",\"isPartOf\":{\"@id\":\"https:\/\/www.meco.lu\/de\/#website\"},\"primaryImageOfPage\":{\"@id\":\"https:\/\/www.meco.lu\/fr\/oekosoph\/#primaryimage\"},\"image\":{\"@id\":\"https:\/\/www.meco.lu\/fr\/oekosoph\/#primaryimage\"},\"thumbnailUrl\":\"http:\/\/www.meco.lu\/wp-content\/uploads\/2025\/12\/Oekosoph-300x272.jpg\",\"datePublished\":\"2015-11-17T10:35:40+00:00\",\"dateModified\":\"2026-01-27T10:22:54+00:00\",\"description\":\"L'Oekosoph est temporairement ferm\u00e9 ! Le restaurant f\u00eatera bient\u00f4t sa r\u00e9ouverture sous une nouvelle direction. Contact: oekosoph@oeko.lu.\",\"breadcrumb\":{\"@id\":\"https:\/\/www.meco.lu\/fr\/oekosoph\/#breadcrumb\"},\"inLanguage\":\"fr-FR\",\"potentialAction\":[{\"@type\":\"ReadAction\",\"target\":[\"https:\/\/www.meco.lu\/fr\/oekosoph\/\"]}]},{\"@type\":\"ImageObject\",\"inLanguage\":\"fr-FR\",\"@id\":\"https:\/\/www.meco.lu\/fr\/oekosoph\/#primaryimage\",\"url\":\"http:\/\/www.meco.lu\/wp-content\/uploads\/2025\/12\/Oekosoph-300x272.jpg\",\"contentUrl\":\"http:\/\/www.meco.lu\/wp-content\/uploads\/2025\/12\/Oekosoph-300x272.jpg\"},{\"@type\":\"BreadcrumbList\",\"@id\":\"https:\/\/www.meco.lu\/fr\/oekosoph\/#breadcrumb\",\"itemListElement\":[{\"@type\":\"ListItem\",\"position\":1,\"name\":\"Home\",\"item\":\"https:\/\/www.meco.lu\/fr\/\"},{\"@type\":\"ListItem\",\"position\":2,\"name\":\"Restaurant Oekosoph Pfaffenthal\"}]},{\"@type\":\"WebSite\",\"@id\":\"https:\/\/www.meco.lu\/de\/#website\",\"url\":\"https:\/\/www.meco.lu\/de\/\",\"name\":\"Mouvement \u00e9cologique\",\"description\":\"\",\"potentialAction\":[{\"@type\":\"SearchAction\",\"target\":{\"@type\":\"EntryPoint\",\"urlTemplate\":\"https:\/\/www.meco.lu\/de\/?s={search_term_string}\"},\"query-input\":{\"@type\":\"PropertyValueSpecification\",\"valueRequired\":true,\"valueName\":\"search_term_string\"}}],\"inLanguage\":\"fr-FR\"}]}<\/script>\n<!-- \/ Yoast SEO plugin. -->","yoast_head_json":{"title":"Restaurant Oekosoph Pfaffenthal - Mouvement \u00e9cologique","description":"L'Oekosoph est temporairement ferm\u00e9 ! Le restaurant f\u00eatera bient\u00f4t sa r\u00e9ouverture sous une nouvelle direction. Contact: oekosoph@oeko.lu.","robots":{"index":"index","follow":"follow","max-snippet":"max-snippet:-1","max-image-preview":"max-image-preview:large","max-video-preview":"max-video-preview:-1"},"canonical":"https:\/\/www.meco.lu\/fr\/oekosoph\/","og_locale":"fr_FR","og_type":"article","og_title":"Restaurant Oekosoph Pfaffenthal - Mouvement \u00e9cologique","og_description":"L'Oekosoph est temporairement ferm\u00e9 ! Le restaurant f\u00eatera bient\u00f4t sa r\u00e9ouverture sous une nouvelle direction. Contact: oekosoph@oeko.lu.","og_url":"https:\/\/www.meco.lu\/fr\/oekosoph\/","og_site_name":"Mouvement \u00e9cologique","article_modified_time":"2026-01-27T10:22:54+00:00","og_image":[{"url":"http:\/\/www.meco.lu\/wp-content\/uploads\/2025\/12\/Oekosoph-300x272.jpg","type":"","width":"","height":""}],"twitter_card":"summary_large_image","twitter_misc":{"Dur\u00e9e de lecture estim\u00e9e":"2 minutes"},"schema":{"@context":"https:\/\/schema.org","@graph":[{"@type":"WebPage","@id":"https:\/\/www.meco.lu\/fr\/oekosoph\/","url":"https:\/\/www.meco.lu\/fr\/oekosoph\/","name":"Restaurant Oekosoph Pfaffenthal - Mouvement \u00e9cologique","isPartOf":{"@id":"https:\/\/www.meco.lu\/de\/#website"},"primaryImageOfPage":{"@id":"https:\/\/www.meco.lu\/fr\/oekosoph\/#primaryimage"},"image":{"@id":"https:\/\/www.meco.lu\/fr\/oekosoph\/#primaryimage"},"thumbnailUrl":"http:\/\/www.meco.lu\/wp-content\/uploads\/2025\/12\/Oekosoph-300x272.jpg","datePublished":"2015-11-17T10:35:40+00:00","dateModified":"2026-01-27T10:22:54+00:00","description":"L'Oekosoph est temporairement ferm\u00e9 ! Le restaurant f\u00eatera bient\u00f4t sa r\u00e9ouverture sous une nouvelle direction. Contact: oekosoph@oeko.lu.","breadcrumb":{"@id":"https:\/\/www.meco.lu\/fr\/oekosoph\/#breadcrumb"},"inLanguage":"fr-FR","potentialAction":[{"@type":"ReadAction","target":["https:\/\/www.meco.lu\/fr\/oekosoph\/"]}]},{"@type":"ImageObject","inLanguage":"fr-FR","@id":"https:\/\/www.meco.lu\/fr\/oekosoph\/#primaryimage","url":"http:\/\/www.meco.lu\/wp-content\/uploads\/2025\/12\/Oekosoph-300x272.jpg","contentUrl":"http:\/\/www.meco.lu\/wp-content\/uploads\/2025\/12\/Oekosoph-300x272.jpg"},{"@type":"BreadcrumbList","@id":"https:\/\/www.meco.lu\/fr\/oekosoph\/#breadcrumb","itemListElement":[{"@type":"ListItem","position":1,"name":"Home","item":"https:\/\/www.meco.lu\/fr\/"},{"@type":"ListItem","position":2,"name":"Restaurant Oekosoph Pfaffenthal"}]},{"@type":"WebSite","@id":"https:\/\/www.meco.lu\/de\/#website","url":"https:\/\/www.meco.lu\/de\/","name":"Mouvement \u00e9cologique","description":"","potentialAction":[{"@type":"SearchAction","target":{"@type":"EntryPoint","urlTemplate":"https:\/\/www.meco.lu\/de\/?s={search_term_string}"},"query-input":{"@type":"PropertyValueSpecification","valueRequired":true,"valueName":"search_term_string"}}],"inLanguage":"fr-FR"}]}},"_links":{"self":[{"href":"https:\/\/www.meco.lu\/fr\/wp-json\/wp\/v2\/pages\/16458","targetHints":{"allow":["GET"]}}],"collection":[{"href":"https:\/\/www.meco.lu\/fr\/wp-json\/wp\/v2\/pages"}],"about":[{"href":"https:\/\/www.meco.lu\/fr\/wp-json\/wp\/v2\/types\/page"}],"author":[{"embeddable":true,"href":"https:\/\/www.meco.lu\/fr\/wp-json\/wp\/v2\/users\/1"}],"replies":[{"embeddable":true,"href":"https:\/\/www.meco.lu\/fr\/wp-json\/wp\/v2\/comments?post=16458"}],"version-history":[{"count":5,"href":"https:\/\/www.meco.lu\/fr\/wp-json\/wp\/v2\/pages\/16458\/revisions"}],"predecessor-version":[{"id":54010,"href":"https:\/\/www.meco.lu\/fr\/wp-json\/wp\/v2\/pages\/16458\/revisions\/54010"}],"wp:attachment":[{"href":"https:\/\/www.meco.lu\/fr\/wp-json\/wp\/v2\/media?parent=16458"}],"curies":[{"name":"wp","href":"https:\/\/api.w.org\/{rel}","templated":true}]}}