{"id":1126,"date":"2013-12-03T11:45:46","date_gmt":"2013-12-03T09:45:46","guid":{"rendered":"http:\/\/www.meco.lu\/?page_id=1126"},"modified":"2019-11-27T18:09:52","modified_gmt":"2019-11-27T16:09:52","slug":"links","status":"publish","type":"page","link":"https:\/\/www.meco.lu\/fr\/links\/","title":{"rendered":"Links"},"content":{"rendered":"<section class=\"wpb-content-wrapper\"><div class=\"pf-content\"><p>[vc_row el_class=\u00a0\u00bbrowLinks\u00a0\u00bb][vc_column width=\u00a0\u00bb1\/3&Prime;][vc_single_image image=\u00a0\u00bb18462&Prime; img_size=\u00a0\u00bbfull\u00a0\u00bb onclick=\u00a0\u00bbcustom_link\u00a0\u00bb img_link_target=\u00a0\u00bb_blank\u00a0\u00bb img_link=\u00a0\u00bb\u00a0\u00bb link=\u00a0\u00bbhttp:\/\/move.meco.lu\/\u00a0\u00bb][vc_column_text]Jugendgrupp \u2013 Projeten \u2013 Aktivit\u00e9iten \u2013 \u00cbmweltbildung \u2013 Workshops \u2013 Stage[\/vc_column_text][\/vc_column][vc_column width=\u00a0\u00bb1\/3&Prime;][vc_single_image image=\u00a0\u00bb14999&Prime; img_size=\u00a0\u00bbfull\u00a0\u00bb onclick=\u00a0\u00bbcustom_link\u00a0\u00bb img_link_target=\u00a0\u00bb_blank\u00a0\u00bb img_link=\u00a0\u00bb\u00a0\u00bb link=\u00a0\u00bbhttp:\/\/mecoskop.lu\u00a0\u00bb][vc_column_text]Monitoring der Umsetzung des Regierungsprogrammes[\/vc_column_text][\/vc_column][vc_column width=\u00a0\u00bb1\/3&Prime;][vc_single_image image=\u00a0\u00bb24415&Prime; img_size=\u00a0\u00bbfull\u00a0\u00bb onclick=\u00a0\u00bbcustom_link\u00a0\u00bb img_link_target=\u00a0\u00bb_blank\u00a0\u00bb img_link=\u00a0\u00bb\u00a0\u00bb link=\u00a0\u00bbhttp:\/\/www.gemengewalen.lu\u00a0\u00bb][vc_column_text]Ici, vous trouverez\u00a0toutes les informations du Mouvement Ecologique sur lla politique communale.[\/vc_column_text][\/vc_column][\/vc_row][vc_row el_class=\u00a0\u00bbrowLinks\u00a0\u00bb][vc_column width=\u00a0\u00bb1\/3&Prime;][vc_single_image image=\u00a0\u00bb21287&Prime; img_size=\u00a0\u00bbfull\u00a0\u00bb onclick=\u00a0\u00bbcustom_link\u00a0\u00bb img_link_target=\u00a0\u00bb_blank\u00a0\u00bb img_link=\u00a0\u00bb\u00a0\u00bb link=\u00a0\u00bbhttp:\/\/www.oekozenter.lu\u00a0\u00bb][vc_column_text]Demokratie, Nohaltegkeet a W\u00ebssenschaft: d\u2019Iddi vum Oekozenter Pafendall&#8230;[\/vc_column_text][\/vc_column][vc_column width=\u00a0\u00bb1\/3&Prime;][vc_single_image image=\u00a0\u00bb22662&Prime; img_size=\u00a0\u00bbfull\u00a0\u00bb onclick=\u00a0\u00bbcustom_link\u00a0\u00bb img_link_target=\u00a0\u00bb_blank\u00a0\u00bb img_link=\u00a0\u00bb\u00a0\u00bb link=\u00a0\u00bbhttp:\/\/www.oekobib.lu\/\u00a0\u00bb][vc_column_text]Die Spezialbibliothek mit Literatur, Zeitschriften und didaktischem Material aus den unterschiedlichsten Bereichen der nachhaltigen Entwicklung.[\/vc_column_text][\/vc_column][vc_column width=\u00a0\u00bb1\/3&Prime;][vc_single_image image=\u00a0\u00bb1112&Prime; img_size=\u00a0\u00bbfull\u00a0\u00bb onclick=\u00a0\u00bbcustom_link\u00a0\u00bb img_link=\u00a0\u00bbhttp:\/\/mouvement.oeko.lu\/oekofonds_Oeko.359-3.html\u00a0\u00bb link=\u00a0\u00bbhttp:\/\/www.oekofonds.lu\u00a0\u00bb][vc_column_text]<\/p>\n<p>Stiftung Oekofonds: Ihre Spenden f\u00fcr Mensch \u2013 Natur \u2013 Umwelt<\/p>\n<p>[\/vc_column_text][\/vc_column][\/vc_row][vc_row][vc_column width=\u00a0\u00bb1\/3&Prime;][vc_single_image image=\u00a0\u00bb21288&Prime; img_size=\u00a0\u00bbfull\u00a0\u00bb onclick=\u00a0\u00bbcustom_link\u00a0\u00bb img_link_target=\u00a0\u00bb_blank\u00a0\u00bb img_link=\u00a0\u00bb\u00a0\u00bb link=\u00a0\u00bbhttps:\/\/www.oekosoph.lu\/?lang=fr\u00a0\u00bb][vc_column_text]Herzlich willkommen im Oekosoph, dem Bistro des Mouvement Ecologique![\/vc_column_text][\/vc_column][vc_column width=\u00a0\u00bb1\/3&Prime;][vc_single_image image=\u00a0\u00bb1115&Prime; img_size=\u00a0\u00bbfull\u00a0\u00bb img_link=\u00a0\u00bbhttp:\/\/www.klimabuendnis.lu\/\u00a0\u00bb][vc_column_text]<\/p>\n<p>Das Internationale Klima-B\u00fcndnis wurde 1990 als Kooperation&#8230;<\/p>\n<p>[\/vc_column_text][\/vc_column][vc_column width=\u00a0\u00bb1\/3&Prime;][vc_single_image image=\u00a0\u00bb1113&Prime; img_size=\u00a0\u00bbfull\u00a0\u00bb onclick=\u00a0\u00bbcustom_link\u00a0\u00bb img_link_target=\u00a0\u00bb_blank\u00a0\u00bb img_link=\u00a0\u00bb\u00a0\u00bb link=\u00a0\u00bbhttp:\/\/www.oekotopten.lu\/\u00a0\u00bb][vc_column_text]<\/p>\n<p>per Klick zu den \u00f6kologisch besten Produkten<\/p>\n<p>[\/vc_column_text][\/vc_column][\/vc_row][vc_row][vc_column width=\u00a0\u00bb1\/3&Prime;][vc_single_image image=\u00a0\u00bb10994&Prime; img_size=\u00a0\u00bbfull\u00a0\u00bb img_link=\u00a0\u00bbhttp:\/\/veggie-table.lu\u00a0\u00bb][vc_column_text]<\/p>\n<p>\u201eGesond Iessen!\u201c dank der guten Rezepte von Topk\u00f6chin Lydie Philippy.<\/p>\n<p>[\/vc_column_text][\/vc_column][vc_column width=\u00a0\u00bb1\/3&Prime;][vc_single_image image=\u00a0\u00bb10993&Prime; img_size=\u00a0\u00bbfull\u00a0\u00bb img_link=\u00a0\u00bbhttp:\/\/grenghausnummer.lu\u00a0\u00bb][vc_column_text]<\/p>\n<p>Eine Anerkennung f\u00fcr Privatleute f\u00fcr nachhaltiges Bauen.<\/p>\n<p>[\/vc_column_text][\/vc_column][vc_column width=\u00a0\u00bb1\/3&Prime; el_class=\u00a0\u00bbempty\u00a0\u00bb][\/vc_column][\/vc_row]<\/p>\n<\/div><\/section>","protected":false},"excerpt":{"rendered":"<p>[vc_row el_class=\u00a0\u00bbrowLinks\u00a0\u00bb][vc_column width=\u00a0\u00bb1\/3&Prime;][vc_single_image image=\u00a0\u00bb18462&Prime; img_size=\u00a0\u00bbfull\u00a0\u00bb onclick=\u00a0\u00bbcustom_link\u00a0\u00bb img_link_target=\u00a0\u00bb_blank\u00a0\u00bb img_link=\u00a0\u00bb\u00a0\u00bb link=\u00a0\u00bbhttp:\/\/move.meco.lu\/\u00a0\u00bb][vc_column_text]Jugendgrupp \u2013 Projeten \u2013 Aktivit\u00e9iten \u2013 \u00cbmweltbildung \u2013 Workshops \u2013 Stage[\/vc_column_text][\/vc_column][vc_column width=\u00a0\u00bb1\/3&Prime;][vc_single_image image=\u00a0\u00bb14999&Prime; img_size=\u00a0\u00bbfull\u00a0\u00bb onclick=\u00a0\u00bbcustom_link\u00a0\u00bb img_link_target=\u00a0\u00bb_blank\u00a0\u00bb img_link=\u00a0\u00bb\u00a0\u00bb link=\u00a0\u00bbhttp:\/\/mecoskop.lu\u00a0\u00bb][vc_column_text]Monitoring der Umsetzung des Regierungsprogrammes[\/vc_column_text][\/vc_column][vc_column width=\u00a0\u00bb1\/3&Prime;][vc_single_image image=\u00a0\u00bb24415&Prime; img_size=\u00a0\u00bbfull\u00a0\u00bb onclick=\u00a0\u00bbcustom_link\u00a0\u00bb img_link_target=\u00a0\u00bb_blank\u00a0\u00bb img_link=\u00a0\u00bb\u00a0\u00bb link=\u00a0\u00bbhttp:\/\/www.gemengewalen.lu\u00a0\u00bb][vc_column_text]Ici, vous trouverez\u00a0toutes les informations du Mouvement Ecologique sur lla politique communale.[\/vc_column_text][\/vc_column][\/vc_row][vc_row el_class=\u00a0\u00bbrowLinks\u00a0\u00bb][vc_column width=\u00a0\u00bb1\/3&Prime;][vc_single_image image=\u00a0\u00bb21287&Prime; img_size=\u00a0\u00bbfull\u00a0\u00bb onclick=\u00a0\u00bbcustom_link\u00a0\u00bb img_link_target=\u00a0\u00bb_blank\u00a0\u00bb img_link=\u00a0\u00bb\u00a0\u00bb [&hellip;]<\/p>\n","protected":false},"author":1,"featured_media":0,"parent":0,"menu_order":0,"comment_status":"closed","ping_status":"closed","template":"","meta":{"_acf_changed":false,"footnotes":""},"class_list":["post-1126","page","type-page","status-publish","hentry"],"acf":[],"yoast_head":"<!-- This site is optimized with the Yoast SEO plugin v27.2 - https:\/\/yoast.com\/product\/yoast-seo-wordpress\/ -->\n<title>Links - Mouvement \u00e9cologique<\/title>\n<meta name=\"robots\" content=\"index, follow, max-snippet:-1, max-image-preview:large, max-video-preview:-1\" \/>\n<link rel=\"canonical\" href=\"https:\/\/www.meco.lu\/fr\/links\/\" \/>\n<meta property=\"og:locale\" content=\"fr_FR\" \/>\n<meta property=\"og:type\" content=\"article\" \/>\n<meta property=\"og:title\" content=\"Links - Mouvement \u00e9cologique\" \/>\n<meta property=\"og:description\" content=\"[vc_row el_class=\u00a0\u00bbrowLinks\u00a0\u00bb][vc_column width=\u00a0\u00bb1\/3&Prime;][vc_single_image image=\u00a0\u00bb18462&Prime; img_size=\u00a0\u00bbfull\u00a0\u00bb onclick=\u00a0\u00bbcustom_link\u00a0\u00bb img_link_target=\u00a0\u00bb_blank\u00a0\u00bb img_link=\u00a0\u00bb\u00a0\u00bb link=\u00a0\u00bbhttp:\/\/move.meco.lu\/\u00a0\u00bb][vc_column_text]Jugendgrupp \u2013 Projeten \u2013 Aktivit\u00e9iten \u2013 \u00cbmweltbildung \u2013 Workshops \u2013 Stage[\/vc_column_text][\/vc_column][vc_column width=\u00a0\u00bb1\/3&Prime;][vc_single_image image=\u00a0\u00bb14999&Prime; img_size=\u00a0\u00bbfull\u00a0\u00bb onclick=\u00a0\u00bbcustom_link\u00a0\u00bb img_link_target=\u00a0\u00bb_blank\u00a0\u00bb img_link=\u00a0\u00bb\u00a0\u00bb link=\u00a0\u00bbhttp:\/\/mecoskop.lu\u00a0\u00bb][vc_column_text]Monitoring der Umsetzung des Regierungsprogrammes[\/vc_column_text][\/vc_column][vc_column width=\u00a0\u00bb1\/3&Prime;][vc_single_image image=\u00a0\u00bb24415&Prime; img_size=\u00a0\u00bbfull\u00a0\u00bb onclick=\u00a0\u00bbcustom_link\u00a0\u00bb img_link_target=\u00a0\u00bb_blank\u00a0\u00bb img_link=\u00a0\u00bb\u00a0\u00bb link=\u00a0\u00bbhttp:\/\/www.gemengewalen.lu\u00a0\u00bb][vc_column_text]Ici, vous trouverez\u00a0toutes les informations du Mouvement Ecologique sur lla politique communale.[\/vc_column_text][\/vc_column][\/vc_row][vc_row el_class=\u00a0\u00bbrowLinks\u00a0\u00bb][vc_column width=\u00a0\u00bb1\/3&Prime;][vc_single_image image=\u00a0\u00bb21287&Prime; img_size=\u00a0\u00bbfull\u00a0\u00bb onclick=\u00a0\u00bbcustom_link\u00a0\u00bb img_link_target=\u00a0\u00bb_blank\u00a0\u00bb img_link=\u00a0\u00bb\u00a0\u00bb [&hellip;]\" \/>\n<meta property=\"og:url\" content=\"https:\/\/www.meco.lu\/fr\/links\/\" \/>\n<meta property=\"og:site_name\" content=\"Mouvement \u00e9cologique\" \/>\n<meta property=\"article:modified_time\" content=\"2019-11-27T16:09:52+00:00\" \/>\n<meta name=\"twitter:card\" content=\"summary_large_image\" \/>\n<meta name=\"twitter:label1\" content=\"Dur\u00e9e de lecture estim\u00e9e\" \/>\n\t<meta name=\"twitter:data1\" content=\"2 minutes\" \/>\n<script type=\"application\/ld+json\" class=\"yoast-schema-graph\">{\"@context\":\"https:\/\/schema.org\",\"@graph\":[{\"@type\":\"WebPage\",\"@id\":\"https:\/\/www.meco.lu\/fr\/links\/\",\"url\":\"https:\/\/www.meco.lu\/fr\/links\/\",\"name\":\"Links - Mouvement \u00e9cologique\",\"isPartOf\":{\"@id\":\"https:\/\/www.meco.lu\/de\/#website\"},\"datePublished\":\"2013-12-03T09:45:46+00:00\",\"dateModified\":\"2019-11-27T16:09:52+00:00\",\"breadcrumb\":{\"@id\":\"https:\/\/www.meco.lu\/fr\/links\/#breadcrumb\"},\"inLanguage\":\"fr-FR\",\"potentialAction\":[{\"@type\":\"ReadAction\",\"target\":[\"https:\/\/www.meco.lu\/fr\/links\/\"]}]},{\"@type\":\"BreadcrumbList\",\"@id\":\"https:\/\/www.meco.lu\/fr\/links\/#breadcrumb\",\"itemListElement\":[{\"@type\":\"ListItem\",\"position\":1,\"name\":\"Home\",\"item\":\"https:\/\/www.meco.lu\/fr\/\"},{\"@type\":\"ListItem\",\"position\":2,\"name\":\"Links\"}]},{\"@type\":\"WebSite\",\"@id\":\"https:\/\/www.meco.lu\/de\/#website\",\"url\":\"https:\/\/www.meco.lu\/de\/\",\"name\":\"Mouvement \u00e9cologique\",\"description\":\"\",\"potentialAction\":[{\"@type\":\"SearchAction\",\"target\":{\"@type\":\"EntryPoint\",\"urlTemplate\":\"https:\/\/www.meco.lu\/de\/?s={search_term_string}\"},\"query-input\":{\"@type\":\"PropertyValueSpecification\",\"valueRequired\":true,\"valueName\":\"search_term_string\"}}],\"inLanguage\":\"fr-FR\"}]}<\/script>\n<!-- \/ Yoast SEO plugin. -->","yoast_head_json":{"title":"Links - Mouvement \u00e9cologique","robots":{"index":"index","follow":"follow","max-snippet":"max-snippet:-1","max-image-preview":"max-image-preview:large","max-video-preview":"max-video-preview:-1"},"canonical":"https:\/\/www.meco.lu\/fr\/links\/","og_locale":"fr_FR","og_type":"article","og_title":"Links - Mouvement \u00e9cologique","og_description":"[vc_row el_class=\u00a0\u00bbrowLinks\u00a0\u00bb][vc_column width=\u00a0\u00bb1\/3&Prime;][vc_single_image image=\u00a0\u00bb18462&Prime; img_size=\u00a0\u00bbfull\u00a0\u00bb onclick=\u00a0\u00bbcustom_link\u00a0\u00bb img_link_target=\u00a0\u00bb_blank\u00a0\u00bb img_link=\u00a0\u00bb\u00a0\u00bb link=\u00a0\u00bbhttp:\/\/move.meco.lu\/\u00a0\u00bb][vc_column_text]Jugendgrupp \u2013 Projeten \u2013 Aktivit\u00e9iten \u2013 \u00cbmweltbildung \u2013 Workshops \u2013 Stage[\/vc_column_text][\/vc_column][vc_column width=\u00a0\u00bb1\/3&Prime;][vc_single_image image=\u00a0\u00bb14999&Prime; img_size=\u00a0\u00bbfull\u00a0\u00bb onclick=\u00a0\u00bbcustom_link\u00a0\u00bb img_link_target=\u00a0\u00bb_blank\u00a0\u00bb img_link=\u00a0\u00bb\u00a0\u00bb link=\u00a0\u00bbhttp:\/\/mecoskop.lu\u00a0\u00bb][vc_column_text]Monitoring der Umsetzung des Regierungsprogrammes[\/vc_column_text][\/vc_column][vc_column width=\u00a0\u00bb1\/3&Prime;][vc_single_image image=\u00a0\u00bb24415&Prime; img_size=\u00a0\u00bbfull\u00a0\u00bb onclick=\u00a0\u00bbcustom_link\u00a0\u00bb img_link_target=\u00a0\u00bb_blank\u00a0\u00bb img_link=\u00a0\u00bb\u00a0\u00bb link=\u00a0\u00bbhttp:\/\/www.gemengewalen.lu\u00a0\u00bb][vc_column_text]Ici, vous trouverez\u00a0toutes les informations du Mouvement Ecologique sur lla politique communale.[\/vc_column_text][\/vc_column][\/vc_row][vc_row el_class=\u00a0\u00bbrowLinks\u00a0\u00bb][vc_column width=\u00a0\u00bb1\/3&Prime;][vc_single_image image=\u00a0\u00bb21287&Prime; img_size=\u00a0\u00bbfull\u00a0\u00bb onclick=\u00a0\u00bbcustom_link\u00a0\u00bb img_link_target=\u00a0\u00bb_blank\u00a0\u00bb img_link=\u00a0\u00bb\u00a0\u00bb [&hellip;]","og_url":"https:\/\/www.meco.lu\/fr\/links\/","og_site_name":"Mouvement \u00e9cologique","article_modified_time":"2019-11-27T16:09:52+00:00","twitter_card":"summary_large_image","twitter_misc":{"Dur\u00e9e de lecture estim\u00e9e":"2 minutes"},"schema":{"@context":"https:\/\/schema.org","@graph":[{"@type":"WebPage","@id":"https:\/\/www.meco.lu\/fr\/links\/","url":"https:\/\/www.meco.lu\/fr\/links\/","name":"Links - Mouvement \u00e9cologique","isPartOf":{"@id":"https:\/\/www.meco.lu\/de\/#website"},"datePublished":"2013-12-03T09:45:46+00:00","dateModified":"2019-11-27T16:09:52+00:00","breadcrumb":{"@id":"https:\/\/www.meco.lu\/fr\/links\/#breadcrumb"},"inLanguage":"fr-FR","potentialAction":[{"@type":"ReadAction","target":["https:\/\/www.meco.lu\/fr\/links\/"]}]},{"@type":"BreadcrumbList","@id":"https:\/\/www.meco.lu\/fr\/links\/#breadcrumb","itemListElement":[{"@type":"ListItem","position":1,"name":"Home","item":"https:\/\/www.meco.lu\/fr\/"},{"@type":"ListItem","position":2,"name":"Links"}]},{"@type":"WebSite","@id":"https:\/\/www.meco.lu\/de\/#website","url":"https:\/\/www.meco.lu\/de\/","name":"Mouvement \u00e9cologique","description":"","potentialAction":[{"@type":"SearchAction","target":{"@type":"EntryPoint","urlTemplate":"https:\/\/www.meco.lu\/de\/?s={search_term_string}"},"query-input":{"@type":"PropertyValueSpecification","valueRequired":true,"valueName":"search_term_string"}}],"inLanguage":"fr-FR"}]}},"_links":{"self":[{"href":"https:\/\/www.meco.lu\/fr\/wp-json\/wp\/v2\/pages\/1126","targetHints":{"allow":["GET"]}}],"collection":[{"href":"https:\/\/www.meco.lu\/fr\/wp-json\/wp\/v2\/pages"}],"about":[{"href":"https:\/\/www.meco.lu\/fr\/wp-json\/wp\/v2\/types\/page"}],"author":[{"embeddable":true,"href":"https:\/\/www.meco.lu\/fr\/wp-json\/wp\/v2\/users\/1"}],"replies":[{"embeddable":true,"href":"https:\/\/www.meco.lu\/fr\/wp-json\/wp\/v2\/comments?post=1126"}],"version-history":[{"count":5,"href":"https:\/\/www.meco.lu\/fr\/wp-json\/wp\/v2\/pages\/1126\/revisions"}],"predecessor-version":[{"id":28840,"href":"https:\/\/www.meco.lu\/fr\/wp-json\/wp\/v2\/pages\/1126\/revisions\/28840"}],"wp:attachment":[{"href":"https:\/\/www.meco.lu\/fr\/wp-json\/wp\/v2\/media?parent=1126"}],"curies":[{"name":"wp","href":"https:\/\/api.w.org\/{rel}","templated":true}]}}