{"id":10518,"date":"2014-10-09T13:26:45","date_gmt":"2014-10-09T11:26:45","guid":{"rendered":"http:\/\/www.meco.lu\/?page_id=10518"},"modified":"2024-05-21T13:46:37","modified_gmt":"2024-05-21T11:46:37","slug":"intro-stop-ttip-2","status":"publish","type":"page","link":"https:\/\/www.meco.lu\/fr\/intro-stop-ttip-2\/","title":{"rendered":"Intro Stop TTIP"},"content":{"rendered":"<div class=\"pf-content\"><h2><a href=\"http:\/\/www.meco.lu\/wp-content\/uploads\/2014\/07\/STOP_TTIP_Logo_hp_feature.jpg\"><img loading=\"lazy\" decoding=\"async\" class=\"alignnone size-full wp-image-10125\" src=\"http:\/\/www.meco.lu\/wp-content\/uploads\/2014\/07\/STOP_TTIP_Logo_hp_feature.jpg\" alt=\"Stopp TTIP feature\" width=\"700\" height=\"365\" srcset=\"https:\/\/www.meco.lu\/wp-content\/uploads\/2014\/07\/STOP_TTIP_Logo_hp_feature.jpg 700w, https:\/\/www.meco.lu\/wp-content\/uploads\/2014\/07\/STOP_TTIP_Logo_hp_feature-300x156.jpg 300w, https:\/\/www.meco.lu\/wp-content\/uploads\/2014\/07\/STOP_TTIP_Logo_hp_feature-213x111.jpg 213w\" sizes=\"auto, (max-width: 700px) 100vw, 700px\" \/><\/a><\/h2>\n<h2 style=\"text-align: left\">Participez \u00e0 une p\u00e9tition europ\u00e9enne contre l&rsquo;accord de libre \u00e9change UE-Canada et UE-Am\u00e9rique!<\/h2>\n<p>A l&rsquo;\u00e9chelle europ\u00e9enne, une coalition d&rsquo;organisations environnementales et de d\u00e9veloppement, de d\u00e9fenseurs des consommateurs, d\u2019organisations paysannes, des mouvements sociaux, des syndicats &#8211; comprenant plus de 260 organisations de 21 pays &#8211; a uni ses forces contre l&rsquo;accord de libre \u00e9change pr\u00e9vu.<\/p>\n<p>Il n\u2019est pas admissible que les processus d\u00e9mocratiques, les droits environnementaux, sociaux et de consommation soient sacrifi\u00e9s pour les int\u00e9r\u00eats particuliers d&rsquo;entreprises multinationales.<\/p>\n<p>Au Luxembourg, une alliance d&rsquo;organisations a uni ses forces \u00e0 l&rsquo;appui de l&rsquo;action europ\u00e9enne.<\/p>\n<p>&nbsp;<\/p>\n<h3>Impliquez-vous! Signez la p\u00e9tition!<\/h3>\n<p>Le but: au moins un million de signatures pour emp\u00eacher cette remise en cause de nos valeurs et de nos normes!<\/p>\n<p><strong>Plus d&rsquo;infos sur: <a href=\"http:\/\/stop-ttip.org\/\">http:\/\/stop-ttip.org\/<\/a><\/strong><\/p>\n<p>CLIQUEZ SUR LE LOGO pour participer \u00e0 la p\u00e9tition.<\/p>\n<p>&nbsp;<\/p>\n<p><img loading=\"lazy\" decoding=\"async\" class=\"size-full wp-image-10513 alignleft\" src=\"http:\/\/www.meco.lu\/wp-content\/uploads\/2014\/10\/Stopp-TTIP-und-CETA_left_pannel.jpg\" alt=\"Stopp-TTIP-und-CETA_left_pannel\" width=\"230\" height=\"152\" srcset=\"https:\/\/www.meco.lu\/wp-content\/uploads\/2014\/10\/Stopp-TTIP-und-CETA_left_pannel.jpg 230w, https:\/\/www.meco.lu\/wp-content\/uploads\/2014\/10\/Stopp-TTIP-und-CETA_left_pannel-213x141.jpg 213w\" sizes=\"auto, (max-width: 230px) 100vw, 230px\" \/><\/p>\n<p>&nbsp;<\/p>\n<p>&nbsp;<\/p>\n<p>&nbsp;<\/p>\n<p>&nbsp;<\/p>\n<p>&nbsp;<\/p>\n<p>&nbsp;<\/p>\n<p>&nbsp;<\/p>\n<p>Nous allons publier dans les jours et semaines \u00e0 venir des informations actuelles sur notre site internet.<\/p>\n<ul>\n<li><a href=\"http:\/\/www.meco.lu\/wp-content\/uploads\/2014\/10\/Les-organisations-membre-de-la-plattform-luxembourgeoise-.pdf\" target=\"_blank\" rel=\"noopener\">Les organisations membre de la plattform luxembourgeoise<\/a><\/li>\n<li><a href=\"http:\/\/www.meco.lu\/de\/blog\/documentcenter\/ceta-und-ttip-die-freihandelsluege-erfolgreicher-besuch-vom-thilo-bode-in-luxemburg\/\" target=\"_blank\" rel=\"noopener\">29.10.2015\u00a0\u201cCETA und TTIP \u2013 Die Freihandelsl\u00fcge\u201d: Erfolgreicher Besuch von Thilo Bode in Luxemburg<\/a><\/li>\n<li><a href=\"http:\/\/www.meco.lu\/de\/blog\/documentcenter\/manif-stop-ttip\/\" target=\"_blank\" rel=\"noopener\">10.10.2015\u00a02000 B\u00fcrgerInnen gehen auch in Luxemburg gegen CETA und TTIP auf die Stra\u00dfe!<\/a><\/li>\n<li><a href=\"http:\/\/www.meco.lu\/de\/blog\/documentcenter\/stop-ttip-flashmob-bei-industriellen-veranstaltung-in-bruessel\/\" target=\"_blank\" rel=\"noopener\">03.07.2015\u00a0Flash mob Stop TTIP<\/a><\/li>\n<li><a title=\"Lettre ouverte aux membres du parlement europ\u00e9en au sujet du TTIP\" href=\"http:\/\/www.meco.lu\/fr\/blog\/documentcenter\/lettre-ouverte-aux-membres-du-parlement-europeen-au-sujet-du-ttip\/\" target=\"_blank\" rel=\"noopener\">01.03.2015\u00a0Lettre ouverte aux membres du parlement europ\u00e9en au sujet du TTIP<\/a><\/li>\n<li><a href=\"http:\/\/www.meco.lu\/de\/blog\/documentcenter\/ttip-1-500-000-ennerschreften\/\" target=\"_blank\" rel=\"noopener\">23.02.2015 1.500.000\u00a0signatures contre TTIP<\/a><\/li>\n<li><a title=\"Mehr als 1 Million Unterschriften europaweit gegen Freihandelsabkommen!  Notwendiges Quorum auch in Luxemburg erreicht!\" href=\"http:\/\/www.meco.lu\/de\/blog\/documentcenter\/mehr-als-1-million-unterschriften-europaweit-gegen-freihandelsabkommen-notwendiges-quorum-auch-in-luxemburg-erreicht\/\" target=\"_blank\" rel=\"noopener\">08.12.2014 Plus de\u00a01.000.000 signatures contre\u00a0\u00a0TTIP<\/a><\/li>\n<li><a href=\"http:\/\/www.meco.lu\/de\/blog\/documentcenter\/10638\/\" target=\"_blank\" rel=\"noopener\">10.11.2014\u00a0D\u00e9monstrations \u00e0 Luxembourg<\/a><\/li>\n<\/ul>\n<ul>\n<li><a href=\"http:\/\/www.meco.lu\/fr\/documentcenter\/luxembourg-manifestation-contre-les-accords-de-libre-echange\/\" target=\"_blank\" rel=\"noopener\">10.11.2014 Luxembourg: Manifestation contre les accords de libre \u00e9change<\/a><\/li>\n<li><a href=\"http:\/\/www.meco.lu\/fr\/documentcenter\/luxembourg-manifestation-contre-les-accords-de-libre-echange\/\" target=\"_blank\" rel=\"noopener\">31.10.2014 750.000 signatures contre TTIP<\/a><\/li>\n<li><a href=\"http:\/\/www.meco.lu\/wp-content\/uploads\/2014\/10\/9.09.2014_CP-Plateforme-CETA.pdf\" target=\"_blank\" rel=\"noopener\">09.09.2014 Communiqu\u00e9 de presse de la plateforme CETA<\/a><\/li>\n<li><a href=\"http:\/\/www.meco.lu\/fr\/documentcenter\/la-plateforme-ttip-demande-au-gouvernement-de-sopposer-a-lintroduction-dun-chapitre-isds-dans-le-cadre-du-ceta\/\" target=\"_blank\" rel=\"noopener\">09.09.2014 La Plateforme TTIP demande au Gouvernement de s\u2019opposer \u00e0 l\u2019introduction d\u2019un chapitre ISDS dans le cadre du CETA<\/a><\/li>\n<li><a href=\"http:\/\/www.meco.lu\/wp-content\/uploads\/2014\/10\/3.07.2014_CP-Plateforme-TTIP-Entrevue-gouvernement.pdf\" target=\"_blank\" rel=\"noopener\">03.07.2014 Comuniqu\u00e9 de presse de CETA concernant TTIP-Entrevue gouvernement<\/a><\/li>\n<li><a href=\"http:\/\/www.meco.lu\/wp-content\/uploads\/2014\/10\/18.06.2014_-MAE_deGucht_m%C3%A9canisme-RDIEISDS.pdf\" target=\"_blank\" rel=\"noopener\">18.06.2014 Lettre MAE au Commissaire europe\u0301en au Commerce deGucht_m\u00e9canisme RDIE:ISDS<\/a><\/li>\n<li><a href=\"http:\/\/www.meco.lu\/wp-content\/uploads\/2014\/10\/21.05.2014_R%C3%A9ponse-DP-n_-lettre-du-7_5_14.pdf\" target=\"_blank\" rel=\"noopener\">21.05.2014 R\u00e9ponse DP sur la lettre du 7.05.2015<\/a><\/li>\n<li><a href=\"http:\/\/www.meco.lu\/wp-content\/uploads\/2014\/10\/6.05.2014_LSAP_CP.pdf\" target=\"_blank\" rel=\"noopener\">06.05.2014 Communiqu\u00e9 de presse LSAP<\/a><\/li>\n<li><a href=\"http:\/\/www.meco.lu\/wp-content\/uploads\/2014\/10\/31.03.2014_Rapport-Etude-OFSE-sur-les-pr%C3%A9tendus-avantages-TTIP_fr.pdf\" target=\"_blank\" rel=\"noopener\">31.03.2014 Rapport Etude OFSE sur les pr\u00e9tendus avantages TTIP<\/a><\/li>\n<\/ul>\n<p>&nbsp;<\/p>\n<\/div>","protected":false},"excerpt":{"rendered":"<p>Participez \u00e0 une p\u00e9tition europ\u00e9enne contre l&rsquo;accord de libre \u00e9change UE-Canada et UE-Am\u00e9rique! A l&rsquo;\u00e9chelle europ\u00e9enne, une coalition d&rsquo;organisations environnementales et de d\u00e9veloppement, de d\u00e9fenseurs des consommateurs, d\u2019organisations paysannes, des mouvements sociaux, des syndicats &#8211; comprenant plus de 260 organisations de 21 pays &#8211; a uni ses forces contre l&rsquo;accord de libre \u00e9change pr\u00e9vu. Il [&hellip;]<\/p>\n","protected":false},"author":1,"featured_media":46331,"parent":0,"menu_order":48,"comment_status":"closed","ping_status":"closed","template":"","meta":{"_acf_changed":false,"footnotes":""},"class_list":["post-10518","page","type-page","status-publish","has-post-thumbnail","hentry"],"acf":[],"yoast_head":"<!-- This site is optimized with the Yoast SEO plugin v27.2 - https:\/\/yoast.com\/product\/yoast-seo-wordpress\/ -->\n<title>Intro Stop TTIP - Mouvement \u00e9cologique<\/title>\n<meta name=\"robots\" content=\"index, follow, max-snippet:-1, max-image-preview:large, max-video-preview:-1\" \/>\n<link rel=\"canonical\" href=\"https:\/\/www.meco.lu\/de\/intro-stop-ttip\/\" \/>\n<meta property=\"og:locale\" content=\"fr_FR\" \/>\n<meta property=\"og:type\" content=\"article\" \/>\n<meta property=\"og:title\" content=\"Intro Stop TTIP - Mouvement \u00e9cologique\" \/>\n<meta property=\"og:description\" content=\"Participez \u00e0 une p\u00e9tition europ\u00e9enne contre l&rsquo;accord de libre \u00e9change UE-Canada et UE-Am\u00e9rique! A l&rsquo;\u00e9chelle europ\u00e9enne, une coalition d&rsquo;organisations environnementales et de d\u00e9veloppement, de d\u00e9fenseurs des consommateurs, d\u2019organisations paysannes, des mouvements sociaux, des syndicats &#8211; comprenant plus de 260 organisations de 21 pays &#8211; a uni ses forces contre l&rsquo;accord de libre \u00e9change pr\u00e9vu. Il [&hellip;]\" \/>\n<meta property=\"og:url\" content=\"https:\/\/www.meco.lu\/de\/intro-stop-ttip\/\" \/>\n<meta property=\"og:site_name\" content=\"Mouvement \u00e9cologique\" \/>\n<meta property=\"article:modified_time\" content=\"2024-05-21T11:46:37+00:00\" \/>\n<meta property=\"og:image\" content=\"http:\/\/www.meco.lu\/wp-content\/uploads\/2014\/07\/STOP_TTIP_Logo_hp_feature.jpg\" \/>\n\t<meta property=\"og:image:width\" content=\"700\" \/>\n\t<meta property=\"og:image:height\" content=\"365\" \/>\n\t<meta property=\"og:image:type\" content=\"image\/jpeg\" \/>\n<meta name=\"twitter:card\" content=\"summary_large_image\" \/>\n<meta name=\"twitter:label1\" content=\"Dur\u00e9e de lecture estim\u00e9e\" \/>\n\t<meta name=\"twitter:data1\" content=\"2 minutes\" \/>\n<script type=\"application\/ld+json\" class=\"yoast-schema-graph\">{\"@context\":\"https:\/\/schema.org\",\"@graph\":[{\"@type\":\"WebPage\",\"@id\":\"https:\/\/www.meco.lu\/de\/intro-stop-ttip\/\",\"url\":\"https:\/\/www.meco.lu\/de\/intro-stop-ttip\/\",\"name\":\"Intro Stop TTIP - Mouvement \u00e9cologique\",\"isPartOf\":{\"@id\":\"https:\/\/www.meco.lu\/de\/#website\"},\"primaryImageOfPage\":{\"@id\":\"https:\/\/www.meco.lu\/de\/intro-stop-ttip\/#primaryimage\"},\"image\":{\"@id\":\"https:\/\/www.meco.lu\/de\/intro-stop-ttip\/#primaryimage\"},\"thumbnailUrl\":\"https:\/\/www.meco.lu\/wp-content\/uploads\/2014\/07\/STOP_TTIP_Logo_hp_feature.jpg\",\"datePublished\":\"2014-10-09T11:26:45+00:00\",\"dateModified\":\"2024-05-21T11:46:37+00:00\",\"breadcrumb\":{\"@id\":\"https:\/\/www.meco.lu\/de\/intro-stop-ttip\/#breadcrumb\"},\"inLanguage\":\"fr-FR\",\"potentialAction\":[{\"@type\":\"ReadAction\",\"target\":[\"https:\/\/www.meco.lu\/de\/intro-stop-ttip\/\"]}]},{\"@type\":\"ImageObject\",\"inLanguage\":\"fr-FR\",\"@id\":\"https:\/\/www.meco.lu\/de\/intro-stop-ttip\/#primaryimage\",\"url\":\"https:\/\/www.meco.lu\/wp-content\/uploads\/2014\/07\/STOP_TTIP_Logo_hp_feature.jpg\",\"contentUrl\":\"https:\/\/www.meco.lu\/wp-content\/uploads\/2014\/07\/STOP_TTIP_Logo_hp_feature.jpg\",\"width\":700,\"height\":365},{\"@type\":\"BreadcrumbList\",\"@id\":\"https:\/\/www.meco.lu\/de\/intro-stop-ttip\/#breadcrumb\",\"itemListElement\":[{\"@type\":\"ListItem\",\"position\":1,\"name\":\"Home\",\"item\":\"https:\/\/www.meco.lu\/fr\/\"},{\"@type\":\"ListItem\",\"position\":2,\"name\":\"Intro Stop TTIP\"}]},{\"@type\":\"WebSite\",\"@id\":\"https:\/\/www.meco.lu\/de\/#website\",\"url\":\"https:\/\/www.meco.lu\/de\/\",\"name\":\"Mouvement \u00e9cologique\",\"description\":\"\",\"potentialAction\":[{\"@type\":\"SearchAction\",\"target\":{\"@type\":\"EntryPoint\",\"urlTemplate\":\"https:\/\/www.meco.lu\/de\/?s={search_term_string}\"},\"query-input\":{\"@type\":\"PropertyValueSpecification\",\"valueRequired\":true,\"valueName\":\"search_term_string\"}}],\"inLanguage\":\"fr-FR\"}]}<\/script>\n<!-- \/ Yoast SEO plugin. -->","yoast_head_json":{"title":"Intro Stop TTIP - Mouvement \u00e9cologique","robots":{"index":"index","follow":"follow","max-snippet":"max-snippet:-1","max-image-preview":"max-image-preview:large","max-video-preview":"max-video-preview:-1"},"canonical":"https:\/\/www.meco.lu\/de\/intro-stop-ttip\/","og_locale":"fr_FR","og_type":"article","og_title":"Intro Stop TTIP - Mouvement \u00e9cologique","og_description":"Participez \u00e0 une p\u00e9tition europ\u00e9enne contre l&rsquo;accord de libre \u00e9change UE-Canada et UE-Am\u00e9rique! A l&rsquo;\u00e9chelle europ\u00e9enne, une coalition d&rsquo;organisations environnementales et de d\u00e9veloppement, de d\u00e9fenseurs des consommateurs, d\u2019organisations paysannes, des mouvements sociaux, des syndicats &#8211; comprenant plus de 260 organisations de 21 pays &#8211; a uni ses forces contre l&rsquo;accord de libre \u00e9change pr\u00e9vu. Il [&hellip;]","og_url":"https:\/\/www.meco.lu\/de\/intro-stop-ttip\/","og_site_name":"Mouvement \u00e9cologique","article_modified_time":"2024-05-21T11:46:37+00:00","og_image":[{"width":700,"height":365,"url":"http:\/\/www.meco.lu\/wp-content\/uploads\/2014\/07\/STOP_TTIP_Logo_hp_feature.jpg","type":"image\/jpeg"}],"twitter_card":"summary_large_image","twitter_misc":{"Dur\u00e9e de lecture estim\u00e9e":"2 minutes"},"schema":{"@context":"https:\/\/schema.org","@graph":[{"@type":"WebPage","@id":"https:\/\/www.meco.lu\/de\/intro-stop-ttip\/","url":"https:\/\/www.meco.lu\/de\/intro-stop-ttip\/","name":"Intro Stop TTIP - Mouvement \u00e9cologique","isPartOf":{"@id":"https:\/\/www.meco.lu\/de\/#website"},"primaryImageOfPage":{"@id":"https:\/\/www.meco.lu\/de\/intro-stop-ttip\/#primaryimage"},"image":{"@id":"https:\/\/www.meco.lu\/de\/intro-stop-ttip\/#primaryimage"},"thumbnailUrl":"https:\/\/www.meco.lu\/wp-content\/uploads\/2014\/07\/STOP_TTIP_Logo_hp_feature.jpg","datePublished":"2014-10-09T11:26:45+00:00","dateModified":"2024-05-21T11:46:37+00:00","breadcrumb":{"@id":"https:\/\/www.meco.lu\/de\/intro-stop-ttip\/#breadcrumb"},"inLanguage":"fr-FR","potentialAction":[{"@type":"ReadAction","target":["https:\/\/www.meco.lu\/de\/intro-stop-ttip\/"]}]},{"@type":"ImageObject","inLanguage":"fr-FR","@id":"https:\/\/www.meco.lu\/de\/intro-stop-ttip\/#primaryimage","url":"https:\/\/www.meco.lu\/wp-content\/uploads\/2014\/07\/STOP_TTIP_Logo_hp_feature.jpg","contentUrl":"https:\/\/www.meco.lu\/wp-content\/uploads\/2014\/07\/STOP_TTIP_Logo_hp_feature.jpg","width":700,"height":365},{"@type":"BreadcrumbList","@id":"https:\/\/www.meco.lu\/de\/intro-stop-ttip\/#breadcrumb","itemListElement":[{"@type":"ListItem","position":1,"name":"Home","item":"https:\/\/www.meco.lu\/fr\/"},{"@type":"ListItem","position":2,"name":"Intro Stop TTIP"}]},{"@type":"WebSite","@id":"https:\/\/www.meco.lu\/de\/#website","url":"https:\/\/www.meco.lu\/de\/","name":"Mouvement \u00e9cologique","description":"","potentialAction":[{"@type":"SearchAction","target":{"@type":"EntryPoint","urlTemplate":"https:\/\/www.meco.lu\/de\/?s={search_term_string}"},"query-input":{"@type":"PropertyValueSpecification","valueRequired":true,"valueName":"search_term_string"}}],"inLanguage":"fr-FR"}]}},"_links":{"self":[{"href":"https:\/\/www.meco.lu\/fr\/wp-json\/wp\/v2\/pages\/10518","targetHints":{"allow":["GET"]}}],"collection":[{"href":"https:\/\/www.meco.lu\/fr\/wp-json\/wp\/v2\/pages"}],"about":[{"href":"https:\/\/www.meco.lu\/fr\/wp-json\/wp\/v2\/types\/page"}],"author":[{"embeddable":true,"href":"https:\/\/www.meco.lu\/fr\/wp-json\/wp\/v2\/users\/1"}],"replies":[{"embeddable":true,"href":"https:\/\/www.meco.lu\/fr\/wp-json\/wp\/v2\/comments?post=10518"}],"version-history":[{"count":14,"href":"https:\/\/www.meco.lu\/fr\/wp-json\/wp\/v2\/pages\/10518\/revisions"}],"predecessor-version":[{"id":16412,"href":"https:\/\/www.meco.lu\/fr\/wp-json\/wp\/v2\/pages\/10518\/revisions\/16412"}],"wp:featuredmedia":[{"embeddable":true,"href":"https:\/\/www.meco.lu\/fr\/wp-json\/wp\/v2\/media\/46331"}],"wp:attachment":[{"href":"https:\/\/www.meco.lu\/fr\/wp-json\/wp\/v2\/media?parent=10518"}],"curies":[{"name":"wp","href":"https:\/\/api.w.org\/{rel}","templated":true}]}}