{"id":52794,"date":"2025-10-08T10:12:56","date_gmt":"2025-10-08T08:12:56","guid":{"rendered":"https:\/\/www.meco.lu\/?page_id=52794"},"modified":"2025-11-06T10:48:28","modified_gmt":"2025-11-06T08:48:28","slug":"shop","status":"publish","type":"page","link":"https:\/\/www.meco.lu\/de\/shop\/","title":{"rendered":"Shop"},"content":{"rendered":"<div class=\"pf-content\"><h1>SHOP Mouvement Ecologique<\/h1>\n<p>Merci fir \u00c4ert Interessi um Shop vum Mouvement Ecologique. Aktuell bidde mir n\u00ebmme w\u00e9ineg Artikelen am Shop un.<\/p>\n<p>&nbsp;<\/p>\n<p>Wann Dir<strong> Interessi hutt un enger Serigraphie aus der Serie \u201eK\u00ebnschtler fir d\u2019\u00cbmwelt\u201c<\/strong>, da k\u00ebnnt Dir eis g\u00e4re kontakt\u00e9ieren. Mir k\u00ebnnen Iech dann gena soen vu w\u00e9i enge K\u00ebnschtler nach Wierker disponibel sinn an och d\u2019Biller sch\u00e9cken Dob\u00e4i si \u00eb.\u202fa Anne Weyer, Anette Weiwers, Anne Vinck, Roland Schauls, Rolf Ball, Gast Michels (1954-2013), Isabelle Lutz (Gravur), Adolphe Deville, Joseph Grosbusch (1928-2008) und Charly Reinertz.<\/p>\n<p>&nbsp;<\/p>\n<p>Dir k\u00ebnnt bei eis awer och weider den Autocollant <strong>&#8222;Keng Reklamme w.e.g.&#8220; <\/strong>fir op \u00c4r Breifbo\u00eete kr\u00e9ien. Gem\u00e9iss dem \u201eneien\u201c Offallgesetz dierft Dir keng Reklamme m\u00e9i kr\u00e9ien \u2013 ausser Dir hutt e Sticker op \u00c4rer Br\u00e9ifbo\u00eete wou Dir sot, datt Dir der w\u00ebllt. W\u00ebll awer Gratis-Zeitungen dommerweis vum Gesetz net m\u00e9i als Reklamm ugesi ginn \u00a0notzen nach \u00ebmmer vill Leit den Autocollant \u201e<em>Keng Reklamme w.e.g.&#8220;<\/em> op hirer Br\u00e9ifbo\u00eete. W\u00ebll bei deem huet gegollen: och keng Reklammzeitungen!<\/p>\n<p>&nbsp;<\/p>\n<p>Dir k\u00ebnnt se gratis bei eis am Sekretariat ofhuelen \u2013 oder mir sch\u00e9cken Iech se op Wonsch och g\u00e4re per Post zou.<\/p>\n<p>E klengen Don fir de Projet ass natierlech \u00ebmmer w\u00ebllkomm!<\/p>\n<p><strong>Donatiounen:<\/strong><\/p>\n<ul>\n<li><strong>CCP:<\/strong> LU16 1111 0392 1729 0000<\/li>\n<li><strong>BCEE:<\/strong> LU20 0019 1300 1122 4000<\/li>\n<li><strong>Betreff:<\/strong> <em>Don &#8222;Keng Reklamme w.e.g.&#8220;<\/em><\/li>\n<\/ul>\n<p><strong>Sch\u00e9ckt einfach eng E-Mail op <span style=\"color: #339966\"><a style=\"color: #339966\" href=\"mailto:secretariat@meco.lu\">secretariat@meco.lu<\/a><\/span> oder rufft eis un Tel: (+352) 439030-1, fir m\u00e9i ze gewuer ze ginn!<\/strong><\/p>\n<p>&nbsp;<\/p>\n<p><strong>\u00cbffnungsz\u00e4iten<\/strong>:<\/p>\n<p>M\u00e9indeg bis Donneschdeg: 8:00-12:00 \/ 14:00 \u2013 17:00<\/p>\n<p>Freideg: 8:00 \u2013 12:00<\/p>\n<\/div>","protected":false},"excerpt":{"rendered":"<p>SHOP Mouvement Ecologique Merci fir \u00c4ert Interessi um Shop vum Mouvement Ecologique. Aktuell bidde mir n\u00ebmme w\u00e9ineg Artikelen am Shop un. &nbsp; Wann Dir Interessi hutt un enger Serigraphie aus der Serie \u201eK\u00ebnschtler fir d\u2019\u00cbmwelt\u201c, da k\u00ebnnt Dir eis g\u00e4re kontakt\u00e9ieren. Mir k\u00ebnnen Iech dann gena soen vu w\u00e9i enge K\u00ebnschtler nach Wierker disponibel sinn [&hellip;]<\/p>\n","protected":false},"author":1,"featured_media":0,"parent":0,"menu_order":0,"comment_status":"closed","ping_status":"closed","template":"","meta":{"_acf_changed":false,"footnotes":""},"class_list":["post-52794","page","type-page","status-publish","hentry"],"acf":[],"yoast_head":"<!-- This site is optimized with the Yoast SEO plugin v27.2 - https:\/\/yoast.com\/product\/yoast-seo-wordpress\/ -->\n<title>Shop - Mouvement \u00e9cologique<\/title>\n<meta name=\"robots\" content=\"index, follow, max-snippet:-1, max-image-preview:large, max-video-preview:-1\" \/>\n<link rel=\"canonical\" href=\"https:\/\/www.meco.lu\/de\/shop\/\" \/>\n<meta property=\"og:locale\" content=\"de_DE\" \/>\n<meta property=\"og:type\" content=\"article\" \/>\n<meta property=\"og:title\" content=\"Shop - Mouvement \u00e9cologique\" \/>\n<meta property=\"og:description\" content=\"SHOP Mouvement Ecologique Merci fir \u00c4ert Interessi um Shop vum Mouvement Ecologique. Aktuell bidde mir n\u00ebmme w\u00e9ineg Artikelen am Shop un. &nbsp; Wann Dir Interessi hutt un enger Serigraphie aus der Serie \u201eK\u00ebnschtler fir d\u2019\u00cbmwelt\u201c, da k\u00ebnnt Dir eis g\u00e4re kontakt\u00e9ieren. Mir k\u00ebnnen Iech dann gena soen vu w\u00e9i enge K\u00ebnschtler nach Wierker disponibel sinn [&hellip;]\" \/>\n<meta property=\"og:url\" content=\"https:\/\/www.meco.lu\/de\/shop\/\" \/>\n<meta property=\"og:site_name\" content=\"Mouvement \u00e9cologique\" \/>\n<meta property=\"article:modified_time\" content=\"2025-11-06T08:48:28+00:00\" \/>\n<meta name=\"twitter:card\" content=\"summary_large_image\" \/>\n<meta name=\"twitter:label1\" content=\"Gesch\u00e4tzte Lesezeit\" \/>\n\t<meta name=\"twitter:data1\" content=\"2\u00a0Minuten\" \/>\n<script type=\"application\/ld+json\" class=\"yoast-schema-graph\">{\"@context\":\"https:\/\/schema.org\",\"@graph\":[{\"@type\":\"WebPage\",\"@id\":\"https:\/\/www.meco.lu\/de\/shop\/\",\"url\":\"https:\/\/www.meco.lu\/de\/shop\/\",\"name\":\"Shop - Mouvement \u00e9cologique\",\"isPartOf\":{\"@id\":\"https:\/\/www.meco.lu\/de\/#website\"},\"datePublished\":\"2025-10-08T08:12:56+00:00\",\"dateModified\":\"2025-11-06T08:48:28+00:00\",\"breadcrumb\":{\"@id\":\"https:\/\/www.meco.lu\/de\/shop\/#breadcrumb\"},\"inLanguage\":\"de\",\"potentialAction\":[{\"@type\":\"ReadAction\",\"target\":[\"https:\/\/www.meco.lu\/de\/shop\/\"]}]},{\"@type\":\"BreadcrumbList\",\"@id\":\"https:\/\/www.meco.lu\/de\/shop\/#breadcrumb\",\"itemListElement\":[{\"@type\":\"ListItem\",\"position\":1,\"name\":\"Home\",\"item\":\"https:\/\/www.meco.lu\/de\/\"},{\"@type\":\"ListItem\",\"position\":2,\"name\":\"Shop\"}]},{\"@type\":\"WebSite\",\"@id\":\"https:\/\/www.meco.lu\/de\/#website\",\"url\":\"https:\/\/www.meco.lu\/de\/\",\"name\":\"Mouvement \u00e9cologique\",\"description\":\"\",\"potentialAction\":[{\"@type\":\"SearchAction\",\"target\":{\"@type\":\"EntryPoint\",\"urlTemplate\":\"https:\/\/www.meco.lu\/de\/?s={search_term_string}\"},\"query-input\":{\"@type\":\"PropertyValueSpecification\",\"valueRequired\":true,\"valueName\":\"search_term_string\"}}],\"inLanguage\":\"de\"}]}<\/script>\n<!-- \/ Yoast SEO plugin. -->","yoast_head_json":{"title":"Shop - Mouvement \u00e9cologique","robots":{"index":"index","follow":"follow","max-snippet":"max-snippet:-1","max-image-preview":"max-image-preview:large","max-video-preview":"max-video-preview:-1"},"canonical":"https:\/\/www.meco.lu\/de\/shop\/","og_locale":"de_DE","og_type":"article","og_title":"Shop - Mouvement \u00e9cologique","og_description":"SHOP Mouvement Ecologique Merci fir \u00c4ert Interessi um Shop vum Mouvement Ecologique. Aktuell bidde mir n\u00ebmme w\u00e9ineg Artikelen am Shop un. &nbsp; Wann Dir Interessi hutt un enger Serigraphie aus der Serie \u201eK\u00ebnschtler fir d\u2019\u00cbmwelt\u201c, da k\u00ebnnt Dir eis g\u00e4re kontakt\u00e9ieren. Mir k\u00ebnnen Iech dann gena soen vu w\u00e9i enge K\u00ebnschtler nach Wierker disponibel sinn [&hellip;]","og_url":"https:\/\/www.meco.lu\/de\/shop\/","og_site_name":"Mouvement \u00e9cologique","article_modified_time":"2025-11-06T08:48:28+00:00","twitter_card":"summary_large_image","twitter_misc":{"Gesch\u00e4tzte Lesezeit":"2\u00a0Minuten"},"schema":{"@context":"https:\/\/schema.org","@graph":[{"@type":"WebPage","@id":"https:\/\/www.meco.lu\/de\/shop\/","url":"https:\/\/www.meco.lu\/de\/shop\/","name":"Shop - Mouvement \u00e9cologique","isPartOf":{"@id":"https:\/\/www.meco.lu\/de\/#website"},"datePublished":"2025-10-08T08:12:56+00:00","dateModified":"2025-11-06T08:48:28+00:00","breadcrumb":{"@id":"https:\/\/www.meco.lu\/de\/shop\/#breadcrumb"},"inLanguage":"de","potentialAction":[{"@type":"ReadAction","target":["https:\/\/www.meco.lu\/de\/shop\/"]}]},{"@type":"BreadcrumbList","@id":"https:\/\/www.meco.lu\/de\/shop\/#breadcrumb","itemListElement":[{"@type":"ListItem","position":1,"name":"Home","item":"https:\/\/www.meco.lu\/de\/"},{"@type":"ListItem","position":2,"name":"Shop"}]},{"@type":"WebSite","@id":"https:\/\/www.meco.lu\/de\/#website","url":"https:\/\/www.meco.lu\/de\/","name":"Mouvement \u00e9cologique","description":"","potentialAction":[{"@type":"SearchAction","target":{"@type":"EntryPoint","urlTemplate":"https:\/\/www.meco.lu\/de\/?s={search_term_string}"},"query-input":{"@type":"PropertyValueSpecification","valueRequired":true,"valueName":"search_term_string"}}],"inLanguage":"de"}]}},"_links":{"self":[{"href":"https:\/\/www.meco.lu\/de\/wp-json\/wp\/v2\/pages\/52794","targetHints":{"allow":["GET"]}}],"collection":[{"href":"https:\/\/www.meco.lu\/de\/wp-json\/wp\/v2\/pages"}],"about":[{"href":"https:\/\/www.meco.lu\/de\/wp-json\/wp\/v2\/types\/page"}],"author":[{"embeddable":true,"href":"https:\/\/www.meco.lu\/de\/wp-json\/wp\/v2\/users\/1"}],"replies":[{"embeddable":true,"href":"https:\/\/www.meco.lu\/de\/wp-json\/wp\/v2\/comments?post=52794"}],"version-history":[{"count":5,"href":"https:\/\/www.meco.lu\/de\/wp-json\/wp\/v2\/pages\/52794\/revisions"}],"predecessor-version":[{"id":53159,"href":"https:\/\/www.meco.lu\/de\/wp-json\/wp\/v2\/pages\/52794\/revisions\/53159"}],"wp:attachment":[{"href":"https:\/\/www.meco.lu\/de\/wp-json\/wp\/v2\/media?parent=52794"}],"curies":[{"name":"wp","href":"https:\/\/api.w.org\/{rel}","templated":true}]}}