{"id":447,"date":"2013-10-21T14:10:55","date_gmt":"2013-10-21T12:10:55","guid":{"rendered":"http:\/\/www.meco.lu\/?page_id=447"},"modified":"2025-12-16T10:23:59","modified_gmt":"2025-12-16T08:23:59","slug":"mitglied-werden","status":"publish","type":"page","link":"https:\/\/www.meco.lu\/de\/uber-uns\/mitglied-werden\/","title":{"rendered":"Mitglied werden"},"content":{"rendered":"<section class=\"wpb-content-wrapper\"><div class=\"pf-content\"><p>[vc_row][vc_column css=&#8220;.vc_custom_1702990019961{background-color: rgba(114,191,68,0.15) !important;*background-color: rgb(114,191,68) !important;}&#8220;][vc_single_image image=&#8220;44430&#8243; img_size=&#8220;700&#215;365&#8243;][vc_column_text]<\/p>\n<h1><span style=\"color: #72bf44\">Zesumme si mer staark \u2013 Gitt Member!<\/span><\/h1>\n<p>[\/vc_column_text][vc_column_text]<\/p>\n<h2><span style=\"color: #870000\"><strong><a style=\"color: #870000\" href=\"https:\/\/www.meco.lu\/de\/uber-uns\/mitglied-werden\/beitrittsformular\/\">(Beitrittsformular)<\/a><\/strong><\/span><\/h2>\n<p>[\/vc_column_text][vc_column_text]Dank seiner Unabh\u00e4ngigkeit, seiner fundierten Stellungnahmen und besonders dem Engagement seiner Mitglieder hat der Mouvement Ecologique sich zu einer anerkannten dynamischen Umweltorganisation entwickelt.<\/p>\n<p>Wenn Sie unsere Ziele teilen und unsere Arbeit sch\u00e4tzen: Werden auch Sie Teil dieser Gemeinschaft und tragen Sie dazu bei, den Mouvement Ecologique noch schlagkr\u00e4ftiger zu machen!<\/p>\n<p>Unsere Ziele: der Erhalt unserer Lebensgrundlagen, der nat\u00fcrlichen Lebensr\u00e4ume und der Artenvielfalt, der Klimaschutz, gr\u00fcne St\u00e4dte und D\u00f6rfer, mehr Lebensqualit\u00e4t und B\u00fcrger:innenbeteiligung. Dies in einer Wirtschaft, die nicht auf stetem, unendlichem Wachstum beruht, sondern prim\u00e4r im Dienste des Menschen und der sozialen Gerechtigkeit steht.<\/p>\n<p>Als Mitglied in europ\u00e4ischen und internationalen Netzwerken steht der Mouvement Ecologique ebenfalls f\u00fcr weltweite Solidarit\u00e4t im Kampf f\u00fcr Klima- und Naturschutz!<\/p>\n<p><strong>Durch Ihre Mitgliedschaft verst\u00e4rken Sie die Stimme und die Unabh\u00e4ngigkeit des Mouvement Ecologique!<\/strong>[\/vc_column_text][vc_column_text css=&#8220;.vc_custom_1765873419941{background-color: rgba(114,191,68,0.25) !important;*background-color: rgb(114,191,68) !important;}&#8220;]<span style=\"color: #72bf44\"><strong>Ihre Vorteile<\/strong><\/span><\/p>\n<p>Indem Sie Mitglied sind, unterst\u00fctzen Sie den Mouvement Ecologique und haben zudem auch selbst konkrete Vorteile:<\/p>\n<ul>\n<li><strong>Aktuelle Newsletter<\/strong>: Sie erhalten einen w\u00f6chentlichen Newsletter.<\/li>\n<li><strong>Anregende Veranstaltungen<\/strong>: Regelm\u00e4\u00dfig werden Sie zu Konferenzen, Seminaren und thematischen Wanderungen eingeladen. Als Mitglied erhalten Sie Rabatte auf kostenpflichtigen Veranstaltungen und Publikationen. Genie\u00dfen Sie auch gesellige Treffen, wie z.B. das \u201eOekofest\u201c.<\/li>\n<li><strong>Zugang zur Bibliothek des Oekozenter Pafendalls<\/strong>: Nutzen Sie ebenfalls die Umweltbibliothek \u201e<strong>Oekobib<\/strong>\u201c kostenlos.<\/li>\n<li><strong>Informative Zeitschrift<\/strong>: Mitglieder erhalten die Zeitschrift \u201e<span style=\"color: #339966\"><strong><a style=\"color: #339966\" href=\"https:\/\/www.meco.lu\/de\/publikationen\/keisecker-info\/\">K\u00e9isecker Info<\/a><\/strong><\/span>\u201c mit Informationen zu aktuellen Stellungnahmen, Konferenzen, Entwicklungen und Verbrauchertipps.<\/li>\n<\/ul>\n<p>[\/vc_column_text][vc_column_text]<span style=\"color: #72bf44\"><strong>Aktives Engagement ist willkommen<\/strong><\/span><\/p>\n<p>Wenn Sie dar\u00fcber hinaus die Arbeit des Mouvement Ecologique aktiv mitgestalten m\u00f6chten, k\u00f6nnen Sie in Arbeitsgruppen oder regionalen Sektionen aktiv werden. Senden Sie uns eine kurze E-Mail an <a href=\"mailto:meco@oeko.lu\">meco@oeko.lu<\/a> und wir werden uns mit Ihnen in Verbindung setzen. Der Mouvement Ecologique freut sich auf Ihre Teilnahme.<\/p>\n<p>&nbsp;<\/p>\n<p><span style=\"color: #72bf44\"><strong>Bereit Mitglied zu werden?<\/strong><\/span><\/p>\n<p>Mitglied zu werden ist einfach:<\/p>\n<ul>\n<li>F\u00fcllen Sie das <span style=\"color: #72bf44\"><a style=\"color: #72bf44\" href=\"https:\/\/www.meco.lu\/de\/uber-uns\/mitglied-werden\/beitrittsformular\/\"><strong>Beitrittsformular<\/strong><\/a> <\/span>aus.<\/li>\n<li>oder \u00fcberweisen Sie einen j\u00e4hrlichen <span style=\"color: #72bf44\"><strong>Beitrag ab 50 \u20ac <\/strong><\/span>f\u00fcr eine Einzelmitgliedschaft oder ab 75 \u20ac f\u00fcr eine Haushaltsmitgliedschaft auf eines der Konten: CCP LU16 1111 0392 1729 0000oder BCEE LU20 0019 1300 1122 4000.<\/li>\n<li>Sie k\u00f6nnen auch die <span style=\"color: #72bf44\"><strong>Payconiq-App<\/strong><\/span> verwenden, um den QR-Code mit Ihrem Smartphone zu scannen und so Ihren Mitgliedsbeitrag bequem \u00fcberweisen.<\/li>\n<\/ul>\n<p><span style=\"color: #72bf44\"><strong><a href=\"http:\/\/www.meco.lu\/wp-content\/uploads\/2023\/12\/qr-code-cotisatioun-meco.png\"><img loading=\"lazy\" decoding=\"async\" class=\"alignnone wp-image-44407 size-thumbnail\" src=\"http:\/\/www.meco.lu\/wp-content\/uploads\/2023\/12\/qr-code-cotisatioun-meco-150x150.png\" alt=\"\" width=\"150\" height=\"150\" srcset=\"https:\/\/www.meco.lu\/wp-content\/uploads\/2023\/12\/qr-code-cotisatioun-meco-150x150.png 150w, https:\/\/www.meco.lu\/wp-content\/uploads\/2023\/12\/qr-code-cotisatioun-meco-300x300.png 300w, https:\/\/www.meco.lu\/wp-content\/uploads\/2023\/12\/qr-code-cotisatioun-meco-1024x1024.png 1024w, https:\/\/www.meco.lu\/wp-content\/uploads\/2023\/12\/qr-code-cotisatioun-meco-768x768.png 768w, https:\/\/www.meco.lu\/wp-content\/uploads\/2023\/12\/qr-code-cotisatioun-meco-1536x1536.png 1536w, https:\/\/www.meco.lu\/wp-content\/uploads\/2023\/12\/qr-code-cotisatioun-meco-2048x2048.png 2048w, https:\/\/www.meco.lu\/wp-content\/uploads\/2023\/12\/qr-code-cotisatioun-meco-213x213.png 213w, https:\/\/www.meco.lu\/wp-content\/uploads\/2023\/12\/qr-code-cotisatioun-meco-288x288.png 288w\" sizes=\"auto, (max-width: 150px) 100vw, 150px\" \/><\/a><\/strong><\/span><\/p>\n<p><span style=\"color: #72bf44\"><strong>Noch unsicher?<\/strong><\/span><\/p>\n<p>\u21d2 <a href=\"https:\/\/www.meco.lu\/de\/\"><span style=\"color: #339966\"><strong>HIER<\/strong><\/span><\/a> erfahren Sie mehr \u00fcber die Aktivit\u00e4ten des Mouvement Ecologique.[\/vc_column_text][\/vc_column][\/vc_row][vc_row gap=&#8220;5&#8243; equal_height=&#8220;yes&#8220;][vc_column width=&#8220;1\/2&#8243; css=&#8220;.vc_custom_1702990281481{background-color: rgba(114,191,68,0.15) !important;*background-color: rgb(114,191,68) !important;}&#8220;][vc_column_text]<\/p>\n<h2><a href=\"https:\/\/www.meco.lu\/wp-content\/uploads\/2022\/04\/Akvititeitsbericht-2021_HP.pdf\"><span style=\"color: #72bf44\">AKTIVIT\u00c4TSBERICHT<\/span><\/a><\/h2>\n<p>In unserem <a href=\"http:\/\/www.meco.lu\/wp-content\/uploads\/2025\/03\/Aktiviteitsbericht_2024.pdf\"><strong><span style=\"color: #72bf44\">letzten Akti<\/span><\/strong><strong><span style=\"color: #72bf44\">v<\/span><\/strong><strong><span style=\"color: #72bf44\">it\u00e4tsbericht<\/span><\/strong><\/a>\u00a0finden Sie viele Information \u00fcber unsere T\u00e4tigkeiten.[\/vc_column_text][\/vc_column][vc_column width=&#8220;1\/2&#8243; css=&#8220;.vc_custom_1702990041270{background-color: rgba(114,191,68,0.15) !important;*background-color: rgb(114,191,68) !important;}&#8220;][vc_column_text]<\/p>\n<h2><span style=\"color: #73bf44\"><strong>Roadmaps zu den Wahlen<\/strong><\/span><\/h2>\n<p>Lassen Sie sich ebenfalls von den Roadmaps f\u00fcr <span style=\"color: #73bf44\"><a style=\"color: #73bf44\" href=\"https:\/\/www.meco.lu\/wp-content\/uploads\/2023\/02\/Brochure-Gemengewalen-2023.pdf\"><strong>Kommunal<\/strong><\/a><\/span>&#8211; und <span style=\"color: #73bf44\"><a style=\"color: #73bf44\" href=\"https:\/\/www.meco.lu\/wp-content\/uploads\/2023\/03\/Legislativwahlen-2023-Mouvement-Ecologique.pdf\"><strong>Nationalwahlen <\/strong><\/a><\/span>inspirieren.[\/vc_column_text][\/vc_column][\/vc_row][vc_row gap=&#8220;5&#8243; equal_height=&#8220;yes&#8220;][vc_column width=&#8220;1\/2&#8243; css=&#8220;.vc_custom_1702990093656{background-color: rgba(114,191,68,0.15) !important;*background-color: rgb(114,191,68) !important;}&#8220;][vc_column_text]<\/p>\n<h2><a href=\"https:\/\/www.meco.lu\/wp-content\/uploads\/2021\/04\/Grondsatzpabeier-definitiv_HP.pdf\"><span style=\"color: #72bf44\">GRUNDS\u00c4TZE<\/span><\/a><\/h2>\n<p>Entdecken Sie die zehn <strong><span style=\"color: #72bf22\"><span style=\"color: #72bf44\"><a style=\"color: #72bf44\" href=\"https:\/\/www.meco.lu\/wp-content\/uploads\/2021\/04\/Grondsatzpabeier-definitiv_HP.pdf\">Grunds\u00e4tze<\/a><\/span>, <\/span><\/strong><span style=\"color: #000000\">welche das <\/span>Selbstverst\u00e4ndnis des Mouvement Ecologique darstellen.[\/vc_column_text][\/vc_column][vc_column width=&#8220;1\/2&#8243; css=&#8220;.vc_custom_1702990168538{background-color: rgba(114,191,68,0.15) !important;*background-color: rgb(114,191,68) !important;}&#8220;][vc_video link=&#8220;https:\/\/youtu.be\/EDKy6HJph7o&#8220;][\/vc_column][\/vc_row]<\/p>\n<\/div><\/section>","protected":false},"excerpt":{"rendered":"<p>[vc_row][vc_column css=&#8220;.vc_custom_1702990019961{background-color: rgba(114,191,68,0.15) !important;*background-color: rgb(114,191,68) !important;}&#8220;][vc_single_image image=&#8220;44430&#8243; img_size=&#8220;700&#215;365&#8243;][vc_column_text] Zesumme si mer staark \u2013 Gitt Member! [\/vc_column_text][vc_column_text] (Beitrittsformular) [\/vc_column_text][vc_column_text]Dank seiner Unabh\u00e4ngigkeit, seiner fundierten Stellungnahmen und besonders dem Engagement seiner Mitglieder hat der Mouvement Ecologique sich zu einer anerkannten dynamischen Umweltorganisation entwickelt. Wenn Sie unsere Ziele teilen und unsere Arbeit sch\u00e4tzen: Werden auch Sie Teil dieser Gemeinschaft [&hellip;]<\/p>\n","protected":false},"author":1,"featured_media":0,"parent":173,"menu_order":7,"comment_status":"closed","ping_status":"closed","template":"","meta":{"_acf_changed":false,"footnotes":""},"class_list":["post-447","page","type-page","status-publish","hentry"],"acf":[],"yoast_head":"<!-- This site is optimized with the Yoast SEO plugin v27.2 - https:\/\/yoast.com\/product\/yoast-seo-wordpress\/ -->\n<title>Werden Sie jetzt Mitglied beim Mouvement Ecologique<\/title>\n<meta name=\"description\" content=\"Wir brauchen Stimmen, die sich f\u00fcr den Erhalt der Natur und Landschaft; mehr Demokratie; ein neues Gesellschafts- und Wirtschaftsmodell... aussprechen.\" \/>\n<meta name=\"robots\" content=\"index, follow, max-snippet:-1, max-image-preview:large, max-video-preview:-1\" \/>\n<link rel=\"canonical\" href=\"https:\/\/www.meco.lu\/de\/uber-uns\/mitglied-werden\/\" \/>\n<meta property=\"og:locale\" content=\"de_DE\" \/>\n<meta property=\"og:type\" content=\"article\" \/>\n<meta property=\"og:title\" content=\"Werden Sie jetzt Mitglied beim Mouvement Ecologique\" \/>\n<meta property=\"og:description\" content=\"Wir brauchen Stimmen, die sich f\u00fcr den Erhalt der Natur und Landschaft; mehr Demokratie; ein neues Gesellschafts- und Wirtschaftsmodell... aussprechen.\" \/>\n<meta property=\"og:url\" content=\"https:\/\/www.meco.lu\/de\/uber-uns\/mitglied-werden\/\" \/>\n<meta property=\"og:site_name\" content=\"Mouvement \u00e9cologique\" \/>\n<meta property=\"article:modified_time\" content=\"2025-12-16T08:23:59+00:00\" \/>\n<meta property=\"og:image\" content=\"http:\/\/www.meco.lu\/wp-content\/uploads\/2023\/12\/qr-code-cotisatioun-meco-150x150.png\" \/>\n<meta name=\"twitter:card\" content=\"summary_large_image\" \/>\n<meta name=\"twitter:label1\" content=\"Gesch\u00e4tzte Lesezeit\" \/>\n\t<meta name=\"twitter:data1\" content=\"3\u00a0Minuten\" \/>\n<script type=\"application\/ld+json\" class=\"yoast-schema-graph\">{\"@context\":\"https:\/\/schema.org\",\"@graph\":[{\"@type\":\"WebPage\",\"@id\":\"https:\/\/www.meco.lu\/de\/uber-uns\/mitglied-werden\/\",\"url\":\"https:\/\/www.meco.lu\/de\/uber-uns\/mitglied-werden\/\",\"name\":\"Werden Sie jetzt Mitglied beim Mouvement Ecologique\",\"isPartOf\":{\"@id\":\"https:\/\/www.meco.lu\/de\/#website\"},\"primaryImageOfPage\":{\"@id\":\"https:\/\/www.meco.lu\/de\/uber-uns\/mitglied-werden\/#primaryimage\"},\"image\":{\"@id\":\"https:\/\/www.meco.lu\/de\/uber-uns\/mitglied-werden\/#primaryimage\"},\"thumbnailUrl\":\"http:\/\/www.meco.lu\/wp-content\/uploads\/2023\/12\/qr-code-cotisatioun-meco-150x150.png\",\"datePublished\":\"2013-10-21T12:10:55+00:00\",\"dateModified\":\"2025-12-16T08:23:59+00:00\",\"description\":\"Wir brauchen Stimmen, die sich f\u00fcr den Erhalt der Natur und Landschaft; mehr Demokratie; ein neues Gesellschafts- und Wirtschaftsmodell... aussprechen.\",\"breadcrumb\":{\"@id\":\"https:\/\/www.meco.lu\/de\/uber-uns\/mitglied-werden\/#breadcrumb\"},\"inLanguage\":\"de\",\"potentialAction\":[{\"@type\":\"ReadAction\",\"target\":[\"https:\/\/www.meco.lu\/de\/uber-uns\/mitglied-werden\/\"]}]},{\"@type\":\"ImageObject\",\"inLanguage\":\"de\",\"@id\":\"https:\/\/www.meco.lu\/de\/uber-uns\/mitglied-werden\/#primaryimage\",\"url\":\"http:\/\/www.meco.lu\/wp-content\/uploads\/2023\/12\/qr-code-cotisatioun-meco-150x150.png\",\"contentUrl\":\"http:\/\/www.meco.lu\/wp-content\/uploads\/2023\/12\/qr-code-cotisatioun-meco-150x150.png\"},{\"@type\":\"BreadcrumbList\",\"@id\":\"https:\/\/www.meco.lu\/de\/uber-uns\/mitglied-werden\/#breadcrumb\",\"itemListElement\":[{\"@type\":\"ListItem\",\"position\":1,\"name\":\"Home\",\"item\":\"https:\/\/www.meco.lu\/de\/\"},{\"@type\":\"ListItem\",\"position\":2,\"name\":\"\u00dcber uns\",\"item\":\"https:\/\/www.meco.lu\/de\/uber-uns\/\"},{\"@type\":\"ListItem\",\"position\":3,\"name\":\"Mitglied werden\"}]},{\"@type\":\"WebSite\",\"@id\":\"https:\/\/www.meco.lu\/de\/#website\",\"url\":\"https:\/\/www.meco.lu\/de\/\",\"name\":\"Mouvement \u00e9cologique\",\"description\":\"\",\"potentialAction\":[{\"@type\":\"SearchAction\",\"target\":{\"@type\":\"EntryPoint\",\"urlTemplate\":\"https:\/\/www.meco.lu\/de\/?s={search_term_string}\"},\"query-input\":{\"@type\":\"PropertyValueSpecification\",\"valueRequired\":true,\"valueName\":\"search_term_string\"}}],\"inLanguage\":\"de\"}]}<\/script>\n<!-- \/ Yoast SEO plugin. -->","yoast_head_json":{"title":"Werden Sie jetzt Mitglied beim Mouvement Ecologique","description":"Wir brauchen Stimmen, die sich f\u00fcr den Erhalt der Natur und Landschaft; mehr Demokratie; ein neues Gesellschafts- und Wirtschaftsmodell... aussprechen.","robots":{"index":"index","follow":"follow","max-snippet":"max-snippet:-1","max-image-preview":"max-image-preview:large","max-video-preview":"max-video-preview:-1"},"canonical":"https:\/\/www.meco.lu\/de\/uber-uns\/mitglied-werden\/","og_locale":"de_DE","og_type":"article","og_title":"Werden Sie jetzt Mitglied beim Mouvement Ecologique","og_description":"Wir brauchen Stimmen, die sich f\u00fcr den Erhalt der Natur und Landschaft; mehr Demokratie; ein neues Gesellschafts- und Wirtschaftsmodell... aussprechen.","og_url":"https:\/\/www.meco.lu\/de\/uber-uns\/mitglied-werden\/","og_site_name":"Mouvement \u00e9cologique","article_modified_time":"2025-12-16T08:23:59+00:00","og_image":[{"url":"http:\/\/www.meco.lu\/wp-content\/uploads\/2023\/12\/qr-code-cotisatioun-meco-150x150.png","type":"","width":"","height":""}],"twitter_card":"summary_large_image","twitter_misc":{"Gesch\u00e4tzte Lesezeit":"3\u00a0Minuten"},"schema":{"@context":"https:\/\/schema.org","@graph":[{"@type":"WebPage","@id":"https:\/\/www.meco.lu\/de\/uber-uns\/mitglied-werden\/","url":"https:\/\/www.meco.lu\/de\/uber-uns\/mitglied-werden\/","name":"Werden Sie jetzt Mitglied beim Mouvement Ecologique","isPartOf":{"@id":"https:\/\/www.meco.lu\/de\/#website"},"primaryImageOfPage":{"@id":"https:\/\/www.meco.lu\/de\/uber-uns\/mitglied-werden\/#primaryimage"},"image":{"@id":"https:\/\/www.meco.lu\/de\/uber-uns\/mitglied-werden\/#primaryimage"},"thumbnailUrl":"http:\/\/www.meco.lu\/wp-content\/uploads\/2023\/12\/qr-code-cotisatioun-meco-150x150.png","datePublished":"2013-10-21T12:10:55+00:00","dateModified":"2025-12-16T08:23:59+00:00","description":"Wir brauchen Stimmen, die sich f\u00fcr den Erhalt der Natur und Landschaft; mehr Demokratie; ein neues Gesellschafts- und Wirtschaftsmodell... aussprechen.","breadcrumb":{"@id":"https:\/\/www.meco.lu\/de\/uber-uns\/mitglied-werden\/#breadcrumb"},"inLanguage":"de","potentialAction":[{"@type":"ReadAction","target":["https:\/\/www.meco.lu\/de\/uber-uns\/mitglied-werden\/"]}]},{"@type":"ImageObject","inLanguage":"de","@id":"https:\/\/www.meco.lu\/de\/uber-uns\/mitglied-werden\/#primaryimage","url":"http:\/\/www.meco.lu\/wp-content\/uploads\/2023\/12\/qr-code-cotisatioun-meco-150x150.png","contentUrl":"http:\/\/www.meco.lu\/wp-content\/uploads\/2023\/12\/qr-code-cotisatioun-meco-150x150.png"},{"@type":"BreadcrumbList","@id":"https:\/\/www.meco.lu\/de\/uber-uns\/mitglied-werden\/#breadcrumb","itemListElement":[{"@type":"ListItem","position":1,"name":"Home","item":"https:\/\/www.meco.lu\/de\/"},{"@type":"ListItem","position":2,"name":"\u00dcber uns","item":"https:\/\/www.meco.lu\/de\/uber-uns\/"},{"@type":"ListItem","position":3,"name":"Mitglied werden"}]},{"@type":"WebSite","@id":"https:\/\/www.meco.lu\/de\/#website","url":"https:\/\/www.meco.lu\/de\/","name":"Mouvement \u00e9cologique","description":"","potentialAction":[{"@type":"SearchAction","target":{"@type":"EntryPoint","urlTemplate":"https:\/\/www.meco.lu\/de\/?s={search_term_string}"},"query-input":{"@type":"PropertyValueSpecification","valueRequired":true,"valueName":"search_term_string"}}],"inLanguage":"de"}]}},"_links":{"self":[{"href":"https:\/\/www.meco.lu\/de\/wp-json\/wp\/v2\/pages\/447","targetHints":{"allow":["GET"]}}],"collection":[{"href":"https:\/\/www.meco.lu\/de\/wp-json\/wp\/v2\/pages"}],"about":[{"href":"https:\/\/www.meco.lu\/de\/wp-json\/wp\/v2\/types\/page"}],"author":[{"embeddable":true,"href":"https:\/\/www.meco.lu\/de\/wp-json\/wp\/v2\/users\/1"}],"replies":[{"embeddable":true,"href":"https:\/\/www.meco.lu\/de\/wp-json\/wp\/v2\/comments?post=447"}],"version-history":[{"count":6,"href":"https:\/\/www.meco.lu\/de\/wp-json\/wp\/v2\/pages\/447\/revisions"}],"predecessor-version":[{"id":53725,"href":"https:\/\/www.meco.lu\/de\/wp-json\/wp\/v2\/pages\/447\/revisions\/53725"}],"up":[{"embeddable":true,"href":"https:\/\/www.meco.lu\/de\/wp-json\/wp\/v2\/pages\/173"}],"wp:attachment":[{"href":"https:\/\/www.meco.lu\/de\/wp-json\/wp\/v2\/media?parent=447"}],"curies":[{"name":"wp","href":"https:\/\/api.w.org\/{rel}","templated":true}]}}