{"id":35532,"date":"2021-05-20T11:49:10","date_gmt":"2021-05-20T09:49:10","guid":{"rendered":"http:\/\/www.meco.lu\/?page_id=35532"},"modified":"2021-05-20T11:59:53","modified_gmt":"2021-05-20T09:59:53","slug":"probe-abo-vun-der-newsletter-vum-mouvement-ecologique","status":"publish","type":"page","link":"https:\/\/www.meco.lu\/de\/probe-abo-vun-der-newsletter-vum-mouvement-ecologique\/","title":{"rendered":"Probe-Abo vun der Newsletter vum Mouvement Ecologique"},"content":{"rendered":"<div class=\"pf-content\"><p><strong><img loading=\"lazy\" decoding=\"async\" class=\"alignleft size-full wp-image-35538\" src=\"http:\/\/www.meco.lu\/wp-content\/uploads\/2021\/05\/soli-nl-header.jpg\" alt=\"\" width=\"700\" height=\"365\" srcset=\"https:\/\/www.meco.lu\/wp-content\/uploads\/2021\/05\/soli-nl-header.jpg 700w, https:\/\/www.meco.lu\/wp-content\/uploads\/2021\/05\/soli-nl-header-300x156.jpg 300w, https:\/\/www.meco.lu\/wp-content\/uploads\/2021\/05\/soli-nl-header-213x111.jpg 213w\" sizes=\"auto, (max-width: 700px) 100vw, 700px\" \/><\/strong><\/p>\n<p>&nbsp;<\/p>\n<p>&nbsp;<\/p>\n<p><strong>Schreiwt Iech elo an a profit\u00e9iert vun engem 8-Woche laange Probe-Abo vun eiser Newsletter.<\/strong><\/p>\n<p>&nbsp;<\/p>\n<p>Eis Newsletter inform\u00e9iert Iech all Woch iwwer aktuell Themen, Veranstaltungen a villes m\u00e9i an ass u sech exklusiv fir Membere vum Mouvement Ecologique. Dir k\u00ebnnt awer elo vun eisem Probe-Abonnement profit\u00e9ieren an d\u2019Newsletter fir zwee M\u00e9int, och ouni Member ze sinn, gesch\u00e9ckt kr\u00e9ien.<\/p>\n<p><strong>Sch\u00e9ckt eis einfach eng E-Mail un <a href=\"mailto:newsletter@meco.lu\">newsletter@meco.lu<\/a> fir Iech ze abonn\u00e9ieren.<\/strong><\/p>\n<p>&nbsp;<\/p>\n<p>Wann eis Newsletter dozou b\u00e4idr\u00e9it, datt Dir eis Projeten an Engagementer \u00ebnnerst\u00ebtze w\u00ebllt an Dir an deenen zwee M\u00e9int oder no Oflaaf vum Abonnement Member gitt, kritt Dir se automatesch weider gesch\u00e9ckt, wann Dir dat w\u00ebllt.<\/p>\n<p><a href=\"https:\/\/www.meco.lu\/de\/uber-uns\/mitglied-werden\/\"><img loading=\"lazy\" decoding=\"async\" class=\"wp-image-35545 size-full aligncenter\" src=\"http:\/\/www.meco.lu\/wp-content\/uploads\/2021\/05\/member_ginn-button-naturelo.jpg\" alt=\"\" width=\"190\" height=\"240\" \/><\/a><\/p>\n<p>&nbsp;<\/p>\n<p>&nbsp;<\/p>\n<\/div>","protected":false},"excerpt":{"rendered":"<p>&nbsp; &nbsp; Schreiwt Iech elo an a profit\u00e9iert vun engem 8-Woche laange Probe-Abo vun eiser Newsletter. &nbsp; Eis Newsletter inform\u00e9iert Iech all Woch iwwer aktuell Themen, Veranstaltungen a villes m\u00e9i an ass u sech exklusiv fir Membere vum Mouvement Ecologique. Dir k\u00ebnnt awer elo vun eisem Probe-Abonnement profit\u00e9ieren an d\u2019Newsletter fir zwee M\u00e9int, och ouni [&hellip;]<\/p>\n","protected":false},"author":5,"featured_media":35538,"parent":0,"menu_order":0,"comment_status":"closed","ping_status":"closed","template":"","meta":{"_acf_changed":false,"footnotes":""},"class_list":["post-35532","page","type-page","status-publish","has-post-thumbnail","hentry"],"acf":[],"yoast_head":"<!-- This site is optimized with the Yoast SEO plugin v27.2 - https:\/\/yoast.com\/product\/yoast-seo-wordpress\/ -->\n<title>Probe-Abo Newsletter Mouvement Ecologique<\/title>\n<meta name=\"description\" content=\"Sch\u00e9ckt eis einfach e ng E-Mail un newsletter@meco.lu fir Iech ze abonn\u00e9ieren.\" \/>\n<meta name=\"robots\" content=\"index, follow, max-snippet:-1, max-image-preview:large, max-video-preview:-1\" \/>\n<link rel=\"canonical\" href=\"https:\/\/www.meco.lu\/de\/probe-abo-vun-der-newsletter-vum-mouvement-ecologique\/\" \/>\n<meta property=\"og:locale\" content=\"de_DE\" \/>\n<meta property=\"og:type\" content=\"article\" \/>\n<meta property=\"og:title\" content=\"Probe-Abo Newsletter Mouvement Ecologique\" \/>\n<meta property=\"og:description\" content=\"Sch\u00e9ckt eis einfach e ng E-Mail un newsletter@meco.lu fir Iech ze abonn\u00e9ieren.\" \/>\n<meta property=\"og:url\" content=\"https:\/\/www.meco.lu\/de\/probe-abo-vun-der-newsletter-vum-mouvement-ecologique\/\" \/>\n<meta property=\"og:site_name\" content=\"Mouvement \u00e9cologique\" \/>\n<meta property=\"article:modified_time\" content=\"2021-05-20T09:59:53+00:00\" \/>\n<meta property=\"og:image\" content=\"http:\/\/www.meco.lu\/wp-content\/uploads\/2021\/05\/soli-nl-header.jpg\" \/>\n\t<meta property=\"og:image:width\" content=\"700\" \/>\n\t<meta property=\"og:image:height\" content=\"365\" \/>\n\t<meta property=\"og:image:type\" content=\"image\/jpeg\" \/>\n<meta name=\"twitter:card\" content=\"summary_large_image\" \/>\n<meta name=\"twitter:label1\" content=\"Gesch\u00e4tzte Lesezeit\" \/>\n\t<meta name=\"twitter:data1\" content=\"1\u00a0Minute\" \/>\n<script type=\"application\/ld+json\" class=\"yoast-schema-graph\">{\"@context\":\"https:\/\/schema.org\",\"@graph\":[{\"@type\":\"WebPage\",\"@id\":\"https:\/\/www.meco.lu\/de\/probe-abo-vun-der-newsletter-vum-mouvement-ecologique\/\",\"url\":\"https:\/\/www.meco.lu\/de\/probe-abo-vun-der-newsletter-vum-mouvement-ecologique\/\",\"name\":\"Probe-Abo Newsletter Mouvement Ecologique\",\"isPartOf\":{\"@id\":\"https:\/\/www.meco.lu\/de\/#website\"},\"primaryImageOfPage\":{\"@id\":\"https:\/\/www.meco.lu\/de\/probe-abo-vun-der-newsletter-vum-mouvement-ecologique\/#primaryimage\"},\"image\":{\"@id\":\"https:\/\/www.meco.lu\/de\/probe-abo-vun-der-newsletter-vum-mouvement-ecologique\/#primaryimage\"},\"thumbnailUrl\":\"https:\/\/www.meco.lu\/wp-content\/uploads\/2021\/05\/soli-nl-header.jpg\",\"datePublished\":\"2021-05-20T09:49:10+00:00\",\"dateModified\":\"2021-05-20T09:59:53+00:00\",\"description\":\"Sch\u00e9ckt eis einfach e ng E-Mail un newsletter@meco.lu fir Iech ze abonn\u00e9ieren.\",\"breadcrumb\":{\"@id\":\"https:\/\/www.meco.lu\/de\/probe-abo-vun-der-newsletter-vum-mouvement-ecologique\/#breadcrumb\"},\"inLanguage\":\"de\",\"potentialAction\":[{\"@type\":\"ReadAction\",\"target\":[\"https:\/\/www.meco.lu\/de\/probe-abo-vun-der-newsletter-vum-mouvement-ecologique\/\"]}]},{\"@type\":\"ImageObject\",\"inLanguage\":\"de\",\"@id\":\"https:\/\/www.meco.lu\/de\/probe-abo-vun-der-newsletter-vum-mouvement-ecologique\/#primaryimage\",\"url\":\"https:\/\/www.meco.lu\/wp-content\/uploads\/2021\/05\/soli-nl-header.jpg\",\"contentUrl\":\"https:\/\/www.meco.lu\/wp-content\/uploads\/2021\/05\/soli-nl-header.jpg\",\"width\":700,\"height\":365},{\"@type\":\"BreadcrumbList\",\"@id\":\"https:\/\/www.meco.lu\/de\/probe-abo-vun-der-newsletter-vum-mouvement-ecologique\/#breadcrumb\",\"itemListElement\":[{\"@type\":\"ListItem\",\"position\":1,\"name\":\"Home\",\"item\":\"https:\/\/www.meco.lu\/de\/\"},{\"@type\":\"ListItem\",\"position\":2,\"name\":\"Probe-Abo vun der Newsletter vum Mouvement Ecologique\"}]},{\"@type\":\"WebSite\",\"@id\":\"https:\/\/www.meco.lu\/de\/#website\",\"url\":\"https:\/\/www.meco.lu\/de\/\",\"name\":\"Mouvement \u00e9cologique\",\"description\":\"\",\"potentialAction\":[{\"@type\":\"SearchAction\",\"target\":{\"@type\":\"EntryPoint\",\"urlTemplate\":\"https:\/\/www.meco.lu\/de\/?s={search_term_string}\"},\"query-input\":{\"@type\":\"PropertyValueSpecification\",\"valueRequired\":true,\"valueName\":\"search_term_string\"}}],\"inLanguage\":\"de\"}]}<\/script>\n<!-- \/ Yoast SEO plugin. -->","yoast_head_json":{"title":"Probe-Abo Newsletter Mouvement Ecologique","description":"Sch\u00e9ckt eis einfach e ng E-Mail un newsletter@meco.lu fir Iech ze abonn\u00e9ieren.","robots":{"index":"index","follow":"follow","max-snippet":"max-snippet:-1","max-image-preview":"max-image-preview:large","max-video-preview":"max-video-preview:-1"},"canonical":"https:\/\/www.meco.lu\/de\/probe-abo-vun-der-newsletter-vum-mouvement-ecologique\/","og_locale":"de_DE","og_type":"article","og_title":"Probe-Abo Newsletter Mouvement Ecologique","og_description":"Sch\u00e9ckt eis einfach e ng E-Mail un newsletter@meco.lu fir Iech ze abonn\u00e9ieren.","og_url":"https:\/\/www.meco.lu\/de\/probe-abo-vun-der-newsletter-vum-mouvement-ecologique\/","og_site_name":"Mouvement \u00e9cologique","article_modified_time":"2021-05-20T09:59:53+00:00","og_image":[{"width":700,"height":365,"url":"http:\/\/www.meco.lu\/wp-content\/uploads\/2021\/05\/soli-nl-header.jpg","type":"image\/jpeg"}],"twitter_card":"summary_large_image","twitter_misc":{"Gesch\u00e4tzte Lesezeit":"1\u00a0Minute"},"schema":{"@context":"https:\/\/schema.org","@graph":[{"@type":"WebPage","@id":"https:\/\/www.meco.lu\/de\/probe-abo-vun-der-newsletter-vum-mouvement-ecologique\/","url":"https:\/\/www.meco.lu\/de\/probe-abo-vun-der-newsletter-vum-mouvement-ecologique\/","name":"Probe-Abo Newsletter Mouvement Ecologique","isPartOf":{"@id":"https:\/\/www.meco.lu\/de\/#website"},"primaryImageOfPage":{"@id":"https:\/\/www.meco.lu\/de\/probe-abo-vun-der-newsletter-vum-mouvement-ecologique\/#primaryimage"},"image":{"@id":"https:\/\/www.meco.lu\/de\/probe-abo-vun-der-newsletter-vum-mouvement-ecologique\/#primaryimage"},"thumbnailUrl":"https:\/\/www.meco.lu\/wp-content\/uploads\/2021\/05\/soli-nl-header.jpg","datePublished":"2021-05-20T09:49:10+00:00","dateModified":"2021-05-20T09:59:53+00:00","description":"Sch\u00e9ckt eis einfach e ng E-Mail un newsletter@meco.lu fir Iech ze abonn\u00e9ieren.","breadcrumb":{"@id":"https:\/\/www.meco.lu\/de\/probe-abo-vun-der-newsletter-vum-mouvement-ecologique\/#breadcrumb"},"inLanguage":"de","potentialAction":[{"@type":"ReadAction","target":["https:\/\/www.meco.lu\/de\/probe-abo-vun-der-newsletter-vum-mouvement-ecologique\/"]}]},{"@type":"ImageObject","inLanguage":"de","@id":"https:\/\/www.meco.lu\/de\/probe-abo-vun-der-newsletter-vum-mouvement-ecologique\/#primaryimage","url":"https:\/\/www.meco.lu\/wp-content\/uploads\/2021\/05\/soli-nl-header.jpg","contentUrl":"https:\/\/www.meco.lu\/wp-content\/uploads\/2021\/05\/soli-nl-header.jpg","width":700,"height":365},{"@type":"BreadcrumbList","@id":"https:\/\/www.meco.lu\/de\/probe-abo-vun-der-newsletter-vum-mouvement-ecologique\/#breadcrumb","itemListElement":[{"@type":"ListItem","position":1,"name":"Home","item":"https:\/\/www.meco.lu\/de\/"},{"@type":"ListItem","position":2,"name":"Probe-Abo vun der Newsletter vum Mouvement Ecologique"}]},{"@type":"WebSite","@id":"https:\/\/www.meco.lu\/de\/#website","url":"https:\/\/www.meco.lu\/de\/","name":"Mouvement \u00e9cologique","description":"","potentialAction":[{"@type":"SearchAction","target":{"@type":"EntryPoint","urlTemplate":"https:\/\/www.meco.lu\/de\/?s={search_term_string}"},"query-input":{"@type":"PropertyValueSpecification","valueRequired":true,"valueName":"search_term_string"}}],"inLanguage":"de"}]}},"_links":{"self":[{"href":"https:\/\/www.meco.lu\/de\/wp-json\/wp\/v2\/pages\/35532","targetHints":{"allow":["GET"]}}],"collection":[{"href":"https:\/\/www.meco.lu\/de\/wp-json\/wp\/v2\/pages"}],"about":[{"href":"https:\/\/www.meco.lu\/de\/wp-json\/wp\/v2\/types\/page"}],"author":[{"embeddable":true,"href":"https:\/\/www.meco.lu\/de\/wp-json\/wp\/v2\/users\/5"}],"replies":[{"embeddable":true,"href":"https:\/\/www.meco.lu\/de\/wp-json\/wp\/v2\/comments?post=35532"}],"version-history":[{"count":5,"href":"https:\/\/www.meco.lu\/de\/wp-json\/wp\/v2\/pages\/35532\/revisions"}],"predecessor-version":[{"id":35549,"href":"https:\/\/www.meco.lu\/de\/wp-json\/wp\/v2\/pages\/35532\/revisions\/35549"}],"wp:featuredmedia":[{"embeddable":true,"href":"https:\/\/www.meco.lu\/de\/wp-json\/wp\/v2\/media\/35538"}],"wp:attachment":[{"href":"https:\/\/www.meco.lu\/de\/wp-json\/wp\/v2\/media?parent=35532"}],"curies":[{"name":"wp","href":"https:\/\/api.w.org\/{rel}","templated":true}]}}