{"id":34395,"date":"2021-03-09T18:00:42","date_gmt":"2021-03-09T16:00:42","guid":{"rendered":"http:\/\/www.meco.lu\/?page_id=34395"},"modified":"2024-05-21T13:46:34","modified_gmt":"2024-05-21T11:46:34","slug":"noect","status":"publish","type":"page","link":"https:\/\/www.meco.lu\/de\/noect\/","title":{"rendered":"Den Energiecharta-Vertrag ass e Klimakiller! H\u00eblleft eis en ze stoppen!"},"content":{"rendered":"<section class=\"wpb-content-wrapper\"><div class=\"pf-content\"><p>[vc_row][vc_column][vc_single_image image=&#8220;34435&#8243; img_size=&#8220;full&#8220;][vc_column_text]<\/p>\n<h1>Den Energiecharta-Vertrag ass e Klimakiller! H\u00eblleft eis en ze stoppen!<\/h1>\n<p>[\/vc_column_text][vc_separator color=&#8220;custom&#8220; border_width=&#8220;3&#8243; accent_color=&#8220;#8fb643&#8243;][vc_column_text]<strong>Vor zwei Jahrzehnten trat der Energiecharta-Vertrag (Energy Charter Treaty, ECT) in Kraft. Er enth\u00e4lt die ISDS* Paralleljustiz f\u00fcr Konzerne und ist ein m\u00e4chtiges Instrument, um die Energiewende von klimasch\u00e4dlichen fossilen Brennstoffen hin zu erneuerbaren Energien zu blockieren. Mit dem Vertrag k\u00f6nnen Energiekonzerne Staaten f\u00fcr klimafreundliche Gesetze abstrafen, die ihre Profite bedrohen.<\/strong>[\/vc_column_text][vc_separator color=&#8220;custom&#8220; border_width=&#8220;3&#8243; accent_color=&#8220;#8fb643&#8243;][vc_column_text]<strong>An die EU-Kommission, das Europ\u00e4ische Parlament und die Regierungen der Mitgliedstaaten:<\/strong><\/p>\n<p>Steigen Sie aus dem Energiecharta-Vertrag aus und stoppen Sie seine Ausweitung auf andere L\u00e4nder! Der Vertrag erm\u00f6glicht es Kohle-, \u00d6l- und Gaskonzernen, die Energiewende zu behindern. Nehmen Sie den fossilen Energiekonzernen jetzt die M\u00f6glichkeit, dringende Klimaschutzma\u00dfnahmen mit Hilfe des Vertrags zu blockieren.[\/vc_column_text][vc_raw_html css=&#8220;.vc_custom_1615281272532{border-top-width: 25px !important;padding-top: 25px !important;border-radius: 5px !important;}&#8220;]JTNDc2NyaXB0JTIwaWQlM0QlMjJwcm9jYSUyMiUyMHNyYyUzRCUyMmh0dHBzJTNBJTJGJTJGd2lkZ2V0LnByb2NhLmZvdW5kYXRpb24lMkZkJTJGbWVjbyUyRmVjdCUyRmRlJTIyJTNFJTNDJTJGc2NyaXB0JTNFJTBBJTNDZGl2JTIwY2xhc3MlM0QlMjJwcm9jYS13aWRnZXQlMjIlM0UlMEElM0MlMkZkaXYlM0U=[\/vc_raw_html][vc_separator color=&#8220;custom&#8220; border_width=&#8220;3&#8243; accent_color=&#8220;#8fb643&#8243;][vc_column_text]<strong>Welche L\u00e4nder sind gef\u00e4hrdet?<\/strong><br \/>\nViele. In folgenden L\u00e4ndern gilt der ECT in vollem Umfang gilt: Afghanistan, Albanien, Armenien, \u00d6sterreich, Aserbaidschan, Belgien, Bosnien und Herzegowina, Bulgarien, Kroatien, Zypern, Tschechische Republik, D\u00e4nemark, Estland, Finnland, Frankreich, Georgien, Deutschland, Griechenland, Ungarn, Island, Irland, Japan, Jordanien, Kasachstan, Kirgisistan, Lettland, Liechtenstein, Litauen, Luxemburg, Mazedonien, Malta, Moldawien, Mongolei, Montenegro, Niederlande, Polen, Portugal, Rum\u00e4nien, Slowakei, Slowenien, Spanien, Schweden, Schweiz, Tadschikistan, T\u00fcrkei, Turkmenistan, Ukraine, Vereinigtes K\u00f6nigreich, Usbekistan und Jemen. Als eigenst\u00e4ndiges ECT-Mitglied kann die EU auch als Ganzes verklagt werden.<\/p>\n<p>Eine k\u00fcrzlich durchgef\u00fchrte eingehende Untersuchung hat ergeben, dass Gro\u00dfbritannien, Deutschland, Frankreich, Italien, D\u00e4nemark und die Niederlande ein besonders hohes Risiko f\u00fcr zuk\u00fcnftige ECT-Klagen wegen Klimaschutzma\u00dfnahmen haben &#8211; weil sich die meisten unter dem ECT gesch\u00fctzten fossilen Brennstoffe in diesen L\u00e4ndern befinden.<\/p>\n<p>&nbsp;<\/p>\n<p><iframe loading=\"lazy\" title=\"The Energy Charter Treaty: How shadow courts could prolong Europe&#039;s fossil age\" width=\"500\" height=\"281\" src=\"https:\/\/www.youtube.com\/embed\/3ViVjWigK2I?feature=oembed\" frameborder=\"0\" allow=\"accelerometer; autoplay; clipboard-write; encrypted-media; gyroscope; picture-in-picture; web-share\" referrerpolicy=\"strict-origin-when-cross-origin\" allowfullscreen><\/iframe><\/p>\n<h5>\u00a0 \u00a0 \u00a0 \u00a0 \u00a02-min\u00fctiges Erkl\u00e4rvideo von unabh\u00e4ngigen Journalisten von Investigate Europe<\/h5>\n<p>&nbsp;<\/p>\n<p><strong>Wie k\u00f6nnen L\u00e4nder aus dem ECT aussteigen?<\/strong><br \/>\nDer Ausstieg aus dem ECT ist nicht schwierig. Sobald ein Land f\u00fcnf Jahre lang Mitglied war, kann es den ECT jederzeit durch eine einfache schriftliche Mitteilung verlassen. Dies gilt f\u00fcr fast alle der \u00fcber 50 Mitglieder des Vertrages, einschlie\u00dflich der EU und ihrer Mitgliedsstaaten. Sie k\u00f6nnten sofort aus dem ECT austreten. Italien hat das bereits 2016 getan. Ein gemeinsamer Austritt aller verbleibenden EU-Mitgliedsstaaten h\u00e4tte jedoch eine noch deutlichere Wirkung.<\/p>\n<p><a href=\"http:\/\/www.meco.lu\/wp-content\/uploads\/2021\/03\/ectv2_de.jpg\"><img loading=\"lazy\" decoding=\"async\" class=\"alignleft wp-image-34469\" src=\"http:\/\/www.meco.lu\/wp-content\/uploads\/2021\/03\/ectv2_de.jpg\" alt=\"\" width=\"516\" height=\"271\" srcset=\"https:\/\/www.meco.lu\/wp-content\/uploads\/2021\/03\/ectv2_de.jpg 1200w, https:\/\/www.meco.lu\/wp-content\/uploads\/2021\/03\/ectv2_de-300x158.jpg 300w, https:\/\/www.meco.lu\/wp-content\/uploads\/2021\/03\/ectv2_de-1024x538.jpg 1024w, https:\/\/www.meco.lu\/wp-content\/uploads\/2021\/03\/ectv2_de-768x403.jpg 768w, https:\/\/www.meco.lu\/wp-content\/uploads\/2021\/03\/ectv2_de-213x112.jpg 213w\" sizes=\"auto, (max-width: 516px) 100vw, 516px\" \/><\/a><\/p>\n<p>&nbsp;<\/p>\n<p>&nbsp;<\/p>\n<p>&nbsp;<\/p>\n<p>&nbsp;<\/p>\n<p>&nbsp;<\/p>\n<p>&nbsp;<\/p>\n<p>&nbsp;<\/p>\n<p>&nbsp;<\/p>\n<p>&nbsp;<\/p>\n<p>&nbsp;<\/p>\n<p>[\/vc_column_text][vc_column_text]*Einer der zentralen Kritikpunkte gegen TTIP &amp; CETA sind die <strong>Sonderklagerechte f\u00fcr Konzerne<\/strong>\u00a0\u2013 auch\u00a0<strong>ISDS<\/strong> genannt (Investor-Staats-Schiedssystem). Diese Paralleljustiz erm\u00f6glicht es Investoren und Konzernen Staaten f\u00fcr Gesetze zu verklagen, wenn sie glauben, dass sich ihre Profite durch Gesetzes\u00e4nderungen einschr\u00e4nken werden. Konzerne k\u00f6nnen so versuchen, Menschen- und Arbeitsrechte sowie Umwelt- und Sozialstandards auszuhebeln.[\/vc_column_text][\/vc_column][\/vc_row][vc_row][vc_column][\/vc_column][\/vc_row][vc_row][vc_column][\/vc_column][\/vc_row][vc_row][vc_column][\/vc_column][\/vc_row]<\/p>\n<\/div><\/section>","protected":false},"excerpt":{"rendered":"<p>[vc_row][vc_column][vc_single_image image=&#8220;34435&#8243; img_size=&#8220;full&#8220;][vc_column_text] Den Energiecharta-Vertrag ass e Klimakiller! H\u00eblleft eis en ze stoppen! [\/vc_column_text][vc_separator color=&#8220;custom&#8220; border_width=&#8220;3&#8243; accent_color=&#8220;#8fb643&#8243;][vc_column_text]Vor zwei Jahrzehnten trat der Energiecharta-Vertrag (Energy Charter Treaty, ECT) in Kraft. Er enth\u00e4lt die ISDS* Paralleljustiz f\u00fcr Konzerne und ist ein m\u00e4chtiges Instrument, um die Energiewende von klimasch\u00e4dlichen fossilen Brennstoffen hin zu erneuerbaren Energien zu blockieren. Mit dem [&hellip;]<\/p>\n","protected":false},"author":5,"featured_media":34415,"parent":0,"menu_order":28,"comment_status":"closed","ping_status":"closed","template":"","meta":{"_acf_changed":false,"footnotes":""},"class_list":["post-34395","page","type-page","status-publish","has-post-thumbnail","hentry"],"acf":[],"yoast_head":"<!-- This site is optimized with the Yoast SEO plugin v27.2 - https:\/\/yoast.com\/product\/yoast-seo-wordpress\/ -->\n<title>Den Energiecharta-Vertrag ass e Klimakiller! H\u00eblleft eis en ze stoppen! - Mouvement \u00e9cologique<\/title>\n<meta name=\"robots\" content=\"index, follow, max-snippet:-1, max-image-preview:large, max-video-preview:-1\" \/>\n<link rel=\"canonical\" href=\"https:\/\/www.meco.lu\/de\/noect\/\" \/>\n<meta property=\"og:locale\" content=\"de_DE\" \/>\n<meta property=\"og:type\" content=\"article\" \/>\n<meta property=\"og:title\" content=\"Den Energiecharta-Vertrag ass e Klimakiller! H\u00eblleft eis en ze stoppen! - Mouvement \u00e9cologique\" \/>\n<meta property=\"og:description\" content=\"[vc_row][vc_column][vc_single_image image=&#8220;34435&#8243; img_size=&#8220;full&#8220;][vc_column_text] Den Energiecharta-Vertrag ass e Klimakiller! H\u00eblleft eis en ze stoppen! [\/vc_column_text][vc_separator color=&#8220;custom&#8220; border_width=&#8220;3&#8243; accent_color=&#8220;#8fb643&#8243;][vc_column_text]Vor zwei Jahrzehnten trat der Energiecharta-Vertrag (Energy Charter Treaty, ECT) in Kraft. Er enth\u00e4lt die ISDS* Paralleljustiz f\u00fcr Konzerne und ist ein m\u00e4chtiges Instrument, um die Energiewende von klimasch\u00e4dlichen fossilen Brennstoffen hin zu erneuerbaren Energien zu blockieren. Mit dem [&hellip;]\" \/>\n<meta property=\"og:url\" content=\"https:\/\/www.meco.lu\/de\/noect\/\" \/>\n<meta property=\"og:site_name\" content=\"Mouvement \u00e9cologique\" \/>\n<meta property=\"article:modified_time\" content=\"2024-05-21T11:46:34+00:00\" \/>\n<meta property=\"og:image\" content=\"http:\/\/www.meco.lu\/wp-content\/uploads\/2021\/03\/Energiechartavertrag-aktion-versionen13-1-1920x1344-1.jpg\" \/>\n\t<meta property=\"og:image:width\" content=\"1920\" \/>\n\t<meta property=\"og:image:height\" content=\"1344\" \/>\n\t<meta property=\"og:image:type\" content=\"image\/jpeg\" \/>\n<meta name=\"twitter:card\" content=\"summary_large_image\" \/>\n<meta name=\"twitter:label1\" content=\"Gesch\u00e4tzte Lesezeit\" \/>\n\t<meta name=\"twitter:data1\" content=\"2\u00a0Minuten\" \/>\n<script type=\"application\/ld+json\" class=\"yoast-schema-graph\">{\"@context\":\"https:\/\/schema.org\",\"@graph\":[{\"@type\":\"WebPage\",\"@id\":\"https:\/\/www.meco.lu\/de\/noect\/\",\"url\":\"https:\/\/www.meco.lu\/de\/noect\/\",\"name\":\"Den Energiecharta-Vertrag ass e Klimakiller! H\u00eblleft eis en ze stoppen! - Mouvement \u00e9cologique\",\"isPartOf\":{\"@id\":\"https:\/\/www.meco.lu\/de\/#website\"},\"primaryImageOfPage\":{\"@id\":\"https:\/\/www.meco.lu\/de\/noect\/#primaryimage\"},\"image\":{\"@id\":\"https:\/\/www.meco.lu\/de\/noect\/#primaryimage\"},\"thumbnailUrl\":\"https:\/\/www.meco.lu\/wp-content\/uploads\/2021\/03\/Energiechartavertrag-aktion-versionen13-1-1920x1344-1.jpg\",\"datePublished\":\"2021-03-09T16:00:42+00:00\",\"dateModified\":\"2024-05-21T11:46:34+00:00\",\"breadcrumb\":{\"@id\":\"https:\/\/www.meco.lu\/de\/noect\/#breadcrumb\"},\"inLanguage\":\"de\",\"potentialAction\":[{\"@type\":\"ReadAction\",\"target\":[\"https:\/\/www.meco.lu\/de\/noect\/\"]}]},{\"@type\":\"ImageObject\",\"inLanguage\":\"de\",\"@id\":\"https:\/\/www.meco.lu\/de\/noect\/#primaryimage\",\"url\":\"https:\/\/www.meco.lu\/wp-content\/uploads\/2021\/03\/Energiechartavertrag-aktion-versionen13-1-1920x1344-1.jpg\",\"contentUrl\":\"https:\/\/www.meco.lu\/wp-content\/uploads\/2021\/03\/Energiechartavertrag-aktion-versionen13-1-1920x1344-1.jpg\",\"width\":1920,\"height\":1344},{\"@type\":\"BreadcrumbList\",\"@id\":\"https:\/\/www.meco.lu\/de\/noect\/#breadcrumb\",\"itemListElement\":[{\"@type\":\"ListItem\",\"position\":1,\"name\":\"Home\",\"item\":\"https:\/\/www.meco.lu\/de\/\"},{\"@type\":\"ListItem\",\"position\":2,\"name\":\"Den Energiecharta-Vertrag ass e Klimakiller! H\u00eblleft eis en ze stoppen!\"}]},{\"@type\":\"WebSite\",\"@id\":\"https:\/\/www.meco.lu\/de\/#website\",\"url\":\"https:\/\/www.meco.lu\/de\/\",\"name\":\"Mouvement \u00e9cologique\",\"description\":\"\",\"potentialAction\":[{\"@type\":\"SearchAction\",\"target\":{\"@type\":\"EntryPoint\",\"urlTemplate\":\"https:\/\/www.meco.lu\/de\/?s={search_term_string}\"},\"query-input\":{\"@type\":\"PropertyValueSpecification\",\"valueRequired\":true,\"valueName\":\"search_term_string\"}}],\"inLanguage\":\"de\"}]}<\/script>\n<!-- \/ Yoast SEO plugin. -->","yoast_head_json":{"title":"Den Energiecharta-Vertrag ass e Klimakiller! H\u00eblleft eis en ze stoppen! - Mouvement \u00e9cologique","robots":{"index":"index","follow":"follow","max-snippet":"max-snippet:-1","max-image-preview":"max-image-preview:large","max-video-preview":"max-video-preview:-1"},"canonical":"https:\/\/www.meco.lu\/de\/noect\/","og_locale":"de_DE","og_type":"article","og_title":"Den Energiecharta-Vertrag ass e Klimakiller! H\u00eblleft eis en ze stoppen! - Mouvement \u00e9cologique","og_description":"[vc_row][vc_column][vc_single_image image=&#8220;34435&#8243; img_size=&#8220;full&#8220;][vc_column_text] Den Energiecharta-Vertrag ass e Klimakiller! H\u00eblleft eis en ze stoppen! [\/vc_column_text][vc_separator color=&#8220;custom&#8220; border_width=&#8220;3&#8243; accent_color=&#8220;#8fb643&#8243;][vc_column_text]Vor zwei Jahrzehnten trat der Energiecharta-Vertrag (Energy Charter Treaty, ECT) in Kraft. Er enth\u00e4lt die ISDS* Paralleljustiz f\u00fcr Konzerne und ist ein m\u00e4chtiges Instrument, um die Energiewende von klimasch\u00e4dlichen fossilen Brennstoffen hin zu erneuerbaren Energien zu blockieren. Mit dem [&hellip;]","og_url":"https:\/\/www.meco.lu\/de\/noect\/","og_site_name":"Mouvement \u00e9cologique","article_modified_time":"2024-05-21T11:46:34+00:00","og_image":[{"width":1920,"height":1344,"url":"http:\/\/www.meco.lu\/wp-content\/uploads\/2021\/03\/Energiechartavertrag-aktion-versionen13-1-1920x1344-1.jpg","type":"image\/jpeg"}],"twitter_card":"summary_large_image","twitter_misc":{"Gesch\u00e4tzte Lesezeit":"2\u00a0Minuten"},"schema":{"@context":"https:\/\/schema.org","@graph":[{"@type":"WebPage","@id":"https:\/\/www.meco.lu\/de\/noect\/","url":"https:\/\/www.meco.lu\/de\/noect\/","name":"Den Energiecharta-Vertrag ass e Klimakiller! H\u00eblleft eis en ze stoppen! - Mouvement \u00e9cologique","isPartOf":{"@id":"https:\/\/www.meco.lu\/de\/#website"},"primaryImageOfPage":{"@id":"https:\/\/www.meco.lu\/de\/noect\/#primaryimage"},"image":{"@id":"https:\/\/www.meco.lu\/de\/noect\/#primaryimage"},"thumbnailUrl":"https:\/\/www.meco.lu\/wp-content\/uploads\/2021\/03\/Energiechartavertrag-aktion-versionen13-1-1920x1344-1.jpg","datePublished":"2021-03-09T16:00:42+00:00","dateModified":"2024-05-21T11:46:34+00:00","breadcrumb":{"@id":"https:\/\/www.meco.lu\/de\/noect\/#breadcrumb"},"inLanguage":"de","potentialAction":[{"@type":"ReadAction","target":["https:\/\/www.meco.lu\/de\/noect\/"]}]},{"@type":"ImageObject","inLanguage":"de","@id":"https:\/\/www.meco.lu\/de\/noect\/#primaryimage","url":"https:\/\/www.meco.lu\/wp-content\/uploads\/2021\/03\/Energiechartavertrag-aktion-versionen13-1-1920x1344-1.jpg","contentUrl":"https:\/\/www.meco.lu\/wp-content\/uploads\/2021\/03\/Energiechartavertrag-aktion-versionen13-1-1920x1344-1.jpg","width":1920,"height":1344},{"@type":"BreadcrumbList","@id":"https:\/\/www.meco.lu\/de\/noect\/#breadcrumb","itemListElement":[{"@type":"ListItem","position":1,"name":"Home","item":"https:\/\/www.meco.lu\/de\/"},{"@type":"ListItem","position":2,"name":"Den Energiecharta-Vertrag ass e Klimakiller! H\u00eblleft eis en ze stoppen!"}]},{"@type":"WebSite","@id":"https:\/\/www.meco.lu\/de\/#website","url":"https:\/\/www.meco.lu\/de\/","name":"Mouvement \u00e9cologique","description":"","potentialAction":[{"@type":"SearchAction","target":{"@type":"EntryPoint","urlTemplate":"https:\/\/www.meco.lu\/de\/?s={search_term_string}"},"query-input":{"@type":"PropertyValueSpecification","valueRequired":true,"valueName":"search_term_string"}}],"inLanguage":"de"}]}},"_links":{"self":[{"href":"https:\/\/www.meco.lu\/de\/wp-json\/wp\/v2\/pages\/34395","targetHints":{"allow":["GET"]}}],"collection":[{"href":"https:\/\/www.meco.lu\/de\/wp-json\/wp\/v2\/pages"}],"about":[{"href":"https:\/\/www.meco.lu\/de\/wp-json\/wp\/v2\/types\/page"}],"author":[{"embeddable":true,"href":"https:\/\/www.meco.lu\/de\/wp-json\/wp\/v2\/users\/5"}],"replies":[{"embeddable":true,"href":"https:\/\/www.meco.lu\/de\/wp-json\/wp\/v2\/comments?post=34395"}],"version-history":[{"count":5,"href":"https:\/\/www.meco.lu\/de\/wp-json\/wp\/v2\/pages\/34395\/revisions"}],"predecessor-version":[{"id":34507,"href":"https:\/\/www.meco.lu\/de\/wp-json\/wp\/v2\/pages\/34395\/revisions\/34507"}],"wp:featuredmedia":[{"embeddable":true,"href":"https:\/\/www.meco.lu\/de\/wp-json\/wp\/v2\/media\/34415"}],"wp:attachment":[{"href":"https:\/\/www.meco.lu\/de\/wp-json\/wp\/v2\/media?parent=34395"}],"curies":[{"name":"wp","href":"https:\/\/api.w.org\/{rel}","templated":true}]}}