{"id":30465,"date":"2020-06-09T11:05:34","date_gmt":"2020-06-09T09:05:34","guid":{"rendered":"http:\/\/www.meco.lu\/?page_id=30465"},"modified":"2024-05-21T13:46:34","modified_gmt":"2024-05-21T11:46:34","slug":"alles-op-de-velo-spezial-2020-photowall","status":"publish","type":"page","link":"https:\/\/www.meco.lu\/de\/alles-op-de-velo-spezial-2020-photowall\/","title":{"rendered":"Alles op de V\u00eblo &#8211; Spezial 2020 &#8211; Photowall"},"content":{"rendered":"<section class=\"wpb-content-wrapper\"><div class=\"pf-content\"><p>[vc_row][vc_column][vc_column_text]<\/p>\n<h1>Alles op de V\u00eblo Spezial 2020 Fotoaktioun &#8211; Zesumme maache mir Drock op d&#8217;Politik fir besser V\u00eblos-Infrastrukturen!<\/h1>\n<p>Aus allen eingeschickten Fotos haben wir eine gro\u00dfe Fotomontage mit dem Slogan \u00abV-ELO!\u00bb erstellt. Das Bild, mit der Forderung f\u00fcr bessere Fahrrad-Infrastrukturen, werden wir verbreiten und publik machen unter dem Motto: <span style=\"color: #008000\"><strong>Viele Menschen stehen f\u00fcr mehr Fahrrad ein und richten einen eindringlichen Appell an die Gemeinden und den Staat f\u00fcr den Ausbau der Fahrradwege zu sorgen und die Sicherheit f\u00fcr Fahradfahrer im Alltag zu erh\u00f6hen!<\/strong><\/span><\/p>\n<p><em><strong><u>Tous \u00e0 v\u00e9lo &#8211; pour de meilleures infrastructures pour le v\u00e9lo !<\/u><\/strong><\/em><\/p>\n<p><em>Une grande image globale a \u00e9t\u00e9 cr\u00e9\u00e9 avec toutes les photos qui nous sont parvenues en revendiquant des meilleures infrastructures pour le v\u00e9lo. Nous allons bien s\u00fbr publier et diffuser largement cette image, reprenant le slogan \u00abV-ELO!\u00bb et en constituant une d\u00e9claration formidable en faveur de la mobilit\u00e9 \u00e0 deux roues : <strong><span style=\"color: #008000\">Un appel pressant lanc\u00e9 aux communes et \u00e0 l\u2019\u00c9tat pour qu\u2019ils encouragent et facilitent l\u2019emploi du v\u00e9lo, l`am\u00e9nagement de pistes cyclables ainsi que la s\u00e9curit\u00e9 des cyclistes dans la vie quotidienne !<\/span><\/strong><\/em><\/p>\n<p><a href=\"http:\/\/www.meco.lu\/wp-content\/uploads\/2020\/06\/Mosaik1-logo-klein-scaled.jpg\"><img loading=\"lazy\" decoding=\"async\" class=\"wp-image-31096 aligncenter\" src=\"http:\/\/www.meco.lu\/wp-content\/uploads\/2020\/06\/Mosaik1-logo-klein-scaled.jpg\" alt=\"\" width=\"730\" height=\"516\" srcset=\"https:\/\/www.meco.lu\/wp-content\/uploads\/2020\/06\/Mosaik1-logo-klein-scaled.jpg 2560w, https:\/\/www.meco.lu\/wp-content\/uploads\/2020\/06\/Mosaik1-logo-klein-300x212.jpg 300w, https:\/\/www.meco.lu\/wp-content\/uploads\/2020\/06\/Mosaik1-logo-klein-1024x724.jpg 1024w, https:\/\/www.meco.lu\/wp-content\/uploads\/2020\/06\/Mosaik1-logo-klein-768x543.jpg 768w, https:\/\/www.meco.lu\/wp-content\/uploads\/2020\/06\/Mosaik1-logo-klein-1536x1086.jpg 1536w, https:\/\/www.meco.lu\/wp-content\/uploads\/2020\/06\/Mosaik1-logo-klein-2048x1448.jpg 2048w, https:\/\/www.meco.lu\/wp-content\/uploads\/2020\/06\/Mosaik1-logo-klein-213x151.jpg 213w\" sizes=\"auto, (max-width: 730px) 100vw, 730px\" \/><\/a>[\/vc_column_text][vc_masonry_media_grid style=&#8220;lazy&#8220; element_width=&#8220;3&#8243; item=&#8220;masonryMedia_ScaleWithRotationLight&#8220; grid_id=&#8220;vc_gid:1598257069676-e03c8ce7-cfcd-5&#8243; include=&#8220;30845,30852,30850,30847,30856,30858,30860,30863,30865,30868,30871,30873,30875,30877,30880,30883,30885,30887,30889,30891,30893,30895,30897,30899,30901,30903,30905,30907,30909,30912,30914,30916,30918,30921,30923,30925,30927,30929,30931,30934,30936,30938,30941,30943,30945,30947,30949,30951,30953,30955,30958,30960,30962,30964,30966,30969,30971,30973,30975,30977,30979,30982,30984,30987,30989,30991,30993,30995,30999,31001,31003,31005,31007,31009,31011,31013,31015,31017,31019,31021,31023,31025,31030,31032,31035,31037,31039,31041,31043,31045,31047,31049,31051,31053,31055,31057,31059,31061,31063,31065,31067,31069,31071,31073,31076,31078,31080,31083,31098,31152,31155,31157,31161,31163,31165,31269&#8243;][\/vc_column][\/vc_row]<\/p>\n<\/div><\/section>","protected":false},"excerpt":{"rendered":"<p>[vc_row][vc_column][vc_column_text] Alles op de V\u00eblo Spezial 2020 Fotoaktioun &#8211; Zesumme maache mir Drock op d&#8217;Politik fir besser V\u00eblos-Infrastrukturen! Aus allen eingeschickten Fotos haben wir eine gro\u00dfe Fotomontage mit dem Slogan \u00abV-ELO!\u00bb erstellt. Das Bild, mit der Forderung f\u00fcr bessere Fahrrad-Infrastrukturen, werden wir verbreiten und publik machen unter dem Motto: Viele Menschen stehen f\u00fcr mehr Fahrrad [&hellip;]<\/p>\n","protected":false},"author":1,"featured_media":0,"parent":0,"menu_order":18,"comment_status":"closed","ping_status":"closed","template":"template-fullwidth.php","meta":{"_acf_changed":false,"footnotes":""},"class_list":["post-30465","page","type-page","status-publish","hentry"],"acf":[],"yoast_head":"<!-- This site is optimized with the Yoast SEO plugin v27.2 - https:\/\/yoast.com\/product\/yoast-seo-wordpress\/ -->\n<title>Alles op de V\u00eblo - Spezial 2020 - Photowall - Mouvement \u00e9cologique<\/title>\n<meta name=\"robots\" content=\"index, follow, max-snippet:-1, max-image-preview:large, max-video-preview:-1\" \/>\n<link rel=\"canonical\" href=\"https:\/\/www.meco.lu\/de\/alles-op-de-velo-spezial-2020-photowall\/\" \/>\n<meta property=\"og:locale\" content=\"de_DE\" \/>\n<meta property=\"og:type\" content=\"article\" \/>\n<meta property=\"og:title\" content=\"Alles op de V\u00eblo - Spezial 2020 - Photowall - Mouvement \u00e9cologique\" \/>\n<meta property=\"og:description\" content=\"[vc_row][vc_column][vc_column_text] Alles op de V\u00eblo Spezial 2020 Fotoaktioun &#8211; Zesumme maache mir Drock op d&#8217;Politik fir besser V\u00eblos-Infrastrukturen! Aus allen eingeschickten Fotos haben wir eine gro\u00dfe Fotomontage mit dem Slogan \u00abV-ELO!\u00bb erstellt. Das Bild, mit der Forderung f\u00fcr bessere Fahrrad-Infrastrukturen, werden wir verbreiten und publik machen unter dem Motto: Viele Menschen stehen f\u00fcr mehr Fahrrad [&hellip;]\" \/>\n<meta property=\"og:url\" content=\"https:\/\/www.meco.lu\/de\/alles-op-de-velo-spezial-2020-photowall\/\" \/>\n<meta property=\"og:site_name\" content=\"Mouvement \u00e9cologique\" \/>\n<meta property=\"article:modified_time\" content=\"2024-05-21T11:46:34+00:00\" \/>\n<meta property=\"og:image\" content=\"http:\/\/www.meco.lu\/wp-content\/uploads\/2020\/06\/Mosaik1-logo-klein-scaled.jpg\" \/>\n<meta name=\"twitter:card\" content=\"summary_large_image\" \/>\n<meta name=\"twitter:label1\" content=\"Gesch\u00e4tzte Lesezeit\" \/>\n\t<meta name=\"twitter:data1\" content=\"1\u00a0Minute\" \/>\n<script type=\"application\/ld+json\" class=\"yoast-schema-graph\">{\"@context\":\"https:\/\/schema.org\",\"@graph\":[{\"@type\":\"WebPage\",\"@id\":\"https:\/\/www.meco.lu\/de\/alles-op-de-velo-spezial-2020-photowall\/\",\"url\":\"https:\/\/www.meco.lu\/de\/alles-op-de-velo-spezial-2020-photowall\/\",\"name\":\"Alles op de V\u00eblo - Spezial 2020 - Photowall - Mouvement \u00e9cologique\",\"isPartOf\":{\"@id\":\"https:\/\/www.meco.lu\/de\/#website\"},\"primaryImageOfPage\":{\"@id\":\"https:\/\/www.meco.lu\/de\/alles-op-de-velo-spezial-2020-photowall\/#primaryimage\"},\"image\":{\"@id\":\"https:\/\/www.meco.lu\/de\/alles-op-de-velo-spezial-2020-photowall\/#primaryimage\"},\"thumbnailUrl\":\"http:\/\/www.meco.lu\/wp-content\/uploads\/2020\/06\/Mosaik1-logo-klein-scaled.jpg\",\"datePublished\":\"2020-06-09T09:05:34+00:00\",\"dateModified\":\"2024-05-21T11:46:34+00:00\",\"breadcrumb\":{\"@id\":\"https:\/\/www.meco.lu\/de\/alles-op-de-velo-spezial-2020-photowall\/#breadcrumb\"},\"inLanguage\":\"de\",\"potentialAction\":[{\"@type\":\"ReadAction\",\"target\":[\"https:\/\/www.meco.lu\/de\/alles-op-de-velo-spezial-2020-photowall\/\"]}]},{\"@type\":\"ImageObject\",\"inLanguage\":\"de\",\"@id\":\"https:\/\/www.meco.lu\/de\/alles-op-de-velo-spezial-2020-photowall\/#primaryimage\",\"url\":\"http:\/\/www.meco.lu\/wp-content\/uploads\/2020\/06\/Mosaik1-logo-klein-scaled.jpg\",\"contentUrl\":\"http:\/\/www.meco.lu\/wp-content\/uploads\/2020\/06\/Mosaik1-logo-klein-scaled.jpg\"},{\"@type\":\"BreadcrumbList\",\"@id\":\"https:\/\/www.meco.lu\/de\/alles-op-de-velo-spezial-2020-photowall\/#breadcrumb\",\"itemListElement\":[{\"@type\":\"ListItem\",\"position\":1,\"name\":\"Home\",\"item\":\"https:\/\/www.meco.lu\/de\/\"},{\"@type\":\"ListItem\",\"position\":2,\"name\":\"Alles op de V\u00eblo &#8211; Spezial 2020 &#8211; Photowall\"}]},{\"@type\":\"WebSite\",\"@id\":\"https:\/\/www.meco.lu\/de\/#website\",\"url\":\"https:\/\/www.meco.lu\/de\/\",\"name\":\"Mouvement \u00e9cologique\",\"description\":\"\",\"potentialAction\":[{\"@type\":\"SearchAction\",\"target\":{\"@type\":\"EntryPoint\",\"urlTemplate\":\"https:\/\/www.meco.lu\/de\/?s={search_term_string}\"},\"query-input\":{\"@type\":\"PropertyValueSpecification\",\"valueRequired\":true,\"valueName\":\"search_term_string\"}}],\"inLanguage\":\"de\"}]}<\/script>\n<!-- \/ Yoast SEO plugin. -->","yoast_head_json":{"title":"Alles op de V\u00eblo - Spezial 2020 - Photowall - Mouvement \u00e9cologique","robots":{"index":"index","follow":"follow","max-snippet":"max-snippet:-1","max-image-preview":"max-image-preview:large","max-video-preview":"max-video-preview:-1"},"canonical":"https:\/\/www.meco.lu\/de\/alles-op-de-velo-spezial-2020-photowall\/","og_locale":"de_DE","og_type":"article","og_title":"Alles op de V\u00eblo - Spezial 2020 - Photowall - Mouvement \u00e9cologique","og_description":"[vc_row][vc_column][vc_column_text] Alles op de V\u00eblo Spezial 2020 Fotoaktioun &#8211; Zesumme maache mir Drock op d&#8217;Politik fir besser V\u00eblos-Infrastrukturen! Aus allen eingeschickten Fotos haben wir eine gro\u00dfe Fotomontage mit dem Slogan \u00abV-ELO!\u00bb erstellt. Das Bild, mit der Forderung f\u00fcr bessere Fahrrad-Infrastrukturen, werden wir verbreiten und publik machen unter dem Motto: Viele Menschen stehen f\u00fcr mehr Fahrrad [&hellip;]","og_url":"https:\/\/www.meco.lu\/de\/alles-op-de-velo-spezial-2020-photowall\/","og_site_name":"Mouvement \u00e9cologique","article_modified_time":"2024-05-21T11:46:34+00:00","og_image":[{"url":"http:\/\/www.meco.lu\/wp-content\/uploads\/2020\/06\/Mosaik1-logo-klein-scaled.jpg","type":"","width":"","height":""}],"twitter_card":"summary_large_image","twitter_misc":{"Gesch\u00e4tzte Lesezeit":"1\u00a0Minute"},"schema":{"@context":"https:\/\/schema.org","@graph":[{"@type":"WebPage","@id":"https:\/\/www.meco.lu\/de\/alles-op-de-velo-spezial-2020-photowall\/","url":"https:\/\/www.meco.lu\/de\/alles-op-de-velo-spezial-2020-photowall\/","name":"Alles op de V\u00eblo - Spezial 2020 - Photowall - Mouvement \u00e9cologique","isPartOf":{"@id":"https:\/\/www.meco.lu\/de\/#website"},"primaryImageOfPage":{"@id":"https:\/\/www.meco.lu\/de\/alles-op-de-velo-spezial-2020-photowall\/#primaryimage"},"image":{"@id":"https:\/\/www.meco.lu\/de\/alles-op-de-velo-spezial-2020-photowall\/#primaryimage"},"thumbnailUrl":"http:\/\/www.meco.lu\/wp-content\/uploads\/2020\/06\/Mosaik1-logo-klein-scaled.jpg","datePublished":"2020-06-09T09:05:34+00:00","dateModified":"2024-05-21T11:46:34+00:00","breadcrumb":{"@id":"https:\/\/www.meco.lu\/de\/alles-op-de-velo-spezial-2020-photowall\/#breadcrumb"},"inLanguage":"de","potentialAction":[{"@type":"ReadAction","target":["https:\/\/www.meco.lu\/de\/alles-op-de-velo-spezial-2020-photowall\/"]}]},{"@type":"ImageObject","inLanguage":"de","@id":"https:\/\/www.meco.lu\/de\/alles-op-de-velo-spezial-2020-photowall\/#primaryimage","url":"http:\/\/www.meco.lu\/wp-content\/uploads\/2020\/06\/Mosaik1-logo-klein-scaled.jpg","contentUrl":"http:\/\/www.meco.lu\/wp-content\/uploads\/2020\/06\/Mosaik1-logo-klein-scaled.jpg"},{"@type":"BreadcrumbList","@id":"https:\/\/www.meco.lu\/de\/alles-op-de-velo-spezial-2020-photowall\/#breadcrumb","itemListElement":[{"@type":"ListItem","position":1,"name":"Home","item":"https:\/\/www.meco.lu\/de\/"},{"@type":"ListItem","position":2,"name":"Alles op de V\u00eblo &#8211; Spezial 2020 &#8211; Photowall"}]},{"@type":"WebSite","@id":"https:\/\/www.meco.lu\/de\/#website","url":"https:\/\/www.meco.lu\/de\/","name":"Mouvement \u00e9cologique","description":"","potentialAction":[{"@type":"SearchAction","target":{"@type":"EntryPoint","urlTemplate":"https:\/\/www.meco.lu\/de\/?s={search_term_string}"},"query-input":{"@type":"PropertyValueSpecification","valueRequired":true,"valueName":"search_term_string"}}],"inLanguage":"de"}]}},"_links":{"self":[{"href":"https:\/\/www.meco.lu\/de\/wp-json\/wp\/v2\/pages\/30465","targetHints":{"allow":["GET"]}}],"collection":[{"href":"https:\/\/www.meco.lu\/de\/wp-json\/wp\/v2\/pages"}],"about":[{"href":"https:\/\/www.meco.lu\/de\/wp-json\/wp\/v2\/types\/page"}],"author":[{"embeddable":true,"href":"https:\/\/www.meco.lu\/de\/wp-json\/wp\/v2\/users\/1"}],"replies":[{"embeddable":true,"href":"https:\/\/www.meco.lu\/de\/wp-json\/wp\/v2\/comments?post=30465"}],"version-history":[{"count":6,"href":"https:\/\/www.meco.lu\/de\/wp-json\/wp\/v2\/pages\/30465\/revisions"}],"predecessor-version":[{"id":31271,"href":"https:\/\/www.meco.lu\/de\/wp-json\/wp\/v2\/pages\/30465\/revisions\/31271"}],"wp:attachment":[{"href":"https:\/\/www.meco.lu\/de\/wp-json\/wp\/v2\/media?parent=30465"}],"curies":[{"name":"wp","href":"https:\/\/api.w.org\/{rel}","templated":true}]}}