{"id":29873,"date":"2020-04-24T10:20:23","date_gmt":"2020-04-24T08:20:23","guid":{"rendered":"http:\/\/www.meco.lu\/?page_id=29873"},"modified":"2020-05-15T09:30:30","modified_gmt":"2020-05-15T07:30:30","slug":"bilanz-no-engem-joer-keisecker","status":"publish","type":"page","link":"https:\/\/www.meco.lu\/de\/bilanz-no-engem-joer-keisecker\/","title":{"rendered":"Projet K\u00e9is\u00e9cker &#8211; Bilanz no engem Joer"},"content":{"rendered":"<section class=\"wpb-content-wrapper\"><div class=\"pf-content\"><p>[vc_row][vc_column][vc_column_text]<\/p>\n<h1>Bilanz no engem Joer K\u00e9is\u00e9cker<\/h1>\n<p>[\/vc_column_text][\/vc_column][\/vc_row][vc_row][vc_column width=&#8220;1\/3&#8243;][vc_single_image image=&#8220;29915&#8243; img_size=&#8220;full&#8220; onclick=&#8220;link_image&#8220;][\/vc_column][vc_column width=&#8220;2\/3&#8243;][vc_column_text]D\u00e9i gutt Noriicht fir d\u2019\u00e9ischt: d\u2019D\u00e4reld\u00e9ier g\u00ebtt et nach zu L\u00ebtzebuerg! Insgesamt goufen 165 K\u00e9is\u00e9cker nogewisen. Vun der \u00e9ischter Beobachtung den 8. M\u00e4erz 2019 bis d\u00e9i lescht Observatioun, de 26. Oktober 2019 sinn 144 verw\u00e4ertbar Meldungen iwwert Mail oder duerch direkt Androen op iNaturalist eragaangen, dovu 40% mat enger Foto! De Verlaf vun de Meldungen g\u00ebtt och sch\u00e9in d\u2019Aktivit\u00e9itsperiod vum K\u00e9is\u00e9cker w\u00e4rend der Saison er\u00ebm. No dem Wanterschlof ass d\u00e9i h\u00e9chsten Aktivit\u00e9it w\u00e4rend de M\u00e9int Mee a Juni, wou natierlech grad fir d\u2019Weibercher d\u2019Nuetsaktivit\u00e9it am Gr\u00e9issten ass fir Fudder ze fannen. Wat mer net konnte feststelle war e Migratiounspeak am Hierscht wann d\u00e9i al a jonk K\u00e9is\u00e9cker eigentlech eng Wanterstopp siche respektiv sech op d\u2019Sich vun engem neie Rev\u00e9ier maachen. Interessant w\u00e4r weiderhin ze kucken ob d\u00e9i \u00e9ischt phenologesch Beobachtungen nom Wanterschlof am Fr\u00e9ijoer sech am Laf vun de leschte Joren als Folleg vum Klimawandel no vir ger\u00e9ckelt sinn an a w\u00e9i enger kierperlecher Verfassung d\u2019Weibercher nom Wanter sinn (e waarme Wanter mat e puer Erw\u00e4che ka m\u00e9i Energie kaschte w\u00e9i e richtege Wanterschlof bei Minusgraden!)[\/vc_column_text][\/vc_column][\/vc_row][vc_row][vc_column][vc_column_text]<\/p>\n<h3><strong>De K\u00e9is\u00e9cker als Affer vun Zerschneidung a Verk\u00e9ier<\/strong><\/h3>\n<p>[\/vc_column_text][\/vc_column][\/vc_row][vc_row][vc_column width=&#8220;1\/3&#8243;][vc_gallery interval=&#8220;3&#8243; images=&#8220;29879,29881&#8243;][\/vc_column][vc_column width=&#8220;2\/3&#8243;][vc_column_text]Leider waren dovunner 26 D\u00e9ieren (16%) dem Stroosseverk\u00e9ier\u00a0 an 1 der Eisebunn zum Affer gefall.<\/p>\n<p>Eng Partie Meldunge koume vun der B7 op der H\u00e9icht vu Schieren. Et kann een hei awer unhuelen dat d\u2019Donkelziffer nach w\u00e4itaus m\u00e9i grouss ass, well deen een oder aneren sech s\u00e9cher gescheit huet eis esou eng Meldung eranzeginn oder eng Foto vun deem net esou sch\u00e9inen Ubl\u00e9ck ze maachen oder eben et einfach gef\u00e9ierlech war op d\u00e4r Plaz eng Noweisfoto ze huelen. D\u00e9i iwwerrannte K\u00e9is\u00e9cker-Meldunge weise leider gutt w\u00e9i fatal d\u00e9i zerschneidend Wierkung vun d\u00ebser an anere Stroossen op eis Landschaft an hir Bewunner ass.<\/p>\n<p>Eng weider Doudesannonce koum aus der M\u00ebtt vum Land, wou nogewise konnt ginn, datt den Uhu sech net virum pickege Mantel vum K\u00e9is\u00e9cker ofschrecke l\u00e9isst fir sech dee schmaachen ze loossen .<\/p>\n<p>.[\/vc_column_text][\/vc_column][\/vc_row][vc_row][vc_column][vc_column_text]<\/p>\n<h3><strong>Ongl\u00e4ich Verbreedung zu L\u00ebtzebuerg<\/strong><\/h3>\n<p>[\/vc_column_text][\/vc_column][\/vc_row][vc_row][vc_column width=&#8220;1\/3&#8243;][vc_single_image image=&#8220;29884&#8243; img_size=&#8220;full&#8220; onclick=&#8220;link_image&#8220;][\/vc_column][vc_column width=&#8220;2\/3&#8243;][vc_column_text]Dank deem fl\u00e4issegen Donn\u00e9e\u00eb-Sammele vun iech all, koum innerhalb vun engem Joer eng flott Verbreedungskaart vum K\u00e9is\u00e9cker zu L\u00ebtzebuerg zesummen.<\/p>\n<p>Wat hei opf\u00e4lt, ass, datt keng Noweiser aus de m\u00e9i g\u00e9ie Flossd\u00e4ller (z.B. Mamer- an \u00c4ischdall), w\u00e9i och aus dem \u00c9islek koumen. D\u2019D\u00e4reld\u00e9ier gouf virun allem am S\u00fcdwesten an am Uelzechtdall nogewisen. Fir heiraus ze schl\u00e9issen, datt et de K\u00e9is\u00e9cker do effektiv nach m\u00e9i oft g\u00ebtt, oder ob en reng duerch d\u00e9i m\u00e9i h\u00e9ich Bev\u00eblkerungsdicht a Passage m\u00e9i gesi gouf, k\u00ebnne mir hei net soen.<\/p>\n<p>Aus den Uertschafte L\u00ebtzebuerg, Stroossen, Diddeleng a Schieren koumen am meeschte Meldungen. Well net op alle Plazen am Land gl\u00e4ich vill gekuckt gouf, ass d\u00ebs Verbreedung wuel och \u00e9ischter a Relatioun mat der Siidlungsdicht vum M\u00ebnsch respektiv enger Verdeelung vun eisen engag\u00e9ierte Memberen ze gesinn![\/vc_column_text][\/vc_column][\/vc_row][vc_row][vc_column][vc_column_text]<\/p>\n<h3><strong>Ausstierwe vum K\u00e9is\u00e9cker an der Gewan<\/strong><\/h3>\n<p>[\/vc_column_text][\/vc_column][\/vc_row][vc_row][vc_column][vc_column_text]D\u00e9i pickeg Kolleege goufe virun allem (ca. 85%) a G\u00e4ert an em d\u2019Haiser am urbane Raum (Dierfer, Stied) nogewisen, un zweeter Plaz (ca. 12%) sinn se am Oppeland (Felder, Wisen) gesi ginn an e puer St\u00e9ck goufen der och am B\u00ebsch gesinn\u00a0<em>(Tortendiagramm Noweiser urban\/Offenland\/Wald)<\/em>. Bannent den urbane Siichtungen, goufen a m\u00e9i w\u00e9i der Hallschent vun de F\u00e4ll d\u2019Beobachtungen a Privat-G\u00e4ert gemaach, dono komme Stroossen (Parkingen), an eenzel Individue goufen och aus Parke gemellt. Hei schielt sech eraus, dass d\u2019Oppeland mat der aktueller intensiver Landwirtschaft an dem Asaz vu Pestiziden a vill G\u00fclle a Konschtd\u00fcnger bal keng Liewensgrondlag m\u00e9i fir eise K\u00e9is\u00e9cker bitt. Obwuel eis Gewan nach eng Partie gr\u00e9ng Kulisse w\u00e9i Hecken opweist, esou ass d\u2019Fudderangebot vun Insekten, Schleeken asw. hei m\u00ebttlerweile vill ze ger\u00e9ng fir do nach k\u00ebnnen ze iwwerliewen. Eis Dierfer a Stied deemno als R\u00e9ckzuggebitt fir eng Aart d\u00e9i fr\u00e9ier heefeg an der Gewan ze fanne wor \u2026[\/vc_column_text][\/vc_column][\/vc_row][vc_row][vc_column][vc_column_text]<\/p>\n<h3><strong>De K\u00e9is\u00e9cker als Opportunist<\/strong><\/h3>\n<p>[\/vc_column_text][\/vc_column][\/vc_row][vc_row][vc_column width=&#8220;1\/3&#8243;][vc_gallery interval=&#8220;3&#8243; images=&#8220;29889,29887&#8243;][\/vc_column][vc_column width=&#8220;2\/3&#8243;][vc_column_text]An 12 F\u00e4ll huet de K\u00e9is\u00e9cker sech um Kazefudder, dat m\u00e9i oder manner express fir hien enzwousch dobausse stoung, zerw\u00e9iert.<\/p>\n<p>V\u00e9ier Persounen hunn och d\u2019Presenz vun engem (laangj\u00e4rege) Gaascht an hirem Igelhaus confirm\u00e9iert an dokument\u00e9iert.<\/p>\n<p>.[\/vc_column_text][\/vc_column][\/vc_row][vc_row][vc_column width=&#8220;1\/3&#8243;][vc_gallery interval=&#8220;3&#8243; images=&#8220;29893,29895&#8243;][\/vc_column][vc_column width=&#8220;2\/3&#8243;][vc_column_text]Verschidde m\u00e9i tragesch Meldungen op iNaturalist hu gutt dokument\u00e9iert w\u00e9i eng Falen am Gaart op de K\u00e9is\u00e9cker lauere k\u00ebnnen. Dow\u00e9inst profit\u00e9iert vun der Z\u00e4it doheem fir \u00e4re Gaart k\u00e9is\u00e9ckerfr\u00ebndlech ze maachen! Eng Trap oder e Weier k\u00ebnnen eng d\u00e9idlech Fal fir de K\u00e9is\u00e9cker duerstellen. Denkt hei drun e Briet dohinner ze lee\u00ebn, duerch dat de K\u00e9is\u00e9cker d\u2019M\u00e9iglechkeet kritt Tr\u00e4ppleken z\u2019iwwerwannen oder e g\u00e9it Ufer. Falls der e Maschendot ronder\u00ebm \u00e4re Gaart hutt, schneit e puer L\u00e4cher dran, duerch d\u00e9i d\u2019D\u00e4reld\u00e9ier krauche kann (12\u00d712 cm). Soss kann et mol sinn dat de K\u00e9is\u00e9cker bei sengen Nuetswanderungen h\u00e4nke bleift..[\/vc_column_text][\/vc_column][\/vc_row][vc_row][vc_column width=&#8220;1\/3&#8243;][vc_single_image image=&#8220;29897&#8243; alignment=&#8220;right&#8220; onclick=&#8220;custom_link&#8220; link=&#8220;http:\/\/shop.meco.lu\/produkt\/keisecker-tunnel\/&#8220;][\/vc_column][vc_column width=&#8220;2\/3&#8243;][vc_column_text]<\/p>\n<h4>Dir k\u00ebnnt esou en Duerchgank fir K\u00e9is\u00e9cker och beim Mouvement Ecologique bestellen.\u00a0<a href=\"http:\/\/shop.meco.lu\/produkt\/keisecker-tunnel\/\" target=\"_blank\" rel=\"noopener noreferrer\">(Shop)<\/a><\/h4>\n<p>[\/vc_column_text][\/vc_column][\/vc_row][vc_row][vc_column][vc_column_text]<\/p>\n<h3><strong>2020 \u2013 W\u00e9i geet et weider mat der Aktioun K\u00e9is\u00e9cker ?<\/strong><\/h3>\n<p>[\/vc_column_text][\/vc_column][\/vc_row][vc_row][vc_column width=&#8220;1\/3&#8243;][vc_single_image image=&#8220;29899&#8243; alignment=&#8220;right&#8220;][\/vc_column][vc_column width=&#8220;2\/3&#8243;][vc_column_text]D\u00e9i \u00e9ischt Meldung vun d\u00ebsem Joer koum den 12. M\u00e4erz 2020 era! D\u00ebst soll dann och nees de Startschoss fir jidderee sinn, fir weiderhin all K\u00e9is\u00e9cker ze mellen. Esou k\u00ebnne mer hoffentlech innerhalb vum zweeten, a leschte Joer vun d\u00ebsem Projet nach e puer L\u00fccken op der Kaart f\u00ebllen. W.e.g. och wierklech d\u00e9i doudeg Individue mellen. Wichteg ass et grad aus deene G\u00e9igende vum Land, wou mer nach kee Noweis hunn, all K\u00e9is\u00e9cker ze mellen! G\u00ebtt et am \u00caislek wierklech keng D\u00e4reld\u00e9ieren? Daat erauszefannen ass och den Challenge fir 2020 \u2026<\/p>\n<p><a href=\"https:\/\/www.inaturalist.org\/\" target=\"_blank\" rel=\"noopener noreferrer\">www.inaturalist.org<\/a>[\/vc_column_text][\/vc_column][\/vc_row][vc_row][vc_column][vc_column_text]<\/p>\n<h4><strong><a href=\"http:\/\/naturelo.meco.lu\/de-keisecker\/\" target=\"_blank\" rel=\"noopener noreferrer\">Hei fannt Dir all Informatiounen iwwer d\u2019Aktioun\u00a0<\/a><a href=\"http:\/\/naturelo.meco.lu\/de-keisecker\/\" target=\"_blank\" rel=\"noopener noreferrer\">K\u00e9is\u00e9cker<\/a><\/strong><\/h4>\n<p>[\/vc_column_text][\/vc_column][\/vc_row]<\/p>\n<\/div><\/section>","protected":false},"excerpt":{"rendered":"<p>[vc_row][vc_column][vc_column_text] Bilanz no engem Joer K\u00e9is\u00e9cker [\/vc_column_text][\/vc_column][\/vc_row][vc_row][vc_column width=&#8220;1\/3&#8243;][vc_single_image image=&#8220;29915&#8243; img_size=&#8220;full&#8220; onclick=&#8220;link_image&#8220;][\/vc_column][vc_column width=&#8220;2\/3&#8243;][vc_column_text]D\u00e9i gutt Noriicht fir d\u2019\u00e9ischt: d\u2019D\u00e4reld\u00e9ier g\u00ebtt et nach zu L\u00ebtzebuerg! Insgesamt goufen 165 K\u00e9is\u00e9cker nogewisen. Vun der \u00e9ischter Beobachtung den 8. M\u00e4erz 2019 bis d\u00e9i lescht Observatioun, de 26. Oktober 2019 sinn 144 verw\u00e4ertbar Meldungen iwwert Mail oder duerch direkt Androen op iNaturalist [&hellip;]<\/p>\n","protected":false},"author":5,"featured_media":29895,"parent":0,"menu_order":0,"comment_status":"closed","ping_status":"closed","template":"","meta":{"_acf_changed":false,"footnotes":""},"class_list":["post-29873","page","type-page","status-publish","has-post-thumbnail","hentry"],"acf":[],"yoast_head":"<!-- This site is optimized with the Yoast SEO plugin v27.2 - https:\/\/yoast.com\/product\/yoast-seo-wordpress\/ -->\n<title>Projet K\u00e9is\u00e9cker - Bilanz no engem Joer - Mouvement \u00e9cologique<\/title>\n<meta name=\"robots\" content=\"index, follow, max-snippet:-1, max-image-preview:large, max-video-preview:-1\" \/>\n<link rel=\"canonical\" href=\"https:\/\/www.meco.lu\/de\/bilanz-no-engem-joer-keisecker\/\" \/>\n<meta property=\"og:locale\" content=\"de_DE\" \/>\n<meta property=\"og:type\" content=\"article\" \/>\n<meta property=\"og:title\" content=\"Projet K\u00e9is\u00e9cker - Bilanz no engem Joer - Mouvement \u00e9cologique\" \/>\n<meta property=\"og:description\" content=\"[vc_row][vc_column][vc_column_text] Bilanz no engem Joer K\u00e9is\u00e9cker [\/vc_column_text][\/vc_column][\/vc_row][vc_row][vc_column width=&#8220;1\/3&#8243;][vc_single_image image=&#8220;29915&#8243; img_size=&#8220;full&#8220; onclick=&#8220;link_image&#8220;][\/vc_column][vc_column width=&#8220;2\/3&#8243;][vc_column_text]D\u00e9i gutt Noriicht fir d\u2019\u00e9ischt: d\u2019D\u00e4reld\u00e9ier g\u00ebtt et nach zu L\u00ebtzebuerg! Insgesamt goufen 165 K\u00e9is\u00e9cker nogewisen. Vun der \u00e9ischter Beobachtung den 8. M\u00e4erz 2019 bis d\u00e9i lescht Observatioun, de 26. Oktober 2019 sinn 144 verw\u00e4ertbar Meldungen iwwert Mail oder duerch direkt Androen op iNaturalist [&hellip;]\" \/>\n<meta property=\"og:url\" content=\"https:\/\/www.meco.lu\/de\/bilanz-no-engem-joer-keisecker\/\" \/>\n<meta property=\"og:site_name\" content=\"Mouvement \u00e9cologique\" \/>\n<meta property=\"article:modified_time\" content=\"2020-05-15T07:30:30+00:00\" \/>\n<meta property=\"og:image\" content=\"http:\/\/www.meco.lu\/wp-content\/uploads\/2020\/04\/Zonk-hp.jpg\" \/>\n\t<meta property=\"og:image:width\" content=\"700\" \/>\n\t<meta property=\"og:image:height\" content=\"671\" \/>\n\t<meta property=\"og:image:type\" content=\"image\/jpeg\" \/>\n<meta name=\"twitter:card\" content=\"summary_large_image\" \/>\n<meta name=\"twitter:label1\" content=\"Gesch\u00e4tzte Lesezeit\" \/>\n\t<meta name=\"twitter:data1\" content=\"7\u00a0Minuten\" \/>\n<script type=\"application\/ld+json\" class=\"yoast-schema-graph\">{\"@context\":\"https:\/\/schema.org\",\"@graph\":[{\"@type\":\"WebPage\",\"@id\":\"https:\/\/www.meco.lu\/de\/bilanz-no-engem-joer-keisecker\/\",\"url\":\"https:\/\/www.meco.lu\/de\/bilanz-no-engem-joer-keisecker\/\",\"name\":\"Projet K\u00e9is\u00e9cker - Bilanz no engem Joer - Mouvement \u00e9cologique\",\"isPartOf\":{\"@id\":\"https:\/\/www.meco.lu\/de\/#website\"},\"primaryImageOfPage\":{\"@id\":\"https:\/\/www.meco.lu\/de\/bilanz-no-engem-joer-keisecker\/#primaryimage\"},\"image\":{\"@id\":\"https:\/\/www.meco.lu\/de\/bilanz-no-engem-joer-keisecker\/#primaryimage\"},\"thumbnailUrl\":\"https:\/\/www.meco.lu\/wp-content\/uploads\/2020\/04\/Zonk-hp.jpg\",\"datePublished\":\"2020-04-24T08:20:23+00:00\",\"dateModified\":\"2020-05-15T07:30:30+00:00\",\"breadcrumb\":{\"@id\":\"https:\/\/www.meco.lu\/de\/bilanz-no-engem-joer-keisecker\/#breadcrumb\"},\"inLanguage\":\"de\",\"potentialAction\":[{\"@type\":\"ReadAction\",\"target\":[\"https:\/\/www.meco.lu\/de\/bilanz-no-engem-joer-keisecker\/\"]}]},{\"@type\":\"ImageObject\",\"inLanguage\":\"de\",\"@id\":\"https:\/\/www.meco.lu\/de\/bilanz-no-engem-joer-keisecker\/#primaryimage\",\"url\":\"https:\/\/www.meco.lu\/wp-content\/uploads\/2020\/04\/Zonk-hp.jpg\",\"contentUrl\":\"https:\/\/www.meco.lu\/wp-content\/uploads\/2020\/04\/Zonk-hp.jpg\",\"width\":700,\"height\":671,\"caption\":\"iNaturalist user: gil_kirchen\"},{\"@type\":\"BreadcrumbList\",\"@id\":\"https:\/\/www.meco.lu\/de\/bilanz-no-engem-joer-keisecker\/#breadcrumb\",\"itemListElement\":[{\"@type\":\"ListItem\",\"position\":1,\"name\":\"Home\",\"item\":\"https:\/\/www.meco.lu\/de\/\"},{\"@type\":\"ListItem\",\"position\":2,\"name\":\"Projet K\u00e9is\u00e9cker &#8211; Bilanz no engem Joer\"}]},{\"@type\":\"WebSite\",\"@id\":\"https:\/\/www.meco.lu\/de\/#website\",\"url\":\"https:\/\/www.meco.lu\/de\/\",\"name\":\"Mouvement \u00e9cologique\",\"description\":\"\",\"potentialAction\":[{\"@type\":\"SearchAction\",\"target\":{\"@type\":\"EntryPoint\",\"urlTemplate\":\"https:\/\/www.meco.lu\/de\/?s={search_term_string}\"},\"query-input\":{\"@type\":\"PropertyValueSpecification\",\"valueRequired\":true,\"valueName\":\"search_term_string\"}}],\"inLanguage\":\"de\"}]}<\/script>\n<!-- \/ Yoast SEO plugin. -->","yoast_head_json":{"title":"Projet K\u00e9is\u00e9cker - Bilanz no engem Joer - Mouvement \u00e9cologique","robots":{"index":"index","follow":"follow","max-snippet":"max-snippet:-1","max-image-preview":"max-image-preview:large","max-video-preview":"max-video-preview:-1"},"canonical":"https:\/\/www.meco.lu\/de\/bilanz-no-engem-joer-keisecker\/","og_locale":"de_DE","og_type":"article","og_title":"Projet K\u00e9is\u00e9cker - Bilanz no engem Joer - Mouvement \u00e9cologique","og_description":"[vc_row][vc_column][vc_column_text] Bilanz no engem Joer K\u00e9is\u00e9cker [\/vc_column_text][\/vc_column][\/vc_row][vc_row][vc_column width=&#8220;1\/3&#8243;][vc_single_image image=&#8220;29915&#8243; img_size=&#8220;full&#8220; onclick=&#8220;link_image&#8220;][\/vc_column][vc_column width=&#8220;2\/3&#8243;][vc_column_text]D\u00e9i gutt Noriicht fir d\u2019\u00e9ischt: d\u2019D\u00e4reld\u00e9ier g\u00ebtt et nach zu L\u00ebtzebuerg! Insgesamt goufen 165 K\u00e9is\u00e9cker nogewisen. Vun der \u00e9ischter Beobachtung den 8. M\u00e4erz 2019 bis d\u00e9i lescht Observatioun, de 26. Oktober 2019 sinn 144 verw\u00e4ertbar Meldungen iwwert Mail oder duerch direkt Androen op iNaturalist [&hellip;]","og_url":"https:\/\/www.meco.lu\/de\/bilanz-no-engem-joer-keisecker\/","og_site_name":"Mouvement \u00e9cologique","article_modified_time":"2020-05-15T07:30:30+00:00","og_image":[{"width":700,"height":671,"url":"http:\/\/www.meco.lu\/wp-content\/uploads\/2020\/04\/Zonk-hp.jpg","type":"image\/jpeg"}],"twitter_card":"summary_large_image","twitter_misc":{"Gesch\u00e4tzte Lesezeit":"7\u00a0Minuten"},"schema":{"@context":"https:\/\/schema.org","@graph":[{"@type":"WebPage","@id":"https:\/\/www.meco.lu\/de\/bilanz-no-engem-joer-keisecker\/","url":"https:\/\/www.meco.lu\/de\/bilanz-no-engem-joer-keisecker\/","name":"Projet K\u00e9is\u00e9cker - Bilanz no engem Joer - Mouvement \u00e9cologique","isPartOf":{"@id":"https:\/\/www.meco.lu\/de\/#website"},"primaryImageOfPage":{"@id":"https:\/\/www.meco.lu\/de\/bilanz-no-engem-joer-keisecker\/#primaryimage"},"image":{"@id":"https:\/\/www.meco.lu\/de\/bilanz-no-engem-joer-keisecker\/#primaryimage"},"thumbnailUrl":"https:\/\/www.meco.lu\/wp-content\/uploads\/2020\/04\/Zonk-hp.jpg","datePublished":"2020-04-24T08:20:23+00:00","dateModified":"2020-05-15T07:30:30+00:00","breadcrumb":{"@id":"https:\/\/www.meco.lu\/de\/bilanz-no-engem-joer-keisecker\/#breadcrumb"},"inLanguage":"de","potentialAction":[{"@type":"ReadAction","target":["https:\/\/www.meco.lu\/de\/bilanz-no-engem-joer-keisecker\/"]}]},{"@type":"ImageObject","inLanguage":"de","@id":"https:\/\/www.meco.lu\/de\/bilanz-no-engem-joer-keisecker\/#primaryimage","url":"https:\/\/www.meco.lu\/wp-content\/uploads\/2020\/04\/Zonk-hp.jpg","contentUrl":"https:\/\/www.meco.lu\/wp-content\/uploads\/2020\/04\/Zonk-hp.jpg","width":700,"height":671,"caption":"iNaturalist user: gil_kirchen"},{"@type":"BreadcrumbList","@id":"https:\/\/www.meco.lu\/de\/bilanz-no-engem-joer-keisecker\/#breadcrumb","itemListElement":[{"@type":"ListItem","position":1,"name":"Home","item":"https:\/\/www.meco.lu\/de\/"},{"@type":"ListItem","position":2,"name":"Projet K\u00e9is\u00e9cker &#8211; Bilanz no engem Joer"}]},{"@type":"WebSite","@id":"https:\/\/www.meco.lu\/de\/#website","url":"https:\/\/www.meco.lu\/de\/","name":"Mouvement \u00e9cologique","description":"","potentialAction":[{"@type":"SearchAction","target":{"@type":"EntryPoint","urlTemplate":"https:\/\/www.meco.lu\/de\/?s={search_term_string}"},"query-input":{"@type":"PropertyValueSpecification","valueRequired":true,"valueName":"search_term_string"}}],"inLanguage":"de"}]}},"_links":{"self":[{"href":"https:\/\/www.meco.lu\/de\/wp-json\/wp\/v2\/pages\/29873","targetHints":{"allow":["GET"]}}],"collection":[{"href":"https:\/\/www.meco.lu\/de\/wp-json\/wp\/v2\/pages"}],"about":[{"href":"https:\/\/www.meco.lu\/de\/wp-json\/wp\/v2\/types\/page"}],"author":[{"embeddable":true,"href":"https:\/\/www.meco.lu\/de\/wp-json\/wp\/v2\/users\/5"}],"replies":[{"embeddable":true,"href":"https:\/\/www.meco.lu\/de\/wp-json\/wp\/v2\/comments?post=29873"}],"version-history":[{"count":5,"href":"https:\/\/www.meco.lu\/de\/wp-json\/wp\/v2\/pages\/29873\/revisions"}],"predecessor-version":[{"id":30223,"href":"https:\/\/www.meco.lu\/de\/wp-json\/wp\/v2\/pages\/29873\/revisions\/30223"}],"wp:featuredmedia":[{"embeddable":true,"href":"https:\/\/www.meco.lu\/de\/wp-json\/wp\/v2\/media\/29895"}],"wp:attachment":[{"href":"https:\/\/www.meco.lu\/de\/wp-json\/wp\/v2\/media?parent=29873"}],"curies":[{"name":"wp","href":"https:\/\/api.w.org\/{rel}","templated":true}]}}