{"id":25614,"date":"2018-08-23T13:47:51","date_gmt":"2018-08-23T11:47:51","guid":{"rendered":"http:\/\/www.meco.lu\/de\/?page_id=25614"},"modified":"2018-11-29T14:35:12","modified_gmt":"2018-11-29T12:35:12","slug":"vision","status":"publish","type":"page","link":"https:\/\/www.meco.lu\/de\/vision\/","title":{"rendered":"Vision"},"content":{"rendered":"<section class=\"wpb-content-wrapper\"><div class=\"pf-content\"><p>[vc_row][vc_column][vc_single_image image=&#8220;26425&#8243; img_size=&#8220;full&#8220;][\/vc_column][\/vc_row][vc_row][vc_column][vc_column_text]<\/p>\n<h1><\/h1>\n<h1 style=\"text-align: left\"><strong>W\u00e9i stelle mir eis eis Zukunft vir?<\/strong><\/h1>\n<h3 style=\"text-align: left\"><em><strong>Von Co-Mobilit\u00e4t, Co-Arbeit, Co-Wohnen hin zu Co-Leben.<\/strong><\/em><b><\/b><\/h3>\n<p>[\/vc_column_text][\/vc_column][\/vc_row][vc_row][vc_column][vc_column_text]50 Jahre Meco sind sowohl ein Anlass zur\u00fcckzublicken, als auch eine M\u00f6glichkeit vorauszuschauen was die Zukunft bringen mag. Jeder hat Gedanken und Ideen zur Zukunft und dazu, wie man in Zukunft leben m\u00f6chte. Am 10. November 2018 haben unter dem Geburtstagsmotto der Meco \u201eLeit brauche Visiounen. Visoune brauche Leit.\u201c 28 Leute einen Tag lang lebhaft \u00fcber m\u00f6gliche Zuk\u00fcnfte diskutiert.<\/p>\n<p>Um einen Perspektivenwechsel zu erm\u00f6gliche und ggf. auch mal Dinge sagen zu k\u00f6nnen, die man sonst nicht sagen w\u00fcrde, bekam jeder Teilnehmer gleich zu Beginn eine Rolle zugewiesen. Das konnte z.B. Vertreter des Ministeriums f\u00fcr biologische Vielfalt oder Vertreterin einer lokalen Energiekooperation sein. Ausgehend von diesen Rollen wurden dann Zukunftsthemen in st\u00e4ndig wechselnden Kleingruppen er\u00f6rtert.<\/p>\n<p>Die Diskussionen reichten von gesellschaftlichen Paradigmenwechseln bis zu konkreten Ideen f\u00fcr lokale Ans\u00e4tze zur Kreislaufwirtschaft. Um ein paar Eindr\u00fccke zu geben greift der Text ein paar Aspekte heraus \u2013 ohne Anspruch auf eine balancierte Zusammenfassung des Workshops.<\/p>\n<h2>Wie soll die Zukunft aussehen?<\/h2>\n<p>Der Workshop bot Einblicke in eine bunte Palette m\u00f6glicher w\u00fcnschenswerter Zuk\u00fcnfte. Allgemein wurde der Wunsch nach einem gesellschaftlichen Paradigmenwechsel deutlich. Grundsatzfragen \u00fcber das Funktionieren unserer Gesellschaft und Wirtschaft wurden genauso angedacht wie konkrete Ideen f\u00fcr lokale Ans\u00e4tze einer gelebten Kreislaufwirtschaft, z.B. in Bezug auf Wohnen, Essen &amp; Lebensmittel und Energie.<\/p>\n<p><span style=\"color: #000000\"><strong>Wie wollen wir wohnen? <\/strong><\/span>Die Zukunft des Wohnens ist urban gepr\u00e4gt, d.h. hohe Dichte und Geschosswohnungsbau statt Einfamilienhausgl\u00fcck. Das geht einher mit einer hohen Durchmischung sowohl unterschiedlicher gesellschaftlicher Gruppen als auch unterschiedlicher Nutzungen. Im Idealfall befinden sich Wohnen, Arbeiten, Einkaufen, Freizeit, Erholung und Natur in Gangabstand. Dabei wurde besonderer Wert darauf gelegt, dass hohe urban Dichte auch nahegelegene Naturgebiete und die M\u00f6glichkeit zu Gemeinschaftsg\u00e4rten erlaubt. Um Wohnen bezahlbar zu machen, sollten man vielleicht auch Grund- und Boden als Handelsware in Frage stellen.<\/p>\n<p><span style=\"color: #000000\"><strong>Wie wollen wir uns ern\u00e4hren und wo kommen die Lebensmittel her? <\/strong><\/span>W\u00fcnschenswert sind 100% bio-Lebensmittel, m\u00f6glichst aus kleinen regionalen Produktionen. Um uns gesund und nat\u00fcrlich zu ern\u00e4hren, sind wir bereit f\u00fcr \u00f6kologische und qualitative hochwertige Lebensmittel tiefer in die Tasche zu greifen und mehr Zeit zu opfern. Insgesamt bekommen Ern\u00e4hrung und Landwirtschaft einen deutlich h\u00f6heren Stellenwert in der Zukunft. Das betrifft sowohl das Berufsbild des Landwirts als auch Kleing\u00e4rten, Gemeinschaftsg\u00e4rten und Lebensmittelproduktion auf Balkonien. Der Fokus liegt auf einer integralen alternativen Landwirtschaft und Insekten als Nahrungsmittel.<\/p>\n<p><span style=\"color: #000000\"><strong>Wie wollen wir mit Energie umgehen, woher kommt sie, wohin geht sie? <\/strong><\/span>Dezentrale Produktion erneuerbarer Energien (z.B. direkt auf\/an Geb\u00e4uden), die dezentrale Speicherung von Energie, die Kreislaufwirtschaft und die volle Aussch\u00f6pfung aller Einspar- und Produktionspotentiale stehen im Vordergrund. Da der Zugang zu Energie ein gesellschaftliches Grundbed\u00fcrfnis ist, kann Energie keine Handelsware sein, bei der Spekulation und Wirtschaftsinteressen \u00fcber dem Wohl der Gesellschaft stehen. Es m\u00fcssen also neue Wege gefunden werden, um Nachfrage und Angebot zusammenzubringen und Anreize f\u00fcr einen m\u00f6glichst sparsamen Umgang mit Energie zu setzen.[\/vc_column_text][\/vc_column][\/vc_row][vc_row][vc_column width=&#8220;1\/2&#8243;][vc_column_text]<em><span style=\"color: #008000\"><strong>Beispiele aus den Diskussionen<\/strong> <\/span><\/em><\/p>\n<p>&nbsp;<\/p>\n<p><span style=\"color: #008000\"><strong>Das Kreislaufwirtschaftshochaus<\/strong><\/span><\/p>\n<p><span style=\"color: #008000\">Eine Gruppe entwickelte das Konzept f\u00fcr ein Kreislaufhochhaus, mit u.a.<\/span><\/p>\n<ul>\n<li><span style=\"color: #008000\">einer hauseigene Kl\u00e4r- und Biogasanlage in Keller,<\/span><\/li>\n<li><span style=\"color: #008000\">einem Insektenhotel zur F\u00f6rderung der biologischen Vielfalt und Z\u00fcchtung von Insekten als Nahrungsmittel,<\/span><\/li>\n<li><span style=\"color: #008000\">B\u00fcrofl\u00e4chen mit Co-Arbeitsfl\u00e4chen,<\/span><\/li>\n<li><span style=\"color: #008000\">unterschiedlichen Weiterbildungseinrichtungen und Tele-learning Centren,<\/span><\/li>\n<li><span style=\"color: #008000\">unterschiedlichen Wohnangebote f\u00fcr unterschiedlichste Wohnformen inkl. Co-Wohnen,<\/span><\/li>\n<li><span style=\"color: #008000\">Gemeinschaftsk\u00fcchen und Restaurants, und<\/span><\/li>\n<li><span style=\"color: #008000\">Gemeinschaftsg\u00e4rten auf dem Dach.<\/span><\/li>\n<\/ul>\n<p><span style=\"color: #008000\">Im direkten Umfeld des Geb\u00e4udes gibt es dann einen Wochenmarkt, G\u00e4rten, Schulen und Naherholungsfl\u00e4chen.<\/span> <strong><br \/>\n<\/strong>[\/vc_column_text][\/vc_column][vc_column width=&#8220;1\/2&#8243;][vc_single_image image=&#8220;26428&#8243; img_size=&#8220;medium&#8220; alignment=&#8220;right&#8220; css=&#8220;.vc_custom_1543491516931{margin-top: 5px !important;margin-right: 5px !important;margin-bottom: 5px !important;margin-left: 5px !important;}&#8220;][vc_column_text]<span style=\"color: #008000\"><strong>Gesellschaftlicher Paradigmenwechsel<\/strong><\/span><\/p>\n<p><span style=\"color: #008000\">Wie auch immer eine w\u00fcnschenswerte Zukunft aussehen mag, der Mensch und insbesondere die Zufriedenheit der Bev\u00f6lkerung muss im Mittelpunkt stehen. Es geht also um eine Abkehr von reinen wirtschaftlichen Zielen und dem BIP als das Ma\u00df aller Dinge hin zu neunen Wertefragen, die bereits in den Diskussionen zum Thema \u201ebeyond GDP\u201c andiskutiert werden. Dabei m\u00fcssen auch \u00f6kologische Werte im Vordergrund stehen, die \u00fcber die allgemeinen Ideen der Rifkin-Studie hinaus gehen. Es geht um neue Ans\u00e4tze zur Sharing Economy und partizipative Entscheidungsprozesse.<\/span>[\/vc_column_text][\/vc_column][\/vc_row][vc_row][vc_column][vc_column_text]<\/p>\n<h2>Wie erreicht man Ver\u00e4nderung?<\/h2>\n<p>Um Ver\u00e4nderung hin zu den gew\u00fcnschten Zuk\u00fcnften in Gang bringen, bedarf es einer deutlichen Umsteuerung. Unterschiedliche Mischung aus drei Extremans\u00e4tzen wurden dabei diskutiert:<\/p>\n<ul>\n<li>Eine \u00d6kodiktatur mag der einfachste und gradlinigste Weg sein um neue Regeln und Mindeststandards einzuf\u00fchren. Die Umstellung auf die Kreislaufwirtschaft lie\u00dfe sich als eine von oben herab verordnete Ver\u00e4nderung unseres Wirtschaftssystems denken. Entspr\u00e4che eine solche \u00d6kodiktatur unserem Gesellschafts- und Demokratieverst\u00e4ndnis?<\/li>\n<li>Freiwilligkeit und die \u00dcberzeugung der Wirtschaftsakteure und der Bev\u00f6lkerung sind eine weitere Alternative um die Umstellung einzuleiten. Dabei stehen Kommunikation, zuverl\u00e4ssige und neutrale Information und Erziehung im Vordergrund. Wollen wir eine \u201eUmerziehung\u201c wollen und wie gro\u00df ist das Vertrauen in staatliche Information?<\/li>\n<li>Oder es ergeht ein Appell an die Eigenverantwortung und die Vision eines konstruktiven Durcheinanders. In diesem Zusammenhang wurde u.a. das Modell des \u201esystemischen Konsensierens\u201c diskutiert, d.h. das Finden von L\u00f6sungen f\u00fcr die der geringste Widerstand besteht. Auch wenn es f\u00fcr kleine Gruppen gut funktionieren mag, ist dem auch so auf nationaler oder gar europ\u00e4ischer Eben?<\/li>\n<\/ul>\n<p>Dies f\u00fchrte weiter zu der Frage wer der Staat eigentlich ist. Ist der Staat \u201edie da\u201c oder sind der Staat \u201ewir alle\u201c? Wenn wir alle zusammen der Staat sind, sollten wir nicht auch alle zusammen dann in der Lage sein eine gesellschaftliche Umstellung zu diskutieren?<\/p>\n<h2>Wie geht es weiter?<\/h2>\n<p>Der Workshop hat viele Anregungen zum Weiterdenken und zum Weiterarbeiten gegeben. Zentrale Themen sind ein grundlegender gesellschaftlicher Wandel und kleine dezentrale Ans\u00e4tze f\u00fcr nachhaltiges Leben und Wirtschaften gem\u00e4\u00df den Prinzipen der Kreislaufwirtschaft. Mehr konkrete Themen und Fragen waren:<\/p>\n<ul>\n<li>Wie soll die Gesellschaft und Wirtschaftsform der Zukunft aussehen, d.h. welchen Paradigmenwechsel wollen wir haben?<\/li>\n<li>Wie sieht gelebte lokale Kreislaufwirtschaft konkret aus und welche Schritte sind notwendig?<\/li>\n<li>Wie sieht integrative alternative Landwirtschaft aus? Wie k\u00f6nnen gesunde und \u00f6kologische Nahrungsmittel und ihre Produktion die notwendige Wertsch\u00e4tzung erfahren?<\/li>\n<li>K\u00f6nnen wir von der Sharing Economy als Alibikonzept auf einen ganzheitlichen \u00f6kologischen Ansatz z.B. in Form von Co-Leben umstellen?<\/li>\n<li>Wie kann man Visionen auf lokaler Ebene f\u00f6rdern, um lokale Ver\u00e4nderungen zur konkreten Gestaltung einer nachhaltigen Zukunft voranzubringen?<\/li>\n<li>Sollten wir \u00f6fter ergebnisoffen \u00fcber die Zukunft reden um voneinander zu lernen und neue Ideen zu entwickeln und nicht nur Ideen andere anh\u00f6ren?<\/li>\n<\/ul>\n<p>Hoffentlich gibt es in den n\u00e4chsten Jahren noch viele Gelegenheiten diese Themen zu diskutieren und konkrete Umsetzungen anzugehen. Die Zukunft wird in co-kreativen Prozessen gemeinsam gestaltet, sowohl im Dialog mit Experten als auch im konstruktiven Durcheinander mit der interessierten \u00d6ffentlichkeit.[\/vc_column_text][\/vc_column][\/vc_row][vc_row][vc_column width=&#8220;1\/2&#8243;][vc_single_image image=&#8220;26427&#8243; img_size=&#8220;medium&#8220;][\/vc_column][vc_column width=&#8220;1\/2&#8243;][vc_single_image image=&#8220;26426&#8243; img_size=&#8220;medium&#8220;][\/vc_column][\/vc_row][vc_row][vc_column][vc_column_text]<\/p>\n<p><img loading=\"lazy\" decoding=\"async\" class=\"alignleft size-full wp-image-25402\" src=\"http:\/\/www.meco.lu\/wp-content\/uploads\/2018\/07\/logo-oeuvre.jpg\" alt=\"\" width=\"200\" height=\"46\" \/>[\/vc_column_text][\/vc_column][\/vc_row]<\/p>\n<\/div><\/section>","protected":false},"excerpt":{"rendered":"<p>[vc_row][vc_column][vc_single_image image=&#8220;26425&#8243; img_size=&#8220;full&#8220;][\/vc_column][\/vc_row][vc_row][vc_column][vc_column_text] W\u00e9i stelle mir eis eis Zukunft vir? Von Co-Mobilit\u00e4t, Co-Arbeit, Co-Wohnen hin zu Co-Leben. [\/vc_column_text][\/vc_column][\/vc_row][vc_row][vc_column][vc_column_text]50 Jahre Meco sind sowohl ein Anlass zur\u00fcckzublicken, als auch eine M\u00f6glichkeit vorauszuschauen was die Zukunft bringen mag. Jeder hat Gedanken und Ideen zur Zukunft und dazu, wie man in Zukunft leben m\u00f6chte. Am 10. November 2018 haben [&hellip;]<\/p>\n","protected":false},"author":5,"featured_media":0,"parent":0,"menu_order":0,"comment_status":"closed","ping_status":"closed","template":"","meta":{"_acf_changed":false,"footnotes":""},"class_list":["post-25614","page","type-page","status-publish","hentry"],"acf":[],"yoast_head":"<!-- This site is optimized with the Yoast SEO plugin v27.2 - https:\/\/yoast.com\/product\/yoast-seo-wordpress\/ -->\n<title>Vision - Mouvement \u00e9cologique<\/title>\n<meta name=\"robots\" content=\"index, follow, max-snippet:-1, max-image-preview:large, max-video-preview:-1\" \/>\n<link rel=\"canonical\" href=\"https:\/\/www.meco.lu\/de\/vision\/\" \/>\n<meta property=\"og:locale\" content=\"de_DE\" \/>\n<meta property=\"og:type\" content=\"article\" \/>\n<meta property=\"og:title\" content=\"Vision - Mouvement \u00e9cologique\" \/>\n<meta property=\"og:description\" content=\"[vc_row][vc_column][vc_single_image image=&#8220;26425&#8243; img_size=&#8220;full&#8220;][\/vc_column][\/vc_row][vc_row][vc_column][vc_column_text] W\u00e9i stelle mir eis eis Zukunft vir? Von Co-Mobilit\u00e4t, Co-Arbeit, Co-Wohnen hin zu Co-Leben. [\/vc_column_text][\/vc_column][\/vc_row][vc_row][vc_column][vc_column_text]50 Jahre Meco sind sowohl ein Anlass zur\u00fcckzublicken, als auch eine M\u00f6glichkeit vorauszuschauen was die Zukunft bringen mag. Jeder hat Gedanken und Ideen zur Zukunft und dazu, wie man in Zukunft leben m\u00f6chte. Am 10. November 2018 haben [&hellip;]\" \/>\n<meta property=\"og:url\" content=\"https:\/\/www.meco.lu\/de\/vision\/\" \/>\n<meta property=\"og:site_name\" content=\"Mouvement \u00e9cologique\" \/>\n<meta property=\"article:modified_time\" content=\"2018-11-29T12:35:12+00:00\" \/>\n<meta property=\"og:image\" content=\"http:\/\/www.meco.lu\/wp-content\/uploads\/2018\/07\/logo-oeuvre.jpg\" \/>\n<meta name=\"twitter:card\" content=\"summary_large_image\" \/>\n<meta name=\"twitter:label1\" content=\"Gesch\u00e4tzte Lesezeit\" \/>\n\t<meta name=\"twitter:data1\" content=\"6\u00a0Minuten\" \/>\n<script type=\"application\/ld+json\" class=\"yoast-schema-graph\">{\"@context\":\"https:\/\/schema.org\",\"@graph\":[{\"@type\":\"WebPage\",\"@id\":\"https:\/\/www.meco.lu\/de\/vision\/\",\"url\":\"https:\/\/www.meco.lu\/de\/vision\/\",\"name\":\"Vision - Mouvement \u00e9cologique\",\"isPartOf\":{\"@id\":\"https:\/\/www.meco.lu\/de\/#website\"},\"primaryImageOfPage\":{\"@id\":\"https:\/\/www.meco.lu\/de\/vision\/#primaryimage\"},\"image\":{\"@id\":\"https:\/\/www.meco.lu\/de\/vision\/#primaryimage\"},\"thumbnailUrl\":\"http:\/\/www.meco.lu\/wp-content\/uploads\/2018\/07\/logo-oeuvre.jpg\",\"datePublished\":\"2018-08-23T11:47:51+00:00\",\"dateModified\":\"2018-11-29T12:35:12+00:00\",\"breadcrumb\":{\"@id\":\"https:\/\/www.meco.lu\/de\/vision\/#breadcrumb\"},\"inLanguage\":\"de\",\"potentialAction\":[{\"@type\":\"ReadAction\",\"target\":[\"https:\/\/www.meco.lu\/de\/vision\/\"]}]},{\"@type\":\"ImageObject\",\"inLanguage\":\"de\",\"@id\":\"https:\/\/www.meco.lu\/de\/vision\/#primaryimage\",\"url\":\"http:\/\/www.meco.lu\/wp-content\/uploads\/2018\/07\/logo-oeuvre.jpg\",\"contentUrl\":\"http:\/\/www.meco.lu\/wp-content\/uploads\/2018\/07\/logo-oeuvre.jpg\"},{\"@type\":\"BreadcrumbList\",\"@id\":\"https:\/\/www.meco.lu\/de\/vision\/#breadcrumb\",\"itemListElement\":[{\"@type\":\"ListItem\",\"position\":1,\"name\":\"Home\",\"item\":\"https:\/\/www.meco.lu\/de\/\"},{\"@type\":\"ListItem\",\"position\":2,\"name\":\"Vision\"}]},{\"@type\":\"WebSite\",\"@id\":\"https:\/\/www.meco.lu\/de\/#website\",\"url\":\"https:\/\/www.meco.lu\/de\/\",\"name\":\"Mouvement \u00e9cologique\",\"description\":\"\",\"potentialAction\":[{\"@type\":\"SearchAction\",\"target\":{\"@type\":\"EntryPoint\",\"urlTemplate\":\"https:\/\/www.meco.lu\/de\/?s={search_term_string}\"},\"query-input\":{\"@type\":\"PropertyValueSpecification\",\"valueRequired\":true,\"valueName\":\"search_term_string\"}}],\"inLanguage\":\"de\"}]}<\/script>\n<!-- \/ Yoast SEO plugin. -->","yoast_head_json":{"title":"Vision - Mouvement \u00e9cologique","robots":{"index":"index","follow":"follow","max-snippet":"max-snippet:-1","max-image-preview":"max-image-preview:large","max-video-preview":"max-video-preview:-1"},"canonical":"https:\/\/www.meco.lu\/de\/vision\/","og_locale":"de_DE","og_type":"article","og_title":"Vision - Mouvement \u00e9cologique","og_description":"[vc_row][vc_column][vc_single_image image=&#8220;26425&#8243; img_size=&#8220;full&#8220;][\/vc_column][\/vc_row][vc_row][vc_column][vc_column_text] W\u00e9i stelle mir eis eis Zukunft vir? Von Co-Mobilit\u00e4t, Co-Arbeit, Co-Wohnen hin zu Co-Leben. [\/vc_column_text][\/vc_column][\/vc_row][vc_row][vc_column][vc_column_text]50 Jahre Meco sind sowohl ein Anlass zur\u00fcckzublicken, als auch eine M\u00f6glichkeit vorauszuschauen was die Zukunft bringen mag. Jeder hat Gedanken und Ideen zur Zukunft und dazu, wie man in Zukunft leben m\u00f6chte. Am 10. November 2018 haben [&hellip;]","og_url":"https:\/\/www.meco.lu\/de\/vision\/","og_site_name":"Mouvement \u00e9cologique","article_modified_time":"2018-11-29T12:35:12+00:00","og_image":[{"url":"http:\/\/www.meco.lu\/wp-content\/uploads\/2018\/07\/logo-oeuvre.jpg","type":"","width":"","height":""}],"twitter_card":"summary_large_image","twitter_misc":{"Gesch\u00e4tzte Lesezeit":"6\u00a0Minuten"},"schema":{"@context":"https:\/\/schema.org","@graph":[{"@type":"WebPage","@id":"https:\/\/www.meco.lu\/de\/vision\/","url":"https:\/\/www.meco.lu\/de\/vision\/","name":"Vision - Mouvement \u00e9cologique","isPartOf":{"@id":"https:\/\/www.meco.lu\/de\/#website"},"primaryImageOfPage":{"@id":"https:\/\/www.meco.lu\/de\/vision\/#primaryimage"},"image":{"@id":"https:\/\/www.meco.lu\/de\/vision\/#primaryimage"},"thumbnailUrl":"http:\/\/www.meco.lu\/wp-content\/uploads\/2018\/07\/logo-oeuvre.jpg","datePublished":"2018-08-23T11:47:51+00:00","dateModified":"2018-11-29T12:35:12+00:00","breadcrumb":{"@id":"https:\/\/www.meco.lu\/de\/vision\/#breadcrumb"},"inLanguage":"de","potentialAction":[{"@type":"ReadAction","target":["https:\/\/www.meco.lu\/de\/vision\/"]}]},{"@type":"ImageObject","inLanguage":"de","@id":"https:\/\/www.meco.lu\/de\/vision\/#primaryimage","url":"http:\/\/www.meco.lu\/wp-content\/uploads\/2018\/07\/logo-oeuvre.jpg","contentUrl":"http:\/\/www.meco.lu\/wp-content\/uploads\/2018\/07\/logo-oeuvre.jpg"},{"@type":"BreadcrumbList","@id":"https:\/\/www.meco.lu\/de\/vision\/#breadcrumb","itemListElement":[{"@type":"ListItem","position":1,"name":"Home","item":"https:\/\/www.meco.lu\/de\/"},{"@type":"ListItem","position":2,"name":"Vision"}]},{"@type":"WebSite","@id":"https:\/\/www.meco.lu\/de\/#website","url":"https:\/\/www.meco.lu\/de\/","name":"Mouvement \u00e9cologique","description":"","potentialAction":[{"@type":"SearchAction","target":{"@type":"EntryPoint","urlTemplate":"https:\/\/www.meco.lu\/de\/?s={search_term_string}"},"query-input":{"@type":"PropertyValueSpecification","valueRequired":true,"valueName":"search_term_string"}}],"inLanguage":"de"}]}},"_links":{"self":[{"href":"https:\/\/www.meco.lu\/de\/wp-json\/wp\/v2\/pages\/25614","targetHints":{"allow":["GET"]}}],"collection":[{"href":"https:\/\/www.meco.lu\/de\/wp-json\/wp\/v2\/pages"}],"about":[{"href":"https:\/\/www.meco.lu\/de\/wp-json\/wp\/v2\/types\/page"}],"author":[{"embeddable":true,"href":"https:\/\/www.meco.lu\/de\/wp-json\/wp\/v2\/users\/5"}],"replies":[{"embeddable":true,"href":"https:\/\/www.meco.lu\/de\/wp-json\/wp\/v2\/comments?post=25614"}],"version-history":[{"count":5,"href":"https:\/\/www.meco.lu\/de\/wp-json\/wp\/v2\/pages\/25614\/revisions"}],"predecessor-version":[{"id":26456,"href":"https:\/\/www.meco.lu\/de\/wp-json\/wp\/v2\/pages\/25614\/revisions\/26456"}],"wp:attachment":[{"href":"https:\/\/www.meco.lu\/de\/wp-json\/wp\/v2\/media?parent=25614"}],"curies":[{"name":"wp","href":"https:\/\/api.w.org\/{rel}","templated":true}]}}