{"id":22235,"date":"2017-04-06T14:35:13","date_gmt":"2017-04-06T12:35:13","guid":{"rendered":"http:\/\/www.meco.lu\/de\/?page_id=22235"},"modified":"2024-05-21T13:46:34","modified_gmt":"2024-05-21T11:46:34","slug":"datenschutzbestimmungen-living-land-d","status":"publish","type":"page","link":"https:\/\/www.meco.lu\/de\/datenschutzbestimmungen-living-land-d\/","title":{"rendered":"Datenschutzbestimmungen &#8222;Living Land&#8220;"},"content":{"rendered":"<section class=\"wpb-content-wrapper\"><div class=\"pf-content\"><p>[vc_row][vc_column width=&#8220;1\/1&#8243;][vc_column_text]<\/p>\n<h2><\/h2>\n<h2>Datenschutzbestimmungen &#8222;Living Land&#8220;<\/h2>\n<p>&nbsp;<\/p>\n<p>Die von Ihnen in Online-Formularen des Mouvement Ecologique angegebenen Daten werden ausschlie\u03b2lich f\u00fcr die Arbeit des Mouvement Ecologique verwendet und nicht an Dritte weitergegeben.<\/p>\n<p>Die L\u00f6schung der Daten k\u00f6nnen Sie formlos per E-Mail beantragen. (Kontaktinformationen: Mouvement Ecologique,\u00a0<span style=\"text-decoration: underline\"><strong><a href=\"mailto:meco@oeko.lu\">meco@oeko.lu<\/a><\/strong><\/span>) Sie k\u00f6nnen den Newsletter also jederzeit abbestellen.<\/p>\n<p>&nbsp;<\/p>\n<p>[\/vc_column_text][\/vc_column][\/vc_row]<\/p>\n<\/div><\/section>","protected":false},"excerpt":{"rendered":"<p>[vc_row][vc_column width=&#8220;1\/1&#8243;][vc_column_text] Datenschutzbestimmungen &#8222;Living Land&#8220; &nbsp; Die von Ihnen in Online-Formularen des Mouvement Ecologique angegebenen Daten werden ausschlie\u03b2lich f\u00fcr die Arbeit des Mouvement Ecologique verwendet und nicht an Dritte weitergegeben. Die L\u00f6schung der Daten k\u00f6nnen Sie formlos per E-Mail beantragen. (Kontaktinformationen: Mouvement Ecologique,\u00a0meco@oeko.lu) Sie k\u00f6nnen den Newsletter also jederzeit abbestellen. &nbsp; [\/vc_column_text][\/vc_column][\/vc_row]<\/p>\n","protected":false},"author":5,"featured_media":0,"parent":0,"menu_order":24,"comment_status":"closed","ping_status":"closed","template":"","meta":{"_acf_changed":false,"footnotes":""},"class_list":["post-22235","page","type-page","status-publish","hentry"],"acf":[],"yoast_head":"<!-- This site is optimized with the Yoast SEO plugin v27.2 - https:\/\/yoast.com\/product\/yoast-seo-wordpress\/ -->\n<title>Datenschutzbestimmungen &quot;Living Land&quot; - Mouvement \u00e9cologique<\/title>\n<meta name=\"robots\" content=\"index, follow, max-snippet:-1, max-image-preview:large, max-video-preview:-1\" \/>\n<link rel=\"canonical\" href=\"https:\/\/www.meco.lu\/de\/datenschutzbestimmungen-living-land-d\/\" \/>\n<meta property=\"og:locale\" content=\"de_DE\" \/>\n<meta property=\"og:type\" content=\"article\" \/>\n<meta property=\"og:title\" content=\"Datenschutzbestimmungen &quot;Living Land&quot; - Mouvement \u00e9cologique\" \/>\n<meta property=\"og:description\" content=\"[vc_row][vc_column width=&#8220;1\/1&#8243;][vc_column_text] Datenschutzbestimmungen &#8222;Living Land&#8220; &nbsp; Die von Ihnen in Online-Formularen des Mouvement Ecologique angegebenen Daten werden ausschlie\u03b2lich f\u00fcr die Arbeit des Mouvement Ecologique verwendet und nicht an Dritte weitergegeben. Die L\u00f6schung der Daten k\u00f6nnen Sie formlos per E-Mail beantragen. (Kontaktinformationen: Mouvement Ecologique,\u00a0meco@oeko.lu) Sie k\u00f6nnen den Newsletter also jederzeit abbestellen. &nbsp; [\/vc_column_text][\/vc_column][\/vc_row]\" \/>\n<meta property=\"og:url\" content=\"https:\/\/www.meco.lu\/de\/datenschutzbestimmungen-living-land-d\/\" \/>\n<meta property=\"og:site_name\" content=\"Mouvement \u00e9cologique\" \/>\n<meta property=\"article:modified_time\" content=\"2024-05-21T11:46:34+00:00\" \/>\n<meta name=\"twitter:card\" content=\"summary_large_image\" \/>\n<script type=\"application\/ld+json\" class=\"yoast-schema-graph\">{\"@context\":\"https:\/\/schema.org\",\"@graph\":[{\"@type\":\"WebPage\",\"@id\":\"https:\/\/www.meco.lu\/de\/datenschutzbestimmungen-living-land-d\/\",\"url\":\"https:\/\/www.meco.lu\/de\/datenschutzbestimmungen-living-land-d\/\",\"name\":\"Datenschutzbestimmungen \\\"Living Land\\\" - Mouvement \u00e9cologique\",\"isPartOf\":{\"@id\":\"https:\/\/www.meco.lu\/de\/#website\"},\"datePublished\":\"2017-04-06T12:35:13+00:00\",\"dateModified\":\"2024-05-21T11:46:34+00:00\",\"breadcrumb\":{\"@id\":\"https:\/\/www.meco.lu\/de\/datenschutzbestimmungen-living-land-d\/#breadcrumb\"},\"inLanguage\":\"de\",\"potentialAction\":[{\"@type\":\"ReadAction\",\"target\":[\"https:\/\/www.meco.lu\/de\/datenschutzbestimmungen-living-land-d\/\"]}]},{\"@type\":\"BreadcrumbList\",\"@id\":\"https:\/\/www.meco.lu\/de\/datenschutzbestimmungen-living-land-d\/#breadcrumb\",\"itemListElement\":[{\"@type\":\"ListItem\",\"position\":1,\"name\":\"Home\",\"item\":\"https:\/\/www.meco.lu\/de\/\"},{\"@type\":\"ListItem\",\"position\":2,\"name\":\"Datenschutzbestimmungen &#8222;Living Land&#8220;\"}]},{\"@type\":\"WebSite\",\"@id\":\"https:\/\/www.meco.lu\/de\/#website\",\"url\":\"https:\/\/www.meco.lu\/de\/\",\"name\":\"Mouvement \u00e9cologique\",\"description\":\"\",\"potentialAction\":[{\"@type\":\"SearchAction\",\"target\":{\"@type\":\"EntryPoint\",\"urlTemplate\":\"https:\/\/www.meco.lu\/de\/?s={search_term_string}\"},\"query-input\":{\"@type\":\"PropertyValueSpecification\",\"valueRequired\":true,\"valueName\":\"search_term_string\"}}],\"inLanguage\":\"de\"}]}<\/script>\n<!-- \/ Yoast SEO plugin. -->","yoast_head_json":{"title":"Datenschutzbestimmungen \"Living Land\" - Mouvement \u00e9cologique","robots":{"index":"index","follow":"follow","max-snippet":"max-snippet:-1","max-image-preview":"max-image-preview:large","max-video-preview":"max-video-preview:-1"},"canonical":"https:\/\/www.meco.lu\/de\/datenschutzbestimmungen-living-land-d\/","og_locale":"de_DE","og_type":"article","og_title":"Datenschutzbestimmungen \"Living Land\" - Mouvement \u00e9cologique","og_description":"[vc_row][vc_column width=&#8220;1\/1&#8243;][vc_column_text] Datenschutzbestimmungen &#8222;Living Land&#8220; &nbsp; Die von Ihnen in Online-Formularen des Mouvement Ecologique angegebenen Daten werden ausschlie\u03b2lich f\u00fcr die Arbeit des Mouvement Ecologique verwendet und nicht an Dritte weitergegeben. Die L\u00f6schung der Daten k\u00f6nnen Sie formlos per E-Mail beantragen. (Kontaktinformationen: Mouvement Ecologique,\u00a0meco@oeko.lu) Sie k\u00f6nnen den Newsletter also jederzeit abbestellen. &nbsp; [\/vc_column_text][\/vc_column][\/vc_row]","og_url":"https:\/\/www.meco.lu\/de\/datenschutzbestimmungen-living-land-d\/","og_site_name":"Mouvement \u00e9cologique","article_modified_time":"2024-05-21T11:46:34+00:00","twitter_card":"summary_large_image","schema":{"@context":"https:\/\/schema.org","@graph":[{"@type":"WebPage","@id":"https:\/\/www.meco.lu\/de\/datenschutzbestimmungen-living-land-d\/","url":"https:\/\/www.meco.lu\/de\/datenschutzbestimmungen-living-land-d\/","name":"Datenschutzbestimmungen \"Living Land\" - Mouvement \u00e9cologique","isPartOf":{"@id":"https:\/\/www.meco.lu\/de\/#website"},"datePublished":"2017-04-06T12:35:13+00:00","dateModified":"2024-05-21T11:46:34+00:00","breadcrumb":{"@id":"https:\/\/www.meco.lu\/de\/datenschutzbestimmungen-living-land-d\/#breadcrumb"},"inLanguage":"de","potentialAction":[{"@type":"ReadAction","target":["https:\/\/www.meco.lu\/de\/datenschutzbestimmungen-living-land-d\/"]}]},{"@type":"BreadcrumbList","@id":"https:\/\/www.meco.lu\/de\/datenschutzbestimmungen-living-land-d\/#breadcrumb","itemListElement":[{"@type":"ListItem","position":1,"name":"Home","item":"https:\/\/www.meco.lu\/de\/"},{"@type":"ListItem","position":2,"name":"Datenschutzbestimmungen &#8222;Living Land&#8220;"}]},{"@type":"WebSite","@id":"https:\/\/www.meco.lu\/de\/#website","url":"https:\/\/www.meco.lu\/de\/","name":"Mouvement \u00e9cologique","description":"","potentialAction":[{"@type":"SearchAction","target":{"@type":"EntryPoint","urlTemplate":"https:\/\/www.meco.lu\/de\/?s={search_term_string}"},"query-input":{"@type":"PropertyValueSpecification","valueRequired":true,"valueName":"search_term_string"}}],"inLanguage":"de"}]}},"_links":{"self":[{"href":"https:\/\/www.meco.lu\/de\/wp-json\/wp\/v2\/pages\/22235","targetHints":{"allow":["GET"]}}],"collection":[{"href":"https:\/\/www.meco.lu\/de\/wp-json\/wp\/v2\/pages"}],"about":[{"href":"https:\/\/www.meco.lu\/de\/wp-json\/wp\/v2\/types\/page"}],"author":[{"embeddable":true,"href":"https:\/\/www.meco.lu\/de\/wp-json\/wp\/v2\/users\/5"}],"replies":[{"embeddable":true,"href":"https:\/\/www.meco.lu\/de\/wp-json\/wp\/v2\/comments?post=22235"}],"version-history":[{"count":5,"href":"https:\/\/www.meco.lu\/de\/wp-json\/wp\/v2\/pages\/22235\/revisions"}],"predecessor-version":[{"id":22257,"href":"https:\/\/www.meco.lu\/de\/wp-json\/wp\/v2\/pages\/22235\/revisions\/22257"}],"wp:attachment":[{"href":"https:\/\/www.meco.lu\/de\/wp-json\/wp\/v2\/media?parent=22235"}],"curies":[{"name":"wp","href":"https:\/\/api.w.org\/{rel}","templated":true}]}}