{"id":21393,"date":"2017-02-06T15:42:26","date_gmt":"2017-02-06T13:42:26","guid":{"rendered":"http:\/\/www.meco.lu\/de\/?page_id=21393"},"modified":"2024-05-21T13:46:35","modified_gmt":"2024-05-21T11:46:35","slug":"fotos-der-pflanzen","status":"publish","type":"page","link":"https:\/\/www.meco.lu\/de\/fotos-der-pflanzen\/","title":{"rendered":"Fotos der Pflanzen"},"content":{"rendered":"<section class=\"wpb-content-wrapper\"><div class=\"pf-content\"><p>[vc_row][vc_column][vc_column_text]<\/p>\n<h3>Neugierig, wie die verschiedenen bienenfreundlichen Pflanzen aus dem Flyer &#8222;in echt&#8220; aussehen?<\/h3>\n<p>In unserer Galerie haben wir Ihnen Fotos der bienenfreundlichen Pflanzen aus dem Flyer zusammengestellt.<\/p>\n<p>Klicken Sie einfach auf die jeweilige Kategorie und dann auf die Bilder, um sie sich vergr\u00f6\u03b2ert und mit dem jeweiligen Namen anzeigen zu lassen.<br \/>\nNat\u00fcrlich k\u00f6nnen Sie uns gerne Ihre Fotos zur Aktion schicken, sobald es bei Ihnen im Garten oder auf dem Balkon bl\u00fcht! Schicken Sie uns Ihr Bild zur Ver\u00f6ffentlichung per E-Mail an <strong><a href=\"mailto:meco@oeko.lu\">meco@oeko.lu<\/a><\/strong>, vielen Dank!<\/p>\n<p>Viel Spa\u03b2![\/vc_column_text][vc_accordion collapsible=&#8220;yes&#8220; disable_keyboard=&#8220;&#8220;][vc_accordion_tab title=&#8220;Staudenbeet f\u00fcr sonnige Standorte&#8220;][vc_column_text]Wenn Sie die einzelnen Pflanzennamen anzeigen lassen m\u00f6chten, klicken Sie einfach auf die Fotos![\/vc_column_text][vc_gallery type=&#8220;image_grid&#8220; interval=&#8220;3&#8243; images=&#8220;21752,21419,21432,21434,21448,21452,21453,21458,21461,21463&#8243; onclick=&#8220;link_image&#8220; custom_links_target=&#8220;_self&#8220; img_size=&#8220;medium&#8220;][\/vc_accordion_tab][\/vc_accordion][vc_accordion collapsible=&#8220;yes&#8220; disable_keyboard=&#8220;&#8220;][vc_accordion_tab title=&#8220;Halbschattenbeet in Blau und Wei\u03b2&#8220;][vc_column_text]Wenn Sie die einzelnen Pflanzennamen anzeigen lassen m\u00f6chten, klicken Sie einfach auf die Fotos![\/vc_column_text][vc_gallery type=&#8220;image_grid&#8220; interval=&#8220;3&#8243; images=&#8220;21465,21466,21468,21471,21752,21477,21533,21452,21756,21536,21757,21549,21554&#8243; onclick=&#8220;link_image&#8220; custom_links_target=&#8220;_self&#8220; img_size=&#8220;medium&#8220;][\/vc_accordion_tab][\/vc_accordion][vc_accordion collapsible=&#8220;yes&#8220; disable_keyboard=&#8220;&#8220;][vc_accordion_tab title=&#8220;Balkonpflanzen: Blumen-Set&#8220;][vc_column_text]Wenn Sie die einzelnen Pflanzennamen anzeigen lassen m\u00f6chten, klicken Sie einfach auf die Fotos![\/vc_column_text][vc_gallery type=&#8220;image_grid&#8220; interval=&#8220;3&#8243; onclick=&#8220;link_image&#8220; custom_links_target=&#8220;_self&#8220; images=&#8220;21562,21760,21765,21766,21768&#8243; img_size=&#8220;medium&#8220;][\/vc_accordion_tab][\/vc_accordion][vc_accordion collapsible=&#8220;yes&#8220; disable_keyboard=&#8220;&#8220;][vc_accordion_tab title=&#8220;Balkonpflanzen: Kr\u00e4uter-Set 1&#8243;][vc_gallery type=&#8220;image_grid&#8220; interval=&#8220;3&#8243; onclick=&#8220;link_image&#8220; custom_links_target=&#8220;_self&#8220; img_size=&#8220;medium&#8220; images=&#8220;21770,21772,21773,21775,21777&#8243;][\/vc_accordion_tab][\/vc_accordion][vc_accordion collapsible=&#8220;yes&#8220; disable_keyboard=&#8220;&#8220;][vc_accordion_tab title=&#8220;Balkonpflanzen: Kr\u00e4uter-Set 2&#8243;][vc_gallery type=&#8220;image_grid&#8220; interval=&#8220;3&#8243; onclick=&#8220;link_image&#8220; custom_links_target=&#8220;_self&#8220; img_size=&#8220;medium&#8220; images=&#8220;21779,21781,21785,21783&#8243;][\/vc_accordion_tab][\/vc_accordion][\/vc_column][\/vc_row][vc_row][vc_column width=&#8220;1\/1&#8243;][\/vc_column][\/vc_row]<\/p>\n<\/div><\/section>","protected":false},"excerpt":{"rendered":"<p>[vc_row][vc_column][vc_column_text] Neugierig, wie die verschiedenen bienenfreundlichen Pflanzen aus dem Flyer &#8222;in echt&#8220; aussehen? In unserer Galerie haben wir Ihnen Fotos der bienenfreundlichen Pflanzen aus dem Flyer zusammengestellt. Klicken Sie einfach auf die jeweilige Kategorie und dann auf die Bilder, um sie sich vergr\u00f6\u03b2ert und mit dem jeweiligen Namen anzeigen zu lassen. Nat\u00fcrlich k\u00f6nnen Sie uns [&hellip;]<\/p>\n","protected":false},"author":5,"featured_media":0,"parent":0,"menu_order":40,"comment_status":"closed","ping_status":"closed","template":"","meta":{"_acf_changed":false,"footnotes":""},"class_list":["post-21393","page","type-page","status-publish","hentry"],"acf":[],"yoast_head":"<!-- This site is optimized with the Yoast SEO plugin v27.2 - https:\/\/yoast.com\/product\/yoast-seo-wordpress\/ -->\n<title>Fotos der Pflanzen - Mouvement \u00e9cologique<\/title>\n<meta name=\"robots\" content=\"index, follow, max-snippet:-1, max-image-preview:large, max-video-preview:-1\" \/>\n<link rel=\"canonical\" href=\"https:\/\/www.meco.lu\/de\/fotos-der-pflanzen\/\" \/>\n<meta property=\"og:locale\" content=\"de_DE\" \/>\n<meta property=\"og:type\" content=\"article\" \/>\n<meta property=\"og:title\" content=\"Fotos der Pflanzen - Mouvement \u00e9cologique\" \/>\n<meta property=\"og:description\" content=\"[vc_row][vc_column][vc_column_text] Neugierig, wie die verschiedenen bienenfreundlichen Pflanzen aus dem Flyer &#8222;in echt&#8220; aussehen? In unserer Galerie haben wir Ihnen Fotos der bienenfreundlichen Pflanzen aus dem Flyer zusammengestellt. Klicken Sie einfach auf die jeweilige Kategorie und dann auf die Bilder, um sie sich vergr\u00f6\u03b2ert und mit dem jeweiligen Namen anzeigen zu lassen. Nat\u00fcrlich k\u00f6nnen Sie uns [&hellip;]\" \/>\n<meta property=\"og:url\" content=\"https:\/\/www.meco.lu\/de\/fotos-der-pflanzen\/\" \/>\n<meta property=\"og:site_name\" content=\"Mouvement \u00e9cologique\" \/>\n<meta property=\"article:modified_time\" content=\"2024-05-21T11:46:35+00:00\" \/>\n<meta name=\"twitter:card\" content=\"summary_large_image\" \/>\n<meta name=\"twitter:label1\" content=\"Gesch\u00e4tzte Lesezeit\" \/>\n\t<meta name=\"twitter:data1\" content=\"2\u00a0Minuten\" \/>\n<script type=\"application\/ld+json\" class=\"yoast-schema-graph\">{\"@context\":\"https:\/\/schema.org\",\"@graph\":[{\"@type\":\"WebPage\",\"@id\":\"https:\/\/www.meco.lu\/de\/fotos-der-pflanzen\/\",\"url\":\"https:\/\/www.meco.lu\/de\/fotos-der-pflanzen\/\",\"name\":\"Fotos der Pflanzen - Mouvement \u00e9cologique\",\"isPartOf\":{\"@id\":\"https:\/\/www.meco.lu\/de\/#website\"},\"datePublished\":\"2017-02-06T13:42:26+00:00\",\"dateModified\":\"2024-05-21T11:46:35+00:00\",\"breadcrumb\":{\"@id\":\"https:\/\/www.meco.lu\/de\/fotos-der-pflanzen\/#breadcrumb\"},\"inLanguage\":\"de\",\"potentialAction\":[{\"@type\":\"ReadAction\",\"target\":[\"https:\/\/www.meco.lu\/de\/fotos-der-pflanzen\/\"]}]},{\"@type\":\"BreadcrumbList\",\"@id\":\"https:\/\/www.meco.lu\/de\/fotos-der-pflanzen\/#breadcrumb\",\"itemListElement\":[{\"@type\":\"ListItem\",\"position\":1,\"name\":\"Home\",\"item\":\"https:\/\/www.meco.lu\/de\/\"},{\"@type\":\"ListItem\",\"position\":2,\"name\":\"Fotos der Pflanzen\"}]},{\"@type\":\"WebSite\",\"@id\":\"https:\/\/www.meco.lu\/de\/#website\",\"url\":\"https:\/\/www.meco.lu\/de\/\",\"name\":\"Mouvement \u00e9cologique\",\"description\":\"\",\"potentialAction\":[{\"@type\":\"SearchAction\",\"target\":{\"@type\":\"EntryPoint\",\"urlTemplate\":\"https:\/\/www.meco.lu\/de\/?s={search_term_string}\"},\"query-input\":{\"@type\":\"PropertyValueSpecification\",\"valueRequired\":true,\"valueName\":\"search_term_string\"}}],\"inLanguage\":\"de\"}]}<\/script>\n<!-- \/ Yoast SEO plugin. -->","yoast_head_json":{"title":"Fotos der Pflanzen - Mouvement \u00e9cologique","robots":{"index":"index","follow":"follow","max-snippet":"max-snippet:-1","max-image-preview":"max-image-preview:large","max-video-preview":"max-video-preview:-1"},"canonical":"https:\/\/www.meco.lu\/de\/fotos-der-pflanzen\/","og_locale":"de_DE","og_type":"article","og_title":"Fotos der Pflanzen - Mouvement \u00e9cologique","og_description":"[vc_row][vc_column][vc_column_text] Neugierig, wie die verschiedenen bienenfreundlichen Pflanzen aus dem Flyer &#8222;in echt&#8220; aussehen? In unserer Galerie haben wir Ihnen Fotos der bienenfreundlichen Pflanzen aus dem Flyer zusammengestellt. Klicken Sie einfach auf die jeweilige Kategorie und dann auf die Bilder, um sie sich vergr\u00f6\u03b2ert und mit dem jeweiligen Namen anzeigen zu lassen. Nat\u00fcrlich k\u00f6nnen Sie uns [&hellip;]","og_url":"https:\/\/www.meco.lu\/de\/fotos-der-pflanzen\/","og_site_name":"Mouvement \u00e9cologique","article_modified_time":"2024-05-21T11:46:35+00:00","twitter_card":"summary_large_image","twitter_misc":{"Gesch\u00e4tzte Lesezeit":"2\u00a0Minuten"},"schema":{"@context":"https:\/\/schema.org","@graph":[{"@type":"WebPage","@id":"https:\/\/www.meco.lu\/de\/fotos-der-pflanzen\/","url":"https:\/\/www.meco.lu\/de\/fotos-der-pflanzen\/","name":"Fotos der Pflanzen - Mouvement \u00e9cologique","isPartOf":{"@id":"https:\/\/www.meco.lu\/de\/#website"},"datePublished":"2017-02-06T13:42:26+00:00","dateModified":"2024-05-21T11:46:35+00:00","breadcrumb":{"@id":"https:\/\/www.meco.lu\/de\/fotos-der-pflanzen\/#breadcrumb"},"inLanguage":"de","potentialAction":[{"@type":"ReadAction","target":["https:\/\/www.meco.lu\/de\/fotos-der-pflanzen\/"]}]},{"@type":"BreadcrumbList","@id":"https:\/\/www.meco.lu\/de\/fotos-der-pflanzen\/#breadcrumb","itemListElement":[{"@type":"ListItem","position":1,"name":"Home","item":"https:\/\/www.meco.lu\/de\/"},{"@type":"ListItem","position":2,"name":"Fotos der Pflanzen"}]},{"@type":"WebSite","@id":"https:\/\/www.meco.lu\/de\/#website","url":"https:\/\/www.meco.lu\/de\/","name":"Mouvement \u00e9cologique","description":"","potentialAction":[{"@type":"SearchAction","target":{"@type":"EntryPoint","urlTemplate":"https:\/\/www.meco.lu\/de\/?s={search_term_string}"},"query-input":{"@type":"PropertyValueSpecification","valueRequired":true,"valueName":"search_term_string"}}],"inLanguage":"de"}]}},"_links":{"self":[{"href":"https:\/\/www.meco.lu\/de\/wp-json\/wp\/v2\/pages\/21393","targetHints":{"allow":["GET"]}}],"collection":[{"href":"https:\/\/www.meco.lu\/de\/wp-json\/wp\/v2\/pages"}],"about":[{"href":"https:\/\/www.meco.lu\/de\/wp-json\/wp\/v2\/types\/page"}],"author":[{"embeddable":true,"href":"https:\/\/www.meco.lu\/de\/wp-json\/wp\/v2\/users\/5"}],"replies":[{"embeddable":true,"href":"https:\/\/www.meco.lu\/de\/wp-json\/wp\/v2\/comments?post=21393"}],"version-history":[{"count":5,"href":"https:\/\/www.meco.lu\/de\/wp-json\/wp\/v2\/pages\/21393\/revisions"}],"predecessor-version":[{"id":21806,"href":"https:\/\/www.meco.lu\/de\/wp-json\/wp\/v2\/pages\/21393\/revisions\/21806"}],"wp:attachment":[{"href":"https:\/\/www.meco.lu\/de\/wp-json\/wp\/v2\/media?parent=21393"}],"curies":[{"name":"wp","href":"https:\/\/api.w.org\/{rel}","templated":true}]}}