{"id":21257,"date":"2017-03-03T15:17:02","date_gmt":"2017-03-03T13:17:02","guid":{"rendered":"http:\/\/www.meco.lu\/de\/?page_id=21257"},"modified":"2017-03-13T10:53:04","modified_gmt":"2017-03-13T08:53:04","slug":"weitere-ideen-wie-sie-bienen-helfen-koennen","status":"publish","type":"page","link":"https:\/\/www.meco.lu\/de\/weitere-ideen-wie-sie-bienen-helfen-koennen\/","title":{"rendered":"Weitere Ideen, wie Sie Bienen helfen k\u00f6nnen"},"content":{"rendered":"<div class=\"pf-content\"><h3>Weitere Ideen, wie Sie Bienen helfen k\u00f6nnen:<\/h3>\n<p>&nbsp;<\/p>\n<ul>\n<li><span style=\"text-decoration: underline;color: #339966\"><strong><a style=\"color: #339966;text-decoration: underline\" href=\"http:\/\/www.meco.lu\/wp-content\/uploads\/2017\/03\/Bauanleitung-Bienenhotel.pdf\" target=\"_blank\">Anleitung: Bau eines Bienenhotels<\/a><\/strong><\/span><\/li>\n<li><span style=\"color: #339966\"><a style=\"color: #339966\" href=\"http:\/\/www.bienenzukunft.ch\/de\" target=\"_blank\"><span style=\"text-decoration: underline\"><strong>Plattform Bienenzukunft:\u00a0<\/strong><\/span><\/a><\/span>Hier finden Sie konkrete Empfehlungen und praxistaugliches, wissenschaftlich gesichertes Wissen<\/li>\n<li><span style=\"text-decoration: underline;color: #339966\"><strong><a style=\"color: #339966;text-decoration: underline\" href=\"http:\/\/www.meco.lu\/wp-content\/uploads\/2017\/03\/Pflanzen-f\u00fcr-den-Garten.pdf\">Empfohlene Pflanzen f\u00fcr Wildbienen<\/a><\/strong><\/span><\/li>\n<li><span style=\"text-decoration: underline;color: #339966\"><strong><a style=\"color: #339966;text-decoration: underline\" href=\"http:\/\/www.meco.lu\/wp-content\/uploads\/2017\/03\/Pressecommuniqu\u00e9-2014-W\u00ebll-B\u00e9ien-Mee.pdf\">Pressecommuniqu\u00e9: Eis Beien a Bommelen brauchen H\u00ebllef\u00a0<\/a><\/strong><\/span><\/li>\n<\/ul>\n<p>&nbsp;<\/p>\n<p>&nbsp;<\/p>\n<p><a href=\"http:\/\/www.meco.lu\/wp-content\/uploads\/2017\/03\/insect-house-598354_1280.jpg\"><img loading=\"lazy\" decoding=\"async\" class=\"alignnone size-full wp-image-21858\" src=\"http:\/\/www.meco.lu\/wp-content\/uploads\/2017\/03\/insect-house-598354_1280.jpg\" alt=\"insect-house-598354_1280\" width=\"1280\" height=\"853\" srcset=\"https:\/\/www.meco.lu\/wp-content\/uploads\/2017\/03\/insect-house-598354_1280.jpg 1280w, https:\/\/www.meco.lu\/wp-content\/uploads\/2017\/03\/insect-house-598354_1280-300x200.jpg 300w, https:\/\/www.meco.lu\/wp-content\/uploads\/2017\/03\/insect-house-598354_1280-1024x682.jpg 1024w, https:\/\/www.meco.lu\/wp-content\/uploads\/2017\/03\/insect-house-598354_1280-213x142.jpg 213w\" sizes=\"auto, (max-width: 1280px) 100vw, 1280px\" \/><\/a><\/p>\n<\/div>","protected":false},"excerpt":{"rendered":"<p>Weitere Ideen, wie Sie Bienen helfen k\u00f6nnen: &nbsp; Anleitung: Bau eines Bienenhotels Plattform Bienenzukunft:\u00a0Hier finden Sie konkrete Empfehlungen und praxistaugliches, wissenschaftlich gesichertes Wissen Empfohlene Pflanzen f\u00fcr Wildbienen Pressecommuniqu\u00e9: Eis Beien a Bommelen brauchen H\u00ebllef\u00a0 &nbsp; &nbsp;<\/p>\n","protected":false},"author":1,"featured_media":0,"parent":0,"menu_order":0,"comment_status":"closed","ping_status":"closed","template":"","meta":{"_acf_changed":false,"footnotes":""},"class_list":["post-21257","page","type-page","status-publish","hentry"],"acf":[],"yoast_head":"<!-- This site is optimized with the Yoast SEO plugin v27.2 - https:\/\/yoast.com\/product\/yoast-seo-wordpress\/ -->\n<title>Weitere Ideen, wie Sie Bienen helfen k\u00f6nnen - Mouvement \u00e9cologique<\/title>\n<meta name=\"robots\" content=\"index, follow, max-snippet:-1, max-image-preview:large, max-video-preview:-1\" \/>\n<link rel=\"canonical\" href=\"https:\/\/www.meco.lu\/de\/weitere-ideen-wie-sie-bienen-helfen-koennen\/\" \/>\n<meta property=\"og:locale\" content=\"de_DE\" \/>\n<meta property=\"og:type\" content=\"article\" \/>\n<meta property=\"og:title\" content=\"Weitere Ideen, wie Sie Bienen helfen k\u00f6nnen - Mouvement \u00e9cologique\" \/>\n<meta property=\"og:description\" content=\"Weitere Ideen, wie Sie Bienen helfen k\u00f6nnen: &nbsp; Anleitung: Bau eines Bienenhotels Plattform Bienenzukunft:\u00a0Hier finden Sie konkrete Empfehlungen und praxistaugliches, wissenschaftlich gesichertes Wissen Empfohlene Pflanzen f\u00fcr Wildbienen Pressecommuniqu\u00e9: Eis Beien a Bommelen brauchen H\u00ebllef\u00a0 &nbsp; &nbsp;\" \/>\n<meta property=\"og:url\" content=\"https:\/\/www.meco.lu\/de\/weitere-ideen-wie-sie-bienen-helfen-koennen\/\" \/>\n<meta property=\"og:site_name\" content=\"Mouvement \u00e9cologique\" \/>\n<meta property=\"article:modified_time\" content=\"2017-03-13T08:53:04+00:00\" \/>\n<meta property=\"og:image\" content=\"http:\/\/www.meco.lu\/wp-content\/uploads\/2017\/03\/insect-house-598354_1280.jpg\" \/>\n<meta name=\"twitter:card\" content=\"summary_large_image\" \/>\n<script type=\"application\/ld+json\" class=\"yoast-schema-graph\">{\"@context\":\"https:\/\/schema.org\",\"@graph\":[{\"@type\":\"WebPage\",\"@id\":\"https:\/\/www.meco.lu\/de\/weitere-ideen-wie-sie-bienen-helfen-koennen\/\",\"url\":\"https:\/\/www.meco.lu\/de\/weitere-ideen-wie-sie-bienen-helfen-koennen\/\",\"name\":\"Weitere Ideen, wie Sie Bienen helfen k\u00f6nnen - Mouvement \u00e9cologique\",\"isPartOf\":{\"@id\":\"https:\/\/www.meco.lu\/de\/#website\"},\"primaryImageOfPage\":{\"@id\":\"https:\/\/www.meco.lu\/de\/weitere-ideen-wie-sie-bienen-helfen-koennen\/#primaryimage\"},\"image\":{\"@id\":\"https:\/\/www.meco.lu\/de\/weitere-ideen-wie-sie-bienen-helfen-koennen\/#primaryimage\"},\"thumbnailUrl\":\"http:\/\/www.meco.lu\/wp-content\/uploads\/2017\/03\/insect-house-598354_1280.jpg\",\"datePublished\":\"2017-03-03T13:17:02+00:00\",\"dateModified\":\"2017-03-13T08:53:04+00:00\",\"breadcrumb\":{\"@id\":\"https:\/\/www.meco.lu\/de\/weitere-ideen-wie-sie-bienen-helfen-koennen\/#breadcrumb\"},\"inLanguage\":\"de\",\"potentialAction\":[{\"@type\":\"ReadAction\",\"target\":[\"https:\/\/www.meco.lu\/de\/weitere-ideen-wie-sie-bienen-helfen-koennen\/\"]}]},{\"@type\":\"ImageObject\",\"inLanguage\":\"de\",\"@id\":\"https:\/\/www.meco.lu\/de\/weitere-ideen-wie-sie-bienen-helfen-koennen\/#primaryimage\",\"url\":\"http:\/\/www.meco.lu\/wp-content\/uploads\/2017\/03\/insect-house-598354_1280.jpg\",\"contentUrl\":\"http:\/\/www.meco.lu\/wp-content\/uploads\/2017\/03\/insect-house-598354_1280.jpg\"},{\"@type\":\"BreadcrumbList\",\"@id\":\"https:\/\/www.meco.lu\/de\/weitere-ideen-wie-sie-bienen-helfen-koennen\/#breadcrumb\",\"itemListElement\":[{\"@type\":\"ListItem\",\"position\":1,\"name\":\"Home\",\"item\":\"https:\/\/www.meco.lu\/de\/\"},{\"@type\":\"ListItem\",\"position\":2,\"name\":\"Weitere Ideen, wie Sie Bienen helfen k\u00f6nnen\"}]},{\"@type\":\"WebSite\",\"@id\":\"https:\/\/www.meco.lu\/de\/#website\",\"url\":\"https:\/\/www.meco.lu\/de\/\",\"name\":\"Mouvement \u00e9cologique\",\"description\":\"\",\"potentialAction\":[{\"@type\":\"SearchAction\",\"target\":{\"@type\":\"EntryPoint\",\"urlTemplate\":\"https:\/\/www.meco.lu\/de\/?s={search_term_string}\"},\"query-input\":{\"@type\":\"PropertyValueSpecification\",\"valueRequired\":true,\"valueName\":\"search_term_string\"}}],\"inLanguage\":\"de\"}]}<\/script>\n<!-- \/ Yoast SEO plugin. -->","yoast_head_json":{"title":"Weitere Ideen, wie Sie Bienen helfen k\u00f6nnen - Mouvement \u00e9cologique","robots":{"index":"index","follow":"follow","max-snippet":"max-snippet:-1","max-image-preview":"max-image-preview:large","max-video-preview":"max-video-preview:-1"},"canonical":"https:\/\/www.meco.lu\/de\/weitere-ideen-wie-sie-bienen-helfen-koennen\/","og_locale":"de_DE","og_type":"article","og_title":"Weitere Ideen, wie Sie Bienen helfen k\u00f6nnen - Mouvement \u00e9cologique","og_description":"Weitere Ideen, wie Sie Bienen helfen k\u00f6nnen: &nbsp; Anleitung: Bau eines Bienenhotels Plattform Bienenzukunft:\u00a0Hier finden Sie konkrete Empfehlungen und praxistaugliches, wissenschaftlich gesichertes Wissen Empfohlene Pflanzen f\u00fcr Wildbienen Pressecommuniqu\u00e9: Eis Beien a Bommelen brauchen H\u00ebllef\u00a0 &nbsp; &nbsp;","og_url":"https:\/\/www.meco.lu\/de\/weitere-ideen-wie-sie-bienen-helfen-koennen\/","og_site_name":"Mouvement \u00e9cologique","article_modified_time":"2017-03-13T08:53:04+00:00","og_image":[{"url":"http:\/\/www.meco.lu\/wp-content\/uploads\/2017\/03\/insect-house-598354_1280.jpg","type":"","width":"","height":""}],"twitter_card":"summary_large_image","schema":{"@context":"https:\/\/schema.org","@graph":[{"@type":"WebPage","@id":"https:\/\/www.meco.lu\/de\/weitere-ideen-wie-sie-bienen-helfen-koennen\/","url":"https:\/\/www.meco.lu\/de\/weitere-ideen-wie-sie-bienen-helfen-koennen\/","name":"Weitere Ideen, wie Sie Bienen helfen k\u00f6nnen - Mouvement \u00e9cologique","isPartOf":{"@id":"https:\/\/www.meco.lu\/de\/#website"},"primaryImageOfPage":{"@id":"https:\/\/www.meco.lu\/de\/weitere-ideen-wie-sie-bienen-helfen-koennen\/#primaryimage"},"image":{"@id":"https:\/\/www.meco.lu\/de\/weitere-ideen-wie-sie-bienen-helfen-koennen\/#primaryimage"},"thumbnailUrl":"http:\/\/www.meco.lu\/wp-content\/uploads\/2017\/03\/insect-house-598354_1280.jpg","datePublished":"2017-03-03T13:17:02+00:00","dateModified":"2017-03-13T08:53:04+00:00","breadcrumb":{"@id":"https:\/\/www.meco.lu\/de\/weitere-ideen-wie-sie-bienen-helfen-koennen\/#breadcrumb"},"inLanguage":"de","potentialAction":[{"@type":"ReadAction","target":["https:\/\/www.meco.lu\/de\/weitere-ideen-wie-sie-bienen-helfen-koennen\/"]}]},{"@type":"ImageObject","inLanguage":"de","@id":"https:\/\/www.meco.lu\/de\/weitere-ideen-wie-sie-bienen-helfen-koennen\/#primaryimage","url":"http:\/\/www.meco.lu\/wp-content\/uploads\/2017\/03\/insect-house-598354_1280.jpg","contentUrl":"http:\/\/www.meco.lu\/wp-content\/uploads\/2017\/03\/insect-house-598354_1280.jpg"},{"@type":"BreadcrumbList","@id":"https:\/\/www.meco.lu\/de\/weitere-ideen-wie-sie-bienen-helfen-koennen\/#breadcrumb","itemListElement":[{"@type":"ListItem","position":1,"name":"Home","item":"https:\/\/www.meco.lu\/de\/"},{"@type":"ListItem","position":2,"name":"Weitere Ideen, wie Sie Bienen helfen k\u00f6nnen"}]},{"@type":"WebSite","@id":"https:\/\/www.meco.lu\/de\/#website","url":"https:\/\/www.meco.lu\/de\/","name":"Mouvement \u00e9cologique","description":"","potentialAction":[{"@type":"SearchAction","target":{"@type":"EntryPoint","urlTemplate":"https:\/\/www.meco.lu\/de\/?s={search_term_string}"},"query-input":{"@type":"PropertyValueSpecification","valueRequired":true,"valueName":"search_term_string"}}],"inLanguage":"de"}]}},"_links":{"self":[{"href":"https:\/\/www.meco.lu\/de\/wp-json\/wp\/v2\/pages\/21257","targetHints":{"allow":["GET"]}}],"collection":[{"href":"https:\/\/www.meco.lu\/de\/wp-json\/wp\/v2\/pages"}],"about":[{"href":"https:\/\/www.meco.lu\/de\/wp-json\/wp\/v2\/types\/page"}],"author":[{"embeddable":true,"href":"https:\/\/www.meco.lu\/de\/wp-json\/wp\/v2\/users\/1"}],"replies":[{"embeddable":true,"href":"https:\/\/www.meco.lu\/de\/wp-json\/wp\/v2\/comments?post=21257"}],"version-history":[{"count":5,"href":"https:\/\/www.meco.lu\/de\/wp-json\/wp\/v2\/pages\/21257\/revisions"}],"predecessor-version":[{"id":21898,"href":"https:\/\/www.meco.lu\/de\/wp-json\/wp\/v2\/pages\/21257\/revisions\/21898"}],"wp:attachment":[{"href":"https:\/\/www.meco.lu\/de\/wp-json\/wp\/v2\/media?parent=21257"}],"curies":[{"name":"wp","href":"https:\/\/api.w.org\/{rel}","templated":true}]}}