{"id":18426,"date":"2016-06-08T11:14:31","date_gmt":"2016-06-08T09:14:31","guid":{"rendered":"http:\/\/www.meco.lu\/de\/?page_id=18426"},"modified":"2025-07-22T09:05:03","modified_gmt":"2025-07-22T07:05:03","slug":"move-dei-jonk-am-mouvement-ecologique","status":"publish","type":"page","link":"https:\/\/www.meco.lu\/de\/move-dei-jonk-am-mouvement-ecologique\/","title":{"rendered":"move."},"content":{"rendered":"<section class=\"wpb-content-wrapper\"><div class=\"pf-content\"><p>[vc_row][vc_column][vc_single_image image=&#8220;17471&#8243; img_size=&#8220;full&#8220;][\/vc_column][\/vc_row][vc_row][vc_column][vc_column_text]<\/p>\n<h1><span style=\"color: #99cc00\"><strong>move.<\/strong><\/span><\/h1>\n<h2><span style=\"color: #99cc00\"><strong>Jugendgrupp \u2013 Projeten \u2013 Aktivit\u00e9iten \u2013 \u00cbmweltbildung \u2013 Workshops \u2013 Stage<\/strong><\/span><\/h2>\n<p><span style=\"color: #99cc00\"><strong>move.<\/strong>\u00a0<\/span>\u00ebnnerst\u00ebtzt jonk Leit, d\u00e9i sech fir eng zukunftsorient\u00e9iert an \u00ebmweltbewosst Gesellschaft w\u00ebllen engag\u00e9ieren. Zil ass et Jonken, d\u00e9i sech fir en nohaltege Liewensstil w\u00ebllen asetzen eng St\u00ebmm ze gin.<\/p>\n<p><span style=\"color: #99cc00\"><strong>move.\u00a0<\/strong><\/span>schafft op Themeber\u00e4icher d\u00e9i enk mam \u00cbmweltschutz verbonne sinn. Nieft engem eegest\u00e4nnege Jugendgrupp ginn\u00a0Projeten, Aktivit\u00e9iten an \u00cbmweltbildung zu Themen ew\u00e9i Klima, Konsum, Globalis\u00e9ierung, Mobilit\u00e9it, Wunnen, Ern\u00e4hrung, Demokratie a Matbest\u00ebmmung, oder \u00cbmweltbildung ugebuede.<\/p>\n<p>&nbsp;<\/p>\n<h3><span style=\"color: #99cc00\"><strong>Jugendgrupp:\u00a0<\/strong><\/span><\/h3>\n<p>Du w\u00eblls eppes beweegen?<\/p>\n<div class=\"_50f4\">\n<div id=\"id_570e4480a47138d41914345\" class=\"text_exposed_root text_exposed\">\n<p>Klimawandel, Globalis\u00e9ierung, Naturschutz oder grenzelose Konsum sinn alles Themen d\u00e9i eis am Allda<span class=\"text_exposed_show\">g besch\u00e4ftegen. Natierlech k\u00ebnne mer drop waarden datt anerer sech dr\u00ebm k\u00ebmmeren. Mir kennen awer och selwer aktiv ginn, eis zesummendoen an uf\u00e4nken eppes ze ver\u00e4nneren.<\/span><\/p>\n<\/div>\n<p>de move. Jugendgrupp tr\u00ebfft sech regelm\u00e9isseg.<\/p>\n<p>&nbsp;<\/p>\n<h3><span style=\"color: #99cc00\"><strong>Workshops:<\/strong><\/span><\/h3>\n<p>move. bidd verschidde Workshops zum Thema nohalt\u00ebg Entw\u00e9cklung fir Schoulen oder Jugendgruppen un.<\/p>\n<p>Bei weidere Froen schreiwt einfach e Mail op <strong><span style=\"color: #99cc00\">move@oeko.lu<\/span><\/strong> oder rufft un um <strong><span style=\"color: #99cc00\">43 90 30 \u2013 32.<\/span><\/strong><\/p>\n<p>&nbsp;<\/p>\n<\/div>\n<h3><span style=\"color: #99cc00\"><strong>Maach e Stage bei move:<\/strong><\/span><\/h3>\n<p>S\u00e4it Februar 2016, bitt move. jonke M\u00ebnschen d\u2019M\u00e9iglechkeet e Stage am Oekozenter ze maachen. Am Stage kr\u00e9ie Sch\u00fcler oder Studenten d\u2019M\u00e9iglechkeet op engem konkrete Projet ze schaffen. Je no Dauer an Interessen, ginn zesummen Ziler festgehal a vill W\u00e4ert op d\u00e9i pers\u00e9inlech Entw\u00e9cklung vum Jonke geluet.\u00a0Du bass un nohalteger Entw\u00e9cklung interess\u00e9iert? Du hues Loscht op engem konkrete Projet ze schaffen?<\/p>\n<p>&nbsp;<\/p>\n<p>Sch\u00e9ck einfach d\u00e4i\u00a0Motivatiounsbr\u00e9if an d\u00e4i\u00a0CV op <a href=\"mailto:move@oeko.lu\"><strong><span style=\"color: #99cc00\">move@oeko.lu<\/span><\/strong><\/a><\/p>\n<section>\u00a0<\/section>\n<section><\/section>\n<h3><a href=\"http:\/\/move.meco.lu\/\" target=\"_blank\" rel=\"noopener\"><em><strong><span style=\"color: #99cc00\">Fir m\u00e9i Informatiounen gitt w.e.g hei op de Site vu move: move.meco.lu<\/span><\/strong><\/em><\/a><\/h3>\n<section><\/section>\n<section><\/section>\n<section><\/section>\n<section><\/section>\n<section><\/section>\n<section><\/section>\n<section><\/section>\n<p>[\/vc_column_text][\/vc_column][\/vc_row]<\/p>\n<\/div><\/section>","protected":false},"excerpt":{"rendered":"<p>[vc_row][vc_column][vc_single_image image=&#8220;17471&#8243; img_size=&#8220;full&#8220;][\/vc_column][\/vc_row][vc_row][vc_column][vc_column_text] move. Jugendgrupp \u2013 Projeten \u2013 Aktivit\u00e9iten \u2013 \u00cbmweltbildung \u2013 Workshops \u2013 Stage move.\u00a0\u00ebnnerst\u00ebtzt jonk Leit, d\u00e9i sech fir eng zukunftsorient\u00e9iert an \u00ebmweltbewosst Gesellschaft w\u00ebllen engag\u00e9ieren. Zil ass et Jonken, d\u00e9i sech fir en nohaltege Liewensstil w\u00ebllen asetzen eng St\u00ebmm ze gin. move.\u00a0schafft op Themeber\u00e4icher d\u00e9i enk mam \u00cbmweltschutz verbonne sinn. Nieft engem [&hellip;]<\/p>\n","protected":false},"author":5,"featured_media":17471,"parent":0,"menu_order":0,"comment_status":"closed","ping_status":"closed","template":"","meta":{"_acf_changed":false,"footnotes":""},"class_list":["post-18426","page","type-page","status-publish","has-post-thumbnail","hentry"],"acf":[],"yoast_head":"<!-- This site is optimized with the Yoast SEO plugin v27.2 - https:\/\/yoast.com\/product\/yoast-seo-wordpress\/ -->\n<title>move. - D\u00e9i Jonk am Mouvement Ecologique - Aktiv fir eng besser Zukunft<\/title>\n<meta name=\"description\" content=\"Aktiv a kreativ fir eng besser Zukunft. Bei weidere Fro\u00eb schreiwt einfach \u00eb Mail un move@oeko.lu oder besicht eis HP: move.meco.lu\" \/>\n<meta name=\"robots\" content=\"index, follow, max-snippet:-1, max-image-preview:large, max-video-preview:-1\" \/>\n<link rel=\"canonical\" href=\"https:\/\/www.meco.lu\/de\/move-dei-jonk-am-mouvement-ecologique\/\" \/>\n<meta property=\"og:locale\" content=\"de_DE\" \/>\n<meta property=\"og:type\" content=\"article\" \/>\n<meta property=\"og:title\" content=\"move. - D\u00e9i Jonk am Mouvement Ecologique - Aktiv fir eng besser Zukunft\" \/>\n<meta property=\"og:description\" content=\"Aktiv a kreativ fir eng besser Zukunft. Bei weidere Fro\u00eb schreiwt einfach \u00eb Mail un move@oeko.lu oder besicht eis HP: move.meco.lu\" \/>\n<meta property=\"og:url\" content=\"https:\/\/www.meco.lu\/de\/move-dei-jonk-am-mouvement-ecologique\/\" \/>\n<meta property=\"og:site_name\" content=\"Mouvement \u00e9cologique\" \/>\n<meta property=\"article:modified_time\" content=\"2025-07-22T07:05:03+00:00\" \/>\n<meta property=\"og:image\" content=\"http:\/\/www.meco.lu\/wp-content\/uploads\/2016\/02\/Move-Logo-news.jpg\" \/>\n\t<meta property=\"og:image:width\" content=\"700\" \/>\n\t<meta property=\"og:image:height\" content=\"364\" \/>\n\t<meta property=\"og:image:type\" content=\"image\/jpeg\" \/>\n<meta name=\"twitter:card\" content=\"summary_large_image\" \/>\n<meta name=\"twitter:label1\" content=\"Gesch\u00e4tzte Lesezeit\" \/>\n\t<meta name=\"twitter:data1\" content=\"2\u00a0Minuten\" \/>\n<script type=\"application\/ld+json\" class=\"yoast-schema-graph\">{\"@context\":\"https:\/\/schema.org\",\"@graph\":[{\"@type\":\"WebPage\",\"@id\":\"https:\/\/www.meco.lu\/de\/move-dei-jonk-am-mouvement-ecologique\/\",\"url\":\"https:\/\/www.meco.lu\/de\/move-dei-jonk-am-mouvement-ecologique\/\",\"name\":\"move. - D\u00e9i Jonk am Mouvement Ecologique - Aktiv fir eng besser Zukunft\",\"isPartOf\":{\"@id\":\"https:\/\/www.meco.lu\/de\/#website\"},\"primaryImageOfPage\":{\"@id\":\"https:\/\/www.meco.lu\/de\/move-dei-jonk-am-mouvement-ecologique\/#primaryimage\"},\"image\":{\"@id\":\"https:\/\/www.meco.lu\/de\/move-dei-jonk-am-mouvement-ecologique\/#primaryimage\"},\"thumbnailUrl\":\"https:\/\/www.meco.lu\/wp-content\/uploads\/2016\/02\/Move-Logo-news.jpg\",\"datePublished\":\"2016-06-08T09:14:31+00:00\",\"dateModified\":\"2025-07-22T07:05:03+00:00\",\"description\":\"Aktiv a kreativ fir eng besser Zukunft. Bei weidere Fro\u00eb schreiwt einfach \u00eb Mail un move@oeko.lu oder besicht eis HP: move.meco.lu\",\"breadcrumb\":{\"@id\":\"https:\/\/www.meco.lu\/de\/move-dei-jonk-am-mouvement-ecologique\/#breadcrumb\"},\"inLanguage\":\"de\",\"potentialAction\":[{\"@type\":\"ReadAction\",\"target\":[\"https:\/\/www.meco.lu\/de\/move-dei-jonk-am-mouvement-ecologique\/\"]}]},{\"@type\":\"ImageObject\",\"inLanguage\":\"de\",\"@id\":\"https:\/\/www.meco.lu\/de\/move-dei-jonk-am-mouvement-ecologique\/#primaryimage\",\"url\":\"https:\/\/www.meco.lu\/wp-content\/uploads\/2016\/02\/Move-Logo-news.jpg\",\"contentUrl\":\"https:\/\/www.meco.lu\/wp-content\/uploads\/2016\/02\/Move-Logo-news.jpg\",\"width\":700,\"height\":364},{\"@type\":\"BreadcrumbList\",\"@id\":\"https:\/\/www.meco.lu\/de\/move-dei-jonk-am-mouvement-ecologique\/#breadcrumb\",\"itemListElement\":[{\"@type\":\"ListItem\",\"position\":1,\"name\":\"Home\",\"item\":\"https:\/\/www.meco.lu\/de\/\"},{\"@type\":\"ListItem\",\"position\":2,\"name\":\"move.\"}]},{\"@type\":\"WebSite\",\"@id\":\"https:\/\/www.meco.lu\/de\/#website\",\"url\":\"https:\/\/www.meco.lu\/de\/\",\"name\":\"Mouvement \u00e9cologique\",\"description\":\"\",\"potentialAction\":[{\"@type\":\"SearchAction\",\"target\":{\"@type\":\"EntryPoint\",\"urlTemplate\":\"https:\/\/www.meco.lu\/de\/?s={search_term_string}\"},\"query-input\":{\"@type\":\"PropertyValueSpecification\",\"valueRequired\":true,\"valueName\":\"search_term_string\"}}],\"inLanguage\":\"de\"}]}<\/script>\n<!-- \/ Yoast SEO plugin. -->","yoast_head_json":{"title":"move. - D\u00e9i Jonk am Mouvement Ecologique - Aktiv fir eng besser Zukunft","description":"Aktiv a kreativ fir eng besser Zukunft. Bei weidere Fro\u00eb schreiwt einfach \u00eb Mail un move@oeko.lu oder besicht eis HP: move.meco.lu","robots":{"index":"index","follow":"follow","max-snippet":"max-snippet:-1","max-image-preview":"max-image-preview:large","max-video-preview":"max-video-preview:-1"},"canonical":"https:\/\/www.meco.lu\/de\/move-dei-jonk-am-mouvement-ecologique\/","og_locale":"de_DE","og_type":"article","og_title":"move. - D\u00e9i Jonk am Mouvement Ecologique - Aktiv fir eng besser Zukunft","og_description":"Aktiv a kreativ fir eng besser Zukunft. Bei weidere Fro\u00eb schreiwt einfach \u00eb Mail un move@oeko.lu oder besicht eis HP: move.meco.lu","og_url":"https:\/\/www.meco.lu\/de\/move-dei-jonk-am-mouvement-ecologique\/","og_site_name":"Mouvement \u00e9cologique","article_modified_time":"2025-07-22T07:05:03+00:00","og_image":[{"width":700,"height":364,"url":"http:\/\/www.meco.lu\/wp-content\/uploads\/2016\/02\/Move-Logo-news.jpg","type":"image\/jpeg"}],"twitter_card":"summary_large_image","twitter_misc":{"Gesch\u00e4tzte Lesezeit":"2\u00a0Minuten"},"schema":{"@context":"https:\/\/schema.org","@graph":[{"@type":"WebPage","@id":"https:\/\/www.meco.lu\/de\/move-dei-jonk-am-mouvement-ecologique\/","url":"https:\/\/www.meco.lu\/de\/move-dei-jonk-am-mouvement-ecologique\/","name":"move. - D\u00e9i Jonk am Mouvement Ecologique - Aktiv fir eng besser Zukunft","isPartOf":{"@id":"https:\/\/www.meco.lu\/de\/#website"},"primaryImageOfPage":{"@id":"https:\/\/www.meco.lu\/de\/move-dei-jonk-am-mouvement-ecologique\/#primaryimage"},"image":{"@id":"https:\/\/www.meco.lu\/de\/move-dei-jonk-am-mouvement-ecologique\/#primaryimage"},"thumbnailUrl":"https:\/\/www.meco.lu\/wp-content\/uploads\/2016\/02\/Move-Logo-news.jpg","datePublished":"2016-06-08T09:14:31+00:00","dateModified":"2025-07-22T07:05:03+00:00","description":"Aktiv a kreativ fir eng besser Zukunft. Bei weidere Fro\u00eb schreiwt einfach \u00eb Mail un move@oeko.lu oder besicht eis HP: move.meco.lu","breadcrumb":{"@id":"https:\/\/www.meco.lu\/de\/move-dei-jonk-am-mouvement-ecologique\/#breadcrumb"},"inLanguage":"de","potentialAction":[{"@type":"ReadAction","target":["https:\/\/www.meco.lu\/de\/move-dei-jonk-am-mouvement-ecologique\/"]}]},{"@type":"ImageObject","inLanguage":"de","@id":"https:\/\/www.meco.lu\/de\/move-dei-jonk-am-mouvement-ecologique\/#primaryimage","url":"https:\/\/www.meco.lu\/wp-content\/uploads\/2016\/02\/Move-Logo-news.jpg","contentUrl":"https:\/\/www.meco.lu\/wp-content\/uploads\/2016\/02\/Move-Logo-news.jpg","width":700,"height":364},{"@type":"BreadcrumbList","@id":"https:\/\/www.meco.lu\/de\/move-dei-jonk-am-mouvement-ecologique\/#breadcrumb","itemListElement":[{"@type":"ListItem","position":1,"name":"Home","item":"https:\/\/www.meco.lu\/de\/"},{"@type":"ListItem","position":2,"name":"move."}]},{"@type":"WebSite","@id":"https:\/\/www.meco.lu\/de\/#website","url":"https:\/\/www.meco.lu\/de\/","name":"Mouvement \u00e9cologique","description":"","potentialAction":[{"@type":"SearchAction","target":{"@type":"EntryPoint","urlTemplate":"https:\/\/www.meco.lu\/de\/?s={search_term_string}"},"query-input":{"@type":"PropertyValueSpecification","valueRequired":true,"valueName":"search_term_string"}}],"inLanguage":"de"}]}},"_links":{"self":[{"href":"https:\/\/www.meco.lu\/de\/wp-json\/wp\/v2\/pages\/18426","targetHints":{"allow":["GET"]}}],"collection":[{"href":"https:\/\/www.meco.lu\/de\/wp-json\/wp\/v2\/pages"}],"about":[{"href":"https:\/\/www.meco.lu\/de\/wp-json\/wp\/v2\/types\/page"}],"author":[{"embeddable":true,"href":"https:\/\/www.meco.lu\/de\/wp-json\/wp\/v2\/users\/5"}],"replies":[{"embeddable":true,"href":"https:\/\/www.meco.lu\/de\/wp-json\/wp\/v2\/comments?post=18426"}],"version-history":[{"count":5,"href":"https:\/\/www.meco.lu\/de\/wp-json\/wp\/v2\/pages\/18426\/revisions"}],"predecessor-version":[{"id":51649,"href":"https:\/\/www.meco.lu\/de\/wp-json\/wp\/v2\/pages\/18426\/revisions\/51649"}],"wp:featuredmedia":[{"embeddable":true,"href":"https:\/\/www.meco.lu\/de\/wp-json\/wp\/v2\/media\/17471"}],"wp:attachment":[{"href":"https:\/\/www.meco.lu\/de\/wp-json\/wp\/v2\/media?parent=18426"}],"curies":[{"name":"wp","href":"https:\/\/api.w.org\/{rel}","templated":true}]}}