{"id":17848,"date":"2016-03-31T15:47:05","date_gmt":"2016-03-31T13:47:05","guid":{"rendered":"http:\/\/www.meco.lu\/de\/?page_id=17848"},"modified":"2024-05-21T13:46:35","modified_gmt":"2024-05-21T11:46:35","slug":"flyer","status":"publish","type":"page","link":"https:\/\/www.meco.lu\/de\/flyer\/","title":{"rendered":"Flyer"},"content":{"rendered":"<section class=\"wpb-content-wrapper\"><div class=\"pf-content\"><p>[vc_row][vc_column][vc_column_text]&nbsp;<\/p>\n<p>&nbsp;<\/p>\n<p>&#8222;A voller Bl\u00e9i\u201c ist eine Aktion des Mouvement Ecologique in Zusammenarbeit mit seinen Regionalsektionen und den teilnehmenden Partnergesch\u00e4ften.<br \/>\nDen Flyer zur Aktion &#8222;A voller Bl\u00e9i&#8220; k\u00f6nnen Sie <span style=\"color: #0066cc\">hier als PDF herunterladen\u00a0<\/span><br \/>\nDie Illustrationen stammen von Lisa Grosbusch.<\/p>\n<p>&nbsp;<\/p>\n<p><a href=\"http:\/\/www.meco.lu\/wp-content\/uploads\/2016\/03\/A-voller-Bl\u00e9i_kleiner.jpg\"><img loading=\"lazy\" decoding=\"async\" class=\"alignleft wp-image-17915 size-large\" src=\"http:\/\/www.meco.lu\/wp-content\/uploads\/2016\/03\/A-voller-Bl\u00e9i_kleiner-1024x794.jpg\" alt=\"A voller Bl\u00e9i_kleiner\" width=\"1024\" height=\"794\" srcset=\"https:\/\/www.meco.lu\/wp-content\/uploads\/2016\/03\/A-voller-Bl\u00e9i_kleiner-1024x794.jpg 1024w, https:\/\/www.meco.lu\/wp-content\/uploads\/2016\/03\/A-voller-Bl\u00e9i_kleiner-300x233.jpg 300w, https:\/\/www.meco.lu\/wp-content\/uploads\/2016\/03\/A-voller-Bl\u00e9i_kleiner-213x165.jpg 213w, https:\/\/www.meco.lu\/wp-content\/uploads\/2016\/03\/A-voller-Bl\u00e9i_kleiner.jpg 1032w\" sizes=\"auto, (max-width: 1024px) 100vw, 1024px\" \/><\/a>[\/vc_column_text][\/vc_column][\/vc_row]<\/p>\n<\/div><\/section>","protected":false},"excerpt":{"rendered":"<p>[vc_row][vc_column][vc_column_text]&nbsp; &nbsp; &#8222;A voller Bl\u00e9i\u201c ist eine Aktion des Mouvement Ecologique in Zusammenarbeit mit seinen Regionalsektionen und den teilnehmenden Partnergesch\u00e4ften. Den Flyer zur Aktion &#8222;A voller Bl\u00e9i&#8220; k\u00f6nnen Sie hier als PDF herunterladen\u00a0 Die Illustrationen stammen von Lisa Grosbusch. &nbsp; [\/vc_column_text][\/vc_column][\/vc_row]<\/p>\n","protected":false},"author":5,"featured_media":0,"parent":0,"menu_order":39,"comment_status":"closed","ping_status":"closed","template":"","meta":{"_acf_changed":false,"footnotes":""},"class_list":["post-17848","page","type-page","status-publish","hentry"],"acf":[],"yoast_head":"<!-- This site is optimized with the Yoast SEO plugin v27.2 - https:\/\/yoast.com\/product\/yoast-seo-wordpress\/ -->\n<title>Flyer - Mouvement \u00e9cologique<\/title>\n<meta name=\"robots\" content=\"index, follow, max-snippet:-1, max-image-preview:large, max-video-preview:-1\" \/>\n<link rel=\"canonical\" href=\"https:\/\/www.meco.lu\/de\/flyer\/\" \/>\n<meta property=\"og:locale\" content=\"de_DE\" \/>\n<meta property=\"og:type\" content=\"article\" \/>\n<meta property=\"og:title\" content=\"Flyer - Mouvement \u00e9cologique\" \/>\n<meta property=\"og:description\" content=\"[vc_row][vc_column][vc_column_text]&nbsp; &nbsp; &#8222;A voller Bl\u00e9i\u201c ist eine Aktion des Mouvement Ecologique in Zusammenarbeit mit seinen Regionalsektionen und den teilnehmenden Partnergesch\u00e4ften. Den Flyer zur Aktion &#8222;A voller Bl\u00e9i&#8220; k\u00f6nnen Sie hier als PDF herunterladen\u00a0 Die Illustrationen stammen von Lisa Grosbusch. &nbsp; [\/vc_column_text][\/vc_column][\/vc_row]\" \/>\n<meta property=\"og:url\" content=\"https:\/\/www.meco.lu\/de\/flyer\/\" \/>\n<meta property=\"og:site_name\" content=\"Mouvement \u00e9cologique\" \/>\n<meta property=\"article:modified_time\" content=\"2024-05-21T11:46:35+00:00\" \/>\n<meta name=\"twitter:card\" content=\"summary_large_image\" \/>\n<script type=\"application\/ld+json\" class=\"yoast-schema-graph\">{\"@context\":\"https:\/\/schema.org\",\"@graph\":[{\"@type\":\"WebPage\",\"@id\":\"https:\/\/www.meco.lu\/de\/flyer\/\",\"url\":\"https:\/\/www.meco.lu\/de\/flyer\/\",\"name\":\"Flyer - Mouvement \u00e9cologique\",\"isPartOf\":{\"@id\":\"https:\/\/www.meco.lu\/de\/#website\"},\"datePublished\":\"2016-03-31T13:47:05+00:00\",\"dateModified\":\"2024-05-21T11:46:35+00:00\",\"breadcrumb\":{\"@id\":\"https:\/\/www.meco.lu\/de\/flyer\/#breadcrumb\"},\"inLanguage\":\"de\",\"potentialAction\":[{\"@type\":\"ReadAction\",\"target\":[\"https:\/\/www.meco.lu\/de\/flyer\/\"]}]},{\"@type\":\"BreadcrumbList\",\"@id\":\"https:\/\/www.meco.lu\/de\/flyer\/#breadcrumb\",\"itemListElement\":[{\"@type\":\"ListItem\",\"position\":1,\"name\":\"Home\",\"item\":\"https:\/\/www.meco.lu\/de\/\"},{\"@type\":\"ListItem\",\"position\":2,\"name\":\"Flyer\"}]},{\"@type\":\"WebSite\",\"@id\":\"https:\/\/www.meco.lu\/de\/#website\",\"url\":\"https:\/\/www.meco.lu\/de\/\",\"name\":\"Mouvement \u00e9cologique\",\"description\":\"\",\"potentialAction\":[{\"@type\":\"SearchAction\",\"target\":{\"@type\":\"EntryPoint\",\"urlTemplate\":\"https:\/\/www.meco.lu\/de\/?s={search_term_string}\"},\"query-input\":{\"@type\":\"PropertyValueSpecification\",\"valueRequired\":true,\"valueName\":\"search_term_string\"}}],\"inLanguage\":\"de\"}]}<\/script>\n<!-- \/ Yoast SEO plugin. -->","yoast_head_json":{"title":"Flyer - Mouvement \u00e9cologique","robots":{"index":"index","follow":"follow","max-snippet":"max-snippet:-1","max-image-preview":"max-image-preview:large","max-video-preview":"max-video-preview:-1"},"canonical":"https:\/\/www.meco.lu\/de\/flyer\/","og_locale":"de_DE","og_type":"article","og_title":"Flyer - Mouvement \u00e9cologique","og_description":"[vc_row][vc_column][vc_column_text]&nbsp; &nbsp; &#8222;A voller Bl\u00e9i\u201c ist eine Aktion des Mouvement Ecologique in Zusammenarbeit mit seinen Regionalsektionen und den teilnehmenden Partnergesch\u00e4ften. Den Flyer zur Aktion &#8222;A voller Bl\u00e9i&#8220; k\u00f6nnen Sie hier als PDF herunterladen\u00a0 Die Illustrationen stammen von Lisa Grosbusch. &nbsp; [\/vc_column_text][\/vc_column][\/vc_row]","og_url":"https:\/\/www.meco.lu\/de\/flyer\/","og_site_name":"Mouvement \u00e9cologique","article_modified_time":"2024-05-21T11:46:35+00:00","twitter_card":"summary_large_image","schema":{"@context":"https:\/\/schema.org","@graph":[{"@type":"WebPage","@id":"https:\/\/www.meco.lu\/de\/flyer\/","url":"https:\/\/www.meco.lu\/de\/flyer\/","name":"Flyer - Mouvement \u00e9cologique","isPartOf":{"@id":"https:\/\/www.meco.lu\/de\/#website"},"datePublished":"2016-03-31T13:47:05+00:00","dateModified":"2024-05-21T11:46:35+00:00","breadcrumb":{"@id":"https:\/\/www.meco.lu\/de\/flyer\/#breadcrumb"},"inLanguage":"de","potentialAction":[{"@type":"ReadAction","target":["https:\/\/www.meco.lu\/de\/flyer\/"]}]},{"@type":"BreadcrumbList","@id":"https:\/\/www.meco.lu\/de\/flyer\/#breadcrumb","itemListElement":[{"@type":"ListItem","position":1,"name":"Home","item":"https:\/\/www.meco.lu\/de\/"},{"@type":"ListItem","position":2,"name":"Flyer"}]},{"@type":"WebSite","@id":"https:\/\/www.meco.lu\/de\/#website","url":"https:\/\/www.meco.lu\/de\/","name":"Mouvement \u00e9cologique","description":"","potentialAction":[{"@type":"SearchAction","target":{"@type":"EntryPoint","urlTemplate":"https:\/\/www.meco.lu\/de\/?s={search_term_string}"},"query-input":{"@type":"PropertyValueSpecification","valueRequired":true,"valueName":"search_term_string"}}],"inLanguage":"de"}]}},"_links":{"self":[{"href":"https:\/\/www.meco.lu\/de\/wp-json\/wp\/v2\/pages\/17848","targetHints":{"allow":["GET"]}}],"collection":[{"href":"https:\/\/www.meco.lu\/de\/wp-json\/wp\/v2\/pages"}],"about":[{"href":"https:\/\/www.meco.lu\/de\/wp-json\/wp\/v2\/types\/page"}],"author":[{"embeddable":true,"href":"https:\/\/www.meco.lu\/de\/wp-json\/wp\/v2\/users\/5"}],"replies":[{"embeddable":true,"href":"https:\/\/www.meco.lu\/de\/wp-json\/wp\/v2\/comments?post=17848"}],"version-history":[{"count":3,"href":"https:\/\/www.meco.lu\/de\/wp-json\/wp\/v2\/pages\/17848\/revisions"}],"predecessor-version":[{"id":17960,"href":"https:\/\/www.meco.lu\/de\/wp-json\/wp\/v2\/pages\/17848\/revisions\/17960"}],"wp:attachment":[{"href":"https:\/\/www.meco.lu\/de\/wp-json\/wp\/v2\/media?parent=17848"}],"curies":[{"name":"wp","href":"https:\/\/api.w.org\/{rel}","templated":true}]}}