{"id":17838,"date":"2016-03-31T15:47:34","date_gmt":"2016-03-31T13:47:34","guid":{"rendered":"http:\/\/www.meco.lu\/de\/?page_id=17838"},"modified":"2019-05-29T11:10:40","modified_gmt":"2019-05-29T09:10:40","slug":"partnergeschaefte","status":"publish","type":"page","link":"https:\/\/www.meco.lu\/de\/partnergeschaefte\/","title":{"rendered":"Partnergesch\u00e4fte"},"content":{"rendered":"<section class=\"wpb-content-wrapper\"><div class=\"pf-content\"><p>[vc_row][vc_column][vc_column_text]<strong>\u00a0<\/strong><\/p>\n<p><strong>Partnergesch\u00e4fte 2019\u00a0<\/strong><\/p>\n<p>Eine Auswahl der von uns empfohlenen bienenfreundlichen Pflanzen sowie weiterf\u00fchrende Beratung erhalten Sie in den nachfolgend genannten Partnergesch\u00e4ften, denen wir f\u00fcr die wertvolle Unterst\u00fctzung der Aktion danken!<br \/>\n[\/vc_column_text][vc_column_text]<\/p>\n<p>&nbsp;<\/p>\n<p><strong>Namen und Adressen der teilnehmenden Partnergesch\u00e4fte<\/strong><\/p>\n<table style=\"height: 1082px\" width=\"666\">\n<tbody>\n<tr>\n<td style=\"text-align: left\" width=\"115\"><strong>Akkurat Consulting*<\/strong><\/td>\n<td width=\"142\">7, all\u00e9e John W. L\u00e9onard<\/td>\n<td width=\"130\">\u00a0L-7526 Mersch<\/td>\n<td width=\"154\">\u00a0Tel. 27 33 81 66<\/td>\n<td width=\"186\"><a href=\"http:\/\/www.akkurat.lu\">www.akkurat.lu<\/a><\/td>\n<\/tr>\n<tr>\n<td style=\"text-align: left\" width=\"115\"><strong>Am Blummegaertchen\u00a0<\/strong><\/td>\n<td width=\"142\">16-18<br \/>\nrue du Pont<\/td>\n<td width=\"130\">L-6471 Echternach<\/td>\n<td width=\"154\">Tel.\u00a072 02 45<\/td>\n<td width=\"186\"><span style=\"text-decoration: underline;color: #339966\"><a style=\"color: #339966\" href=\"http:\/\/www.amblummegaertchen.lu\" target=\"_blank\" rel=\"noopener\">www.amblummegaertchen.lu<\/a><\/span><\/td>\n<\/tr>\n<tr>\n<td style=\"text-align: left\" width=\"115\"><strong>Bamschoul Becker\u00a0<\/strong><\/td>\n<td width=\"142\">27a, rue Paul Eyschen<\/td>\n<td width=\"130\">L- 7317<br \/>\nSteinsel<\/td>\n<td width=\"154\">Tel. 33 73 63<\/td>\n<td width=\"186\"><span style=\"text-decoration: underline;color: #339966\"><a style=\"color: #339966\" href=\"http:\/\/www.beckered.lu\" target=\"_blank\" rel=\"noopener\">www.beckered.lu<\/a><\/span><\/td>\n<\/tr>\n<tr>\n<td style=\"text-align: left\" width=\"115\"><strong>Beim Bonsai\u00a0\u00a0<\/strong><\/td>\n<td width=\"142\">19, route de Luxembourg<\/td>\n<td width=\"130\">L-3515 Dudelange<\/td>\n<td width=\"154\">Tel. 51 68 65<\/td>\n<td width=\"186\"><span style=\"text-decoration: underline;color: #339966\"><a style=\"color: #339966\" href=\"http:\/\/www.beimbonsai.lu\/\" target=\"_blank\" rel=\"noopener\">www.beimbonsai.lu\/<\/a><\/span><\/td>\n<\/tr>\n<tr>\n<td style=\"text-align: left\" width=\"115\"><strong>Blummen-K\u00ebscht\u00a0<\/strong><\/td>\n<td width=\"142\">19, op den<br \/>\nLee\u00ebn<\/td>\n<td width=\"130\">L-9760<br \/>\nLellingen<\/td>\n<td width=\"154\">Tel. 26 90 47 47<\/td>\n<td width=\"186\"><span style=\"text-decoration: underline;color: #339966\"><a style=\"color: #339966\" href=\"http:\/\/www.blummen-kescht.lu\/\" target=\"_blank\" rel=\"noopener\">www.blummen-kescht.lu\/<\/a> <\/span><\/td>\n<\/tr>\n<tr>\n<td style=\"text-align: left\" width=\"115\"><strong>Co-Labor S.C.<\/strong><\/td>\n<td width=\"142\">1a,<br \/>\nGrevelsbarri\u00e8re<\/td>\n<td width=\"130\">L-8059<br \/>\nBertrange<\/td>\n<td width=\"154\">Tel. 44 78 83-1<\/td>\n<td width=\"186\"><a style=\"color: #339966\" href=\"http:\/\/www.co-labor.com\/\" target=\"_blank\" rel=\"noopener\">www.co-labor.com\/<\/a><\/td>\n<\/tr>\n<tr>\n<td style=\"text-align: left\" width=\"115\"><strong>D&#8217;Wullmaus S\u00e0rl*<\/strong><\/td>\n<td width=\"142\">12, An der Tomm<\/td>\n<td width=\"130\">L-9454\u00a0 \u00a0Fouhren<\/td>\n<td width=\"154\">Tel.\u00a026 87 41 14<\/td>\n<td width=\"186\">\u00a0<a href=\"http:\/\/www.wullmaus.lu\/fr\/\">www.wullmaus.lu\/fr\/<\/a><\/td>\n<\/tr>\n<tr>\n<td style=\"text-align: left\" width=\"115\"><strong>Mon Jardin Gardencenter<\/strong><\/td>\n<td width=\"142\">20, rue Denis Netgen<\/td>\n<td width=\"130\">L- 3858 Schifflange<\/td>\n<td width=\"154\">Tel. 54 84 15<\/td>\n<td width=\"186\"><a style=\"color: #339966\" href=\"http:\/\/www.monjardin.lu\/\" target=\"_blank\" rel=\"noopener\">www.monjardin.lu<\/a><\/td>\n<\/tr>\n<tr>\n<td style=\"text-align: left\" width=\"115\"><strong>P\u00e9pini\u00e8re Philippe Loschetter<\/strong><\/td>\n<td width=\"142\">30, rue<br \/>\nde Brouch<\/td>\n<td width=\"130\">L-7481<br \/>\nTuntange<\/td>\n<td width=\"154\">Tel.\u00a031 77 60<\/td>\n<td width=\"186\"><a style=\"color: #339966\" href=\"http:\/\/www.loschetter.lu\/\" target=\"_blank\" rel=\"noopener\">www.loschetter.lu<\/a><\/td>\n<\/tr>\n<tr>\n<td style=\"text-align: left\" width=\"115\"><strong>Planzen Center J.P.Breininger<\/strong><\/td>\n<td width=\"142\">239, route de Luxembourg<\/td>\n<td width=\"130\">L-3515 Dudelange<\/td>\n<td width=\"154\">Tel.\u00a051 27 67<\/td>\n<td width=\"186\"><a href=\"http:\/\/www.fleurs-breininger.lu\/\" target=\"_blank\" rel=\"noopener\">www.fleurs-breininger.lu\/<\/a><\/td>\n<\/tr>\n<tr>\n<td style=\"text-align: left\" width=\"115\"><strong>Op der Schock asbl &amp; sc<\/strong><\/td>\n<td width=\"142\">34 A Rue de Reichlange<\/td>\n<td width=\"130\">L-8508 Redange<\/td>\n<td width=\"154\">Tel.\u00a026 62 93<\/td>\n<td width=\"186\"><a href=\"http:\/\/www.ods.lu\/\" target=\"_blank\" rel=\"noopener\">www.ods.lu\/<\/a><\/td>\n<\/tr>\n<tr>\n<td style=\"text-align: left\" width=\"115\"><\/td>\n<td width=\"142\"><\/td>\n<td width=\"130\"><\/td>\n<td width=\"154\"><\/td>\n<td width=\"186\"><\/td>\n<\/tr>\n<tr>\n<td width=\"115\"><\/td>\n<td width=\"142\"><\/td>\n<td width=\"130\"><\/td>\n<td width=\"154\"><\/td>\n<td width=\"186\"><\/td>\n<\/tr>\n<tr>\n<td width=\"115\"><\/td>\n<td width=\"142\"><\/td>\n<td width=\"130\"><\/td>\n<td width=\"154\"><\/td>\n<td width=\"186\"><\/td>\n<\/tr>\n<tr>\n<td width=\"115\"><\/td>\n<td width=\"142\"><\/td>\n<td width=\"130\"><\/td>\n<td width=\"154\"><\/td>\n<td width=\"186\"><\/td>\n<\/tr>\n<\/tbody>\n<\/table>\n<p>&nbsp;<\/p>\n<p>[\/vc_column_text][\/vc_column][\/vc_row][vc_row][vc_column width=&#8220;1\/1&#8243;][vc_column_text]<\/p>\n<p>*<strong>Achtung<\/strong>: Gartenplaner \/ Landschaftsg\u00e4rtner, verkauft\u00a0keine Pflanzen vor Ort!<\/p>\n<p><strong>Sie m\u00f6chten mit Ihrem Gesch\u00e4ft ebenfalls an der Aktion teilnehmen? Gerne! <\/strong><\/p>\n<p><strong>Rufen Sie uns an oder schreiben Sie uns eine E-Mail: <\/strong><\/p>\n<p>Mouvement Ecologique<\/p>\n<p>6, rue Vauban<img loading=\"lazy\" decoding=\"async\" class=\" size-full wp-image-17909 alignright\" src=\"http:\/\/www.meco.lu\/wp-content\/uploads\/2016\/03\/Schmetterling-einzeln.jpg\" alt=\"Schmetterling einzeln\" width=\"228\" height=\"218\" srcset=\"https:\/\/www.meco.lu\/wp-content\/uploads\/2016\/03\/Schmetterling-einzeln.jpg 228w, https:\/\/www.meco.lu\/wp-content\/uploads\/2016\/03\/Schmetterling-einzeln-213x204.jpg 213w\" sizes=\"auto, (max-width: 228px) 100vw, 228px\" \/><\/p>\n<p>L-2663 Luxemburg<\/p>\n<p><a href=\"mailto:meco@oeko.lu\">meco@oeko.lu<\/a><\/p>\n<p>Tel. 439030-1<\/p>\n<p>[\/vc_column_text][\/vc_column][\/vc_row]<\/p>\n<\/div><\/section>","protected":false},"excerpt":{"rendered":"<p>[vc_row][vc_column][vc_column_text]\u00a0 Partnergesch\u00e4fte 2019\u00a0 Eine Auswahl der von uns empfohlenen bienenfreundlichen Pflanzen sowie weiterf\u00fchrende Beratung erhalten Sie in den nachfolgend genannten Partnergesch\u00e4ften, denen wir f\u00fcr die wertvolle Unterst\u00fctzung der Aktion danken! [\/vc_column_text][vc_column_text] &nbsp; Namen und Adressen der teilnehmenden Partnergesch\u00e4fte Akkurat Consulting* 7, all\u00e9e John W. L\u00e9onard \u00a0L-7526 Mersch \u00a0Tel. 27 33 81 66 www.akkurat.lu Am Blummegaertchen\u00a0 [&hellip;]<\/p>\n","protected":false},"author":5,"featured_media":0,"parent":0,"menu_order":0,"comment_status":"closed","ping_status":"closed","template":"","meta":{"_acf_changed":false,"footnotes":""},"class_list":["post-17838","page","type-page","status-publish","hentry"],"acf":[],"yoast_head":"<!-- This site is optimized with the Yoast SEO plugin v27.2 - https:\/\/yoast.com\/product\/yoast-seo-wordpress\/ -->\n<title>Partnergesch\u00e4fte - Mouvement \u00e9cologique<\/title>\n<meta name=\"robots\" content=\"index, follow, max-snippet:-1, max-image-preview:large, max-video-preview:-1\" \/>\n<link rel=\"canonical\" href=\"https:\/\/www.meco.lu\/de\/partnergeschaefte\/\" \/>\n<meta property=\"og:locale\" content=\"de_DE\" \/>\n<meta property=\"og:type\" content=\"article\" \/>\n<meta property=\"og:title\" content=\"Partnergesch\u00e4fte - Mouvement \u00e9cologique\" \/>\n<meta property=\"og:description\" content=\"[vc_row][vc_column][vc_column_text]\u00a0 Partnergesch\u00e4fte 2019\u00a0 Eine Auswahl der von uns empfohlenen bienenfreundlichen Pflanzen sowie weiterf\u00fchrende Beratung erhalten Sie in den nachfolgend genannten Partnergesch\u00e4ften, denen wir f\u00fcr die wertvolle Unterst\u00fctzung der Aktion danken! [\/vc_column_text][vc_column_text] &nbsp; Namen und Adressen der teilnehmenden Partnergesch\u00e4fte Akkurat Consulting* 7, all\u00e9e John W. L\u00e9onard \u00a0L-7526 Mersch \u00a0Tel. 27 33 81 66 www.akkurat.lu Am Blummegaertchen\u00a0 [&hellip;]\" \/>\n<meta property=\"og:url\" content=\"https:\/\/www.meco.lu\/de\/partnergeschaefte\/\" \/>\n<meta property=\"og:site_name\" content=\"Mouvement \u00e9cologique\" \/>\n<meta property=\"article:modified_time\" content=\"2019-05-29T09:10:40+00:00\" \/>\n<meta property=\"og:image\" content=\"http:\/\/www.meco.lu\/wp-content\/uploads\/2016\/03\/Schmetterling-einzeln.jpg\" \/>\n<meta name=\"twitter:card\" content=\"summary_large_image\" \/>\n<meta name=\"twitter:label1\" content=\"Gesch\u00e4tzte Lesezeit\" \/>\n\t<meta name=\"twitter:data1\" content=\"1\u00a0Minute\" \/>\n<script type=\"application\/ld+json\" class=\"yoast-schema-graph\">{\"@context\":\"https:\/\/schema.org\",\"@graph\":[{\"@type\":\"WebPage\",\"@id\":\"https:\/\/www.meco.lu\/de\/partnergeschaefte\/\",\"url\":\"https:\/\/www.meco.lu\/de\/partnergeschaefte\/\",\"name\":\"Partnergesch\u00e4fte - Mouvement \u00e9cologique\",\"isPartOf\":{\"@id\":\"https:\/\/www.meco.lu\/de\/#website\"},\"primaryImageOfPage\":{\"@id\":\"https:\/\/www.meco.lu\/de\/partnergeschaefte\/#primaryimage\"},\"image\":{\"@id\":\"https:\/\/www.meco.lu\/de\/partnergeschaefte\/#primaryimage\"},\"thumbnailUrl\":\"http:\/\/www.meco.lu\/wp-content\/uploads\/2016\/03\/Schmetterling-einzeln.jpg\",\"datePublished\":\"2016-03-31T13:47:34+00:00\",\"dateModified\":\"2019-05-29T09:10:40+00:00\",\"breadcrumb\":{\"@id\":\"https:\/\/www.meco.lu\/de\/partnergeschaefte\/#breadcrumb\"},\"inLanguage\":\"de\",\"potentialAction\":[{\"@type\":\"ReadAction\",\"target\":[\"https:\/\/www.meco.lu\/de\/partnergeschaefte\/\"]}]},{\"@type\":\"ImageObject\",\"inLanguage\":\"de\",\"@id\":\"https:\/\/www.meco.lu\/de\/partnergeschaefte\/#primaryimage\",\"url\":\"http:\/\/www.meco.lu\/wp-content\/uploads\/2016\/03\/Schmetterling-einzeln.jpg\",\"contentUrl\":\"http:\/\/www.meco.lu\/wp-content\/uploads\/2016\/03\/Schmetterling-einzeln.jpg\"},{\"@type\":\"BreadcrumbList\",\"@id\":\"https:\/\/www.meco.lu\/de\/partnergeschaefte\/#breadcrumb\",\"itemListElement\":[{\"@type\":\"ListItem\",\"position\":1,\"name\":\"Home\",\"item\":\"https:\/\/www.meco.lu\/de\/\"},{\"@type\":\"ListItem\",\"position\":2,\"name\":\"Partnergesch\u00e4fte\"}]},{\"@type\":\"WebSite\",\"@id\":\"https:\/\/www.meco.lu\/de\/#website\",\"url\":\"https:\/\/www.meco.lu\/de\/\",\"name\":\"Mouvement \u00e9cologique\",\"description\":\"\",\"potentialAction\":[{\"@type\":\"SearchAction\",\"target\":{\"@type\":\"EntryPoint\",\"urlTemplate\":\"https:\/\/www.meco.lu\/de\/?s={search_term_string}\"},\"query-input\":{\"@type\":\"PropertyValueSpecification\",\"valueRequired\":true,\"valueName\":\"search_term_string\"}}],\"inLanguage\":\"de\"}]}<\/script>\n<!-- \/ Yoast SEO plugin. -->","yoast_head_json":{"title":"Partnergesch\u00e4fte - Mouvement \u00e9cologique","robots":{"index":"index","follow":"follow","max-snippet":"max-snippet:-1","max-image-preview":"max-image-preview:large","max-video-preview":"max-video-preview:-1"},"canonical":"https:\/\/www.meco.lu\/de\/partnergeschaefte\/","og_locale":"de_DE","og_type":"article","og_title":"Partnergesch\u00e4fte - Mouvement \u00e9cologique","og_description":"[vc_row][vc_column][vc_column_text]\u00a0 Partnergesch\u00e4fte 2019\u00a0 Eine Auswahl der von uns empfohlenen bienenfreundlichen Pflanzen sowie weiterf\u00fchrende Beratung erhalten Sie in den nachfolgend genannten Partnergesch\u00e4ften, denen wir f\u00fcr die wertvolle Unterst\u00fctzung der Aktion danken! [\/vc_column_text][vc_column_text] &nbsp; Namen und Adressen der teilnehmenden Partnergesch\u00e4fte Akkurat Consulting* 7, all\u00e9e John W. L\u00e9onard \u00a0L-7526 Mersch \u00a0Tel. 27 33 81 66 www.akkurat.lu Am Blummegaertchen\u00a0 [&hellip;]","og_url":"https:\/\/www.meco.lu\/de\/partnergeschaefte\/","og_site_name":"Mouvement \u00e9cologique","article_modified_time":"2019-05-29T09:10:40+00:00","og_image":[{"url":"http:\/\/www.meco.lu\/wp-content\/uploads\/2016\/03\/Schmetterling-einzeln.jpg","type":"","width":"","height":""}],"twitter_card":"summary_large_image","twitter_misc":{"Gesch\u00e4tzte Lesezeit":"1\u00a0Minute"},"schema":{"@context":"https:\/\/schema.org","@graph":[{"@type":"WebPage","@id":"https:\/\/www.meco.lu\/de\/partnergeschaefte\/","url":"https:\/\/www.meco.lu\/de\/partnergeschaefte\/","name":"Partnergesch\u00e4fte - Mouvement \u00e9cologique","isPartOf":{"@id":"https:\/\/www.meco.lu\/de\/#website"},"primaryImageOfPage":{"@id":"https:\/\/www.meco.lu\/de\/partnergeschaefte\/#primaryimage"},"image":{"@id":"https:\/\/www.meco.lu\/de\/partnergeschaefte\/#primaryimage"},"thumbnailUrl":"http:\/\/www.meco.lu\/wp-content\/uploads\/2016\/03\/Schmetterling-einzeln.jpg","datePublished":"2016-03-31T13:47:34+00:00","dateModified":"2019-05-29T09:10:40+00:00","breadcrumb":{"@id":"https:\/\/www.meco.lu\/de\/partnergeschaefte\/#breadcrumb"},"inLanguage":"de","potentialAction":[{"@type":"ReadAction","target":["https:\/\/www.meco.lu\/de\/partnergeschaefte\/"]}]},{"@type":"ImageObject","inLanguage":"de","@id":"https:\/\/www.meco.lu\/de\/partnergeschaefte\/#primaryimage","url":"http:\/\/www.meco.lu\/wp-content\/uploads\/2016\/03\/Schmetterling-einzeln.jpg","contentUrl":"http:\/\/www.meco.lu\/wp-content\/uploads\/2016\/03\/Schmetterling-einzeln.jpg"},{"@type":"BreadcrumbList","@id":"https:\/\/www.meco.lu\/de\/partnergeschaefte\/#breadcrumb","itemListElement":[{"@type":"ListItem","position":1,"name":"Home","item":"https:\/\/www.meco.lu\/de\/"},{"@type":"ListItem","position":2,"name":"Partnergesch\u00e4fte"}]},{"@type":"WebSite","@id":"https:\/\/www.meco.lu\/de\/#website","url":"https:\/\/www.meco.lu\/de\/","name":"Mouvement \u00e9cologique","description":"","potentialAction":[{"@type":"SearchAction","target":{"@type":"EntryPoint","urlTemplate":"https:\/\/www.meco.lu\/de\/?s={search_term_string}"},"query-input":{"@type":"PropertyValueSpecification","valueRequired":true,"valueName":"search_term_string"}}],"inLanguage":"de"}]}},"_links":{"self":[{"href":"https:\/\/www.meco.lu\/de\/wp-json\/wp\/v2\/pages\/17838","targetHints":{"allow":["GET"]}}],"collection":[{"href":"https:\/\/www.meco.lu\/de\/wp-json\/wp\/v2\/pages"}],"about":[{"href":"https:\/\/www.meco.lu\/de\/wp-json\/wp\/v2\/types\/page"}],"author":[{"embeddable":true,"href":"https:\/\/www.meco.lu\/de\/wp-json\/wp\/v2\/users\/5"}],"replies":[{"embeddable":true,"href":"https:\/\/www.meco.lu\/de\/wp-json\/wp\/v2\/comments?post=17838"}],"version-history":[{"count":5,"href":"https:\/\/www.meco.lu\/de\/wp-json\/wp\/v2\/pages\/17838\/revisions"}],"predecessor-version":[{"id":27864,"href":"https:\/\/www.meco.lu\/de\/wp-json\/wp\/v2\/pages\/17838\/revisions\/27864"}],"wp:attachment":[{"href":"https:\/\/www.meco.lu\/de\/wp-json\/wp\/v2\/media?parent=17838"}],"curies":[{"name":"wp","href":"https:\/\/api.w.org\/{rel}","templated":true}]}}