{"id":17811,"date":"2016-03-31T14:26:57","date_gmt":"2016-03-31T12:26:57","guid":{"rendered":"http:\/\/www.meco.lu\/de\/?page_id=17811"},"modified":"2024-05-21T13:46:35","modified_gmt":"2024-05-21T11:46:35","slug":"empfohlene-pflanzen","status":"publish","type":"page","link":"https:\/\/www.meco.lu\/de\/empfohlene-pflanzen\/","title":{"rendered":"Empfohlene Pflanzen"},"content":{"rendered":"<section class=\"wpb-content-wrapper\"><div class=\"pf-content\"><p>[vc_row][vc_column width=&#8220;1\/1&#8243;][vc_column_text]<a href=\"http:\/\/www.meco.lu\/wp-content\/uploads\/2016\/03\/Biene-einzeln.jpg\"><img loading=\"lazy\" decoding=\"async\" class=\"alignleft wp-image-17886\" src=\"http:\/\/www.meco.lu\/wp-content\/uploads\/2016\/03\/Biene-einzeln.jpg\" alt=\"Biene einzeln\" width=\"160\" height=\"141\" srcset=\"https:\/\/www.meco.lu\/wp-content\/uploads\/2016\/03\/Biene-einzeln.jpg 219w, https:\/\/www.meco.lu\/wp-content\/uploads\/2016\/03\/Biene-einzeln-213x188.jpg 213w\" sizes=\"auto, (max-width: 160px) 100vw, 160px\" \/><\/a><\/p>\n<p>Bestimmte Pflanzenarten sind besonders geeignet, um den Bienen w\u00e4hrend der gesamten Bl\u00fchsaison (Fr\u00fchjahr bis Sp\u00e4therbst) gen\u00fcgend Nahrung zu liefern. So sorgen zum Beispiel Fr\u00fchbl\u00fcher wie Blumenzwiebeln schon zu Beginn des Fr\u00fchjahrs durch ihre Bl\u00fcten f\u00fcr die ersten \u201cLeckerbissen\u201d f\u00fcr Bienen. Auch verschiedene winterharte, mehrj\u00e4hrige Stauden, die zeitversetzt bl\u00fchen, versorgen Bienen in Ihrem Garten \u00fcber einen l\u00e4ngeren Zeitraum hinweg mit ausreichend Futter.<\/p>\n<p>Nat\u00fcrlich werden sich an der Bl\u00fctenpracht dann auch andere kleine Besucher, wie Hummeln und Schmetterlinge, erfreuen. Um genau zu wissen, welche Pflanzen besonders bienenfreundlich sind, m\u00fcssen Sie keine Fachb\u00fccher w\u00e4lzen und lange recherchieren:<\/p>\n<p>&nbsp;<\/p>\n<p>Wir haben f\u00fcr Sie verschiedene Stauden und Kr\u00e4uter herausgesucht und zu Pflanzsets mit konkreten Empfehlungen f\u00fcr den Garten oder Balkon zusammengestellt. W\u00e4hlen Sie einfach je nach Standort Ihr Lieblings-Set aus und wenden Sie sich an eines unserer <strong><u><span style=\"color: #339966\"><a style=\"color: #339966\" href=\"http:\/\/www.meco.lu\/de\/partnergeschaefte\/\">Partnergesch\u00e4fte<\/a><\/span>,<\/u><\/strong> in denen Sie einen Gro\u03b2teil aller genannten Pflanzen und eine weiterf\u00fchrende Beratung erhalten. Nat\u00fcrlich k\u00f6nnen Sie die Pflanzen auch einzeln anpflanzen, wenn Sie nicht die M\u00f6glichkeit haben einen ganzen Gartenbereich neu anzulegen.<\/p>\n<p><strong>Wichtig: <\/strong>Verzichten Sie bei den Pflanzen auf die Verwendung von Pestiziden und chemischen D\u00fcngemitteln!<\/p>\n<p>&nbsp;<\/p>\n<p><strong>NEU:<\/strong> Schauen Sie sich in unserer <span style=\"color: #339966\"><strong><a style=\"color: #339966\" href=\"http:\/\/www.meco.lu\/de\/fotos-der-pflanzen\/\"><span style=\"text-decoration: underline\">Bildergalerie Fotos der empfohlenen Pflanzen<\/span> <\/a><\/strong><\/span>an![\/vc_column_text][vc_row_inner][vc_column_inner width=&#8220;1\/1&#8243;][vc_column_text]<strong><a href=\"http:\/\/www.meco.lu\/wp-content\/uploads\/2017\/02\/Balkon-Pflanzen-2017.pdf\">Pflanzen-Empfehlungen f\u00fcr den Balkon <span style=\"text-decoration: underline\"><span style=\"color: #339966;text-decoration: underline\">(PDF-Download)<\/span><\/span><\/a><\/strong>[\/vc_column_text][\/vc_column_inner][\/vc_row_inner][\/vc_column][\/vc_row][vc_row][vc_column width=&#8220;1\/1&#8243;][vc_single_image image=&#8220;17875&#8243; border_color=&#8220;grey&#8220; img_link_large=&#8220;yes&#8220; img_link_target=&#8220;_self&#8220; title=&#8220;Blumen-Kr\u00e4uter-Mix f\u00fcr den Balkon&#8220; img_size=&#8220;full&#8220;][vc_separator color=&#8220;white&#8220; align=&#8220;align_center&#8220; border_width=&#8220;4&#8243;][\/vc_column][\/vc_row][vc_row][vc_column width=&#8220;1\/1&#8243;][vc_row_inner][vc_column_inner width=&#8220;1\/1&#8243;][vc_column_text]<strong>Sie haben einen Garten?<\/strong><\/p>\n<p><span style=\"color: #339966\"><strong><a style=\"color: #339966\" href=\"http:\/\/www.meco.lu\/wp-content\/uploads\/2017\/02\/Staudenbeet-f\u00fcr-sonnige-Standorte-2017.pdf\">Staudenbeet f\u00fcr sonnige Standorte (kompette Pflanzenliste als PDF-Download)<\/a><\/strong><\/span>[\/vc_column_text][vc_single_image image=&#8220;17832&#8243; border_color=&#8220;grey&#8220; img_link_large=&#8220;yes&#8220; img_link_target=&#8220;_self&#8220; img_size=&#8220;full&#8220; title=&#8220;Staudenbeet in Blau und Pink&#8220;][vc_column_text]<strong>Halbschattenbeet in Blau u<span style=\"color: #000000\">nd Wei\u00df\u00a0<\/span><span style=\"text-decoration: underline\"><span style=\"color: #339966\"><a style=\"color: #339966;text-decoration: underline\" href=\"http:\/\/www.meco.lu\/wp-content\/uploads\/2017\/02\/Halbschattenbeet-in-Blau-und-Wei\u03b2-2017.pdf\">(komplette Pflanzenliste als PDF-Download)<\/a><\/span><\/span><\/strong>[\/vc_column_text][vc_single_image image=&#8220;17834&#8243; border_color=&#8220;grey&#8220; img_link_large=&#8220;yes&#8220; img_link_target=&#8220;_self&#8220; title=&#8220;Halbschattenbeet in Blau und Wei\u00df&#8220; img_size=&#8220;full&#8220;][vc_column_text]<strong>Weitere Pflanzenempfehlungen:<\/strong><\/p>\n<p>&nbsp;<\/p>\n<ul>\n<li>Anregungen von Luxemburger Organisationen und Naturschutzsyndikaten, wie Sie in Ihrem Garten einen Beitrag zum Erhalt der Bienen leisten k\u00f6nnen:<br \/>\n<span style=\"text-decoration: underline;color: #339966\"><a style=\"color: #339966;text-decoration: underline\" href=\"http:\/\/www.meco.lu\/de\/blog\/documentcenter\/eis-beien-a-bommele-brauchen-hellef\/\">www.meco.lu\/de\/blog\/documentcenter\/eis-beien-a-bommele-brauchen-hellef<\/a><\/span><\/li>\n<\/ul>\n<p>&nbsp;<\/p>\n<ul>\n<li>Bienenfreundliche Pflanzen, zusammengestellt vom BUND:<br \/>\n<span style=\"text-decoration: underline;color: #339966\"><a style=\"color: #339966;text-decoration: underline\" href=\"http:\/\/www.bund-bremen.net\/themen_und_projekte\/naturschutz\/artenschutz\/bremen_blueht_auf\/bienenfreundliche_pflanzen\/\">http:\/\/www.bund-bremen.net\/themen_und_projekte\/naturschutz\/artenschutz\/bremen_blueht_auf\/bienenfreundliche_pflanzen\/<\/a><\/span><\/li>\n<\/ul>\n<p>&nbsp;<\/p>\n<ul>\n<li>Bienenfreundliche Pflanzen f\u00fcr Balkon und Garten (Lexikon), herausgegeben vom deutschen Bundesministerium f\u00fcr Ern\u00e4hrung und Landwirtschaft:<span style=\"color: #339966\">\u00a0<span style=\"text-decoration: underline\"><a style=\"color: #339966;text-decoration: underline\" href=\"http:\/\/www.bmel.de\/SharedDocs\/Downloads\/Broschueren\/Bienenlexikon.pdf?__blob=publicationFile\">http:\/\/www.bmel.de\/SharedDocs\/Downloads\/Broschueren\/Bienenlexikon.pdf?__blob=publicationFile<\/a><\/span><\/span><\/li>\n<\/ul>\n<p>&nbsp;<\/p>\n<ul>\n<li>Plantes d\u2019int\u00e9r\u00eat apicole, zusammengestellt vom Centre technique horticole de Gembloux (in franz\u00f6sischer Sprache):<br \/>\n<span style=\"text-decoration: underline;color: #339966\"><a style=\"color: #339966;text-decoration: underline\" href=\"http:\/\/www.liege.be\/telechargements\/pdf\/environnement\/pcdn\/plantes-melliferes-abeilles.pdf\">http:\/\/www.liege.be\/telechargements\/pdf\/environnement\/pcdn\/plantes-melliferes-abeilles.pdf<\/a><\/span><\/li>\n<\/ul>\n<p>&nbsp;<\/p>\n<ul>\n<li>Les plantes mellif\u00e8res, erschienen auf gerbeaud.com (in franz\u00f6sischer Sprache): <span style=\"text-decoration: underline;color: #339966\"><a style=\"color: #339966;text-decoration: underline\" href=\"http:\/\/www.gerbeaud.com\/jardin\/fiches\/plantes-melliferes-abeilles.php\">http:\/\/www.gerbeaud.com\/jardin\/fiches\/plantes-melliferes-abeilles.php<\/a><\/span><\/li>\n<\/ul>\n<p>[\/vc_column_text][\/vc_column_inner][\/vc_row_inner][\/vc_column][\/vc_row]<\/p>\n<\/div><\/section>","protected":false},"excerpt":{"rendered":"<p>[vc_row][vc_column width=&#8220;1\/1&#8243;][vc_column_text] Bestimmte Pflanzenarten sind besonders geeignet, um den Bienen w\u00e4hrend der gesamten Bl\u00fchsaison (Fr\u00fchjahr bis Sp\u00e4therbst) gen\u00fcgend Nahrung zu liefern. So sorgen zum Beispiel Fr\u00fchbl\u00fcher wie Blumenzwiebeln schon zu Beginn des Fr\u00fchjahrs durch ihre Bl\u00fcten f\u00fcr die ersten \u201cLeckerbissen\u201d f\u00fcr Bienen. Auch verschiedene winterharte, mehrj\u00e4hrige Stauden, die zeitversetzt bl\u00fchen, versorgen Bienen in Ihrem Garten [&hellip;]<\/p>\n","protected":false},"author":5,"featured_media":0,"parent":0,"menu_order":32,"comment_status":"closed","ping_status":"closed","template":"","meta":{"_acf_changed":false,"footnotes":""},"class_list":["post-17811","page","type-page","status-publish","hentry"],"acf":[],"yoast_head":"<!-- This site is optimized with the Yoast SEO plugin v27.2 - https:\/\/yoast.com\/product\/yoast-seo-wordpress\/ -->\n<title>Empfohlene Pflanzen - Mouvement \u00e9cologique<\/title>\n<meta name=\"robots\" content=\"index, follow, max-snippet:-1, max-image-preview:large, max-video-preview:-1\" \/>\n<link rel=\"canonical\" href=\"https:\/\/www.meco.lu\/de\/empfohlene-pflanzen\/\" \/>\n<meta property=\"og:locale\" content=\"de_DE\" \/>\n<meta property=\"og:type\" content=\"article\" \/>\n<meta property=\"og:title\" content=\"Empfohlene Pflanzen - Mouvement \u00e9cologique\" \/>\n<meta property=\"og:description\" content=\"[vc_row][vc_column width=&#8220;1\/1&#8243;][vc_column_text] Bestimmte Pflanzenarten sind besonders geeignet, um den Bienen w\u00e4hrend der gesamten Bl\u00fchsaison (Fr\u00fchjahr bis Sp\u00e4therbst) gen\u00fcgend Nahrung zu liefern. So sorgen zum Beispiel Fr\u00fchbl\u00fcher wie Blumenzwiebeln schon zu Beginn des Fr\u00fchjahrs durch ihre Bl\u00fcten f\u00fcr die ersten \u201cLeckerbissen\u201d f\u00fcr Bienen. Auch verschiedene winterharte, mehrj\u00e4hrige Stauden, die zeitversetzt bl\u00fchen, versorgen Bienen in Ihrem Garten [&hellip;]\" \/>\n<meta property=\"og:url\" content=\"https:\/\/www.meco.lu\/de\/empfohlene-pflanzen\/\" \/>\n<meta property=\"og:site_name\" content=\"Mouvement \u00e9cologique\" \/>\n<meta property=\"article:modified_time\" content=\"2024-05-21T11:46:35+00:00\" \/>\n<meta property=\"og:image\" content=\"http:\/\/www.meco.lu\/wp-content\/uploads\/2016\/03\/Biene-einzeln.jpg\" \/>\n<meta name=\"twitter:card\" content=\"summary_large_image\" \/>\n<meta name=\"twitter:label1\" content=\"Gesch\u00e4tzte Lesezeit\" \/>\n\t<meta name=\"twitter:data1\" content=\"3\u00a0Minuten\" \/>\n<script type=\"application\/ld+json\" class=\"yoast-schema-graph\">{\"@context\":\"https:\/\/schema.org\",\"@graph\":[{\"@type\":\"WebPage\",\"@id\":\"https:\/\/www.meco.lu\/de\/empfohlene-pflanzen\/\",\"url\":\"https:\/\/www.meco.lu\/de\/empfohlene-pflanzen\/\",\"name\":\"Empfohlene Pflanzen - Mouvement \u00e9cologique\",\"isPartOf\":{\"@id\":\"https:\/\/www.meco.lu\/de\/#website\"},\"primaryImageOfPage\":{\"@id\":\"https:\/\/www.meco.lu\/de\/empfohlene-pflanzen\/#primaryimage\"},\"image\":{\"@id\":\"https:\/\/www.meco.lu\/de\/empfohlene-pflanzen\/#primaryimage\"},\"thumbnailUrl\":\"http:\/\/www.meco.lu\/wp-content\/uploads\/2016\/03\/Biene-einzeln.jpg\",\"datePublished\":\"2016-03-31T12:26:57+00:00\",\"dateModified\":\"2024-05-21T11:46:35+00:00\",\"breadcrumb\":{\"@id\":\"https:\/\/www.meco.lu\/de\/empfohlene-pflanzen\/#breadcrumb\"},\"inLanguage\":\"de\",\"potentialAction\":[{\"@type\":\"ReadAction\",\"target\":[\"https:\/\/www.meco.lu\/de\/empfohlene-pflanzen\/\"]}]},{\"@type\":\"ImageObject\",\"inLanguage\":\"de\",\"@id\":\"https:\/\/www.meco.lu\/de\/empfohlene-pflanzen\/#primaryimage\",\"url\":\"http:\/\/www.meco.lu\/wp-content\/uploads\/2016\/03\/Biene-einzeln.jpg\",\"contentUrl\":\"http:\/\/www.meco.lu\/wp-content\/uploads\/2016\/03\/Biene-einzeln.jpg\"},{\"@type\":\"BreadcrumbList\",\"@id\":\"https:\/\/www.meco.lu\/de\/empfohlene-pflanzen\/#breadcrumb\",\"itemListElement\":[{\"@type\":\"ListItem\",\"position\":1,\"name\":\"Home\",\"item\":\"https:\/\/www.meco.lu\/de\/\"},{\"@type\":\"ListItem\",\"position\":2,\"name\":\"Empfohlene Pflanzen\"}]},{\"@type\":\"WebSite\",\"@id\":\"https:\/\/www.meco.lu\/de\/#website\",\"url\":\"https:\/\/www.meco.lu\/de\/\",\"name\":\"Mouvement \u00e9cologique\",\"description\":\"\",\"potentialAction\":[{\"@type\":\"SearchAction\",\"target\":{\"@type\":\"EntryPoint\",\"urlTemplate\":\"https:\/\/www.meco.lu\/de\/?s={search_term_string}\"},\"query-input\":{\"@type\":\"PropertyValueSpecification\",\"valueRequired\":true,\"valueName\":\"search_term_string\"}}],\"inLanguage\":\"de\"}]}<\/script>\n<!-- \/ Yoast SEO plugin. -->","yoast_head_json":{"title":"Empfohlene Pflanzen - Mouvement \u00e9cologique","robots":{"index":"index","follow":"follow","max-snippet":"max-snippet:-1","max-image-preview":"max-image-preview:large","max-video-preview":"max-video-preview:-1"},"canonical":"https:\/\/www.meco.lu\/de\/empfohlene-pflanzen\/","og_locale":"de_DE","og_type":"article","og_title":"Empfohlene Pflanzen - Mouvement \u00e9cologique","og_description":"[vc_row][vc_column width=&#8220;1\/1&#8243;][vc_column_text] Bestimmte Pflanzenarten sind besonders geeignet, um den Bienen w\u00e4hrend der gesamten Bl\u00fchsaison (Fr\u00fchjahr bis Sp\u00e4therbst) gen\u00fcgend Nahrung zu liefern. So sorgen zum Beispiel Fr\u00fchbl\u00fcher wie Blumenzwiebeln schon zu Beginn des Fr\u00fchjahrs durch ihre Bl\u00fcten f\u00fcr die ersten \u201cLeckerbissen\u201d f\u00fcr Bienen. Auch verschiedene winterharte, mehrj\u00e4hrige Stauden, die zeitversetzt bl\u00fchen, versorgen Bienen in Ihrem Garten [&hellip;]","og_url":"https:\/\/www.meco.lu\/de\/empfohlene-pflanzen\/","og_site_name":"Mouvement \u00e9cologique","article_modified_time":"2024-05-21T11:46:35+00:00","og_image":[{"url":"http:\/\/www.meco.lu\/wp-content\/uploads\/2016\/03\/Biene-einzeln.jpg","type":"","width":"","height":""}],"twitter_card":"summary_large_image","twitter_misc":{"Gesch\u00e4tzte Lesezeit":"3\u00a0Minuten"},"schema":{"@context":"https:\/\/schema.org","@graph":[{"@type":"WebPage","@id":"https:\/\/www.meco.lu\/de\/empfohlene-pflanzen\/","url":"https:\/\/www.meco.lu\/de\/empfohlene-pflanzen\/","name":"Empfohlene Pflanzen - Mouvement \u00e9cologique","isPartOf":{"@id":"https:\/\/www.meco.lu\/de\/#website"},"primaryImageOfPage":{"@id":"https:\/\/www.meco.lu\/de\/empfohlene-pflanzen\/#primaryimage"},"image":{"@id":"https:\/\/www.meco.lu\/de\/empfohlene-pflanzen\/#primaryimage"},"thumbnailUrl":"http:\/\/www.meco.lu\/wp-content\/uploads\/2016\/03\/Biene-einzeln.jpg","datePublished":"2016-03-31T12:26:57+00:00","dateModified":"2024-05-21T11:46:35+00:00","breadcrumb":{"@id":"https:\/\/www.meco.lu\/de\/empfohlene-pflanzen\/#breadcrumb"},"inLanguage":"de","potentialAction":[{"@type":"ReadAction","target":["https:\/\/www.meco.lu\/de\/empfohlene-pflanzen\/"]}]},{"@type":"ImageObject","inLanguage":"de","@id":"https:\/\/www.meco.lu\/de\/empfohlene-pflanzen\/#primaryimage","url":"http:\/\/www.meco.lu\/wp-content\/uploads\/2016\/03\/Biene-einzeln.jpg","contentUrl":"http:\/\/www.meco.lu\/wp-content\/uploads\/2016\/03\/Biene-einzeln.jpg"},{"@type":"BreadcrumbList","@id":"https:\/\/www.meco.lu\/de\/empfohlene-pflanzen\/#breadcrumb","itemListElement":[{"@type":"ListItem","position":1,"name":"Home","item":"https:\/\/www.meco.lu\/de\/"},{"@type":"ListItem","position":2,"name":"Empfohlene Pflanzen"}]},{"@type":"WebSite","@id":"https:\/\/www.meco.lu\/de\/#website","url":"https:\/\/www.meco.lu\/de\/","name":"Mouvement \u00e9cologique","description":"","potentialAction":[{"@type":"SearchAction","target":{"@type":"EntryPoint","urlTemplate":"https:\/\/www.meco.lu\/de\/?s={search_term_string}"},"query-input":{"@type":"PropertyValueSpecification","valueRequired":true,"valueName":"search_term_string"}}],"inLanguage":"de"}]}},"_links":{"self":[{"href":"https:\/\/www.meco.lu\/de\/wp-json\/wp\/v2\/pages\/17811","targetHints":{"allow":["GET"]}}],"collection":[{"href":"https:\/\/www.meco.lu\/de\/wp-json\/wp\/v2\/pages"}],"about":[{"href":"https:\/\/www.meco.lu\/de\/wp-json\/wp\/v2\/types\/page"}],"author":[{"embeddable":true,"href":"https:\/\/www.meco.lu\/de\/wp-json\/wp\/v2\/users\/5"}],"replies":[{"embeddable":true,"href":"https:\/\/www.meco.lu\/de\/wp-json\/wp\/v2\/comments?post=17811"}],"version-history":[{"count":5,"href":"https:\/\/www.meco.lu\/de\/wp-json\/wp\/v2\/pages\/17811\/revisions"}],"predecessor-version":[{"id":22337,"href":"https:\/\/www.meco.lu\/de\/wp-json\/wp\/v2\/pages\/17811\/revisions\/22337"}],"wp:attachment":[{"href":"https:\/\/www.meco.lu\/de\/wp-json\/wp\/v2\/media?parent=17811"}],"curies":[{"name":"wp","href":"https:\/\/api.w.org\/{rel}","templated":true}]}}