{"id":17805,"date":"2016-03-31T15:46:43","date_gmt":"2016-03-31T13:46:43","guid":{"rendered":"http:\/\/www.meco.lu\/de\/?page_id=17805"},"modified":"2024-05-21T13:46:35","modified_gmt":"2024-05-21T11:46:35","slug":"hintergrundinfos","status":"publish","type":"page","link":"https:\/\/www.meco.lu\/de\/hintergrundinfos\/","title":{"rendered":"Hintergrundinfos"},"content":{"rendered":"<section class=\"wpb-content-wrapper\"><div class=\"pf-content\"><p>[vc_row][vc_column width=&#8220;1\/1&#8243;][\/vc_column][\/vc_row][vc_row][vc_column][vc_column_text]<a href=\"http:\/\/www.meco.lu\/wp-content\/uploads\/2016\/03\/A-voller-Bl\u00e9i_kleiner.jpg\"><img loading=\"lazy\" decoding=\"async\" class=\"alignleft wp-image-17915\" src=\"http:\/\/www.meco.lu\/wp-content\/uploads\/2016\/03\/A-voller-Bl\u00e9i_kleiner.jpg\" alt=\"A voller Bl\u00e9i_kleiner\" width=\"700\" height=\"543\" srcset=\"https:\/\/www.meco.lu\/wp-content\/uploads\/2016\/03\/A-voller-Bl\u00e9i_kleiner.jpg 1032w, https:\/\/www.meco.lu\/wp-content\/uploads\/2016\/03\/A-voller-Bl\u00e9i_kleiner-300x233.jpg 300w, https:\/\/www.meco.lu\/wp-content\/uploads\/2016\/03\/A-voller-Bl\u00e9i_kleiner-1024x794.jpg 1024w, https:\/\/www.meco.lu\/wp-content\/uploads\/2016\/03\/A-voller-Bl\u00e9i_kleiner-213x165.jpg 213w\" sizes=\"auto, (max-width: 700px) 100vw, 700px\" \/><\/a><\/p>\n<p><strong>Hintergrundinfos<\/strong><br \/>\nBienen sind \u00e4u\u00dferst wichtige, unentbehrliche Nutztiere: Honig- und Wildbienen best\u00e4uben insgesamt ca. zwei Drittel unserer Nutzpflanzen wie z.B. Obstb\u00e4ume und tragen dazu bei, unsere Pflanzenvielfalt zu erhalten (Biodiversit\u00e4t).<\/p>\n<p>Bienen sorgen also daf\u00fcr, dass wir gen\u00fcgend auf dem Teller haben &#8211; umgekehrt ist es f\u00fcr die Bienen selbst jedoch h\u00e4ufig problematisch, das Jahr \u00fcber gen\u00fcgend Nahrung zu finden. Durch die Zunahme an landwirtschaftlichen Monokulturen und Gr\u00fcnfl\u00e4chen ohne bl\u00fchende Blumen finden Bienen oftmals nicht mehr ausreichend Nektar und Pollen, um sich zu ern\u00e4hren. Zus\u00e4tzlich wird ihr \u00dcberleben mehr und mehr durch Pestizide und Milbenbefall bedroht.<\/p>\n<p>Das Bienensterben, das seit einigen Jahren weltweit \u2013 auch hier in Luxemburg -beobachtet wird, ist die Folge.<\/p>\n<p><img loading=\"lazy\" decoding=\"async\" class=\" size-full wp-image-17923 alignright\" src=\"http:\/\/www.meco.lu\/wp-content\/uploads\/2016\/03\/Biene-einzeln_nach-links.jpg\" alt=\"Biene einzeln_nach links\" width=\"142\" height=\"137\" \/><\/p>\n<p>Helfen Sie aktiv mit, den Bienen ausreichend Nahrung zu liefern, indem Sie bienenfreundliche Pflanzen in Ihren Garten oder auf den Balkon setzen!<\/p>\n<p>&nbsp;<\/p>\n<p>&nbsp;<\/p>\n<p><strong>Interessante Artikel zum Thema:<\/strong><\/p>\n<p>&nbsp;<\/p>\n<ul>\n<li>Dossier \u201eBee Action Campaign\u201c von Friends of the Earth U.S. (Artikel auf Englisch): <span style=\"text-decoration: underline;color: #339966\"><a style=\"color: #339966;text-decoration: underline\" href=\"http:\/\/www.foe.org\/projects\/food-and-technology\/beeaction\">www.foe.org\/projects\/food-and-technology\/beeaction<\/a><\/span><\/li>\n<\/ul>\n<p>&nbsp;<\/p>\n<ul>\n<ul>\n<li>Aktion Wildbienen vum BUND: \u201eKleine Tierchen mit gro\u03b2er Wirkung\u201c: <span style=\"text-decoration: underline;color: #339966\"><span style=\"text-decoration: underline;color: #339966\"><a style=\"color: #339966;text-decoration: underline\" href=\"http:\/\/www.bund.net\/themen_und_projekte\/aktion_wildbienen\/\">www.bund.net\/themen_und_projekte\/aktion_wildbienen\/<\/a><\/span><\/span><\/li>\n<\/ul>\n<\/ul>\n<p>&nbsp;<\/p>\n<ul>\n<li>Artikel \u00fcber das Bienensterben aus dem SPIEGEL: \u201eEU-Wissenschaftler: Pestizide als Ursache f\u00fcr Bienensterben best\u00e4tigt\u201c <span style=\"color: #339966\"><span style=\"color: #339966\"><span style=\"text-decoration: underline\"><a style=\"color: #339966;text-decoration: underline\" href=\"http:\/\/www.spiegel.de\/wissenschaft\/natur\/bienensterben-eu-studie-sieht-pestizid-einsatz-als-grund-a-1027661.html\">www.spiegel.de\/wissenschaft\/natur\/bienensterben-eu-studie-sieht-pestizid-einsatz-als-grund-a-1027661.html<\/a><\/span><\/span><\/span><\/li>\n<\/ul>\n<p>&nbsp;<\/p>\n<ul>\n<li>Artikel \u00fcber den &#8222;R\u00fcckgang der Best\u00e4uber\u201c, erschienen im FOCUS (Artikel auf Deutsch) <span style=\"text-decoration: underline;color: #339966\"><a style=\"color: #339966;text-decoration: underline\" href=\"http:\/\/www.focus.de\/wissen\/diverses\/agrar-rueckgang-der-bestaeuber-bedroht-nahrungsversorgung-weltweit_id_5317166.html\">http:\/\/www.focus.de\/wissen\/diverses\/agrar-rueckgang-der-bestaeuber-bedroht-nahrungsversorgung-weltweit_id_5317166.html<\/a><\/span><\/li>\n<\/ul>\n<p>&nbsp;<\/p>\n<ul>\n<li>Artikel \u00fcber die Abstimmung der \u201eAssembl\u00e9e nationale\u201c in Frankreich \u00fcber ein Verbot von Neonikotinoiden, erschienenen auf Sciences et Avenir (Artikel in franz\u00f6sischer Sprache):\u00a0<span style=\"text-decoration: underline;color: #339966\"><a style=\"color: #339966;text-decoration: underline\" href=\"http:\/\/www.sciencesetavenir.fr\/animaux\/biodiversite\/20160315.OBS6413\/abeilles-l-interdiction-des-neonicotinoides-sera-t-elle-dans-la-loi-biodiversite.html\">www.sciencesetavenir.fr\/animaux\/biodiversite\/20160315.OBS6413\/abeilles-l-interdiction-des-neonicotinoides-sera-t-elle-dans-la-loi-biodiversite.html<\/a><\/span><\/li>\n<\/ul>\n<p>&nbsp;<\/p>\n<ul>\n<li>Artikel \u00fcber Best\u00e4ubung, erschienen auf Sciences et Avenir\u00a0: \u00ab\u00a0Avec la disparition des pollinisateurs, c&#8217;est l&#8217;alimentation de millions de personnes qui est menac\u00e9e\u00a0\u00bb <span style=\"text-decoration: underline;color: #339966\"><a style=\"color: #339966;text-decoration: underline\" href=\"http:\/\/www.sciencesetavenir.fr\/animaux\/biodiversite\/20160226.OBS5355\/avec-la-disparition-des-pollinisateurs-c-est-l-alimentation-de-millions-de-personnes-qui-est-menacee.html\">www.sciencesetavenir.fr\/animaux\/biodiversite\/20160226.OBS5355\/avec-la-disparition-des-pollinisateurs-c-est-l-alimentation-de-millions-de-personnes-qui-est-menacee.html<\/a><\/span><\/li>\n<li>Webseite &#8222;Plattform Bienenzukunft&#8220;\u00a0Hier finden Sie konkrete Empfehlungen und praxistaugliches, wissenschaftlich gesichertes Wissen<span style=\"text-decoration: underline\"><span style=\"color: #339966;text-decoration: underline\">\u00a0http:\/\/www.bienenzukunft.ch\/de<\/span><\/span><\/li>\n<\/ul>\n<p>[\/vc_column_text][\/vc_column][\/vc_row]<\/p>\n<\/div><\/section>","protected":false},"excerpt":{"rendered":"<p>[vc_row][vc_column width=&#8220;1\/1&#8243;][\/vc_column][\/vc_row][vc_row][vc_column][vc_column_text] Hintergrundinfos Bienen sind \u00e4u\u00dferst wichtige, unentbehrliche Nutztiere: Honig- und Wildbienen best\u00e4uben insgesamt ca. zwei Drittel unserer Nutzpflanzen wie z.B. Obstb\u00e4ume und tragen dazu bei, unsere Pflanzenvielfalt zu erhalten (Biodiversit\u00e4t). Bienen sorgen also daf\u00fcr, dass wir gen\u00fcgend auf dem Teller haben &#8211; umgekehrt ist es f\u00fcr die Bienen selbst jedoch h\u00e4ufig problematisch, das Jahr [&hellip;]<\/p>\n","protected":false},"author":5,"featured_media":0,"parent":0,"menu_order":41,"comment_status":"closed","ping_status":"closed","template":"","meta":{"_acf_changed":false,"footnotes":""},"class_list":["post-17805","page","type-page","status-publish","hentry"],"acf":[],"yoast_head":"<!-- This site is optimized with the Yoast SEO plugin v27.2 - https:\/\/yoast.com\/product\/yoast-seo-wordpress\/ -->\n<title>Hintergrundinfos - Mouvement \u00e9cologique<\/title>\n<meta name=\"robots\" content=\"index, follow, max-snippet:-1, max-image-preview:large, max-video-preview:-1\" \/>\n<link rel=\"canonical\" href=\"https:\/\/www.meco.lu\/de\/hintergrundinfos\/\" \/>\n<meta property=\"og:locale\" content=\"de_DE\" \/>\n<meta property=\"og:type\" content=\"article\" \/>\n<meta property=\"og:title\" content=\"Hintergrundinfos - Mouvement \u00e9cologique\" \/>\n<meta property=\"og:description\" content=\"[vc_row][vc_column width=&#8220;1\/1&#8243;][\/vc_column][\/vc_row][vc_row][vc_column][vc_column_text] Hintergrundinfos Bienen sind \u00e4u\u00dferst wichtige, unentbehrliche Nutztiere: Honig- und Wildbienen best\u00e4uben insgesamt ca. zwei Drittel unserer Nutzpflanzen wie z.B. Obstb\u00e4ume und tragen dazu bei, unsere Pflanzenvielfalt zu erhalten (Biodiversit\u00e4t). Bienen sorgen also daf\u00fcr, dass wir gen\u00fcgend auf dem Teller haben &#8211; umgekehrt ist es f\u00fcr die Bienen selbst jedoch h\u00e4ufig problematisch, das Jahr [&hellip;]\" \/>\n<meta property=\"og:url\" content=\"https:\/\/www.meco.lu\/de\/hintergrundinfos\/\" \/>\n<meta property=\"og:site_name\" content=\"Mouvement \u00e9cologique\" \/>\n<meta property=\"article:modified_time\" content=\"2024-05-21T11:46:35+00:00\" \/>\n<meta property=\"og:image\" content=\"http:\/\/www.meco.lu\/wp-content\/uploads\/2016\/03\/Biene-einzeln_nach-links.jpg\" \/>\n<meta name=\"twitter:card\" content=\"summary_large_image\" \/>\n<meta name=\"twitter:label1\" content=\"Gesch\u00e4tzte Lesezeit\" \/>\n\t<meta name=\"twitter:data1\" content=\"2\u00a0Minuten\" \/>\n<script type=\"application\/ld+json\" class=\"yoast-schema-graph\">{\"@context\":\"https:\/\/schema.org\",\"@graph\":[{\"@type\":\"WebPage\",\"@id\":\"https:\/\/www.meco.lu\/de\/hintergrundinfos\/\",\"url\":\"https:\/\/www.meco.lu\/de\/hintergrundinfos\/\",\"name\":\"Hintergrundinfos - Mouvement \u00e9cologique\",\"isPartOf\":{\"@id\":\"https:\/\/www.meco.lu\/de\/#website\"},\"primaryImageOfPage\":{\"@id\":\"https:\/\/www.meco.lu\/de\/hintergrundinfos\/#primaryimage\"},\"image\":{\"@id\":\"https:\/\/www.meco.lu\/de\/hintergrundinfos\/#primaryimage\"},\"thumbnailUrl\":\"http:\/\/www.meco.lu\/wp-content\/uploads\/2016\/03\/Biene-einzeln_nach-links.jpg\",\"datePublished\":\"2016-03-31T13:46:43+00:00\",\"dateModified\":\"2024-05-21T11:46:35+00:00\",\"breadcrumb\":{\"@id\":\"https:\/\/www.meco.lu\/de\/hintergrundinfos\/#breadcrumb\"},\"inLanguage\":\"de\",\"potentialAction\":[{\"@type\":\"ReadAction\",\"target\":[\"https:\/\/www.meco.lu\/de\/hintergrundinfos\/\"]}]},{\"@type\":\"ImageObject\",\"inLanguage\":\"de\",\"@id\":\"https:\/\/www.meco.lu\/de\/hintergrundinfos\/#primaryimage\",\"url\":\"http:\/\/www.meco.lu\/wp-content\/uploads\/2016\/03\/Biene-einzeln_nach-links.jpg\",\"contentUrl\":\"http:\/\/www.meco.lu\/wp-content\/uploads\/2016\/03\/Biene-einzeln_nach-links.jpg\"},{\"@type\":\"BreadcrumbList\",\"@id\":\"https:\/\/www.meco.lu\/de\/hintergrundinfos\/#breadcrumb\",\"itemListElement\":[{\"@type\":\"ListItem\",\"position\":1,\"name\":\"Home\",\"item\":\"https:\/\/www.meco.lu\/de\/\"},{\"@type\":\"ListItem\",\"position\":2,\"name\":\"Hintergrundinfos\"}]},{\"@type\":\"WebSite\",\"@id\":\"https:\/\/www.meco.lu\/de\/#website\",\"url\":\"https:\/\/www.meco.lu\/de\/\",\"name\":\"Mouvement \u00e9cologique\",\"description\":\"\",\"potentialAction\":[{\"@type\":\"SearchAction\",\"target\":{\"@type\":\"EntryPoint\",\"urlTemplate\":\"https:\/\/www.meco.lu\/de\/?s={search_term_string}\"},\"query-input\":{\"@type\":\"PropertyValueSpecification\",\"valueRequired\":true,\"valueName\":\"search_term_string\"}}],\"inLanguage\":\"de\"}]}<\/script>\n<!-- \/ Yoast SEO plugin. -->","yoast_head_json":{"title":"Hintergrundinfos - Mouvement \u00e9cologique","robots":{"index":"index","follow":"follow","max-snippet":"max-snippet:-1","max-image-preview":"max-image-preview:large","max-video-preview":"max-video-preview:-1"},"canonical":"https:\/\/www.meco.lu\/de\/hintergrundinfos\/","og_locale":"de_DE","og_type":"article","og_title":"Hintergrundinfos - Mouvement \u00e9cologique","og_description":"[vc_row][vc_column width=&#8220;1\/1&#8243;][\/vc_column][\/vc_row][vc_row][vc_column][vc_column_text] Hintergrundinfos Bienen sind \u00e4u\u00dferst wichtige, unentbehrliche Nutztiere: Honig- und Wildbienen best\u00e4uben insgesamt ca. zwei Drittel unserer Nutzpflanzen wie z.B. Obstb\u00e4ume und tragen dazu bei, unsere Pflanzenvielfalt zu erhalten (Biodiversit\u00e4t). Bienen sorgen also daf\u00fcr, dass wir gen\u00fcgend auf dem Teller haben &#8211; umgekehrt ist es f\u00fcr die Bienen selbst jedoch h\u00e4ufig problematisch, das Jahr [&hellip;]","og_url":"https:\/\/www.meco.lu\/de\/hintergrundinfos\/","og_site_name":"Mouvement \u00e9cologique","article_modified_time":"2024-05-21T11:46:35+00:00","og_image":[{"url":"http:\/\/www.meco.lu\/wp-content\/uploads\/2016\/03\/Biene-einzeln_nach-links.jpg","type":"","width":"","height":""}],"twitter_card":"summary_large_image","twitter_misc":{"Gesch\u00e4tzte Lesezeit":"2\u00a0Minuten"},"schema":{"@context":"https:\/\/schema.org","@graph":[{"@type":"WebPage","@id":"https:\/\/www.meco.lu\/de\/hintergrundinfos\/","url":"https:\/\/www.meco.lu\/de\/hintergrundinfos\/","name":"Hintergrundinfos - Mouvement \u00e9cologique","isPartOf":{"@id":"https:\/\/www.meco.lu\/de\/#website"},"primaryImageOfPage":{"@id":"https:\/\/www.meco.lu\/de\/hintergrundinfos\/#primaryimage"},"image":{"@id":"https:\/\/www.meco.lu\/de\/hintergrundinfos\/#primaryimage"},"thumbnailUrl":"http:\/\/www.meco.lu\/wp-content\/uploads\/2016\/03\/Biene-einzeln_nach-links.jpg","datePublished":"2016-03-31T13:46:43+00:00","dateModified":"2024-05-21T11:46:35+00:00","breadcrumb":{"@id":"https:\/\/www.meco.lu\/de\/hintergrundinfos\/#breadcrumb"},"inLanguage":"de","potentialAction":[{"@type":"ReadAction","target":["https:\/\/www.meco.lu\/de\/hintergrundinfos\/"]}]},{"@type":"ImageObject","inLanguage":"de","@id":"https:\/\/www.meco.lu\/de\/hintergrundinfos\/#primaryimage","url":"http:\/\/www.meco.lu\/wp-content\/uploads\/2016\/03\/Biene-einzeln_nach-links.jpg","contentUrl":"http:\/\/www.meco.lu\/wp-content\/uploads\/2016\/03\/Biene-einzeln_nach-links.jpg"},{"@type":"BreadcrumbList","@id":"https:\/\/www.meco.lu\/de\/hintergrundinfos\/#breadcrumb","itemListElement":[{"@type":"ListItem","position":1,"name":"Home","item":"https:\/\/www.meco.lu\/de\/"},{"@type":"ListItem","position":2,"name":"Hintergrundinfos"}]},{"@type":"WebSite","@id":"https:\/\/www.meco.lu\/de\/#website","url":"https:\/\/www.meco.lu\/de\/","name":"Mouvement \u00e9cologique","description":"","potentialAction":[{"@type":"SearchAction","target":{"@type":"EntryPoint","urlTemplate":"https:\/\/www.meco.lu\/de\/?s={search_term_string}"},"query-input":{"@type":"PropertyValueSpecification","valueRequired":true,"valueName":"search_term_string"}}],"inLanguage":"de"}]}},"_links":{"self":[{"href":"https:\/\/www.meco.lu\/de\/wp-json\/wp\/v2\/pages\/17805","targetHints":{"allow":["GET"]}}],"collection":[{"href":"https:\/\/www.meco.lu\/de\/wp-json\/wp\/v2\/pages"}],"about":[{"href":"https:\/\/www.meco.lu\/de\/wp-json\/wp\/v2\/types\/page"}],"author":[{"embeddable":true,"href":"https:\/\/www.meco.lu\/de\/wp-json\/wp\/v2\/users\/5"}],"replies":[{"embeddable":true,"href":"https:\/\/www.meco.lu\/de\/wp-json\/wp\/v2\/comments?post=17805"}],"version-history":[{"count":5,"href":"https:\/\/www.meco.lu\/de\/wp-json\/wp\/v2\/pages\/17805\/revisions"}],"predecessor-version":[{"id":21901,"href":"https:\/\/www.meco.lu\/de\/wp-json\/wp\/v2\/pages\/17805\/revisions\/21901"}],"wp:attachment":[{"href":"https:\/\/www.meco.lu\/de\/wp-json\/wp\/v2\/media?parent=17805"}],"curies":[{"name":"wp","href":"https:\/\/api.w.org\/{rel}","templated":true}]}}