{"id":17799,"date":"2016-03-31T15:44:20","date_gmt":"2016-03-31T13:44:20","guid":{"rendered":"http:\/\/www.meco.lu\/de\/?page_id=17799"},"modified":"2016-04-15T10:02:16","modified_gmt":"2016-04-15T08:02:16","slug":"a-voller-blei","status":"publish","type":"page","link":"https:\/\/www.meco.lu\/de\/a-voller-blei\/","title":{"rendered":"\u201eBeien an eise G\u00e4ert\u201c"},"content":{"rendered":"<section class=\"wpb-content-wrapper\"><div class=\"pf-content\"><p>[vc_row][vc_column width=&#8220;1\/1&#8243;][\/vc_column][\/vc_row][vc_row][vc_column width=&#8220;1\/1&#8243;][vc_column_text]<a href=\"http:\/\/www.meco.lu\/wp-content\/uploads\/2016\/03\/A-voller-Bl\u00e9i_kleiner.jpg\"><img loading=\"lazy\" decoding=\"async\" class=\"alignleft wp-image-17915\" src=\"http:\/\/www.meco.lu\/wp-content\/uploads\/2016\/03\/A-voller-Bl\u00e9i_kleiner.jpg\" alt=\"A voller Bl\u00e9i_kleiner\" width=\"700\" height=\"543\" srcset=\"https:\/\/www.meco.lu\/wp-content\/uploads\/2016\/03\/A-voller-Bl\u00e9i_kleiner.jpg 1032w, https:\/\/www.meco.lu\/wp-content\/uploads\/2016\/03\/A-voller-Bl\u00e9i_kleiner-300x233.jpg 300w, https:\/\/www.meco.lu\/wp-content\/uploads\/2016\/03\/A-voller-Bl\u00e9i_kleiner-1024x794.jpg 1024w, https:\/\/www.meco.lu\/wp-content\/uploads\/2016\/03\/A-voller-Bl\u00e9i_kleiner-213x165.jpg 213w\" sizes=\"auto, (max-width: 700px) 100vw, 700px\" \/><\/a><\/p>\n<p>Merci fir \u00c4ren Interessi un der Aktioun \u201eA voller Bl\u00e9i! \u00c4re Gaart a Balkon: e Parad\u00e4is fir eis Beien\u201c.<\/p>\n<p>An deems Dir matmaacht, an doheem um Balkon oder am Gaart beiefr\u00ebndlech Blummen a Kr\u00e4ider pflanzt, h\u00eblleft Dir mat, datt d\u2019Beien, Bommelen an och P\u00e4iperleken iwwert d\u2019komplett Saison genug ze Iessen fannen.<\/p>\n<p>Maacht mat! Merci fir \u00c4ren Engagement!<\/p>\n<p><a href=\"http:\/\/www.meco.lu\/wp-content\/uploads\/2016\/03\/Biene-einzeln.jpg\"><img loading=\"lazy\" decoding=\"async\" class=\"alignleft wp-image-17886 size-thumbnail\" src=\"http:\/\/www.meco.lu\/wp-content\/uploads\/2016\/03\/Biene-einzeln-150x150.jpg\" alt=\"Biene einzeln\" width=\"150\" height=\"150\" \/><\/a><\/p>\n<p>Klickt op d\u00e9i Linken fir weider Infoen:<\/p>\n<p><strong><a href=\"http:\/\/www.meco.lu\/de\/hintergrundinfos\/\" target=\"_blank\">Hintergrundinfos<\/a><\/strong><\/p>\n<p><strong><a href=\"http:\/\/www.meco.lu\/de\/empfohlene-pflanzen\/\" target=\"_blank\">Empfohlene Pflanzen<\/a><\/strong><\/p>\n<p><strong><a href=\"http:\/\/www.meco.lu\/de\/partnergeschaefte\/\" target=\"_blank\">Partnergesch\u00e4fte<\/a><\/strong><\/p>\n<p><strong><a href=\"http:\/\/www.meco.lu\/wp-content\/uploads\/2016\/03\/depliant_BeienDEF_low.pdf\" target=\"_blank\">Flyer\u00a0A voller Bl\u00e9i\u00a0<\/a><a href=\"http:\/\/www.meco.lu\/wp-content\/uploads\/2016\/03\/depliant_BeienDEF_low.pdf\" target=\"_blank\">(PDF-Download<\/a><a href=\"http:\/\/www.meco.lu\/wp-content\/uploads\/2016\/03\/depliant_BeienDEF_low.pdf\" target=\"_blank\">)<\/a>\u00a0\u00a0<\/strong><\/p>\n<p>&nbsp;<\/p>\n<p><em>Le descriptif de l\u2019action en fran\u00e7ais,<a href=\"http:\/\/www.meco.lu\/fr\/blog\/documentcenter\/en-pleine-floraison-transformez-votre-jardin-ou-balcon-en-paradis-pour-abeilles\/\" target=\"_blank\"> <u>c\u2019est par ici!<\/u><\/a><\/em>[\/vc_column_text][\/vc_column][\/vc_row][vc_row][vc_column width=&#8220;1\/1&#8243;][vc_single_image image=&#8220;17866&#8243; border_color=&#8220;grey&#8220; img_link_large=&#8220;yes&#8220; img_link_target=&#8220;_self&#8220; img_size=&#8220;full&#8220;][\/vc_column][\/vc_row]<\/p>\n<\/div><\/section>","protected":false},"excerpt":{"rendered":"<p>[vc_row][vc_column width=&#8220;1\/1&#8243;][\/vc_column][\/vc_row][vc_row][vc_column width=&#8220;1\/1&#8243;][vc_column_text] Merci fir \u00c4ren Interessi un der Aktioun \u201eA voller Bl\u00e9i! \u00c4re Gaart a Balkon: e Parad\u00e4is fir eis Beien\u201c. An deems Dir matmaacht, an doheem um Balkon oder am Gaart beiefr\u00ebndlech Blummen a Kr\u00e4ider pflanzt, h\u00eblleft Dir mat, datt d\u2019Beien, Bommelen an och P\u00e4iperleken iwwert d\u2019komplett Saison genug ze Iessen fannen. Maacht [&hellip;]<\/p>\n","protected":false},"author":5,"featured_media":0,"parent":0,"menu_order":0,"comment_status":"closed","ping_status":"closed","template":"","meta":{"_acf_changed":false,"footnotes":""},"class_list":["post-17799","page","type-page","status-publish","hentry"],"acf":[],"yoast_head":"<!-- This site is optimized with the Yoast SEO plugin v27.2 - https:\/\/yoast.com\/product\/yoast-seo-wordpress\/ -->\n<title>\u201eBeien an eise G\u00e4ert\u201c - Mouvement \u00e9cologique<\/title>\n<meta name=\"robots\" content=\"index, follow, max-snippet:-1, max-image-preview:large, max-video-preview:-1\" \/>\n<link rel=\"canonical\" href=\"https:\/\/www.meco.lu\/de\/a-voller-blei\/\" \/>\n<meta property=\"og:locale\" content=\"de_DE\" \/>\n<meta property=\"og:type\" content=\"article\" \/>\n<meta property=\"og:title\" content=\"\u201eBeien an eise G\u00e4ert\u201c - Mouvement \u00e9cologique\" \/>\n<meta property=\"og:description\" content=\"[vc_row][vc_column width=&#8220;1\/1&#8243;][\/vc_column][\/vc_row][vc_row][vc_column width=&#8220;1\/1&#8243;][vc_column_text] Merci fir \u00c4ren Interessi un der Aktioun \u201eA voller Bl\u00e9i! \u00c4re Gaart a Balkon: e Parad\u00e4is fir eis Beien\u201c. An deems Dir matmaacht, an doheem um Balkon oder am Gaart beiefr\u00ebndlech Blummen a Kr\u00e4ider pflanzt, h\u00eblleft Dir mat, datt d\u2019Beien, Bommelen an och P\u00e4iperleken iwwert d\u2019komplett Saison genug ze Iessen fannen. Maacht [&hellip;]\" \/>\n<meta property=\"og:url\" content=\"https:\/\/www.meco.lu\/de\/a-voller-blei\/\" \/>\n<meta property=\"og:site_name\" content=\"Mouvement \u00e9cologique\" \/>\n<meta property=\"article:modified_time\" content=\"2016-04-15T08:02:16+00:00\" \/>\n<meta property=\"og:image\" content=\"http:\/\/www.meco.lu\/wp-content\/uploads\/2016\/03\/Biene-einzeln-150x150.jpg\" \/>\n<meta name=\"twitter:card\" content=\"summary_large_image\" \/>\n<meta name=\"twitter:label1\" content=\"Gesch\u00e4tzte Lesezeit\" \/>\n\t<meta name=\"twitter:data1\" content=\"1\u00a0Minute\" \/>\n<script type=\"application\/ld+json\" class=\"yoast-schema-graph\">{\"@context\":\"https:\/\/schema.org\",\"@graph\":[{\"@type\":\"WebPage\",\"@id\":\"https:\/\/www.meco.lu\/de\/a-voller-blei\/\",\"url\":\"https:\/\/www.meco.lu\/de\/a-voller-blei\/\",\"name\":\"\u201eBeien an eise G\u00e4ert\u201c - Mouvement \u00e9cologique\",\"isPartOf\":{\"@id\":\"https:\/\/www.meco.lu\/de\/#website\"},\"primaryImageOfPage\":{\"@id\":\"https:\/\/www.meco.lu\/de\/a-voller-blei\/#primaryimage\"},\"image\":{\"@id\":\"https:\/\/www.meco.lu\/de\/a-voller-blei\/#primaryimage\"},\"thumbnailUrl\":\"http:\/\/www.meco.lu\/wp-content\/uploads\/2016\/03\/Biene-einzeln-150x150.jpg\",\"datePublished\":\"2016-03-31T13:44:20+00:00\",\"dateModified\":\"2016-04-15T08:02:16+00:00\",\"breadcrumb\":{\"@id\":\"https:\/\/www.meco.lu\/de\/a-voller-blei\/#breadcrumb\"},\"inLanguage\":\"de\",\"potentialAction\":[{\"@type\":\"ReadAction\",\"target\":[\"https:\/\/www.meco.lu\/de\/a-voller-blei\/\"]}]},{\"@type\":\"ImageObject\",\"inLanguage\":\"de\",\"@id\":\"https:\/\/www.meco.lu\/de\/a-voller-blei\/#primaryimage\",\"url\":\"http:\/\/www.meco.lu\/wp-content\/uploads\/2016\/03\/Biene-einzeln-150x150.jpg\",\"contentUrl\":\"http:\/\/www.meco.lu\/wp-content\/uploads\/2016\/03\/Biene-einzeln-150x150.jpg\"},{\"@type\":\"BreadcrumbList\",\"@id\":\"https:\/\/www.meco.lu\/de\/a-voller-blei\/#breadcrumb\",\"itemListElement\":[{\"@type\":\"ListItem\",\"position\":1,\"name\":\"Home\",\"item\":\"https:\/\/www.meco.lu\/de\/\"},{\"@type\":\"ListItem\",\"position\":2,\"name\":\"\u201eBeien an eise G\u00e4ert\u201c\"}]},{\"@type\":\"WebSite\",\"@id\":\"https:\/\/www.meco.lu\/de\/#website\",\"url\":\"https:\/\/www.meco.lu\/de\/\",\"name\":\"Mouvement \u00e9cologique\",\"description\":\"\",\"potentialAction\":[{\"@type\":\"SearchAction\",\"target\":{\"@type\":\"EntryPoint\",\"urlTemplate\":\"https:\/\/www.meco.lu\/de\/?s={search_term_string}\"},\"query-input\":{\"@type\":\"PropertyValueSpecification\",\"valueRequired\":true,\"valueName\":\"search_term_string\"}}],\"inLanguage\":\"de\"}]}<\/script>\n<!-- \/ Yoast SEO plugin. -->","yoast_head_json":{"title":"\u201eBeien an eise G\u00e4ert\u201c - Mouvement \u00e9cologique","robots":{"index":"index","follow":"follow","max-snippet":"max-snippet:-1","max-image-preview":"max-image-preview:large","max-video-preview":"max-video-preview:-1"},"canonical":"https:\/\/www.meco.lu\/de\/a-voller-blei\/","og_locale":"de_DE","og_type":"article","og_title":"\u201eBeien an eise G\u00e4ert\u201c - Mouvement \u00e9cologique","og_description":"[vc_row][vc_column width=&#8220;1\/1&#8243;][\/vc_column][\/vc_row][vc_row][vc_column width=&#8220;1\/1&#8243;][vc_column_text] Merci fir \u00c4ren Interessi un der Aktioun \u201eA voller Bl\u00e9i! \u00c4re Gaart a Balkon: e Parad\u00e4is fir eis Beien\u201c. An deems Dir matmaacht, an doheem um Balkon oder am Gaart beiefr\u00ebndlech Blummen a Kr\u00e4ider pflanzt, h\u00eblleft Dir mat, datt d\u2019Beien, Bommelen an och P\u00e4iperleken iwwert d\u2019komplett Saison genug ze Iessen fannen. Maacht [&hellip;]","og_url":"https:\/\/www.meco.lu\/de\/a-voller-blei\/","og_site_name":"Mouvement \u00e9cologique","article_modified_time":"2016-04-15T08:02:16+00:00","og_image":[{"url":"http:\/\/www.meco.lu\/wp-content\/uploads\/2016\/03\/Biene-einzeln-150x150.jpg","type":"","width":"","height":""}],"twitter_card":"summary_large_image","twitter_misc":{"Gesch\u00e4tzte Lesezeit":"1\u00a0Minute"},"schema":{"@context":"https:\/\/schema.org","@graph":[{"@type":"WebPage","@id":"https:\/\/www.meco.lu\/de\/a-voller-blei\/","url":"https:\/\/www.meco.lu\/de\/a-voller-blei\/","name":"\u201eBeien an eise G\u00e4ert\u201c - Mouvement \u00e9cologique","isPartOf":{"@id":"https:\/\/www.meco.lu\/de\/#website"},"primaryImageOfPage":{"@id":"https:\/\/www.meco.lu\/de\/a-voller-blei\/#primaryimage"},"image":{"@id":"https:\/\/www.meco.lu\/de\/a-voller-blei\/#primaryimage"},"thumbnailUrl":"http:\/\/www.meco.lu\/wp-content\/uploads\/2016\/03\/Biene-einzeln-150x150.jpg","datePublished":"2016-03-31T13:44:20+00:00","dateModified":"2016-04-15T08:02:16+00:00","breadcrumb":{"@id":"https:\/\/www.meco.lu\/de\/a-voller-blei\/#breadcrumb"},"inLanguage":"de","potentialAction":[{"@type":"ReadAction","target":["https:\/\/www.meco.lu\/de\/a-voller-blei\/"]}]},{"@type":"ImageObject","inLanguage":"de","@id":"https:\/\/www.meco.lu\/de\/a-voller-blei\/#primaryimage","url":"http:\/\/www.meco.lu\/wp-content\/uploads\/2016\/03\/Biene-einzeln-150x150.jpg","contentUrl":"http:\/\/www.meco.lu\/wp-content\/uploads\/2016\/03\/Biene-einzeln-150x150.jpg"},{"@type":"BreadcrumbList","@id":"https:\/\/www.meco.lu\/de\/a-voller-blei\/#breadcrumb","itemListElement":[{"@type":"ListItem","position":1,"name":"Home","item":"https:\/\/www.meco.lu\/de\/"},{"@type":"ListItem","position":2,"name":"\u201eBeien an eise G\u00e4ert\u201c"}]},{"@type":"WebSite","@id":"https:\/\/www.meco.lu\/de\/#website","url":"https:\/\/www.meco.lu\/de\/","name":"Mouvement \u00e9cologique","description":"","potentialAction":[{"@type":"SearchAction","target":{"@type":"EntryPoint","urlTemplate":"https:\/\/www.meco.lu\/de\/?s={search_term_string}"},"query-input":{"@type":"PropertyValueSpecification","valueRequired":true,"valueName":"search_term_string"}}],"inLanguage":"de"}]}},"_links":{"self":[{"href":"https:\/\/www.meco.lu\/de\/wp-json\/wp\/v2\/pages\/17799","targetHints":{"allow":["GET"]}}],"collection":[{"href":"https:\/\/www.meco.lu\/de\/wp-json\/wp\/v2\/pages"}],"about":[{"href":"https:\/\/www.meco.lu\/de\/wp-json\/wp\/v2\/types\/page"}],"author":[{"embeddable":true,"href":"https:\/\/www.meco.lu\/de\/wp-json\/wp\/v2\/users\/5"}],"replies":[{"embeddable":true,"href":"https:\/\/www.meco.lu\/de\/wp-json\/wp\/v2\/comments?post=17799"}],"version-history":[{"count":5,"href":"https:\/\/www.meco.lu\/de\/wp-json\/wp\/v2\/pages\/17799\/revisions"}],"predecessor-version":[{"id":18073,"href":"https:\/\/www.meco.lu\/de\/wp-json\/wp\/v2\/pages\/17799\/revisions\/18073"}],"wp:attachment":[{"href":"https:\/\/www.meco.lu\/de\/wp-json\/wp\/v2\/media?parent=17799"}],"curies":[{"name":"wp","href":"https:\/\/api.w.org\/{rel}","templated":true}]}}