{"id":16461,"date":"2015-11-17T12:35:40","date_gmt":"2015-11-17T10:35:40","guid":{"rendered":"http:\/\/www.meco.lu\/de\/oekosoph-2\/"},"modified":"2026-01-27T12:21:35","modified_gmt":"2026-01-27T10:21:35","slug":"oekosoph","status":"publish","type":"page","link":"https:\/\/www.meco.lu\/de\/oekosoph\/","title":{"rendered":"Oekosoph"},"content":{"rendered":"<section class=\"wpb-content-wrapper\"><div class=\"pf-content\"><p>[vc_row][vc_column][vc_single_image image=&#8220;53437&#8243; img_size=&#8220;full&#8220; alignment=&#8220;center&#8220;][\/vc_column][\/vc_row][vc_row][vc_column css=&#8220;.vc_custom_1434527272880{margin-bottom: 20px !important;}&#8220;][vc_column_text]<\/p>\n<div class=\"vc_row wpb_row vc_row-fluid vc_custom_1557158284850\">\n<div class=\"wpb_column vc_column_container vc_col-sm-12\">\n<div class=\"vc_column-inner\">\n<div class=\"wpb_wrapper\">\n<div class=\"wpb_text_column wpb_content_element \">\n<div class=\"wpb_wrapper\" style=\"text-align: center\">\n<h2><\/h2>\n<h2 style=\"text-align: left\"><a href=\"http:\/\/www.meco.lu\/wp-content\/uploads\/2025\/12\/Oekosoph.jpg\"><img loading=\"lazy\" decoding=\"async\" class=\" wp-image-53433 alignnone\" src=\"http:\/\/www.meco.lu\/wp-content\/uploads\/2025\/12\/Oekosoph-300x272.jpg\" alt=\"\" width=\"255\" height=\"231\" srcset=\"https:\/\/www.meco.lu\/wp-content\/uploads\/2025\/12\/Oekosoph-300x272.jpg 300w, https:\/\/www.meco.lu\/wp-content\/uploads\/2025\/12\/Oekosoph-1024x927.jpg 1024w, https:\/\/www.meco.lu\/wp-content\/uploads\/2025\/12\/Oekosoph-768x695.jpg 768w, https:\/\/www.meco.lu\/wp-content\/uploads\/2025\/12\/Oekosoph-213x193.jpg 213w, https:\/\/www.meco.lu\/wp-content\/uploads\/2025\/12\/Oekosoph.jpg 1365w\" sizes=\"auto, (max-width: 255px) 100vw, 255px\" \/><\/a><\/h2>\n<h2 style=\"text-align: left\">\u00c4re regionale Restaurant aus dem Pafendall<\/h2>\n<\/div>\n<\/div>\n<\/div>\n<\/div>\n<\/div>\n<div class=\"wpb_column vc_column_container vc_col-sm-12\">\n<div class=\"vc_column-inner\">\n<div class=\"wpb_wrapper\">\n<ul>\n<li style=\"text-align: left\">Brasserie Oekosoph,<\/li>\n<li style=\"text-align: left\">6 rue Vauban Luxembourg, Pafendall<\/li>\n<li><span style=\"color: #339966\"><strong>Contact: <\/strong><\/span>Tel<strong>: 43 90 30 &#8211; 91 \/ <\/strong>Email: <a href=\"mailto:oekosoph@oeko.lu\"><span style=\"color: #339966\"><strong>oekosoph@oeko.lu<\/strong><\/span><\/a><\/li>\n<li style=\"text-align: left\"><span style=\"color: #339966\"><strong><a style=\"color: #339966\" href=\"http:\/\/www.oekosoph.lu\/\">www.oekosoph.lu<\/a><\/strong><\/span><\/li>\n<\/ul>\n<p>&nbsp;<\/p>\n<div class=\"wpb_text_column wpb_content_element \">\n<div class=\"wpb_wrapper\" style=\"text-align: left\">\n<p>D\u00e9i nei Bedreiwer \u2013 d\u2019Elisabete an de Gr\u00e9gory si frou, Iech begr\u00e9issen ze k\u00ebnnen.<\/p>\n<p>&nbsp;<\/p>\n<p>Den Oekosoph w\u00e4ert Iech an der gewinnter gemittlecher Ambiance empf\u00e4nken, wou d\u2019Konzept vun der biologescher Kiche, wa m\u00e9iglech aus der Regioun, weiderhin am Vierdergrond steet. A natierlech waarden och vegetaresch a vegan Platen op iech. Nei ass, datt et elo er\u00ebm \u00ebmmer eng Menuskaart g\u00ebtt an den Oekosoph elo owes an och iwwert M\u00ebtteg op ass.<\/p>\n<p>&nbsp;<\/p>\n<h2><span style=\"color: #339966\"><strong>\u00cbffnungsz\u00e4iten :<\/strong><\/span><\/h2>\n<p><strong>D\u00ebnschden-Freiden:<\/strong> 12h00 \u2013 22h30 (Kichen ass duerchgehend op bis 21h00)<\/p>\n<p><strong>Samschdes<\/strong>: 12h00 \u2013 17h00 (Kichen ass duerchgehend op bis 16h00)<\/p>\n<p><strong>Sonndes a M\u00e9indes ass zou<\/strong><\/p>\n<\/div>\n<\/div>\n<\/div>\n<div class=\"wpb_wrapper\">\n<div class=\"wpb_text_column wpb_content_element \">\n<div class=\"wpb_wrapper\" style=\"text-align: left\">\n<p>&nbsp;<\/p>\n<p><span style=\"color: #339966\"><strong>Reservatiounen <\/strong><span style=\"color: #000000\">en<\/span><\/span><span style=\"color: #000000\">t<\/span>weder per Tel<strong>: 43 90 30 &#8211; 91 <\/strong>oder per e-mail: <a href=\"mailto:oekosoph@oeko.lu\"><span style=\"color: #339966\"><strong>oekosoph@oeko.lu<\/strong><\/span><\/a><\/p>\n<\/div>\n<\/div>\n<div class=\"wpb_text_column wpb_content_element \">\n<div class=\"wpb_wrapper\" style=\"text-align: left\">\n<p>Kuckt och eran op der Homepage, do gitt Dir m\u00e9i gewuer:\u00a0<strong><span style=\"color: #008000\"><a style=\"color: #008000\" href=\"https:\/\/www.oekosoph.lu\/kontakt\/\">oekosoph.lu<\/a><\/span><\/strong><\/p>\n<p>D\u00e9i nei Bedreiwer free\u00ebn sech op Iech! E Besuch lount sech.<\/p>\n<p>&nbsp;<\/p>\n<p><a href=\"http:\/\/www.meco.lu\/wp-content\/uploads\/2025\/12\/Gregory-an-Elisabete.jpg\"><img loading=\"lazy\" decoding=\"async\" class=\"size-medium wp-image-53599 aligncenter\" src=\"http:\/\/www.meco.lu\/wp-content\/uploads\/2025\/12\/Gregory-an-Elisabete-300x225.jpg\" alt=\"\" width=\"300\" height=\"225\" srcset=\"https:\/\/www.meco.lu\/wp-content\/uploads\/2025\/12\/Gregory-an-Elisabete-300x225.jpg 300w, https:\/\/www.meco.lu\/wp-content\/uploads\/2025\/12\/Gregory-an-Elisabete-1024x768.jpg 1024w, https:\/\/www.meco.lu\/wp-content\/uploads\/2025\/12\/Gregory-an-Elisabete-768x576.jpg 768w, https:\/\/www.meco.lu\/wp-content\/uploads\/2025\/12\/Gregory-an-Elisabete-1536x1152.jpg 1536w, https:\/\/www.meco.lu\/wp-content\/uploads\/2025\/12\/Gregory-an-Elisabete-213x160.jpg 213w, https:\/\/www.meco.lu\/wp-content\/uploads\/2025\/12\/Gregory-an-Elisabete.jpg 1600w\" sizes=\"auto, (max-width: 300px) 100vw, 300px\" \/><\/a><\/p>\n<p>&nbsp;<\/p>\n<\/div>\n<\/div>\n<\/div>\n<\/div>\n<\/div>\n<\/div>\n<p>[\/vc_column_text][\/vc_column][\/vc_row]<\/p>\n<\/div><\/section>","protected":false},"excerpt":{"rendered":"<p>[vc_row][vc_column][vc_single_image image=&#8220;53437&#8243; img_size=&#8220;full&#8220; alignment=&#8220;center&#8220;][\/vc_column][\/vc_row][vc_row][vc_column css=&#8220;.vc_custom_1434527272880{margin-bottom: 20px !important;}&#8220;][vc_column_text] \u00c4re regionale Restaurant aus dem Pafendall Brasserie Oekosoph, 6 rue Vauban Luxembourg, Pafendall Contact: Tel: 43 90 30 &#8211; 91 \/ Email: oekosoph@oeko.lu www.oekosoph.lu &nbsp; D\u00e9i nei Bedreiwer \u2013 d\u2019Elisabete an de Gr\u00e9gory si frou, Iech begr\u00e9issen ze k\u00ebnnen. &nbsp; Den Oekosoph w\u00e4ert Iech an der gewinnter gemittlecher [&hellip;]<\/p>\n","protected":false},"author":1,"featured_media":0,"parent":0,"menu_order":0,"comment_status":"closed","ping_status":"closed","template":"template-oekosoph.php","meta":{"_acf_changed":false,"footnotes":""},"class_list":["post-16461","page","type-page","status-publish","hentry"],"acf":[],"yoast_head":"<!-- This site is optimized with the Yoast SEO plugin v27.2 - https:\/\/yoast.com\/product\/yoast-seo-wordpress\/ -->\n<title>Oekosoph - Mouvement \u00e9cologique<\/title>\n<meta name=\"description\" content=\"Der Oekosoph ist vor\u00fcbergehend geschlossen! Das Restaurant feiert demn\u00e4chst unter neuer Leitung seine Wiederer\u00f6ffnung. Kontakt: oekosoph@oeko.lu\" \/>\n<meta name=\"robots\" content=\"index, follow, max-snippet:-1, max-image-preview:large, max-video-preview:-1\" \/>\n<link rel=\"canonical\" href=\"https:\/\/www.meco.lu\/de\/oekosoph\/\" \/>\n<meta property=\"og:locale\" content=\"de_DE\" \/>\n<meta property=\"og:type\" content=\"article\" \/>\n<meta property=\"og:title\" content=\"Oekosoph - Mouvement \u00e9cologique\" \/>\n<meta property=\"og:description\" content=\"Der Oekosoph ist vor\u00fcbergehend geschlossen! Das Restaurant feiert demn\u00e4chst unter neuer Leitung seine Wiederer\u00f6ffnung. Kontakt: oekosoph@oeko.lu\" \/>\n<meta property=\"og:url\" content=\"https:\/\/www.meco.lu\/de\/oekosoph\/\" \/>\n<meta property=\"og:site_name\" content=\"Mouvement \u00e9cologique\" \/>\n<meta property=\"article:modified_time\" content=\"2026-01-27T10:21:35+00:00\" \/>\n<meta property=\"og:image\" content=\"http:\/\/www.meco.lu\/wp-content\/uploads\/2025\/12\/Oekosoph-300x272.jpg\" \/>\n<meta name=\"twitter:card\" content=\"summary_large_image\" \/>\n<meta name=\"twitter:label1\" content=\"Gesch\u00e4tzte Lesezeit\" \/>\n\t<meta name=\"twitter:data1\" content=\"2\u00a0Minuten\" \/>\n<script type=\"application\/ld+json\" class=\"yoast-schema-graph\">{\"@context\":\"https:\/\/schema.org\",\"@graph\":[{\"@type\":\"WebPage\",\"@id\":\"https:\/\/www.meco.lu\/de\/oekosoph\/\",\"url\":\"https:\/\/www.meco.lu\/de\/oekosoph\/\",\"name\":\"Oekosoph - Mouvement \u00e9cologique\",\"isPartOf\":{\"@id\":\"https:\/\/www.meco.lu\/de\/#website\"},\"primaryImageOfPage\":{\"@id\":\"https:\/\/www.meco.lu\/de\/oekosoph\/#primaryimage\"},\"image\":{\"@id\":\"https:\/\/www.meco.lu\/de\/oekosoph\/#primaryimage\"},\"thumbnailUrl\":\"http:\/\/www.meco.lu\/wp-content\/uploads\/2025\/12\/Oekosoph-300x272.jpg\",\"datePublished\":\"2015-11-17T10:35:40+00:00\",\"dateModified\":\"2026-01-27T10:21:35+00:00\",\"description\":\"Der Oekosoph ist vor\u00fcbergehend geschlossen! Das Restaurant feiert demn\u00e4chst unter neuer Leitung seine Wiederer\u00f6ffnung. Kontakt: oekosoph@oeko.lu\",\"breadcrumb\":{\"@id\":\"https:\/\/www.meco.lu\/de\/oekosoph\/#breadcrumb\"},\"inLanguage\":\"de\",\"potentialAction\":[{\"@type\":\"ReadAction\",\"target\":[\"https:\/\/www.meco.lu\/de\/oekosoph\/\"]}]},{\"@type\":\"ImageObject\",\"inLanguage\":\"de\",\"@id\":\"https:\/\/www.meco.lu\/de\/oekosoph\/#primaryimage\",\"url\":\"http:\/\/www.meco.lu\/wp-content\/uploads\/2025\/12\/Oekosoph-300x272.jpg\",\"contentUrl\":\"http:\/\/www.meco.lu\/wp-content\/uploads\/2025\/12\/Oekosoph-300x272.jpg\"},{\"@type\":\"BreadcrumbList\",\"@id\":\"https:\/\/www.meco.lu\/de\/oekosoph\/#breadcrumb\",\"itemListElement\":[{\"@type\":\"ListItem\",\"position\":1,\"name\":\"Home\",\"item\":\"https:\/\/www.meco.lu\/de\/\"},{\"@type\":\"ListItem\",\"position\":2,\"name\":\"Oekosoph\"}]},{\"@type\":\"WebSite\",\"@id\":\"https:\/\/www.meco.lu\/de\/#website\",\"url\":\"https:\/\/www.meco.lu\/de\/\",\"name\":\"Mouvement \u00e9cologique\",\"description\":\"\",\"potentialAction\":[{\"@type\":\"SearchAction\",\"target\":{\"@type\":\"EntryPoint\",\"urlTemplate\":\"https:\/\/www.meco.lu\/de\/?s={search_term_string}\"},\"query-input\":{\"@type\":\"PropertyValueSpecification\",\"valueRequired\":true,\"valueName\":\"search_term_string\"}}],\"inLanguage\":\"de\"}]}<\/script>\n<!-- \/ Yoast SEO plugin. -->","yoast_head_json":{"title":"Oekosoph - Mouvement \u00e9cologique","description":"Der Oekosoph ist vor\u00fcbergehend geschlossen! Das Restaurant feiert demn\u00e4chst unter neuer Leitung seine Wiederer\u00f6ffnung. Kontakt: oekosoph@oeko.lu","robots":{"index":"index","follow":"follow","max-snippet":"max-snippet:-1","max-image-preview":"max-image-preview:large","max-video-preview":"max-video-preview:-1"},"canonical":"https:\/\/www.meco.lu\/de\/oekosoph\/","og_locale":"de_DE","og_type":"article","og_title":"Oekosoph - Mouvement \u00e9cologique","og_description":"Der Oekosoph ist vor\u00fcbergehend geschlossen! Das Restaurant feiert demn\u00e4chst unter neuer Leitung seine Wiederer\u00f6ffnung. Kontakt: oekosoph@oeko.lu","og_url":"https:\/\/www.meco.lu\/de\/oekosoph\/","og_site_name":"Mouvement \u00e9cologique","article_modified_time":"2026-01-27T10:21:35+00:00","og_image":[{"url":"http:\/\/www.meco.lu\/wp-content\/uploads\/2025\/12\/Oekosoph-300x272.jpg","type":"","width":"","height":""}],"twitter_card":"summary_large_image","twitter_misc":{"Gesch\u00e4tzte Lesezeit":"2\u00a0Minuten"},"schema":{"@context":"https:\/\/schema.org","@graph":[{"@type":"WebPage","@id":"https:\/\/www.meco.lu\/de\/oekosoph\/","url":"https:\/\/www.meco.lu\/de\/oekosoph\/","name":"Oekosoph - Mouvement \u00e9cologique","isPartOf":{"@id":"https:\/\/www.meco.lu\/de\/#website"},"primaryImageOfPage":{"@id":"https:\/\/www.meco.lu\/de\/oekosoph\/#primaryimage"},"image":{"@id":"https:\/\/www.meco.lu\/de\/oekosoph\/#primaryimage"},"thumbnailUrl":"http:\/\/www.meco.lu\/wp-content\/uploads\/2025\/12\/Oekosoph-300x272.jpg","datePublished":"2015-11-17T10:35:40+00:00","dateModified":"2026-01-27T10:21:35+00:00","description":"Der Oekosoph ist vor\u00fcbergehend geschlossen! Das Restaurant feiert demn\u00e4chst unter neuer Leitung seine Wiederer\u00f6ffnung. Kontakt: oekosoph@oeko.lu","breadcrumb":{"@id":"https:\/\/www.meco.lu\/de\/oekosoph\/#breadcrumb"},"inLanguage":"de","potentialAction":[{"@type":"ReadAction","target":["https:\/\/www.meco.lu\/de\/oekosoph\/"]}]},{"@type":"ImageObject","inLanguage":"de","@id":"https:\/\/www.meco.lu\/de\/oekosoph\/#primaryimage","url":"http:\/\/www.meco.lu\/wp-content\/uploads\/2025\/12\/Oekosoph-300x272.jpg","contentUrl":"http:\/\/www.meco.lu\/wp-content\/uploads\/2025\/12\/Oekosoph-300x272.jpg"},{"@type":"BreadcrumbList","@id":"https:\/\/www.meco.lu\/de\/oekosoph\/#breadcrumb","itemListElement":[{"@type":"ListItem","position":1,"name":"Home","item":"https:\/\/www.meco.lu\/de\/"},{"@type":"ListItem","position":2,"name":"Oekosoph"}]},{"@type":"WebSite","@id":"https:\/\/www.meco.lu\/de\/#website","url":"https:\/\/www.meco.lu\/de\/","name":"Mouvement \u00e9cologique","description":"","potentialAction":[{"@type":"SearchAction","target":{"@type":"EntryPoint","urlTemplate":"https:\/\/www.meco.lu\/de\/?s={search_term_string}"},"query-input":{"@type":"PropertyValueSpecification","valueRequired":true,"valueName":"search_term_string"}}],"inLanguage":"de"}]}},"_links":{"self":[{"href":"https:\/\/www.meco.lu\/de\/wp-json\/wp\/v2\/pages\/16461","targetHints":{"allow":["GET"]}}],"collection":[{"href":"https:\/\/www.meco.lu\/de\/wp-json\/wp\/v2\/pages"}],"about":[{"href":"https:\/\/www.meco.lu\/de\/wp-json\/wp\/v2\/types\/page"}],"author":[{"embeddable":true,"href":"https:\/\/www.meco.lu\/de\/wp-json\/wp\/v2\/users\/1"}],"replies":[{"embeddable":true,"href":"https:\/\/www.meco.lu\/de\/wp-json\/wp\/v2\/comments?post=16461"}],"version-history":[{"count":6,"href":"https:\/\/www.meco.lu\/de\/wp-json\/wp\/v2\/pages\/16461\/revisions"}],"predecessor-version":[{"id":54009,"href":"https:\/\/www.meco.lu\/de\/wp-json\/wp\/v2\/pages\/16461\/revisions\/54009"}],"wp:attachment":[{"href":"https:\/\/www.meco.lu\/de\/wp-json\/wp\/v2\/media?parent=16461"}],"curies":[{"name":"wp","href":"https:\/\/api.w.org\/{rel}","templated":true}]}}