{"id":16451,"date":"2015-11-16T10:44:37","date_gmt":"2015-11-16T08:44:37","guid":{"rendered":"http:\/\/www.meco.lu\/de\/stop-ttip\/"},"modified":"2016-11-02T12:51:41","modified_gmt":"2016-11-02T10:51:41","slug":"stop-ttip","status":"publish","type":"page","link":"https:\/\/www.meco.lu\/de\/stop-ttip\/","title":{"rendered":"Stop TTIP"},"content":{"rendered":"<section class=\"wpb-content-wrapper\"><div class=\"pf-content\"><p>[vc_row][vc_column width=&#8220;1\/1&#8243;][vc_images_carousel onclick=&#8220;link_image&#8220; custom_links_target=&#8220;_self&#8220; mode=&#8220;horizontal&#8220; speed=&#8220;6000&#8243; slides_per_view=&#8220;1&#8243; autoplay=&#8220;&#8220; hide_pagination_control=&#8220;&#8220; hide_prev_next_buttons=&#8220;&#8220; partial_view=&#8220;&#8220; wrap=&#8220;&#8220; img_size=&#8220;660&#215;300&#8243; images=&#8220;16614,16613,16612,16611,16610,16609,16608,16607,16606,16605,16604,16603,16602&#8243;][\/vc_column][\/vc_row][vc_row][vc_column width=&#8220;1\/1&#8243;][vc_column_text]<\/p>\n<p>[\/vc_column_text][\/vc_column][\/vc_row][vc_row][vc_column width=&#8220;1\/1&#8243;][vc_column_text]<\/p>\n<h2><\/h2>\n<h4><a href=\"http:\/\/www.meco.lu\/wp-content\/uploads\/2015\/11\/TTIP_CETA_LOGO_RGB.jpg\"><img loading=\"lazy\" decoding=\"async\" class=\"alignnone size-medium wp-image-20805\" src=\"http:\/\/www.meco.lu\/wp-content\/uploads\/2015\/11\/TTIP_CETA_LOGO_RGB-300x216.jpg\" alt=\"TTIP_CETA_LOGO_RGB\" width=\"300\" height=\"216\" srcset=\"https:\/\/www.meco.lu\/wp-content\/uploads\/2015\/11\/TTIP_CETA_LOGO_RGB-300x216.jpg 300w, https:\/\/www.meco.lu\/wp-content\/uploads\/2015\/11\/TTIP_CETA_LOGO_RGB-213x153.jpg 213w, https:\/\/www.meco.lu\/wp-content\/uploads\/2015\/11\/TTIP_CETA_LOGO_RGB.jpg 762w\" sizes=\"auto, (max-width: 300px) 100vw, 300px\" \/><\/a><\/h4>\n<h4><\/h4>\n<h4><strong>Beteiligen Sie sich an einer europaweiten Petition gegen die Freihandelsabkommen EU-Kanada sowie EU-Amerika !<\/strong><\/h4>\n<p>Ein europaweites B\u00fcndnis von Umwelt- und Entwicklungsorganisationen, Verbrauchersch\u00fctzern, Landwirtschaftsverb\u00e4nden, sozialen Bewegungen, Gewerkschaften \u2013 bestehend aus \u00fcber 260 Organisationen aus 21 L\u00e4ndern \u2013 setzt sich gemeinsam gegen die geplanten Freihandelsabkommen ein.<\/p>\n<p>Es kann nicht sein, so die Hauptmotivation, dass demokratische Prozesse, Umwelt-, Sozial- und Verbraucherrechte f\u00fcr die Interessen von einigen wenigen multinationalen Firmen geopfert werden.<\/p>\n<p>In Luxemburg hat sich ein B\u00fcndnis von Organisationen zusammengetan, das die europ\u00e4ische Aktion unterst\u00fctzt.<br \/>\n<strong><a href=\"http:\/\/www.meco.lu\/wp-content\/uploads\/2016\/09\/Mitgliederorganisationen-des-Luxemburger-B\u00fcndnisses-09_2016.pdf\">Mitgliederorganisationen des Luxemburger B\u00fcndnisses.<\/a><\/strong><\/p>\n<p><strong>Weitere Infos auf: <a href=\"http:\/\/stop-ttip.org\/\">http:\/\/stop-ttip.org\/<\/a><\/strong>[\/vc_column_text][\/vc_column][\/vc_row][vc_row][vc_column width=&#8220;1\/1&#8243;][vc_column_text]<\/p>\n<p>[\/vc_column_text][\/vc_column][\/vc_row][vc_row][vc_column width=&#8220;1\/2&#8243;][vc_column_text]<strong>Aktion am 30. September in Br\u00fcssel<\/strong><\/p>\n<p><iframe loading=\"lazy\" title=\"Stop TTIP signature hand-over action in Brussels, 7 Oct 2015\" width=\"500\" height=\"281\" src=\"https:\/\/www.youtube.com\/embed\/Ew2oUcOsP7Y?feature=oembed\" frameborder=\"0\" allow=\"accelerometer; autoplay; clipboard-write; encrypted-media; gyroscope; picture-in-picture; web-share\" referrerpolicy=\"strict-origin-when-cross-origin\" allowfullscreen><\/iframe><\/p>\n<p>Mittwoch 30. September in Br\u00fcssel: Film der \u00dcberreichung der \u00fcber 3,2 Millionen Unterschriften gegen TTIP, die innerhalb eines Jahres europaweit gesammelt wurden![\/vc_column_text][\/vc_column][vc_column width=&#8220;1\/2&#8243; el_class=&#8220;beteiligen_block&#8220;][vc_column_text el_class=&#8220;align-left&#8220;]<\/p>\n<h3><a href=\"http:\/\/www.meco.lu\/de\/stopttip\/\"><img loading=\"lazy\" decoding=\"async\" class=\"alignnone wp-image-20805\" src=\"http:\/\/www.meco.lu\/wp-content\/uploads\/2015\/11\/TTIP_CETA_LOGO_RGB-300x216.jpg\" alt=\"TTIP_CETA_LOGO_RGB\" width=\"200\" height=\"144\" srcset=\"https:\/\/www.meco.lu\/wp-content\/uploads\/2015\/11\/TTIP_CETA_LOGO_RGB-300x216.jpg 300w, https:\/\/www.meco.lu\/wp-content\/uploads\/2015\/11\/TTIP_CETA_LOGO_RGB-213x153.jpg 213w, https:\/\/www.meco.lu\/wp-content\/uploads\/2015\/11\/TTIP_CETA_LOGO_RGB.jpg 762w\" sizes=\"auto, (max-width: 200px) 100vw, 200px\" \/><\/a><\/h3>\n<h3><strong>Bet<\/strong><strong>eiligen auch Sie sich!<\/strong><\/h3>\n<p>Unterschreiben Sie die Petition. Ziel ist es, mit m\u00f6glichst vielen Unterschriften die Infragestellung unserer Werte und Standards zu verhindern!<\/p>\n<h3><\/h3>\n<p>[\/vc_column_text][vc_button title=&#8220;Unterschreiben auch Sie!&#8220; target=&#8220;_blank&#8220; color=&#8220;btn-danger&#8220; icon=&#8220;none&#8220; size=&#8220;btn-large&#8220; href=&#8220;https:\/\/stop-ttip.org\/wp-content\/uploads\/2014\/10\/Signature-list-LU-DE.pdf&#8220; el_class=&#8220;ttip_redbutton&#8220;][\/vc_column][\/vc_row][vc_row][vc_column width=&#8220;1\/1&#8243;][vc_column_text][\/vc_column_text][\/vc_column][\/vc_row][vc_row][vc_column width=&#8220;1\/1&#8243;][vc_column_text]Hier finden Sie eine <a href=\"http:\/\/www.meco.lu\/de\/ttip-dokumenter-januar-2014-november-2015\/\">Auflistung aller Dokumente<\/a> die im Rahmen des Engagements des luxemburger B\u00fcndnisses gegen TTIP und CETA seit Anfang 2014 erstellt worden sind sowie der Veranstaltungen die stattgefunden haben.<\/p>\n<p>[\/vc_column_text][\/vc_column][\/vc_row]<\/p>\n<\/div><\/section>","protected":false},"excerpt":{"rendered":"<p>[vc_row][vc_column width=&#8220;1\/1&#8243;][vc_images_carousel onclick=&#8220;link_image&#8220; custom_links_target=&#8220;_self&#8220; mode=&#8220;horizontal&#8220; speed=&#8220;6000&#8243; slides_per_view=&#8220;1&#8243; autoplay=&#8220;&#8220; hide_pagination_control=&#8220;&#8220; hide_prev_next_buttons=&#8220;&#8220; partial_view=&#8220;&#8220; wrap=&#8220;&#8220; img_size=&#8220;660&#215;300&#8243; images=&#8220;16614,16613,16612,16611,16610,16609,16608,16607,16606,16605,16604,16603,16602&#8243;][\/vc_column][\/vc_row][vc_row][vc_column width=&#8220;1\/1&#8243;][vc_column_text] [\/vc_column_text][\/vc_column][\/vc_row][vc_row][vc_column width=&#8220;1\/1&#8243;][vc_column_text] Beteiligen Sie sich an einer europaweiten Petition gegen die Freihandelsabkommen EU-Kanada sowie EU-Amerika ! Ein europaweites B\u00fcndnis von Umwelt- und Entwicklungsorganisationen, Verbrauchersch\u00fctzern, Landwirtschaftsverb\u00e4nden, sozialen Bewegungen, Gewerkschaften \u2013 bestehend aus \u00fcber 260 Organisationen aus 21 L\u00e4ndern \u2013 setzt sich [&hellip;]<\/p>\n","protected":false},"author":1,"featured_media":0,"parent":0,"menu_order":0,"comment_status":"closed","ping_status":"closed","template":"template-ttip.php","meta":{"_acf_changed":false,"footnotes":""},"class_list":["post-16451","page","type-page","status-publish","hentry"],"acf":[],"yoast_head":"<!-- This site is optimized with the Yoast SEO plugin v27.2 - https:\/\/yoast.com\/product\/yoast-seo-wordpress\/ -->\n<title>Stop TTIP - Mouvement \u00e9cologique<\/title>\n<meta name=\"robots\" content=\"index, follow, max-snippet:-1, max-image-preview:large, max-video-preview:-1\" \/>\n<link rel=\"canonical\" href=\"https:\/\/www.meco.lu\/de\/stop-ttip\/\" \/>\n<meta property=\"og:locale\" content=\"de_DE\" \/>\n<meta property=\"og:type\" content=\"article\" \/>\n<meta property=\"og:title\" content=\"Stop TTIP - Mouvement \u00e9cologique\" \/>\n<meta property=\"og:description\" content=\"[vc_row][vc_column width=&#8220;1\/1&#8243;][vc_images_carousel onclick=&#8220;link_image&#8220; custom_links_target=&#8220;_self&#8220; mode=&#8220;horizontal&#8220; speed=&#8220;6000&#8243; slides_per_view=&#8220;1&#8243; autoplay=&#8220;&#8220; hide_pagination_control=&#8220;&#8220; hide_prev_next_buttons=&#8220;&#8220; partial_view=&#8220;&#8220; wrap=&#8220;&#8220; img_size=&#8220;660&#215;300&#8243; images=&#8220;16614,16613,16612,16611,16610,16609,16608,16607,16606,16605,16604,16603,16602&#8243;][\/vc_column][\/vc_row][vc_row][vc_column width=&#8220;1\/1&#8243;][vc_column_text] [\/vc_column_text][\/vc_column][\/vc_row][vc_row][vc_column width=&#8220;1\/1&#8243;][vc_column_text] Beteiligen Sie sich an einer europaweiten Petition gegen die Freihandelsabkommen EU-Kanada sowie EU-Amerika ! Ein europaweites B\u00fcndnis von Umwelt- und Entwicklungsorganisationen, Verbrauchersch\u00fctzern, Landwirtschaftsverb\u00e4nden, sozialen Bewegungen, Gewerkschaften \u2013 bestehend aus \u00fcber 260 Organisationen aus 21 L\u00e4ndern \u2013 setzt sich [&hellip;]\" \/>\n<meta property=\"og:url\" content=\"https:\/\/www.meco.lu\/de\/stop-ttip\/\" \/>\n<meta property=\"og:site_name\" content=\"Mouvement \u00e9cologique\" \/>\n<meta property=\"article:modified_time\" content=\"2016-11-02T10:51:41+00:00\" \/>\n<meta property=\"og:image\" content=\"http:\/\/www.meco.lu\/wp-content\/uploads\/2015\/11\/TTIP_CETA_LOGO_RGB-300x216.jpg\" \/>\n<meta name=\"twitter:card\" content=\"summary_large_image\" \/>\n<meta name=\"twitter:label1\" content=\"Gesch\u00e4tzte Lesezeit\" \/>\n\t<meta name=\"twitter:data1\" content=\"2\u00a0Minuten\" \/>\n<script type=\"application\/ld+json\" class=\"yoast-schema-graph\">{\"@context\":\"https:\/\/schema.org\",\"@graph\":[{\"@type\":\"WebPage\",\"@id\":\"https:\/\/www.meco.lu\/de\/stop-ttip\/\",\"url\":\"https:\/\/www.meco.lu\/de\/stop-ttip\/\",\"name\":\"Stop TTIP - Mouvement \u00e9cologique\",\"isPartOf\":{\"@id\":\"https:\/\/www.meco.lu\/de\/#website\"},\"primaryImageOfPage\":{\"@id\":\"https:\/\/www.meco.lu\/de\/stop-ttip\/#primaryimage\"},\"image\":{\"@id\":\"https:\/\/www.meco.lu\/de\/stop-ttip\/#primaryimage\"},\"thumbnailUrl\":\"http:\/\/www.meco.lu\/wp-content\/uploads\/2015\/11\/TTIP_CETA_LOGO_RGB-300x216.jpg\",\"datePublished\":\"2015-11-16T08:44:37+00:00\",\"dateModified\":\"2016-11-02T10:51:41+00:00\",\"breadcrumb\":{\"@id\":\"https:\/\/www.meco.lu\/de\/stop-ttip\/#breadcrumb\"},\"inLanguage\":\"de\",\"potentialAction\":[{\"@type\":\"ReadAction\",\"target\":[\"https:\/\/www.meco.lu\/de\/stop-ttip\/\"]}]},{\"@type\":\"ImageObject\",\"inLanguage\":\"de\",\"@id\":\"https:\/\/www.meco.lu\/de\/stop-ttip\/#primaryimage\",\"url\":\"http:\/\/www.meco.lu\/wp-content\/uploads\/2015\/11\/TTIP_CETA_LOGO_RGB-300x216.jpg\",\"contentUrl\":\"http:\/\/www.meco.lu\/wp-content\/uploads\/2015\/11\/TTIP_CETA_LOGO_RGB-300x216.jpg\"},{\"@type\":\"BreadcrumbList\",\"@id\":\"https:\/\/www.meco.lu\/de\/stop-ttip\/#breadcrumb\",\"itemListElement\":[{\"@type\":\"ListItem\",\"position\":1,\"name\":\"Home\",\"item\":\"https:\/\/www.meco.lu\/de\/\"},{\"@type\":\"ListItem\",\"position\":2,\"name\":\"Stop TTIP\"}]},{\"@type\":\"WebSite\",\"@id\":\"https:\/\/www.meco.lu\/de\/#website\",\"url\":\"https:\/\/www.meco.lu\/de\/\",\"name\":\"Mouvement \u00e9cologique\",\"description\":\"\",\"potentialAction\":[{\"@type\":\"SearchAction\",\"target\":{\"@type\":\"EntryPoint\",\"urlTemplate\":\"https:\/\/www.meco.lu\/de\/?s={search_term_string}\"},\"query-input\":{\"@type\":\"PropertyValueSpecification\",\"valueRequired\":true,\"valueName\":\"search_term_string\"}}],\"inLanguage\":\"de\"}]}<\/script>\n<!-- \/ Yoast SEO plugin. -->","yoast_head_json":{"title":"Stop TTIP - Mouvement \u00e9cologique","robots":{"index":"index","follow":"follow","max-snippet":"max-snippet:-1","max-image-preview":"max-image-preview:large","max-video-preview":"max-video-preview:-1"},"canonical":"https:\/\/www.meco.lu\/de\/stop-ttip\/","og_locale":"de_DE","og_type":"article","og_title":"Stop TTIP - Mouvement \u00e9cologique","og_description":"[vc_row][vc_column width=&#8220;1\/1&#8243;][vc_images_carousel onclick=&#8220;link_image&#8220; custom_links_target=&#8220;_self&#8220; mode=&#8220;horizontal&#8220; speed=&#8220;6000&#8243; slides_per_view=&#8220;1&#8243; autoplay=&#8220;&#8220; hide_pagination_control=&#8220;&#8220; hide_prev_next_buttons=&#8220;&#8220; partial_view=&#8220;&#8220; wrap=&#8220;&#8220; img_size=&#8220;660&#215;300&#8243; images=&#8220;16614,16613,16612,16611,16610,16609,16608,16607,16606,16605,16604,16603,16602&#8243;][\/vc_column][\/vc_row][vc_row][vc_column width=&#8220;1\/1&#8243;][vc_column_text] [\/vc_column_text][\/vc_column][\/vc_row][vc_row][vc_column width=&#8220;1\/1&#8243;][vc_column_text] Beteiligen Sie sich an einer europaweiten Petition gegen die Freihandelsabkommen EU-Kanada sowie EU-Amerika ! Ein europaweites B\u00fcndnis von Umwelt- und Entwicklungsorganisationen, Verbrauchersch\u00fctzern, Landwirtschaftsverb\u00e4nden, sozialen Bewegungen, Gewerkschaften \u2013 bestehend aus \u00fcber 260 Organisationen aus 21 L\u00e4ndern \u2013 setzt sich [&hellip;]","og_url":"https:\/\/www.meco.lu\/de\/stop-ttip\/","og_site_name":"Mouvement \u00e9cologique","article_modified_time":"2016-11-02T10:51:41+00:00","og_image":[{"url":"http:\/\/www.meco.lu\/wp-content\/uploads\/2015\/11\/TTIP_CETA_LOGO_RGB-300x216.jpg","type":"","width":"","height":""}],"twitter_card":"summary_large_image","twitter_misc":{"Gesch\u00e4tzte Lesezeit":"2\u00a0Minuten"},"schema":{"@context":"https:\/\/schema.org","@graph":[{"@type":"WebPage","@id":"https:\/\/www.meco.lu\/de\/stop-ttip\/","url":"https:\/\/www.meco.lu\/de\/stop-ttip\/","name":"Stop TTIP - Mouvement \u00e9cologique","isPartOf":{"@id":"https:\/\/www.meco.lu\/de\/#website"},"primaryImageOfPage":{"@id":"https:\/\/www.meco.lu\/de\/stop-ttip\/#primaryimage"},"image":{"@id":"https:\/\/www.meco.lu\/de\/stop-ttip\/#primaryimage"},"thumbnailUrl":"http:\/\/www.meco.lu\/wp-content\/uploads\/2015\/11\/TTIP_CETA_LOGO_RGB-300x216.jpg","datePublished":"2015-11-16T08:44:37+00:00","dateModified":"2016-11-02T10:51:41+00:00","breadcrumb":{"@id":"https:\/\/www.meco.lu\/de\/stop-ttip\/#breadcrumb"},"inLanguage":"de","potentialAction":[{"@type":"ReadAction","target":["https:\/\/www.meco.lu\/de\/stop-ttip\/"]}]},{"@type":"ImageObject","inLanguage":"de","@id":"https:\/\/www.meco.lu\/de\/stop-ttip\/#primaryimage","url":"http:\/\/www.meco.lu\/wp-content\/uploads\/2015\/11\/TTIP_CETA_LOGO_RGB-300x216.jpg","contentUrl":"http:\/\/www.meco.lu\/wp-content\/uploads\/2015\/11\/TTIP_CETA_LOGO_RGB-300x216.jpg"},{"@type":"BreadcrumbList","@id":"https:\/\/www.meco.lu\/de\/stop-ttip\/#breadcrumb","itemListElement":[{"@type":"ListItem","position":1,"name":"Home","item":"https:\/\/www.meco.lu\/de\/"},{"@type":"ListItem","position":2,"name":"Stop TTIP"}]},{"@type":"WebSite","@id":"https:\/\/www.meco.lu\/de\/#website","url":"https:\/\/www.meco.lu\/de\/","name":"Mouvement \u00e9cologique","description":"","potentialAction":[{"@type":"SearchAction","target":{"@type":"EntryPoint","urlTemplate":"https:\/\/www.meco.lu\/de\/?s={search_term_string}"},"query-input":{"@type":"PropertyValueSpecification","valueRequired":true,"valueName":"search_term_string"}}],"inLanguage":"de"}]}},"_links":{"self":[{"href":"https:\/\/www.meco.lu\/de\/wp-json\/wp\/v2\/pages\/16451","targetHints":{"allow":["GET"]}}],"collection":[{"href":"https:\/\/www.meco.lu\/de\/wp-json\/wp\/v2\/pages"}],"about":[{"href":"https:\/\/www.meco.lu\/de\/wp-json\/wp\/v2\/types\/page"}],"author":[{"embeddable":true,"href":"https:\/\/www.meco.lu\/de\/wp-json\/wp\/v2\/users\/1"}],"replies":[{"embeddable":true,"href":"https:\/\/www.meco.lu\/de\/wp-json\/wp\/v2\/comments?post=16451"}],"version-history":[{"count":6,"href":"https:\/\/www.meco.lu\/de\/wp-json\/wp\/v2\/pages\/16451\/revisions"}],"predecessor-version":[{"id":20812,"href":"https:\/\/www.meco.lu\/de\/wp-json\/wp\/v2\/pages\/16451\/revisions\/20812"}],"wp:attachment":[{"href":"https:\/\/www.meco.lu\/de\/wp-json\/wp\/v2\/media?parent=16451"}],"curies":[{"name":"wp","href":"https:\/\/api.w.org\/{rel}","templated":true}]}}