{"id":15090,"date":"2015-05-08T12:27:50","date_gmt":"2015-05-08T10:27:50","guid":{"rendered":"http:\/\/www.meco.lu\/?page_id=15090"},"modified":"2024-05-21T13:46:33","modified_gmt":"2024-05-21T11:46:33","slug":"acces","status":"publish","type":"page","link":"https:\/\/www.meco.lu\/de\/acces\/","title":{"rendered":"Acc\u00e8s"},"content":{"rendered":"<div class=\"pf-content\"><p>Der Mouvement Ecologique hat seinen Sitz im &#8222;Oekozenter Pafendall&#8220;.<\/p>\n<p><strong>Mouvement Ecologique<\/strong><br \/>\n6, rue Vauban<br \/>\nL-2663 Luxemburg \/ Pfaffenthal<br \/>\nTel: (+352) 439030-1<br \/>\nFax: (+352) 439030-43<br \/>\n<a href=\"mailto:meco@oeko.lu\" target=\"_blank\" rel=\"noopener\">meco@oeko.lu<\/a><\/p>\n<p><strong>\u00d6ffnungszeiten:<\/strong><br \/>\nMontag bis Freitag &#8211; 8:00-12:00 Uhr \/ 14:00-17:00 Uhr<br \/>\nDas Sekretariat ist am Freitag Nachmittag geschlossen<\/p>\n<p>&nbsp;<\/p>\n<p><b>Wir sind gut erreichbar:<\/b><\/p>\n<p><strong>zu Fu\u00df:<\/strong> von der Oberstadt mit dem Panorama-Lift (Eingang im Park \u201ePescatore\u201c), dann ca. 4 min. zum Oekozenter; oder zu Fu\u00df vom \u201eF\u00ebschmaart\u201c ins Pfaffenthal (ca. 10 min.)<\/p>\n<p><strong>mit dem Bus:<\/strong> Mit der Linie 23 bis Haltestelle \u201cTh\u00e9iwesbuer\u201d oder \u201cVauban\u201d. Alternative: Mit einer Bus-Linie zur Fondation Pescatore und dann mit dem Panoramalift ins Pfaffenthal. Infos zu Busverbindungen auf <a href=\"http:\/\/www.mobiliteit.lu\" target=\"_blank\" rel=\"noopener\">www.mobiliteit.lu<\/a><\/p>\n<p><strong>mit dem Zug:<\/strong> aus dem Norden oder vom Luxemburg Hauptbahnhof bis zum Bahnhof Pfaffenthal-Kirchberg, dann ca. 10 min. zu Fu\u00df bis zum Oekozenter.<\/p>\n<p><strong>mit dem Fahrrad:<\/strong> von der Oberstadt u.a. mit dem Panorama-Lift ins Pfaffenthal. Ger\u00e4umiger Fahrradunterstand direkt am Oekozenter.<\/p>\n<p><strong>mit dem Auto:<\/strong> Am besten den Parkplatz \u201eGlacis\u201c nutzen, dann zu Fu\u00df zum Panoramalift gehen, der Sie bequem ins Pfaffenthal bringt. Im Umkreis des Oekozenters stehen nur begrenzt Parkpl\u00e4tze zur Verf\u00fcgung, u.a. gegen\u00fcber der Kirche, im oberen Teil der \u201erue des trois glands\u201c oder aus Richtung \u201cEecher Plaatz\u201c: Parkplatz beim Fu\u00dfballstadion. Alle Parkpl\u00e4tze sind geb\u00fchrenpflichtig!<\/p>\n<p>&nbsp;<\/p>\n<p>Wichtige Info: der Panoramalift ist jeden 1. Montag im Monat wegen Wartungsarbeiten au\u03b2er Betrieb!<\/p>\n<p>&nbsp;<\/p>\n<p><strong><a href=\"http:\/\/www.meco.lu\/wp-content\/uploads\/2015\/05\/OpenStreet_januar_2018.pdf\" target=\"_blank\" rel=\"noopener\">PDF-Download:\u00a0Anfahrt Oekozenter Pafendall<\/a><\/strong><\/p>\n<p>&nbsp;<\/p>\n<p><strong><a href=\"http:\/\/auto.luxweb.lu\/de\/calcul-itineraire\">Anfahrt planen<\/a><\/strong><\/p>\n<p>&nbsp;<\/p>\n<p><strong>Direkte Umgebung (klicken Sie auf die Karte, um sie zu vergr\u00f6\u03b2ern):<\/strong>\u00a0<a href=\"http:\/\/www.meco.lu\/wp-content\/uploads\/2015\/05\/OpenStreet_januar_2018-D.jpg\"><img loading=\"lazy\" decoding=\"async\" class=\"alignleft size-full wp-image-24392\" src=\"http:\/\/www.meco.lu\/wp-content\/uploads\/2015\/05\/OpenStreet_januar_2018-D.jpg\" alt=\"OpenStreet_januar_2018-D\" width=\"3099\" height=\"2134\" srcset=\"https:\/\/www.meco.lu\/wp-content\/uploads\/2015\/05\/OpenStreet_januar_2018-D.jpg 3099w, https:\/\/www.meco.lu\/wp-content\/uploads\/2015\/05\/OpenStreet_januar_2018-D-300x207.jpg 300w, https:\/\/www.meco.lu\/wp-content\/uploads\/2015\/05\/OpenStreet_januar_2018-D-1024x705.jpg 1024w, https:\/\/www.meco.lu\/wp-content\/uploads\/2015\/05\/OpenStreet_januar_2018-D-213x147.jpg 213w\" sizes=\"auto, (max-width: 3099px) 100vw, 3099px\" \/><\/a><\/p>\n<\/div>","protected":false},"excerpt":{"rendered":"<p>Der Mouvement Ecologique hat seinen Sitz im &#8222;Oekozenter Pafendall&#8220;. Mouvement Ecologique 6, rue Vauban L-2663 Luxemburg \/ Pfaffenthal Tel: (+352) 439030-1 Fax: (+352) 439030-43 meco@oeko.lu \u00d6ffnungszeiten: Montag bis Freitag &#8211; 8:00-12:00 Uhr \/ 14:00-17:00 Uhr Das Sekretariat ist am Freitag Nachmittag geschlossen &nbsp; Wir sind gut erreichbar: zu Fu\u00df: von der Oberstadt mit dem Panorama-Lift [&hellip;]<\/p>\n","protected":false},"author":5,"featured_media":15093,"parent":0,"menu_order":14,"comment_status":"closed","ping_status":"closed","template":"","meta":{"_acf_changed":false,"footnotes":""},"class_list":["post-15090","page","type-page","status-publish","has-post-thumbnail","hentry"],"acf":[],"yoast_head":"<!-- This site is optimized with the Yoast SEO plugin v27.2 - https:\/\/yoast.com\/product\/yoast-seo-wordpress\/ -->\n<title>Acc\u00e8s - Mouvement \u00e9cologique<\/title>\n<meta name=\"robots\" content=\"index, follow, max-snippet:-1, max-image-preview:large, max-video-preview:-1\" \/>\n<link rel=\"canonical\" href=\"https:\/\/www.meco.lu\/de\/acces\/\" \/>\n<meta property=\"og:locale\" content=\"de_DE\" \/>\n<meta property=\"og:type\" content=\"article\" \/>\n<meta property=\"og:title\" content=\"Acc\u00e8s - Mouvement \u00e9cologique\" \/>\n<meta property=\"og:description\" content=\"Der Mouvement Ecologique hat seinen Sitz im &#8222;Oekozenter Pafendall&#8220;. Mouvement Ecologique 6, rue Vauban L-2663 Luxemburg \/ Pfaffenthal Tel: (+352) 439030-1 Fax: (+352) 439030-43 meco@oeko.lu \u00d6ffnungszeiten: Montag bis Freitag &#8211; 8:00-12:00 Uhr \/ 14:00-17:00 Uhr Das Sekretariat ist am Freitag Nachmittag geschlossen &nbsp; Wir sind gut erreichbar: zu Fu\u00df: von der Oberstadt mit dem Panorama-Lift [&hellip;]\" \/>\n<meta property=\"og:url\" content=\"https:\/\/www.meco.lu\/de\/acces\/\" \/>\n<meta property=\"og:site_name\" content=\"Mouvement \u00e9cologique\" \/>\n<meta property=\"article:modified_time\" content=\"2024-05-21T11:46:33+00:00\" \/>\n<meta property=\"og:image\" content=\"http:\/\/www.meco.lu\/wp-content\/uploads\/2015\/05\/Acces-Oekozenter_Parking.jpg\" \/>\n\t<meta property=\"og:image:width\" content=\"1279\" \/>\n\t<meta property=\"og:image:height\" content=\"773\" \/>\n\t<meta property=\"og:image:type\" content=\"image\/jpeg\" \/>\n<meta name=\"twitter:card\" content=\"summary_large_image\" \/>\n<meta name=\"twitter:label1\" content=\"Gesch\u00e4tzte Lesezeit\" \/>\n\t<meta name=\"twitter:data1\" content=\"1\u00a0Minute\" \/>\n<script type=\"application\/ld+json\" class=\"yoast-schema-graph\">{\"@context\":\"https:\/\/schema.org\",\"@graph\":[{\"@type\":\"WebPage\",\"@id\":\"https:\/\/www.meco.lu\/de\/acces\/\",\"url\":\"https:\/\/www.meco.lu\/de\/acces\/\",\"name\":\"Acc\u00e8s - Mouvement \u00e9cologique\",\"isPartOf\":{\"@id\":\"https:\/\/www.meco.lu\/de\/#website\"},\"primaryImageOfPage\":{\"@id\":\"https:\/\/www.meco.lu\/de\/acces\/#primaryimage\"},\"image\":{\"@id\":\"https:\/\/www.meco.lu\/de\/acces\/#primaryimage\"},\"thumbnailUrl\":\"https:\/\/www.meco.lu\/wp-content\/uploads\/2015\/05\/Acces-Oekozenter_Parking.jpg\",\"datePublished\":\"2015-05-08T10:27:50+00:00\",\"dateModified\":\"2024-05-21T11:46:33+00:00\",\"breadcrumb\":{\"@id\":\"https:\/\/www.meco.lu\/de\/acces\/#breadcrumb\"},\"inLanguage\":\"de\",\"potentialAction\":[{\"@type\":\"ReadAction\",\"target\":[\"https:\/\/www.meco.lu\/de\/acces\/\"]}]},{\"@type\":\"ImageObject\",\"inLanguage\":\"de\",\"@id\":\"https:\/\/www.meco.lu\/de\/acces\/#primaryimage\",\"url\":\"https:\/\/www.meco.lu\/wp-content\/uploads\/2015\/05\/Acces-Oekozenter_Parking.jpg\",\"contentUrl\":\"https:\/\/www.meco.lu\/wp-content\/uploads\/2015\/05\/Acces-Oekozenter_Parking.jpg\",\"width\":1279,\"height\":773},{\"@type\":\"BreadcrumbList\",\"@id\":\"https:\/\/www.meco.lu\/de\/acces\/#breadcrumb\",\"itemListElement\":[{\"@type\":\"ListItem\",\"position\":1,\"name\":\"Home\",\"item\":\"https:\/\/www.meco.lu\/de\/\"},{\"@type\":\"ListItem\",\"position\":2,\"name\":\"Acc\u00e8s\"}]},{\"@type\":\"WebSite\",\"@id\":\"https:\/\/www.meco.lu\/de\/#website\",\"url\":\"https:\/\/www.meco.lu\/de\/\",\"name\":\"Mouvement \u00e9cologique\",\"description\":\"\",\"potentialAction\":[{\"@type\":\"SearchAction\",\"target\":{\"@type\":\"EntryPoint\",\"urlTemplate\":\"https:\/\/www.meco.lu\/de\/?s={search_term_string}\"},\"query-input\":{\"@type\":\"PropertyValueSpecification\",\"valueRequired\":true,\"valueName\":\"search_term_string\"}}],\"inLanguage\":\"de\"}]}<\/script>\n<!-- \/ Yoast SEO plugin. -->","yoast_head_json":{"title":"Acc\u00e8s - Mouvement \u00e9cologique","robots":{"index":"index","follow":"follow","max-snippet":"max-snippet:-1","max-image-preview":"max-image-preview:large","max-video-preview":"max-video-preview:-1"},"canonical":"https:\/\/www.meco.lu\/de\/acces\/","og_locale":"de_DE","og_type":"article","og_title":"Acc\u00e8s - Mouvement \u00e9cologique","og_description":"Der Mouvement Ecologique hat seinen Sitz im &#8222;Oekozenter Pafendall&#8220;. Mouvement Ecologique 6, rue Vauban L-2663 Luxemburg \/ Pfaffenthal Tel: (+352) 439030-1 Fax: (+352) 439030-43 meco@oeko.lu \u00d6ffnungszeiten: Montag bis Freitag &#8211; 8:00-12:00 Uhr \/ 14:00-17:00 Uhr Das Sekretariat ist am Freitag Nachmittag geschlossen &nbsp; Wir sind gut erreichbar: zu Fu\u00df: von der Oberstadt mit dem Panorama-Lift [&hellip;]","og_url":"https:\/\/www.meco.lu\/de\/acces\/","og_site_name":"Mouvement \u00e9cologique","article_modified_time":"2024-05-21T11:46:33+00:00","og_image":[{"width":1279,"height":773,"url":"http:\/\/www.meco.lu\/wp-content\/uploads\/2015\/05\/Acces-Oekozenter_Parking.jpg","type":"image\/jpeg"}],"twitter_card":"summary_large_image","twitter_misc":{"Gesch\u00e4tzte Lesezeit":"1\u00a0Minute"},"schema":{"@context":"https:\/\/schema.org","@graph":[{"@type":"WebPage","@id":"https:\/\/www.meco.lu\/de\/acces\/","url":"https:\/\/www.meco.lu\/de\/acces\/","name":"Acc\u00e8s - Mouvement \u00e9cologique","isPartOf":{"@id":"https:\/\/www.meco.lu\/de\/#website"},"primaryImageOfPage":{"@id":"https:\/\/www.meco.lu\/de\/acces\/#primaryimage"},"image":{"@id":"https:\/\/www.meco.lu\/de\/acces\/#primaryimage"},"thumbnailUrl":"https:\/\/www.meco.lu\/wp-content\/uploads\/2015\/05\/Acces-Oekozenter_Parking.jpg","datePublished":"2015-05-08T10:27:50+00:00","dateModified":"2024-05-21T11:46:33+00:00","breadcrumb":{"@id":"https:\/\/www.meco.lu\/de\/acces\/#breadcrumb"},"inLanguage":"de","potentialAction":[{"@type":"ReadAction","target":["https:\/\/www.meco.lu\/de\/acces\/"]}]},{"@type":"ImageObject","inLanguage":"de","@id":"https:\/\/www.meco.lu\/de\/acces\/#primaryimage","url":"https:\/\/www.meco.lu\/wp-content\/uploads\/2015\/05\/Acces-Oekozenter_Parking.jpg","contentUrl":"https:\/\/www.meco.lu\/wp-content\/uploads\/2015\/05\/Acces-Oekozenter_Parking.jpg","width":1279,"height":773},{"@type":"BreadcrumbList","@id":"https:\/\/www.meco.lu\/de\/acces\/#breadcrumb","itemListElement":[{"@type":"ListItem","position":1,"name":"Home","item":"https:\/\/www.meco.lu\/de\/"},{"@type":"ListItem","position":2,"name":"Acc\u00e8s"}]},{"@type":"WebSite","@id":"https:\/\/www.meco.lu\/de\/#website","url":"https:\/\/www.meco.lu\/de\/","name":"Mouvement \u00e9cologique","description":"","potentialAction":[{"@type":"SearchAction","target":{"@type":"EntryPoint","urlTemplate":"https:\/\/www.meco.lu\/de\/?s={search_term_string}"},"query-input":{"@type":"PropertyValueSpecification","valueRequired":true,"valueName":"search_term_string"}}],"inLanguage":"de"}]}},"_links":{"self":[{"href":"https:\/\/www.meco.lu\/de\/wp-json\/wp\/v2\/pages\/15090","targetHints":{"allow":["GET"]}}],"collection":[{"href":"https:\/\/www.meco.lu\/de\/wp-json\/wp\/v2\/pages"}],"about":[{"href":"https:\/\/www.meco.lu\/de\/wp-json\/wp\/v2\/types\/page"}],"author":[{"embeddable":true,"href":"https:\/\/www.meco.lu\/de\/wp-json\/wp\/v2\/users\/5"}],"replies":[{"embeddable":true,"href":"https:\/\/www.meco.lu\/de\/wp-json\/wp\/v2\/comments?post=15090"}],"version-history":[{"count":6,"href":"https:\/\/www.meco.lu\/de\/wp-json\/wp\/v2\/pages\/15090\/revisions"}],"predecessor-version":[{"id":24395,"href":"https:\/\/www.meco.lu\/de\/wp-json\/wp\/v2\/pages\/15090\/revisions\/24395"}],"wp:featuredmedia":[{"embeddable":true,"href":"https:\/\/www.meco.lu\/de\/wp-json\/wp\/v2\/media\/15093"}],"wp:attachment":[{"href":"https:\/\/www.meco.lu\/de\/wp-json\/wp\/v2\/media?parent=15090"}],"curies":[{"name":"wp","href":"https:\/\/api.w.org\/{rel}","templated":true}]}}