{"id":143,"date":"2013-10-15T10:37:46","date_gmt":"2013-10-15T08:37:46","guid":{"rendered":"http:\/\/www.meco.lu\/?page_id=143"},"modified":"2023-05-26T15:09:37","modified_gmt":"2023-05-26T13:09:37","slug":"datenschutzerklaerung","status":"publish","type":"page","link":"https:\/\/www.meco.lu\/de\/datenschutzerklaerung\/","title":{"rendered":"Datenschutzerkl\u00e4rung"},"content":{"rendered":"<div class=\"pf-content\"><h2><strong> Datenschutzrichtlinie<\/strong><\/h2>\n<p>(Diese Datenschutzrichtlinie basiert auf der europ\u00e4ischen Verordnung RGPD<sup>1<\/sup> (EU) 2016\/679, die am 25. Mai 2018 in Kraft getreten ist.)<\/p>\n<p>Vorbemerkung: Der Begriff &#8222;wir&#8220; im folgenden Text bezieht sich auf den Mouvement Ecologique.<\/p>\n<p>&nbsp;<\/p>\n<p><strong>Verantwortliche\/r<\/strong><\/p>\n<p>Mouvement Ecologique<br \/>\n6, rue Vauban<br \/>\nL-2663 Luxemburg<\/p>\n<p>Vertretungsberechtigte Personen: Blanche Weber<\/p>\n<p>Ansprechpartner f\u00fcr den Datenschutzbeauftragten: Christophe Murroccu.<\/p>\n<p>&nbsp;<\/p>\n<p><strong><u>1) Einleitung<\/u><\/strong><\/p>\n<p>Am 25. Mai 2018 tritt die europ\u00e4ische Verordnung Nr. 2016\/679, die sogenannte &#8222;General Data Protection Regulation&#8220; (GDPR), in Kraft. Diese Verordnung gilt in allen Mitgliedstaaten der Europ\u00e4ischen Union sowie f\u00fcr jede juristische Person, die auf dem Gebiet der Europ\u00e4ischen Union t\u00e4tig ist. Das Hauptziel der Verordnung ist es, einen Referenztext f\u00fcr den Schutz personenbezogener Daten zu schaffen, der den Datenschutz f\u00fcr alle Personen in der Europ\u00e4ischen Union st\u00e4rkt, vereinheitlicht und harmonisiert. Dar\u00fcber hinaus gilt die Verordnung sogar f\u00fcr Stellen au\u00dferhalb des Hoheitsgebiets der Europ\u00e4ischen Union, die Daten von EU-B\u00fcrgern verarbeiten.<\/p>\n<p>Diese Datenschutzrichtlinie gilt f\u00fcr die Verarbeitung personenbezogener Daten durch den Mouvement Ecologique und durch die vom Mouvement Ecologique betriebenen Websites.<\/p>\n<p>Wir legen Wert auf einen sorgf\u00e4ltigen Umgang mit Ihren personenbezogenen Daten. Dies bedeutet insbesondere, dass wir Ihre personenbezogenen Daten vertraulich behandeln, dass wir Sicherheitsma\u00dfnahmen ergriffen haben, um Ihre personenbezogenen Daten vor Verlust, unbefugtem Zugriff oder Diebstahl zu sch\u00fctzen, und dass wir die Daten l\u00f6schen, wenn sie f\u00fcr unsere Vereinsarbeit nicht mehr erforderlich sind.<\/p>\n<p>&nbsp;<\/p>\n<p><strong><u>2) Betroffene personenbezogene Daten<\/u><\/strong><\/p>\n<p>Der Mouvement Ecologique erh\u00e4lt Ihre personenbezogenen Daten auf verschiedene Weise, wenn Sie:<\/p>\n<p>&#8211; Sie sich als Mitglied und\/oder Nicht-Mitglied f\u00fcr unseren Newsletter anmelden (siehe unten aufgef\u00fchrte Informationen) ;<\/p>\n<p>&#8211; per E-Mail (E-Mail-Adresse) oder Telefon (Telefonnummer) Kontakt mit uns aufnehmen;<\/p>\n<p>&#8211; eine Spende t\u00e4tigen (die Daten werden von Ihrem Finanzinstitut \u00fcbermittelt) ;<\/p>\n<p>&#8211; sich f\u00fcr unsere Veranstaltungen anmelden \/ daran teilnehmen (E-Mail-Adresse oder Telefonnummer) ;<\/p>\n<p>&#8211; bewerben Sie sich um eine Stelle ;<\/p>\n<p>&#8211; eine Bestellung in unserem Online-Shop aufgeben ;<\/p>\n<p>&#8211; eine Petition oder eine Europ\u00e4ische B\u00fcrgerinitiative online oder in Papierform unterzeichnen.<\/p>\n<p>&nbsp;<\/p>\n<p><strong><u>3) Pers\u00f6nliche Daten, die wir sammeln<\/u><\/strong><\/p>\n<p>Der Mouvement Ecologique bevorzugt einen Ansatz der Verh\u00e4ltnism\u00e4\u00dfigkeit und Minimierung der verarbeiteten Daten. Wir stellen sicher, dass die von uns erhobenen und verarbeiteten Daten angemessen, relevant und auf das f\u00fcr die Zwecke der jeweiligen Verarbeitung erforderliche Ma\u00df beschr\u00e4nkt sind.<\/p>\n<p>&nbsp;<\/p>\n<p><strong><u>a. Mitgliederdatei<\/u><\/strong><\/p>\n<p>Titel (optional) ;<\/p>\n<p>Name und Vorname ;<\/p>\n<p>Postanschrift (Stra\u00dfe und Hausnummer, Postleitzahl, Ort, Land) ;<\/p>\n<p>Staatsangeh\u00f6rigkeit (gem\u00e4\u00df den gesetzlichen Bestimmungen) ;<\/p>\n<p>Geburtsjahr (fakultativ)<\/p>\n<p>Telefonnummer(n) (fakultativ) ;<\/p>\n<p>elektronische Adresse, E-Mail-Adresse (fakultativ) ;<\/p>\n<p>Beruf, Unternehmen, Abteilung, Funktion (fakultativ) ;<\/p>\n<p>Finanzdaten (fakultativ) ;<\/p>\n<p>Beitrittsdatum (automatisch bei einem neuen Beitritt).<\/p>\n<p>thematisches Interesse (fakultativ).<\/p>\n<p>&nbsp;<\/p>\n<p><strong><u>b. Tabelle der ausgetretenen oder verstorbenen Mitglieder<\/u><\/strong><\/p>\n<p>Jahr des Austritts oder Jahr des Todes (wenn wir von der Familie oder nahestehenden Personen dar\u00fcber informiert werden).<\/p>\n<p>Die Daten unserer ausgetretenen oder verstorbenen Mitglieder werden in einer Liste gesammelt, die f\u00fcnf Jahre lang in einem Ordner archiviert wird, sofern nichts anderes gew\u00fcnscht wird. Im Falle eines Todesfalls muss dieser Antrag von der Familie oder den Angeh\u00f6rigen gestellt werden.<\/p>\n<p>&nbsp;<\/p>\n<p><strong><u>c. Verwaltung der Mitgliedsbeitr\u00e4ge<\/u><\/strong><\/p>\n<p>Finanzdaten (Nummer des Bankkontos, Bic-Code).<\/p>\n<p>&nbsp;<\/p>\n<p><strong><u>d. Verwaltung von Spendern<\/u><\/strong><\/p>\n<p>Im Falle einer Spende zugunsten des Mouvement Ecologique:<\/p>\n<p>Name und Vorname ;<\/p>\n<p>Adresse, Postleitzahl, Land ;<\/p>\n<p>Telefonnummer(n) (optional) ;<\/p>\n<p>elektronische Adresse, E-Mail-Adresse (optional) ;<\/p>\n<p>finanzielle Daten.<\/p>\n<p><strong><u>NB:<\/u><\/strong> Bitte beachten Sie, dass eine Spende an die Stiftung Oekofonds zugunsten des Mouvement Ecologique steuerlich abzugsf\u00e4hig ist. Jeder Spender erh\u00e4lt automatisch eine Bescheinigung \u00fcber die erfolgte \u00dcberweisung, die er seiner Steuererkl\u00e4rung beif\u00fcgen kann.<\/p>\n<p>&nbsp;<\/p>\n<p><strong><u>e. Verwaltung der Unterzeichner einer Petition oder einer Europ\u00e4ischen B\u00fcrgerinitiative<\/u><\/strong><\/p>\n<p>Name und Vorname ;<\/p>\n<p>Adresse;<\/p>\n<p>Postleitzahl, Stadt, Land ;<\/p>\n<p>Geburtsdatum;<\/p>\n<p>Geburtsort ;<\/p>\n<p>Staatsangeh\u00f6rigkeit ;<\/p>\n<p>elektronische Adresse, E-Mail-Adresse ;<\/p>\n<p>Funktion der unterzeichnenden Person, wenn sie im Namen einer Organisation\/eines Unternehmens oder einer anderen Person unterzeichnet.<\/p>\n<p>&nbsp;<\/p>\n<p><strong><u>f. Verwaltung der Anmeldungen zu unseren Veranstaltungen<\/u><\/strong><\/p>\n<p>Name und Vorname ;<\/p>\n<p>Stadt ;<\/p>\n<p>E-Mail-Adresse, E-Mail-Adresse und\/oder Telefonnummer.<\/p>\n<p>Finanzdaten<\/p>\n<p>&nbsp;<\/p>\n<p><strong><u>g. Verwaltung unserer Newsletter<\/u><\/strong><\/p>\n<p>Name und Vorname ;<\/p>\n<p>Adresse, E-Mail-Adresse.<\/p>\n<p>&nbsp;<\/p>\n<p><strong><u>h. Verwaltung der Kontaktlisten von Nichtmitgliedern<\/u><\/strong><\/p>\n<p>Name und Vorname ;<\/p>\n<p>Adresse, Postleitzahl, Ort;<\/p>\n<p>E-Mail-Adresse oder\/und Telefonnummer<\/p>\n<p>Beruf, Firma, Abteilung, Funktion (fakultativ)<\/p>\n<p>&nbsp;<\/p>\n<p><strong><u>i. Verwaltung von Online-Eink\u00e4ufen<\/u><\/strong> (<a href=\"http:\/\/shop.meco.lu\/\">http:\/\/shop.meco.lu\/<\/a>)<\/p>\n<p>Name und Vorname ;<\/p>\n<p>Adresse;<\/p>\n<p>Postleitzahl, Stadt, Land ;<\/p>\n<p>E-Mail-Adresse, E-Mail-Adresse, Telefonnummer.<\/p>\n<p><strong><u>NB:<\/u><\/strong> Im Falle der Einrichtung eines Kundenkontos (was optional ist) werden die oben genannten Daten das Profil bilden.<\/p>\n<p>&nbsp;<\/p>\n<p><strong><u>j. Besuch unserer Websites<\/u><\/strong>.<\/p>\n<p>IP-Adresse und Hardware\/Technologie ;<\/p>\n<p>Cookies:<\/p>\n<p>Cookies sind kleine Textdateien, die Informationen \u00fcber Ger\u00e4te speichern. Sie werden f\u00fcr Funktionen wie die Anmeldung eines Nutzers, den Online-Einkaufswagen und die Besucheranalyse mithilfe von Matomo verwendet. Wir holen in der Regel die Zustimmung der Nutzer ein, es sei denn, die Cookies sind f\u00fcr den gew\u00fcnschten Dienst unbedingt erforderlich. Zu den notwendigen Cookies geh\u00f6ren die Anzeige, Sicherheit und Nutzereinstellungen. Diese Richtlinie gilt f\u00fcr alle Besucher der vom Mouvement Ecologique betriebenen Webseiten.<\/p>\n<p>&nbsp;<\/p>\n<p><strong><u>4) Warum wir Ihre personenbezogenen Daten verarbeiten<\/u><\/strong><\/p>\n<p>Wir verarbeiten Ihre personenbezogenen Daten im Rahmen der Erf\u00fcllung unserer Aufgaben, um Folgendes tun zu k\u00f6nnen:<\/p>\n<p>&#8211; Ihren Mitgliedsbeitrag \/ Ihre Spende zu bearbeiten und zu verwalten;<\/p>\n<p>&#8211; die gesetzlichen Anforderungen zu erf\u00fcllen;<\/p>\n<p>&#8211; E-Mails\/Informationsschreiben an Mitglieder und Nicht-Mitglieder zu versenden;<\/p>\n<p>&#8211; unsere (finanzielle) Verwaltung gem\u00e4\u00df den gesetzlichen Anforderungen zu verwalten;<\/p>\n<p>&#8211; Erstellung von Web-Statistiken;<\/p>\n<p>&#8211; Ihre Eink\u00e4ufe \/ Bestellungen weiterleiten.<\/p>\n<p>&nbsp;<\/p>\n<p><strong><u>5) Legitimit\u00e4t der Verarbeitung personenbezogener Daten<\/u><\/strong><\/p>\n<p>Unsere Legitimit\u00e4t zur Verarbeitung Ihrer personenbezogenen Daten beruht auf:<\/p>\n<p>&#8211; Ihre Einwilligung zur Verarbeitung Ihrer personenbezogenen Daten f\u00fcr einen oder mehrere bestimmte Zwecke;<\/p>\n<p>&#8211; eine Notwendigkeit zur Erf\u00fcllung eines Vertrags, wenn die Verarbeitung f\u00fcr die Erf\u00fcllung eines Vertrags, dessen Vertragspartei die betroffene Person ist, oder f\u00fcr die Durchf\u00fchrung vorvertraglicher Ma\u00dfnahmen erforderlich ist, die auf Antrag der betroffenen Person erfolgen;<\/p>\n<p>&#8211; die Erf\u00fcllung und Einhaltung der Zwecke unserer Organisation, die in unseren satzungsgem\u00e4\u00dfen Aufgaben festgelegt sind und von dem f\u00fcr die Verarbeitung Verantwortlichen oder einem Dritten verfolgt werden, sofern nicht die Interessen oder die Grundrechte und Grundfreiheiten der betroffenen Person, die den Schutz personenbezogener Daten erfordern, \u00fcberwiegen, insbesondere wenn es sich bei der betroffenen Person um ein Kind handelt.<\/p>\n<p>&nbsp;<\/p>\n<p><strong><u>6) Aufbewahrung Ihrer personenbezogenen Daten<\/u><\/strong><\/p>\n<p>Unser Ziel ist es, personenbezogene Daten zu l\u00f6schen, sobald wir sie nicht mehr f\u00fcr die Erf\u00fcllung unserer Aufgaben ben\u00f6tigen. Einige Daten werden jedoch aufbewahrt, weil dies aufgrund einer gesetzlichen Verpflichtung notwendig ist. Abgesehen von den gesetzlichen Verpflichtungen, die wir einhalten m\u00fcssen, haben Sie jedoch die M\u00f6glichkeit, Ihre Rechte in Bezug auf Ihre personenbezogenen Daten geltend zu machen. (siehe Nr. 8)<\/p>\n<p>F\u00fcr die Daten, die wir j\u00e4hrlich an die Elektronische Sammlung der Gesellschaften und Vereinigungen liefern, sind wir hingegen nicht mehr f\u00fcr ihren Verbleib verantwortlich (Name, Vorname, Staatsangeh\u00f6rigkeit, Wohnort, Postleitzahl).<\/p>\n<p>&nbsp;<\/p>\n<p><strong><u>7) Verarbeitung Ihrer personenbezogenen Daten<\/u><\/strong><\/p>\n<p><strong><u><br \/>\na. Rechtliche Grundlagen<\/u><\/strong><\/p>\n<p>Der Mouvement Ecologique sorgt daf\u00fcr, dass seine Verarbeitung Ihrer personenbezogenen Daten rechtm\u00e4\u00dfig ist. Zu diesem Zweck stellen wir sicher, dass jede Verarbeitung durch eine g\u00fcltige Rechtsgrundlage gerechtfertigt ist, wie z.B. die Einwilligung des betroffenen Mitglieds, die Notwendigkeit zur Erf\u00fcllung eines Vertrags oder die Notwendigkeit f\u00fcr legitime Zwecke (siehe oben &#8222;Rechtm\u00e4\u00dfigkeit der Verarbeitung personenbezogener Daten&#8220;).<\/p>\n<p>&nbsp;<\/p>\n<p><strong><u>b. Sicherheit<\/u><\/strong><\/p>\n<p>Der Mouvement Ecologique ergreift alle notwendigen Vorsichtsma\u00dfnahmen, um die Sicherheit und Vertraulichkeit der Daten zu wahren und insbesondere zu verhindern, dass sie verzerrt, besch\u00e4digt oder von unbefugten Dritten eingesehen werden k\u00f6nnen.<\/p>\n<p>&nbsp;<\/p>\n<p><strong><u>c. Register der Datenverarbeitungsaktivit\u00e4ten<\/u><\/strong><\/p>\n<p>Der Mouvement Ecologique f\u00fchrt ein Register der von ihm durchgef\u00fchrten Datenverarbeitungsaktivit\u00e4ten.<\/p>\n<p>&nbsp;<\/p>\n<p><strong><u>8) Ihre Rechte in Bezug auf Ihre personenbezogenen Daten<\/u><\/strong><\/p>\n<p>Sie haben das Recht, einen Antrag zu stellen, um Ihre personenbezogenen Daten einzusehen, zu korrigieren oder zu l\u00f6schen. Le Mouvement Ecologique wird dem nachkommen, es sei denn, gesetzliche Verpflichtungen stehen dem entgegen.<\/p>\n<p>Sie haben ein Widerspruchsrecht gegen jede Verwendung Ihrer Daten zu Anreizzwecken innerhalb der angemessenen Grenzen der im Rahmen der satzungsgem\u00e4\u00dfen Aufgaben der Organisation festgelegten Zwecke.<\/p>\n<p>Wenn ein Mitglied nicht mehr w\u00fcnscht, dass der Mouvement Ecologique seine Daten verwendet (im Rahmen der Mitgliederverwaltung wie oben beschrieben), bedeutet dies den Austritt des betreffenden Mitglieds.<\/p>\n<p>Wenn Sie mit unserer Entscheidung bez\u00fcglich eines Antrags auf Einsichtnahme, Korrektur, L\u00f6schung oder Widerspruch nicht einverstanden sind, k\u00f6nnen Sie eine Beschwerde bei der Nationalen Kommission f\u00fcr Datenschutz einreichen: <a href=\"http:\/\/www.cnpd.lu\">www.cnpd.lu<\/a>.<\/p>\n<p>&nbsp;<\/p>\n<p><strong><u>9) Abmeldung von unseren elektronischen Newslettern<\/u><\/strong><\/p>\n<p>Jedes Mitglied kann sich jederzeit vom elektronischen Newsletter abmelden, indem es entweder eine Nachricht an <a href=\"mailto:meco@oeko.lu\">meco@oeko.lu<\/a> sendet oder am Ende des Newsletters auf den Link mit der \u00dcberschrift &#8222;unsubscribe from this list&#8220; klickt.<\/p>\n<p>&nbsp;<\/p>\n<p><strong><u>10) Abbestellen von Informations-E-Mails<\/u><\/strong><\/p>\n<p>Jedes Mitglied kann sich jederzeit von unserer Post abmelden, mit Ausnahme von gesetzlichen Verpflichtungen, denen wir nachkommen m\u00fcssen. Dies kann entweder durch eine Nachricht an <a href=\"mailto:meco@oeko.lu\">meco@oeko.lu<\/a> oder durch einen Anruf unter der Nummer 43 90 30 &#8211; 1 geschehen.<\/p>\n<p>&nbsp;<\/p>\n<p><strong><u>11) Recht am eigenen Bild<\/u><\/strong><\/p>\n<p>W\u00e4hrend einer vom Mouvement Ecologique organisierten \u00f6ffentlichen Veranstaltung\/Veranstaltung k\u00f6nnen Fotos sowie andere Ton- oder Medienaufnahmen gemacht werden. Diese Dokumentationen k\u00f6nnen somit in verschiedenen Medien (Facebook, Webseite, schriftliche Ver\u00f6ffentlichungen, Video, etc. <a href=\"#_ftn1\" name=\"_ftnref1\">[1]<\/a>) ver\u00f6ffentlicht werden, um unsere Aktivit\u00e4ten zu f\u00f6rdern.<\/p>\n<p>Le Mouvement Ecologique erlaubt sich, diese Dokumentationen zu speichern, bis die Zustimmung der betroffenen Personen zur\u00fcckgezogen wird.<\/p>\n<p>Jede Person kann dieser Ver\u00f6ffentlichung widersprechen, indem sie entweder eine E-Mail an <a href=\"mailto:meco@oeko.lu\">meco@oeko.lu<\/a> sendet oder unter der Telefonnummer 43 90 30 &#8211; 1 anruft. \u00a0Der Mouvement Ecologique wird diesen Widerspruch nach M\u00f6glichkeit respektieren und das Bild (das Einzelfoto) entfernen oder die betreffende Person unscharf stellen.<\/p>\n<p>&nbsp;<\/p>\n<p><strong><u>12) Fragen \/ \u00c4nderungen und Berichtigungen<\/u><\/strong><\/p>\n<p>Wenn Sie<\/p>\n<ul>\n<li style=\"list-style-type: none;\">\n<ul>\n<li>Fragen oder Anmerkungen zu unserer Datenschutzrichtlinie oder dazu, wie der Mouvement Ecologique mit personenbezogenen Daten umgeht,<\/li>\n<\/ul>\n<\/li>\n<\/ul>\n<ul>\n<li style=\"list-style-type: none;\">\n<ul>\n<li>Sie m\u00f6chten eine \u00c4nderung an der Verwendung Ihrer Daten vornehmen bzw. Sie haben Anfechtungen, Beschwerden und \u00c4hnliches gem\u00e4\u00df der DSGVO<\/li>\n<\/ul>\n<\/li>\n<\/ul>\n<p>&nbsp;<\/p>\n<p>k\u00f6nnen Sie sich an <a href=\"mailto:meco@oeko.lu\">meco@oeko.lu<\/a> wenden.<\/p>\n<p>oder per Post an:<\/p>\n<p>Mouvement Ecologique asbl<\/p>\n<p>6, rue Vauban<\/p>\n<p>L-2663 Luxemburg<\/p>\n<p>&nbsp;<\/p>\n<p><strong><u>\u00c4nderungen an der Datenschutzrichtlinie<\/u><\/strong><\/p>\n<p>Wir behalten uns das Recht vor, \u00c4nderungen an der Datenschutzrichtlinie vorzunehmen. Bitte \u00fcberpr\u00fcfen Sie unsere Datenschutzrichtlinie daher regelm\u00e4\u00dfig auf \u00c4nderungen.<\/p>\n<p>&nbsp;<\/p>\n<p><a href=\"#_ftnref1\" name=\"_ftn1\">[1]<\/a> Nicht vollst\u00e4ndige Liste<\/p>\n<\/div>","protected":false},"excerpt":{"rendered":"<p>Datenschutzrichtlinie (Diese Datenschutzrichtlinie basiert auf der europ\u00e4ischen Verordnung RGPD1 (EU) 2016\/679, die am 25. Mai 2018 in Kraft getreten ist.) Vorbemerkung: Der Begriff &#8222;wir&#8220; im folgenden Text bezieht sich auf den Mouvement Ecologique. &nbsp; Verantwortliche\/r Mouvement Ecologique 6, rue Vauban L-2663 Luxemburg Vertretungsberechtigte Personen: Blanche Weber Ansprechpartner f\u00fcr den Datenschutzbeauftragten: Christophe Murroccu. &nbsp; 1) Einleitung [&hellip;]<\/p>\n","protected":false},"author":1,"featured_media":0,"parent":0,"menu_order":150,"comment_status":"closed","ping_status":"closed","template":"","meta":{"_acf_changed":false,"footnotes":""},"class_list":["post-143","page","type-page","status-publish","hentry"],"acf":[],"yoast_head":"<!-- This site is optimized with the Yoast SEO plugin v27.2 - https:\/\/yoast.com\/product\/yoast-seo-wordpress\/ -->\n<title>Datenschutzerkl\u00e4rung - Mouvement \u00e9cologique<\/title>\n<meta name=\"robots\" content=\"index, follow, max-snippet:-1, max-image-preview:large, max-video-preview:-1\" \/>\n<link rel=\"canonical\" href=\"https:\/\/www.meco.lu\/de\/datenschutzerklaerung\/\" \/>\n<meta property=\"og:locale\" content=\"de_DE\" \/>\n<meta property=\"og:type\" content=\"article\" \/>\n<meta property=\"og:title\" content=\"Datenschutzerkl\u00e4rung - Mouvement \u00e9cologique\" \/>\n<meta property=\"og:description\" content=\"Datenschutzrichtlinie (Diese Datenschutzrichtlinie basiert auf der europ\u00e4ischen Verordnung RGPD1 (EU) 2016\/679, die am 25. Mai 2018 in Kraft getreten ist.) Vorbemerkung: Der Begriff &#8222;wir&#8220; im folgenden Text bezieht sich auf den Mouvement Ecologique. &nbsp; Verantwortliche\/r Mouvement Ecologique 6, rue Vauban L-2663 Luxemburg Vertretungsberechtigte Personen: Blanche Weber Ansprechpartner f\u00fcr den Datenschutzbeauftragten: Christophe Murroccu. &nbsp; 1) Einleitung [&hellip;]\" \/>\n<meta property=\"og:url\" content=\"https:\/\/www.meco.lu\/de\/datenschutzerklaerung\/\" \/>\n<meta property=\"og:site_name\" content=\"Mouvement \u00e9cologique\" \/>\n<meta property=\"article:modified_time\" content=\"2023-05-26T13:09:37+00:00\" \/>\n<meta name=\"twitter:card\" content=\"summary_large_image\" \/>\n<meta name=\"twitter:label1\" content=\"Gesch\u00e4tzte Lesezeit\" \/>\n\t<meta name=\"twitter:data1\" content=\"7\u00a0Minuten\" \/>\n<script type=\"application\/ld+json\" class=\"yoast-schema-graph\">{\"@context\":\"https:\/\/schema.org\",\"@graph\":[{\"@type\":\"WebPage\",\"@id\":\"https:\/\/www.meco.lu\/de\/datenschutzerklaerung\/\",\"url\":\"https:\/\/www.meco.lu\/de\/datenschutzerklaerung\/\",\"name\":\"Datenschutzerkl\u00e4rung - Mouvement \u00e9cologique\",\"isPartOf\":{\"@id\":\"https:\/\/www.meco.lu\/de\/#website\"},\"datePublished\":\"2013-10-15T08:37:46+00:00\",\"dateModified\":\"2023-05-26T13:09:37+00:00\",\"breadcrumb\":{\"@id\":\"https:\/\/www.meco.lu\/de\/datenschutzerklaerung\/#breadcrumb\"},\"inLanguage\":\"de\",\"potentialAction\":[{\"@type\":\"ReadAction\",\"target\":[\"https:\/\/www.meco.lu\/de\/datenschutzerklaerung\/\"]}]},{\"@type\":\"BreadcrumbList\",\"@id\":\"https:\/\/www.meco.lu\/de\/datenschutzerklaerung\/#breadcrumb\",\"itemListElement\":[{\"@type\":\"ListItem\",\"position\":1,\"name\":\"Home\",\"item\":\"https:\/\/www.meco.lu\/de\/\"},{\"@type\":\"ListItem\",\"position\":2,\"name\":\"Datenschutzerkl\u00e4rung\"}]},{\"@type\":\"WebSite\",\"@id\":\"https:\/\/www.meco.lu\/de\/#website\",\"url\":\"https:\/\/www.meco.lu\/de\/\",\"name\":\"Mouvement \u00e9cologique\",\"description\":\"\",\"potentialAction\":[{\"@type\":\"SearchAction\",\"target\":{\"@type\":\"EntryPoint\",\"urlTemplate\":\"https:\/\/www.meco.lu\/de\/?s={search_term_string}\"},\"query-input\":{\"@type\":\"PropertyValueSpecification\",\"valueRequired\":true,\"valueName\":\"search_term_string\"}}],\"inLanguage\":\"de\"}]}<\/script>\n<!-- \/ Yoast SEO plugin. -->","yoast_head_json":{"title":"Datenschutzerkl\u00e4rung - Mouvement \u00e9cologique","robots":{"index":"index","follow":"follow","max-snippet":"max-snippet:-1","max-image-preview":"max-image-preview:large","max-video-preview":"max-video-preview:-1"},"canonical":"https:\/\/www.meco.lu\/de\/datenschutzerklaerung\/","og_locale":"de_DE","og_type":"article","og_title":"Datenschutzerkl\u00e4rung - Mouvement \u00e9cologique","og_description":"Datenschutzrichtlinie (Diese Datenschutzrichtlinie basiert auf der europ\u00e4ischen Verordnung RGPD1 (EU) 2016\/679, die am 25. Mai 2018 in Kraft getreten ist.) Vorbemerkung: Der Begriff &#8222;wir&#8220; im folgenden Text bezieht sich auf den Mouvement Ecologique. &nbsp; Verantwortliche\/r Mouvement Ecologique 6, rue Vauban L-2663 Luxemburg Vertretungsberechtigte Personen: Blanche Weber Ansprechpartner f\u00fcr den Datenschutzbeauftragten: Christophe Murroccu. &nbsp; 1) Einleitung [&hellip;]","og_url":"https:\/\/www.meco.lu\/de\/datenschutzerklaerung\/","og_site_name":"Mouvement \u00e9cologique","article_modified_time":"2023-05-26T13:09:37+00:00","twitter_card":"summary_large_image","twitter_misc":{"Gesch\u00e4tzte Lesezeit":"7\u00a0Minuten"},"schema":{"@context":"https:\/\/schema.org","@graph":[{"@type":"WebPage","@id":"https:\/\/www.meco.lu\/de\/datenschutzerklaerung\/","url":"https:\/\/www.meco.lu\/de\/datenschutzerklaerung\/","name":"Datenschutzerkl\u00e4rung - Mouvement \u00e9cologique","isPartOf":{"@id":"https:\/\/www.meco.lu\/de\/#website"},"datePublished":"2013-10-15T08:37:46+00:00","dateModified":"2023-05-26T13:09:37+00:00","breadcrumb":{"@id":"https:\/\/www.meco.lu\/de\/datenschutzerklaerung\/#breadcrumb"},"inLanguage":"de","potentialAction":[{"@type":"ReadAction","target":["https:\/\/www.meco.lu\/de\/datenschutzerklaerung\/"]}]},{"@type":"BreadcrumbList","@id":"https:\/\/www.meco.lu\/de\/datenschutzerklaerung\/#breadcrumb","itemListElement":[{"@type":"ListItem","position":1,"name":"Home","item":"https:\/\/www.meco.lu\/de\/"},{"@type":"ListItem","position":2,"name":"Datenschutzerkl\u00e4rung"}]},{"@type":"WebSite","@id":"https:\/\/www.meco.lu\/de\/#website","url":"https:\/\/www.meco.lu\/de\/","name":"Mouvement \u00e9cologique","description":"","potentialAction":[{"@type":"SearchAction","target":{"@type":"EntryPoint","urlTemplate":"https:\/\/www.meco.lu\/de\/?s={search_term_string}"},"query-input":{"@type":"PropertyValueSpecification","valueRequired":true,"valueName":"search_term_string"}}],"inLanguage":"de"}]}},"_links":{"self":[{"href":"https:\/\/www.meco.lu\/de\/wp-json\/wp\/v2\/pages\/143","targetHints":{"allow":["GET"]}}],"collection":[{"href":"https:\/\/www.meco.lu\/de\/wp-json\/wp\/v2\/pages"}],"about":[{"href":"https:\/\/www.meco.lu\/de\/wp-json\/wp\/v2\/types\/page"}],"author":[{"embeddable":true,"href":"https:\/\/www.meco.lu\/de\/wp-json\/wp\/v2\/users\/1"}],"replies":[{"embeddable":true,"href":"https:\/\/www.meco.lu\/de\/wp-json\/wp\/v2\/comments?post=143"}],"version-history":[{"count":5,"href":"https:\/\/www.meco.lu\/de\/wp-json\/wp\/v2\/pages\/143\/revisions"}],"predecessor-version":[{"id":41559,"href":"https:\/\/www.meco.lu\/de\/wp-json\/wp\/v2\/pages\/143\/revisions\/41559"}],"wp:attachment":[{"href":"https:\/\/www.meco.lu\/de\/wp-json\/wp\/v2\/media?parent=143"}],"curies":[{"name":"wp","href":"https:\/\/api.w.org\/{rel}","templated":true}]}}