{"id":1111,"date":"2013-12-03T10:58:53","date_gmt":"2013-12-03T08:58:53","guid":{"rendered":"http:\/\/www.meco.lu\/?page_id=1111"},"modified":"2026-03-20T12:09:11","modified_gmt":"2026-03-20T10:09:11","slug":"links","status":"publish","type":"page","link":"https:\/\/www.meco.lu\/de\/links\/","title":{"rendered":"Links"},"content":{"rendered":"<section class=\"wpb-content-wrapper\"><div class=\"pf-content\"><p>[vc_row el_class=&#8220;rowLinks&#8220;][vc_column width=&#8220;1\/3&#8243;][vc_single_image image=&#8220;31479&#8243; img_size=&#8220;full&#8220; onclick=&#8220;custom_link&#8220; img_link_target=&#8220;_blank&#8220; img_link=&#8220;&#8220; link=&#8220;http:\/\/move.meco.lu\/&#8220;][vc_column_text]<\/p>\n<p style=\"text-align: center;\"><a href=\"http:\/\/move.meco.lu\">Jugendgrupp \u2013 Projeten \u2013 Aktivit\u00e9iten \u2013 \u00cbmweltbildung \u2013 Workshops \u2013 Stage<\/a><\/p>\n<p>[\/vc_column_text][\/vc_column][vc_column width=&#8220;1\/3&#8243;][vc_single_image image=&#8220;31474&#8243; img_size=&#8220;full&#8220; onclick=&#8220;custom_link&#8220; img_link_target=&#8220;_blank&#8220; img_link=&#8220;&#8220; link=&#8220;http:\/\/www.oekozenter.lu&#8220;][vc_column_text]<\/p>\n<p style=\"text-align: center;\"><a href=\"http:\/\/www.oekozenter.lu\">Demokratie, Nohaltegkeet a W\u00ebssenschaft: d\u2019Iddi vum Oekozenter Pafendall&#8230;<\/a><\/p>\n<p>[\/vc_column_text][\/vc_column][vc_column width=&#8220;1\/3&#8243;][vc_single_image image=&#8220;31469&#8243; img_size=&#8220;full&#8220; onclick=&#8220;custom_link&#8220; img_link_target=&#8220;_blank&#8220; img_link=&#8220;&#8220; link=&#8220;http:\/\/www.naturelo.meco.lu&#8220;][vc_column_text]<\/p>\n<p style=\"text-align: center;\"><a href=\"http:\/\/www.naturelo.meco.lu\">Fakten zum Verlust der Lebensr\u00e4ume, politische Stellungnahmen, Initiativen zum Mitmachen und selber gestalten!<\/a><\/p>\n<p>[\/vc_column_text][\/vc_column][\/vc_row][vc_row el_class=&#8220;rowLinks&#8220;][vc_column width=&#8220;1\/3&#8243;][vc_single_image image=&#8220;31482&#8243; img_size=&#8220;full&#8220; onclick=&#8220;custom_link&#8220; img_link_target=&#8220;_blank&#8220; img_link=&#8220;&#8220; link=&#8220;https:\/\/www.oekobib.lu\/&#8220;][vc_column_text]<\/p>\n<p style=\"text-align: center;\"><a href=\"https:\/\/www.oekobib.lu\/\">Literatur, Zeitschriften und didaktisches Material aus diversen Bereichen der nachhaltigen Entwicklung.<\/a><\/p>\n<p>[\/vc_column_text][\/vc_column][vc_column width=&#8220;1\/3&#8243;][vc_single_image image=&#8220;31498&#8243; img_size=&#8220;full&#8220; onclick=&#8220;custom_link&#8220; img_link_target=&#8220;_blank&#8220; img_link=&#8220;&#8220; link=&#8220;http:\/\/www.oekofonds.lu\/&#8220;][vc_column_text]<\/p>\n<p style=\"text-align: center;\"><a href=\"http:\/\/www.oekofonds.lu\">Stiftung Oekofonds: Ihre Spenden f\u00fcr Mensch \u2013 Natur \u2013 Umwelt<\/a><\/p>\n<p>[\/vc_column_text][\/vc_column][vc_column width=&#8220;1\/3&#8243;][vc_single_image image=&#8220;31490&#8243; img_size=&#8220;full&#8220; onclick=&#8220;custom_link&#8220; img_link=&#8220;http:\/\/mouvement.oeko.lu\/oekofonds_Oeko.359-3.html&#8220; link=&#8220;http:\/\/www.oekosoph.lu&#8220;][vc_column_text]<\/p>\n<p style=\"text-align: center;\"><a href=\"http:\/\/www.oekosoph.lu\">Herzlich willkommen im Oekosoph, dem Bistro des Mouvement Ecologique!<\/a><\/p>\n<p>[\/vc_column_text][\/vc_column][\/vc_row][vc_row][vc_column width=&#8220;1\/3&#8243;][vc_single_image image=&#8220;31495&#8243; img_size=&#8220;full&#8220; onclick=&#8220;custom_link&#8220; img_link_target=&#8220;_blank&#8220; img_link=&#8220;&#8220; link=&#8220;https:\/\/www.oekotopten.lu&#8220;][vc_column_text]<\/p>\n<p style=\"text-align: center;\"><a href=\"http:\/\/www.oekotopten.lu\">Die besten Produkte mit Fokus auf Energieeffizienz, geringe Umweltbelastung und Qualit\u00e4t. <\/a><\/p>\n<p>[\/vc_column_text][\/vc_column][vc_column width=&#8220;1\/3&#8243;][vc_single_image image=&#8220;31504&#8243; img_size=&#8220;full&#8220; onclick=&#8220;custom_link&#8220; img_link=&#8220;http:\/\/www.klimabuendnis.lu\/&#8220; link=&#8220;https:\/\/www.klimabuendnis.lu\/&#8220;][vc_column_text]<\/p>\n<p style=\"text-align: center;\"><a href=\"http:\/\/www.klimabuendnis.lu\">Seit 30 Jahren setzen sich die Mitgliedskommunen des Klima-B\u00fcndnis mit ihren indigenen Partnern der Regenw\u00e4lder f\u00fcr das Weltklima ein.<\/a><\/p>\n<p>[\/vc_column_text][\/vc_column][vc_column width=&#8220;1\/3&#8243;][vc_single_image image=&#8220;31507&#8243; img_size=&#8220;full&#8220; onclick=&#8220;custom_link&#8220; img_link_target=&#8220;_blank&#8220; img_link=&#8220;&#8220; link=&#8220;http:\/\/www.solawi.lu&#8220;][vc_column_text]<\/p>\n<p style=\"text-align: center;\"><a href=\"http:\/\/www.solawi.lu\">In der solidarischen Landwirtschaft (Solawi) produziert der Bauer oder G\u00e4rtner f\u00fcr eine feste Gruppe von Konsumenten.<\/a><\/p>\n<p>[\/vc_column_text][\/vc_column][\/vc_row][vc_row][vc_column width=&#8220;1\/3&#8243;][vc_single_image image=&#8220;31510&#8243; img_size=&#8220;full&#8220; onclick=&#8220;custom_link&#8220; img_link=&#8220;http:\/\/veggie-table.lu&#8220; link=&#8220;http:\/\/www.veggietable.lu&#8220;][vc_column_text]<\/p>\n<p style=\"text-align: center;\"><a href=\"http:\/\/www.veggietable.lu\">\u201eGesond Iessen!\u201c dank der guten Rezepte von Topk\u00f6chin Lydie Philippy.<\/a><\/p>\n<p>[\/vc_column_text][\/vc_column][vc_column width=&#8220;1\/3&#8243;][vc_single_image image=&#8220;31466&#8243; img_size=&#8220;full&#8220; onclick=&#8220;custom_link&#8220; img_link=&#8220;http:\/\/grenghausnummer.lu&#8220; link=&#8220;http:\/\/www.greenevents.lu&#8220;][vc_column_text]<\/p>\n<p class=\"elementor-heading-title elementor-size-large\" style=\"text-align: center;\"><a href=\"http:\/\/www.greenevents.lu\">Ein Green Event ist eine Veranstaltung, die versucht, negative Auswirkungen auf Umwelt, Anwohner und Klima zu reduzieren.<\/a><\/p>\n<p>[\/vc_column_text][\/vc_column][vc_column width=&#8220;1\/3&#8243;][vc_single_image image=&#8220;35526&#8243; alignment=&#8220;center&#8220; onclick=&#8220;custom_link&#8220; link=&#8220;http:\/\/www.ecolabel.lu&#8220;][vc_column_text]<\/p>\n<p style=\"text-align: center;\"><a href=\"http:\/\/www.ecolabel.lu\">Das EcoLabel wird an luxemburgische Hotels, Campingpl\u00e4tze, Ferienwohnungen und Gruppenunterk\u00fcnfte vergeben, die sich durch eine \u00f6kologische Betriebsf\u00fchrung und respektvollen Umgang mit der Umwelt auszeichnen.<\/a><\/p>\n<p>[\/vc_column_text][\/vc_column][\/vc_row]<\/p>\n<\/div><\/section>","protected":false},"excerpt":{"rendered":"<p>[vc_row el_class=&#8220;rowLinks&#8220;][vc_column width=&#8220;1\/3&#8243;][vc_single_image image=&#8220;31479&#8243; img_size=&#8220;full&#8220; onclick=&#8220;custom_link&#8220; img_link_target=&#8220;_blank&#8220; img_link=&#8220;&#8220; link=&#8220;http:\/\/move.meco.lu\/&#8220;][vc_column_text] Jugendgrupp \u2013 Projeten \u2013 Aktivit\u00e9iten \u2013 \u00cbmweltbildung \u2013 Workshops \u2013 Stage [\/vc_column_text][\/vc_column][vc_column width=&#8220;1\/3&#8243;][vc_single_image image=&#8220;31474&#8243; img_size=&#8220;full&#8220; onclick=&#8220;custom_link&#8220; img_link_target=&#8220;_blank&#8220; img_link=&#8220;&#8220; link=&#8220;http:\/\/www.oekozenter.lu&#8220;][vc_column_text] Demokratie, Nohaltegkeet a W\u00ebssenschaft: d\u2019Iddi vum Oekozenter Pafendall&#8230; [\/vc_column_text][\/vc_column][vc_column width=&#8220;1\/3&#8243;][vc_single_image image=&#8220;31469&#8243; img_size=&#8220;full&#8220; onclick=&#8220;custom_link&#8220; img_link_target=&#8220;_blank&#8220; img_link=&#8220;&#8220; link=&#8220;http:\/\/www.naturelo.meco.lu&#8220;][vc_column_text] Fakten zum Verlust der Lebensr\u00e4ume, politische Stellungnahmen, Initiativen zum Mitmachen und [&hellip;]<\/p>\n","protected":false},"author":1,"featured_media":0,"parent":0,"menu_order":0,"comment_status":"closed","ping_status":"closed","template":"","meta":{"_acf_changed":false,"footnotes":""},"class_list":["post-1111","page","type-page","status-publish","hentry"],"acf":[],"yoast_head":"<!-- This site is optimized with the Yoast SEO plugin v27.2 - https:\/\/yoast.com\/product\/yoast-seo-wordpress\/ -->\n<title>Links - Mouvement \u00e9cologique<\/title>\n<meta name=\"robots\" content=\"index, follow, max-snippet:-1, max-image-preview:large, max-video-preview:-1\" \/>\n<link rel=\"canonical\" href=\"https:\/\/www.meco.lu\/de\/links\/\" \/>\n<meta property=\"og:locale\" content=\"de_DE\" \/>\n<meta property=\"og:type\" content=\"article\" \/>\n<meta property=\"og:title\" content=\"Links - Mouvement \u00e9cologique\" \/>\n<meta property=\"og:description\" content=\"[vc_row el_class=&#8220;rowLinks&#8220;][vc_column width=&#8220;1\/3&#8243;][vc_single_image image=&#8220;31479&#8243; img_size=&#8220;full&#8220; onclick=&#8220;custom_link&#8220; img_link_target=&#8220;_blank&#8220; img_link=&#8220;&#8220; link=&#8220;http:\/\/move.meco.lu\/&#8220;][vc_column_text] Jugendgrupp \u2013 Projeten \u2013 Aktivit\u00e9iten \u2013 \u00cbmweltbildung \u2013 Workshops \u2013 Stage [\/vc_column_text][\/vc_column][vc_column width=&#8220;1\/3&#8243;][vc_single_image image=&#8220;31474&#8243; img_size=&#8220;full&#8220; onclick=&#8220;custom_link&#8220; img_link_target=&#8220;_blank&#8220; img_link=&#8220;&#8220; link=&#8220;http:\/\/www.oekozenter.lu&#8220;][vc_column_text] Demokratie, Nohaltegkeet a W\u00ebssenschaft: d\u2019Iddi vum Oekozenter Pafendall&#8230; [\/vc_column_text][\/vc_column][vc_column width=&#8220;1\/3&#8243;][vc_single_image image=&#8220;31469&#8243; img_size=&#8220;full&#8220; onclick=&#8220;custom_link&#8220; img_link_target=&#8220;_blank&#8220; img_link=&#8220;&#8220; link=&#8220;http:\/\/www.naturelo.meco.lu&#8220;][vc_column_text] Fakten zum Verlust der Lebensr\u00e4ume, politische Stellungnahmen, Initiativen zum Mitmachen und [&hellip;]\" \/>\n<meta property=\"og:url\" content=\"https:\/\/www.meco.lu\/de\/links\/\" \/>\n<meta property=\"og:site_name\" content=\"Mouvement \u00e9cologique\" \/>\n<meta property=\"article:modified_time\" content=\"2026-03-20T10:09:11+00:00\" \/>\n<meta name=\"twitter:card\" content=\"summary_large_image\" \/>\n<meta name=\"twitter:label1\" content=\"Gesch\u00e4tzte Lesezeit\" \/>\n\t<meta name=\"twitter:data1\" content=\"2\u00a0Minuten\" \/>\n<script type=\"application\/ld+json\" class=\"yoast-schema-graph\">{\"@context\":\"https:\/\/schema.org\",\"@graph\":[{\"@type\":\"WebPage\",\"@id\":\"https:\/\/www.meco.lu\/de\/links\/\",\"url\":\"https:\/\/www.meco.lu\/de\/links\/\",\"name\":\"Links - Mouvement \u00e9cologique\",\"isPartOf\":{\"@id\":\"https:\/\/www.meco.lu\/de\/#website\"},\"datePublished\":\"2013-12-03T08:58:53+00:00\",\"dateModified\":\"2026-03-20T10:09:11+00:00\",\"breadcrumb\":{\"@id\":\"https:\/\/www.meco.lu\/de\/links\/#breadcrumb\"},\"inLanguage\":\"de\",\"potentialAction\":[{\"@type\":\"ReadAction\",\"target\":[\"https:\/\/www.meco.lu\/de\/links\/\"]}]},{\"@type\":\"BreadcrumbList\",\"@id\":\"https:\/\/www.meco.lu\/de\/links\/#breadcrumb\",\"itemListElement\":[{\"@type\":\"ListItem\",\"position\":1,\"name\":\"Home\",\"item\":\"https:\/\/www.meco.lu\/de\/\"},{\"@type\":\"ListItem\",\"position\":2,\"name\":\"Links\"}]},{\"@type\":\"WebSite\",\"@id\":\"https:\/\/www.meco.lu\/de\/#website\",\"url\":\"https:\/\/www.meco.lu\/de\/\",\"name\":\"Mouvement \u00e9cologique\",\"description\":\"\",\"potentialAction\":[{\"@type\":\"SearchAction\",\"target\":{\"@type\":\"EntryPoint\",\"urlTemplate\":\"https:\/\/www.meco.lu\/de\/?s={search_term_string}\"},\"query-input\":{\"@type\":\"PropertyValueSpecification\",\"valueRequired\":true,\"valueName\":\"search_term_string\"}}],\"inLanguage\":\"de\"}]}<\/script>\n<!-- \/ Yoast SEO plugin. -->","yoast_head_json":{"title":"Links - Mouvement \u00e9cologique","robots":{"index":"index","follow":"follow","max-snippet":"max-snippet:-1","max-image-preview":"max-image-preview:large","max-video-preview":"max-video-preview:-1"},"canonical":"https:\/\/www.meco.lu\/de\/links\/","og_locale":"de_DE","og_type":"article","og_title":"Links - Mouvement \u00e9cologique","og_description":"[vc_row el_class=&#8220;rowLinks&#8220;][vc_column width=&#8220;1\/3&#8243;][vc_single_image image=&#8220;31479&#8243; img_size=&#8220;full&#8220; onclick=&#8220;custom_link&#8220; img_link_target=&#8220;_blank&#8220; img_link=&#8220;&#8220; link=&#8220;http:\/\/move.meco.lu\/&#8220;][vc_column_text] Jugendgrupp \u2013 Projeten \u2013 Aktivit\u00e9iten \u2013 \u00cbmweltbildung \u2013 Workshops \u2013 Stage [\/vc_column_text][\/vc_column][vc_column width=&#8220;1\/3&#8243;][vc_single_image image=&#8220;31474&#8243; img_size=&#8220;full&#8220; onclick=&#8220;custom_link&#8220; img_link_target=&#8220;_blank&#8220; img_link=&#8220;&#8220; link=&#8220;http:\/\/www.oekozenter.lu&#8220;][vc_column_text] Demokratie, Nohaltegkeet a W\u00ebssenschaft: d\u2019Iddi vum Oekozenter Pafendall&#8230; [\/vc_column_text][\/vc_column][vc_column width=&#8220;1\/3&#8243;][vc_single_image image=&#8220;31469&#8243; img_size=&#8220;full&#8220; onclick=&#8220;custom_link&#8220; img_link_target=&#8220;_blank&#8220; img_link=&#8220;&#8220; link=&#8220;http:\/\/www.naturelo.meco.lu&#8220;][vc_column_text] Fakten zum Verlust der Lebensr\u00e4ume, politische Stellungnahmen, Initiativen zum Mitmachen und [&hellip;]","og_url":"https:\/\/www.meco.lu\/de\/links\/","og_site_name":"Mouvement \u00e9cologique","article_modified_time":"2026-03-20T10:09:11+00:00","twitter_card":"summary_large_image","twitter_misc":{"Gesch\u00e4tzte Lesezeit":"2\u00a0Minuten"},"schema":{"@context":"https:\/\/schema.org","@graph":[{"@type":"WebPage","@id":"https:\/\/www.meco.lu\/de\/links\/","url":"https:\/\/www.meco.lu\/de\/links\/","name":"Links - Mouvement \u00e9cologique","isPartOf":{"@id":"https:\/\/www.meco.lu\/de\/#website"},"datePublished":"2013-12-03T08:58:53+00:00","dateModified":"2026-03-20T10:09:11+00:00","breadcrumb":{"@id":"https:\/\/www.meco.lu\/de\/links\/#breadcrumb"},"inLanguage":"de","potentialAction":[{"@type":"ReadAction","target":["https:\/\/www.meco.lu\/de\/links\/"]}]},{"@type":"BreadcrumbList","@id":"https:\/\/www.meco.lu\/de\/links\/#breadcrumb","itemListElement":[{"@type":"ListItem","position":1,"name":"Home","item":"https:\/\/www.meco.lu\/de\/"},{"@type":"ListItem","position":2,"name":"Links"}]},{"@type":"WebSite","@id":"https:\/\/www.meco.lu\/de\/#website","url":"https:\/\/www.meco.lu\/de\/","name":"Mouvement \u00e9cologique","description":"","potentialAction":[{"@type":"SearchAction","target":{"@type":"EntryPoint","urlTemplate":"https:\/\/www.meco.lu\/de\/?s={search_term_string}"},"query-input":{"@type":"PropertyValueSpecification","valueRequired":true,"valueName":"search_term_string"}}],"inLanguage":"de"}]}},"_links":{"self":[{"href":"https:\/\/www.meco.lu\/de\/wp-json\/wp\/v2\/pages\/1111","targetHints":{"allow":["GET"]}}],"collection":[{"href":"https:\/\/www.meco.lu\/de\/wp-json\/wp\/v2\/pages"}],"about":[{"href":"https:\/\/www.meco.lu\/de\/wp-json\/wp\/v2\/types\/page"}],"author":[{"embeddable":true,"href":"https:\/\/www.meco.lu\/de\/wp-json\/wp\/v2\/users\/1"}],"replies":[{"embeddable":true,"href":"https:\/\/www.meco.lu\/de\/wp-json\/wp\/v2\/comments?post=1111"}],"version-history":[{"count":6,"href":"https:\/\/www.meco.lu\/de\/wp-json\/wp\/v2\/pages\/1111\/revisions"}],"predecessor-version":[{"id":54848,"href":"https:\/\/www.meco.lu\/de\/wp-json\/wp\/v2\/pages\/1111\/revisions\/54848"}],"wp:attachment":[{"href":"https:\/\/www.meco.lu\/de\/wp-json\/wp\/v2\/media?parent=1111"}],"curies":[{"name":"wp","href":"https:\/\/api.w.org\/{rel}","templated":true}]}}