{"id":10516,"date":"2014-10-09T13:26:12","date_gmt":"2014-10-09T11:26:12","guid":{"rendered":"http:\/\/www.meco.lu\/?page_id=10516"},"modified":"2024-05-21T13:46:36","modified_gmt":"2024-05-21T11:46:36","slug":"intro-stop-ttip","status":"publish","type":"page","link":"https:\/\/www.meco.lu\/de\/intro-stop-ttip\/","title":{"rendered":"Intro Stop TTIP"},"content":{"rendered":"<div class=\"pf-content\"><h2><a href=\"http:\/\/www.meco.lu\/wp-content\/uploads\/2014\/07\/STOP_TTIP_Logo_hp_feature.jpg\"><img loading=\"lazy\" decoding=\"async\" class=\"alignnone size-full wp-image-10125\" src=\"http:\/\/www.meco.lu\/wp-content\/uploads\/2014\/07\/STOP_TTIP_Logo_hp_feature.jpg\" alt=\"Stopp TTIP feature\" width=\"700\" height=\"365\" srcset=\"https:\/\/www.meco.lu\/wp-content\/uploads\/2014\/07\/STOP_TTIP_Logo_hp_feature.jpg 700w, https:\/\/www.meco.lu\/wp-content\/uploads\/2014\/07\/STOP_TTIP_Logo_hp_feature-300x156.jpg 300w, https:\/\/www.meco.lu\/wp-content\/uploads\/2014\/07\/STOP_TTIP_Logo_hp_feature-213x111.jpg 213w\" sizes=\"auto, (max-width: 700px) 100vw, 700px\" \/><\/a><\/h2>\n<h2><strong>Beteiligen Sie sich an einer europaweiten Petition gegen die Freihandelsabkommen EU-Kanada sowie EU-Amerika !<\/strong><\/h2>\n<p>Ein europaweites B\u00fcndnis von Umwelt- und Entwicklungsorganisationen, Verbrauchersch\u00fctzern, Landwirtschaftsverb\u00e4nden, sozialen Bewegungen, Gewerkschaften \u2013 bestehend aus \u00fcber 260 Organisationen aus 21 L\u00e4ndern \u2013 setzt sich gemeinsam gegen die geplanten Freihandelsabkommen ein.<\/p>\n<p>Es kann nicht sein, so die Hauptmotivation, dass demokratische Prozesse, Umwelt-, Sozial- und Verbraucherrechte f\u00fcr die Interessen von einigen wenigen multinationalen Firmen geopfert werden.<\/p>\n<p>In Luxemburg hat sich ein B\u00fcndnis von Organisationen zusammengetan, das die europ\u00e4ische Aktion unterst\u00fctzt.<\/p>\n<p>&nbsp;<\/p>\n<h3><strong>Beteiligen auch Sie sich! Unterschreiben Sie die Petition!\u00a0<\/strong><\/h3>\n<p>Ziel : mit mindestens einer Million Unterschriften diese Infragestellung unserer Werte und Standards zu verhindern !<\/p>\n<p>KLICKEN SIE AUF DAS LOGO um an der Petition teilzunehmen<\/p>\n<p>&nbsp;<\/p>\n<p><a href=\"http:\/\/www.meco.lu\/de\/stopttip\/\"><img loading=\"lazy\" decoding=\"async\" class=\"alignleft wp-image-10513\" src=\"http:\/\/www.meco.lu\/wp-content\/uploads\/2014\/10\/Stopp-TTIP-und-CETA_left_pannel.jpg\" alt=\"Stopp-TTIP-und-CETA_left_pannel\" width=\"200\" height=\"132\" srcset=\"https:\/\/www.meco.lu\/wp-content\/uploads\/2014\/10\/Stopp-TTIP-und-CETA_left_pannel.jpg 230w, https:\/\/www.meco.lu\/wp-content\/uploads\/2014\/10\/Stopp-TTIP-und-CETA_left_pannel-213x141.jpg 213w\" sizes=\"auto, (max-width: 200px) 100vw, 200px\" \/><\/a><\/p>\n<p>&nbsp;<\/p>\n<p>&nbsp;<\/p>\n<p>&nbsp;<\/p>\n<p>&nbsp;<\/p>\n<p>&nbsp;<\/p>\n<p>&nbsp;<\/p>\n<p>&nbsp;<\/p>\n<p><strong>Weitere Infos auf:\u00a0<a href=\"http:\/\/stop-ttip.org\/\">http:\/\/stop-ttip.org\/<\/a><\/strong><\/p>\n<p>&nbsp;<\/p>\n<p>Film der \u00dcberreichung der \u00fcber 3,2 Millionen Unterschriften gegen TTIP,\u00a0die innerhalb eines Jahres europaweit gesammelt wurden, am Mittwoch, dem 30. September in Br\u00fcssel.<\/p>\n<p><iframe loading=\"lazy\" title=\"Stop TTIP signature hand-over action in Brussels, 7 Oct 2015\" width=\"500\" height=\"281\" src=\"https:\/\/www.youtube.com\/embed\/Ew2oUcOsP7Y?feature=oembed\" frameborder=\"0\" allow=\"accelerometer; autoplay; clipboard-write; encrypted-media; gyroscope; picture-in-picture; web-share\" referrerpolicy=\"strict-origin-when-cross-origin\" allowfullscreen><\/iframe><\/p>\n<p>&nbsp;<\/p>\n<p>Auf dieser Internetseite werden in den kommenden Tagen und Wochen auch immer wieder aktuelle Infos zum Thema ver\u00f6ffentlicht.<\/p>\n<ul>\n<li><a href=\"http:\/\/www.meco.lu\/wp-content\/uploads\/2014\/10\/Mitgliederorganisationen-des-Luxemburger-B\u00fcndnisses-09_2016.pdf\">Mitgliederorganisationen des Luxemburger B\u00fcndnisses<\/a><\/li>\n<li><a href=\"http:\/\/www.meco.lu\/de\/blog\/documentcenter\/ceta-und-ttip-die-freihandelsluege-erfolgreicher-besuch-vom-thilo-bode-in-luxemburg\/\" target=\"_blank\" rel=\"noopener\">29.10.2015\u00a0\u201cCETA und TTIP \u2013 Die Freihandelsl\u00fcge\u201d: Erfolgreicher Besuch von Thilo Bode in Luxemburg<\/a><\/li>\n<li><a href=\"http:\/\/www.meco.lu\/de\/blog\/documentcenter\/manif-stop-ttip\/\" target=\"_blank\" rel=\"noopener\">10.10.2015\u00a02000 B\u00fcrgerInnen gehen auch in Luxemburg gegen CETA und TTIP auf die Stra\u00dfe!<\/a><\/li>\n<li><a href=\"http:\/\/www.meco.lu\/de\/blog\/documentcenter\/problematisches-votum-im-dossier-freihandelsabkommen-europa-amerika-im-europaparlament-das-abstimmungsverhalten-der-luxemburger-parlamentarier-und-eine-kurze-anaylse\/\" target=\"_blank\" rel=\"noopener\">09.07.2015\u00a0Problematisches Votum im Dossier Freihandelsabkommen Europa \/ Amerika im Europaparlament \u2013 das Abstimmungsverhalten der Luxemburger Parlamentarier und eine kurze Anaylse<\/a><\/li>\n<li><a href=\"http:\/\/www.meco.lu\/de\/blog\/documentcenter\/luxemburger-eu-parlamentarier-muessen-im-interesse-der-allgemeinheit-farbe-bekennen\/\" target=\"_blank\" rel=\"noopener\">06.07.2015\u00a0Luxemburger EU-Parlamentarier m\u00fcssen im Interesse der Allgemeinheit Farbe bekennen!<\/a><\/li>\n<li><a href=\"http:\/\/www.meco.lu\/de\/blog\/documentcenter\/opruff-interessi-u-mataarbecht-am-dossier-ttip\/\" target=\"_blank\" rel=\"noopener\">06.07.2015\u00a0Opruff \u2013 Interessi u Mataarbecht am Dossier TTIP ?<\/a><\/li>\n<li><a href=\"http:\/\/www.meco.lu\/de\/blog\/documentcenter\/stop-ttip-flashmob-bei-industriellen-veranstaltung-in-bruessel\/\" target=\"_blank\" rel=\"noopener\">03.07.2015\u00a0STOP TTIP: Flashmob bei Industriellen-Veranstaltung in Br\u00fcssel<\/a><\/li>\n<li><a href=\"http:\/\/www.meco.lu\/de\/blog\/documentcenter\/ttip-verschiebung-im-eu-parlament-luxemburgs-eu-parlamentarier-mussen-jetzt-farbe-bekennen\/\" target=\"_blank\" rel=\"noopener\">15.06.2015\u00a0TTIP-Verschiebung im EU-Parlament: Luxemburgs EU-Parlamentarier m\u00fcssen jetzt Farbe bekennen!<\/a><\/li>\n<li><a href=\"http:\/\/www.meco.lu\/de\/blog\/documentcenter\/2-000-000-unterschriften-gegen-ttip-und-ceta-sind-erreicht\/\" target=\"_blank\" rel=\"noopener\">08.06.2015\u00a02.000.000 Unterschriften gegen TTIP und CETA sind erreicht!<\/a><\/li>\n<li><a href=\"http:\/\/www.meco.lu\/de\/blog\/documentcenter\/aufruf-an-die-luxemburger-eu-parlamentarier-farbe-bekennen-fur-die-wahrung-von-demokratie-und-hohen-umwelt-verbraucherschutz-und-sozialstandards\/\" target=\"_blank\" rel=\"noopener\">04.06.2015\u00a0Aufruf an die Luxemburger EU-Parlamentarier : Farbe bekennen f\u00fcr die Wahrung von Demokratie und hohen Umwelt-, Verbraucherschutz- und Sozialstandards !<\/a><\/li>\n<li><a href=\"http:\/\/www.meco.lu\/de\/blog\/documentcenter\/wichtiger-moment-in-sachen-freihandelsabkommen-usa-eu-ttip-2-millionen-unterschriften-sollen-erreicht-werden\/\" target=\"_blank\" rel=\"noopener\">26.05.2015 Wichtiger Moment in Sachen Freihandelsabkommen USA \u2013 EU (TTIP): 2 Millionen Unterschriften sollen erreicht werden!<\/a><\/li>\n<li><a href=\"http:\/\/www.meco.lu\/de\/blog\/documentcenter\/ein-klares-nein-zu-isds-ttip-ceta-und-tisa\/\" target=\"_blank\" rel=\"noopener\">28.04.2015 Ein klares NEIN zu ISDS, TTIP, CETA und TiSA !<\/a><\/li>\n<li><a title=\"Offener Brief an die Europaparlamentarier zum Thema Freihandelsabkommen\" href=\"http:\/\/www.meco.lu\/de\/blog\/documentcenter\/offener-brief-an-die-europaparlamentarier-zum-thema-freihandelsabkommen\/\" target=\"_blank\" rel=\"noopener\">01.03.2015 Offener Brief an die Europaparlamentarier zum Thema Freihandelsabkommen<\/a><\/li>\n<li><a href=\"http:\/\/www.meco.lu\/de\/blog\/documentcenter\/ttip-1-500-000-ennerschreften\/\">23.02.2015 1.500.000 Unterschriften gegen TTIP<\/a><\/li>\n<li><a title=\"Das Engagement gegen TTIP geht weiter!\" href=\"http:\/\/www.meco.lu\/de\/blog\/documentcenter\/das-engagement-gegen-ttip-geht-weiter\/\" target=\"_blank\" rel=\"noopener\">01.02.2015 Unterredung mit EU-Handelskommissarin Malmstr\u00f6m &#8211; Protestaktion in Br\u00fcssel<\/a><\/li>\n<li><a title=\"Mehr als 1 Million Unterschriften europaweit gegen Freihandelsabkommen!  Notwendiges Quorum auch in Luxemburg erreicht!\" href=\"http:\/\/www.meco.lu\/de\/blog\/documentcenter\/mehr-als-1-million-unterschriften-europaweit-gegen-freihandelsabkommen-notwendiges-quorum-auch-in-luxemburg-erreicht\/\" target=\"_blank\" rel=\"noopener\">08.12.2014 Mehr als 1.000.000 Unterschriften gegen TTIP<\/a><\/li>\n<li><a href=\"http:\/\/www.meco.lu\/de\/blog\/documentcenter\/10638\/\" target=\"_blank\" rel=\"noopener\">10.11.2014 Erfolgreiche Protestaktion in Luxemburg gegen Freihandelsabkommen!<\/a><\/li>\n<li><a title=\"Bereits 750.000 gegen TTIP!\" href=\"http:\/\/www.meco.lu\/de\/blog\/documentcenter\/bereits-750-000-gegen-ttip\/\" target=\"_blank\" rel=\"noopener\">31.10.2014 Bereits 750.000 Unterschriften gegen TTIP<\/a><\/li>\n<li><a href=\"http:\/\/www.meco.lu\/wp-content\/uploads\/2014\/10\/22.09.2014_Lettre-MAEE-Jean-Asselborn-du-22914-PTCITTIP.pdf\" target=\"_blank\" rel=\"noopener\">22.09.2014 Antwort Jean Asselborn auf den Brief vom 22.9.2014 PTCITTIP<\/a><\/li>\n<li><a href=\"http:\/\/www.meco.lu\/de\/documentcenter\/europaische-kommission-will-burgereinfluss-bei-freihandelsabkommen-amerika-eu-und-ceta-ausschalten\/\" target=\"_blank\" rel=\"noopener\">12.09.2014 \u00a0Europ\u00e4ische Kommission will B\u00fcrgereinfluss bei Freihandelsabkommen Amerika \/ EU und CETA ausschalten<\/a><\/li>\n<li><a href=\"http:\/\/www.meco.lu\/wp-content\/uploads\/2014\/10\/9.09.2014_CP-Plateforme-CETA.pdf\" target=\"_blank\" rel=\"noopener\">09.09.2014 Communiqu\u00e9 de presse de la plateforme CETA<\/a><\/li>\n<li><a href=\"http:\/\/www.meco.lu\/wp-content\/uploads\/2014\/10\/9.09.2014_Lettre-J.Asselborn-CETA.pdf\" target=\"_blank\" rel=\"noopener\">09.09.2014 Lettre \u00e0 J. Asselborn par la plateforme CETA<\/a><\/li>\n<li><a href=\"http:\/\/www.meco.lu\/de\/documentcenter\/luxemburger-zivilgesellschaft-beteiligt-sich-an-europaischer-burgerinitiative-gegen-das-freihandelsabkommen\/\" target=\"_blank\" rel=\"noopener\">14.07.2014 \u00a0Luxemburger Zivilgesellschaft beteiligt sich an europ\u00e4ischer B\u00fcrgerinitiative gegen das Freihandelsabkommen<\/a><\/li>\n<li><a href=\"http:\/\/www.meco.lu\/de\/documentcenter\/unterredung-der-plattform-gegen-das-freihandelsabkommen-amerika-eu-mit-8-regierungsmitgliedern\/\" target=\"_blank\" rel=\"noopener\">10.07.2014 Unterredung der Plattform gegen das Freihandelsabkommen Amerika \u2013 EU mit 8 Regierungsmitgliedern<\/a><\/li>\n<li><a href=\"http:\/\/www.meco.lu\/wp-content\/uploads\/2014\/10\/3.07.2014_CP-Plateforme-TTIP-Entrevue-gouvernement.pdf\" target=\"_blank\" rel=\"noopener\">03.07.2014 Comuniqu\u00e9 de presse de CETA concernant TTIP-Entrevue gouvernement<\/a><\/li>\n<li><a href=\"http:\/\/www.meco.lu\/wp-content\/uploads\/2014\/10\/18.06.2014_-MAE_deGucht_m\u00e9canisme-RDIEISDS.pdf\" target=\"_blank\" rel=\"noopener\">18.06.2014 Lettre MAE au Commissaire europe\u0301en au Commerce deGucht_m\u00e9canisme RDIE:ISDS<\/a><\/li>\n<li><a href=\"http:\/\/www.meco.lu\/wp-content\/uploads\/2014\/10\/21.05.2014_R\u00e9ponse-DP-n_-lettre-du-7_5_14.pdf\" target=\"_blank\" rel=\"noopener\">21.05.2014 R\u00e9ponse DP sur la lettre du 7.05.2014<\/a><\/li>\n<li><a href=\"http:\/\/www.meco.lu\/de\/documentcenter\/wie-positionieren-sich-die-luxemburgischen-parteien-zu-ttip-2\/\" target=\"_blank\" rel=\"noopener\">21.05.2014 Wie positionieren sich die luxemburgischen Parteien zu TTIP?<\/a><\/li>\n<li><a href=\"http:\/\/www.meco.lu\/wp-content\/uploads\/2014\/10\/20.5.2014_Dei-Lenk_Question-parlementaire.pdf\" target=\"_blank\" rel=\"noopener\">20.05.2014 D\u00e9i L\u00e9nk Question parlementaire<\/a><\/li>\n<li><a href=\"http:\/\/www.meco.lu\/de\/documentcenter\/stopp-der-verhandlungen-uber-ein-freihandelsabkommen-zwischen-eu-und-usa-gefordert\/\" target=\"_blank\" rel=\"noopener\">07.05.2014 Stopp der Verhandlungen \u00fcber ein Freihandelsabkommen zwischen EU und USA gefordert<\/a><\/li>\n<li><a href=\"http:\/\/www.meco.lu\/wp-content\/uploads\/2014\/10\/6.05.2014_LSAP_CP.pdf\" target=\"_blank\" rel=\"noopener\">06.05.2014 Communiqu\u00e9 de presse LSAP<\/a><\/li>\n<li><a href=\"http:\/\/www.meco.lu\/wp-content\/uploads\/2014\/10\/31.03.2014_Rapport-Etude-OFSE-sur-les-pr\u00e9tendus-avantages-TTIP_fr.pdf\" target=\"_blank\" rel=\"noopener\">31.03.2014 Rapport Etude OFSE sur les pr\u00e9tendus avantages TTIP<\/a><\/li>\n<\/ul>\n<\/div>","protected":false},"excerpt":{"rendered":"<p>Beteiligen Sie sich an einer europaweiten Petition gegen die Freihandelsabkommen EU-Kanada sowie EU-Amerika ! Ein europaweites B\u00fcndnis von Umwelt- und Entwicklungsorganisationen, Verbrauchersch\u00fctzern, Landwirtschaftsverb\u00e4nden, sozialen Bewegungen, Gewerkschaften \u2013 bestehend aus \u00fcber 260 Organisationen aus 21 L\u00e4ndern \u2013 setzt sich gemeinsam gegen die geplanten Freihandelsabkommen ein. Es kann nicht sein, so die Hauptmotivation, dass demokratische Prozesse, Umwelt-, [&hellip;]<\/p>\n","protected":false},"author":1,"featured_media":10125,"parent":0,"menu_order":48,"comment_status":"closed","ping_status":"closed","template":"","meta":{"_acf_changed":false,"footnotes":""},"class_list":["post-10516","page","type-page","status-publish","has-post-thumbnail","hentry"],"acf":[],"yoast_head":"<!-- This site is optimized with the Yoast SEO plugin v27.2 - https:\/\/yoast.com\/product\/yoast-seo-wordpress\/ -->\n<title>Intro Stop TTIP - Mouvement \u00e9cologique<\/title>\n<meta name=\"robots\" content=\"index, follow, max-snippet:-1, max-image-preview:large, max-video-preview:-1\" \/>\n<link rel=\"canonical\" href=\"https:\/\/www.meco.lu\/de\/intro-stop-ttip\/\" \/>\n<meta property=\"og:locale\" content=\"de_DE\" \/>\n<meta property=\"og:type\" content=\"article\" \/>\n<meta property=\"og:title\" content=\"Intro Stop TTIP - Mouvement \u00e9cologique\" \/>\n<meta property=\"og:description\" content=\"Beteiligen Sie sich an einer europaweiten Petition gegen die Freihandelsabkommen EU-Kanada sowie EU-Amerika ! Ein europaweites B\u00fcndnis von Umwelt- und Entwicklungsorganisationen, Verbrauchersch\u00fctzern, Landwirtschaftsverb\u00e4nden, sozialen Bewegungen, Gewerkschaften \u2013 bestehend aus \u00fcber 260 Organisationen aus 21 L\u00e4ndern \u2013 setzt sich gemeinsam gegen die geplanten Freihandelsabkommen ein. Es kann nicht sein, so die Hauptmotivation, dass demokratische Prozesse, Umwelt-, [&hellip;]\" \/>\n<meta property=\"og:url\" content=\"https:\/\/www.meco.lu\/de\/intro-stop-ttip\/\" \/>\n<meta property=\"og:site_name\" content=\"Mouvement \u00e9cologique\" \/>\n<meta property=\"article:modified_time\" content=\"2024-05-21T11:46:36+00:00\" \/>\n<meta property=\"og:image\" content=\"http:\/\/www.meco.lu\/wp-content\/uploads\/2014\/07\/STOP_TTIP_Logo_hp_feature.jpg\" \/>\n\t<meta property=\"og:image:width\" content=\"700\" \/>\n\t<meta property=\"og:image:height\" content=\"365\" \/>\n\t<meta property=\"og:image:type\" content=\"image\/jpeg\" \/>\n<meta name=\"twitter:card\" content=\"summary_large_image\" \/>\n<meta name=\"twitter:label1\" content=\"Gesch\u00e4tzte Lesezeit\" \/>\n\t<meta name=\"twitter:data1\" content=\"2\u00a0Minuten\" \/>\n<script type=\"application\/ld+json\" class=\"yoast-schema-graph\">{\"@context\":\"https:\/\/schema.org\",\"@graph\":[{\"@type\":\"WebPage\",\"@id\":\"https:\/\/www.meco.lu\/de\/intro-stop-ttip\/\",\"url\":\"https:\/\/www.meco.lu\/de\/intro-stop-ttip\/\",\"name\":\"Intro Stop TTIP - Mouvement \u00e9cologique\",\"isPartOf\":{\"@id\":\"https:\/\/www.meco.lu\/de\/#website\"},\"primaryImageOfPage\":{\"@id\":\"https:\/\/www.meco.lu\/de\/intro-stop-ttip\/#primaryimage\"},\"image\":{\"@id\":\"https:\/\/www.meco.lu\/de\/intro-stop-ttip\/#primaryimage\"},\"thumbnailUrl\":\"https:\/\/www.meco.lu\/wp-content\/uploads\/2014\/07\/STOP_TTIP_Logo_hp_feature.jpg\",\"datePublished\":\"2014-10-09T11:26:12+00:00\",\"dateModified\":\"2024-05-21T11:46:36+00:00\",\"breadcrumb\":{\"@id\":\"https:\/\/www.meco.lu\/de\/intro-stop-ttip\/#breadcrumb\"},\"inLanguage\":\"de\",\"potentialAction\":[{\"@type\":\"ReadAction\",\"target\":[\"https:\/\/www.meco.lu\/de\/intro-stop-ttip\/\"]}]},{\"@type\":\"ImageObject\",\"inLanguage\":\"de\",\"@id\":\"https:\/\/www.meco.lu\/de\/intro-stop-ttip\/#primaryimage\",\"url\":\"https:\/\/www.meco.lu\/wp-content\/uploads\/2014\/07\/STOP_TTIP_Logo_hp_feature.jpg\",\"contentUrl\":\"https:\/\/www.meco.lu\/wp-content\/uploads\/2014\/07\/STOP_TTIP_Logo_hp_feature.jpg\",\"width\":700,\"height\":365},{\"@type\":\"BreadcrumbList\",\"@id\":\"https:\/\/www.meco.lu\/de\/intro-stop-ttip\/#breadcrumb\",\"itemListElement\":[{\"@type\":\"ListItem\",\"position\":1,\"name\":\"Home\",\"item\":\"https:\/\/www.meco.lu\/de\/\"},{\"@type\":\"ListItem\",\"position\":2,\"name\":\"Intro Stop TTIP\"}]},{\"@type\":\"WebSite\",\"@id\":\"https:\/\/www.meco.lu\/de\/#website\",\"url\":\"https:\/\/www.meco.lu\/de\/\",\"name\":\"Mouvement \u00e9cologique\",\"description\":\"\",\"potentialAction\":[{\"@type\":\"SearchAction\",\"target\":{\"@type\":\"EntryPoint\",\"urlTemplate\":\"https:\/\/www.meco.lu\/de\/?s={search_term_string}\"},\"query-input\":{\"@type\":\"PropertyValueSpecification\",\"valueRequired\":true,\"valueName\":\"search_term_string\"}}],\"inLanguage\":\"de\"}]}<\/script>\n<!-- \/ Yoast SEO plugin. -->","yoast_head_json":{"title":"Intro Stop TTIP - Mouvement \u00e9cologique","robots":{"index":"index","follow":"follow","max-snippet":"max-snippet:-1","max-image-preview":"max-image-preview:large","max-video-preview":"max-video-preview:-1"},"canonical":"https:\/\/www.meco.lu\/de\/intro-stop-ttip\/","og_locale":"de_DE","og_type":"article","og_title":"Intro Stop TTIP - Mouvement \u00e9cologique","og_description":"Beteiligen Sie sich an einer europaweiten Petition gegen die Freihandelsabkommen EU-Kanada sowie EU-Amerika ! Ein europaweites B\u00fcndnis von Umwelt- und Entwicklungsorganisationen, Verbrauchersch\u00fctzern, Landwirtschaftsverb\u00e4nden, sozialen Bewegungen, Gewerkschaften \u2013 bestehend aus \u00fcber 260 Organisationen aus 21 L\u00e4ndern \u2013 setzt sich gemeinsam gegen die geplanten Freihandelsabkommen ein. Es kann nicht sein, so die Hauptmotivation, dass demokratische Prozesse, Umwelt-, [&hellip;]","og_url":"https:\/\/www.meco.lu\/de\/intro-stop-ttip\/","og_site_name":"Mouvement \u00e9cologique","article_modified_time":"2024-05-21T11:46:36+00:00","og_image":[{"width":700,"height":365,"url":"http:\/\/www.meco.lu\/wp-content\/uploads\/2014\/07\/STOP_TTIP_Logo_hp_feature.jpg","type":"image\/jpeg"}],"twitter_card":"summary_large_image","twitter_misc":{"Gesch\u00e4tzte Lesezeit":"2\u00a0Minuten"},"schema":{"@context":"https:\/\/schema.org","@graph":[{"@type":"WebPage","@id":"https:\/\/www.meco.lu\/de\/intro-stop-ttip\/","url":"https:\/\/www.meco.lu\/de\/intro-stop-ttip\/","name":"Intro Stop TTIP - Mouvement \u00e9cologique","isPartOf":{"@id":"https:\/\/www.meco.lu\/de\/#website"},"primaryImageOfPage":{"@id":"https:\/\/www.meco.lu\/de\/intro-stop-ttip\/#primaryimage"},"image":{"@id":"https:\/\/www.meco.lu\/de\/intro-stop-ttip\/#primaryimage"},"thumbnailUrl":"https:\/\/www.meco.lu\/wp-content\/uploads\/2014\/07\/STOP_TTIP_Logo_hp_feature.jpg","datePublished":"2014-10-09T11:26:12+00:00","dateModified":"2024-05-21T11:46:36+00:00","breadcrumb":{"@id":"https:\/\/www.meco.lu\/de\/intro-stop-ttip\/#breadcrumb"},"inLanguage":"de","potentialAction":[{"@type":"ReadAction","target":["https:\/\/www.meco.lu\/de\/intro-stop-ttip\/"]}]},{"@type":"ImageObject","inLanguage":"de","@id":"https:\/\/www.meco.lu\/de\/intro-stop-ttip\/#primaryimage","url":"https:\/\/www.meco.lu\/wp-content\/uploads\/2014\/07\/STOP_TTIP_Logo_hp_feature.jpg","contentUrl":"https:\/\/www.meco.lu\/wp-content\/uploads\/2014\/07\/STOP_TTIP_Logo_hp_feature.jpg","width":700,"height":365},{"@type":"BreadcrumbList","@id":"https:\/\/www.meco.lu\/de\/intro-stop-ttip\/#breadcrumb","itemListElement":[{"@type":"ListItem","position":1,"name":"Home","item":"https:\/\/www.meco.lu\/de\/"},{"@type":"ListItem","position":2,"name":"Intro Stop TTIP"}]},{"@type":"WebSite","@id":"https:\/\/www.meco.lu\/de\/#website","url":"https:\/\/www.meco.lu\/de\/","name":"Mouvement \u00e9cologique","description":"","potentialAction":[{"@type":"SearchAction","target":{"@type":"EntryPoint","urlTemplate":"https:\/\/www.meco.lu\/de\/?s={search_term_string}"},"query-input":{"@type":"PropertyValueSpecification","valueRequired":true,"valueName":"search_term_string"}}],"inLanguage":"de"}]}},"_links":{"self":[{"href":"https:\/\/www.meco.lu\/de\/wp-json\/wp\/v2\/pages\/10516","targetHints":{"allow":["GET"]}}],"collection":[{"href":"https:\/\/www.meco.lu\/de\/wp-json\/wp\/v2\/pages"}],"about":[{"href":"https:\/\/www.meco.lu\/de\/wp-json\/wp\/v2\/types\/page"}],"author":[{"embeddable":true,"href":"https:\/\/www.meco.lu\/de\/wp-json\/wp\/v2\/users\/1"}],"replies":[{"embeddable":true,"href":"https:\/\/www.meco.lu\/de\/wp-json\/wp\/v2\/comments?post=10516"}],"version-history":[{"count":5,"href":"https:\/\/www.meco.lu\/de\/wp-json\/wp\/v2\/pages\/10516\/revisions"}],"predecessor-version":[{"id":20811,"href":"https:\/\/www.meco.lu\/de\/wp-json\/wp\/v2\/pages\/10516\/revisions\/20811"}],"wp:featuredmedia":[{"embeddable":true,"href":"https:\/\/www.meco.lu\/de\/wp-json\/wp\/v2\/media\/10125"}],"wp:attachment":[{"href":"https:\/\/www.meco.lu\/de\/wp-json\/wp\/v2\/media?parent=10516"}],"curies":[{"name":"wp","href":"https:\/\/api.w.org\/{rel}","templated":true}]}}